{"id":1034483,"date":"2025-08-04T12:27:34","date_gmt":"2025-08-04T10:27:34","guid":{"rendered":"https:\/\/www.lourdes-france.org\/?page_id=1034483"},"modified":"2025-09-09T09:15:58","modified_gmt":"2025-09-09T07:15:58","slug":"patrimonio-lasciare-in-eredita","status":"publish","type":"page","link":"https:\/\/www.lourdes-france.org\/it\/trasmettere\/patrimonio-lasciare-in-eredita\/","title":{"rendered":"L\u00e9guer, donner, transmettre : un acte de foi en faveur du Sanctuaire de Lourdes"},"content":{"rendered":"\t\t<div data-elementor-type=\"wp-page\" data-elementor-id=\"1034483\" class=\"elementor elementor-1034483 elementor-1028440\" data-elementor-post-type=\"page\">\n\t\t\t\t\t\t<section class=\"elementor-section elementor-top-section elementor-element elementor-element-702c0eb elementor-section-full_width elementor-section-stretched elementor-section-height-default elementor-section-height-default\" data-id=\"702c0eb\" data-element_type=\"section\" data-settings=\"{&quot;stretch_section&quot;:&quot;section-stretched&quot;,&quot;background_background&quot;:&quot;classic&quot;}\">\n\t\t\t\t\t\t<div class=\"elementor-container elementor-column-gap-default\">\n\t\t\t\t\t<div class=\"elementor-column elementor-col-100 elementor-top-column elementor-element elementor-element-f874315\" data-id=\"f874315\" data-element_type=\"column\">\n\t\t\t<div class=\"elementor-widget-wrap elementor-element-populated\">\n\t\t\t\t\t\t<div class=\"elementor-element elementor-element-b0dad01 elementor-widget elementor-widget-spacer\" data-id=\"b0dad01\" data-element_type=\"widget\" data-widget_type=\"spacer.default\">\n\t\t\t\t<div class=\"elementor-widget-container\">\n\t\t\t\t\t\t\t<div class=\"elementor-spacer\">\n\t\t\t<div class=\"elementor-spacer-inner\"><\/div>\n\t\t<\/div>\n\t\t\t\t\t\t<\/div>\n\t\t\t\t<\/div>\n\t\t\t\t\t<\/div>\n\t\t<\/div>\n\t\t\t\t\t<\/div>\n\t\t<\/section>\n\t\t\t\t<section class=\"elementor-section elementor-top-section elementor-element elementor-element-0679aed elementor-section-full_width elementor-section-height-default elementor-section-height-default\" data-id=\"0679aed\" data-element_type=\"section\" data-settings=\"{&quot;background_background&quot;:&quot;classic&quot;}\">\n\t\t\t\t\t\t<div class=\"elementor-container elementor-column-gap-default\">\n\t\t\t\t\t<div class=\"elementor-column elementor-col-100 elementor-top-column elementor-element elementor-element-6571606\" data-id=\"6571606\" data-element_type=\"column\">\n\t\t\t<div class=\"elementor-widget-wrap elementor-element-populated\">\n\t\t\t\t\t\t<div class=\"elementor-element elementor-element-3049a0e elementor-widget elementor-widget-spacer\" data-id=\"3049a0e\" data-element_type=\"widget\" data-widget_type=\"spacer.default\">\n\t\t\t\t<div class=\"elementor-widget-container\">\n\t\t\t\t\t\t\t<div class=\"elementor-spacer\">\n\t\t\t<div class=\"elementor-spacer-inner\"><\/div>\n\t\t<\/div>\n\t\t\t\t\t\t<\/div>\n\t\t\t\t<\/div>\n\t\t\t\t<div class=\"elementor-element elementor-element-c072c6b elementor-widget elementor-widget-heading\" data-id=\"c072c6b\" data-element_type=\"widget\" data-widget_type=\"heading.default\">\n\t\t\t\t<div class=\"elementor-widget-container\">\n\t\t\t\t\t<h2 class=\"elementor-heading-title elementor-size-default\">Donare, trasmettere, lasciare in eredit\u00e0, :\nun atto di fede a favore del Santuario di Lourdes<\/h2>\t\t\t\t<\/div>\n\t\t\t\t<\/div>\n\t\t\t\t<div class=\"elementor-element elementor-element-04e55e8 elementor-widget elementor-widget-heading\" data-id=\"04e55e8\" data-element_type=\"widget\" data-widget_type=\"heading.default\">\n\t\t\t\t<div class=\"elementor-widget-container\">\n\t\t\t\t\t<h2 class=\"elementor-heading-title elementor-size-default\">_________________<\/h2>\t\t\t\t<\/div>\n\t\t\t\t<\/div>\n\t\t\t\t<div class=\"elementor-element elementor-element-5b51527 elementor-widget elementor-widget-text-editor\" data-id=\"5b51527\" data-element_type=\"widget\" data-widget_type=\"text-editor.default\">\n\t\t\t\t<div class=\"elementor-widget-container\">\n\t\t\t\t\t\t\t\t\t<p>Dall&#8217;apparizione della Vergine Maria a Bernadette nel 1858, Lourdes \u00e8 un luogo di preghiera, guarigione, speranza e consolazione per milioni di pellegrini. Ogni anno, persone malate, fragili e in cerca di senso vengono qui a raccogliersi grazie alle migliaia di ospitalieri che a Lourdes si dedicano senza riserve.<\/p><p><strong>Il Santuario vive solo grazie alla generosit\u00e0 dei fedeli: non riceve alcuna sovvenzione dallo Stato, dalla Chiesa in Francia, n\u00e9 dal Vaticano.<\/strong><\/p><p>Il <a href=\"https:\/\/www.lourdes-france.com\/it\/\">Santuario di Nostra Signora di Lourdes<\/a> \u00e8 un tesoro spirituale per la Chiesa universale. Affidando tutti o parte dei vostri beni al Santuario di Lourdes, prolungate il vostro impegno di credenti e contribuite a diffondere il <a href=\"https:\/\/www.lourdes-france.com\/it\/il-messaggio-di-lourdes\/\">messaggio di Maria a Bernadette<\/a> per le generazioni future.<\/p><p>Le attivit\u00e0 religiose e pastorali del Santuario di Lourdes sono sostenute dall&#8217;Associazione Diocesana di Tarbes e Lourdes.<\/p><h2><b>Cosa posso lasciare?<\/b><\/h2><p>\u00c8 possibile lasciare in eredit\u00e0 o donare:<br \/>\u2022 <b>Beni immobili<\/b>: appartamenti, case, terreni, ecc.<br \/>\u2022 <b>Beni personali<\/b>: denaro, conto corrente, portafoglio titoli, gioielli, opere d&#8217;arte, diritti d&#8217;autore, ecc.<br \/>\u2022 Una polizza assicurativa sulla vita, indicando il Santuario come beneficiario.<\/p><h2><b>Perch\u00e9 fare una donazione in vita?<\/b><\/h2><p>Una donazione \u00e8 un atto volontario che consente di trasferire immediatamente un bene. \u00c8 un modo semplice per vedere i frutti della propria generosit\u00e0 maturare in vita.<\/p><h2><strong>Fare un lascito al Santuario di Lourdes<\/strong><\/h2><p>Un lascito vi permette di stabilire in un testamento a chi andranno i vostri beni dopo la vostra morte.<\/p>\t\t\t\t\t\t\t\t<\/div>\n\t\t\t\t<\/div>\n\t\t\t\t<div class=\"elementor-element elementor-element-e80088b elementor-widget elementor-widget-text-editor\" data-id=\"e80088b\" data-element_type=\"widget\" data-widget_type=\"text-editor.default\">\n\t\t\t\t<div class=\"elementor-widget-container\">\n\t\t\t\t\t\t\t\t\t<h2><b>Supporto riservato<\/b><\/h2><p>Il nostro Ufficio Relazioni con i Donatori \u00e8 a disposizione per rispondere alle vostre domande, assistervi nei vostri sforzi e aiutarvi a discernere in pace e fede.<\/p><p>Telefono: <a href=\"tel:+33 5 62 42 82 82\">+33 5 62 42 82 82<\/a><\/p><p>e-mail: <a href=\"mailto:donateur@lourdes-france.com\" target=\"_blank\" rel=\"noopener\">donateur@lourdes-france.com<\/a><\/p>\t\t\t\t\t\t\t\t<\/div>\n\t\t\t\t<\/div>\n\t\t\t\t<div class=\"elementor-element elementor-element-e597cdb elementor-widget elementor-widget-link-in-bio\" data-id=\"e597cdb\" data-element_type=\"widget\" data-widget_type=\"link-in-bio.default\">\n\t\t\t\t<div class=\"elementor-widget-container\">\n\t\t\t\t\t\t\t<div class=\"e-link-in-bio e-link-in-bio\">\n\t\t\t<div class=\"e-link-in-bio__content\">\n\n\t\t\t\t\t\t<div class=\"e-link-in-bio__identity\">\n\t\t\t\t\t\t\t\t\t<div class=\"e-link-in-bio__identity-image e-link-in-bio__identity-image-profile has-border has-style-circle\">\n\t\t\t\t\t\t\t<img fetchpriority=\"high\" decoding=\"async\" width=\"300\" height=\"261\" src=\"https:\/\/www.lourdes-france.org\/wp-content\/uploads\/2025\/08\/corinne_gimenez-1-1-300x261.png\" class=\"e-link-in-bio__identity-image-element\" alt=\"\" srcset=\"https:\/\/www.lourdes-france.org\/wp-content\/uploads\/2025\/08\/corinne_gimenez-1-1-300x261.png 300w, https:\/\/www.lourdes-france.org\/wp-content\/uploads\/2025\/08\/corinne_gimenez-1-1-1024x889.png 1024w, https:\/\/www.lourdes-france.org\/wp-content\/uploads\/2025\/08\/corinne_gimenez-1-1-768x667.png 768w, https:\/\/www.lourdes-france.org\/wp-content\/uploads\/2025\/08\/corinne_gimenez-1-1-1536x1334.png 1536w, https:\/\/www.lourdes-france.org\/wp-content\/uploads\/2025\/08\/corinne_gimenez-1-1.png 1779w\" sizes=\"(max-width: 300px) 100vw, 300px\" \/>\t\t\t\t\t\t\t\t\t\t\t\t\t<\/div>\n\t\t\t\t\t\t\t<\/div>\n\t\t\t\t\t<div class=\"e-link-in-bio__bio\">\n\t\t\t\t<h2 class=\"e-link-in-bio__heading\">Corinne GIMENEZ<\/h2>\t\t\t\t<h2 class=\"e-link-in-bio__title\">Servizi di donazione\nSantuario di Nostra Signora di Lourdes<\/h2>\t\t\t\t\t\t\t\t\t\t\t<\/div>\n\t\t\t\t\t<div class=\"e-link-in-bio__icons has-size-medium\">\n\t\t\t\t\t\t\t<div class=\"e-link-in-bio__icon is-size-medium\">\n\t\t\t\t\t<a aria-label=\"Telephone\" class=\"e-link-in-bio__icon-link\" href=\"tel:+33562428282\">\n\t\t\t\t\t\t<span class=\"e-link-in-bio__icon-svg\">\n\t\t\t\t\t\t\t<i aria-hidden=\"true\" class=\"fas fa-phone-alt\"><\/i>\t\t\t\t\t\t<\/span>\n\t\t\t\t\t\t\t\t\t\t\t<\/a>\n\t\t\t\t<\/div>\n\t\t\t\t\t\t\t<div class=\"e-link-in-bio__icon is-size-medium\">\n\t\t\t\t\t<a aria-label=\"Email\" class=\"e-link-in-bio__icon-link\" href=\"mailto:corinne.gimenez@lourdes-france.com\">\n\t\t\t\t\t\t<span class=\"e-link-in-bio__icon-svg\">\n\t\t\t\t\t\t\t<i aria-hidden=\"true\" class=\"fas fa-envelope\"><\/i>\t\t\t\t\t\t<\/span>\n\t\t\t\t\t\t\t\t\t\t\t<\/a>\n\t\t\t\t<\/div>\n\t\t\t\t\t<\/div>\n\t\t\n\t\t<div class=\"e-link-in-bio__ctas has-type-button\">\n\t\t\t\t\t\t\t<a target=\"_blank\" rel=\"noopener \" class=\"e-link-in-bio__cta is-type-button has-corners-rounded\" href=\"\">\n\t\t\t\t\t\t\t\t\t\t<span class=\"e-link-in-bio__cta-text\">\n\t\t\t\t\t\t1 avenue Mgr Th\u00e9as \u2013 65 108 Lourdes  France\t\t\t\t\t<\/span>\n\t\t\t\t<\/a>\n\t\t\t\t\t<\/div>\n\t\t\n\t\t\t<\/div>\n\t\t\t<div class=\"e-link-in-bio__bg\">\n\t\t\t\t<div class=\"e-link-in-bio__bg-overlay\"><\/div>\n\t\t\t<\/div>\n\t\t<\/div>\n\t\t\t\t\t\t<\/div>\n\t\t\t\t<\/div>\n\t\t\t\t<div class=\"elementor-element elementor-element-f93520a elementor-view-default elementor-widget elementor-widget-icon\" data-id=\"f93520a\" data-element_type=\"widget\" data-widget_type=\"icon.default\">\n\t\t\t\t<div class=\"elementor-widget-container\">\n\t\t\t\t\t\t\t<div class=\"elementor-icon-wrapper\">\n\t\t\t<div class=\"elementor-icon\">\n\t\t\t<i aria-hidden=\"true\" class=\"fas fa-church\"><\/i>\t\t\t<\/div>\n\t\t<\/div>\n\t\t\t\t\t\t<\/div>\n\t\t\t\t<\/div>\n\t\t\t\t\t<\/div>\n\t\t<\/div>\n\t\t\t\t\t<\/div>\n\t\t<\/section>\n\t\t\t\t<\/div>\n\t\t","protected":false},"excerpt":{"rendered":"<p>Donare, trasmettere, lasciare in eredit\u00e0, : un atto di fede a favore del Santuario di Lourdes _________________ Dall&#8217;apparizione della Vergine Maria a Bernadette nel 1858, Lourdes \u00e8 un luogo di preghiera, guarigione, speranza e consolazione per milioni di pellegrini. Ogni &hellip; <a href=\"https:\/\/www.lourdes-france.org\/it\/trasmettere\/patrimonio-lasciare-in-eredita\/\">Continua<\/a><\/p>\n","protected":false},"author":7,"featured_media":1028788,"parent":1034097,"menu_order":0,"comment_status":"closed","ping_status":"closed","template":"","meta":{"_acf_changed":false,"footnotes":""},"class_list":["post-1034483","page","type-page","status-publish","has-post-thumbnail","hentry"],"acf":[],"yoast_head":"<!-- This site is optimized with the Yoast SEO plugin v24.7 - https:\/\/yoast.com\/wordpress\/plugins\/seo\/ -->\n<title>Lasciare in eredit\u00e0, donare, trasmettere il proprio patrimonio<\/title>\n<meta name=\"description\" content=\"Fate un atto di fede. Affidando al Santuario tutto o parte del vostro patrimonio, prolungate il vostro impegno di credenti.\" \/>\n<meta name=\"robots\" content=\"index, follow, max-snippet:-1, max-image-preview:large, max-video-preview:-1\" \/>\n<link rel=\"canonical\" href=\"https:\/\/www.lourdes-france.org\/it\/trasmettere\/patrimonio-lasciare-in-eredita\/\" \/>\n<meta name=\"twitter:label1\" content=\"Tempo di lettura stimato\" \/>\n\t<meta name=\"twitter:data1\" content=\"2 minuti\" \/>\n<script type=\"application\/ld+json\" class=\"yoast-schema-graph\">{\"@context\":\"https:\/\/schema.org\",\"@graph\":[{\"@type\":\"WebPage\",\"@id\":\"https:\/\/www.lourdes-france.org\/it\/trasmettere\/patrimonio-lasciare-in-eredita\/\",\"url\":\"https:\/\/www.lourdes-france.org\/it\/trasmettere\/patrimonio-lasciare-in-eredita\/\",\"name\":\"Lasciare in eredit\u00e0, donare, trasmettere il proprio patrimonio\",\"isPartOf\":{\"@id\":\"https:\/\/preprod-lourdes.cawita.com\/#website\"},\"primaryImageOfPage\":{\"@id\":\"https:\/\/www.lourdes-france.org\/it\/trasmettere\/patrimonio-lasciare-in-eredita\/#primaryimage\"},\"image\":{\"@id\":\"https:\/\/www.lourdes-france.org\/it\/trasmettere\/patrimonio-lasciare-in-eredita\/#primaryimage\"},\"thumbnailUrl\":\"https:\/\/www.lourdes-france.org\/wp-content\/uploads\/2025\/07\/Legs-AssVie-Donation-scaled.jpg\",\"datePublished\":\"2025-08-04T10:27:34+00:00\",\"dateModified\":\"2025-09-09T07:15:58+00:00\",\"description\":\"Fate un atto di fede. Affidando al Santuario tutto o parte del vostro patrimonio, prolungate il vostro impegno di credenti.\",\"breadcrumb\":{\"@id\":\"https:\/\/www.lourdes-france.org\/it\/trasmettere\/patrimonio-lasciare-in-eredita\/#breadcrumb\"},\"inLanguage\":\"it-IT\",\"potentialAction\":[{\"@type\":\"ReadAction\",\"target\":[\"https:\/\/www.lourdes-france.org\/it\/trasmettere\/patrimonio-lasciare-in-eredita\/\"]}]},{\"@type\":\"ImageObject\",\"inLanguage\":\"it-IT\",\"@id\":\"https:\/\/www.lourdes-france.org\/it\/trasmettere\/patrimonio-lasciare-in-eredita\/#primaryimage\",\"url\":\"https:\/\/www.lourdes-france.org\/wp-content\/uploads\/2025\/07\/Legs-AssVie-Donation-scaled.jpg\",\"contentUrl\":\"https:\/\/www.lourdes-france.org\/wp-content\/uploads\/2025\/07\/Legs-AssVie-Donation-scaled.jpg\",\"width\":2560,\"height\":1707,\"caption\":\"Legs, donations et assurance-vie \u00e0 Lourdes\"},{\"@type\":\"BreadcrumbList\",\"@id\":\"https:\/\/www.lourdes-france.org\/it\/trasmettere\/patrimonio-lasciare-in-eredita\/#breadcrumb\",\"itemListElement\":[{\"@type\":\"ListItem\",\"position\":1,\"name\":\"Accueil\",\"item\":\"https:\/\/www.lourdes-france.org\/\"},{\"@type\":\"ListItem\",\"position\":2,\"name\":\"Legs, donations et assurance-vie\",\"item\":\"https:\/\/www.lourdes-france.org\/it\/trasmettere\/\"},{\"@type\":\"ListItem\",\"position\":3,\"name\":\"L\u00e9guer, donner, transmettre : un acte de foi en faveur du Sanctuaire de Lourdes\"}]},{\"@type\":\"WebSite\",\"@id\":\"https:\/\/preprod-lourdes.cawita.com\/#website\",\"url\":\"https:\/\/preprod-lourdes.cawita.com\/\",\"name\":\"Soutenir le Sanctuaire Notre-Dame de Lourdes\",\"description\":\"\",\"potentialAction\":[{\"@type\":\"SearchAction\",\"target\":{\"@type\":\"EntryPoint\",\"urlTemplate\":\"https:\/\/preprod-lourdes.cawita.com\/?s={search_term_string}\"},\"query-input\":{\"@type\":\"PropertyValueSpecification\",\"valueRequired\":true,\"valueName\":\"search_term_string\"}}],\"inLanguage\":\"it-IT\"}]}<\/script>\n<!-- \/ Yoast SEO plugin. -->","yoast_head_json":{"title":"Lasciare in eredit\u00e0, donare, trasmettere il proprio patrimonio","description":"Fate un atto di fede. Affidando al Santuario tutto o parte del vostro patrimonio, prolungate il vostro impegno di credenti.","robots":{"index":"index","follow":"follow","max-snippet":"max-snippet:-1","max-image-preview":"max-image-preview:large","max-video-preview":"max-video-preview:-1"},"canonical":"https:\/\/www.lourdes-france.org\/it\/trasmettere\/patrimonio-lasciare-in-eredita\/","twitter_misc":{"Tempo di lettura stimato":"2 minuti"},"schema":{"@context":"https:\/\/schema.org","@graph":[{"@type":"WebPage","@id":"https:\/\/www.lourdes-france.org\/it\/trasmettere\/patrimonio-lasciare-in-eredita\/","url":"https:\/\/www.lourdes-france.org\/it\/trasmettere\/patrimonio-lasciare-in-eredita\/","name":"Lasciare in eredit\u00e0, donare, trasmettere il proprio patrimonio","isPartOf":{"@id":"https:\/\/preprod-lourdes.cawita.com\/#website"},"primaryImageOfPage":{"@id":"https:\/\/www.lourdes-france.org\/it\/trasmettere\/patrimonio-lasciare-in-eredita\/#primaryimage"},"image":{"@id":"https:\/\/www.lourdes-france.org\/it\/trasmettere\/patrimonio-lasciare-in-eredita\/#primaryimage"},"thumbnailUrl":"https:\/\/www.lourdes-france.org\/wp-content\/uploads\/2025\/07\/Legs-AssVie-Donation-scaled.jpg","datePublished":"2025-08-04T10:27:34+00:00","dateModified":"2025-09-09T07:15:58+00:00","description":"Fate un atto di fede. Affidando al Santuario tutto o parte del vostro patrimonio, prolungate il vostro impegno di credenti.","breadcrumb":{"@id":"https:\/\/www.lourdes-france.org\/it\/trasmettere\/patrimonio-lasciare-in-eredita\/#breadcrumb"},"inLanguage":"it-IT","potentialAction":[{"@type":"ReadAction","target":["https:\/\/www.lourdes-france.org\/it\/trasmettere\/patrimonio-lasciare-in-eredita\/"]}]},{"@type":"ImageObject","inLanguage":"it-IT","@id":"https:\/\/www.lourdes-france.org\/it\/trasmettere\/patrimonio-lasciare-in-eredita\/#primaryimage","url":"https:\/\/www.lourdes-france.org\/wp-content\/uploads\/2025\/07\/Legs-AssVie-Donation-scaled.jpg","contentUrl":"https:\/\/www.lourdes-france.org\/wp-content\/uploads\/2025\/07\/Legs-AssVie-Donation-scaled.jpg","width":2560,"height":1707,"caption":"Legs, donations et assurance-vie \u00e0 Lourdes"},{"@type":"BreadcrumbList","@id":"https:\/\/www.lourdes-france.org\/it\/trasmettere\/patrimonio-lasciare-in-eredita\/#breadcrumb","itemListElement":[{"@type":"ListItem","position":1,"name":"Accueil","item":"https:\/\/www.lourdes-france.org\/"},{"@type":"ListItem","position":2,"name":"Legs, donations et assurance-vie","item":"https:\/\/www.lourdes-france.org\/it\/trasmettere\/"},{"@type":"ListItem","position":3,"name":"L\u00e9guer, donner, transmettre : un acte de foi en faveur du Sanctuaire de Lourdes"}]},{"@type":"WebSite","@id":"https:\/\/preprod-lourdes.cawita.com\/#website","url":"https:\/\/preprod-lourdes.cawita.com\/","name":"Soutenir le Sanctuaire Notre-Dame de Lourdes","description":"","potentialAction":[{"@type":"SearchAction","target":{"@type":"EntryPoint","urlTemplate":"https:\/\/preprod-lourdes.cawita.com\/?s={search_term_string}"},"query-input":{"@type":"PropertyValueSpecification","valueRequired":true,"valueName":"search_term_string"}}],"inLanguage":"it-IT"}]}},"_links":{"self":[{"href":"https:\/\/www.lourdes-france.org\/it\/wp-json\/wp\/v2\/pages\/1034483","targetHints":{"allow":["GET"]}}],"collection":[{"href":"https:\/\/www.lourdes-france.org\/it\/wp-json\/wp\/v2\/pages"}],"about":[{"href":"https:\/\/www.lourdes-france.org\/it\/wp-json\/wp\/v2\/types\/page"}],"author":[{"embeddable":true,"href":"https:\/\/www.lourdes-france.org\/it\/wp-json\/wp\/v2\/users\/7"}],"replies":[{"embeddable":true,"href":"https:\/\/www.lourdes-france.org\/it\/wp-json\/wp\/v2\/comments?post=1034483"}],"version-history":[{"count":3,"href":"https:\/\/www.lourdes-france.org\/it\/wp-json\/wp\/v2\/pages\/1034483\/revisions"}],"predecessor-version":[{"id":1066103,"href":"https:\/\/www.lourdes-france.org\/it\/wp-json\/wp\/v2\/pages\/1034483\/revisions\/1066103"}],"up":[{"embeddable":true,"href":"https:\/\/www.lourdes-france.org\/it\/wp-json\/wp\/v2\/pages\/1034097"}],"wp:featuredmedia":[{"embeddable":true,"href":"https:\/\/www.lourdes-france.org\/it\/wp-json\/wp\/v2\/media\/1028788"}],"wp:attachment":[{"href":"https:\/\/www.lourdes-france.org\/it\/wp-json\/wp\/v2\/media?parent=1034483"}],"curies":[{"name":"wp","href":"https:\/\/api.w.org\/{rel}","templated":true}]}}