{"id":1034606,"date":"2025-08-04T14:22:09","date_gmt":"2025-08-04T12:22:09","guid":{"rendered":"https:\/\/www.lourdes-france.org\/?page_id=1034606"},"modified":"2025-09-03T16:05:08","modified_gmt":"2025-09-03T14:05:08","slug":"servizio-donatori","status":"publish","type":"page","link":"https:\/\/www.lourdes-france.org\/it\/servizio-donatori\/","title":{"rendered":"Le service des donateurs : une \u00e9coute au service de la foi et du don"},"content":{"rendered":"\t\t<div data-elementor-type=\"wp-page\" data-elementor-id=\"1034606\" class=\"elementor elementor-1034606 elementor-1025216\" data-elementor-post-type=\"page\">\n\t\t\t\t\t\t<section class=\"elementor-section elementor-top-section elementor-element elementor-element-ecb4f6d elementor-section-full_width elementor-section-stretched elementor-section-height-default elementor-section-height-default\" data-id=\"ecb4f6d\" data-element_type=\"section\" data-settings=\"{&quot;stretch_section&quot;:&quot;section-stretched&quot;,&quot;background_background&quot;:&quot;classic&quot;}\">\n\t\t\t\t\t\t<div class=\"elementor-container elementor-column-gap-default\">\n\t\t\t\t\t<div class=\"elementor-column elementor-col-100 elementor-top-column elementor-element elementor-element-fe444c1\" data-id=\"fe444c1\" data-element_type=\"column\">\n\t\t\t<div class=\"elementor-widget-wrap elementor-element-populated\">\n\t\t\t\t\t\t<div class=\"elementor-element elementor-element-9bda83f elementor-widget elementor-widget-spacer\" data-id=\"9bda83f\" data-element_type=\"widget\" data-widget_type=\"spacer.default\">\n\t\t\t\t<div class=\"elementor-widget-container\">\n\t\t\t\t\t\t\t<div class=\"elementor-spacer\">\n\t\t\t<div class=\"elementor-spacer-inner\"><\/div>\n\t\t<\/div>\n\t\t\t\t\t\t<\/div>\n\t\t\t\t<\/div>\n\t\t\t\t\t<\/div>\n\t\t<\/div>\n\t\t\t\t\t<\/div>\n\t\t<\/section>\n\t\t\t\t<section class=\"elementor-section elementor-top-section elementor-element elementor-element-a6c20f1 elementor-section-full_width elementor-section-height-default elementor-section-height-default\" data-id=\"a6c20f1\" data-element_type=\"section\" data-settings=\"{&quot;background_background&quot;:&quot;classic&quot;}\">\n\t\t\t\t\t\t<div class=\"elementor-container elementor-column-gap-default\">\n\t\t\t\t\t<div class=\"elementor-column elementor-col-100 elementor-top-column elementor-element elementor-element-6334bcf\" data-id=\"6334bcf\" data-element_type=\"column\">\n\t\t\t<div class=\"elementor-widget-wrap elementor-element-populated\">\n\t\t\t\t\t\t<div class=\"elementor-element elementor-element-748ed7f elementor-widget elementor-widget-spacer\" data-id=\"748ed7f\" data-element_type=\"widget\" data-widget_type=\"spacer.default\">\n\t\t\t\t<div class=\"elementor-widget-container\">\n\t\t\t\t\t\t\t<div class=\"elementor-spacer\">\n\t\t\t<div class=\"elementor-spacer-inner\"><\/div>\n\t\t<\/div>\n\t\t\t\t\t\t<\/div>\n\t\t\t\t<\/div>\n\t\t\t\t<div class=\"elementor-element elementor-element-8cace83 elementor-widget elementor-widget-heading\" data-id=\"8cace83\" data-element_type=\"widget\" data-widget_type=\"heading.default\">\n\t\t\t\t<div class=\"elementor-widget-container\">\n\t\t\t\t\t<h2 class=\"elementor-heading-title elementor-size-default\">Servizi per i donatori: Un orecchio attento al servizio della fede e del dono<\/h2>\t\t\t\t<\/div>\n\t\t\t\t<\/div>\n\t\t\t\t<div class=\"elementor-element elementor-element-d368f11 elementor-widget elementor-widget-heading\" data-id=\"d368f11\" data-element_type=\"widget\" data-widget_type=\"heading.default\">\n\t\t\t\t<div class=\"elementor-widget-container\">\n\t\t\t\t\t<h2 class=\"elementor-heading-title elementor-size-default\">_________________<\/h2>\t\t\t\t<\/div>\n\t\t\t\t<\/div>\n\t\t\t\t<div class=\"elementor-element elementor-element-332e4da elementor-widget elementor-widget-image\" data-id=\"332e4da\" data-element_type=\"widget\" data-widget_type=\"image.default\">\n\t\t\t\t<div class=\"elementor-widget-container\">\n\t\t\t\t\t\t\t\t\t\t\t\t\t\t\t<img fetchpriority=\"high\" decoding=\"async\" width=\"1024\" height=\"683\" src=\"https:\/\/www.lourdes-france.org\/wp-content\/uploads\/2025\/07\/21_service-donateur-01-1024x683.jpg\" class=\"attachment-large size-large wp-image-1028867\" alt=\"Service des donateurs Corrine et Cathy\" srcset=\"https:\/\/www.lourdes-france.org\/wp-content\/uploads\/2025\/07\/21_service-donateur-01-1024x683.jpg 1024w, https:\/\/www.lourdes-france.org\/wp-content\/uploads\/2025\/07\/21_service-donateur-01-300x200.jpg 300w, https:\/\/www.lourdes-france.org\/wp-content\/uploads\/2025\/07\/21_service-donateur-01-768x512.jpg 768w, https:\/\/www.lourdes-france.org\/wp-content\/uploads\/2025\/07\/21_service-donateur-01-1536x1024.jpg 1536w, https:\/\/www.lourdes-france.org\/wp-content\/uploads\/2025\/07\/21_service-donateur-01-2048x1365.jpg 2048w\" sizes=\"(max-width: 1024px) 100vw, 1024px\" \/>\t\t\t\t\t\t\t\t\t\t\t\t\t\t\t<\/div>\n\t\t\t\t<\/div>\n\t\t\t\t<div class=\"elementor-element elementor-element-abf7d28 elementor-widget elementor-widget-text-editor\" data-id=\"abf7d28\" data-element_type=\"widget\" data-widget_type=\"text-editor.default\">\n\t\t\t\t<div class=\"elementor-widget-container\">\n\t\t\t\t\t\t\t\t\t<p>Al <a href=\"https:\/\/www.lourdes-france.com\/it\/\">Santuario Nostra Signora di Lourdes<\/a>, ogni donazione ricevuta \u00e8 molto pi\u00f9 di un semplice sostegno materiale: \u00e8 un atto di fiducia, una preghiera incarnata, un legame vivo tra un cuore generoso e questo luogo benedetto dove la Vergine Maria continua a toccare cos\u00ec tante anime.<\/p><p>Il Servizio dei donatori \u00e8 l\u00ec per fornire un supporto adeguato a coloro che scelgono di sostenere la missione del Santuario. Questa missione \u00e8 duplice: accogliere i <a href=\"https:\/\/www.lourdes-france.org\/?page_id=1033085&amp;preview=true\">pi\u00f9 vulnerabili<\/a> in un luogo di pace e far vivere la grazia di Lourdes, giorno dopo giorno, dove la sofferenza viene ascoltata, abbracciata e santificata.<\/p><h2><b>Una presenza discreta, fedele e umana<\/b><\/h2><p>\u2022 Durante tutto l&#8217;anno, i fedeli possono scriverci o chiamarci per vari motivi:<br \/>\u2022 Desiderano modificare l&#8217;importo della loro donazione regolare,<br \/>\u2022 Vogliono cambiare indirizzo,<br \/>\u2022 Ci affidano il ricordo di una persona cara,<br \/>\u2022 Desiderano capire come orientare la loro donazione o offerta verso un&#8217;intenzione specifica (accoglienza delle persone malate, restauro del Santuario, intenzioni di Messe, posa di una candela, ecc.).<\/p><p><b>Dietro ogni iniziativa, c&#8217;\u00e8 una storia<\/b>. Una famiglia segnata dalla grazia della guarigione. Un ex operatore ospedaliero diventato troppo anziano per servire, ma che continua a &#8220;accompagnare&#8221; i malati grazie alle donazioni. Una persona sola che trova una presenza invisibile ma viva a Lourdes.<\/p><h2><b>Monitoraggio delle donazioni: una responsabilit\u00e0 spirituale<\/b><\/h2><p>Ogni donazione viene accolta con rispetto, gratitudine e <a href=\"https:\/\/www.lourdes-france.org\/it\/?page_id=1033628&amp;preview=true\">riservatezza<\/a>. Viene accuratamente registrata, trasmessa e assegnata secondo i desideri del donatore, con grande vigilanza. Collaboriamo con partner fidati per garantire una gestione all&#8217;altezza delle aspettative di coloro che affidano parte del proprio patrimonio a Lourdes.<\/p><h2><b>Donare \u00e8 un modo diverso di pregare<\/b><\/h2><p>Molti dei nostri <a href=\"https:\/\/www.lourdes-france.org\/it\/?page_id=1034578&amp;preview=true\">benefattori<\/a> ci scrivono di non poter pi\u00f9 venire in pellegrinaggio, ma che donare, per loro, significa comunque compiere un passo verso la <a href=\"https:\/\/www.lourdes-france.com\/it\/pellegrini-per-un-giorno\/la-grotta\/\">Grotta<\/a>.<\/p><p>Altri desiderano prolungare l&#8217;impegno di una vita di fede, un cammino spirituale iniziato a Lourdes, che la malattia, l\u2019et\u00e0 o la distanza impediscono loro di proseguirlo in altri modi. Ogni donazione \u00e8 una luce posta nella <a href=\"https:\/\/www.lourdes-france.com\/it\/pellegrini-per-un-giorno\/la-grotta\/\">Grotta<\/a>, un segno di comunione.<\/p><p style=\"text-align: center;\"><em>&#8220;Ci\u00f2 che mi commuove sempre \u00e8 vedere come la fedelt\u00e0 dei donatori giunga da lontano. Alcuni conoscevano Lourdes da bambini, altri accompagnavano una persona cara che soffriva. Molti vedono questo gesto come un atto d&#8217;amore per Maria e per i pi\u00f9 piccoli.&#8221;\u00bb<\/em><\/p><p style=\"text-align: center;\">\u2014 Testimonianza di Corinne, responsabile delle Relazioni con i Donatori del Santuario<\/p><h2><b>Per qualsiasi domanda, modifica o richiesta speciale:<\/b><\/h2><p><b>Relazioni con i Donatori \u2013 Santuario di Nostra Signora di Lourdes<br \/><\/b><a href=\"http:\/\/+33 5 62 42 82 82\" data-wplink-url-error=\"true\">+33 5 62 42 82 82<\/a><br \/><a href=\"mailto:donateur@lourdes-france.com\">donateur@lourdes-france.com<\/a><br \/>1 avenue Mgr Th\u00e9as \u2013 65108 Lourdes Cedex \u2013 Francia<\/p>\t\t\t\t\t\t\t\t<\/div>\n\t\t\t\t<\/div>\n\t\t\t\t<div class=\"elementor-element elementor-element-dbb5d56 elementor-view-default elementor-widget elementor-widget-icon\" data-id=\"dbb5d56\" data-element_type=\"widget\" data-widget_type=\"icon.default\">\n\t\t\t\t<div class=\"elementor-widget-container\">\n\t\t\t\t\t\t\t<div class=\"elementor-icon-wrapper\">\n\t\t\t<div class=\"elementor-icon\">\n\t\t\t<i aria-hidden=\"true\" class=\"fas fa-church\"><\/i>\t\t\t<\/div>\n\t\t<\/div>\n\t\t\t\t\t\t<\/div>\n\t\t\t\t<\/div>\n\t\t\t\t\t<\/div>\n\t\t<\/div>\n\t\t\t\t\t<\/div>\n\t\t<\/section>\n\t\t\t\t<\/div>\n\t\t","protected":false},"excerpt":{"rendered":"<p>Servizi per i donatori: Un orecchio attento al servizio della fede e del dono _________________ Al Santuario Nostra Signora di Lourdes, ogni donazione ricevuta \u00e8 molto pi\u00f9 di un semplice sostegno materiale: \u00e8 un atto di fiducia, una preghiera incarnata, &hellip; <a href=\"https:\/\/www.lourdes-france.org\/it\/servizio-donatori\/\">Continua<\/a><\/p>\n","protected":false},"author":7,"featured_media":0,"parent":0,"menu_order":0,"comment_status":"closed","ping_status":"closed","template":"","meta":{"_acf_changed":false,"footnotes":""},"class_list":["post-1034606","page","type-page","status-publish","hentry"],"acf":[],"yoast_head":"<!-- This site is optimized with the Yoast SEO plugin v24.7 - https:\/\/yoast.com\/wordpress\/plugins\/seo\/ -->\n<title>Il servizio donatori: un ascolto al servizio della fede e della donazione<\/title>\n<meta name=\"description\" content=\"Il servizio donatori accompagna coloro che scelgono di sostenere la missione del Santuario con una donazione.\" \/>\n<meta name=\"robots\" content=\"index, follow, max-snippet:-1, max-image-preview:large, max-video-preview:-1\" \/>\n<link rel=\"canonical\" href=\"https:\/\/www.lourdes-france.org\/it\/servizio-donatori\/\" \/>\n<meta name=\"twitter:label1\" content=\"Tempo di lettura stimato\" \/>\n\t<meta name=\"twitter:data1\" content=\"3 minuti\" \/>\n<script type=\"application\/ld+json\" class=\"yoast-schema-graph\">{\"@context\":\"https:\/\/schema.org\",\"@graph\":[{\"@type\":\"WebPage\",\"@id\":\"https:\/\/www.lourdes-france.org\/it\/servizio-donatori\/\",\"url\":\"https:\/\/www.lourdes-france.org\/it\/servizio-donatori\/\",\"name\":\"Il servizio donatori: un ascolto al servizio della fede e della donazione\",\"isPartOf\":{\"@id\":\"https:\/\/preprod-lourdes.cawita.com\/#website\"},\"primaryImageOfPage\":{\"@id\":\"https:\/\/www.lourdes-france.org\/it\/servizio-donatori\/#primaryimage\"},\"image\":{\"@id\":\"https:\/\/www.lourdes-france.org\/it\/servizio-donatori\/#primaryimage\"},\"thumbnailUrl\":\"https:\/\/www.lourdes-france.org\/wp-content\/uploads\/2025\/07\/21_service-donateur-01-1024x683.jpg\",\"datePublished\":\"2025-08-04T12:22:09+00:00\",\"dateModified\":\"2025-09-03T14:05:08+00:00\",\"description\":\"Il servizio donatori accompagna coloro che scelgono di sostenere la missione del Santuario con una donazione.\",\"breadcrumb\":{\"@id\":\"https:\/\/www.lourdes-france.org\/it\/servizio-donatori\/#breadcrumb\"},\"inLanguage\":\"it-IT\",\"potentialAction\":[{\"@type\":\"ReadAction\",\"target\":[\"https:\/\/www.lourdes-france.org\/it\/servizio-donatori\/\"]}]},{\"@type\":\"ImageObject\",\"inLanguage\":\"it-IT\",\"@id\":\"https:\/\/www.lourdes-france.org\/it\/servizio-donatori\/#primaryimage\",\"url\":\"https:\/\/www.lourdes-france.org\/wp-content\/uploads\/2025\/07\/21_service-donateur-01-1024x683.jpg\",\"contentUrl\":\"https:\/\/www.lourdes-france.org\/wp-content\/uploads\/2025\/07\/21_service-donateur-01-1024x683.jpg\"},{\"@type\":\"BreadcrumbList\",\"@id\":\"https:\/\/www.lourdes-france.org\/it\/servizio-donatori\/#breadcrumb\",\"itemListElement\":[{\"@type\":\"ListItem\",\"position\":1,\"name\":\"Accueil\",\"item\":\"https:\/\/www.lourdes-france.org\/\"},{\"@type\":\"ListItem\",\"position\":2,\"name\":\"Le service des donateurs : une \u00e9coute au service de la foi et du don\"}]},{\"@type\":\"WebSite\",\"@id\":\"https:\/\/preprod-lourdes.cawita.com\/#website\",\"url\":\"https:\/\/preprod-lourdes.cawita.com\/\",\"name\":\"Soutenir le Sanctuaire Notre-Dame de Lourdes\",\"description\":\"\",\"potentialAction\":[{\"@type\":\"SearchAction\",\"target\":{\"@type\":\"EntryPoint\",\"urlTemplate\":\"https:\/\/preprod-lourdes.cawita.com\/?s={search_term_string}\"},\"query-input\":{\"@type\":\"PropertyValueSpecification\",\"valueRequired\":true,\"valueName\":\"search_term_string\"}}],\"inLanguage\":\"it-IT\"}]}<\/script>\n<!-- \/ Yoast SEO plugin. -->","yoast_head_json":{"title":"Il servizio donatori: un ascolto al servizio della fede e della donazione","description":"Il servizio donatori accompagna coloro che scelgono di sostenere la missione del Santuario con una donazione.","robots":{"index":"index","follow":"follow","max-snippet":"max-snippet:-1","max-image-preview":"max-image-preview:large","max-video-preview":"max-video-preview:-1"},"canonical":"https:\/\/www.lourdes-france.org\/it\/servizio-donatori\/","twitter_misc":{"Tempo di lettura stimato":"3 minuti"},"schema":{"@context":"https:\/\/schema.org","@graph":[{"@type":"WebPage","@id":"https:\/\/www.lourdes-france.org\/it\/servizio-donatori\/","url":"https:\/\/www.lourdes-france.org\/it\/servizio-donatori\/","name":"Il servizio donatori: un ascolto al servizio della fede e della donazione","isPartOf":{"@id":"https:\/\/preprod-lourdes.cawita.com\/#website"},"primaryImageOfPage":{"@id":"https:\/\/www.lourdes-france.org\/it\/servizio-donatori\/#primaryimage"},"image":{"@id":"https:\/\/www.lourdes-france.org\/it\/servizio-donatori\/#primaryimage"},"thumbnailUrl":"https:\/\/www.lourdes-france.org\/wp-content\/uploads\/2025\/07\/21_service-donateur-01-1024x683.jpg","datePublished":"2025-08-04T12:22:09+00:00","dateModified":"2025-09-03T14:05:08+00:00","description":"Il servizio donatori accompagna coloro che scelgono di sostenere la missione del Santuario con una donazione.","breadcrumb":{"@id":"https:\/\/www.lourdes-france.org\/it\/servizio-donatori\/#breadcrumb"},"inLanguage":"it-IT","potentialAction":[{"@type":"ReadAction","target":["https:\/\/www.lourdes-france.org\/it\/servizio-donatori\/"]}]},{"@type":"ImageObject","inLanguage":"it-IT","@id":"https:\/\/www.lourdes-france.org\/it\/servizio-donatori\/#primaryimage","url":"https:\/\/www.lourdes-france.org\/wp-content\/uploads\/2025\/07\/21_service-donateur-01-1024x683.jpg","contentUrl":"https:\/\/www.lourdes-france.org\/wp-content\/uploads\/2025\/07\/21_service-donateur-01-1024x683.jpg"},{"@type":"BreadcrumbList","@id":"https:\/\/www.lourdes-france.org\/it\/servizio-donatori\/#breadcrumb","itemListElement":[{"@type":"ListItem","position":1,"name":"Accueil","item":"https:\/\/www.lourdes-france.org\/"},{"@type":"ListItem","position":2,"name":"Le service des donateurs : une \u00e9coute au service de la foi et du don"}]},{"@type":"WebSite","@id":"https:\/\/preprod-lourdes.cawita.com\/#website","url":"https:\/\/preprod-lourdes.cawita.com\/","name":"Soutenir le Sanctuaire Notre-Dame de Lourdes","description":"","potentialAction":[{"@type":"SearchAction","target":{"@type":"EntryPoint","urlTemplate":"https:\/\/preprod-lourdes.cawita.com\/?s={search_term_string}"},"query-input":{"@type":"PropertyValueSpecification","valueRequired":true,"valueName":"search_term_string"}}],"inLanguage":"it-IT"}]}},"_links":{"self":[{"href":"https:\/\/www.lourdes-france.org\/it\/wp-json\/wp\/v2\/pages\/1034606","targetHints":{"allow":["GET"]}}],"collection":[{"href":"https:\/\/www.lourdes-france.org\/it\/wp-json\/wp\/v2\/pages"}],"about":[{"href":"https:\/\/www.lourdes-france.org\/it\/wp-json\/wp\/v2\/types\/page"}],"author":[{"embeddable":true,"href":"https:\/\/www.lourdes-france.org\/it\/wp-json\/wp\/v2\/users\/7"}],"replies":[{"embeddable":true,"href":"https:\/\/www.lourdes-france.org\/it\/wp-json\/wp\/v2\/comments?post=1034606"}],"version-history":[{"count":3,"href":"https:\/\/www.lourdes-france.org\/it\/wp-json\/wp\/v2\/pages\/1034606\/revisions"}],"predecessor-version":[{"id":1064213,"href":"https:\/\/www.lourdes-france.org\/it\/wp-json\/wp\/v2\/pages\/1034606\/revisions\/1064213"}],"wp:attachment":[{"href":"https:\/\/www.lourdes-france.org\/it\/wp-json\/wp\/v2\/media?parent=1034606"}],"curies":[{"name":"wp","href":"https:\/\/api.w.org\/{rel}","templated":true}]}}