{"id":1034931,"date":"2025-07-02T14:27:14","date_gmt":"2025-07-02T12:27:14","guid":{"rendered":"https:\/\/www.lourdes-france.org\/espace-museographie\/"},"modified":"2025-09-18T15:51:44","modified_gmt":"2025-09-18T13:51:44","slug":"espace-museographique","status":"publish","type":"page","link":"https:\/\/www.lourdes-france.org\/it\/espace-museographique\/","title":{"rendered":"Espace Mus\u00e9ographie"},"content":{"rendered":"\t\t<div data-elementor-type=\"wp-page\" data-elementor-id=\"1034931\" class=\"elementor elementor-1034931 elementor-1023850\" data-elementor-post-type=\"page\">\n\t\t\t\t\t\t<section class=\"elementor-section elementor-top-section elementor-element elementor-element-dbe6962 elementor-section-full_width elementor-section-stretched elementor-section-height-default elementor-section-height-default\" data-id=\"dbe6962\" data-element_type=\"section\" data-settings=\"{&quot;stretch_section&quot;:&quot;section-stretched&quot;,&quot;background_background&quot;:&quot;classic&quot;}\">\n\t\t\t\t\t\t\t<div class=\"elementor-background-overlay\"><\/div>\n\t\t\t\t\t\t\t<div class=\"elementor-container elementor-column-gap-default\">\n\t\t\t\t\t<div class=\"elementor-column elementor-col-100 elementor-top-column elementor-element elementor-element-7942409\" data-id=\"7942409\" data-element_type=\"column\">\n\t\t\t<div class=\"elementor-widget-wrap elementor-element-populated\">\n\t\t\t\t\t\t<div class=\"elementor-element elementor-element-0cf8565 elementor-widget elementor-widget-spacer\" data-id=\"0cf8565\" data-element_type=\"widget\" data-widget_type=\"spacer.default\">\n\t\t\t\t<div class=\"elementor-widget-container\">\n\t\t\t\t\t\t\t<div class=\"elementor-spacer\">\n\t\t\t<div class=\"elementor-spacer-inner\"><\/div>\n\t\t<\/div>\n\t\t\t\t\t\t<\/div>\n\t\t\t\t<\/div>\n\t\t\t\t<div class=\"elementor-element elementor-element-5d481c5 elementor-widget elementor-widget-heading\" data-id=\"5d481c5\" data-element_type=\"widget\" data-widget_type=\"heading.default\">\n\t\t\t\t<div class=\"elementor-widget-container\">\n\t\t\t\t\t<h2 class=\"elementor-heading-title elementor-size-default\">\u26aa UN'ACCOGLIENZA MIGLIORE PER TRASMETTERE IL MESSAGGIO DI LOURDES<\/h2>\t\t\t\t<\/div>\n\t\t\t\t<\/div>\n\t\t\t\t<div class=\"elementor-element elementor-element-a15eaff elementor-widget elementor-widget-heading\" data-id=\"a15eaff\" data-element_type=\"widget\" data-widget_type=\"heading.default\">\n\t\t\t\t<div class=\"elementor-widget-container\">\n\t\t\t\t\t<h2 class=\"elementor-heading-title elementor-size-default\">Spazio <br>museografico\n<\/h2>\t\t\t\t<\/div>\n\t\t\t\t<\/div>\n\t\t\t\t<div class=\"elementor-element elementor-element-5cd4089 elementor-invisible elementor-widget elementor-widget-button\" data-id=\"5cd4089\" data-element_type=\"widget\" data-settings=\"{&quot;_animation&quot;:&quot;fadeInUp&quot;}\" data-widget_type=\"button.default\">\n\t\t\t\t<div class=\"elementor-widget-container\">\n\t\t\t\t\t\t\t\t\t<div class=\"elementor-button-wrapper\">\n\t\t\t\t\t<a class=\"elementor-button elementor-button-link elementor-size-sm\" href=\"https:\/\/www.lourdes-france.org\/it\/servizio-donatori\/\" target=\"_blank\">\n\t\t\t\t\t\t<span class=\"elementor-button-content-wrapper\">\n\t\t\t\t\t\t\t\t\t<span class=\"elementor-button-text\">Sostenere il progetto<\/span>\n\t\t\t\t\t<\/span>\n\t\t\t\t\t<\/a>\n\t\t\t\t<\/div>\n\t\t\t\t\t\t\t\t<\/div>\n\t\t\t\t<\/div>\n\t\t\t\t<div class=\"elementor-element elementor-element-11e7e80 elementor-widget elementor-widget-spacer\" data-id=\"11e7e80\" data-element_type=\"widget\" data-widget_type=\"spacer.default\">\n\t\t\t\t<div class=\"elementor-widget-container\">\n\t\t\t\t\t\t\t<div class=\"elementor-spacer\">\n\t\t\t<div class=\"elementor-spacer-inner\"><\/div>\n\t\t<\/div>\n\t\t\t\t\t\t<\/div>\n\t\t\t\t<\/div>\n\t\t\t\t\t<\/div>\n\t\t<\/div>\n\t\t\t\t\t<\/div>\n\t\t<\/section>\n\t\t\t\t<section class=\"elementor-section elementor-top-section elementor-element elementor-element-4c5f4ef elementor-section-boxed elementor-section-height-default elementor-section-height-default\" data-id=\"4c5f4ef\" data-element_type=\"section\" data-settings=\"{&quot;background_background&quot;:&quot;classic&quot;}\">\n\t\t\t\t\t\t<div class=\"elementor-container elementor-column-gap-default\">\n\t\t\t\t\t<div class=\"elementor-column elementor-col-100 elementor-top-column elementor-element elementor-element-ec86ace\" data-id=\"ec86ace\" data-element_type=\"column\">\n\t\t\t<div class=\"elementor-widget-wrap elementor-element-populated\">\n\t\t\t\t\t\t<div class=\"elementor-element elementor-element-883311d elementor-widget elementor-widget-spacer\" data-id=\"883311d\" data-element_type=\"widget\" data-widget_type=\"spacer.default\">\n\t\t\t\t<div class=\"elementor-widget-container\">\n\t\t\t\t\t\t\t<div class=\"elementor-spacer\">\n\t\t\t<div class=\"elementor-spacer-inner\"><\/div>\n\t\t<\/div>\n\t\t\t\t\t\t<\/div>\n\t\t\t\t<\/div>\n\t\t\t\t<div class=\"elementor-element elementor-element-24d69d1 elementor-widget elementor-widget-heading\" data-id=\"24d69d1\" data-element_type=\"widget\" data-widget_type=\"heading.default\">\n\t\t\t\t<div class=\"elementor-widget-container\">\n\t\t\t\t\t<h2 class=\"elementor-heading-title elementor-size-default\">Obiettivo<\/h2>\t\t\t\t<\/div>\n\t\t\t\t<\/div>\n\t\t\t\t<div class=\"elementor-element elementor-element-9d3c2db elementor-widget elementor-widget-text-editor\" data-id=\"9d3c2db\" data-element_type=\"widget\" data-widget_type=\"text-editor.default\">\n\t\t\t\t<div class=\"elementor-widget-container\">\n\t\t\t\t\t\t\t\t\t<p style=\"text-align: center;\">Presentare il messaggio di Lourdes e la testimonianza di Bernadette in un luogo al di fuori dal Santuario con metodi adatti ai visitatori di oggi.<\/p>\t\t\t\t\t\t\t\t<\/div>\n\t\t\t\t<\/div>\n\t\t\t\t<div class=\"elementor-element elementor-element-587ea62 elementor-widget elementor-widget-spacer\" data-id=\"587ea62\" data-element_type=\"widget\" data-widget_type=\"spacer.default\">\n\t\t\t\t<div class=\"elementor-widget-container\">\n\t\t\t\t\t\t\t<div class=\"elementor-spacer\">\n\t\t\t<div class=\"elementor-spacer-inner\"><\/div>\n\t\t<\/div>\n\t\t\t\t\t\t<\/div>\n\t\t\t\t<\/div>\n\t\t\t\t\t<\/div>\n\t\t<\/div>\n\t\t\t\t\t<\/div>\n\t\t<\/section>\n\t\t\t\t<section class=\"elementor-section elementor-top-section elementor-element elementor-element-015afbf elementor-section-full_width elementor-section-stretched elementor-section-height-default elementor-section-height-default\" data-id=\"015afbf\" data-element_type=\"section\" data-settings=\"{&quot;stretch_section&quot;:&quot;section-stretched&quot;}\">\n\t\t\t\t\t\t<div class=\"elementor-container elementor-column-gap-default\">\n\t\t\t\t\t<div class=\"elementor-column elementor-col-33 elementor-top-column elementor-element elementor-element-5fc2f88\" data-id=\"5fc2f88\" data-element_type=\"column\">\n\t\t\t<div class=\"elementor-widget-wrap elementor-element-populated\">\n\t\t\t\t\t\t<div class=\"elementor-element elementor-element-616013d elementor-widget elementor-widget-heading\" data-id=\"616013d\" data-element_type=\"widget\" data-widget_type=\"heading.default\">\n\t\t\t\t<div class=\"elementor-widget-container\">\n\t\t\t\t\t<h2 class=\"elementor-heading-title elementor-size-default\">Strutture previste<\/h2>\t\t\t\t<\/div>\n\t\t\t\t<\/div>\n\t\t\t\t<div class=\"elementor-element elementor-element-cb6d2ba elementor-widget elementor-widget-image\" data-id=\"cb6d2ba\" data-element_type=\"widget\" data-widget_type=\"image.default\">\n\t\t\t\t<div class=\"elementor-widget-container\">\n\t\t\t\t\t\t\t\t\t\t\t\t\t\t\t<img fetchpriority=\"high\" decoding=\"async\" width=\"1024\" height=\"576\" src=\"https:\/\/www.lourdes-france.org\/wp-content\/uploads\/2025\/06\/espace-museographique-1024x576.jpg\" class=\"attachment-large size-large wp-image-1023082\" alt=\"Projet espace mus\u00e9ographie\" srcset=\"https:\/\/www.lourdes-france.org\/wp-content\/uploads\/2025\/06\/espace-museographique-1024x576.jpg 1024w, https:\/\/www.lourdes-france.org\/wp-content\/uploads\/2025\/06\/espace-museographique-300x169.jpg 300w, https:\/\/www.lourdes-france.org\/wp-content\/uploads\/2025\/06\/espace-museographique-768x432.jpg 768w, https:\/\/www.lourdes-france.org\/wp-content\/uploads\/2025\/06\/espace-museographique-1536x864.jpg 1536w, https:\/\/www.lourdes-france.org\/wp-content\/uploads\/2025\/06\/espace-museographique.jpg 1920w\" sizes=\"(max-width: 1024px) 100vw, 1024px\" \/>\t\t\t\t\t\t\t\t\t\t\t\t\t\t\t<\/div>\n\t\t\t\t<\/div>\n\t\t\t\t\t<\/div>\n\t\t<\/div>\n\t\t\t\t<div class=\"elementor-column elementor-col-66 elementor-top-column elementor-element elementor-element-fa77454 elementor-invisible\" data-id=\"fa77454\" data-element_type=\"column\" data-settings=\"{&quot;animation&quot;:&quot;fadeInRight&quot;}\">\n\t\t\t<div class=\"elementor-widget-wrap elementor-element-populated\">\n\t\t\t\t\t\t<section class=\"elementor-section elementor-inner-section elementor-element elementor-element-8a3cf2d elementor-section-boxed elementor-section-height-default elementor-section-height-default\" data-id=\"8a3cf2d\" data-element_type=\"section\">\n\t\t\t\t\t\t<div class=\"elementor-container elementor-column-gap-default\">\n\t\t\t\t\t<div class=\"elementor-column elementor-col-100 elementor-inner-column elementor-element elementor-element-25ecf17\" data-id=\"25ecf17\" data-element_type=\"column\" data-settings=\"{&quot;background_background&quot;:&quot;classic&quot;}\">\n\t\t\t<div class=\"elementor-widget-wrap elementor-element-populated\">\n\t\t\t\t\t\t<div class=\"elementor-element elementor-element-326e00c elementor-view-stacked elementor-widget__width-initial elementor-shape-circle elementor-widget elementor-widget-icon\" data-id=\"326e00c\" data-element_type=\"widget\" data-widget_type=\"icon.default\">\n\t\t\t\t<div class=\"elementor-widget-container\">\n\t\t\t\t\t\t\t<div class=\"elementor-icon-wrapper\">\n\t\t\t<div class=\"elementor-icon\">\n\t\t\t<i aria-hidden=\"true\" class=\"fas fa-home\"><\/i>\t\t\t<\/div>\n\t\t<\/div>\n\t\t\t\t\t\t<\/div>\n\t\t\t\t<\/div>\n\t\t\t\t<div class=\"elementor-element elementor-element-47f7f3b elementor-widget__width-initial elementor-widget elementor-widget-text-editor\" data-id=\"47f7f3b\" data-element_type=\"widget\" data-widget_type=\"text-editor.default\">\n\t\t\t\t<div class=\"elementor-widget-container\">\n\t\t\t\t\t\t\t\t\t<p>Sviluppare, in citt\u00e0, molto vicino al santuario, uno spazio espositivo e di incontro, che comprenda una o pi\u00f9 sale immersive, progettate secondo gli attuali concetti museografici.<\/p>\t\t\t\t\t\t\t\t<\/div>\n\t\t\t\t<\/div>\n\t\t\t\t\t<\/div>\n\t\t<\/div>\n\t\t\t\t\t<\/div>\n\t\t<\/section>\n\t\t\t\t\t<\/div>\n\t\t<\/div>\n\t\t\t\t\t<\/div>\n\t\t<\/section>\n\t\t\t\t<section class=\"elementor-section elementor-top-section elementor-element elementor-element-8915cc7 elementor-section-boxed elementor-section-height-default elementor-section-height-default\" data-id=\"8915cc7\" data-element_type=\"section\">\n\t\t\t\t\t\t<div class=\"elementor-container elementor-column-gap-default\">\n\t\t\t\t\t<div class=\"elementor-column elementor-col-100 elementor-top-column elementor-element elementor-element-e24a2f1\" data-id=\"e24a2f1\" data-element_type=\"column\">\n\t\t\t<div class=\"elementor-widget-wrap elementor-element-populated\">\n\t\t\t\t\t\t<div class=\"elementor-element elementor-element-9e403d3 elementor-widget elementor-widget-heading\" data-id=\"9e403d3\" data-element_type=\"widget\" data-widget_type=\"heading.default\">\n\t\t\t\t<div class=\"elementor-widget-container\">\n\t\t\t\t\t<h2 class=\"elementor-heading-title elementor-size-default\">Impatto<\/h2>\t\t\t\t<\/div>\n\t\t\t\t<\/div>\n\t\t\t\t<div class=\"elementor-element elementor-element-3a5bb51 elementor-widget elementor-widget-text-editor\" data-id=\"3a5bb51\" data-element_type=\"widget\" data-widget_type=\"text-editor.default\">\n\t\t\t\t<div class=\"elementor-widget-container\">\n\t\t\t\t\t\t\t\t\t<p>Fare del Santuario un luogo attrattivo e ad alto impatto, offrendo un\u2019esperienza nuova per accompagnare la diffusione del messaggio di Lourdes<\/p>\t\t\t\t\t\t\t\t<\/div>\n\t\t\t\t<\/div>\n\t\t\t\t<div class=\"elementor-element elementor-element-6f25943 elementor-widget elementor-widget-text-editor\" data-id=\"6f25943\" data-element_type=\"widget\" data-widget_type=\"text-editor.default\">\n\t\t\t\t<div class=\"elementor-widget-container\">\n\t\t\t\t\t\t\t\t\t<p style=\"text-align: center;\">Contact : Stephanie Shaw &#8211; Responsable des Ressources<br \/><a href=\"mailto:stephanie.shaw@lourdes-france.com\">stephanie.shaw@lourdes-france.com<\/a><\/p>\t\t\t\t\t\t\t\t<\/div>\n\t\t\t\t<\/div>\n\t\t\t\t<div class=\"elementor-element elementor-element-75c9c44 elementor-widget elementor-widget-spacer\" data-id=\"75c9c44\" data-element_type=\"widget\" data-widget_type=\"spacer.default\">\n\t\t\t\t<div class=\"elementor-widget-container\">\n\t\t\t\t\t\t\t<div class=\"elementor-spacer\">\n\t\t\t<div class=\"elementor-spacer-inner\"><\/div>\n\t\t<\/div>\n\t\t\t\t\t\t<\/div>\n\t\t\t\t<\/div>\n\t\t\t\t\t<\/div>\n\t\t<\/div>\n\t\t\t\t\t<\/div>\n\t\t<\/section>\n\t\t\t\t<section class=\"elementor-section elementor-top-section elementor-element elementor-element-de2d176 elementor-section-stretched elementor-section-boxed elementor-section-height-default elementor-section-height-default\" data-id=\"de2d176\" data-element_type=\"section\" data-settings=\"{&quot;stretch_section&quot;:&quot;section-stretched&quot;,&quot;background_background&quot;:&quot;classic&quot;}\">\n\t\t\t\t\t\t<div class=\"elementor-container elementor-column-gap-default\">\n\t\t\t\t\t<div class=\"elementor-column elementor-col-100 elementor-top-column elementor-element elementor-element-e8a2e0b\" data-id=\"e8a2e0b\" data-element_type=\"column\">\n\t\t\t<div class=\"elementor-widget-wrap elementor-element-populated\">\n\t\t\t\t\t\t<section class=\"elementor-section elementor-inner-section elementor-element elementor-element-d0d31dc elementor-section-boxed elementor-section-height-default elementor-section-height-default elementor-invisible\" data-id=\"d0d31dc\" data-element_type=\"section\" data-settings=\"{&quot;animation&quot;:&quot;zoomIn&quot;}\">\n\t\t\t\t\t\t<div class=\"elementor-container elementor-column-gap-default\">\n\t\t\t\t\t<div class=\"elementor-column elementor-col-33 elementor-inner-column elementor-element elementor-element-f4c24f9\" data-id=\"f4c24f9\" data-element_type=\"column\">\n\t\t\t<div class=\"elementor-widget-wrap elementor-element-populated\">\n\t\t\t\t\t\t<div class=\"elementor-element elementor-element-21134e0 elementor-widget elementor-widget-image\" data-id=\"21134e0\" data-element_type=\"widget\" data-widget_type=\"image.default\">\n\t\t\t\t<div class=\"elementor-widget-container\">\n\t\t\t\t\t\t\t\t\t\t\t\t\t\t\t<img decoding=\"async\" width=\"1024\" height=\"1024\" src=\"https:\/\/www.lourdes-france.org\/wp-content\/uploads\/2025\/09\/logo_united_united2-copie-1024x1024-1.png\" class=\"attachment-large size-large wp-image-1069833\" alt=\"\" srcset=\"https:\/\/www.lourdes-france.org\/wp-content\/uploads\/2025\/09\/logo_united_united2-copie-1024x1024-1.png 1024w, https:\/\/www.lourdes-france.org\/wp-content\/uploads\/2025\/09\/logo_united_united2-copie-1024x1024-1-300x300.png 300w, https:\/\/www.lourdes-france.org\/wp-content\/uploads\/2025\/09\/logo_united_united2-copie-1024x1024-1-150x150.png 150w, https:\/\/www.lourdes-france.org\/wp-content\/uploads\/2025\/09\/logo_united_united2-copie-1024x1024-1-768x768.png 768w\" sizes=\"(max-width: 1024px) 100vw, 1024px\" \/>\t\t\t\t\t\t\t\t\t\t\t\t\t\t\t<\/div>\n\t\t\t\t<\/div>\n\t\t\t\t\t<\/div>\n\t\t<\/div>\n\t\t\t\t<div class=\"elementor-column elementor-col-33 elementor-inner-column elementor-element elementor-element-ba993ed\" data-id=\"ba993ed\" data-element_type=\"column\">\n\t\t\t<div class=\"elementor-widget-wrap elementor-element-populated\">\n\t\t\t\t\t\t<div class=\"elementor-element elementor-element-efdd8ee elementor-widget elementor-widget-image\" data-id=\"efdd8ee\" data-element_type=\"widget\" data-widget_type=\"image.default\">\n\t\t\t\t<div class=\"elementor-widget-container\">\n\t\t\t\t\t\t\t\t\t\t\t\t\t\t\t<img decoding=\"async\" width=\"1024\" height=\"1024\" src=\"https:\/\/www.lourdes-france.org\/wp-content\/uploads\/2025\/06\/logo_culture1-noir-1024x1024.png\" class=\"attachment-large size-large wp-image-1023517\" alt=\"\" srcset=\"https:\/\/www.lourdes-france.org\/wp-content\/uploads\/2025\/06\/logo_culture1-noir-1024x1024.png 1024w, https:\/\/www.lourdes-france.org\/wp-content\/uploads\/2025\/06\/logo_culture1-noir-300x300.png 300w, https:\/\/www.lourdes-france.org\/wp-content\/uploads\/2025\/06\/logo_culture1-noir-150x150.png 150w, https:\/\/www.lourdes-france.org\/wp-content\/uploads\/2025\/06\/logo_culture1-noir-768x768.png 768w, https:\/\/www.lourdes-france.org\/wp-content\/uploads\/2025\/06\/logo_culture1-noir-1536x1536.png 1536w, https:\/\/www.lourdes-france.org\/wp-content\/uploads\/2025\/06\/logo_culture1-noir.png 1772w\" sizes=\"(max-width: 1024px) 100vw, 1024px\" \/>\t\t\t\t\t\t\t\t\t\t\t\t\t\t\t<\/div>\n\t\t\t\t<\/div>\n\t\t\t\t\t<\/div>\n\t\t<\/div>\n\t\t\t\t<div class=\"elementor-column elementor-col-33 elementor-inner-column elementor-element elementor-element-21f366e\" data-id=\"21f366e\" data-element_type=\"column\">\n\t\t\t<div class=\"elementor-widget-wrap elementor-element-populated\">\n\t\t\t\t\t\t<div class=\"elementor-element elementor-element-38082be elementor-widget elementor-widget-image\" data-id=\"38082be\" data-element_type=\"widget\" data-widget_type=\"image.default\">\n\t\t\t\t<div class=\"elementor-widget-container\">\n\t\t\t\t\t\t\t\t\t\t\t\t\t\t\t<img loading=\"lazy\" decoding=\"async\" width=\"1024\" height=\"757\" src=\"https:\/\/www.lourdes-france.org\/wp-content\/uploads\/2025\/06\/logo_friends1-noir-1024x757.png\" class=\"attachment-large size-large wp-image-1023531\" alt=\"\" srcset=\"https:\/\/www.lourdes-france.org\/wp-content\/uploads\/2025\/06\/logo_friends1-noir-1024x757.png 1024w, https:\/\/www.lourdes-france.org\/wp-content\/uploads\/2025\/06\/logo_friends1-noir-300x222.png 300w, https:\/\/www.lourdes-france.org\/wp-content\/uploads\/2025\/06\/logo_friends1-noir-768x568.png 768w, https:\/\/www.lourdes-france.org\/wp-content\/uploads\/2025\/06\/logo_friends1-noir-1536x1135.png 1536w, https:\/\/www.lourdes-france.org\/wp-content\/uploads\/2025\/06\/logo_friends1-noir-2048x1513.png 2048w\" sizes=\"(max-width: 1024px) 100vw, 1024px\" \/>\t\t\t\t\t\t\t\t\t\t\t\t\t\t\t<\/div>\n\t\t\t\t<\/div>\n\t\t\t\t\t<\/div>\n\t\t<\/div>\n\t\t\t\t\t<\/div>\n\t\t<\/section>\n\t\t\t\t\t<\/div>\n\t\t<\/div>\n\t\t\t\t\t<\/div>\n\t\t<\/section>\n\t\t\t\t<\/div>\n\t\t","protected":false},"excerpt":{"rendered":"<p>\u26aa UN&#8217;ACCOGLIENZA MIGLIORE PER TRASMETTERE IL MESSAGGIO DI LOURDES Spazio museografico Sostenere il progetto Obiettivo Presentare il messaggio di Lourdes e la testimonianza di Bernadette in un luogo al di fuori dal Santuario con metodi adatti ai visitatori di oggi. &hellip; <a href=\"https:\/\/www.lourdes-france.org\/it\/espace-museographique\/\">Continua<\/a><\/p>\n","protected":false},"author":7,"featured_media":1023082,"parent":0,"menu_order":0,"comment_status":"closed","ping_status":"closed","template":"","meta":{"_acf_changed":false,"footnotes":""},"class_list":["post-1034931","page","type-page","status-publish","has-post-thumbnail","hentry"],"acf":[],"yoast_head":"<!-- This site is optimized with the Yoast SEO plugin v24.7 - https:\/\/yoast.com\/wordpress\/plugins\/seo\/ -->\n<title>Espace mus\u00e9ographie<\/title>\n<meta name=\"description\" content=\"D\u00e9couvrez le message de Lourdes et le t\u00e9moignage de Bernadette dans un espace mus\u00e9ographie contemporain, enti\u00e8rement pens\u00e9 pour vous.\" \/>\n<meta name=\"robots\" content=\"index, follow, max-snippet:-1, max-image-preview:large, max-video-preview:-1\" \/>\n<link rel=\"canonical\" href=\"https:\/\/www.lourdes-france.org\/it\/espace-museographique\/\" \/>\n<meta name=\"twitter:label1\" content=\"Tempo di lettura stimato\" \/>\n\t<meta name=\"twitter:data1\" content=\"2 minuti\" \/>\n<script type=\"application\/ld+json\" class=\"yoast-schema-graph\">{\"@context\":\"https:\/\/schema.org\",\"@graph\":[{\"@type\":\"WebPage\",\"@id\":\"https:\/\/www.lourdes-france.org\/it\/espace-museographique\/\",\"url\":\"https:\/\/www.lourdes-france.org\/it\/espace-museographique\/\",\"name\":\"Espace mus\u00e9ographie\",\"isPartOf\":{\"@id\":\"https:\/\/preprod-lourdes.cawita.com\/#website\"},\"primaryImageOfPage\":{\"@id\":\"https:\/\/www.lourdes-france.org\/it\/espace-museographique\/#primaryimage\"},\"image\":{\"@id\":\"https:\/\/www.lourdes-france.org\/it\/espace-museographique\/#primaryimage\"},\"thumbnailUrl\":\"https:\/\/www.lourdes-france.org\/wp-content\/uploads\/2025\/06\/espace-museographique.jpg\",\"datePublished\":\"2025-07-02T12:27:14+00:00\",\"dateModified\":\"2025-09-18T13:51:44+00:00\",\"description\":\"D\u00e9couvrez le message de Lourdes et le t\u00e9moignage de Bernadette dans un espace mus\u00e9ographie contemporain, enti\u00e8rement pens\u00e9 pour vous.\",\"breadcrumb\":{\"@id\":\"https:\/\/www.lourdes-france.org\/it\/espace-museographique\/#breadcrumb\"},\"inLanguage\":\"it-IT\",\"potentialAction\":[{\"@type\":\"ReadAction\",\"target\":[\"https:\/\/www.lourdes-france.org\/it\/espace-museographique\/\"]}]},{\"@type\":\"ImageObject\",\"inLanguage\":\"it-IT\",\"@id\":\"https:\/\/www.lourdes-france.org\/it\/espace-museographique\/#primaryimage\",\"url\":\"https:\/\/www.lourdes-france.org\/wp-content\/uploads\/2025\/06\/espace-museographique.jpg\",\"contentUrl\":\"https:\/\/www.lourdes-france.org\/wp-content\/uploads\/2025\/06\/espace-museographique.jpg\",\"width\":1920,\"height\":1080,\"caption\":\"Projet espace mus\u00e9ographie\"},{\"@type\":\"BreadcrumbList\",\"@id\":\"https:\/\/www.lourdes-france.org\/it\/espace-museographique\/#breadcrumb\",\"itemListElement\":[{\"@type\":\"ListItem\",\"position\":1,\"name\":\"Accueil\",\"item\":\"https:\/\/www.lourdes-france.org\/\"},{\"@type\":\"ListItem\",\"position\":2,\"name\":\"Espace Mus\u00e9ographie\"}]},{\"@type\":\"WebSite\",\"@id\":\"https:\/\/preprod-lourdes.cawita.com\/#website\",\"url\":\"https:\/\/preprod-lourdes.cawita.com\/\",\"name\":\"Soutenir le Sanctuaire Notre-Dame de Lourdes\",\"description\":\"\",\"potentialAction\":[{\"@type\":\"SearchAction\",\"target\":{\"@type\":\"EntryPoint\",\"urlTemplate\":\"https:\/\/preprod-lourdes.cawita.com\/?s={search_term_string}\"},\"query-input\":{\"@type\":\"PropertyValueSpecification\",\"valueRequired\":true,\"valueName\":\"search_term_string\"}}],\"inLanguage\":\"it-IT\"}]}<\/script>\n<!-- \/ Yoast SEO plugin. -->","yoast_head_json":{"title":"Espace mus\u00e9ographie","description":"D\u00e9couvrez le message de Lourdes et le t\u00e9moignage de Bernadette dans un espace mus\u00e9ographie contemporain, enti\u00e8rement pens\u00e9 pour vous.","robots":{"index":"index","follow":"follow","max-snippet":"max-snippet:-1","max-image-preview":"max-image-preview:large","max-video-preview":"max-video-preview:-1"},"canonical":"https:\/\/www.lourdes-france.org\/it\/espace-museographique\/","twitter_misc":{"Tempo di lettura stimato":"2 minuti"},"schema":{"@context":"https:\/\/schema.org","@graph":[{"@type":"WebPage","@id":"https:\/\/www.lourdes-france.org\/it\/espace-museographique\/","url":"https:\/\/www.lourdes-france.org\/it\/espace-museographique\/","name":"Espace mus\u00e9ographie","isPartOf":{"@id":"https:\/\/preprod-lourdes.cawita.com\/#website"},"primaryImageOfPage":{"@id":"https:\/\/www.lourdes-france.org\/it\/espace-museographique\/#primaryimage"},"image":{"@id":"https:\/\/www.lourdes-france.org\/it\/espace-museographique\/#primaryimage"},"thumbnailUrl":"https:\/\/www.lourdes-france.org\/wp-content\/uploads\/2025\/06\/espace-museographique.jpg","datePublished":"2025-07-02T12:27:14+00:00","dateModified":"2025-09-18T13:51:44+00:00","description":"D\u00e9couvrez le message de Lourdes et le t\u00e9moignage de Bernadette dans un espace mus\u00e9ographie contemporain, enti\u00e8rement pens\u00e9 pour vous.","breadcrumb":{"@id":"https:\/\/www.lourdes-france.org\/it\/espace-museographique\/#breadcrumb"},"inLanguage":"it-IT","potentialAction":[{"@type":"ReadAction","target":["https:\/\/www.lourdes-france.org\/it\/espace-museographique\/"]}]},{"@type":"ImageObject","inLanguage":"it-IT","@id":"https:\/\/www.lourdes-france.org\/it\/espace-museographique\/#primaryimage","url":"https:\/\/www.lourdes-france.org\/wp-content\/uploads\/2025\/06\/espace-museographique.jpg","contentUrl":"https:\/\/www.lourdes-france.org\/wp-content\/uploads\/2025\/06\/espace-museographique.jpg","width":1920,"height":1080,"caption":"Projet espace mus\u00e9ographie"},{"@type":"BreadcrumbList","@id":"https:\/\/www.lourdes-france.org\/it\/espace-museographique\/#breadcrumb","itemListElement":[{"@type":"ListItem","position":1,"name":"Accueil","item":"https:\/\/www.lourdes-france.org\/"},{"@type":"ListItem","position":2,"name":"Espace Mus\u00e9ographie"}]},{"@type":"WebSite","@id":"https:\/\/preprod-lourdes.cawita.com\/#website","url":"https:\/\/preprod-lourdes.cawita.com\/","name":"Soutenir le Sanctuaire Notre-Dame de Lourdes","description":"","potentialAction":[{"@type":"SearchAction","target":{"@type":"EntryPoint","urlTemplate":"https:\/\/preprod-lourdes.cawita.com\/?s={search_term_string}"},"query-input":{"@type":"PropertyValueSpecification","valueRequired":true,"valueName":"search_term_string"}}],"inLanguage":"it-IT"}]}},"_links":{"self":[{"href":"https:\/\/www.lourdes-france.org\/it\/wp-json\/wp\/v2\/pages\/1034931","targetHints":{"allow":["GET"]}}],"collection":[{"href":"https:\/\/www.lourdes-france.org\/it\/wp-json\/wp\/v2\/pages"}],"about":[{"href":"https:\/\/www.lourdes-france.org\/it\/wp-json\/wp\/v2\/types\/page"}],"author":[{"embeddable":true,"href":"https:\/\/www.lourdes-france.org\/it\/wp-json\/wp\/v2\/users\/7"}],"replies":[{"embeddable":true,"href":"https:\/\/www.lourdes-france.org\/it\/wp-json\/wp\/v2\/comments?post=1034931"}],"version-history":[{"count":3,"href":"https:\/\/www.lourdes-france.org\/it\/wp-json\/wp\/v2\/pages\/1034931\/revisions"}],"predecessor-version":[{"id":1069901,"href":"https:\/\/www.lourdes-france.org\/it\/wp-json\/wp\/v2\/pages\/1034931\/revisions\/1069901"}],"wp:featuredmedia":[{"embeddable":true,"href":"https:\/\/www.lourdes-france.org\/it\/wp-json\/wp\/v2\/media\/1023082"}],"wp:attachment":[{"href":"https:\/\/www.lourdes-france.org\/it\/wp-json\/wp\/v2\/media?parent=1034931"}],"curies":[{"name":"wp","href":"https:\/\/api.w.org\/{rel}","templated":true}]}}