{"id":1044545,"date":"2025-08-04T12:05:03","date_gmt":"2025-08-04T10:05:03","guid":{"rendered":"https:\/\/www.lourdes-france.org\/?page_id=1044545"},"modified":"2025-09-12T16:25:11","modified_gmt":"2025-09-12T14:25:11","slug":"nostra-missione-accogliere-i-pellegrini","status":"publish","type":"page","link":"https:\/\/www.lourdes-france.org\/it\/il-pellegrinaggio-di-lourdes\/nostra-missione-accogliere-i-pellegrini\/","title":{"rendered":"La nostra missione : accogliere i pellegrini"},"content":{"rendered":"\t\t<div data-elementor-type=\"wp-page\" data-elementor-id=\"1044545\" class=\"elementor elementor-1044545 elementor-1033083\" data-elementor-post-type=\"page\">\n\t\t\t\t\t\t<section class=\"elementor-section elementor-top-section elementor-element elementor-element-59ebcbe2 elementor-section-full_width elementor-section-stretched elementor-section-height-default elementor-section-height-default\" data-id=\"59ebcbe2\" data-element_type=\"section\" data-settings=\"{&quot;stretch_section&quot;:&quot;section-stretched&quot;,&quot;background_background&quot;:&quot;classic&quot;}\">\n\t\t\t\t\t\t<div class=\"elementor-container elementor-column-gap-default\">\n\t\t\t\t\t<div class=\"elementor-column elementor-col-100 elementor-top-column elementor-element elementor-element-3aba37e7\" data-id=\"3aba37e7\" data-element_type=\"column\">\n\t\t\t<div class=\"elementor-widget-wrap elementor-element-populated\">\n\t\t\t\t\t\t<div class=\"elementor-element elementor-element-74ff8152 elementor-widget elementor-widget-spacer\" data-id=\"74ff8152\" data-element_type=\"widget\" data-widget_type=\"spacer.default\">\n\t\t\t\t<div class=\"elementor-widget-container\">\n\t\t\t\t\t\t\t<div class=\"elementor-spacer\">\n\t\t\t<div class=\"elementor-spacer-inner\"><\/div>\n\t\t<\/div>\n\t\t\t\t\t\t<\/div>\n\t\t\t\t<\/div>\n\t\t\t\t\t<\/div>\n\t\t<\/div>\n\t\t\t\t\t<\/div>\n\t\t<\/section>\n\t\t\t\t<section class=\"elementor-section elementor-top-section elementor-element elementor-element-3de66f46 elementor-section-full_width elementor-section-height-default elementor-section-height-default\" data-id=\"3de66f46\" data-element_type=\"section\" data-settings=\"{&quot;background_background&quot;:&quot;classic&quot;}\">\n\t\t\t\t\t\t<div class=\"elementor-container elementor-column-gap-default\">\n\t\t\t\t\t<div class=\"elementor-column elementor-col-100 elementor-top-column elementor-element elementor-element-759c00f2\" data-id=\"759c00f2\" data-element_type=\"column\">\n\t\t\t<div class=\"elementor-widget-wrap elementor-element-populated\">\n\t\t\t\t\t\t<div class=\"elementor-element elementor-element-5d4e919a elementor-widget elementor-widget-spacer\" data-id=\"5d4e919a\" data-element_type=\"widget\" data-widget_type=\"spacer.default\">\n\t\t\t\t<div class=\"elementor-widget-container\">\n\t\t\t\t\t\t\t<div class=\"elementor-spacer\">\n\t\t\t<div class=\"elementor-spacer-inner\"><\/div>\n\t\t<\/div>\n\t\t\t\t\t\t<\/div>\n\t\t\t\t<\/div>\n\t\t\t\t<div class=\"elementor-element elementor-element-65ee58a3 elementor-widget elementor-widget-heading\" data-id=\"65ee58a3\" data-element_type=\"widget\" data-widget_type=\"heading.default\">\n\t\t\t\t<div class=\"elementor-widget-container\">\n\t\t\t\t\t<h1 class=\"elementor-heading-title elementor-size-default\">La nostra Missione: Accogliere i pellegrini<\/h1>\t\t\t\t<\/div>\n\t\t\t\t<\/div>\n\t\t\t\t<div class=\"elementor-element elementor-element-5d1e6656 elementor-widget elementor-widget-heading\" data-id=\"5d1e6656\" data-element_type=\"widget\" data-widget_type=\"heading.default\">\n\t\t\t\t<div class=\"elementor-widget-container\">\n\t\t\t\t\t<h2 class=\"elementor-heading-title elementor-size-default\">_________________<\/h2>\t\t\t\t<\/div>\n\t\t\t\t<\/div>\n\t\t\t\t<div class=\"elementor-element elementor-element-1908c8cd elementor-widget elementor-widget-text-editor\" data-id=\"1908c8cd\" data-element_type=\"widget\" data-widget_type=\"text-editor.default\">\n\t\t\t\t<div class=\"elementor-widget-container\">\n\t\t\t\t\t\t\t\t\t<p style=\"text-align: center;\"><strong><span style=\"color: #000000;\"><span style=\"font-family: AppleSystemUIFont, serif;\"><span style=\"font-size: medium;\">Fin dalle apparizioni della Vergine Maria a Bernadette Soubirous nel 1858, la prima missione del Santuario di Lourdes \u00e8 accogliere le donne e gli uomini in pellegrinaggio a Lourdes.<\/span><\/span><\/span><\/strong><\/p><p><span style=\"font-family: AppleSystemUIFont, serif; color: #007a9e;\"><span style=\"font-size: medium;\"><b>Folle sempre pi\u00f9 numerose<\/b><\/span><\/span><\/p><p>Folle di credenti e pellegrini si recavano gi\u00e0 alla Grotta fin dal tempo delle apparizioni della Vergine Maria alla giovane del Bigorre, Bernadette Soubirous.<br \/>A partire dal 1862, con il riconoscimento ufficiale delle apparizioni attraverso il mandamento di Mons. Laurence, vescovo di Tarbes, si dovette rispondere alla richiesta della Vergine Maria di venire qui in processione e di costruire una cappella. Fu rapidamente eretta una cripta, poi la prima cappella prese il nome di Immacolata Concezione. A queste seguirono altre due basiliche, una chiesa dedicata a Santa Bernadette e numerose cappelle, sempre con la volont\u00e0 e l\u2019attenzione del Santuario di accogliere al meglio i pellegrini che ogni anno si recano a Lourdes a migliaia.<\/p>\t\t\t\t\t\t\t\t<\/div>\n\t\t\t\t<\/div>\n\t\t\t\t<div class=\"elementor-element elementor-element-99fe805 elementor-widget elementor-widget-image\" data-id=\"99fe805\" data-element_type=\"widget\" data-widget_type=\"image.default\">\n\t\t\t\t<div class=\"elementor-widget-container\">\n\t\t\t\t\t\t\t\t\t\t\t\t\t\t\t<img fetchpriority=\"high\" decoding=\"async\" width=\"768\" height=\"512\" src=\"https:\/\/www.lourdes-france.org\/wp-content\/uploads\/2025\/08\/image_mise_en_avant-pele_national-1-768x512.jpg\" class=\"attachment-medium_large size-medium_large wp-image-1050775\" alt=\"Messe du p\u00e8lerinage national \u00e0 Lourdes\" srcset=\"https:\/\/www.lourdes-france.org\/wp-content\/uploads\/2025\/08\/image_mise_en_avant-pele_national-1-768x512.jpg 768w, https:\/\/www.lourdes-france.org\/wp-content\/uploads\/2025\/08\/image_mise_en_avant-pele_national-1-300x200.jpg 300w, https:\/\/www.lourdes-france.org\/wp-content\/uploads\/2025\/08\/image_mise_en_avant-pele_national-1-1024x683.jpg 1024w, https:\/\/www.lourdes-france.org\/wp-content\/uploads\/2025\/08\/image_mise_en_avant-pele_national-1-1536x1024.jpg 1536w, https:\/\/www.lourdes-france.org\/wp-content\/uploads\/2025\/08\/image_mise_en_avant-pele_national-1-2048x1365.jpg 2048w\" sizes=\"(max-width: 768px) 100vw, 768px\" \/>\t\t\t\t\t\t\t\t\t\t\t\t\t\t\t<\/div>\n\t\t\t\t<\/div>\n\t\t\t\t<div class=\"elementor-element elementor-element-7c14206 elementor-widget elementor-widget-text-editor\" data-id=\"7c14206\" data-element_type=\"widget\" data-widget_type=\"text-editor.default\">\n\t\t\t\t<div class=\"elementor-widget-container\">\n\t\t\t\t\t\t\t\t\t<h1><span style=\"color: #007a9e;\"><span style=\"font-family: AppleSystemUIFont, serif;\"><span style=\"font-size: medium;\"><b>Trasmettere il Messaggio di Lourdes<\/b><\/span><\/span><\/span><\/h1><p>Il Santuario si impegna ad accogliere ogni pellegrino che varca le sue porte. Che si tratti di un cattolico praticante o di un semplice visitatore di passaggio, ciascuno \u00e8 accolto con lo stesso rispetto dalla comunit\u00e0 di accoglienza del Santuario.<br \/>Il Santuario di Lourdes \u00e8 una chiesa a cielo aperto che offre a tutti la possibilit\u00e0 di vivere la propria fede, la propria spiritualit\u00e0 o la scoperta del Messaggio di Lourdes in totale serenit\u00e0 e tranquillit\u00e0.<br \/>La partecipazione alle processioni, alle messe e alla recita del Rosario \u00e8 libera. Numerose attivit\u00e0 permettono di scoprire o riscoprire la storia delle apparizioni e la vita di Bernadette Soubirous. Ma anche la possibilit\u00e0 di accendere un cero alle cappelle della luce, bere l\u2019acqua delle fontane, lavarsi e toccare la roccia della Grotta.<\/p>\t\t\t\t\t\t\t\t<\/div>\n\t\t\t\t<\/div>\n\t\t\t\t<div class=\"elementor-element elementor-element-60688e1 elementor-widget elementor-widget-image\" data-id=\"60688e1\" data-element_type=\"widget\" data-widget_type=\"image.default\">\n\t\t\t\t<div class=\"elementor-widget-container\">\n\t\t\t\t\t\t\t\t\t\t\t\t\t\t\t<img decoding=\"async\" width=\"768\" height=\"512\" src=\"https:\/\/www.lourdes-france.org\/wp-content\/uploads\/2025\/08\/2eme_paragraphe-1-768x512.jpg\" class=\"attachment-medium_large size-medium_large wp-image-1050791\" alt=\"P\u00e8lerins\" srcset=\"https:\/\/www.lourdes-france.org\/wp-content\/uploads\/2025\/08\/2eme_paragraphe-1-768x512.jpg 768w, https:\/\/www.lourdes-france.org\/wp-content\/uploads\/2025\/08\/2eme_paragraphe-1-300x200.jpg 300w, https:\/\/www.lourdes-france.org\/wp-content\/uploads\/2025\/08\/2eme_paragraphe-1-1024x683.jpg 1024w, https:\/\/www.lourdes-france.org\/wp-content\/uploads\/2025\/08\/2eme_paragraphe-1-1536x1024.jpg 1536w, https:\/\/www.lourdes-france.org\/wp-content\/uploads\/2025\/08\/2eme_paragraphe-1-2048x1365.jpg 2048w\" sizes=\"(max-width: 768px) 100vw, 768px\" \/>\t\t\t\t\t\t\t\t\t\t\t\t\t\t\t<\/div>\n\t\t\t\t<\/div>\n\t\t\t\t<div class=\"elementor-element elementor-element-3a7324a6 elementor-view-default elementor-widget elementor-widget-icon\" data-id=\"3a7324a6\" data-element_type=\"widget\" data-widget_type=\"icon.default\">\n\t\t\t\t<div class=\"elementor-widget-container\">\n\t\t\t\t\t\t\t<div class=\"elementor-icon-wrapper\">\n\t\t\t<div class=\"elementor-icon\">\n\t\t\t<i aria-hidden=\"true\" class=\"fas fa-church\"><\/i>\t\t\t<\/div>\n\t\t<\/div>\n\t\t\t\t\t\t<\/div>\n\t\t\t\t<\/div>\n\t\t\t\t\t<\/div>\n\t\t<\/div>\n\t\t\t\t\t<\/div>\n\t\t<\/section>\n\t\t\t\t<\/div>\n\t\t","protected":false},"excerpt":{"rendered":"<p>La nostra Missione: Accogliere i pellegrini _________________ Fin dalle apparizioni della Vergine Maria a Bernadette Soubirous nel 1858, la prima missione del Santuario di Lourdes \u00e8 accogliere le donne e gli uomini in pellegrinaggio a Lourdes. Folle sempre pi\u00f9 numerose &hellip; <a href=\"https:\/\/www.lourdes-france.org\/it\/il-pellegrinaggio-di-lourdes\/nostra-missione-accogliere-i-pellegrini\/\">Continua<\/a><\/p>\n","protected":false},"author":7,"featured_media":1050775,"parent":867316,"menu_order":0,"comment_status":"closed","ping_status":"closed","template":"","meta":{"_acf_changed":false,"footnotes":""},"class_list":["post-1044545","page","type-page","status-publish","has-post-thumbnail","hentry"],"acf":[],"yoast_head":"<!-- This site is optimized with the Yoast SEO plugin v24.7 - https:\/\/yoast.com\/wordpress\/plugins\/seo\/ -->\n<title>La nostra missione : accogliere i pellegrini<\/title>\n<meta name=\"description\" content=\"La missione principale del Santuario di Lourdes? Accogliere i pellegrini a Lourdes, in tutta la loro pluralit\u00e0 e diversit\u00e0.\" \/>\n<meta name=\"robots\" content=\"index, follow, max-snippet:-1, max-image-preview:large, max-video-preview:-1\" \/>\n<link rel=\"canonical\" href=\"https:\/\/www.lourdes-france.org\/it\/il-pellegrinaggio-di-lourdes\/nostra-missione-accogliere-i-pellegrini\/\" \/>\n<meta name=\"twitter:label1\" content=\"Tempo di lettura stimato\" \/>\n\t<meta name=\"twitter:data1\" content=\"3 minuti\" \/>\n<script type=\"application\/ld+json\" class=\"yoast-schema-graph\">{\"@context\":\"https:\/\/schema.org\",\"@graph\":[{\"@type\":\"WebPage\",\"@id\":\"https:\/\/www.lourdes-france.org\/it\/il-pellegrinaggio-di-lourdes\/nostra-missione-accogliere-i-pellegrini\/\",\"url\":\"https:\/\/www.lourdes-france.org\/it\/il-pellegrinaggio-di-lourdes\/nostra-missione-accogliere-i-pellegrini\/\",\"name\":\"La nostra missione : accogliere i pellegrini\",\"isPartOf\":{\"@id\":\"https:\/\/preprod-lourdes.cawita.com\/#website\"},\"primaryImageOfPage\":{\"@id\":\"https:\/\/www.lourdes-france.org\/it\/il-pellegrinaggio-di-lourdes\/nostra-missione-accogliere-i-pellegrini\/#primaryimage\"},\"image\":{\"@id\":\"https:\/\/www.lourdes-france.org\/it\/il-pellegrinaggio-di-lourdes\/nostra-missione-accogliere-i-pellegrini\/#primaryimage\"},\"thumbnailUrl\":\"https:\/\/www.lourdes-france.org\/wp-content\/uploads\/2025\/08\/image_mise_en_avant-pele_national-1-scaled.jpg\",\"datePublished\":\"2025-08-04T10:05:03+00:00\",\"dateModified\":\"2025-09-12T14:25:11+00:00\",\"description\":\"La missione principale del Santuario di Lourdes? Accogliere i pellegrini a Lourdes, in tutta la loro pluralit\u00e0 e diversit\u00e0.\",\"breadcrumb\":{\"@id\":\"https:\/\/www.lourdes-france.org\/it\/il-pellegrinaggio-di-lourdes\/nostra-missione-accogliere-i-pellegrini\/#breadcrumb\"},\"inLanguage\":\"it-IT\",\"potentialAction\":[{\"@type\":\"ReadAction\",\"target\":[\"https:\/\/www.lourdes-france.org\/it\/il-pellegrinaggio-di-lourdes\/nostra-missione-accogliere-i-pellegrini\/\"]}]},{\"@type\":\"ImageObject\",\"inLanguage\":\"it-IT\",\"@id\":\"https:\/\/www.lourdes-france.org\/it\/il-pellegrinaggio-di-lourdes\/nostra-missione-accogliere-i-pellegrini\/#primaryimage\",\"url\":\"https:\/\/www.lourdes-france.org\/wp-content\/uploads\/2025\/08\/image_mise_en_avant-pele_national-1-scaled.jpg\",\"contentUrl\":\"https:\/\/www.lourdes-france.org\/wp-content\/uploads\/2025\/08\/image_mise_en_avant-pele_national-1-scaled.jpg\",\"width\":2560,\"height\":1707,\"caption\":\"Notre mission : accueillir les p\u00e8lerins\"},{\"@type\":\"BreadcrumbList\",\"@id\":\"https:\/\/www.lourdes-france.org\/it\/il-pellegrinaggio-di-lourdes\/nostra-missione-accogliere-i-pellegrini\/#breadcrumb\",\"itemListElement\":[{\"@type\":\"ListItem\",\"position\":1,\"name\":\"Accueil\",\"item\":\"https:\/\/www.lourdes-france.org\/\"},{\"@type\":\"ListItem\",\"position\":2,\"name\":\"Il pellegrinaggio di Lourdes\",\"item\":\"https:\/\/www.lourdes-france.org\/it\/il-pellegrinaggio-di-lourdes\/\"},{\"@type\":\"ListItem\",\"position\":3,\"name\":\"La nostra missione : accogliere i pellegrini\"}]},{\"@type\":\"WebSite\",\"@id\":\"https:\/\/preprod-lourdes.cawita.com\/#website\",\"url\":\"https:\/\/preprod-lourdes.cawita.com\/\",\"name\":\"Soutenir le Sanctuaire Notre-Dame de Lourdes\",\"description\":\"\",\"potentialAction\":[{\"@type\":\"SearchAction\",\"target\":{\"@type\":\"EntryPoint\",\"urlTemplate\":\"https:\/\/preprod-lourdes.cawita.com\/?s={search_term_string}\"},\"query-input\":{\"@type\":\"PropertyValueSpecification\",\"valueRequired\":true,\"valueName\":\"search_term_string\"}}],\"inLanguage\":\"it-IT\"}]}<\/script>\n<!-- \/ Yoast SEO plugin. -->","yoast_head_json":{"title":"La nostra missione : accogliere i pellegrini","description":"La missione principale del Santuario di Lourdes? Accogliere i pellegrini a Lourdes, in tutta la loro pluralit\u00e0 e diversit\u00e0.","robots":{"index":"index","follow":"follow","max-snippet":"max-snippet:-1","max-image-preview":"max-image-preview:large","max-video-preview":"max-video-preview:-1"},"canonical":"https:\/\/www.lourdes-france.org\/it\/il-pellegrinaggio-di-lourdes\/nostra-missione-accogliere-i-pellegrini\/","twitter_misc":{"Tempo di lettura stimato":"3 minuti"},"schema":{"@context":"https:\/\/schema.org","@graph":[{"@type":"WebPage","@id":"https:\/\/www.lourdes-france.org\/it\/il-pellegrinaggio-di-lourdes\/nostra-missione-accogliere-i-pellegrini\/","url":"https:\/\/www.lourdes-france.org\/it\/il-pellegrinaggio-di-lourdes\/nostra-missione-accogliere-i-pellegrini\/","name":"La nostra missione : accogliere i pellegrini","isPartOf":{"@id":"https:\/\/preprod-lourdes.cawita.com\/#website"},"primaryImageOfPage":{"@id":"https:\/\/www.lourdes-france.org\/it\/il-pellegrinaggio-di-lourdes\/nostra-missione-accogliere-i-pellegrini\/#primaryimage"},"image":{"@id":"https:\/\/www.lourdes-france.org\/it\/il-pellegrinaggio-di-lourdes\/nostra-missione-accogliere-i-pellegrini\/#primaryimage"},"thumbnailUrl":"https:\/\/www.lourdes-france.org\/wp-content\/uploads\/2025\/08\/image_mise_en_avant-pele_national-1-scaled.jpg","datePublished":"2025-08-04T10:05:03+00:00","dateModified":"2025-09-12T14:25:11+00:00","description":"La missione principale del Santuario di Lourdes? Accogliere i pellegrini a Lourdes, in tutta la loro pluralit\u00e0 e diversit\u00e0.","breadcrumb":{"@id":"https:\/\/www.lourdes-france.org\/it\/il-pellegrinaggio-di-lourdes\/nostra-missione-accogliere-i-pellegrini\/#breadcrumb"},"inLanguage":"it-IT","potentialAction":[{"@type":"ReadAction","target":["https:\/\/www.lourdes-france.org\/it\/il-pellegrinaggio-di-lourdes\/nostra-missione-accogliere-i-pellegrini\/"]}]},{"@type":"ImageObject","inLanguage":"it-IT","@id":"https:\/\/www.lourdes-france.org\/it\/il-pellegrinaggio-di-lourdes\/nostra-missione-accogliere-i-pellegrini\/#primaryimage","url":"https:\/\/www.lourdes-france.org\/wp-content\/uploads\/2025\/08\/image_mise_en_avant-pele_national-1-scaled.jpg","contentUrl":"https:\/\/www.lourdes-france.org\/wp-content\/uploads\/2025\/08\/image_mise_en_avant-pele_national-1-scaled.jpg","width":2560,"height":1707,"caption":"Notre mission : accueillir les p\u00e8lerins"},{"@type":"BreadcrumbList","@id":"https:\/\/www.lourdes-france.org\/it\/il-pellegrinaggio-di-lourdes\/nostra-missione-accogliere-i-pellegrini\/#breadcrumb","itemListElement":[{"@type":"ListItem","position":1,"name":"Accueil","item":"https:\/\/www.lourdes-france.org\/"},{"@type":"ListItem","position":2,"name":"Il pellegrinaggio di Lourdes","item":"https:\/\/www.lourdes-france.org\/it\/il-pellegrinaggio-di-lourdes\/"},{"@type":"ListItem","position":3,"name":"La nostra missione : accogliere i pellegrini"}]},{"@type":"WebSite","@id":"https:\/\/preprod-lourdes.cawita.com\/#website","url":"https:\/\/preprod-lourdes.cawita.com\/","name":"Soutenir le Sanctuaire Notre-Dame de Lourdes","description":"","potentialAction":[{"@type":"SearchAction","target":{"@type":"EntryPoint","urlTemplate":"https:\/\/preprod-lourdes.cawita.com\/?s={search_term_string}"},"query-input":{"@type":"PropertyValueSpecification","valueRequired":true,"valueName":"search_term_string"}}],"inLanguage":"it-IT"}]}},"_links":{"self":[{"href":"https:\/\/www.lourdes-france.org\/it\/wp-json\/wp\/v2\/pages\/1044545","targetHints":{"allow":["GET"]}}],"collection":[{"href":"https:\/\/www.lourdes-france.org\/it\/wp-json\/wp\/v2\/pages"}],"about":[{"href":"https:\/\/www.lourdes-france.org\/it\/wp-json\/wp\/v2\/types\/page"}],"author":[{"embeddable":true,"href":"https:\/\/www.lourdes-france.org\/it\/wp-json\/wp\/v2\/users\/7"}],"replies":[{"embeddable":true,"href":"https:\/\/www.lourdes-france.org\/it\/wp-json\/wp\/v2\/comments?post=1044545"}],"version-history":[{"count":3,"href":"https:\/\/www.lourdes-france.org\/it\/wp-json\/wp\/v2\/pages\/1044545\/revisions"}],"predecessor-version":[{"id":1067348,"href":"https:\/\/www.lourdes-france.org\/it\/wp-json\/wp\/v2\/pages\/1044545\/revisions\/1067348"}],"up":[{"embeddable":true,"href":"https:\/\/www.lourdes-france.org\/it\/wp-json\/wp\/v2\/pages\/867316"}],"wp:featuredmedia":[{"embeddable":true,"href":"https:\/\/www.lourdes-france.org\/it\/wp-json\/wp\/v2\/media\/1050775"}],"wp:attachment":[{"href":"https:\/\/www.lourdes-france.org\/it\/wp-json\/wp\/v2\/media?parent=1044545"}],"curies":[{"name":"wp","href":"https:\/\/api.w.org\/{rel}","templated":true}]}}