{"id":1057727,"date":"2025-07-15T16:09:45","date_gmt":"2025-07-15T14:09:45","guid":{"rendered":"https:\/\/www.lourdes-france.org\/organisation-du-sanctuaire\/association-diocesaine-tarbes-lourdes\/"},"modified":"2025-09-12T09:40:09","modified_gmt":"2025-09-12T07:40:09","slug":"associazione-diocesana-di-tarbes-e-lourdes","status":"publish","type":"page","link":"https:\/\/www.lourdes-france.org\/it\/organizzazione-del-santuario-di-nostra-signora-di-lourdes\/associazione-diocesana-di-tarbes-e-lourdes\/","title":{"rendered":"L&#8217;Associazione diocesana di Tarbes e Lourdes"},"content":{"rendered":"\t\t<div data-elementor-type=\"wp-page\" data-elementor-id=\"1057727\" class=\"elementor elementor-1057727 elementor-1033069\" data-elementor-post-type=\"page\">\n\t\t\t\t\t\t<section class=\"elementor-section elementor-top-section elementor-element elementor-element-19ea4d8 elementor-section-full_width elementor-section-stretched elementor-section-height-default elementor-section-height-default\" data-id=\"19ea4d8\" data-element_type=\"section\" data-settings=\"{&quot;stretch_section&quot;:&quot;section-stretched&quot;,&quot;background_background&quot;:&quot;classic&quot;}\">\n\t\t\t\t\t\t\t<div class=\"elementor-background-overlay\"><\/div>\n\t\t\t\t\t\t\t<div class=\"elementor-container elementor-column-gap-default\">\n\t\t\t\t\t<div class=\"elementor-column elementor-col-100 elementor-top-column elementor-element elementor-element-49efc75\" data-id=\"49efc75\" data-element_type=\"column\">\n\t\t\t<div class=\"elementor-widget-wrap elementor-element-populated\">\n\t\t\t\t\t\t<div class=\"elementor-element elementor-element-df7d9c8 elementor-widget elementor-widget-spacer\" data-id=\"df7d9c8\" data-element_type=\"widget\" data-widget_type=\"spacer.default\">\n\t\t\t\t<div class=\"elementor-widget-container\">\n\t\t\t\t\t\t\t<div class=\"elementor-spacer\">\n\t\t\t<div class=\"elementor-spacer-inner\"><\/div>\n\t\t<\/div>\n\t\t\t\t\t\t<\/div>\n\t\t\t\t<\/div>\n\t\t\t\t<div class=\"elementor-element elementor-element-3f9fab6 elementor-widget elementor-widget-image\" data-id=\"3f9fab6\" data-element_type=\"widget\" data-widget_type=\"image.default\">\n\t\t\t\t<div class=\"elementor-widget-container\">\n\t\t\t\t\t\t\t\t\t\t\t\t\t\t\t<img fetchpriority=\"high\" decoding=\"async\" width=\"501\" height=\"393\" src=\"https:\/\/www.lourdes-france.org\/wp-content\/uploads\/2025\/07\/logo_diocese.png\" class=\"attachment-large size-large wp-image-1033189\" alt=\"logo Dioc\u00e8se Tarbes et Lourdes\" srcset=\"https:\/\/www.lourdes-france.org\/wp-content\/uploads\/2025\/07\/logo_diocese.png 501w, https:\/\/www.lourdes-france.org\/wp-content\/uploads\/2025\/07\/logo_diocese-300x235.png 300w\" sizes=\"(max-width: 501px) 100vw, 501px\" \/>\t\t\t\t\t\t\t\t\t\t\t\t\t\t\t<\/div>\n\t\t\t\t<\/div>\n\t\t\t\t<div class=\"elementor-element elementor-element-5dd282c elementor-widget elementor-widget-spacer\" data-id=\"5dd282c\" data-element_type=\"widget\" data-widget_type=\"spacer.default\">\n\t\t\t\t<div class=\"elementor-widget-container\">\n\t\t\t\t\t\t\t<div class=\"elementor-spacer\">\n\t\t\t<div class=\"elementor-spacer-inner\"><\/div>\n\t\t<\/div>\n\t\t\t\t\t\t<\/div>\n\t\t\t\t<\/div>\n\t\t\t\t\t<\/div>\n\t\t<\/div>\n\t\t\t\t\t<\/div>\n\t\t<\/section>\n\t\t\t\t<section class=\"elementor-section elementor-top-section elementor-element elementor-element-274bcdd elementor-section-full_width elementor-section-height-default elementor-section-height-default\" data-id=\"274bcdd\" data-element_type=\"section\" data-settings=\"{&quot;background_background&quot;:&quot;classic&quot;}\">\n\t\t\t\t\t\t<div class=\"elementor-container elementor-column-gap-default\">\n\t\t\t\t\t<div class=\"elementor-column elementor-col-100 elementor-top-column elementor-element elementor-element-7236b54\" data-id=\"7236b54\" data-element_type=\"column\">\n\t\t\t<div class=\"elementor-widget-wrap elementor-element-populated\">\n\t\t\t\t\t\t<div class=\"elementor-element elementor-element-e17457f elementor-widget elementor-widget-spacer\" data-id=\"e17457f\" data-element_type=\"widget\" data-widget_type=\"spacer.default\">\n\t\t\t\t<div class=\"elementor-widget-container\">\n\t\t\t\t\t\t\t<div class=\"elementor-spacer\">\n\t\t\t<div class=\"elementor-spacer-inner\"><\/div>\n\t\t<\/div>\n\t\t\t\t\t\t<\/div>\n\t\t\t\t<\/div>\n\t\t\t\t<div class=\"elementor-element elementor-element-3930718 elementor-widget elementor-widget-heading\" data-id=\"3930718\" data-element_type=\"widget\" data-widget_type=\"heading.default\">\n\t\t\t\t<div class=\"elementor-widget-container\">\n\t\t\t\t\t<h2 class=\"elementor-heading-title elementor-size-default\">ASSOCIAZIONE DIOCESANA DI TARBES E LOURDES<\/h2>\t\t\t\t<\/div>\n\t\t\t\t<\/div>\n\t\t\t\t<div class=\"elementor-element elementor-element-f79ca62 elementor-widget elementor-widget-heading\" data-id=\"f79ca62\" data-element_type=\"widget\" data-widget_type=\"heading.default\">\n\t\t\t\t<div class=\"elementor-widget-container\">\n\t\t\t\t\t<h2 class=\"elementor-heading-title elementor-size-default\">_________________<\/h2>\t\t\t\t<\/div>\n\t\t\t\t<\/div>\n\t\t\t\t<div class=\"elementor-element elementor-element-8db11a0 elementor-widget elementor-widget-text-editor\" data-id=\"8db11a0\" data-element_type=\"widget\" data-widget_type=\"text-editor.default\">\n\t\t\t\t<div class=\"elementor-widget-container\">\n\t\t\t\t\t\t\t\t\t<p><span class=\"s2\">Lo scopo dell&#8217;Associazione \u00e8 quello di provvedere alle spese e al mantenimento del culto cattolico nella <a href=\"https:\/\/www.lourdes-france.org\/organisation-sanctuaire-lourdes\/\">Diocesi di Tarbes e Lourdes<\/a>, sotto l&#8217;autorit\u00e0 del vescovo, in comunione con la Santa Sede e in conformit\u00e0 con la Costituzione della Chiesa Cattolica. Le attivit\u00e0 religiose e pastorali del Santuario di Nostra Signora di Lourdes sono svolte dall&#8217;Associazione Diocesana.<\/span><\/p><p><span class=\"s3\">In quanto associazione religiosa istituita in conformit\u00e0 <\/span><span class=\"s3\">al<\/span><span class=\"s3\">le disposizioni delle leggi del 1\u00b0 luglio 1901 e del 9 dicembre 1905<\/span><span class=\"s2\">, l&#8217;Associazione Diocesana di Tarbes e Lourdes \u00e8 autorizzata a ricevere donazioni<\/span><span class=\"s2\"> e<\/span><span class=\"s2\"> lasciti (assicurazioni sulla vita, lasciti ereditari, ecc.). Le associazioni religiose sono considerate associazioni di pubblica utilit\u00e0 per quanto riguarda l&#8217;autorizzazione ad accettare donazioni e lasciti. Per i contribuenti in Francia, l&#8217;Associazione Diocesana di Tarbes e Lourdes beneficia di un&#8217;esenzione totale dall&#8217;imposta sulle successioni e sulle donazioni (articolo 795 del Codice Generale delle Imposte). Grazie a questa esenzione fiscale, i beni trasferiti al Santuario di Nostra Signora di Lourdes tramite lasciti, donazioni o eredit\u00e0 ricevute vengono quindi interamente destinati alle missioni pastorali del Santuario.<\/span><\/p><h2><span class=\"s3\">Azioni e <\/span><span class=\"s3\">p<\/span><span class=\"s3\">rogetti:<\/span><\/h2><p><span class=\"s2\">L&#8217;Associazione Diocesana svolge le attivit\u00e0 religiose e pastorali del Santuario di Nostra Signora di Lourdes:<\/span><\/p><p><span class=\"s2\">\u2022 ristrutturazione, manutenzione e gestione quotidiana dei <a href=\"https:\/\/www.lourdes-france.org\/?page_id=1027986&amp;preview=true\">luoghi di culto<\/a> (3 Basiliche, 25 Cappelle) e della Grotta di Massabielle;<\/span><\/p><p><span class=\"s2\">\u2022 organizzazione delle celebrazioni (messe, processioni, rosari) e amministrazione dei sacramenti;<\/span><\/p><p><span class=\"s2\">\u2022 ristrutturazione, manutenzione e gestione degli alloggi per i 35 <a href=\"https:\/\/www.lourdes-france.com\/la-communaute-des-chapelains-de-lourdes\/\">cappellani<\/a> permanenti, <\/span><span class=\"s2\">per i <\/span><span class=\"s2\">sacerdoti confessori e <\/span><span class=\"s2\">i <\/span><span class=\"s2\">seminaristi;<\/span><\/p><p><span class=\"s2\">\u2022 accoglienza di pellegrin<\/span><span class=\"s2\">aggi<\/span><span class=\"s2\">, pellegrini e di tutti coloro che visitano il Santuario;<\/span><\/p><p><span class=\"s2\">\u2022 trasmettere il <a href=\"https:\/\/www.lourdes-france.com\/message-lourdes\/\">Messaggio di Lourdes<\/a> attraverso varie <a href=\"https:\/\/www.lourdes-france.com\/pelerin-dun-jour\/\">attivit\u00e0<\/a> (conferenze, <\/span><span class=\"s2\">cammino sui<\/span><span class=\"s2\"> passi di<\/span><span class=\"s2\"> Bernadette, film sul Santuario);<\/span><\/p><p><span class=\"s2\">\u2022 gestire il <a href=\"https:\/\/www.lourdes-france.com\/benevole\/\">Centro Internazionale di Volontariato<\/a> e gli alloggi per i volontari;<\/span><\/p><p><span class=\"s2\">\u2022 raccogliere <\/span><span class=\"s2\">e gestire le <\/span><span class=\"s2\">donazioni e <\/span><span class=\"s2\">le <\/span><span class=\"s2\">offerte (candele, collette, fiori, messe)<\/span><span class=\"s2\">.<\/span><\/p><p><span class=\"s2\">\u2022 organizzare missioni a Lourdes al di fuori del Santuario (trasportare le reliquie di Santa Bernadette in Francia, <\/span><span class=\"s2\">in <\/span><span class=\"s2\">Europa e nel mondo).<\/span><\/p><h2><span class=\"s3\">Come donare:<\/span><\/h2><p><a href=\"https:\/\/www.lourdes-france.org\/faire-un-don\/\"><span class=\"s2\">Con carta di credito<\/span><\/a><\/p><p><span class=\"s2\">Con assegno (francese) intestato a &#8220;Association Dioc\u00e9saine de Tarbes et Lourdes&#8221; e intestato al Santuario di Nostra Signora di Lourdes, Servizio Donatori, 1 avenue Mgr Th\u00e9as, 65100 LOURDES<\/span><\/p><p><span class=\"s2\">Con bonifico bancario: contattare <\/span><a href=\"mailto:donateur@lourdes-france.com\"><span class=\"s4\">donateur@lourdes-france.com<\/span><\/a><\/p><p><span class=\"s2\">Per qualsiasi domanda: <\/span><a href=\"mailto:donateur@lourdes-france.com\"><span class=\"s4\">donateur@lourdes-france.com<\/span><\/a> <span class=\"s2\">o +33 5 62 42 82 82<\/span><\/p>\t\t\t\t\t\t\t\t<\/div>\n\t\t\t\t<\/div>\n\t\t\t\t<div class=\"elementor-element elementor-element-63c7506 elementor-widget elementor-widget-link-in-bio\" data-id=\"63c7506\" data-element_type=\"widget\" data-widget_type=\"link-in-bio.default\">\n\t\t\t\t<div class=\"elementor-widget-container\">\n\t\t\t\t\t\t\t<div class=\"e-link-in-bio e-link-in-bio\">\n\t\t\t<div class=\"e-link-in-bio__content\">\n\n\t\t\t\t\t\t<div class=\"e-link-in-bio__identity\">\n\t\t\t\t\t\t\t\t\t<div class=\"e-link-in-bio__identity-image e-link-in-bio__identity-image-profile has-border has-style-circle\">\n\t\t\t\t\t\t\t<img decoding=\"async\" width=\"300\" height=\"200\" src=\"https:\/\/www.lourdes-france.org\/wp-content\/uploads\/2025\/07\/21_service-donateur-01-300x200.jpg\" class=\"e-link-in-bio__identity-image-element\" alt=\"Service des donateurs Corrine et Cathy\" srcset=\"https:\/\/www.lourdes-france.org\/wp-content\/uploads\/2025\/07\/21_service-donateur-01-300x200.jpg 300w, https:\/\/www.lourdes-france.org\/wp-content\/uploads\/2025\/07\/21_service-donateur-01-1024x683.jpg 1024w, https:\/\/www.lourdes-france.org\/wp-content\/uploads\/2025\/07\/21_service-donateur-01-768x512.jpg 768w, https:\/\/www.lourdes-france.org\/wp-content\/uploads\/2025\/07\/21_service-donateur-01-1536x1024.jpg 1536w, https:\/\/www.lourdes-france.org\/wp-content\/uploads\/2025\/07\/21_service-donateur-01-2048x1365.jpg 2048w\" sizes=\"(max-width: 300px) 100vw, 300px\" \/>\t\t\t\t\t\t\t\t\t\t\t\t\t<\/div>\n\t\t\t\t\t\t\t<\/div>\n\t\t\t\t\t<div class=\"e-link-in-bio__bio\">\n\t\t\t\t<h2 class=\"e-link-in-bio__heading\">Servizio Donatori<\/h2>\t\t\t\t<h2 class=\"e-link-in-bio__title\">Santuario di Nostra Signora di Lourdes<\/h2>\t\t\t\t\t\t\t\t\t\t\t<\/div>\n\t\t\t\t\t<div class=\"e-link-in-bio__icons has-size-medium\">\n\t\t\t\t\t\t\t<div class=\"e-link-in-bio__icon is-size-medium\">\n\t\t\t\t\t<a aria-label=\"Telephone\" class=\"e-link-in-bio__icon-link\" href=\"tel:+33562428282\">\n\t\t\t\t\t\t<span class=\"e-link-in-bio__icon-svg\">\n\t\t\t\t\t\t\t<i aria-hidden=\"true\" class=\"fas fa-phone-alt\"><\/i>\t\t\t\t\t\t<\/span>\n\t\t\t\t\t\t\t\t\t\t\t<\/a>\n\t\t\t\t<\/div>\n\t\t\t\t\t\t\t<div class=\"e-link-in-bio__icon is-size-medium\">\n\t\t\t\t\t<a aria-label=\"Email\" class=\"e-link-in-bio__icon-link\" href=\"mailto:donateur@lourdes-france.com\">\n\t\t\t\t\t\t<span class=\"e-link-in-bio__icon-svg\">\n\t\t\t\t\t\t\t<i aria-hidden=\"true\" class=\"fas fa-envelope\"><\/i>\t\t\t\t\t\t<\/span>\n\t\t\t\t\t\t\t\t\t\t\t<\/a>\n\t\t\t\t<\/div>\n\t\t\t\t\t<\/div>\n\t\t\n\t\t<div class=\"e-link-in-bio__ctas has-type-button\">\n\t\t\t\t\t\t\t<a target=\"_blank\" rel=\"noopener \" class=\"e-link-in-bio__cta is-type-button has-corners-rounded\" href=\"\">\n\t\t\t\t\t\t\t\t\t\t<span class=\"e-link-in-bio__cta-text\">\n\t\t\t\t\t\t1 avenue Mgr Th\u00e9as \u2013 65 108 Lourdes  France\t\t\t\t\t<\/span>\n\t\t\t\t<\/a>\n\t\t\t\t\t<\/div>\n\t\t\n\t\t\t<\/div>\n\t\t\t<div class=\"e-link-in-bio__bg\">\n\t\t\t\t<div class=\"e-link-in-bio__bg-overlay\"><\/div>\n\t\t\t<\/div>\n\t\t<\/div>\n\t\t\t\t\t\t<\/div>\n\t\t\t\t<\/div>\n\t\t\t\t<div class=\"elementor-element elementor-element-c0d8de2 elementor-view-default elementor-widget elementor-widget-icon\" data-id=\"c0d8de2\" data-element_type=\"widget\" data-widget_type=\"icon.default\">\n\t\t\t\t<div class=\"elementor-widget-container\">\n\t\t\t\t\t\t\t<div class=\"elementor-icon-wrapper\">\n\t\t\t<div class=\"elementor-icon\">\n\t\t\t<i aria-hidden=\"true\" class=\"fas fa-church\"><\/i>\t\t\t<\/div>\n\t\t<\/div>\n\t\t\t\t\t\t<\/div>\n\t\t\t\t<\/div>\n\t\t\t\t\t<\/div>\n\t\t<\/div>\n\t\t\t\t\t<\/div>\n\t\t<\/section>\n\t\t\t\t<\/div>\n\t\t","protected":false},"excerpt":{"rendered":"<p>ASSOCIAZIONE DIOCESANA DI TARBES E LOURDES _________________ Lo scopo dell&#8217;Associazione \u00e8 quello di provvedere alle spese e al mantenimento del culto cattolico nella Diocesi di Tarbes e Lourdes, sotto l&#8217;autorit\u00e0 del vescovo, in comunione con la Santa Sede e in &hellip; <a href=\"https:\/\/www.lourdes-france.org\/it\/organizzazione-del-santuario-di-nostra-signora-di-lourdes\/associazione-diocesana-di-tarbes-e-lourdes\/\">Continua<\/a><\/p>\n","protected":false},"author":7,"featured_media":1054352,"parent":873264,"menu_order":0,"comment_status":"closed","ping_status":"closed","template":"","meta":{"_acf_changed":false,"footnotes":""},"class_list":["post-1057727","page","type-page","status-publish","has-post-thumbnail","hentry"],"acf":[],"yoast_head":"<!-- This site is optimized with the Yoast SEO plugin v24.7 - https:\/\/yoast.com\/wordpress\/plugins\/seo\/ -->\n<title>L&#039;Associazione diocesana di Tarbes e Lourdes<\/title>\n<meta name=\"description\" content=\"L&#039;Associazione diocesana ha lo scopo di provvedere alle spese e alla manutenzione del culto cattolico nella diocesi di Tarbes e Lourdes.\" \/>\n<meta name=\"robots\" content=\"index, follow, max-snippet:-1, max-image-preview:large, max-video-preview:-1\" \/>\n<link rel=\"canonical\" href=\"https:\/\/www.lourdes-france.org\/it\/organizzazione-del-santuario-di-nostra-signora-di-lourdes\/associazione-diocesana-di-tarbes-e-lourdes\/\" \/>\n<meta name=\"twitter:label1\" content=\"Tempo di lettura stimato\" \/>\n\t<meta name=\"twitter:data1\" content=\"3 minuti\" \/>\n<script type=\"application\/ld+json\" class=\"yoast-schema-graph\">{\"@context\":\"https:\/\/schema.org\",\"@graph\":[{\"@type\":\"WebPage\",\"@id\":\"https:\/\/www.lourdes-france.org\/it\/organizzazione-del-santuario-di-nostra-signora-di-lourdes\/associazione-diocesana-di-tarbes-e-lourdes\/\",\"url\":\"https:\/\/www.lourdes-france.org\/it\/organizzazione-del-santuario-di-nostra-signora-di-lourdes\/associazione-diocesana-di-tarbes-e-lourdes\/\",\"name\":\"L'Associazione diocesana di Tarbes e Lourdes\",\"isPartOf\":{\"@id\":\"https:\/\/preprod-lourdes.cawita.com\/#website\"},\"primaryImageOfPage\":{\"@id\":\"https:\/\/www.lourdes-france.org\/it\/organizzazione-del-santuario-di-nostra-signora-di-lourdes\/associazione-diocesana-di-tarbes-e-lourdes\/#primaryimage\"},\"image\":{\"@id\":\"https:\/\/www.lourdes-france.org\/it\/organizzazione-del-santuario-di-nostra-signora-di-lourdes\/associazione-diocesana-di-tarbes-e-lourdes\/#primaryimage\"},\"thumbnailUrl\":\"https:\/\/www.lourdes-france.org\/wp-content\/uploads\/2025\/08\/Association-diocesaine-de-tarbes-et-lourdes.jpg\",\"datePublished\":\"2025-07-15T14:09:45+00:00\",\"dateModified\":\"2025-09-12T07:40:09+00:00\",\"description\":\"L'Associazione diocesana ha lo scopo di provvedere alle spese e alla manutenzione del culto cattolico nella diocesi di Tarbes e Lourdes.\",\"breadcrumb\":{\"@id\":\"https:\/\/www.lourdes-france.org\/it\/organizzazione-del-santuario-di-nostra-signora-di-lourdes\/associazione-diocesana-di-tarbes-e-lourdes\/#breadcrumb\"},\"inLanguage\":\"it-IT\",\"potentialAction\":[{\"@type\":\"ReadAction\",\"target\":[\"https:\/\/www.lourdes-france.org\/it\/organizzazione-del-santuario-di-nostra-signora-di-lourdes\/associazione-diocesana-di-tarbes-e-lourdes\/\"]}]},{\"@type\":\"ImageObject\",\"inLanguage\":\"it-IT\",\"@id\":\"https:\/\/www.lourdes-france.org\/it\/organizzazione-del-santuario-di-nostra-signora-di-lourdes\/associazione-diocesana-di-tarbes-e-lourdes\/#primaryimage\",\"url\":\"https:\/\/www.lourdes-france.org\/wp-content\/uploads\/2025\/08\/Association-diocesaine-de-tarbes-et-lourdes.jpg\",\"contentUrl\":\"https:\/\/www.lourdes-france.org\/wp-content\/uploads\/2025\/08\/Association-diocesaine-de-tarbes-et-lourdes.jpg\",\"width\":1080,\"height\":1350,\"caption\":\"Association dioc\u00e9saine de Tarbes et Lourdes\"},{\"@type\":\"BreadcrumbList\",\"@id\":\"https:\/\/www.lourdes-france.org\/it\/organizzazione-del-santuario-di-nostra-signora-di-lourdes\/associazione-diocesana-di-tarbes-e-lourdes\/#breadcrumb\",\"itemListElement\":[{\"@type\":\"ListItem\",\"position\":1,\"name\":\"Accueil\",\"item\":\"https:\/\/www.lourdes-france.org\/\"},{\"@type\":\"ListItem\",\"position\":2,\"name\":\"L&rsquo;organizzazione del Santuario di Nostra Signora di Lourdes\",\"item\":\"https:\/\/www.lourdes-france.org\/it\/organizzazione-del-santuario-di-nostra-signora-di-lourdes\/\"},{\"@type\":\"ListItem\",\"position\":3,\"name\":\"L&rsquo;Associazione diocesana di Tarbes e Lourdes\"}]},{\"@type\":\"WebSite\",\"@id\":\"https:\/\/preprod-lourdes.cawita.com\/#website\",\"url\":\"https:\/\/preprod-lourdes.cawita.com\/\",\"name\":\"Soutenir le Sanctuaire Notre-Dame de Lourdes\",\"description\":\"\",\"potentialAction\":[{\"@type\":\"SearchAction\",\"target\":{\"@type\":\"EntryPoint\",\"urlTemplate\":\"https:\/\/preprod-lourdes.cawita.com\/?s={search_term_string}\"},\"query-input\":{\"@type\":\"PropertyValueSpecification\",\"valueRequired\":true,\"valueName\":\"search_term_string\"}}],\"inLanguage\":\"it-IT\"}]}<\/script>\n<!-- \/ Yoast SEO plugin. -->","yoast_head_json":{"title":"L'Associazione diocesana di Tarbes e Lourdes","description":"L'Associazione diocesana ha lo scopo di provvedere alle spese e alla manutenzione del culto cattolico nella diocesi di Tarbes e Lourdes.","robots":{"index":"index","follow":"follow","max-snippet":"max-snippet:-1","max-image-preview":"max-image-preview:large","max-video-preview":"max-video-preview:-1"},"canonical":"https:\/\/www.lourdes-france.org\/it\/organizzazione-del-santuario-di-nostra-signora-di-lourdes\/associazione-diocesana-di-tarbes-e-lourdes\/","twitter_misc":{"Tempo di lettura stimato":"3 minuti"},"schema":{"@context":"https:\/\/schema.org","@graph":[{"@type":"WebPage","@id":"https:\/\/www.lourdes-france.org\/it\/organizzazione-del-santuario-di-nostra-signora-di-lourdes\/associazione-diocesana-di-tarbes-e-lourdes\/","url":"https:\/\/www.lourdes-france.org\/it\/organizzazione-del-santuario-di-nostra-signora-di-lourdes\/associazione-diocesana-di-tarbes-e-lourdes\/","name":"L'Associazione diocesana di Tarbes e Lourdes","isPartOf":{"@id":"https:\/\/preprod-lourdes.cawita.com\/#website"},"primaryImageOfPage":{"@id":"https:\/\/www.lourdes-france.org\/it\/organizzazione-del-santuario-di-nostra-signora-di-lourdes\/associazione-diocesana-di-tarbes-e-lourdes\/#primaryimage"},"image":{"@id":"https:\/\/www.lourdes-france.org\/it\/organizzazione-del-santuario-di-nostra-signora-di-lourdes\/associazione-diocesana-di-tarbes-e-lourdes\/#primaryimage"},"thumbnailUrl":"https:\/\/www.lourdes-france.org\/wp-content\/uploads\/2025\/08\/Association-diocesaine-de-tarbes-et-lourdes.jpg","datePublished":"2025-07-15T14:09:45+00:00","dateModified":"2025-09-12T07:40:09+00:00","description":"L'Associazione diocesana ha lo scopo di provvedere alle spese e alla manutenzione del culto cattolico nella diocesi di Tarbes e Lourdes.","breadcrumb":{"@id":"https:\/\/www.lourdes-france.org\/it\/organizzazione-del-santuario-di-nostra-signora-di-lourdes\/associazione-diocesana-di-tarbes-e-lourdes\/#breadcrumb"},"inLanguage":"it-IT","potentialAction":[{"@type":"ReadAction","target":["https:\/\/www.lourdes-france.org\/it\/organizzazione-del-santuario-di-nostra-signora-di-lourdes\/associazione-diocesana-di-tarbes-e-lourdes\/"]}]},{"@type":"ImageObject","inLanguage":"it-IT","@id":"https:\/\/www.lourdes-france.org\/it\/organizzazione-del-santuario-di-nostra-signora-di-lourdes\/associazione-diocesana-di-tarbes-e-lourdes\/#primaryimage","url":"https:\/\/www.lourdes-france.org\/wp-content\/uploads\/2025\/08\/Association-diocesaine-de-tarbes-et-lourdes.jpg","contentUrl":"https:\/\/www.lourdes-france.org\/wp-content\/uploads\/2025\/08\/Association-diocesaine-de-tarbes-et-lourdes.jpg","width":1080,"height":1350,"caption":"Association dioc\u00e9saine de Tarbes et Lourdes"},{"@type":"BreadcrumbList","@id":"https:\/\/www.lourdes-france.org\/it\/organizzazione-del-santuario-di-nostra-signora-di-lourdes\/associazione-diocesana-di-tarbes-e-lourdes\/#breadcrumb","itemListElement":[{"@type":"ListItem","position":1,"name":"Accueil","item":"https:\/\/www.lourdes-france.org\/"},{"@type":"ListItem","position":2,"name":"L&rsquo;organizzazione del Santuario di Nostra Signora di Lourdes","item":"https:\/\/www.lourdes-france.org\/it\/organizzazione-del-santuario-di-nostra-signora-di-lourdes\/"},{"@type":"ListItem","position":3,"name":"L&rsquo;Associazione diocesana di Tarbes e Lourdes"}]},{"@type":"WebSite","@id":"https:\/\/preprod-lourdes.cawita.com\/#website","url":"https:\/\/preprod-lourdes.cawita.com\/","name":"Soutenir le Sanctuaire Notre-Dame de Lourdes","description":"","potentialAction":[{"@type":"SearchAction","target":{"@type":"EntryPoint","urlTemplate":"https:\/\/preprod-lourdes.cawita.com\/?s={search_term_string}"},"query-input":{"@type":"PropertyValueSpecification","valueRequired":true,"valueName":"search_term_string"}}],"inLanguage":"it-IT"}]}},"_links":{"self":[{"href":"https:\/\/www.lourdes-france.org\/it\/wp-json\/wp\/v2\/pages\/1057727","targetHints":{"allow":["GET"]}}],"collection":[{"href":"https:\/\/www.lourdes-france.org\/it\/wp-json\/wp\/v2\/pages"}],"about":[{"href":"https:\/\/www.lourdes-france.org\/it\/wp-json\/wp\/v2\/types\/page"}],"author":[{"embeddable":true,"href":"https:\/\/www.lourdes-france.org\/it\/wp-json\/wp\/v2\/users\/7"}],"replies":[{"embeddable":true,"href":"https:\/\/www.lourdes-france.org\/it\/wp-json\/wp\/v2\/comments?post=1057727"}],"version-history":[{"count":3,"href":"https:\/\/www.lourdes-france.org\/it\/wp-json\/wp\/v2\/pages\/1057727\/revisions"}],"predecessor-version":[{"id":1067298,"href":"https:\/\/www.lourdes-france.org\/it\/wp-json\/wp\/v2\/pages\/1057727\/revisions\/1067298"}],"up":[{"embeddable":true,"href":"https:\/\/www.lourdes-france.org\/it\/wp-json\/wp\/v2\/pages\/873264"}],"wp:featuredmedia":[{"embeddable":true,"href":"https:\/\/www.lourdes-france.org\/it\/wp-json\/wp\/v2\/media\/1054352"}],"wp:attachment":[{"href":"https:\/\/www.lourdes-france.org\/it\/wp-json\/wp\/v2\/media?parent=1057727"}],"curies":[{"name":"wp","href":"https:\/\/api.w.org\/{rel}","templated":true}]}}