{"id":1058150,"date":"2025-07-15T16:14:05","date_gmt":"2025-07-15T14:14:05","guid":{"rendered":"https:\/\/www.lourdes-france.org\/organisation-du-sanctuaire\/association-lourdes-solidarite\/"},"modified":"2025-09-12T12:22:21","modified_gmt":"2025-09-12T10:22:21","slug":"associazione-lourdes-solidarites","status":"publish","type":"page","link":"https:\/\/www.lourdes-france.org\/it\/organizzazione-del-santuario-di-nostra-signora-di-lourdes\/associazione-lourdes-solidarites\/","title":{"rendered":"Associazione Lourdes Solidarit\u00e9s"},"content":{"rendered":"\t\t<div data-elementor-type=\"wp-page\" data-elementor-id=\"1058150\" class=\"elementor elementor-1058150 elementor-1033073\" data-elementor-post-type=\"page\">\n\t\t\t\t\t\t<section class=\"elementor-section elementor-top-section elementor-element elementor-element-300e813 elementor-section-full_width elementor-section-stretched elementor-section-height-default elementor-section-height-default\" data-id=\"300e813\" data-element_type=\"section\" data-settings=\"{&quot;stretch_section&quot;:&quot;section-stretched&quot;,&quot;background_background&quot;:&quot;classic&quot;}\">\n\t\t\t\t\t\t\t<div class=\"elementor-background-overlay\"><\/div>\n\t\t\t\t\t\t\t<div class=\"elementor-container elementor-column-gap-default\">\n\t\t\t\t\t<div class=\"elementor-column elementor-col-100 elementor-top-column elementor-element elementor-element-ebed900\" data-id=\"ebed900\" data-element_type=\"column\">\n\t\t\t<div class=\"elementor-widget-wrap elementor-element-populated\">\n\t\t\t\t\t\t<div class=\"elementor-element elementor-element-b58589a elementor-widget elementor-widget-spacer\" data-id=\"b58589a\" data-element_type=\"widget\" data-widget_type=\"spacer.default\">\n\t\t\t\t<div class=\"elementor-widget-container\">\n\t\t\t\t\t\t\t<div class=\"elementor-spacer\">\n\t\t\t<div class=\"elementor-spacer-inner\"><\/div>\n\t\t<\/div>\n\t\t\t\t\t\t<\/div>\n\t\t\t\t<\/div>\n\t\t\t\t<div class=\"elementor-element elementor-element-d45a52d elementor-widget elementor-widget-image\" data-id=\"d45a52d\" data-element_type=\"widget\" data-widget_type=\"image.default\">\n\t\t\t\t<div class=\"elementor-widget-container\">\n\t\t\t\t\t\t\t\t\t\t\t\t\t\t\t<img fetchpriority=\"high\" decoding=\"async\" width=\"778\" height=\"273\" src=\"https:\/\/www.lourdes-france.org\/wp-content\/uploads\/2025\/07\/logo_friends-of.png\" class=\"attachment-large size-large wp-image-1033203\" alt=\"logo Lourdes Solidarit\u00e9\" srcset=\"https:\/\/www.lourdes-france.org\/wp-content\/uploads\/2025\/07\/logo_friends-of.png 778w, https:\/\/www.lourdes-france.org\/wp-content\/uploads\/2025\/07\/logo_friends-of-300x105.png 300w, https:\/\/www.lourdes-france.org\/wp-content\/uploads\/2025\/07\/logo_friends-of-768x269.png 768w\" sizes=\"(max-width: 778px) 100vw, 778px\" \/>\t\t\t\t\t\t\t\t\t\t\t\t\t\t\t<\/div>\n\t\t\t\t<\/div>\n\t\t\t\t<div class=\"elementor-element elementor-element-4d3a7df elementor-widget elementor-widget-spacer\" data-id=\"4d3a7df\" data-element_type=\"widget\" data-widget_type=\"spacer.default\">\n\t\t\t\t<div class=\"elementor-widget-container\">\n\t\t\t\t\t\t\t<div class=\"elementor-spacer\">\n\t\t\t<div class=\"elementor-spacer-inner\"><\/div>\n\t\t<\/div>\n\t\t\t\t\t\t<\/div>\n\t\t\t\t<\/div>\n\t\t\t\t\t<\/div>\n\t\t<\/div>\n\t\t\t\t\t<\/div>\n\t\t<\/section>\n\t\t\t\t<section class=\"elementor-section elementor-top-section elementor-element elementor-element-6945400 elementor-section-full_width elementor-section-height-default elementor-section-height-default\" data-id=\"6945400\" data-element_type=\"section\" data-settings=\"{&quot;background_background&quot;:&quot;classic&quot;}\">\n\t\t\t\t\t\t<div class=\"elementor-container elementor-column-gap-default\">\n\t\t\t\t\t<div class=\"elementor-column elementor-col-100 elementor-top-column elementor-element elementor-element-dfb9f0e\" data-id=\"dfb9f0e\" data-element_type=\"column\">\n\t\t\t<div class=\"elementor-widget-wrap elementor-element-populated\">\n\t\t\t\t\t\t<div class=\"elementor-element elementor-element-846787c elementor-widget elementor-widget-spacer\" data-id=\"846787c\" data-element_type=\"widget\" data-widget_type=\"spacer.default\">\n\t\t\t\t<div class=\"elementor-widget-container\">\n\t\t\t\t\t\t\t<div class=\"elementor-spacer\">\n\t\t\t<div class=\"elementor-spacer-inner\"><\/div>\n\t\t<\/div>\n\t\t\t\t\t\t<\/div>\n\t\t\t\t<\/div>\n\t\t\t\t<div class=\"elementor-element elementor-element-0b4134f elementor-widget elementor-widget-heading\" data-id=\"0b4134f\" data-element_type=\"widget\" data-widget_type=\"heading.default\">\n\t\t\t\t<div class=\"elementor-widget-container\">\n\t\t\t\t\t<h2 class=\"elementor-heading-title elementor-size-default\">ASSOCIAZIONE LEGGE 1901 DI INTERESSE GENERALE \u00ab LOURDES SOLIDARIT\u00c9s \u00bb<\/h2>\t\t\t\t<\/div>\n\t\t\t\t<\/div>\n\t\t\t\t<div class=\"elementor-element elementor-element-a3b221e elementor-widget elementor-widget-heading\" data-id=\"a3b221e\" data-element_type=\"widget\" data-widget_type=\"heading.default\">\n\t\t\t\t<div class=\"elementor-widget-container\">\n\t\t\t\t\t<h2 class=\"elementor-heading-title elementor-size-default\">_________________<\/h2>\t\t\t\t<\/div>\n\t\t\t\t<\/div>\n\t\t\t\t<div class=\"elementor-element elementor-element-26de0be elementor-widget elementor-widget-text-editor\" data-id=\"26de0be\" data-element_type=\"widget\" data-widget_type=\"text-editor.default\">\n\t\t\t\t<div class=\"elementor-widget-container\">\n\t\t\t\t\t\t\t\t\t<h2><span class=\"s3\">Estratto dallo statuto:<\/span><\/h2><p><span class=\"s2\">Lo scopo dell&#8217;associazione \u00e8 lo sviluppo di tutte le attivit\u00e0 sociali e medico-sociali, in particolare per gli anziani, le persone con disabilit\u00e0<\/span><span class=\"s2\">, o <\/span><span class=\"s2\">le <\/span><span class=\"s2\">persone <\/span><span class=\"s2\">in situazion<\/span><span class=\"s2\">e<\/span><span class=\"s2\"> di precariet\u00e0 economica e sociale. Le attivit\u00e0 dell&#8217;associazione sono rivolte principalmente, ma non esclusivamente, al pubblico che visita il <a href=\"https:\/\/www.lourdes-france.org\/organisation-sanctuaire-lourdes\/\">Santuario di Lourdes<\/a>.<\/span><\/p><h2><span class=\"s3\">Azioni e progetti:<\/span><\/h2><p><span class=\"s2\">Negli ultimi due anni, l&#8217;associazione Lourdes Solidarit\u00e9s ha raccolto fondi e realizzato lavori per rendere accessibili i servizi igienici del Santuario. Sei dei 12 servizi igienici sono stati ristrutturati e ora sono completamente accessibili. I lavori proseguono, con il progetto de<\/span><span class=\"s2\">lla ristrutturazione dei<\/span><span class=\"s2\"> servizi igienici della Rampa Sud previsto per l&#8217;inverno 2025\/2026, per il quale l&#8217;associazione sta cercando donazioni.<\/span><\/p><p><span class=\"s2\">L&#8217;associazione ha individuato come obiettivo futuro la formazione del personale del Pronto Soccorso del Santuario per l&#8217;assistenza alle persone con <a href=\"https:\/\/www.lourdes-france.com\/lourdes-un-sanctuaire-accessible-a-tous\/\">disabilit\u00e0<\/a> invisibili.<\/span><\/p><p><span class=\"s2\">A seconda delle donazioni raccolte, l&#8217;associazione potrebbe essere coinvolta in attivit\u00e0 volte a facilitare l&#8217;accoglienza di persone <\/span><span class=\"s2\">portatrici di<\/span><span class=\"s2\"> diverse disabilit\u00e0 (ad esempio, l&#8217;installazione di sistemi ad induzione magnetica). L&#8217;associazione Lourdes Solidarit\u00e9s \u00e8 il punto di riferimento per le organizzazioni che svolgono progetti sociali o medico-sociali principalmente presso il Santuario.<\/span><\/p><h2><span class=\"s3\">Come donare:<\/span><\/h2><p><span class=\"s5\"><em>Il fondo di dotazione di Lourdes United riceve le donazioni per Lourdes Solidarit\u00e9s e le ridistribuisce.<\/em> <\/span><\/p><p><span class=\"s2\">Tramite assegno (francese) intestato a &#8220;Lourdes United&#8221; e indirizzato a<\/span><span class=\"s2\">: <\/span><span class=\"s2\">Sanctuaire Notre-Dame de Lourdes, Services des Donateurs<\/span><span class=\"s2\">, 1 avenue Mgr Th\u00e9as, 65100 LOURDES<\/span><\/p><p><span class=\"s2\">Tramite bonifico bancario: contattare <\/span><a href=\"mailto:donateur@lourdes-france.com\"><span class=\"s4\">donateur@lourdes-france.com<\/span><\/a><\/p><p><span class=\"s2\">Per qualsiasi domanda: <\/span><a href=\"mailto:donateur@lourdes-france.com\"><span class=\"s4\">donateur@lourdes-france.com<\/span><\/a> <span class=\"s2\">o +33 5 62 42 82 82<\/span><\/p>\t\t\t\t\t\t\t\t<\/div>\n\t\t\t\t<\/div>\n\t\t\t\t<div class=\"elementor-element elementor-element-dfe2040 elementor-widget elementor-widget-link-in-bio\" data-id=\"dfe2040\" data-element_type=\"widget\" data-widget_type=\"link-in-bio.default\">\n\t\t\t\t<div class=\"elementor-widget-container\">\n\t\t\t\t\t\t\t<div class=\"e-link-in-bio e-link-in-bio\">\n\t\t\t<div class=\"e-link-in-bio__content\">\n\n\t\t\t\t\t\t<div class=\"e-link-in-bio__identity\">\n\t\t\t\t\t\t\t\t\t<div class=\"e-link-in-bio__identity-image e-link-in-bio__identity-image-profile has-border has-style-circle\">\n\t\t\t\t\t\t\t<img decoding=\"async\" width=\"300\" height=\"200\" src=\"https:\/\/www.lourdes-france.org\/wp-content\/uploads\/2025\/07\/21_service-donateur-01-300x200.jpg\" class=\"e-link-in-bio__identity-image-element\" alt=\"Service des donateurs Corrine et Cathy\" srcset=\"https:\/\/www.lourdes-france.org\/wp-content\/uploads\/2025\/07\/21_service-donateur-01-300x200.jpg 300w, https:\/\/www.lourdes-france.org\/wp-content\/uploads\/2025\/07\/21_service-donateur-01-1024x683.jpg 1024w, https:\/\/www.lourdes-france.org\/wp-content\/uploads\/2025\/07\/21_service-donateur-01-768x512.jpg 768w, https:\/\/www.lourdes-france.org\/wp-content\/uploads\/2025\/07\/21_service-donateur-01-1536x1024.jpg 1536w, https:\/\/www.lourdes-france.org\/wp-content\/uploads\/2025\/07\/21_service-donateur-01-2048x1365.jpg 2048w\" sizes=\"(max-width: 300px) 100vw, 300px\" \/>\t\t\t\t\t\t\t\t\t\t\t\t\t<\/div>\n\t\t\t\t\t\t\t<\/div>\n\t\t\t\t\t<div class=\"e-link-in-bio__bio\">\n\t\t\t\t<h2 class=\"e-link-in-bio__heading\">Service des Donateurs<\/h2>\t\t\t\t<h2 class=\"e-link-in-bio__title\">Sanctuaire Notre-Dame de Lourdes<\/h2>\t\t\t\t\t\t\t\t\t\t\t<\/div>\n\t\t\t\t\t<div class=\"e-link-in-bio__icons has-size-medium\">\n\t\t\t\t\t\t\t<div class=\"e-link-in-bio__icon is-size-medium\">\n\t\t\t\t\t<a aria-label=\"Telephone\" class=\"e-link-in-bio__icon-link\" href=\"tel:+33562428282\">\n\t\t\t\t\t\t<span class=\"e-link-in-bio__icon-svg\">\n\t\t\t\t\t\t\t<i aria-hidden=\"true\" class=\"fas fa-phone-alt\"><\/i>\t\t\t\t\t\t<\/span>\n\t\t\t\t\t\t\t\t\t\t\t<\/a>\n\t\t\t\t<\/div>\n\t\t\t\t\t\t\t<div class=\"e-link-in-bio__icon is-size-medium\">\n\t\t\t\t\t<a aria-label=\"Email\" class=\"e-link-in-bio__icon-link\" href=\"mailto:donateur@lourdes-france.com\">\n\t\t\t\t\t\t<span class=\"e-link-in-bio__icon-svg\">\n\t\t\t\t\t\t\t<i aria-hidden=\"true\" class=\"fas fa-envelope\"><\/i>\t\t\t\t\t\t<\/span>\n\t\t\t\t\t\t\t\t\t\t\t<\/a>\n\t\t\t\t<\/div>\n\t\t\t\t\t<\/div>\n\t\t\n\t\t<div class=\"e-link-in-bio__ctas has-type-button\">\n\t\t\t\t\t\t\t<a target=\"_blank\" rel=\"noopener \" class=\"e-link-in-bio__cta is-type-button has-corners-rounded\" href=\"\">\n\t\t\t\t\t\t\t\t\t\t<span class=\"e-link-in-bio__cta-text\">\n\t\t\t\t\t\t1 avenue Mgr Th\u00e9as \u2013 65 108 Lourdes  France\t\t\t\t\t<\/span>\n\t\t\t\t<\/a>\n\t\t\t\t\t<\/div>\n\t\t\n\t\t\t<\/div>\n\t\t\t<div class=\"e-link-in-bio__bg\">\n\t\t\t\t<div class=\"e-link-in-bio__bg-overlay\"><\/div>\n\t\t\t<\/div>\n\t\t<\/div>\n\t\t\t\t\t\t<\/div>\n\t\t\t\t<\/div>\n\t\t\t\t<div class=\"elementor-element elementor-element-8d4f980 elementor-view-default elementor-widget elementor-widget-icon\" data-id=\"8d4f980\" data-element_type=\"widget\" data-widget_type=\"icon.default\">\n\t\t\t\t<div class=\"elementor-widget-container\">\n\t\t\t\t\t\t\t<div class=\"elementor-icon-wrapper\">\n\t\t\t<div class=\"elementor-icon\">\n\t\t\t<i aria-hidden=\"true\" class=\"fas fa-church\"><\/i>\t\t\t<\/div>\n\t\t<\/div>\n\t\t\t\t\t\t<\/div>\n\t\t\t\t<\/div>\n\t\t\t\t\t<\/div>\n\t\t<\/div>\n\t\t\t\t\t<\/div>\n\t\t<\/section>\n\t\t\t\t<\/div>\n\t\t","protected":false},"excerpt":{"rendered":"<p>ASSOCIAZIONE LEGGE 1901 DI INTERESSE GENERALE \u00ab LOURDES SOLIDARIT\u00c9s \u00bb _________________ Estratto dallo statuto: Lo scopo dell&#8217;associazione \u00e8 lo sviluppo di tutte le attivit\u00e0 sociali e medico-sociali, in particolare per gli anziani, le persone con disabilit\u00e0, o le persone in &hellip; <a href=\"https:\/\/www.lourdes-france.org\/it\/organizzazione-del-santuario-di-nostra-signora-di-lourdes\/associazione-lourdes-solidarites\/\">Continua<\/a><\/p>\n","protected":false},"author":7,"featured_media":1054376,"parent":873264,"menu_order":0,"comment_status":"closed","ping_status":"closed","template":"","meta":{"_acf_changed":false,"footnotes":""},"class_list":["post-1058150","page","type-page","status-publish","has-post-thumbnail","hentry"],"acf":[],"yoast_head":"<!-- This site is optimized with the Yoast SEO plugin v24.7 - https:\/\/yoast.com\/wordpress\/plugins\/seo\/ -->\n<title>L&#039;Associazione &quot;Lourdes solidarit\u00e9s&quot;<\/title>\n<meta name=\"description\" content=\"L&#039;associazione &quot;Lourdes solidarit\u00e9s&quot; ha lo scopo di sviluppare tutte le attivit\u00e0 sociali e medico-sociali a favore dei pi\u00f9 bisognosi.\" \/>\n<meta name=\"robots\" content=\"index, follow, max-snippet:-1, max-image-preview:large, max-video-preview:-1\" \/>\n<link rel=\"canonical\" href=\"https:\/\/www.lourdes-france.org\/it\/organizzazione-del-santuario-di-nostra-signora-di-lourdes\/associazione-lourdes-solidarites\/\" \/>\n<meta name=\"twitter:label1\" content=\"Tempo di lettura stimato\" \/>\n\t<meta name=\"twitter:data1\" content=\"2 minuti\" \/>\n<script type=\"application\/ld+json\" class=\"yoast-schema-graph\">{\"@context\":\"https:\/\/schema.org\",\"@graph\":[{\"@type\":\"WebPage\",\"@id\":\"https:\/\/www.lourdes-france.org\/it\/organizzazione-del-santuario-di-nostra-signora-di-lourdes\/associazione-lourdes-solidarites\/\",\"url\":\"https:\/\/www.lourdes-france.org\/it\/organizzazione-del-santuario-di-nostra-signora-di-lourdes\/associazione-lourdes-solidarites\/\",\"name\":\"L'Associazione \\\"Lourdes solidarit\u00e9s\\\"\",\"isPartOf\":{\"@id\":\"https:\/\/preprod-lourdes.cawita.com\/#website\"},\"primaryImageOfPage\":{\"@id\":\"https:\/\/www.lourdes-france.org\/it\/organizzazione-del-santuario-di-nostra-signora-di-lourdes\/associazione-lourdes-solidarites\/#primaryimage\"},\"image\":{\"@id\":\"https:\/\/www.lourdes-france.org\/it\/organizzazione-del-santuario-di-nostra-signora-di-lourdes\/associazione-lourdes-solidarites\/#primaryimage\"},\"thumbnailUrl\":\"https:\/\/www.lourdes-france.org\/wp-content\/uploads\/2025\/08\/lourdes-solidarites.jpg\",\"datePublished\":\"2025-07-15T14:14:05+00:00\",\"dateModified\":\"2025-09-12T10:22:21+00:00\",\"description\":\"L'associazione \\\"Lourdes solidarit\u00e9s\\\" ha lo scopo di sviluppare tutte le attivit\u00e0 sociali e medico-sociali a favore dei pi\u00f9 bisognosi.\",\"breadcrumb\":{\"@id\":\"https:\/\/www.lourdes-france.org\/it\/organizzazione-del-santuario-di-nostra-signora-di-lourdes\/associazione-lourdes-solidarites\/#breadcrumb\"},\"inLanguage\":\"it-IT\",\"potentialAction\":[{\"@type\":\"ReadAction\",\"target\":[\"https:\/\/www.lourdes-france.org\/it\/organizzazione-del-santuario-di-nostra-signora-di-lourdes\/associazione-lourdes-solidarites\/\"]}]},{\"@type\":\"ImageObject\",\"inLanguage\":\"it-IT\",\"@id\":\"https:\/\/www.lourdes-france.org\/it\/organizzazione-del-santuario-di-nostra-signora-di-lourdes\/associazione-lourdes-solidarites\/#primaryimage\",\"url\":\"https:\/\/www.lourdes-france.org\/wp-content\/uploads\/2025\/08\/lourdes-solidarites.jpg\",\"contentUrl\":\"https:\/\/www.lourdes-france.org\/wp-content\/uploads\/2025\/08\/lourdes-solidarites.jpg\",\"width\":1080,\"height\":1350,\"caption\":\"Lourdes solidarit\u00e9s\"},{\"@type\":\"BreadcrumbList\",\"@id\":\"https:\/\/www.lourdes-france.org\/it\/organizzazione-del-santuario-di-nostra-signora-di-lourdes\/associazione-lourdes-solidarites\/#breadcrumb\",\"itemListElement\":[{\"@type\":\"ListItem\",\"position\":1,\"name\":\"Accueil\",\"item\":\"https:\/\/www.lourdes-france.org\/\"},{\"@type\":\"ListItem\",\"position\":2,\"name\":\"L&rsquo;organizzazione del Santuario di Nostra Signora di Lourdes\",\"item\":\"https:\/\/www.lourdes-france.org\/it\/organizzazione-del-santuario-di-nostra-signora-di-lourdes\/\"},{\"@type\":\"ListItem\",\"position\":3,\"name\":\"Associazione Lourdes Solidarit\u00e9s\"}]},{\"@type\":\"WebSite\",\"@id\":\"https:\/\/preprod-lourdes.cawita.com\/#website\",\"url\":\"https:\/\/preprod-lourdes.cawita.com\/\",\"name\":\"Soutenir le Sanctuaire Notre-Dame de Lourdes\",\"description\":\"\",\"potentialAction\":[{\"@type\":\"SearchAction\",\"target\":{\"@type\":\"EntryPoint\",\"urlTemplate\":\"https:\/\/preprod-lourdes.cawita.com\/?s={search_term_string}\"},\"query-input\":{\"@type\":\"PropertyValueSpecification\",\"valueRequired\":true,\"valueName\":\"search_term_string\"}}],\"inLanguage\":\"it-IT\"}]}<\/script>\n<!-- \/ Yoast SEO plugin. -->","yoast_head_json":{"title":"L'Associazione \"Lourdes solidarit\u00e9s\"","description":"L'associazione \"Lourdes solidarit\u00e9s\" ha lo scopo di sviluppare tutte le attivit\u00e0 sociali e medico-sociali a favore dei pi\u00f9 bisognosi.","robots":{"index":"index","follow":"follow","max-snippet":"max-snippet:-1","max-image-preview":"max-image-preview:large","max-video-preview":"max-video-preview:-1"},"canonical":"https:\/\/www.lourdes-france.org\/it\/organizzazione-del-santuario-di-nostra-signora-di-lourdes\/associazione-lourdes-solidarites\/","twitter_misc":{"Tempo di lettura stimato":"2 minuti"},"schema":{"@context":"https:\/\/schema.org","@graph":[{"@type":"WebPage","@id":"https:\/\/www.lourdes-france.org\/it\/organizzazione-del-santuario-di-nostra-signora-di-lourdes\/associazione-lourdes-solidarites\/","url":"https:\/\/www.lourdes-france.org\/it\/organizzazione-del-santuario-di-nostra-signora-di-lourdes\/associazione-lourdes-solidarites\/","name":"L'Associazione \"Lourdes solidarit\u00e9s\"","isPartOf":{"@id":"https:\/\/preprod-lourdes.cawita.com\/#website"},"primaryImageOfPage":{"@id":"https:\/\/www.lourdes-france.org\/it\/organizzazione-del-santuario-di-nostra-signora-di-lourdes\/associazione-lourdes-solidarites\/#primaryimage"},"image":{"@id":"https:\/\/www.lourdes-france.org\/it\/organizzazione-del-santuario-di-nostra-signora-di-lourdes\/associazione-lourdes-solidarites\/#primaryimage"},"thumbnailUrl":"https:\/\/www.lourdes-france.org\/wp-content\/uploads\/2025\/08\/lourdes-solidarites.jpg","datePublished":"2025-07-15T14:14:05+00:00","dateModified":"2025-09-12T10:22:21+00:00","description":"L'associazione \"Lourdes solidarit\u00e9s\" ha lo scopo di sviluppare tutte le attivit\u00e0 sociali e medico-sociali a favore dei pi\u00f9 bisognosi.","breadcrumb":{"@id":"https:\/\/www.lourdes-france.org\/it\/organizzazione-del-santuario-di-nostra-signora-di-lourdes\/associazione-lourdes-solidarites\/#breadcrumb"},"inLanguage":"it-IT","potentialAction":[{"@type":"ReadAction","target":["https:\/\/www.lourdes-france.org\/it\/organizzazione-del-santuario-di-nostra-signora-di-lourdes\/associazione-lourdes-solidarites\/"]}]},{"@type":"ImageObject","inLanguage":"it-IT","@id":"https:\/\/www.lourdes-france.org\/it\/organizzazione-del-santuario-di-nostra-signora-di-lourdes\/associazione-lourdes-solidarites\/#primaryimage","url":"https:\/\/www.lourdes-france.org\/wp-content\/uploads\/2025\/08\/lourdes-solidarites.jpg","contentUrl":"https:\/\/www.lourdes-france.org\/wp-content\/uploads\/2025\/08\/lourdes-solidarites.jpg","width":1080,"height":1350,"caption":"Lourdes solidarit\u00e9s"},{"@type":"BreadcrumbList","@id":"https:\/\/www.lourdes-france.org\/it\/organizzazione-del-santuario-di-nostra-signora-di-lourdes\/associazione-lourdes-solidarites\/#breadcrumb","itemListElement":[{"@type":"ListItem","position":1,"name":"Accueil","item":"https:\/\/www.lourdes-france.org\/"},{"@type":"ListItem","position":2,"name":"L&rsquo;organizzazione del Santuario di Nostra Signora di Lourdes","item":"https:\/\/www.lourdes-france.org\/it\/organizzazione-del-santuario-di-nostra-signora-di-lourdes\/"},{"@type":"ListItem","position":3,"name":"Associazione Lourdes Solidarit\u00e9s"}]},{"@type":"WebSite","@id":"https:\/\/preprod-lourdes.cawita.com\/#website","url":"https:\/\/preprod-lourdes.cawita.com\/","name":"Soutenir le Sanctuaire Notre-Dame de Lourdes","description":"","potentialAction":[{"@type":"SearchAction","target":{"@type":"EntryPoint","urlTemplate":"https:\/\/preprod-lourdes.cawita.com\/?s={search_term_string}"},"query-input":{"@type":"PropertyValueSpecification","valueRequired":true,"valueName":"search_term_string"}}],"inLanguage":"it-IT"}]}},"_links":{"self":[{"href":"https:\/\/www.lourdes-france.org\/it\/wp-json\/wp\/v2\/pages\/1058150","targetHints":{"allow":["GET"]}}],"collection":[{"href":"https:\/\/www.lourdes-france.org\/it\/wp-json\/wp\/v2\/pages"}],"about":[{"href":"https:\/\/www.lourdes-france.org\/it\/wp-json\/wp\/v2\/types\/page"}],"author":[{"embeddable":true,"href":"https:\/\/www.lourdes-france.org\/it\/wp-json\/wp\/v2\/users\/7"}],"replies":[{"embeddable":true,"href":"https:\/\/www.lourdes-france.org\/it\/wp-json\/wp\/v2\/comments?post=1058150"}],"version-history":[{"count":3,"href":"https:\/\/www.lourdes-france.org\/it\/wp-json\/wp\/v2\/pages\/1058150\/revisions"}],"predecessor-version":[{"id":1067306,"href":"https:\/\/www.lourdes-france.org\/it\/wp-json\/wp\/v2\/pages\/1058150\/revisions\/1067306"}],"up":[{"embeddable":true,"href":"https:\/\/www.lourdes-france.org\/it\/wp-json\/wp\/v2\/pages\/873264"}],"wp:featuredmedia":[{"embeddable":true,"href":"https:\/\/www.lourdes-france.org\/it\/wp-json\/wp\/v2\/media\/1054376"}],"wp:attachment":[{"href":"https:\/\/www.lourdes-france.org\/it\/wp-json\/wp\/v2\/media?parent=1058150"}],"curies":[{"name":"wp","href":"https:\/\/api.w.org\/{rel}","templated":true}]}}