{"id":1058161,"date":"2025-07-15T16:26:01","date_gmt":"2025-07-15T14:26:01","guid":{"rendered":"https:\/\/www.lourdes-france.org\/organisation-du-sanctuaire\/association-lourdes-environnement\/"},"modified":"2025-09-12T12:36:01","modified_gmt":"2025-09-12T10:36:01","slug":"associazione-lourdes-environnement","status":"publish","type":"page","link":"https:\/\/www.lourdes-france.org\/it\/organizzazione-del-santuario-di-nostra-signora-di-lourdes\/associazione-lourdes-environnement\/","title":{"rendered":"Associazione Lourdes Environnement"},"content":{"rendered":"\t\t<div data-elementor-type=\"wp-page\" data-elementor-id=\"1058161\" class=\"elementor elementor-1058161 elementor-1033079\" data-elementor-post-type=\"page\">\n\t\t\t\t\t\t<section class=\"elementor-section elementor-top-section elementor-element elementor-element-311f84e elementor-section-full_width elementor-section-stretched elementor-section-height-default elementor-section-height-default\" data-id=\"311f84e\" data-element_type=\"section\" data-settings=\"{&quot;stretch_section&quot;:&quot;section-stretched&quot;,&quot;background_background&quot;:&quot;classic&quot;}\">\n\t\t\t\t\t\t\t<div class=\"elementor-background-overlay\"><\/div>\n\t\t\t\t\t\t\t<div class=\"elementor-container elementor-column-gap-default\">\n\t\t\t\t\t<div class=\"elementor-column elementor-col-100 elementor-top-column elementor-element elementor-element-c47a9c1\" data-id=\"c47a9c1\" data-element_type=\"column\">\n\t\t\t<div class=\"elementor-widget-wrap elementor-element-populated\">\n\t\t\t\t\t\t<div class=\"elementor-element elementor-element-da35dae elementor-widget elementor-widget-spacer\" data-id=\"da35dae\" data-element_type=\"widget\" data-widget_type=\"spacer.default\">\n\t\t\t\t<div class=\"elementor-widget-container\">\n\t\t\t\t\t\t\t<div class=\"elementor-spacer\">\n\t\t\t<div class=\"elementor-spacer-inner\"><\/div>\n\t\t<\/div>\n\t\t\t\t\t\t<\/div>\n\t\t\t\t<\/div>\n\t\t\t\t<div class=\"elementor-element elementor-element-c592306 elementor-widget elementor-widget-image\" data-id=\"c592306\" data-element_type=\"widget\" data-widget_type=\"image.default\">\n\t\t\t\t<div class=\"elementor-widget-container\">\n\t\t\t\t\t\t\t\t\t\t\t\t\t\t\t<img fetchpriority=\"high\" decoding=\"async\" width=\"876\" height=\"246\" src=\"https:\/\/www.lourdes-france.org\/wp-content\/uploads\/2025\/07\/logo_jeunesse.png\" class=\"attachment-large size-large wp-image-1033210\" alt=\"logo Lourdes Environnement\" srcset=\"https:\/\/www.lourdes-france.org\/wp-content\/uploads\/2025\/07\/logo_jeunesse.png 876w, https:\/\/www.lourdes-france.org\/wp-content\/uploads\/2025\/07\/logo_jeunesse-300x84.png 300w, https:\/\/www.lourdes-france.org\/wp-content\/uploads\/2025\/07\/logo_jeunesse-768x216.png 768w\" sizes=\"(max-width: 876px) 100vw, 876px\" \/>\t\t\t\t\t\t\t\t\t\t\t\t\t\t\t<\/div>\n\t\t\t\t<\/div>\n\t\t\t\t<div class=\"elementor-element elementor-element-5cc6ca7 elementor-widget elementor-widget-spacer\" data-id=\"5cc6ca7\" data-element_type=\"widget\" data-widget_type=\"spacer.default\">\n\t\t\t\t<div class=\"elementor-widget-container\">\n\t\t\t\t\t\t\t<div class=\"elementor-spacer\">\n\t\t\t<div class=\"elementor-spacer-inner\"><\/div>\n\t\t<\/div>\n\t\t\t\t\t\t<\/div>\n\t\t\t\t<\/div>\n\t\t\t\t\t<\/div>\n\t\t<\/div>\n\t\t\t\t\t<\/div>\n\t\t<\/section>\n\t\t\t\t<section class=\"elementor-section elementor-top-section elementor-element elementor-element-2d09ab1 elementor-section-full_width elementor-section-height-default elementor-section-height-default\" data-id=\"2d09ab1\" data-element_type=\"section\" data-settings=\"{&quot;background_background&quot;:&quot;classic&quot;}\">\n\t\t\t\t\t\t<div class=\"elementor-container elementor-column-gap-default\">\n\t\t\t\t\t<div class=\"elementor-column elementor-col-100 elementor-top-column elementor-element elementor-element-30934f5\" data-id=\"30934f5\" data-element_type=\"column\">\n\t\t\t<div class=\"elementor-widget-wrap elementor-element-populated\">\n\t\t\t\t\t\t<div class=\"elementor-element elementor-element-8c8cfd4 elementor-widget elementor-widget-spacer\" data-id=\"8c8cfd4\" data-element_type=\"widget\" data-widget_type=\"spacer.default\">\n\t\t\t\t<div class=\"elementor-widget-container\">\n\t\t\t\t\t\t\t<div class=\"elementor-spacer\">\n\t\t\t<div class=\"elementor-spacer-inner\"><\/div>\n\t\t<\/div>\n\t\t\t\t\t\t<\/div>\n\t\t\t\t<\/div>\n\t\t\t\t<div class=\"elementor-element elementor-element-a93e991 elementor-widget elementor-widget-heading\" data-id=\"a93e991\" data-element_type=\"widget\" data-widget_type=\"heading.default\">\n\t\t\t\t<div class=\"elementor-widget-container\">\n\t\t\t\t\t<h2 class=\"elementor-heading-title elementor-size-default\">ASSOCIAZIONE DI INTERESSE GENERALE AI SENSI DELLA LEGGE DEL 1901\n\u00ab LOURDES ENVIRONNEMENT \u00bb<\/h2>\t\t\t\t<\/div>\n\t\t\t\t<\/div>\n\t\t\t\t<div class=\"elementor-element elementor-element-f3c5416 elementor-widget elementor-widget-heading\" data-id=\"f3c5416\" data-element_type=\"widget\" data-widget_type=\"heading.default\">\n\t\t\t\t<div class=\"elementor-widget-container\">\n\t\t\t\t\t<h2 class=\"elementor-heading-title elementor-size-default\">_________________<\/h2>\t\t\t\t<\/div>\n\t\t\t\t<\/div>\n\t\t\t\t<div class=\"elementor-element elementor-element-71372f1 elementor-widget elementor-widget-text-editor\" data-id=\"71372f1\" data-element_type=\"widget\" data-widget_type=\"text-editor.default\">\n\t\t\t\t<div class=\"elementor-widget-container\">\n\t\t\t\t\t\t\t\t\t<h2><span class=\"s3\">Estratto dallo statuto:<\/span><\/h2><p><span class=\"s2\">Lo scopo dell&#8217;associazione \u00e8 sviluppare tutte le attivit\u00e0 di interesse generale volte a studiare, promuovere e preservare la biodiversit\u00e0 animale e vegetale del sito del <a href=\"https:\/\/www.lourdes-france.org\/organisation-sanctuaire-lourdes\/\">Santuario di Lourdes<\/a> e, pi\u00f9 in generale, svolgere tutte le attivit\u00e0 che contribuiscono alla preservazione e alla rigenerazione <\/span><span class=\"s2\">dell&#8217;<a href=\"https:\/\/www.lourdes-france.org\/?page_id=1027984&amp;preview=true\">ambiente<\/a><\/span><span class=\"s2\"><a href=\"https:\/\/www.lourdes-france.org\/?page_id=1027984&amp;preview=true\"> naturale<\/a> del sito del Santuario di Lourdes in un approccio di gestione virtuoso che affronta le sfide ecologiche poste dall&#8217;adattamento degli ecosistemi ai cambiamenti climatici.<\/span><\/p><h2><span class=\"s3\">Azioni e progetti:<\/span><\/h2><p><span class=\"s2\">Il sito del Santuario si estende su 55 ettari, <\/span><span class=\"s2\">ed \u00e8 costituito per <\/span><span class=\"s2\">la maggior parte <\/span><span class=\"s2\">da <a href=\"https:\/\/www.lourdes-france.org\/?page_id=1023880&amp;preview=true\">spazi<\/a><\/span><a href=\"https:\/\/www.lourdes-france.org\/?page_id=1023880&amp;preview=true\"><span class=\"s2\"> verdi <\/span><\/a><span class=\"s2\">con<\/span><span class=\"s2\"> numerosi alberi di pregio, diversi chilometri di rive del fiume Gave de Pau, che attraversa il Santuario, e un notevole patrimonio di arte rupestre. Fa parte della rete Natura 2000.<\/span><\/p><p><span class=\"s2\">Preservare questo patrimonio naturale significa proteggere la biodiversit\u00e0 (<\/span><span class=\"s2\">ad esempio la <\/span><span class=\"s2\">lotta alle specie invasive, <\/span><span class=\"s2\">la protezione de<\/span><span class=\"s2\">gli habitat dei pesci migratori nel Gave, degli uccelli e degli insetti <\/span><span class=\"s2\">presenti <\/span><span class=\"s2\">nel sito e <\/span><span class=\"s2\">la piantumazione con<\/span><span class=\"s2\"> specie arboree autoctone), oltre <\/span><span class=\"s2\">provvedere <\/span><span class=\"s2\">alla manutenzione quotidiana.<\/span><\/p><p><span class=\"s2\">La centrale idroelettrica del Santuario produce il 50% del fabbisogno elettrico del sito. Un progetto mira a rendere il Santuario completamente autonomo dal punto di <\/span><span class=\"s2\">vista energetico, riducendo al contempo significativamente l<\/span><span class=\"s2\">e<\/span><span class=\"s2\"> su<\/span><span class=\"s2\">e<\/span> <a href=\"https:\/\/www.lourdes-france.org\/?page_id=1023882&amp;preview=true\"><span class=\"s2\">emissioni<\/span><\/a><span class=\"s2\"><a href=\"https:\/\/www.lourdes-france.org\/?page_id=1023882&amp;preview=true\"> di carbonio<\/a>.<\/span><\/p><p><span class=\"s2\">Sono previsti diversi progetti e iniziative didattiche per valorizzare il patrimonio naturale del Santuario e per sensibilizzare e coinvolgere il pubblico in un impegno sostenibile.<\/span><\/p><h2><span class=\"s3\">Come donare:<\/span><\/h2><p><span class=\"s5\"><em>Il fondo di dotazione Lourdes United riceve le donazioni per Lourdes Environment e le ridistribuisce.<\/em> <\/span><\/p><p><span class=\"s2\">Tramite assegno (in francese) intestato a &#8220;Lourdes United&#8221; e intestato al Santuario di Nostra Signora di Lourdes, Servizi Donatori, 1 avenue Mgr Th\u00e9as, 65100 LOURDES<\/span><\/p><p><span class=\"s2\">Tramite bonifico bancario: contattare <\/span><a href=\"mailto:donateur@lourdes-france.com\"><span class=\"s4\">donateur@lourdes-france.com<\/span><\/a><\/p><p><span class=\"s2\">Per qualsiasi domanda: <\/span><a href=\"mailto:donateur@lourdes-france.com\"><span class=\"s4\">donateur@lourdes-france.com<\/span><\/a> <span class=\"s2\">o +33 5 62 42 82 82<\/span><\/p>\t\t\t\t\t\t\t\t<\/div>\n\t\t\t\t<\/div>\n\t\t\t\t<div class=\"elementor-element elementor-element-99eb007 elementor-widget elementor-widget-link-in-bio\" data-id=\"99eb007\" data-element_type=\"widget\" data-widget_type=\"link-in-bio.default\">\n\t\t\t\t<div class=\"elementor-widget-container\">\n\t\t\t\t\t\t\t<div class=\"e-link-in-bio e-link-in-bio\">\n\t\t\t<div class=\"e-link-in-bio__content\">\n\n\t\t\t\t\t\t<div class=\"e-link-in-bio__identity\">\n\t\t\t\t\t\t\t\t\t<div class=\"e-link-in-bio__identity-image e-link-in-bio__identity-image-profile has-border has-style-circle\">\n\t\t\t\t\t\t\t<img decoding=\"async\" width=\"300\" height=\"200\" src=\"https:\/\/www.lourdes-france.org\/wp-content\/uploads\/2025\/07\/21_service-donateur-01-300x200.jpg\" class=\"e-link-in-bio__identity-image-element\" alt=\"Service des donateurs Corrine et Cathy\" srcset=\"https:\/\/www.lourdes-france.org\/wp-content\/uploads\/2025\/07\/21_service-donateur-01-300x200.jpg 300w, https:\/\/www.lourdes-france.org\/wp-content\/uploads\/2025\/07\/21_service-donateur-01-1024x683.jpg 1024w, https:\/\/www.lourdes-france.org\/wp-content\/uploads\/2025\/07\/21_service-donateur-01-768x512.jpg 768w, https:\/\/www.lourdes-france.org\/wp-content\/uploads\/2025\/07\/21_service-donateur-01-1536x1024.jpg 1536w, https:\/\/www.lourdes-france.org\/wp-content\/uploads\/2025\/07\/21_service-donateur-01-2048x1365.jpg 2048w\" sizes=\"(max-width: 300px) 100vw, 300px\" \/>\t\t\t\t\t\t\t\t\t\t\t\t\t<\/div>\n\t\t\t\t\t\t\t<\/div>\n\t\t\t\t\t<div class=\"e-link-in-bio__bio\">\n\t\t\t\t<h2 class=\"e-link-in-bio__heading\">Service des Donateurs<\/h2>\t\t\t\t<h2 class=\"e-link-in-bio__title\">Sanctuaire Notre-Dame de Lourdes<\/h2>\t\t\t\t\t\t\t\t\t\t\t<\/div>\n\t\t\t\t\t<div class=\"e-link-in-bio__icons has-size-medium\">\n\t\t\t\t\t\t\t<div class=\"e-link-in-bio__icon is-size-medium\">\n\t\t\t\t\t<a aria-label=\"Telephone\" class=\"e-link-in-bio__icon-link\" href=\"tel:+33562428282\">\n\t\t\t\t\t\t<span class=\"e-link-in-bio__icon-svg\">\n\t\t\t\t\t\t\t<i aria-hidden=\"true\" class=\"fas fa-phone-alt\"><\/i>\t\t\t\t\t\t<\/span>\n\t\t\t\t\t\t\t\t\t\t\t<\/a>\n\t\t\t\t<\/div>\n\t\t\t\t\t\t\t<div class=\"e-link-in-bio__icon is-size-medium\">\n\t\t\t\t\t<a aria-label=\"Email\" class=\"e-link-in-bio__icon-link\" href=\"mailto:donateur@lourdes-france.com\">\n\t\t\t\t\t\t<span class=\"e-link-in-bio__icon-svg\">\n\t\t\t\t\t\t\t<i aria-hidden=\"true\" class=\"fas fa-envelope\"><\/i>\t\t\t\t\t\t<\/span>\n\t\t\t\t\t\t\t\t\t\t\t<\/a>\n\t\t\t\t<\/div>\n\t\t\t\t\t<\/div>\n\t\t\n\t\t<div class=\"e-link-in-bio__ctas has-type-button\">\n\t\t\t\t\t\t\t<a target=\"_blank\" rel=\"noopener \" class=\"e-link-in-bio__cta is-type-button has-corners-rounded\" href=\"\">\n\t\t\t\t\t\t\t\t\t\t<span class=\"e-link-in-bio__cta-text\">\n\t\t\t\t\t\t1 avenue Mgr Th\u00e9as \u2013 65 108 Lourdes  France\t\t\t\t\t<\/span>\n\t\t\t\t<\/a>\n\t\t\t\t\t<\/div>\n\t\t\n\t\t\t<\/div>\n\t\t\t<div class=\"e-link-in-bio__bg\">\n\t\t\t\t<div class=\"e-link-in-bio__bg-overlay\"><\/div>\n\t\t\t<\/div>\n\t\t<\/div>\n\t\t\t\t\t\t<\/div>\n\t\t\t\t<\/div>\n\t\t\t\t<div class=\"elementor-element elementor-element-c7d1c44 elementor-view-default elementor-widget elementor-widget-icon\" data-id=\"c7d1c44\" data-element_type=\"widget\" data-widget_type=\"icon.default\">\n\t\t\t\t<div class=\"elementor-widget-container\">\n\t\t\t\t\t\t\t<div class=\"elementor-icon-wrapper\">\n\t\t\t<div class=\"elementor-icon\">\n\t\t\t<i aria-hidden=\"true\" class=\"fas fa-church\"><\/i>\t\t\t<\/div>\n\t\t<\/div>\n\t\t\t\t\t\t<\/div>\n\t\t\t\t<\/div>\n\t\t\t\t\t<\/div>\n\t\t<\/div>\n\t\t\t\t\t<\/div>\n\t\t<\/section>\n\t\t\t\t<\/div>\n\t\t","protected":false},"excerpt":{"rendered":"<p>ASSOCIAZIONE DI INTERESSE GENERALE AI SENSI DELLA LEGGE DEL 1901 \u00ab LOURDES ENVIRONNEMENT \u00bb _________________ Estratto dallo statuto: Lo scopo dell&#8217;associazione \u00e8 sviluppare tutte le attivit\u00e0 di interesse generale volte a studiare, promuovere e preservare la biodiversit\u00e0 animale e vegetale &hellip; <a href=\"https:\/\/www.lourdes-france.org\/it\/organizzazione-del-santuario-di-nostra-signora-di-lourdes\/associazione-lourdes-environnement\/\">Continua<\/a><\/p>\n","protected":false},"author":7,"featured_media":1054401,"parent":873264,"menu_order":0,"comment_status":"closed","ping_status":"closed","template":"","meta":{"_acf_changed":false,"footnotes":""},"class_list":["post-1058161","page","type-page","status-publish","has-post-thumbnail","hentry"],"acf":[],"yoast_head":"<!-- This site is optimized with the Yoast SEO plugin v24.7 - https:\/\/yoast.com\/wordpress\/plugins\/seo\/ -->\n<title>L&#039;Associazione &quot;Lourdes environnement&quot;<\/title>\n<meta name=\"description\" content=\"L&#039;associazione &quot;Lourdes environnement&quot; ha lo scopo di sviluppare tutte le attivit\u00e0 volte a studiare, valorizzare e preservare la biodiversit\u00e0 del Santuario.\" \/>\n<meta name=\"robots\" content=\"index, follow, max-snippet:-1, max-image-preview:large, max-video-preview:-1\" \/>\n<link rel=\"canonical\" href=\"https:\/\/www.lourdes-france.org\/it\/organizzazione-del-santuario-di-nostra-signora-di-lourdes\/associazione-lourdes-environnement\/\" \/>\n<meta name=\"twitter:label1\" content=\"Tempo di lettura stimato\" \/>\n\t<meta name=\"twitter:data1\" content=\"3 minuti\" \/>\n<script type=\"application\/ld+json\" class=\"yoast-schema-graph\">{\"@context\":\"https:\/\/schema.org\",\"@graph\":[{\"@type\":\"WebPage\",\"@id\":\"https:\/\/www.lourdes-france.org\/it\/organizzazione-del-santuario-di-nostra-signora-di-lourdes\/associazione-lourdes-environnement\/\",\"url\":\"https:\/\/www.lourdes-france.org\/it\/organizzazione-del-santuario-di-nostra-signora-di-lourdes\/associazione-lourdes-environnement\/\",\"name\":\"L'Associazione \\\"Lourdes environnement\\\"\",\"isPartOf\":{\"@id\":\"https:\/\/preprod-lourdes.cawita.com\/#website\"},\"primaryImageOfPage\":{\"@id\":\"https:\/\/www.lourdes-france.org\/it\/organizzazione-del-santuario-di-nostra-signora-di-lourdes\/associazione-lourdes-environnement\/#primaryimage\"},\"image\":{\"@id\":\"https:\/\/www.lourdes-france.org\/it\/organizzazione-del-santuario-di-nostra-signora-di-lourdes\/associazione-lourdes-environnement\/#primaryimage\"},\"thumbnailUrl\":\"https:\/\/www.lourdes-france.org\/wp-content\/uploads\/2025\/08\/lourdes-environnement.jpg\",\"datePublished\":\"2025-07-15T14:26:01+00:00\",\"dateModified\":\"2025-09-12T10:36:01+00:00\",\"description\":\"L'associazione \\\"Lourdes environnement\\\" ha lo scopo di sviluppare tutte le attivit\u00e0 volte a studiare, valorizzare e preservare la biodiversit\u00e0 del Santuario.\",\"breadcrumb\":{\"@id\":\"https:\/\/www.lourdes-france.org\/it\/organizzazione-del-santuario-di-nostra-signora-di-lourdes\/associazione-lourdes-environnement\/#breadcrumb\"},\"inLanguage\":\"it-IT\",\"potentialAction\":[{\"@type\":\"ReadAction\",\"target\":[\"https:\/\/www.lourdes-france.org\/it\/organizzazione-del-santuario-di-nostra-signora-di-lourdes\/associazione-lourdes-environnement\/\"]}]},{\"@type\":\"ImageObject\",\"inLanguage\":\"it-IT\",\"@id\":\"https:\/\/www.lourdes-france.org\/it\/organizzazione-del-santuario-di-nostra-signora-di-lourdes\/associazione-lourdes-environnement\/#primaryimage\",\"url\":\"https:\/\/www.lourdes-france.org\/wp-content\/uploads\/2025\/08\/lourdes-environnement.jpg\",\"contentUrl\":\"https:\/\/www.lourdes-france.org\/wp-content\/uploads\/2025\/08\/lourdes-environnement.jpg\",\"width\":1080,\"height\":1350,\"caption\":\"Association Lourdes environnement\"},{\"@type\":\"BreadcrumbList\",\"@id\":\"https:\/\/www.lourdes-france.org\/it\/organizzazione-del-santuario-di-nostra-signora-di-lourdes\/associazione-lourdes-environnement\/#breadcrumb\",\"itemListElement\":[{\"@type\":\"ListItem\",\"position\":1,\"name\":\"Accueil\",\"item\":\"https:\/\/www.lourdes-france.org\/\"},{\"@type\":\"ListItem\",\"position\":2,\"name\":\"L&rsquo;organizzazione del Santuario di Nostra Signora di Lourdes\",\"item\":\"https:\/\/www.lourdes-france.org\/it\/organizzazione-del-santuario-di-nostra-signora-di-lourdes\/\"},{\"@type\":\"ListItem\",\"position\":3,\"name\":\"Associazione Lourdes Environnement\"}]},{\"@type\":\"WebSite\",\"@id\":\"https:\/\/preprod-lourdes.cawita.com\/#website\",\"url\":\"https:\/\/preprod-lourdes.cawita.com\/\",\"name\":\"Soutenir le Sanctuaire Notre-Dame de Lourdes\",\"description\":\"\",\"potentialAction\":[{\"@type\":\"SearchAction\",\"target\":{\"@type\":\"EntryPoint\",\"urlTemplate\":\"https:\/\/preprod-lourdes.cawita.com\/?s={search_term_string}\"},\"query-input\":{\"@type\":\"PropertyValueSpecification\",\"valueRequired\":true,\"valueName\":\"search_term_string\"}}],\"inLanguage\":\"it-IT\"}]}<\/script>\n<!-- \/ Yoast SEO plugin. -->","yoast_head_json":{"title":"L'Associazione \"Lourdes environnement\"","description":"L'associazione \"Lourdes environnement\" ha lo scopo di sviluppare tutte le attivit\u00e0 volte a studiare, valorizzare e preservare la biodiversit\u00e0 del Santuario.","robots":{"index":"index","follow":"follow","max-snippet":"max-snippet:-1","max-image-preview":"max-image-preview:large","max-video-preview":"max-video-preview:-1"},"canonical":"https:\/\/www.lourdes-france.org\/it\/organizzazione-del-santuario-di-nostra-signora-di-lourdes\/associazione-lourdes-environnement\/","twitter_misc":{"Tempo di lettura stimato":"3 minuti"},"schema":{"@context":"https:\/\/schema.org","@graph":[{"@type":"WebPage","@id":"https:\/\/www.lourdes-france.org\/it\/organizzazione-del-santuario-di-nostra-signora-di-lourdes\/associazione-lourdes-environnement\/","url":"https:\/\/www.lourdes-france.org\/it\/organizzazione-del-santuario-di-nostra-signora-di-lourdes\/associazione-lourdes-environnement\/","name":"L'Associazione \"Lourdes environnement\"","isPartOf":{"@id":"https:\/\/preprod-lourdes.cawita.com\/#website"},"primaryImageOfPage":{"@id":"https:\/\/www.lourdes-france.org\/it\/organizzazione-del-santuario-di-nostra-signora-di-lourdes\/associazione-lourdes-environnement\/#primaryimage"},"image":{"@id":"https:\/\/www.lourdes-france.org\/it\/organizzazione-del-santuario-di-nostra-signora-di-lourdes\/associazione-lourdes-environnement\/#primaryimage"},"thumbnailUrl":"https:\/\/www.lourdes-france.org\/wp-content\/uploads\/2025\/08\/lourdes-environnement.jpg","datePublished":"2025-07-15T14:26:01+00:00","dateModified":"2025-09-12T10:36:01+00:00","description":"L'associazione \"Lourdes environnement\" ha lo scopo di sviluppare tutte le attivit\u00e0 volte a studiare, valorizzare e preservare la biodiversit\u00e0 del Santuario.","breadcrumb":{"@id":"https:\/\/www.lourdes-france.org\/it\/organizzazione-del-santuario-di-nostra-signora-di-lourdes\/associazione-lourdes-environnement\/#breadcrumb"},"inLanguage":"it-IT","potentialAction":[{"@type":"ReadAction","target":["https:\/\/www.lourdes-france.org\/it\/organizzazione-del-santuario-di-nostra-signora-di-lourdes\/associazione-lourdes-environnement\/"]}]},{"@type":"ImageObject","inLanguage":"it-IT","@id":"https:\/\/www.lourdes-france.org\/it\/organizzazione-del-santuario-di-nostra-signora-di-lourdes\/associazione-lourdes-environnement\/#primaryimage","url":"https:\/\/www.lourdes-france.org\/wp-content\/uploads\/2025\/08\/lourdes-environnement.jpg","contentUrl":"https:\/\/www.lourdes-france.org\/wp-content\/uploads\/2025\/08\/lourdes-environnement.jpg","width":1080,"height":1350,"caption":"Association Lourdes environnement"},{"@type":"BreadcrumbList","@id":"https:\/\/www.lourdes-france.org\/it\/organizzazione-del-santuario-di-nostra-signora-di-lourdes\/associazione-lourdes-environnement\/#breadcrumb","itemListElement":[{"@type":"ListItem","position":1,"name":"Accueil","item":"https:\/\/www.lourdes-france.org\/"},{"@type":"ListItem","position":2,"name":"L&rsquo;organizzazione del Santuario di Nostra Signora di Lourdes","item":"https:\/\/www.lourdes-france.org\/it\/organizzazione-del-santuario-di-nostra-signora-di-lourdes\/"},{"@type":"ListItem","position":3,"name":"Associazione Lourdes Environnement"}]},{"@type":"WebSite","@id":"https:\/\/preprod-lourdes.cawita.com\/#website","url":"https:\/\/preprod-lourdes.cawita.com\/","name":"Soutenir le Sanctuaire Notre-Dame de Lourdes","description":"","potentialAction":[{"@type":"SearchAction","target":{"@type":"EntryPoint","urlTemplate":"https:\/\/preprod-lourdes.cawita.com\/?s={search_term_string}"},"query-input":{"@type":"PropertyValueSpecification","valueRequired":true,"valueName":"search_term_string"}}],"inLanguage":"it-IT"}]}},"_links":{"self":[{"href":"https:\/\/www.lourdes-france.org\/it\/wp-json\/wp\/v2\/pages\/1058161","targetHints":{"allow":["GET"]}}],"collection":[{"href":"https:\/\/www.lourdes-france.org\/it\/wp-json\/wp\/v2\/pages"}],"about":[{"href":"https:\/\/www.lourdes-france.org\/it\/wp-json\/wp\/v2\/types\/page"}],"author":[{"embeddable":true,"href":"https:\/\/www.lourdes-france.org\/it\/wp-json\/wp\/v2\/users\/7"}],"replies":[{"embeddable":true,"href":"https:\/\/www.lourdes-france.org\/it\/wp-json\/wp\/v2\/comments?post=1058161"}],"version-history":[{"count":3,"href":"https:\/\/www.lourdes-france.org\/it\/wp-json\/wp\/v2\/pages\/1058161\/revisions"}],"predecessor-version":[{"id":1067315,"href":"https:\/\/www.lourdes-france.org\/it\/wp-json\/wp\/v2\/pages\/1058161\/revisions\/1067315"}],"up":[{"embeddable":true,"href":"https:\/\/www.lourdes-france.org\/it\/wp-json\/wp\/v2\/pages\/873264"}],"wp:featuredmedia":[{"embeddable":true,"href":"https:\/\/www.lourdes-france.org\/it\/wp-json\/wp\/v2\/media\/1054401"}],"wp:attachment":[{"href":"https:\/\/www.lourdes-france.org\/it\/wp-json\/wp\/v2\/media?parent=1058161"}],"curies":[{"name":"wp","href":"https:\/\/api.w.org\/{rel}","templated":true}]}}