{"id":1058524,"date":"2025-08-20T09:26:49","date_gmt":"2025-08-20T07:26:49","guid":{"rendered":"https:\/\/www.lourdes-france.org\/pelerinages-organises-de-lourdes\/"},"modified":"2025-08-28T16:50:38","modified_gmt":"2025-08-28T14:50:38","slug":"pellegrinaggi-organizzati-a-lourdes","status":"publish","type":"page","link":"https:\/\/www.lourdes-france.org\/it\/pellegrinaggi-organizzati-a-lourdes\/","title":{"rendered":"Pellegrinaggi organizzati a Lourdes"},"content":{"rendered":"\t\t<div data-elementor-type=\"wp-page\" data-elementor-id=\"1058524\" class=\"elementor elementor-1058524 elementor-1057719\" data-elementor-post-type=\"page\">\n\t\t\t\t\t\t<section class=\"elementor-section elementor-top-section elementor-element elementor-element-8606a60 elementor-section-full_width elementor-section-stretched elementor-section-height-default elementor-section-height-default\" data-id=\"8606a60\" data-element_type=\"section\" data-settings=\"{&quot;stretch_section&quot;:&quot;section-stretched&quot;,&quot;background_background&quot;:&quot;classic&quot;}\">\n\t\t\t\t\t\t<div class=\"elementor-container elementor-column-gap-default\">\n\t\t\t\t\t<div class=\"elementor-column elementor-col-100 elementor-top-column elementor-element elementor-element-6d1362f\" data-id=\"6d1362f\" data-element_type=\"column\">\n\t\t\t<div class=\"elementor-widget-wrap elementor-element-populated\">\n\t\t\t\t\t\t<div class=\"elementor-element elementor-element-ddc845f elementor-widget elementor-widget-spacer\" data-id=\"ddc845f\" data-element_type=\"widget\" data-widget_type=\"spacer.default\">\n\t\t\t\t<div class=\"elementor-widget-container\">\n\t\t\t\t\t\t\t<div class=\"elementor-spacer\">\n\t\t\t<div class=\"elementor-spacer-inner\"><\/div>\n\t\t<\/div>\n\t\t\t\t\t\t<\/div>\n\t\t\t\t<\/div>\n\t\t\t\t\t<\/div>\n\t\t<\/div>\n\t\t\t\t\t<\/div>\n\t\t<\/section>\n\t\t\t\t<section class=\"elementor-section elementor-top-section elementor-element elementor-element-e1f674f elementor-section-full_width elementor-section-height-default elementor-section-height-default\" data-id=\"e1f674f\" data-element_type=\"section\" data-settings=\"{&quot;background_background&quot;:&quot;classic&quot;}\">\n\t\t\t\t\t\t<div class=\"elementor-container elementor-column-gap-default\">\n\t\t\t\t\t<div class=\"elementor-column elementor-col-100 elementor-top-column elementor-element elementor-element-95f9054\" data-id=\"95f9054\" data-element_type=\"column\">\n\t\t\t<div class=\"elementor-widget-wrap elementor-element-populated\">\n\t\t\t\t\t\t<div class=\"elementor-element elementor-element-26e2f7e elementor-widget elementor-widget-spacer\" data-id=\"26e2f7e\" data-element_type=\"widget\" data-widget_type=\"spacer.default\">\n\t\t\t\t<div class=\"elementor-widget-container\">\n\t\t\t\t\t\t\t<div class=\"elementor-spacer\">\n\t\t\t<div class=\"elementor-spacer-inner\"><\/div>\n\t\t<\/div>\n\t\t\t\t\t\t<\/div>\n\t\t\t\t<\/div>\n\t\t\t\t<div class=\"elementor-element elementor-element-ead11da elementor-widget elementor-widget-heading\" data-id=\"ead11da\" data-element_type=\"widget\" data-widget_type=\"heading.default\">\n\t\t\t\t<div class=\"elementor-widget-container\">\n\t\t\t\t\t<h2 class=\"elementor-heading-title elementor-size-default\">Pellegrinaggi <br>organizzati a Lourdes\n<\/h2>\t\t\t\t<\/div>\n\t\t\t\t<\/div>\n\t\t\t\t<div class=\"elementor-element elementor-element-ddccbfc elementor-widget elementor-widget-heading\" data-id=\"ddccbfc\" data-element_type=\"widget\" data-widget_type=\"heading.default\">\n\t\t\t\t<div class=\"elementor-widget-container\">\n\t\t\t\t\t<h2 class=\"elementor-heading-title elementor-size-default\">_________________<\/h2>\t\t\t\t<\/div>\n\t\t\t\t<\/div>\n\t\t\t\t<div class=\"elementor-element elementor-element-2b79b05 elementor-widget elementor-widget-text-editor\" data-id=\"2b79b05\" data-element_type=\"widget\" data-widget_type=\"text-editor.default\">\n\t\t\t\t<div class=\"elementor-widget-container\">\n\t\t\t\t\t\t\t\t\t<p style=\"text-align: center;\"><strong><span class=\"s5\">Un <a href=\"https:\/\/www.lourdes-france.org\/les-pelerinages\/\">pellegrinaggio<\/a>, individualmente, \u00e8 un&#8217;esperienza che tutti possono intraprendere per ricordare ci\u00f2 che <\/span><span class=\"s5\">ci insegna <\/span><span class=\"s5\">la Chiesa: la vita sulla Terra \u00e8 un pellegrinaggio che ci conduce a Dio.<br \/><\/span><span class=\"s5\">Un pellegrinaggio intrapreso da un gruppo di fedeli o da una comunit\u00e0 religiosa \u00e8 un atto collettivo che testimonia la Fede che lo ispira.<\/span><\/strong><\/p>\t\t\t\t\t\t\t\t<\/div>\n\t\t\t\t<\/div>\n\t\t\t\t<div class=\"elementor-element elementor-element-003ae93 elementor-widget elementor-widget-text-editor\" data-id=\"003ae93\" data-element_type=\"widget\" data-widget_type=\"text-editor.default\">\n\t\t\t\t<div class=\"elementor-widget-container\">\n\t\t\t\t\t\t\t\t\t<h2><span class=\"s6\">Storia dei pellegrinaggi a Lourdes<\/span><\/h2><p><span class=\"s7\">Da<\/span><span class=\"s7\"> quell\u201911<\/span><span class=\"s7\"> febbraio 1858, giorno della prima apparizione, il numero di visitatori alla Grotta <\/span><span class=\"s7\">non <\/span><span class=\"s7\">ha <\/span><span class=\"s7\">mai cessato di<\/span><span class=\"s7\"> crescere.<br \/><\/span><em><span class=\"s7\">&#8220;<\/span><span class=\"s7\">Andate <\/span><span class=\"s7\">a dire ai sacerdoti <\/span><span class=\"s7\">che si costruisca<\/span><span class=\"s7\"> qui una cappella e <\/span><span class=\"s7\">vi si venga<\/span><span class=\"s7\"> in processione.&#8221;<br \/><\/span><\/em><span class=\"s7\">I primi <a href=\"https:\/\/www.lourdes-france.com\/quest-ce-quun-pelerinage\/\">pellegrinaggi<\/a> ufficiali si formarono in seguito al riconoscimento delle <a href=\"https:\/\/www.lourdes-france.com\/les-apparitions-de-lourdes\/\">Apparizioni<\/a><\/span><span class=\"s7\">,<\/span><span class=\"s7\"> nel 1862. Questi pellegrinaggi provenivano principalmente da<\/span><span class=\"s7\">lla zona dei<\/span><span class=\"s7\"> Pirenei e venivano organizzati su iniziativa delle parrocchie. Il primo di questi, proveniente da Loubajac, visit\u00f2 la Grotta il 25 luglio 1864.<br \/><\/span><span class=\"s7\">Il 1866 segn\u00f2 una tappa importante con l&#8217;arrivo delle Missionarie dell&#8217;Immacolata Concezione, che iniziarono a organizzare i pellegrinaggi<\/span><span class=\"s7\"> concretamente<\/span><span class=\"s7\">. Nello stesso anno, <\/span><span class=\"s7\">fu benedetta <\/span><span class=\"s7\">la cripta e <\/span><span class=\"s7\">fu inaugurato il <\/span><span class=\"s7\">culto <\/span><span class=\"s7\">celebrato <\/span><span class=\"s7\">alla <a href=\"https:\/\/www.lourdes-france.com\/pelerin-dun-jour\/la-grotte\/\">Grotta<\/a> di Massabielle. <\/span><span class=\"s7\">Giunsero quindi i primi treni <\/span><span class=\"s7\">alla stazione ferroviaria di Lourdes, portando numerosi pellegrini.<\/span><\/p>\t\t\t\t\t\t\t\t<\/div>\n\t\t\t\t<\/div>\n\t\t\t\t<div class=\"elementor-element elementor-element-e4726a6 elementor-widget elementor-widget-image\" data-id=\"e4726a6\" data-element_type=\"widget\" data-widget_type=\"image.default\">\n\t\t\t\t<div class=\"elementor-widget-container\">\n\t\t\t\t\t\t\t\t\t\t\t\t\t\t\t<img fetchpriority=\"high\" decoding=\"async\" width=\"768\" height=\"512\" src=\"https:\/\/www.lourdes-france.org\/wp-content\/uploads\/2025\/08\/2024-messe-Lyon-Grotte-23-768x512.jpg\" class=\"attachment-medium_large size-medium_large wp-image-1057798\" alt=\"P\u00e8lerinage de Lyon en route pour la Grotte de Lourdes\" srcset=\"https:\/\/www.lourdes-france.org\/wp-content\/uploads\/2025\/08\/2024-messe-Lyon-Grotte-23-768x512.jpg 768w, https:\/\/www.lourdes-france.org\/wp-content\/uploads\/2025\/08\/2024-messe-Lyon-Grotte-23-300x200.jpg 300w, https:\/\/www.lourdes-france.org\/wp-content\/uploads\/2025\/08\/2024-messe-Lyon-Grotte-23-1024x683.jpg 1024w, https:\/\/www.lourdes-france.org\/wp-content\/uploads\/2025\/08\/2024-messe-Lyon-Grotte-23-1536x1024.jpg 1536w, https:\/\/www.lourdes-france.org\/wp-content\/uploads\/2025\/08\/2024-messe-Lyon-Grotte-23-2048x1365.jpg 2048w\" sizes=\"(max-width: 768px) 100vw, 768px\" \/>\t\t\t\t\t\t\t\t\t\t\t\t\t\t\t<\/div>\n\t\t\t\t<\/div>\n\t\t\t\t<div class=\"elementor-element elementor-element-00e495c elementor-widget elementor-widget-text-editor\" data-id=\"00e495c\" data-element_type=\"widget\" data-widget_type=\"text-editor.default\">\n\t\t\t\t<div class=\"elementor-widget-container\">\n\t\t\t\t\t\t\t\t\t<h2><span class=\"s5\">Organizzazione progressiva dei pellegrinaggi a Lourdes<\/span><\/h2><p><span class=\"s7\">Nel 1872, in seguito all&#8217;entusiasmo <\/span><span class=\"s7\">suscitato dal<\/span><span class=\"s7\"> primo pellegrinaggio dell&#8217;Associazione di Nostra Signora del Soccorso a La Salette, fu creato un consiglio generale per i pellegrinaggi.<br \/><br \/><\/span><span class=\"s7\">Fin dall&#8217;inizio, anche i <a href=\"https:\/\/www.lourdes-france.org\/?page_id=1033085&amp;preview=true\">malati<\/a> furono inclusi nei pellegrinaggi. Per offrire loro un alloggio adeguato, nel 1874 le Figlie di Nostra Signora <\/span><span class=\"s7\">dei Dolori<\/span><span class=\"s7\"> iniziarono a costruire un ospedale<\/span><span class=\"s7\"> che fu chiamato <\/span><span class=\"s7\">&#8220;Nostra Signora <\/span><span class=\"s7\">dei Dolori<\/span><span class=\"s7\">&#8220;. Nel 1885 fu <\/span><span class=\"s7\">costituita <\/span><span class=\"s7\">l&#8217;Hospitalit\u00e9 Notre-Dame de Lourdes per prendersi cura di questi pellegrini malati al loro arrivo a Lourdes.<br \/><br \/><\/span><span class=\"s7\">Per accogliere i pellegrini, furono apportate le prime migliorie: il corso del Gave fu arretrato per ampliare lo spazio antistante la Grotta e furono costruiti i primi <\/span><span class=\"s7\">luoghi di accoglienza<\/span><span class=\"s7\">.<br \/><br \/><\/span><span class=\"s7\">Nel 1883 fu inaugurato il <\/span><a href=\"https:\/\/www.lourdes-france.com\/le-bureau-des-constatations\/\"><span class=\"s8\">Bureau des Constatations M\u00e9dicales<\/span><\/a><span class=\"s7\"> (Ufficio delle Constatazioni Mediche). <\/span><span class=\"s7\">Questo ufficio f<\/span><span class=\"s7\">u affidato al Dottor Saint-Maclou, che si dedic\u00f2 all&#8217;osservazione delle guarigioni.<br \/><br \/><\/span><span class=\"s7\">Fu solo nel 1938, con un decreto della Santa Sede che incoraggiava i pellegrinaggi, che l&#8217;Associazione dei Direttori Diocesani dei Pellegrinaggi (ANDDP) inizi\u00f2 a coordinare le varie attivit\u00e0 legate a<\/span><span class=\"s7\"> questi viaggi della fede<\/span><span class=\"s7\">. <\/span><span class=\"s7\">L<\/span><span class=\"s7\">&#8216;Associazione Nazionale dei Direttori Diocesani di Pellegrinaggi (ANDDP)<\/span><span class=\"s7\">,<\/span> <span class=\"s7\">d<\/span><span class=\"s7\">iventata nazionale nel 1949<\/span><span class=\"s7\">, <\/span><span class=\"s7\">organizza pellegrinaggi sia fisici che spirituali.<\/span><\/p>\t\t\t\t\t\t\t\t<\/div>\n\t\t\t\t<\/div>\n\t\t\t\t<div class=\"elementor-element elementor-element-005ae71 elementor-widget elementor-widget-text-editor\" data-id=\"005ae71\" data-element_type=\"widget\" data-widget_type=\"text-editor.default\">\n\t\t\t\t<div class=\"elementor-widget-container\">\n\t\t\t\t\t\t\t\t\t<h2><span class=\"s6\">A Lourdes <\/span><span class=\"s6\">sono presenti<\/span><span class=\"s6\"> diverse tipologie di pellegrinaggi:<\/span><\/h2><p><span class=\"s7\">\u2022 Pellegrinaggi diocesani: Lille, Middlesbrough, ecc., organizzati <\/span><span class=\"s7\">dalle diocesi <\/span><span class=\"s7\">attorno al loro vescovo e con l<\/span><span class=\"s7\">e<\/span> <span class=\"s7\">proprie<\/span> <span class=\"s7\">hospitalit\u00e9<br \/><\/span><span class=\"s7\">\u2022 Catene di pellegrinaggi: Unitalsi, ecc.<br \/><\/span><span class=\"s7\">\u2022 Pellegrinaggi &#8220;tematici&#8221;: pastori, motociclisti, contadini, ecc.<br \/><\/span><span class=\"s7\">\u2022 Pellegrinaggi nazionali: Assunzionisti (Nazional<\/span><span class=\"s7\">e<\/span><span class=\"s7\"> Frances<\/span><span class=\"s7\">e<\/span><span class=\"s7\">), Rosario, ecc.<br \/><\/span><span class=\"s7\">\u2022 Pellegrinaggi internazionali: PMI (Pellegrinaggio Militare Internazionale), Ordine di Malta, ecc.<br \/><\/span><span class=\"s7\">\u2022 Incontri &#8220;una tantum&#8221;<\/span><\/p>\t\t\t\t\t\t\t\t<\/div>\n\t\t\t\t<\/div>\n\t\t\t\t<div class=\"elementor-element elementor-element-4c13698 elementor--h-position-center elementor--v-position-middle elementor-arrows-position-inside elementor-pagination-position-inside elementor-widget elementor-widget-slides\" data-id=\"4c13698\" data-element_type=\"widget\" data-settings=\"{&quot;navigation&quot;:&quot;both&quot;,&quot;autoplay&quot;:&quot;yes&quot;,&quot;pause_on_hover&quot;:&quot;yes&quot;,&quot;pause_on_interaction&quot;:&quot;yes&quot;,&quot;autoplay_speed&quot;:5000,&quot;infinite&quot;:&quot;yes&quot;,&quot;transition&quot;:&quot;slide&quot;,&quot;transition_speed&quot;:500}\" data-widget_type=\"slides.default\">\n\t\t\t\t<div class=\"elementor-widget-container\">\n\t\t\t\t\t\t\t\t\t<div class=\"elementor-swiper\">\n\t\t\t\t\t<div class=\"elementor-slides-wrapper elementor-main-swiper swiper\" role=\"region\" aria-roledescription=\"carousel\" aria-label=\"Diapositives\" dir=\"ltr\" data-animation=\"fadeInUp\">\n\t\t\t\t<div class=\"swiper-wrapper elementor-slides\">\n\t\t\t\t\t\t\t\t\t\t<div class=\"elementor-repeater-item-a145700 swiper-slide\" role=\"group\" aria-roledescription=\"slide\"><div class=\"swiper-slide-bg\" role=\"img\" aria-label=\"Messe \u00e0 l&#039;Hemicycle pour le p\u00e8lerinage des motards\"><\/div><div class=\"swiper-slide-inner\" ><div class=\"swiper-slide-contents\"><\/div><\/div><\/div><div class=\"elementor-repeater-item-9892028 swiper-slide\" role=\"group\" aria-roledescription=\"slide\"><div class=\"swiper-slide-bg\" role=\"img\" aria-label=\"Messe pur le p\u00e8lerinage de Lyon\"><\/div><div class=\"swiper-slide-inner\" ><div class=\"swiper-slide-contents\"><\/div><\/div><\/div><div class=\"elementor-repeater-item-e735a50 swiper-slide\" role=\"group\" aria-roledescription=\"slide\"><div class=\"swiper-slide-bg\" role=\"img\" aria-label=\"Messe d&#039;onction lors du p\u00e8lerinage du Rosaire\"><\/div><div class=\"swiper-slide-inner\" ><div class=\"swiper-slide-contents\"><\/div><\/div><\/div><div class=\"elementor-repeater-item-3327adc swiper-slide\" role=\"group\" aria-roledescription=\"slide\"><div class=\"swiper-slide-bg\" role=\"img\" aria-label=\"Messe \u00e0 la Grotte pour le p\u00e8lerinage Voir ensemble\"><\/div><div class=\"swiper-slide-inner\" ><div class=\"swiper-slide-contents\"><\/div><\/div><\/div><div class=\"elementor-repeater-item-2af1347 swiper-slide\" role=\"group\" aria-roledescription=\"slide\"><div class=\"swiper-slide-bg\" role=\"img\" aria-label=\"Messe \u00e0 la Basilique souterraine Pie X du p\u00e8lerinage HCPT\"><\/div><div class=\"swiper-slide-inner\" ><div class=\"swiper-slide-contents\"><\/div><\/div><\/div><div class=\"elementor-repeater-item-a2cea01 swiper-slide\" role=\"group\" aria-roledescription=\"slide\"><div class=\"swiper-slide-bg\" role=\"img\" aria-label=\"Messe d&#039;engagement au p\u00e8lerinage du rosaire\"><\/div><div class=\"swiper-slide-inner\" ><div class=\"swiper-slide-contents\"><\/div><\/div><\/div><div class=\"elementor-repeater-item-0e33a3d swiper-slide\" role=\"group\" aria-roledescription=\"slide\"><div class=\"swiper-slide-bg\" role=\"img\" aria-label=\"P\u00e8lerinage militaire international\"><\/div><div class=\"swiper-slide-inner\" ><div class=\"swiper-slide-contents\"><\/div><\/div><\/div>\t\t\t\t<\/div>\n\t\t\t\t\t\t\t\t\t\t\t\t\t\t\t<div class=\"elementor-swiper-button elementor-swiper-button-prev\" role=\"button\" tabindex=\"0\" aria-label=\"Diapositiva precedente\">\n\t\t\t\t\t\t\t<i aria-hidden=\"true\" class=\"eicon-chevron-left\"><\/i>\t\t\t\t\t\t<\/div>\n\t\t\t\t\t\t<div class=\"elementor-swiper-button elementor-swiper-button-next\" role=\"button\" tabindex=\"0\" aria-label=\"Prossima diapositiva\">\n\t\t\t\t\t\t\t<i aria-hidden=\"true\" class=\"eicon-chevron-right\"><\/i>\t\t\t\t\t\t<\/div>\n\t\t\t\t\t\t\t\t\t\t\t\t\t\t\t\t<div class=\"swiper-pagination\"><\/div>\n\t\t\t\t\t\t\t\t\t\t\t\t<\/div>\n\t\t\t\t<\/div>\n\t\t\t\t\t\t\t\t<\/div>\n\t\t\t\t<\/div>\n\t\t\t\t<div class=\"elementor-element elementor-element-ba0cea8 elementor-view-default elementor-widget elementor-widget-icon\" data-id=\"ba0cea8\" data-element_type=\"widget\" data-widget_type=\"icon.default\">\n\t\t\t\t<div class=\"elementor-widget-container\">\n\t\t\t\t\t\t\t<div class=\"elementor-icon-wrapper\">\n\t\t\t<div class=\"elementor-icon\">\n\t\t\t<i aria-hidden=\"true\" class=\"fas fa-church\"><\/i>\t\t\t<\/div>\n\t\t<\/div>\n\t\t\t\t\t\t<\/div>\n\t\t\t\t<\/div>\n\t\t\t\t\t<\/div>\n\t\t<\/div>\n\t\t\t\t\t<\/div>\n\t\t<\/section>\n\t\t\t\t<\/div>\n\t\t","protected":false},"excerpt":{"rendered":"<p>Pellegrinaggi organizzati a Lourdes _________________ Un pellegrinaggio, individualmente, \u00e8 un&#8217;esperienza che tutti possono intraprendere per ricordare ci\u00f2 che ci insegna la Chiesa: la vita sulla Terra \u00e8 un pellegrinaggio che ci conduce a Dio.Un pellegrinaggio intrapreso da un gruppo di &hellip; <a href=\"https:\/\/www.lourdes-france.org\/it\/pellegrinaggi-organizzati-a-lourdes\/\">Continua<\/a><\/p>\n","protected":false},"author":7,"featured_media":1052452,"parent":0,"menu_order":0,"comment_status":"closed","ping_status":"closed","template":"","meta":{"_acf_changed":false,"footnotes":""},"class_list":["post-1058524","page","type-page","status-publish","has-post-thumbnail","hentry"],"acf":[],"yoast_head":"<!-- This site is optimized with the Yoast SEO plugin v24.7 - https:\/\/yoast.com\/wordpress\/plugins\/seo\/ -->\n<title>Pellegrinaggi organizzati a Lourdes<\/title>\n<meta name=\"description\" content=\"Un p\u00e8lerinage entrepris par un groupe de fid\u00e8les ou une communaut\u00e9 religieuse est un acte collectif qui t\u00e9moigne de la Foi qui l\u2019anime.\" \/>\n<meta name=\"robots\" content=\"index, follow, max-snippet:-1, max-image-preview:large, max-video-preview:-1\" \/>\n<link rel=\"canonical\" href=\"https:\/\/www.lourdes-france.org\/it\/pellegrinaggi-organizzati-a-lourdes\/\" \/>\n<meta name=\"twitter:label1\" content=\"Tempo di lettura stimato\" \/>\n\t<meta name=\"twitter:data1\" content=\"3 minuti\" \/>\n<script type=\"application\/ld+json\" class=\"yoast-schema-graph\">{\"@context\":\"https:\/\/schema.org\",\"@graph\":[{\"@type\":\"WebPage\",\"@id\":\"https:\/\/www.lourdes-france.org\/it\/pellegrinaggi-organizzati-a-lourdes\/\",\"url\":\"https:\/\/www.lourdes-france.org\/it\/pellegrinaggi-organizzati-a-lourdes\/\",\"name\":\"Pellegrinaggi organizzati a Lourdes\",\"isPartOf\":{\"@id\":\"https:\/\/preprod-lourdes.cawita.com\/#website\"},\"primaryImageOfPage\":{\"@id\":\"https:\/\/www.lourdes-france.org\/it\/pellegrinaggi-organizzati-a-lourdes\/#primaryimage\"},\"image\":{\"@id\":\"https:\/\/www.lourdes-france.org\/it\/pellegrinaggi-organizzati-a-lourdes\/#primaryimage\"},\"thumbnailUrl\":\"https:\/\/www.lourdes-france.org\/wp-content\/uploads\/2025\/08\/53247757921_4292f8f471_o.jpg\",\"datePublished\":\"2025-08-20T07:26:49+00:00\",\"dateModified\":\"2025-08-28T14:50:38+00:00\",\"description\":\"Un p\u00e8lerinage entrepris par un groupe de fid\u00e8les ou une communaut\u00e9 religieuse est un acte collectif qui t\u00e9moigne de la Foi qui l\u2019anime.\",\"breadcrumb\":{\"@id\":\"https:\/\/www.lourdes-france.org\/it\/pellegrinaggi-organizzati-a-lourdes\/#breadcrumb\"},\"inLanguage\":\"it-IT\",\"potentialAction\":[{\"@type\":\"ReadAction\",\"target\":[\"https:\/\/www.lourdes-france.org\/it\/pellegrinaggi-organizzati-a-lourdes\/\"]}]},{\"@type\":\"ImageObject\",\"inLanguage\":\"it-IT\",\"@id\":\"https:\/\/www.lourdes-france.org\/it\/pellegrinaggi-organizzati-a-lourdes\/#primaryimage\",\"url\":\"https:\/\/www.lourdes-france.org\/wp-content\/uploads\/2025\/08\/53247757921_4292f8f471_o.jpg\",\"contentUrl\":\"https:\/\/www.lourdes-france.org\/wp-content\/uploads\/2025\/08\/53247757921_4292f8f471_o.jpg\",\"width\":1920,\"height\":1080,\"caption\":\"Les p\u00e8lerinages organis\u00e9s de Lourdes\"},{\"@type\":\"BreadcrumbList\",\"@id\":\"https:\/\/www.lourdes-france.org\/it\/pellegrinaggi-organizzati-a-lourdes\/#breadcrumb\",\"itemListElement\":[{\"@type\":\"ListItem\",\"position\":1,\"name\":\"Accueil\",\"item\":\"https:\/\/www.lourdes-france.org\/\"},{\"@type\":\"ListItem\",\"position\":2,\"name\":\"Pellegrinaggi organizzati a Lourdes\"}]},{\"@type\":\"WebSite\",\"@id\":\"https:\/\/preprod-lourdes.cawita.com\/#website\",\"url\":\"https:\/\/preprod-lourdes.cawita.com\/\",\"name\":\"Soutenir le Sanctuaire Notre-Dame de Lourdes\",\"description\":\"\",\"potentialAction\":[{\"@type\":\"SearchAction\",\"target\":{\"@type\":\"EntryPoint\",\"urlTemplate\":\"https:\/\/preprod-lourdes.cawita.com\/?s={search_term_string}\"},\"query-input\":{\"@type\":\"PropertyValueSpecification\",\"valueRequired\":true,\"valueName\":\"search_term_string\"}}],\"inLanguage\":\"it-IT\"}]}<\/script>\n<!-- \/ Yoast SEO plugin. -->","yoast_head_json":{"title":"Pellegrinaggi organizzati a Lourdes","description":"Un p\u00e8lerinage entrepris par un groupe de fid\u00e8les ou une communaut\u00e9 religieuse est un acte collectif qui t\u00e9moigne de la Foi qui l\u2019anime.","robots":{"index":"index","follow":"follow","max-snippet":"max-snippet:-1","max-image-preview":"max-image-preview:large","max-video-preview":"max-video-preview:-1"},"canonical":"https:\/\/www.lourdes-france.org\/it\/pellegrinaggi-organizzati-a-lourdes\/","twitter_misc":{"Tempo di lettura stimato":"3 minuti"},"schema":{"@context":"https:\/\/schema.org","@graph":[{"@type":"WebPage","@id":"https:\/\/www.lourdes-france.org\/it\/pellegrinaggi-organizzati-a-lourdes\/","url":"https:\/\/www.lourdes-france.org\/it\/pellegrinaggi-organizzati-a-lourdes\/","name":"Pellegrinaggi organizzati a Lourdes","isPartOf":{"@id":"https:\/\/preprod-lourdes.cawita.com\/#website"},"primaryImageOfPage":{"@id":"https:\/\/www.lourdes-france.org\/it\/pellegrinaggi-organizzati-a-lourdes\/#primaryimage"},"image":{"@id":"https:\/\/www.lourdes-france.org\/it\/pellegrinaggi-organizzati-a-lourdes\/#primaryimage"},"thumbnailUrl":"https:\/\/www.lourdes-france.org\/wp-content\/uploads\/2025\/08\/53247757921_4292f8f471_o.jpg","datePublished":"2025-08-20T07:26:49+00:00","dateModified":"2025-08-28T14:50:38+00:00","description":"Un p\u00e8lerinage entrepris par un groupe de fid\u00e8les ou une communaut\u00e9 religieuse est un acte collectif qui t\u00e9moigne de la Foi qui l\u2019anime.","breadcrumb":{"@id":"https:\/\/www.lourdes-france.org\/it\/pellegrinaggi-organizzati-a-lourdes\/#breadcrumb"},"inLanguage":"it-IT","potentialAction":[{"@type":"ReadAction","target":["https:\/\/www.lourdes-france.org\/it\/pellegrinaggi-organizzati-a-lourdes\/"]}]},{"@type":"ImageObject","inLanguage":"it-IT","@id":"https:\/\/www.lourdes-france.org\/it\/pellegrinaggi-organizzati-a-lourdes\/#primaryimage","url":"https:\/\/www.lourdes-france.org\/wp-content\/uploads\/2025\/08\/53247757921_4292f8f471_o.jpg","contentUrl":"https:\/\/www.lourdes-france.org\/wp-content\/uploads\/2025\/08\/53247757921_4292f8f471_o.jpg","width":1920,"height":1080,"caption":"Les p\u00e8lerinages organis\u00e9s de Lourdes"},{"@type":"BreadcrumbList","@id":"https:\/\/www.lourdes-france.org\/it\/pellegrinaggi-organizzati-a-lourdes\/#breadcrumb","itemListElement":[{"@type":"ListItem","position":1,"name":"Accueil","item":"https:\/\/www.lourdes-france.org\/"},{"@type":"ListItem","position":2,"name":"Pellegrinaggi organizzati a Lourdes"}]},{"@type":"WebSite","@id":"https:\/\/preprod-lourdes.cawita.com\/#website","url":"https:\/\/preprod-lourdes.cawita.com\/","name":"Soutenir le Sanctuaire Notre-Dame de Lourdes","description":"","potentialAction":[{"@type":"SearchAction","target":{"@type":"EntryPoint","urlTemplate":"https:\/\/preprod-lourdes.cawita.com\/?s={search_term_string}"},"query-input":{"@type":"PropertyValueSpecification","valueRequired":true,"valueName":"search_term_string"}}],"inLanguage":"it-IT"}]}},"_links":{"self":[{"href":"https:\/\/www.lourdes-france.org\/it\/wp-json\/wp\/v2\/pages\/1058524","targetHints":{"allow":["GET"]}}],"collection":[{"href":"https:\/\/www.lourdes-france.org\/it\/wp-json\/wp\/v2\/pages"}],"about":[{"href":"https:\/\/www.lourdes-france.org\/it\/wp-json\/wp\/v2\/types\/page"}],"author":[{"embeddable":true,"href":"https:\/\/www.lourdes-france.org\/it\/wp-json\/wp\/v2\/users\/7"}],"replies":[{"embeddable":true,"href":"https:\/\/www.lourdes-france.org\/it\/wp-json\/wp\/v2\/comments?post=1058524"}],"version-history":[{"count":3,"href":"https:\/\/www.lourdes-france.org\/it\/wp-json\/wp\/v2\/pages\/1058524\/revisions"}],"predecessor-version":[{"id":1062125,"href":"https:\/\/www.lourdes-france.org\/it\/wp-json\/wp\/v2\/pages\/1058524\/revisions\/1062125"}],"wp:featuredmedia":[{"embeddable":true,"href":"https:\/\/www.lourdes-france.org\/it\/wp-json\/wp\/v2\/media\/1052452"}],"wp:attachment":[{"href":"https:\/\/www.lourdes-france.org\/it\/wp-json\/wp\/v2\/media?parent=1058524"}],"curies":[{"name":"wp","href":"https:\/\/api.w.org\/{rel}","templated":true}]}}