{"id":10733,"date":"2018-07-18T16:51:45","date_gmt":"2018-07-18T14:51:45","guid":{"rendered":"https:\/\/www.lourdes-france.org\/suivre-procession-eucharistique\/"},"modified":"2021-03-02T16:09:35","modified_gmt":"2021-03-02T15:09:35","slug":"processione-eucaristica","status":"publish","type":"page","link":"https:\/\/www.lourdes-france.org\/it\/processione-eucaristica\/","title":{"rendered":"Seguire la processione eucaristica"},"content":{"rendered":"\t\t<div data-elementor-type=\"wp-post\" data-elementor-id=\"10733\" class=\"elementor elementor-10733 elementor-665 elementor-bc-flex-widget\" data-elementor-post-type=\"page\">\n\t\t\t\t\t\t<section class=\"elementor-section elementor-top-section elementor-element elementor-element-3c85477b elementor-section-boxed elementor-section-height-default elementor-section-height-default\" data-id=\"3c85477b\" data-element_type=\"section\">\n\t\t\t\t\t\t<div class=\"elementor-container elementor-column-gap-no\">\n\t\t\t\t\t<div class=\"elementor-column elementor-col-100 elementor-top-column elementor-element elementor-element-1949f2c3\" data-id=\"1949f2c3\" data-element_type=\"column\">\n\t\t\t<div class=\"elementor-widget-wrap elementor-element-populated\">\n\t\t\t\t\t\t<div class=\"elementor-element elementor-element-69b88c8 elementor-widget elementor-widget-text-editor\" data-id=\"69b88c8\" data-element_type=\"widget\" data-widget_type=\"text-editor.default\">\n\t\t\t\t<div class=\"elementor-widget-container\">\n\t\t\t\t\t\t\t\t\t<p>&#8220;<em>Vada a dire ai sacerdoti che qui si costruisca una cappella e si venga in processione<\/em>&#8220;, \u00e8 ci\u00f2 che ha chiesto la Vergine Maria a Bernadette durante un&#8217;apparizione. Ogni giorno, da aprile a ottobre, alle h.17, i pellegrini di Lourdes rispondono a questa richiesta della Vergine Maria riunendosi per la processione chiamata &#8220;<em>eucaristica<\/em>&#8220;. La processione parte dalla prateria del Santuario e si conclude presso la Basilica San Pio X, con un momento di preghiera di adorazione del Santissimo Sacramento seguito dalla benedizione dei pellegrini tra i quali, in prima fila, i disabili e i malati.<\/p>\t\t\t\t\t\t\t\t<\/div>\n\t\t\t\t<\/div>\n\t\t\t\t<div class=\"elementor-element elementor-element-d9c9055 elementor-widget elementor-widget-text-editor\" data-id=\"d9c9055\" data-element_type=\"widget\" data-widget_type=\"text-editor.default\">\n\t\t\t\t<div class=\"elementor-widget-container\">\n\t\t\t\t\t\t\t\t\t<p>La processione eucaristica risale al 1874 e si \u00e8 sviluppa con diverse modalit\u00e0 nel corso degli anni. In presenza di caldo eccessivo o di cattivo tempo, la processione pu\u00f2 essere sostituita dalle &#8220;lodi eucaristiche&#8221;.<\/p>\t\t\t\t\t\t\t\t<\/div>\n\t\t\t\t<\/div>\n\t\t\t\t<div class=\"elementor-element elementor-element-1e023abc elementor-widget elementor-widget-text-editor\" data-id=\"1e023abc\" data-element_type=\"widget\" data-widget_type=\"text-editor.default\">\n\t\t\t\t<div class=\"elementor-widget-container\">\n\t\t\t\t\t\t\t\t\t<p><span style=\"color: #e8a702;\">Lo sapevate?\u00a0<\/span>Potete preparare la vostra partecipazione alla processione adorando il Santissimo Sacramento in una cappella del Santuario (rivolgetevi al Centro Informazioni).<\/p>\t\t\t\t\t\t\t\t<\/div>\n\t\t\t\t<\/div>\n\t\t\t\t<div class=\"elementor-element elementor-element-3a112251 elementor-widget elementor-widget-text-editor\" data-id=\"3a112251\" data-element_type=\"widget\" data-widget_type=\"text-editor.default\">\n\t\t\t\t<div class=\"elementor-widget-container\">\n\t\t\t\t\t\t\t\t\t<h3 class=\"field-label field-duree\">Durata<\/h3><p class=\"field-duree\">1h \/ 1h30, secondo l\u2019affluenza<\/p>\t\t\t\t\t\t\t\t<\/div>\n\t\t\t\t<\/div>\n\t\t\t\t<div class=\"elementor-element elementor-element-5957c01 elementor-widget elementor-widget-text-editor\" data-id=\"5957c01\" data-element_type=\"widget\" data-widget_type=\"text-editor.default\">\n\t\t\t\t<div class=\"elementor-widget-container\">\n\t\t\t\t\t\t\t\t\t<h3 class=\"field-label field-lieu\">Luogo<\/h3><p class=\"field-lieu\">Appuntamento, in caso di bel tempo, al podio della prateria. Quando c\u2019\u00e8 brutto tempo, appuntamento nella Basilica San Pio X.<\/p>\t\t\t\t\t\t\t\t<\/div>\n\t\t\t\t<\/div>\n\t\t\t\t<div class=\"elementor-element elementor-element-238557e elementor-widget elementor-widget-text-editor\" data-id=\"238557e\" data-element_type=\"widget\" data-widget_type=\"text-editor.default\">\n\t\t\t\t<div class=\"elementor-widget-container\">\n\t\t\t\t\t\t\t\t\t<h3 class=\"field-label field-quand\">Quando<\/h3><p class=\"field-quand\">Tutti i giorni alle h.17 durante la stagione dei pellegrinaggi (da Pasqua a Ognissanti)<\/p>\t\t\t\t\t\t\t\t<\/div>\n\t\t\t\t<\/div>\n\t\t\t\t<div class=\"elementor-element elementor-element-6ee3a63 elementor-widget elementor-widget-text-editor\" data-id=\"6ee3a63\" data-element_type=\"widget\" data-widget_type=\"text-editor.default\">\n\t\t\t\t<div class=\"elementor-widget-container\">\n\t\t\t\t\t\t\t\t\t<h3 class=\"orange\">Bisogno di un consiglio?<\/h3><p><strong>Centro d&#8217;informazione del Santuario<\/strong><br \/><span class=\"tel\">+33 (0)5 62 42 20 08<\/span><\/p>\t\t\t\t\t\t\t\t<\/div>\n\t\t\t\t<\/div>\n\t\t\t\t<div class=\"elementor-element elementor-element-4d3e2eac elementor-widget elementor-widget-video\" data-id=\"4d3e2eac\" data-element_type=\"widget\" data-settings=\"{&quot;youtube_url&quot;:&quot;https:\\\/\\\/youtu.be\\\/2QuNwSYAD4A&quot;,&quot;video_type&quot;:&quot;youtube&quot;,&quot;controls&quot;:&quot;yes&quot;}\" data-widget_type=\"video.default\">\n\t\t\t\t<div class=\"elementor-widget-container\">\n\t\t\t\t\t\t\t<div class=\"elementor-wrapper elementor-open-inline\">\n\t\t\t<div class=\"elementor-video\"><\/div>\t\t<\/div>\n\t\t\t\t\t\t<\/div>\n\t\t\t\t<\/div>\n\t\t\t\t\t<\/div>\n\t\t<\/div>\n\t\t\t\t\t<\/div>\n\t\t<\/section>\n\t\t\t\t<\/div>\n\t\t","protected":false},"excerpt":{"rendered":"<p>&#8220;Vada a dire ai sacerdoti che qui si costruisca una cappella e si venga in processione&#8220;, \u00e8 ci\u00f2 che ha chiesto la Vergine Maria a Bernadette durante un&#8217;apparizione. Ogni giorno, da aprile a ottobre, alle h.17, i pellegrini di Lourdes &hellip; <a href=\"https:\/\/www.lourdes-france.org\/it\/processione-eucaristica\/\">Continua<\/a><\/p>\n","protected":false},"author":7,"featured_media":0,"parent":0,"menu_order":0,"comment_status":"closed","ping_status":"closed","template":"","meta":{"_acf_changed":false,"footnotes":""},"class_list":["post-10733","page","type-page","status-publish","hentry"],"acf":[],"yoast_head":"<!-- This site is optimized with the Yoast SEO plugin v24.7 - https:\/\/yoast.com\/wordpress\/plugins\/seo\/ -->\n<title>Seguire la processione eucaristica<\/title>\n<meta name=\"robots\" content=\"index, follow, max-snippet:-1, max-image-preview:large, max-video-preview:-1\" \/>\n<link rel=\"canonical\" href=\"https:\/\/www.lourdes-france.org\/it\/processione-eucaristica\/\" \/>\n<meta name=\"twitter:label1\" content=\"Tempo di lettura stimato\" \/>\n\t<meta name=\"twitter:data1\" content=\"1 minuto\" \/>\n<script type=\"application\/ld+json\" class=\"yoast-schema-graph\">{\"@context\":\"https:\/\/schema.org\",\"@graph\":[{\"@type\":\"WebPage\",\"@id\":\"https:\/\/www.lourdes-france.org\/it\/processione-eucaristica\/\",\"url\":\"https:\/\/www.lourdes-france.org\/it\/processione-eucaristica\/\",\"name\":\"Seguire la processione eucaristica\",\"isPartOf\":{\"@id\":\"https:\/\/preprod-lourdes.cawita.com\/#website\"},\"datePublished\":\"2018-07-18T14:51:45+00:00\",\"dateModified\":\"2021-03-02T15:09:35+00:00\",\"breadcrumb\":{\"@id\":\"https:\/\/www.lourdes-france.org\/it\/processione-eucaristica\/#breadcrumb\"},\"inLanguage\":\"it-IT\",\"potentialAction\":[{\"@type\":\"ReadAction\",\"target\":[\"https:\/\/www.lourdes-france.org\/it\/processione-eucaristica\/\"]}]},{\"@type\":\"BreadcrumbList\",\"@id\":\"https:\/\/www.lourdes-france.org\/it\/processione-eucaristica\/#breadcrumb\",\"itemListElement\":[{\"@type\":\"ListItem\",\"position\":1,\"name\":\"Accueil\",\"item\":\"https:\/\/www.lourdes-france.org\/\"},{\"@type\":\"ListItem\",\"position\":2,\"name\":\"Seguire la processione eucaristica\"}]},{\"@type\":\"WebSite\",\"@id\":\"https:\/\/preprod-lourdes.cawita.com\/#website\",\"url\":\"https:\/\/preprod-lourdes.cawita.com\/\",\"name\":\"Soutenir le Sanctuaire Notre-Dame de Lourdes\",\"description\":\"\",\"potentialAction\":[{\"@type\":\"SearchAction\",\"target\":{\"@type\":\"EntryPoint\",\"urlTemplate\":\"https:\/\/preprod-lourdes.cawita.com\/?s={search_term_string}\"},\"query-input\":{\"@type\":\"PropertyValueSpecification\",\"valueRequired\":true,\"valueName\":\"search_term_string\"}}],\"inLanguage\":\"it-IT\"}]}<\/script>\n<!-- \/ Yoast SEO plugin. -->","yoast_head_json":{"title":"Seguire la processione eucaristica","robots":{"index":"index","follow":"follow","max-snippet":"max-snippet:-1","max-image-preview":"max-image-preview:large","max-video-preview":"max-video-preview:-1"},"canonical":"https:\/\/www.lourdes-france.org\/it\/processione-eucaristica\/","twitter_misc":{"Tempo di lettura stimato":"1 minuto"},"schema":{"@context":"https:\/\/schema.org","@graph":[{"@type":"WebPage","@id":"https:\/\/www.lourdes-france.org\/it\/processione-eucaristica\/","url":"https:\/\/www.lourdes-france.org\/it\/processione-eucaristica\/","name":"Seguire la processione eucaristica","isPartOf":{"@id":"https:\/\/preprod-lourdes.cawita.com\/#website"},"datePublished":"2018-07-18T14:51:45+00:00","dateModified":"2021-03-02T15:09:35+00:00","breadcrumb":{"@id":"https:\/\/www.lourdes-france.org\/it\/processione-eucaristica\/#breadcrumb"},"inLanguage":"it-IT","potentialAction":[{"@type":"ReadAction","target":["https:\/\/www.lourdes-france.org\/it\/processione-eucaristica\/"]}]},{"@type":"BreadcrumbList","@id":"https:\/\/www.lourdes-france.org\/it\/processione-eucaristica\/#breadcrumb","itemListElement":[{"@type":"ListItem","position":1,"name":"Accueil","item":"https:\/\/www.lourdes-france.org\/"},{"@type":"ListItem","position":2,"name":"Seguire la processione eucaristica"}]},{"@type":"WebSite","@id":"https:\/\/preprod-lourdes.cawita.com\/#website","url":"https:\/\/preprod-lourdes.cawita.com\/","name":"Soutenir le Sanctuaire Notre-Dame de Lourdes","description":"","potentialAction":[{"@type":"SearchAction","target":{"@type":"EntryPoint","urlTemplate":"https:\/\/preprod-lourdes.cawita.com\/?s={search_term_string}"},"query-input":{"@type":"PropertyValueSpecification","valueRequired":true,"valueName":"search_term_string"}}],"inLanguage":"it-IT"}]}},"_links":{"self":[{"href":"https:\/\/www.lourdes-france.org\/it\/wp-json\/wp\/v2\/pages\/10733","targetHints":{"allow":["GET"]}}],"collection":[{"href":"https:\/\/www.lourdes-france.org\/it\/wp-json\/wp\/v2\/pages"}],"about":[{"href":"https:\/\/www.lourdes-france.org\/it\/wp-json\/wp\/v2\/types\/page"}],"author":[{"embeddable":true,"href":"https:\/\/www.lourdes-france.org\/it\/wp-json\/wp\/v2\/users\/7"}],"replies":[{"embeddable":true,"href":"https:\/\/www.lourdes-france.org\/it\/wp-json\/wp\/v2\/comments?post=10733"}],"version-history":[{"count":6,"href":"https:\/\/www.lourdes-france.org\/it\/wp-json\/wp\/v2\/pages\/10733\/revisions"}],"predecessor-version":[{"id":20967,"href":"https:\/\/www.lourdes-france.org\/it\/wp-json\/wp\/v2\/pages\/10733\/revisions\/20967"}],"wp:attachment":[{"href":"https:\/\/www.lourdes-france.org\/it\/wp-json\/wp\/v2\/media?parent=10733"}],"curies":[{"name":"wp","href":"https:\/\/api.w.org\/{rel}","templated":true}]}}