{"id":1082698,"date":"2025-09-15T11:21:36","date_gmt":"2025-09-15T09:21:36","guid":{"rendered":"https:\/\/www.lourdes-france.org\/le-centre-de-ressources-historiques\/"},"modified":"2025-11-04T09:03:01","modified_gmt":"2025-11-04T08:03:01","slug":"il-centro-di-risorse-storiche","status":"publish","type":"page","link":"https:\/\/www.lourdes-france.org\/it\/il-centro-di-risorse-storiche\/","title":{"rendered":"Il Centro di Risorse Storiche"},"content":{"rendered":"\t\t<div data-elementor-type=\"wp-page\" data-elementor-id=\"1082698\" class=\"elementor elementor-1082698 elementor-1068128\" data-elementor-post-type=\"page\">\n\t\t\t\t\t\t<section class=\"elementor-section elementor-top-section elementor-element elementor-element-cf746c6 elementor-section-full_width elementor-section-stretched elementor-section-height-default elementor-section-height-default\" data-id=\"cf746c6\" data-element_type=\"section\" data-settings=\"{&quot;stretch_section&quot;:&quot;section-stretched&quot;,&quot;background_background&quot;:&quot;classic&quot;}\">\n\t\t\t\t\t\t<div class=\"elementor-container elementor-column-gap-default\">\n\t\t\t\t\t<div class=\"elementor-column elementor-col-100 elementor-top-column elementor-element elementor-element-4c27135\" data-id=\"4c27135\" data-element_type=\"column\">\n\t\t\t<div class=\"elementor-widget-wrap elementor-element-populated\">\n\t\t\t\t\t\t<div class=\"elementor-element elementor-element-1cf0e93 elementor-widget elementor-widget-spacer\" data-id=\"1cf0e93\" data-element_type=\"widget\" data-widget_type=\"spacer.default\">\n\t\t\t\t<div class=\"elementor-widget-container\">\n\t\t\t\t\t\t\t<div class=\"elementor-spacer\">\n\t\t\t<div class=\"elementor-spacer-inner\"><\/div>\n\t\t<\/div>\n\t\t\t\t\t\t<\/div>\n\t\t\t\t<\/div>\n\t\t\t\t\t<\/div>\n\t\t<\/div>\n\t\t\t\t\t<\/div>\n\t\t<\/section>\n\t\t\t\t<section class=\"elementor-section elementor-top-section elementor-element elementor-element-02f9c04 elementor-section-full_width elementor-section-height-default elementor-section-height-default\" data-id=\"02f9c04\" data-element_type=\"section\" data-settings=\"{&quot;background_background&quot;:&quot;classic&quot;}\">\n\t\t\t\t\t\t<div class=\"elementor-container elementor-column-gap-default\">\n\t\t\t\t\t<div class=\"elementor-column elementor-col-100 elementor-top-column elementor-element elementor-element-dd17d23\" data-id=\"dd17d23\" data-element_type=\"column\">\n\t\t\t<div class=\"elementor-widget-wrap elementor-element-populated\">\n\t\t\t\t\t\t<div class=\"elementor-element elementor-element-3856adc elementor-widget elementor-widget-spacer\" data-id=\"3856adc\" data-element_type=\"widget\" data-widget_type=\"spacer.default\">\n\t\t\t\t<div class=\"elementor-widget-container\">\n\t\t\t\t\t\t\t<div class=\"elementor-spacer\">\n\t\t\t<div class=\"elementor-spacer-inner\"><\/div>\n\t\t<\/div>\n\t\t\t\t\t\t<\/div>\n\t\t\t\t<\/div>\n\t\t\t\t<div class=\"elementor-element elementor-element-9c4a24f elementor-widget elementor-widget-heading\" data-id=\"9c4a24f\" data-element_type=\"widget\" data-widget_type=\"heading.default\">\n\t\t\t\t<div class=\"elementor-widget-container\">\n\t\t\t\t\t<h1 class=\"elementor-heading-title elementor-size-default\">\nIl Centro di Risorse Storiche\ndel Santuario Notre Dame di Lourdes\n <\/h1>\t\t\t\t<\/div>\n\t\t\t\t<\/div>\n\t\t\t\t<div class=\"elementor-element elementor-element-09ba635 elementor-widget elementor-widget-heading\" data-id=\"09ba635\" data-element_type=\"widget\" data-widget_type=\"heading.default\">\n\t\t\t\t<div class=\"elementor-widget-container\">\n\t\t\t\t\t<h2 class=\"elementor-heading-title elementor-size-default\">_________________<\/h2>\t\t\t\t<\/div>\n\t\t\t\t<\/div>\n\t\t\t\t<div class=\"elementor-element elementor-element-9ca2441 elementor-widget elementor-widget-text-editor\" data-id=\"9ca2441\" data-element_type=\"widget\" data-widget_type=\"text-editor.default\">\n\t\t\t\t<div class=\"elementor-widget-container\">\n\t\t\t\t\t\t\t\t\t<p><span class=\"s5\">L<\/span><span class=\"s5\">\u2019istituzione<\/span><span class=\"s5\"> del Centro Risorse Storiche (CR<\/span><span class=\"s5\">H<\/span><span class=\"s5\">) del Santuario No<\/span><span class=\"s5\">tre Dame di <\/span><span class=\"s5\">Lourdes <\/span><span class=\"s5\">costituisce<\/span><span class=\"s5\"> una svolta importante nella conservazione e nella diffusione del suo eccezionale patrimonio. <\/span><span class=\"s5\">Esso realizza infatti l<\/span><span class=\"s5\">a centralizzazione di tutte le collezioni in un&#8217;unica sede risponde<\/span><span class=\"s5\">ndo<\/span><span class=\"s5\"> a<\/span><span class=\"s5\">d alcune esigenze <\/span><span class=\"s5\">strategic<\/span><span class=\"s5\">he quali<\/span><\/p><p><strong><span class=\"s6\">\u2022 <\/span><span class=\"s6\">g<\/span><span class=\"s6\">arantire la conservazione del patrimonio in un ambiente idoneo e sicuro.<br \/><\/span><\/strong><strong><span class=\"s6\">\u2022 <\/span><span class=\"s6\">o<\/span><span class=\"s6\">ffrire uno spazio espositivo e di comunicazione sugli eventi culturali del Santuario.<br \/><\/span><\/strong><strong><span class=\"s6\">\u2022 <\/span><span class=\"s6\">mettere a disposizione<\/span><span class=\"s6\"> uno spazio di consultazione aperto a tutti.<\/span><\/strong><\/p><p><span class=\"s5\">Il progetto mira a ottimizzare e razionalizzare gli spazi di conservazione raggruppando le collezioni in un unico Centro <\/span><span class=\"s5\">di <\/span><span class=\"s5\">Risorse Storiche. Questo centro riunir\u00e0 sia il patrimonio mobile che quello scritto, formando cos\u00ec un&#8217;entit\u00e0 coerente e centralizzata. Attualmente <\/span><span class=\"s5\">le collezioni sono <\/span><span class=\"s5\">disloc<\/span><span class=\"s5\">ate<\/span><span class=\"s5\"> in diverse sedi<\/span><span class=\"s5\"> e<\/span><span class=\"s5\"> devono essere riunite per consentir<\/span><span class=\"s5\">e <\/span><span class=\"s5\">una <\/span><span class=\"s5\">loro <\/span><span class=\"s5\">conservazione <\/span><span class=\"s5\">rigorosa<\/span><span class=\"s5\"> con l\u2019uso di<\/span><span class=\"s5\"> camere di decontaminazione, aree di spolveratura e smistamento, banchine di scarico e stoccaggio, il tutto in condizioni climatiche ottimali e nel rispetto, per quanto possibile, degli standard stabiliti nel <\/span><span class=\"s7\">Vademecum della <\/span><span class=\"s7\">c<\/span><span class=\"s7\">onservazione <\/span><span class=\"s7\">p<\/span><span class=\"s7\">reventiva<\/span><span class=\"s5\">(C2RMF, 2005\/2013).<\/span><\/p><p><span class=\"s5\">Questo progetto \u00e8 essenziale non solo per proteggere questo tesoro storico unico, ma anche per facilitarne l&#8217;accesso a ricercatori, studenti e <\/span><span class=\"s5\">al <\/span><span class=\"s5\">pubblico interessato alla conoscenza. Il CRH sar\u00e0 anche un polo culturale, un luogo di scambio e <\/span><span class=\"s5\">di <\/span><span class=\"s5\">divulgazione.<\/span><\/p><p><span class=\"s5\">Uno spazio espositivo <\/span><span class=\"s5\">per<\/span><span class=\"s5\">metter\u00e0 <\/span><span class=\"s5\">di<\/span> <span class=\"s5\">poter esporre<\/span><span class=\"s5\"> i tesori del Santuario, <\/span><span class=\"s5\">costituito da <\/span><span class=\"s5\">autentiche ricchezze artistiche e testimonianze di pellegrini, sia famosi che anonimi. <\/span><span class=\"s5\">Riunendo raccolte di<\/span><span class=\"s5\"> tessuti, statue, oggetti liturgici e altre collezioni, il CRH ne garantir\u00e0 la conservazione, facilitandone al contempo la divulgazione attraverso mostre, pubblicazioni e ricerche. Questo progetto rappresenta una necessit\u00e0 per il Santuario<\/span><span class=\"s5\"> nonch\u00e9<\/span> <span class=\"s5\">un<\/span><span class=\"s5\"> forte impegno a trasmettere questo patrimonio alle generazioni future. <\/span><\/p><p>\u00a0<\/p><h2><span class=\"s6\">Il patrimonio del Santuario \u00e8 vivo e in continua evoluzione.<\/span><\/h2><p><span class=\"s5\">Esso n<\/span><span class=\"s5\">on si limita <\/span><span class=\"s5\">a giacere ne<\/span><span class=\"s5\">lle sale di conservazione. <\/span><span class=\"s5\">Gli o<\/span><span class=\"s5\">ggetti liturgici, come vasi sacri o paramenti, indipendentemente dalla loro tipologia, <\/span><span class=\"s5\">vengono<\/span><span class=\"s5\"> regolarmente utilizzati per il culto. Situato nel cuore del complesso e all&#8217;incrocio delle basiliche, il CRH faciliter\u00e0 la circolazione delle opere, ne garantir\u00e0 il monitoraggio e <\/span><span class=\"s5\">anche<\/span><span class=\"s5\"> la sicurezza. Mentre la maggior parte delle opere <\/span><span class=\"s5\">preziose<\/span><span class=\"s5\"> \u00e8 conservata nel Tesoro, l&#8217;Ala del Patrimonio del CRH ospiter\u00e0 una parte significativa delle collezioni del Santuario:<\/span><\/p><p><span class=\"s5\">\u2022 paramenti liturgici e altri tessuti antichi (tra cui 300 stendardi processionali),<br \/><\/span><span class=\"s5\">\u2022 statue e rilievi,<br \/><\/span><span class=\"s5\">\u2022 lampadari storici,<br \/><\/span><span class=\"s5\">\u2022 oggetti religiosi (candelieri, leggii, amboni, ecc.),<br \/><\/span><span class=\"s5\">\u2022 arredi liturgici (altari, tabernacoli, balaustre, ecc.),<br \/><\/span><span class=\"s5\">\u2022 ex voto,<br \/><\/span><span class=\"s5\">\u2022 dipinti, fotografie, incisioni, litografie, icone, reliquiari,<br \/><\/span><span class=\"s5\">\u2022 gemme,<br \/><\/span><span class=\"s5\">\u2022 <\/span><span class=\"s5\">antiche <\/span><span class=\"s5\">stampelle <\/span><span class=\"s5\">un tempo posizionate n<\/span><span class=\"s5\">ella Grotta, ecc.<\/span><\/p><p><span class=\"s5\">Questo ambizioso progetto garantir\u00e0 la conservazione ottimale delle collezioni del Santuario e la loro accessibilit\u00e0 per il futuro. \u00c8 <\/span><span class=\"s5\">importante<\/span><span class=\"s5\"> proteggere questo patrimonio eccezionale e condividerlo con il mondo. Non dimentichiamo che il patrimonio del Santuario \u00e8 anche dei suoi pellegrini! <\/span><\/p><h2><span class=\"s6\">Gli archivi e le biblioteche del Santuario di Nostra Signora di Lourdes: un servizio aperto a tutti<\/span><span class=\"s5\">. <\/span><\/h2><p><span class=\"s5\">Gli archivi e le biblioteche del Santuario sono al servizio di pellegrini e ricercatori.<br \/><\/span><span class=\"s5\">Gli archivi rappresentano oltre un chilometro lineare di documenti: archivi storici e amministrativi del Santuario, nonch\u00e9 archivi fotografici.<br \/><\/span><span class=\"s5\">Ci sono stati affidati anche archivi privati, come quelli di Mons. Laurentin, di Padre Cros e del Canonico Charriez.<br \/><\/span><span class=\"s5\">Essi s<\/span><span class=\"s5\">ono disponibili per la consultazione secondo le norme legali vigenti.<\/span><\/p><p><span class=\"s5\">Le biblioteche contengono quasi 17.000 titoli, tra <\/span><span class=\"s5\">i quali<\/span><span class=\"s5\"> spiccano<\/span><span class=\"s5\"> la pi\u00f9 completa collezione sulla storia delle apparizioni di Lourdes, di Bernadette e dello sviluppo del Santuario, la collezione completa dei diari del Santuario, nonch\u00e9 un&#8217;eccezionale collezione dedicata alla teologia, al culto e alla devozione mariana: la Biblioteca <\/span><span class=\"s5\">Mariana, regolarmente arricchita grazie alla partnership con la Societ\u00e0 Francese di Studi Mariani (SFEM), che ci ha affidato <\/span><span class=\"s5\">anche <\/span><span class=\"s5\">la propria collezione. La Biblioteca Mariana \u00e8 una delle sole quattro biblioteche al mondo specializzate in questa materia, e l&#8217;unica <\/span><span class=\"s5\">in lingua francese<\/span><span class=\"s5\">.<\/span><\/p>\t\t\t\t\t\t\t\t<\/div>\n\t\t\t\t<\/div>\n\t\t\t\t<div class=\"elementor-element elementor-element-9b66f5f elementor-widget elementor-widget-heading\" data-id=\"9b66f5f\" data-element_type=\"widget\" data-widget_type=\"heading.default\">\n\t\t\t\t<div class=\"elementor-widget-container\">\n\t\t\t\t\t<h2 class=\"elementor-heading-title elementor-size-default\">Per saperne di pi\u00f9<\/h2>\t\t\t\t<\/div>\n\t\t\t\t<\/div>\n\t\t\t\t<section class=\"elementor-section elementor-inner-section elementor-element elementor-element-998965a elementor-section-boxed elementor-section-height-default elementor-section-height-default\" data-id=\"998965a\" data-element_type=\"section\">\n\t\t\t\t\t\t<div class=\"elementor-container elementor-column-gap-default\">\n\t\t\t\t\t<div class=\"elementor-column elementor-col-50 elementor-inner-column elementor-element elementor-element-dbdf96b\" data-id=\"dbdf96b\" data-element_type=\"column\">\n\t\t\t<div class=\"elementor-widget-wrap elementor-element-populated\">\n\t\t\t\t\t\t<div class=\"elementor-element elementor-element-ad3b0f5 elementor-widget elementor-widget-link-in-bio\" data-id=\"ad3b0f5\" data-element_type=\"widget\" data-widget_type=\"link-in-bio.default\">\n\t\t\t\t<div class=\"elementor-widget-container\">\n\t\t\t\t\t\t\t<div class=\"e-link-in-bio e-link-in-bio\">\n\t\t\t<div class=\"e-link-in-bio__content\">\n\n\t\t\t\t\t\t<div class=\"e-link-in-bio__identity\">\n\t\t\t\t\t\t\t\t\t<div class=\"e-link-in-bio__identity-image e-link-in-bio__identity-image-profile has-border has-style-circle\">\n\t\t\t\t\t\t\t<img fetchpriority=\"high\" decoding=\"async\" width=\"300\" height=\"291\" src=\"https:\/\/www.lourdes-france.org\/wp-content\/uploads\/2025\/08\/2024-Robin-Archives-6-scaled-e1755527886122-300x291.jpg\" class=\"e-link-in-bio__identity-image-element\" alt=\"\" srcset=\"https:\/\/www.lourdes-france.org\/wp-content\/uploads\/2025\/08\/2024-Robin-Archives-6-scaled-e1755527886122-300x291.jpg 300w, https:\/\/www.lourdes-france.org\/wp-content\/uploads\/2025\/08\/2024-Robin-Archives-6-scaled-e1755527886122-1024x994.jpg 1024w, https:\/\/www.lourdes-france.org\/wp-content\/uploads\/2025\/08\/2024-Robin-Archives-6-scaled-e1755527886122-768x746.jpg 768w, https:\/\/www.lourdes-france.org\/wp-content\/uploads\/2025\/08\/2024-Robin-Archives-6-scaled-e1755527886122-1536x1491.jpg 1536w, https:\/\/www.lourdes-france.org\/wp-content\/uploads\/2025\/08\/2024-Robin-Archives-6-scaled-e1755527886122.jpg 1758w\" sizes=\"(max-width: 300px) 100vw, 300px\" \/>\t\t\t\t\t\t\t\t\t\t\t\t\t<\/div>\n\t\t\t\t\t\t\t<\/div>\n\t\t\t\t\t<div class=\"e-link-in-bio__bio\">\n\t\t\t\t<h2 class=\"e-link-in-bio__heading\">Robin DUPONT\n<\/h2>\t\t\t\t<h2 class=\"e-link-in-bio__title\">Conservatore del Patrimonio, SNDL\n<\/h2>\t\t\t\t\t\t\t\t\t\t\t<\/div>\n\t\t\t\t\t<div class=\"e-link-in-bio__icons has-size-medium\">\n\t\t\t\t\t\t\t<div class=\"e-link-in-bio__icon is-size-medium\">\n\t\t\t\t\t<a aria-label=\"Telephone\" class=\"e-link-in-bio__icon-link\" href=\"tel:+33%20(0)5%2062%2042%2066%2048\">\n\t\t\t\t\t\t<span class=\"e-link-in-bio__icon-svg\">\n\t\t\t\t\t\t\t<i aria-hidden=\"true\" class=\"fas fa-phone-alt\"><\/i>\t\t\t\t\t\t<\/span>\n\t\t\t\t\t\t\t\t\t\t\t<\/a>\n\t\t\t\t<\/div>\n\t\t\t\t\t\t\t<div class=\"e-link-in-bio__icon is-size-medium\">\n\t\t\t\t\t<a aria-label=\"Email\" class=\"e-link-in-bio__icon-link\" href=\"mailto:robin.dupont@lourdes-france.com\">\n\t\t\t\t\t\t<span class=\"e-link-in-bio__icon-svg\">\n\t\t\t\t\t\t\t<i aria-hidden=\"true\" class=\"fas fa-envelope\"><\/i>\t\t\t\t\t\t<\/span>\n\t\t\t\t\t\t\t\t\t\t\t<\/a>\n\t\t\t\t<\/div>\n\t\t\t\t\t<\/div>\n\t\t\n\t\t<div class=\"e-link-in-bio__ctas has-type-button\">\n\t\t\t\t\t\t\t<a target=\"_blank\" rel=\"noopener \" class=\"e-link-in-bio__cta is-type-button has-corners-rounded\" href=\"\">\n\t\t\t\t\t\t\t\t\t\t<span class=\"e-link-in-bio__cta-text\">\n\t\t\t\t\t\t1 avenue Mgr Th\u00e9as \u2013 65 108 Lourdes  France\t\t\t\t\t<\/span>\n\t\t\t\t<\/a>\n\t\t\t\t\t<\/div>\n\t\t\n\t\t\t<\/div>\n\t\t\t<div class=\"e-link-in-bio__bg\">\n\t\t\t\t<div class=\"e-link-in-bio__bg-overlay\"><\/div>\n\t\t\t<\/div>\n\t\t<\/div>\n\t\t\t\t\t\t<\/div>\n\t\t\t\t<\/div>\n\t\t\t\t\t<\/div>\n\t\t<\/div>\n\t\t\t\t<div class=\"elementor-column elementor-col-50 elementor-inner-column elementor-element elementor-element-af7c4e9\" data-id=\"af7c4e9\" data-element_type=\"column\">\n\t\t\t<div class=\"elementor-widget-wrap elementor-element-populated\">\n\t\t\t\t\t\t<div class=\"elementor-element elementor-element-52142af elementor-widget elementor-widget-link-in-bio\" data-id=\"52142af\" data-element_type=\"widget\" data-widget_type=\"link-in-bio.default\">\n\t\t\t\t<div class=\"elementor-widget-container\">\n\t\t\t\t\t\t\t<div class=\"e-link-in-bio e-link-in-bio\">\n\t\t\t<div class=\"e-link-in-bio__content\">\n\n\t\t\t\t\t\t<div class=\"e-link-in-bio__identity\">\n\t\t\t\t\t\t\t\t\t<div class=\"e-link-in-bio__identity-image e-link-in-bio__identity-image-profile has-border has-style-circle\">\n\t\t\t\t\t\t\t<img decoding=\"async\" width=\"300\" height=\"300\" src=\"https:\/\/www.lourdes-france.org\/wp-content\/uploads\/2025\/08\/image-2-1-300x300.jpg\" class=\"e-link-in-bio__identity-image-element\" alt=\"\" srcset=\"https:\/\/www.lourdes-france.org\/wp-content\/uploads\/2025\/08\/image-2-1-300x300.jpg 300w, https:\/\/www.lourdes-france.org\/wp-content\/uploads\/2025\/08\/image-2-1-150x150.jpg 150w, https:\/\/www.lourdes-france.org\/wp-content\/uploads\/2025\/08\/image-2-1.jpg 320w\" sizes=\"(max-width: 300px) 100vw, 300px\" \/>\t\t\t\t\t\t\t\t\t\t\t\t\t<\/div>\n\t\t\t\t\t\t\t<\/div>\n\t\t\t\t\t<div class=\"e-link-in-bio__bio\">\n\t\t\t\t<h2 class=\"e-link-in-bio__heading\">Nicolas Dargegen\n<\/h2>\t\t\t\t<h2 class=\"e-link-in-bio__title\">Responsabile Archivi e Biblioteche, SNDL\n<\/h2>\t\t\t\t\t\t\t\t\t\t\t<\/div>\n\t\t\t\t\t<div class=\"e-link-in-bio__icons has-size-medium\">\n\t\t\t\t\t\t\t<div class=\"e-link-in-bio__icon is-size-medium\">\n\t\t\t\t\t<a aria-label=\"Telephone\" class=\"e-link-in-bio__icon-link\" href=\"tel:+33%20(0)5%2062%2042%2078%2044\">\n\t\t\t\t\t\t<span class=\"e-link-in-bio__icon-svg\">\n\t\t\t\t\t\t\t<i aria-hidden=\"true\" class=\"fas fa-phone-alt\"><\/i>\t\t\t\t\t\t<\/span>\n\t\t\t\t\t\t\t\t\t\t\t<\/a>\n\t\t\t\t<\/div>\n\t\t\t\t\t\t\t<div class=\"e-link-in-bio__icon is-size-medium\">\n\t\t\t\t\t<a aria-label=\"Email\" class=\"e-link-in-bio__icon-link\" href=\"mailto:nicolas.dargegen@lourdes-france.com\">\n\t\t\t\t\t\t<span class=\"e-link-in-bio__icon-svg\">\n\t\t\t\t\t\t\t<i aria-hidden=\"true\" class=\"fas fa-envelope\"><\/i>\t\t\t\t\t\t<\/span>\n\t\t\t\t\t\t\t\t\t\t\t<\/a>\n\t\t\t\t<\/div>\n\t\t\t\t\t<\/div>\n\t\t\n\t\t<div class=\"e-link-in-bio__ctas has-type-button\">\n\t\t\t\t\t\t\t<a target=\"_blank\" rel=\"noopener \" class=\"e-link-in-bio__cta is-type-button has-corners-rounded\" href=\"\">\n\t\t\t\t\t\t\t\t\t\t<span class=\"e-link-in-bio__cta-text\">\n\t\t\t\t\t\t1 avenue Mgr Th\u00e9as \u2013 65 108 Lourdes  France\t\t\t\t\t<\/span>\n\t\t\t\t<\/a>\n\t\t\t\t\t<\/div>\n\t\t\n\t\t\t<\/div>\n\t\t\t<div class=\"e-link-in-bio__bg\">\n\t\t\t\t<div class=\"e-link-in-bio__bg-overlay\"><\/div>\n\t\t\t<\/div>\n\t\t<\/div>\n\t\t\t\t\t\t<\/div>\n\t\t\t\t<\/div>\n\t\t\t\t\t<\/div>\n\t\t<\/div>\n\t\t\t\t\t<\/div>\n\t\t<\/section>\n\t\t\t\t<div class=\"elementor-element elementor-element-22998cc elementor-view-default elementor-widget elementor-widget-icon\" data-id=\"22998cc\" data-element_type=\"widget\" data-widget_type=\"icon.default\">\n\t\t\t\t<div class=\"elementor-widget-container\">\n\t\t\t\t\t\t\t<div class=\"elementor-icon-wrapper\">\n\t\t\t<div class=\"elementor-icon\">\n\t\t\t<i aria-hidden=\"true\" class=\"fas fa-church\"><\/i>\t\t\t<\/div>\n\t\t<\/div>\n\t\t\t\t\t\t<\/div>\n\t\t\t\t<\/div>\n\t\t\t\t\t<\/div>\n\t\t<\/div>\n\t\t\t\t\t<\/div>\n\t\t<\/section>\n\t\t\t\t<\/div>\n\t\t","protected":false},"excerpt":{"rendered":"<p>Il Centro di Risorse Storiche del Santuario Notre Dame di Lourdes _________________ L\u2019istituzione del Centro Risorse Storiche (CRH) del Santuario Notre Dame di Lourdes costituisce una svolta importante nella conservazione e nella diffusione del suo eccezionale patrimonio. Esso realizza infatti &hellip; <a href=\"https:\/\/www.lourdes-france.org\/it\/il-centro-di-risorse-storiche\/\">Continua<\/a><\/p>\n","protected":false},"author":7,"featured_media":1068133,"parent":0,"menu_order":0,"comment_status":"closed","ping_status":"closed","template":"","meta":{"_acf_changed":false,"footnotes":""},"class_list":["post-1082698","page","type-page","status-publish","has-post-thumbnail","hentry"],"acf":[],"yoast_head":"<!-- This site is optimized with the Yoast SEO plugin v24.7 - https:\/\/yoast.com\/wordpress\/plugins\/seo\/ -->\n<title>Il Centro di Risorse Storiche<\/title>\n<meta name=\"robots\" content=\"index, follow, max-snippet:-1, max-image-preview:large, max-video-preview:-1\" \/>\n<link rel=\"canonical\" href=\"https:\/\/www.lourdes-france.org\/it\/il-centro-di-risorse-storiche\/\" \/>\n<meta name=\"twitter:label1\" content=\"Tempo di lettura stimato\" \/>\n\t<meta name=\"twitter:data1\" content=\"5 minuti\" \/>\n<script type=\"application\/ld+json\" class=\"yoast-schema-graph\">{\"@context\":\"https:\/\/schema.org\",\"@graph\":[{\"@type\":\"WebPage\",\"@id\":\"https:\/\/www.lourdes-france.org\/it\/il-centro-di-risorse-storiche\/\",\"url\":\"https:\/\/www.lourdes-france.org\/it\/il-centro-di-risorse-storiche\/\",\"name\":\"Il Centro di Risorse Storiche\",\"isPartOf\":{\"@id\":\"https:\/\/preprod-lourdes.cawita.com\/#website\"},\"primaryImageOfPage\":{\"@id\":\"https:\/\/www.lourdes-france.org\/it\/il-centro-di-risorse-storiche\/#primaryimage\"},\"image\":{\"@id\":\"https:\/\/www.lourdes-france.org\/it\/il-centro-di-risorse-storiche\/#primaryimage\"},\"thumbnailUrl\":\"https:\/\/www.lourdes-france.org\/wp-content\/uploads\/2025\/09\/crh.jpg\",\"datePublished\":\"2025-09-15T09:21:36+00:00\",\"dateModified\":\"2025-11-04T08:03:01+00:00\",\"breadcrumb\":{\"@id\":\"https:\/\/www.lourdes-france.org\/it\/il-centro-di-risorse-storiche\/#breadcrumb\"},\"inLanguage\":\"it-IT\",\"potentialAction\":[{\"@type\":\"ReadAction\",\"target\":[\"https:\/\/www.lourdes-france.org\/it\/il-centro-di-risorse-storiche\/\"]}]},{\"@type\":\"ImageObject\",\"inLanguage\":\"it-IT\",\"@id\":\"https:\/\/www.lourdes-france.org\/it\/il-centro-di-risorse-storiche\/#primaryimage\",\"url\":\"https:\/\/www.lourdes-france.org\/wp-content\/uploads\/2025\/09\/crh.jpg\",\"contentUrl\":\"https:\/\/www.lourdes-france.org\/wp-content\/uploads\/2025\/09\/crh.jpg\",\"width\":744,\"height\":268},{\"@type\":\"BreadcrumbList\",\"@id\":\"https:\/\/www.lourdes-france.org\/it\/il-centro-di-risorse-storiche\/#breadcrumb\",\"itemListElement\":[{\"@type\":\"ListItem\",\"position\":1,\"name\":\"Accueil\",\"item\":\"https:\/\/www.lourdes-france.org\/\"},{\"@type\":\"ListItem\",\"position\":2,\"name\":\"Il Centro di Risorse Storiche\"}]},{\"@type\":\"WebSite\",\"@id\":\"https:\/\/preprod-lourdes.cawita.com\/#website\",\"url\":\"https:\/\/preprod-lourdes.cawita.com\/\",\"name\":\"Soutenir le Sanctuaire Notre-Dame de Lourdes\",\"description\":\"\",\"potentialAction\":[{\"@type\":\"SearchAction\",\"target\":{\"@type\":\"EntryPoint\",\"urlTemplate\":\"https:\/\/preprod-lourdes.cawita.com\/?s={search_term_string}\"},\"query-input\":{\"@type\":\"PropertyValueSpecification\",\"valueRequired\":true,\"valueName\":\"search_term_string\"}}],\"inLanguage\":\"it-IT\"}]}<\/script>\n<!-- \/ Yoast SEO plugin. -->","yoast_head_json":{"title":"Il Centro di Risorse Storiche","robots":{"index":"index","follow":"follow","max-snippet":"max-snippet:-1","max-image-preview":"max-image-preview:large","max-video-preview":"max-video-preview:-1"},"canonical":"https:\/\/www.lourdes-france.org\/it\/il-centro-di-risorse-storiche\/","twitter_misc":{"Tempo di lettura stimato":"5 minuti"},"schema":{"@context":"https:\/\/schema.org","@graph":[{"@type":"WebPage","@id":"https:\/\/www.lourdes-france.org\/it\/il-centro-di-risorse-storiche\/","url":"https:\/\/www.lourdes-france.org\/it\/il-centro-di-risorse-storiche\/","name":"Il Centro di Risorse Storiche","isPartOf":{"@id":"https:\/\/preprod-lourdes.cawita.com\/#website"},"primaryImageOfPage":{"@id":"https:\/\/www.lourdes-france.org\/it\/il-centro-di-risorse-storiche\/#primaryimage"},"image":{"@id":"https:\/\/www.lourdes-france.org\/it\/il-centro-di-risorse-storiche\/#primaryimage"},"thumbnailUrl":"https:\/\/www.lourdes-france.org\/wp-content\/uploads\/2025\/09\/crh.jpg","datePublished":"2025-09-15T09:21:36+00:00","dateModified":"2025-11-04T08:03:01+00:00","breadcrumb":{"@id":"https:\/\/www.lourdes-france.org\/it\/il-centro-di-risorse-storiche\/#breadcrumb"},"inLanguage":"it-IT","potentialAction":[{"@type":"ReadAction","target":["https:\/\/www.lourdes-france.org\/it\/il-centro-di-risorse-storiche\/"]}]},{"@type":"ImageObject","inLanguage":"it-IT","@id":"https:\/\/www.lourdes-france.org\/it\/il-centro-di-risorse-storiche\/#primaryimage","url":"https:\/\/www.lourdes-france.org\/wp-content\/uploads\/2025\/09\/crh.jpg","contentUrl":"https:\/\/www.lourdes-france.org\/wp-content\/uploads\/2025\/09\/crh.jpg","width":744,"height":268},{"@type":"BreadcrumbList","@id":"https:\/\/www.lourdes-france.org\/it\/il-centro-di-risorse-storiche\/#breadcrumb","itemListElement":[{"@type":"ListItem","position":1,"name":"Accueil","item":"https:\/\/www.lourdes-france.org\/"},{"@type":"ListItem","position":2,"name":"Il Centro di Risorse Storiche"}]},{"@type":"WebSite","@id":"https:\/\/preprod-lourdes.cawita.com\/#website","url":"https:\/\/preprod-lourdes.cawita.com\/","name":"Soutenir le Sanctuaire Notre-Dame de Lourdes","description":"","potentialAction":[{"@type":"SearchAction","target":{"@type":"EntryPoint","urlTemplate":"https:\/\/preprod-lourdes.cawita.com\/?s={search_term_string}"},"query-input":{"@type":"PropertyValueSpecification","valueRequired":true,"valueName":"search_term_string"}}],"inLanguage":"it-IT"}]}},"_links":{"self":[{"href":"https:\/\/www.lourdes-france.org\/it\/wp-json\/wp\/v2\/pages\/1082698","targetHints":{"allow":["GET"]}}],"collection":[{"href":"https:\/\/www.lourdes-france.org\/it\/wp-json\/wp\/v2\/pages"}],"about":[{"href":"https:\/\/www.lourdes-france.org\/it\/wp-json\/wp\/v2\/types\/page"}],"author":[{"embeddable":true,"href":"https:\/\/www.lourdes-france.org\/it\/wp-json\/wp\/v2\/users\/7"}],"replies":[{"embeddable":true,"href":"https:\/\/www.lourdes-france.org\/it\/wp-json\/wp\/v2\/comments?post=1082698"}],"version-history":[{"count":3,"href":"https:\/\/www.lourdes-france.org\/it\/wp-json\/wp\/v2\/pages\/1082698\/revisions"}],"predecessor-version":[{"id":1082933,"href":"https:\/\/www.lourdes-france.org\/it\/wp-json\/wp\/v2\/pages\/1082698\/revisions\/1082933"}],"wp:featuredmedia":[{"embeddable":true,"href":"https:\/\/www.lourdes-france.org\/it\/wp-json\/wp\/v2\/media\/1068133"}],"wp:attachment":[{"href":"https:\/\/www.lourdes-france.org\/it\/wp-json\/wp\/v2\/media?parent=1082698"}],"curies":[{"name":"wp","href":"https:\/\/api.w.org\/{rel}","templated":true}]}}