{"id":10943,"date":"2018-07-18T13:04:02","date_gmt":"2018-07-18T11:04:02","guid":{"rendered":"https:\/\/www.lourdes-france.org\/etre-benevole-sanctuaire\/"},"modified":"2021-09-23T17:43:18","modified_gmt":"2021-09-23T15:43:18","slug":"essere-volontari-presso-santuario","status":"publish","type":"page","link":"https:\/\/www.lourdes-france.org\/it\/essere-volontari-presso-santuario\/","title":{"rendered":"Essere volontari presso il Santuario"},"content":{"rendered":"\t\t<div data-elementor-type=\"wp-post\" data-elementor-id=\"10943\" class=\"elementor elementor-10943 elementor-595\" data-elementor-post-type=\"page\">\n\t\t\t\t\t\t<section class=\"elementor-section elementor-top-section elementor-element elementor-element-11fe92f4 elementor-section-boxed elementor-section-height-default elementor-section-height-default\" data-id=\"11fe92f4\" data-element_type=\"section\">\n\t\t\t\t\t\t<div class=\"elementor-container elementor-column-gap-no\">\n\t\t\t\t\t<div class=\"elementor-column elementor-col-100 elementor-top-column elementor-element elementor-element-2fa57a78\" data-id=\"2fa57a78\" data-element_type=\"column\">\n\t\t\t<div class=\"elementor-widget-wrap elementor-element-populated\">\n\t\t\t\t\t\t<div class=\"elementor-element elementor-element-3ea4f522 elementor-widget elementor-widget-text-editor\" data-id=\"3ea4f522\" data-element_type=\"widget\" data-widget_type=\"text-editor.default\">\n\t\t\t\t<div class=\"elementor-widget-container\">\n\t\t\t\t\t\t\t\t\t<h2>Perch\u00e9\u00a0<span style=\"color: #e8a700;\">partecipare<\/span>?<\/h2>\t\t\t\t\t\t\t\t<\/div>\n\t\t\t\t<\/div>\n\t\t\t\t<div class=\"elementor-element elementor-element-9529553 elementor-widget elementor-widget-text-editor\" data-id=\"9529553\" data-element_type=\"widget\" data-widget_type=\"text-editor.default\">\n\t\t\t\t<div class=\"elementor-widget-container\">\n\t\t\t\t\t\t\t\t\t<p>Vivrete l\u2019esperienza umana pi\u00f9 appassionante del dono di s\u00e9: vengono proposte diverse attivit\u00e0. Vi impegnerete secondo le vostre capacit\u00e0, i vostri desideri e le nostre necessit\u00e0. Avrete la nostra attenzione affinch\u00e9 possiate trovare il servizio pi\u00f9 confacente per voi.<\/p>\t\t\t\t\t\t\t\t<\/div>\n\t\t\t\t<\/div>\n\t\t\t\t<div class=\"elementor-element elementor-element-270d3bc5 elementor-widget elementor-widget-text-editor\" data-id=\"270d3bc5\" data-element_type=\"widget\" data-widget_type=\"text-editor.default\">\n\t\t\t\t<div class=\"elementor-widget-container\">\n\t\t\t\t\t\t\t\t\t<h2>In cosa consiste <span style=\"color: #e8a700;\">la missione<\/span> ?<\/h2>\t\t\t\t\t\t\t\t<\/div>\n\t\t\t\t<\/div>\n\t\t\t\t<div class=\"elementor-element elementor-element-32239600 elementor-widget elementor-widget-text-editor\" data-id=\"32239600\" data-element_type=\"widget\" data-widget_type=\"text-editor.default\">\n\t\t\t\t<div class=\"elementor-widget-container\">\n\t\t\t\t\t\t\t\t\t<p>Essere un volontario significa accettare l&#8217;avventura dell\u2019incontro, dell\u2019ascolto, della condivisione reciproca e della collaborazione con le persone accolte.<br \/>Essere un volontario significa impegnarsi a vivere in uno spirito di fraternit\u00e0 e impegnarsi a prestare attenzione ai &#8220;pi\u00f9 piccoli&#8221;.<\/p>\t\t\t\t\t\t\t\t<\/div>\n\t\t\t\t<\/div>\n\t\t\t\t<div class=\"elementor-element elementor-element-134d4d1 elementor-widget elementor-widget-text-editor\" data-id=\"134d4d1\" data-element_type=\"widget\" data-widget_type=\"text-editor.default\">\n\t\t\t\t<div class=\"elementor-widget-container\">\n\t\t\t\t\t\t\t\t\t<h2>Le date <span style=\"color: #e8a700;\">delle missione<\/span> ?<\/h2>\t\t\t\t\t\t\t\t<\/div>\n\t\t\t\t<\/div>\n\t\t\t\t<div class=\"elementor-element elementor-element-ee07f3e elementor-widget elementor-widget-text-editor\" data-id=\"ee07f3e\" data-element_type=\"widget\" data-widget_type=\"text-editor.default\">\n\t\t\t\t<div class=\"elementor-widget-container\">\n\t\t\t\t\t\t\t\t\t<p>Il Santuario di Lourdes cerca volontari da aprile a ottobre.<\/p>\t\t\t\t\t\t\t\t<\/div>\n\t\t\t\t<\/div>\n\t\t\t\t<div class=\"elementor-element elementor-element-1de3b223 elementor-widget elementor-widget-text-editor\" data-id=\"1de3b223\" data-element_type=\"widget\" data-widget_type=\"text-editor.default\">\n\t\t\t\t<div class=\"elementor-widget-container\">\n\t\t\t\t\t\t\t\t\t<h2>Come diventare un\u00a0<span style=\"color: #e8a700;\">volontario<\/span>\u00a0al Santuario di Lourdes<\/h2>\t\t\t\t\t\t\t\t<\/div>\n\t\t\t\t<\/div>\n\t\t\t\t<div class=\"elementor-element elementor-element-4b2adc5 elementor-widget elementor-widget-text-editor\" data-id=\"4b2adc5\" data-element_type=\"widget\" data-widget_type=\"text-editor.default\">\n\t\t\t\t<div class=\"elementor-widget-container\">\n\t\t\t\t\t\t\t\t\t<p><span class=\"parcours-listparcours\">Vi sono alcuni requisiti da rispettare:<\/span><\/p><ul><li>Avere almeno 18 anni.<\/li><li>Avere la capacit\u00e0 fisica per un lavoro regolare.<\/li><li>Dare disponibilit\u00e0 ad impegnarsi per un periodo specifico.<\/li><li>Essere disponibili ad accettare assegnazioni e modifiche di servizio in funzione delle necessit\u00e0.<\/li><\/ul><p>\u00a0<\/p>\t\t\t\t\t\t\t\t<\/div>\n\t\t\t\t<\/div>\n\t\t\t\t<div class=\"elementor-element elementor-element-a346d01 elementor-widget elementor-widget-text-editor\" data-id=\"a346d01\" data-element_type=\"widget\" data-widget_type=\"text-editor.default\">\n\t\t\t\t<div class=\"elementor-widget-container\">\n\t\t\t\t\t\t\t\t\t<h2><span style=\"color: #e8a700;\">Registrazione &amp; <\/span>\u00a0creazione di un account<\/h2>\t\t\t\t\t\t\t\t<\/div>\n\t\t\t\t<\/div>\n\t\t\t\t<section class=\"elementor-section elementor-inner-section elementor-element elementor-element-1c30605 elementor-section-boxed elementor-section-height-default elementor-section-height-default\" data-id=\"1c30605\" data-element_type=\"section\">\n\t\t\t\t\t\t<div class=\"elementor-container elementor-column-gap-default\">\n\t\t\t\t\t<div class=\"elementor-column elementor-col-16 elementor-inner-column elementor-element elementor-element-cb46def\" data-id=\"cb46def\" data-element_type=\"column\">\n\t\t\t<div class=\"elementor-widget-wrap\">\n\t\t\t\t\t\t\t<\/div>\n\t\t<\/div>\n\t\t\t\t<div class=\"elementor-column elementor-col-66 elementor-inner-column elementor-element elementor-element-9815954\" data-id=\"9815954\" data-element_type=\"column\">\n\t\t\t<div class=\"elementor-widget-wrap elementor-element-populated\">\n\t\t\t\t\t\t<div class=\"elementor-element elementor-element-73c2785 elementor-align-center elementor-widget elementor-widget-button\" data-id=\"73c2785\" data-element_type=\"widget\" data-widget_type=\"button.default\">\n\t\t\t\t<div class=\"elementor-widget-container\">\n\t\t\t\t\t\t\t\t\t<div class=\"elementor-button-wrapper\">\n\t\t\t\t\t<a class=\"elementor-button elementor-button-link elementor-size-lg\" href=\"https:\/\/lourdesfrance.com\/benevoles\/gestion.php\">\n\t\t\t\t\t\t<span class=\"elementor-button-content-wrapper\">\n\t\t\t\t\t\t\t\t\t<span class=\"elementor-button-text\">I connect to my account<br>I create my account<\/span>\n\t\t\t\t\t<\/span>\n\t\t\t\t\t<\/a>\n\t\t\t\t<\/div>\n\t\t\t\t\t\t\t\t<\/div>\n\t\t\t\t<\/div>\n\t\t\t\t\t<\/div>\n\t\t<\/div>\n\t\t\t\t<div class=\"elementor-column elementor-col-16 elementor-inner-column elementor-element elementor-element-1167dbf\" data-id=\"1167dbf\" data-element_type=\"column\">\n\t\t\t<div class=\"elementor-widget-wrap\">\n\t\t\t\t\t\t\t<\/div>\n\t\t<\/div>\n\t\t\t\t\t<\/div>\n\t\t<\/section>\n\t\t\t\t<div class=\"elementor-element elementor-element-b8070d6 elementor-widget elementor-widget-text-editor\" data-id=\"b8070d6\" data-element_type=\"widget\" data-widget_type=\"text-editor.default\">\n\t\t\t\t<div class=\"elementor-widget-container\">\n\t\t\t\t\t\t\t\t\t<h2><strong>CONTATTO<\/strong><\/h2><p>Centro di volontariato<br \/><span class=\"lien_tel\">+33 (0)5 62 42 79 04<\/span><br \/><span class=\"mail\" style=\"color: #e8a702;\"><a class=\"lien_mail\" style=\"color: #e8a702;\" href=\"mailto:benevole@lourdes-france.com\">benevole@lourdes-france.com<\/a><\/span><\/p>\t\t\t\t\t\t\t\t<\/div>\n\t\t\t\t<\/div>\n\t\t\t\t\t<\/div>\n\t\t<\/div>\n\t\t\t\t\t<\/div>\n\t\t<\/section>\n\t\t\t\t<\/div>\n\t\t","protected":false},"excerpt":{"rendered":"<p>Perch\u00e9\u00a0partecipare? Vivrete l\u2019esperienza umana pi\u00f9 appassionante del dono di s\u00e9: vengono proposte diverse attivit\u00e0. Vi impegnerete secondo le vostre capacit\u00e0, i vostri desideri e le nostre necessit\u00e0. Avrete la nostra attenzione affinch\u00e9 possiate trovare il servizio pi\u00f9 confacente per voi. &hellip; <a href=\"https:\/\/www.lourdes-france.org\/it\/essere-volontari-presso-santuario\/\">Continua<\/a><\/p>\n","protected":false},"author":7,"featured_media":0,"parent":0,"menu_order":0,"comment_status":"closed","ping_status":"closed","template":"","meta":{"_acf_changed":false,"footnotes":""},"class_list":["post-10943","page","type-page","status-publish","hentry"],"acf":[],"yoast_head":"<!-- This site is optimized with the Yoast SEO plugin v24.7 - https:\/\/yoast.com\/wordpress\/plugins\/seo\/ -->\n<title>Essere volontari presso il Santuario<\/title>\n<meta name=\"robots\" content=\"index, follow, max-snippet:-1, max-image-preview:large, max-video-preview:-1\" \/>\n<link rel=\"canonical\" href=\"https:\/\/www.lourdes-france.org\/it\/essere-volontari-presso-santuario\/\" \/>\n<meta name=\"twitter:label1\" content=\"Tempo di lettura stimato\" \/>\n\t<meta name=\"twitter:data1\" content=\"1 minuto\" \/>\n<script type=\"application\/ld+json\" class=\"yoast-schema-graph\">{\"@context\":\"https:\/\/schema.org\",\"@graph\":[{\"@type\":\"WebPage\",\"@id\":\"https:\/\/www.lourdes-france.org\/it\/essere-volontari-presso-santuario\/\",\"url\":\"https:\/\/www.lourdes-france.org\/it\/essere-volontari-presso-santuario\/\",\"name\":\"Essere volontari presso il Santuario\",\"isPartOf\":{\"@id\":\"https:\/\/preprod-lourdes.cawita.com\/#website\"},\"datePublished\":\"2018-07-18T11:04:02+00:00\",\"dateModified\":\"2021-09-23T15:43:18+00:00\",\"breadcrumb\":{\"@id\":\"https:\/\/www.lourdes-france.org\/it\/essere-volontari-presso-santuario\/#breadcrumb\"},\"inLanguage\":\"it-IT\",\"potentialAction\":[{\"@type\":\"ReadAction\",\"target\":[\"https:\/\/www.lourdes-france.org\/it\/essere-volontari-presso-santuario\/\"]}]},{\"@type\":\"BreadcrumbList\",\"@id\":\"https:\/\/www.lourdes-france.org\/it\/essere-volontari-presso-santuario\/#breadcrumb\",\"itemListElement\":[{\"@type\":\"ListItem\",\"position\":1,\"name\":\"Accueil\",\"item\":\"https:\/\/www.lourdes-france.org\/\"},{\"@type\":\"ListItem\",\"position\":2,\"name\":\"Essere volontari presso il Santuario\"}]},{\"@type\":\"WebSite\",\"@id\":\"https:\/\/preprod-lourdes.cawita.com\/#website\",\"url\":\"https:\/\/preprod-lourdes.cawita.com\/\",\"name\":\"Soutenir le Sanctuaire Notre-Dame de Lourdes\",\"description\":\"\",\"potentialAction\":[{\"@type\":\"SearchAction\",\"target\":{\"@type\":\"EntryPoint\",\"urlTemplate\":\"https:\/\/preprod-lourdes.cawita.com\/?s={search_term_string}\"},\"query-input\":{\"@type\":\"PropertyValueSpecification\",\"valueRequired\":true,\"valueName\":\"search_term_string\"}}],\"inLanguage\":\"it-IT\"}]}<\/script>\n<!-- \/ Yoast SEO plugin. -->","yoast_head_json":{"title":"Essere volontari presso il Santuario","robots":{"index":"index","follow":"follow","max-snippet":"max-snippet:-1","max-image-preview":"max-image-preview:large","max-video-preview":"max-video-preview:-1"},"canonical":"https:\/\/www.lourdes-france.org\/it\/essere-volontari-presso-santuario\/","twitter_misc":{"Tempo di lettura stimato":"1 minuto"},"schema":{"@context":"https:\/\/schema.org","@graph":[{"@type":"WebPage","@id":"https:\/\/www.lourdes-france.org\/it\/essere-volontari-presso-santuario\/","url":"https:\/\/www.lourdes-france.org\/it\/essere-volontari-presso-santuario\/","name":"Essere volontari presso il Santuario","isPartOf":{"@id":"https:\/\/preprod-lourdes.cawita.com\/#website"},"datePublished":"2018-07-18T11:04:02+00:00","dateModified":"2021-09-23T15:43:18+00:00","breadcrumb":{"@id":"https:\/\/www.lourdes-france.org\/it\/essere-volontari-presso-santuario\/#breadcrumb"},"inLanguage":"it-IT","potentialAction":[{"@type":"ReadAction","target":["https:\/\/www.lourdes-france.org\/it\/essere-volontari-presso-santuario\/"]}]},{"@type":"BreadcrumbList","@id":"https:\/\/www.lourdes-france.org\/it\/essere-volontari-presso-santuario\/#breadcrumb","itemListElement":[{"@type":"ListItem","position":1,"name":"Accueil","item":"https:\/\/www.lourdes-france.org\/"},{"@type":"ListItem","position":2,"name":"Essere volontari presso il Santuario"}]},{"@type":"WebSite","@id":"https:\/\/preprod-lourdes.cawita.com\/#website","url":"https:\/\/preprod-lourdes.cawita.com\/","name":"Soutenir le Sanctuaire Notre-Dame de Lourdes","description":"","potentialAction":[{"@type":"SearchAction","target":{"@type":"EntryPoint","urlTemplate":"https:\/\/preprod-lourdes.cawita.com\/?s={search_term_string}"},"query-input":{"@type":"PropertyValueSpecification","valueRequired":true,"valueName":"search_term_string"}}],"inLanguage":"it-IT"}]}},"_links":{"self":[{"href":"https:\/\/www.lourdes-france.org\/it\/wp-json\/wp\/v2\/pages\/10943","targetHints":{"allow":["GET"]}}],"collection":[{"href":"https:\/\/www.lourdes-france.org\/it\/wp-json\/wp\/v2\/pages"}],"about":[{"href":"https:\/\/www.lourdes-france.org\/it\/wp-json\/wp\/v2\/types\/page"}],"author":[{"embeddable":true,"href":"https:\/\/www.lourdes-france.org\/it\/wp-json\/wp\/v2\/users\/7"}],"replies":[{"embeddable":true,"href":"https:\/\/www.lourdes-france.org\/it\/wp-json\/wp\/v2\/comments?post=10943"}],"version-history":[{"count":14,"href":"https:\/\/www.lourdes-france.org\/it\/wp-json\/wp\/v2\/pages\/10943\/revisions"}],"predecessor-version":[{"id":525153,"href":"https:\/\/www.lourdes-france.org\/it\/wp-json\/wp\/v2\/pages\/10943\/revisions\/525153"}],"wp:attachment":[{"href":"https:\/\/www.lourdes-france.org\/it\/wp-json\/wp\/v2\/media?parent=10943"}],"curies":[{"name":"wp","href":"https:\/\/api.w.org\/{rel}","templated":true}]}}