{"id":11823,"date":"2018-08-01T14:04:57","date_gmt":"2018-08-01T12:04:57","guid":{"rendered":"https:\/\/www.lourdes-france.org\/les-pas-de-bernadette\/"},"modified":"2021-03-02T16:07:20","modified_gmt":"2021-03-02T15:07:20","slug":"passi-di-bernadette","status":"publish","type":"page","link":"https:\/\/www.lourdes-france.org\/it\/passi-di-bernadette\/","title":{"rendered":"I passi di Bernadette"},"content":{"rendered":"\t\t<div data-elementor-type=\"wp-post\" data-elementor-id=\"11823\" class=\"elementor elementor-11823 elementor-3397 elementor-bc-flex-widget\" data-elementor-post-type=\"page\">\n\t\t\t\t\t\t<section class=\"elementor-section elementor-top-section elementor-element elementor-element-1215bfb2 elementor-section-boxed elementor-section-height-default elementor-section-height-default\" data-id=\"1215bfb2\" data-element_type=\"section\">\n\t\t\t\t\t\t<div class=\"elementor-container elementor-column-gap-no\">\n\t\t\t\t\t<div class=\"elementor-column elementor-col-66 elementor-top-column elementor-element elementor-element-1d4acfdc\" data-id=\"1d4acfdc\" data-element_type=\"column\">\n\t\t\t<div class=\"elementor-widget-wrap elementor-element-populated\">\n\t\t\t\t\t\t<div class=\"elementor-element elementor-element-57ea3632 elementor-widget elementor-widget-text-editor\" data-id=\"57ea3632\" data-element_type=\"widget\" data-widget_type=\"text-editor.default\">\n\t\t\t\t<div class=\"elementor-widget-container\">\n\t\t\t\t\t\t\t\t\t<p>Bernadette Soubirous \u00e8 famosa nel mondo. Perch\u00e9 questa ragazza \u00e8 cos\u00ec accattivante ? La domanda \u00e8 molto importante perch\u00e9 l&#8217;intera storia di Lourdes si basa su di lei, unica testimone delle apparizioni.<\/p><p>Mettersi in cammino con Bernadette Soubirous significa immergersi in un&#8217;avventura umana e spirituale che ci porta sui luoghi autentici dove ha vissuto. Con una semplicit\u00e0 disarmante, la piccola Bernadette ne \u00e8 uscita maturata&#8230;<\/p>\t\t\t\t\t\t\t\t<\/div>\n\t\t\t\t<\/div>\n\t\t\t\t<div class=\"elementor-element elementor-element-95386a8 elementor-widget elementor-widget-text-editor\" data-id=\"95386a8\" data-element_type=\"widget\" data-widget_type=\"text-editor.default\">\n\t\t\t\t<div class=\"elementor-widget-container\">\n\t\t\t\t\t\t\t\t\t<h2><span style=\"color: #e8a702;\">Tappe :<\/span><\/h2>\t\t\t\t\t\t\t\t<\/div>\n\t\t\t\t<\/div>\n\t\t\t\t<div class=\"elementor-element elementor-element-344295f5 elementor-widget elementor-widget-text-editor\" data-id=\"344295f5\" data-element_type=\"widget\" data-widget_type=\"text-editor.default\">\n\t\t\t\t<div class=\"elementor-widget-container\">\n\t\t\t\t\t\t\t\t\t<h2>Punto d&#8217;incontro presso il centro informazioni :<\/h2>\t\t\t\t\t\t\t\t<\/div>\n\t\t\t\t<\/div>\n\t\t\t\t<div class=\"elementor-element elementor-element-7fb5df5c elementor-widget elementor-widget-text-editor\" data-id=\"7fb5df5c\" data-element_type=\"widget\" data-widget_type=\"text-editor.default\">\n\t\t\t\t<div class=\"elementor-widget-container\">\n\t\t\t\t\t\t\t\t\t<span class=\"parcours-listparcours\"><ul>\n \t<li>il mulino di Boly<\/li>\n \t<li>il cachot<\/li>\n \t<li>la chiesa parrocchiale<\/li>\n \t<li>l&#8217;ospizio<\/li>\n \t<li>la Grotta<\/li>\n<\/ul><\/span>\t\t\t\t\t\t\t\t<\/div>\n\t\t\t\t<\/div>\n\t\t\t\t<div class=\"elementor-element elementor-element-89453d8 elementor-widget elementor-widget-text-editor\" data-id=\"89453d8\" data-element_type=\"widget\" data-widget_type=\"text-editor.default\">\n\t\t\t\t<div class=\"elementor-widget-container\">\n\t\t\t\t\t\t\t\t\t<h2><span style=\"color: #e8a702;\">Offerta :<\/span><\/h2>\t\t\t\t\t\t\t\t<\/div>\n\t\t\t\t<\/div>\n\t\t\t\t<div class=\"elementor-element elementor-element-3181de0 elementor-widget elementor-widget-text-editor\" data-id=\"3181de0\" data-element_type=\"widget\" data-widget_type=\"text-editor.default\">\n\t\t\t\t<div class=\"elementor-widget-container\">\n\t\t\t\t\t\t\t\t\t<p><span style=\"color: #666666;\"><strong>5\u20ac<\/strong><\/span><\/p>\t\t\t\t\t\t\t\t<\/div>\n\t\t\t\t<\/div>\n\t\t\t\t<div class=\"elementor-element elementor-element-f18075c elementor-widget elementor-widget-text-editor\" data-id=\"f18075c\" data-element_type=\"widget\" data-widget_type=\"text-editor.default\">\n\t\t\t\t<div class=\"elementor-widget-container\">\n\t\t\t\t\t\t\t\t\t<h2>Bisogno di un consiglio :<\/h2>\t\t\t\t\t\t\t\t<\/div>\n\t\t\t\t<\/div>\n\t\t\t\t<div class=\"elementor-element elementor-element-9967407 elementor-widget elementor-widget-text-editor\" data-id=\"9967407\" data-element_type=\"widget\" data-widget_type=\"text-editor.default\">\n\t\t\t\t<div class=\"elementor-widget-container\">\n\t\t\t\t\t\t\t\t\t<p>Centro d&#8217;informazione del Santuario<br \/>+33 (0)5 62 42 20 08 ou<br \/><a href=\"mailto:saccueil@lourdes-france.com\"><span style=\"color: #e8a702;\">saccueil@lourdes-france.com<\/span><\/a><\/p>\t\t\t\t\t\t\t\t<\/div>\n\t\t\t\t<\/div>\n\t\t\t\t\t<\/div>\n\t\t<\/div>\n\t\t\t\t<div class=\"elementor-column elementor-col-33 elementor-top-column elementor-element elementor-element-10e8ce4c\" data-id=\"10e8ce4c\" data-element_type=\"column\">\n\t\t\t<div class=\"elementor-widget-wrap elementor-element-populated\">\n\t\t\t\t\t\t<div class=\"elementor-element elementor-element-ed7f559 parcours-btninscription-titrepush elementor-widget elementor-widget-text-editor\" data-id=\"ed7f559\" data-element_type=\"widget\" data-widget_type=\"text-editor.default\">\n\t\t\t\t<div class=\"elementor-widget-container\">\n\t\t\t\t\t\t\t\t\t<p>ALLA SCOPERTA DEI LUOGHI E DELLA VITA DI SANTA BERNADETTE<\/p>\t\t\t\t\t\t\t\t<\/div>\n\t\t\t\t<\/div>\n\t\t\t\t<div class=\"elementor-element elementor-element-bd35766 elementor-widget elementor-widget-image\" data-id=\"bd35766\" data-element_type=\"widget\" data-widget_type=\"image.default\">\n\t\t\t\t<div class=\"elementor-widget-container\">\n\t\t\t\t\t\t\t\t\t\t\t\t\t\t\t<img fetchpriority=\"high\" decoding=\"async\" width=\"383\" height=\"383\" src=\"https:\/\/www.lourdes-france.org\/wp-content\/uploads\/2018\/07\/BernadetteParcours.jpg\" class=\"attachment-full size-full wp-image-1296\" alt=\"Portrait de Bernadette Soubirous\" srcset=\"https:\/\/www.lourdes-france.org\/wp-content\/uploads\/2018\/07\/BernadetteParcours.jpg 383w, https:\/\/www.lourdes-france.org\/wp-content\/uploads\/2018\/07\/BernadetteParcours-150x150.jpg 150w, https:\/\/www.lourdes-france.org\/wp-content\/uploads\/2018\/07\/BernadetteParcours-300x300.jpg 300w\" sizes=\"(max-width: 383px) 100vw, 383px\" \/>\t\t\t\t\t\t\t\t\t\t\t\t\t\t\t<\/div>\n\t\t\t\t<\/div>\n\t\t\t\t<section class=\"elementor-section elementor-inner-section elementor-element elementor-element-9668c04 parcours-blocpushinfos-blocsousimage elementor-section-boxed elementor-section-height-default elementor-section-height-default\" data-id=\"9668c04\" data-element_type=\"section\" data-settings=\"{&quot;background_background&quot;:&quot;classic&quot;}\">\n\t\t\t\t\t\t<div class=\"elementor-container elementor-column-gap-default\">\n\t\t\t\t\t<div class=\"elementor-column elementor-col-50 elementor-inner-column elementor-element elementor-element-e61beb0\" data-id=\"e61beb0\" data-element_type=\"column\">\n\t\t\t<div class=\"elementor-widget-wrap elementor-element-populated\">\n\t\t\t\t\t\t<div class=\"elementor-element elementor-element-6d34a02 elementor-widget elementor-widget-image\" data-id=\"6d34a02\" data-element_type=\"widget\" data-widget_type=\"image.default\">\n\t\t\t\t<div class=\"elementor-widget-container\">\n\t\t\t\t\t\t\t\t\t\t\t\t\t\t\t<img decoding=\"async\" src=\"https:\/\/www.lourdes-france.org\/wp-content\/uploads\/elementor\/thumbs\/icone-parcours-2-p61bwa9k0x5qrgu8us83vg1joanhq9lvpw0zm7egj4.jpg\" title=\"icone-parcours-2\" alt=\"icone-parcours-2\" loading=\"lazy\" \/>\t\t\t\t\t\t\t\t\t\t\t\t\t\t\t<\/div>\n\t\t\t\t<\/div>\n\t\t\t\t\t<\/div>\n\t\t<\/div>\n\t\t\t\t<div class=\"elementor-column elementor-col-50 elementor-inner-column elementor-element elementor-element-3c21bc1\" data-id=\"3c21bc1\" data-element_type=\"column\">\n\t\t\t<div class=\"elementor-widget-wrap elementor-element-populated\">\n\t\t\t\t\t\t<div class=\"elementor-element elementor-element-799a9cc elementor-widget elementor-widget-text-editor\" data-id=\"799a9cc\" data-element_type=\"widget\" data-widget_type=\"text-editor.default\">\n\t\t\t\t<div class=\"elementor-widget-container\">\n\t\t\t\t\t\t\t\t\t<p><span class=\"parcours-blocpushinfos-txt\"><span class=\"parcours-blocpushinfos\">Quando :<\/span><br \/>Tutti i giorni<br \/><\/span><span class=\"parcours-blocpushinfos\">Appuntamento :<\/span><span class=\"parcours-blocpushinfos-txt\">\u00a0<br \/>presso il centro informazioni a 14.30<br \/><\/span><br \/><span class=\"parcours-blocpushinfos\">Durata :<br \/><\/span><span class=\"parcours-blocpushinfos-txt\"> 2.30 h<\/span><br \/><span class=\"parcours-blocpushinfos\">Tutte le et\u00e0<\/span><\/p>\t\t\t\t\t\t\t\t<\/div>\n\t\t\t\t<\/div>\n\t\t\t\t\t<\/div>\n\t\t<\/div>\n\t\t\t\t\t<\/div>\n\t\t<\/section>\n\t\t\t\t\t<\/div>\n\t\t<\/div>\n\t\t\t\t\t<\/div>\n\t\t<\/section>\n\t\t\t\t<section class=\"elementor-section elementor-top-section elementor-element elementor-element-4a78832 elementor-section-boxed elementor-section-height-default elementor-section-height-default\" data-id=\"4a78832\" data-element_type=\"section\">\n\t\t\t\t\t\t<div class=\"elementor-container elementor-column-gap-no\">\n\t\t\t\t\t<div class=\"elementor-column elementor-col-100 elementor-top-column elementor-element elementor-element-dea61d3\" data-id=\"dea61d3\" data-element_type=\"column\">\n\t\t\t<div class=\"elementor-widget-wrap elementor-element-populated\">\n\t\t\t\t\t\t<div class=\"elementor-element elementor-element-c90ddf3 elementor-widget elementor-widget-shortcode\" data-id=\"c90ddf3\" data-element_type=\"widget\" data-widget_type=\"shortcode.default\">\n\t\t\t\t<div class=\"elementor-widget-container\">\n\t\t\t\t\t\t\t<div class=\"elementor-shortcode\"><script type=\"text\/javascript\">\/\/ <![CDATA[\njQuery(document).ready(function(){\n\tsetInterval( function() { AutoiFrameAdjustiFrameHeight( 'auto-iframe', 50); }, 1000 );\n});\n\/\/ ]]><\/script>\n<iframe id=\"auto-iframe\" name=\"auto-iframe\" src=\"\/sndlphp\/frmpaie\/frmProgrammes.php?p=W&#038;lang=it&#038;pr=1&#038;t=5&#038;m=5\" width=\"100%\" height=\"auto\" frameborder=\"0\" scrolling=\"no\"onload=\"AutoiFrameAdjustiFrameHeight('auto-iframe',50);\"><\/iframe><\/div>\n\t\t\t\t\t\t<\/div>\n\t\t\t\t<\/div>\n\t\t\t\t\t<\/div>\n\t\t<\/div>\n\t\t\t\t\t<\/div>\n\t\t<\/section>\n\t\t\t\t<\/div>\n\t\t","protected":false},"excerpt":{"rendered":"<p>Bernadette Soubirous \u00e8 famosa nel mondo. Perch\u00e9 questa ragazza \u00e8 cos\u00ec accattivante ? La domanda \u00e8 molto importante perch\u00e9 l&#8217;intera storia di Lourdes si basa su di lei, unica testimone delle apparizioni. Mettersi in cammino con Bernadette Soubirous significa immergersi &hellip; <a href=\"https:\/\/www.lourdes-france.org\/it\/passi-di-bernadette\/\">Continua<\/a><\/p>\n","protected":false},"author":7,"featured_media":0,"parent":0,"menu_order":0,"comment_status":"closed","ping_status":"closed","template":"page-no-sidebar.php","meta":{"_acf_changed":false,"footnotes":""},"class_list":["post-11823","page","type-page","status-publish","hentry"],"acf":[],"yoast_head":"<!-- This site is optimized with the Yoast SEO plugin v24.7 - https:\/\/yoast.com\/wordpress\/plugins\/seo\/ -->\n<title>I passi di Bernadette<\/title>\n<meta name=\"robots\" content=\"index, follow, max-snippet:-1, max-image-preview:large, max-video-preview:-1\" \/>\n<link rel=\"canonical\" href=\"https:\/\/www.lourdes-france.org\/it\/passi-di-bernadette\/\" \/>\n<meta name=\"twitter:label1\" content=\"Tempo di lettura stimato\" \/>\n\t<meta name=\"twitter:data1\" content=\"1 minuto\" \/>\n<script type=\"application\/ld+json\" class=\"yoast-schema-graph\">{\"@context\":\"https:\/\/schema.org\",\"@graph\":[{\"@type\":\"WebPage\",\"@id\":\"https:\/\/www.lourdes-france.org\/it\/passi-di-bernadette\/\",\"url\":\"https:\/\/www.lourdes-france.org\/it\/passi-di-bernadette\/\",\"name\":\"I passi di Bernadette\",\"isPartOf\":{\"@id\":\"https:\/\/preprod-lourdes.cawita.com\/#website\"},\"primaryImageOfPage\":{\"@id\":\"https:\/\/www.lourdes-france.org\/it\/passi-di-bernadette\/#primaryimage\"},\"image\":{\"@id\":\"https:\/\/www.lourdes-france.org\/it\/passi-di-bernadette\/#primaryimage\"},\"thumbnailUrl\":\"https:\/\/preprod.lourdes-france.org\/wp-content\/uploads\/2018\/07\/BernadetteParcours.jpg\",\"datePublished\":\"2018-08-01T12:04:57+00:00\",\"dateModified\":\"2021-03-02T15:07:20+00:00\",\"breadcrumb\":{\"@id\":\"https:\/\/www.lourdes-france.org\/it\/passi-di-bernadette\/#breadcrumb\"},\"inLanguage\":\"it-IT\",\"potentialAction\":[{\"@type\":\"ReadAction\",\"target\":[\"https:\/\/www.lourdes-france.org\/it\/passi-di-bernadette\/\"]}]},{\"@type\":\"ImageObject\",\"inLanguage\":\"it-IT\",\"@id\":\"https:\/\/www.lourdes-france.org\/it\/passi-di-bernadette\/#primaryimage\",\"url\":\"https:\/\/preprod.lourdes-france.org\/wp-content\/uploads\/2018\/07\/BernadetteParcours.jpg\",\"contentUrl\":\"https:\/\/preprod.lourdes-france.org\/wp-content\/uploads\/2018\/07\/BernadetteParcours.jpg\"},{\"@type\":\"BreadcrumbList\",\"@id\":\"https:\/\/www.lourdes-france.org\/it\/passi-di-bernadette\/#breadcrumb\",\"itemListElement\":[{\"@type\":\"ListItem\",\"position\":1,\"name\":\"Accueil\",\"item\":\"https:\/\/www.lourdes-france.org\/\"},{\"@type\":\"ListItem\",\"position\":2,\"name\":\"I passi di Bernadette\"}]},{\"@type\":\"WebSite\",\"@id\":\"https:\/\/preprod-lourdes.cawita.com\/#website\",\"url\":\"https:\/\/preprod-lourdes.cawita.com\/\",\"name\":\"Soutenir le Sanctuaire Notre-Dame de Lourdes\",\"description\":\"\",\"potentialAction\":[{\"@type\":\"SearchAction\",\"target\":{\"@type\":\"EntryPoint\",\"urlTemplate\":\"https:\/\/preprod-lourdes.cawita.com\/?s={search_term_string}\"},\"query-input\":{\"@type\":\"PropertyValueSpecification\",\"valueRequired\":true,\"valueName\":\"search_term_string\"}}],\"inLanguage\":\"it-IT\"}]}<\/script>\n<!-- \/ Yoast SEO plugin. -->","yoast_head_json":{"title":"I passi di Bernadette","robots":{"index":"index","follow":"follow","max-snippet":"max-snippet:-1","max-image-preview":"max-image-preview:large","max-video-preview":"max-video-preview:-1"},"canonical":"https:\/\/www.lourdes-france.org\/it\/passi-di-bernadette\/","twitter_misc":{"Tempo di lettura stimato":"1 minuto"},"schema":{"@context":"https:\/\/schema.org","@graph":[{"@type":"WebPage","@id":"https:\/\/www.lourdes-france.org\/it\/passi-di-bernadette\/","url":"https:\/\/www.lourdes-france.org\/it\/passi-di-bernadette\/","name":"I passi di Bernadette","isPartOf":{"@id":"https:\/\/preprod-lourdes.cawita.com\/#website"},"primaryImageOfPage":{"@id":"https:\/\/www.lourdes-france.org\/it\/passi-di-bernadette\/#primaryimage"},"image":{"@id":"https:\/\/www.lourdes-france.org\/it\/passi-di-bernadette\/#primaryimage"},"thumbnailUrl":"https:\/\/preprod.lourdes-france.org\/wp-content\/uploads\/2018\/07\/BernadetteParcours.jpg","datePublished":"2018-08-01T12:04:57+00:00","dateModified":"2021-03-02T15:07:20+00:00","breadcrumb":{"@id":"https:\/\/www.lourdes-france.org\/it\/passi-di-bernadette\/#breadcrumb"},"inLanguage":"it-IT","potentialAction":[{"@type":"ReadAction","target":["https:\/\/www.lourdes-france.org\/it\/passi-di-bernadette\/"]}]},{"@type":"ImageObject","inLanguage":"it-IT","@id":"https:\/\/www.lourdes-france.org\/it\/passi-di-bernadette\/#primaryimage","url":"https:\/\/preprod.lourdes-france.org\/wp-content\/uploads\/2018\/07\/BernadetteParcours.jpg","contentUrl":"https:\/\/preprod.lourdes-france.org\/wp-content\/uploads\/2018\/07\/BernadetteParcours.jpg"},{"@type":"BreadcrumbList","@id":"https:\/\/www.lourdes-france.org\/it\/passi-di-bernadette\/#breadcrumb","itemListElement":[{"@type":"ListItem","position":1,"name":"Accueil","item":"https:\/\/www.lourdes-france.org\/"},{"@type":"ListItem","position":2,"name":"I passi di Bernadette"}]},{"@type":"WebSite","@id":"https:\/\/preprod-lourdes.cawita.com\/#website","url":"https:\/\/preprod-lourdes.cawita.com\/","name":"Soutenir le Sanctuaire Notre-Dame de Lourdes","description":"","potentialAction":[{"@type":"SearchAction","target":{"@type":"EntryPoint","urlTemplate":"https:\/\/preprod-lourdes.cawita.com\/?s={search_term_string}"},"query-input":{"@type":"PropertyValueSpecification","valueRequired":true,"valueName":"search_term_string"}}],"inLanguage":"it-IT"}]}},"_links":{"self":[{"href":"https:\/\/www.lourdes-france.org\/it\/wp-json\/wp\/v2\/pages\/11823","targetHints":{"allow":["GET"]}}],"collection":[{"href":"https:\/\/www.lourdes-france.org\/it\/wp-json\/wp\/v2\/pages"}],"about":[{"href":"https:\/\/www.lourdes-france.org\/it\/wp-json\/wp\/v2\/types\/page"}],"author":[{"embeddable":true,"href":"https:\/\/www.lourdes-france.org\/it\/wp-json\/wp\/v2\/users\/7"}],"replies":[{"embeddable":true,"href":"https:\/\/www.lourdes-france.org\/it\/wp-json\/wp\/v2\/comments?post=11823"}],"version-history":[{"count":5,"href":"https:\/\/www.lourdes-france.org\/it\/wp-json\/wp\/v2\/pages\/11823\/revisions"}],"predecessor-version":[{"id":20851,"href":"https:\/\/www.lourdes-france.org\/it\/wp-json\/wp\/v2\/pages\/11823\/revisions\/20851"}],"wp:attachment":[{"href":"https:\/\/www.lourdes-france.org\/it\/wp-json\/wp\/v2\/media?parent=11823"}],"curies":[{"name":"wp","href":"https:\/\/api.w.org\/{rel}","templated":true}]}}