{"id":12045,"date":"2018-08-02T18:31:56","date_gmt":"2018-08-02T16:31:56","guid":{"rendered":"https:\/\/www.lourdes-france.org\/guerir\/"},"modified":"2021-03-02T16:06:55","modified_gmt":"2021-03-02T15:06:55","slug":"guarigione-lourdes","status":"publish","type":"page","link":"https:\/\/www.lourdes-france.org\/it\/guarigione-lourdes\/","title":{"rendered":"Guarigione a Lourdes"},"content":{"rendered":"\t\t<div data-elementor-type=\"wp-post\" data-elementor-id=\"12045\" class=\"elementor elementor-12045 elementor-3929 elementor-bc-flex-widget\" data-elementor-post-type=\"page\">\n\t\t\t\t\t\t<section class=\"elementor-section elementor-top-section elementor-element elementor-element-6c11b47a elementor-section-boxed elementor-section-height-default elementor-section-height-default\" data-id=\"6c11b47a\" data-element_type=\"section\">\n\t\t\t\t\t\t<div class=\"elementor-container elementor-column-gap-no\">\n\t\t\t\t\t<div class=\"elementor-column elementor-col-66 elementor-top-column elementor-element elementor-element-5534fdba\" data-id=\"5534fdba\" data-element_type=\"column\">\n\t\t\t<div class=\"elementor-widget-wrap elementor-element-populated\">\n\t\t\t\t\t\t<div class=\"elementor-element elementor-element-617a0307 elementor-widget elementor-widget-text-editor\" data-id=\"617a0307\" data-element_type=\"widget\" data-widget_type=\"text-editor.default\">\n\t\t\t\t<div class=\"elementor-widget-container\">\n\t\t\t\t\t\t\t\t\t<p>Nell&#8217;immaginario collettivo Lourdes \u00e8 la citt\u00e0 delle guarigioni miracolose. Le prime guarigioni di Lourdes si sono verificate durante le apparizioni del 1858 e da allora non sono mai cessate.<\/p><p>La guarigione dei corpi, tuttavia, non pu\u00f2 oscurare la guarigione dei cuori. I malati, cos\u00ec come le persone valide, sono davanti alla Grotta delle apparizioni: si confortano l&#8217;un l&#8217;altro incrociando sorrisi, gesti e la preghiera in comune.<\/p><p>Per comprendere che cos\u2019\u00e8 un miracolo, per immergersi in ci\u00f2 che costituisce la specificit\u00e0 di Lourdes su questo tema, non c&#8217;\u00e8 niente di meglio della prospettiva proposta dal sacerdote, cappellano di Lourdes, e dal medico, Presidente dell\u2019Ufficio delle Constatazioni Mediche di Lourdes.<\/p>\t\t\t\t\t\t\t\t<\/div>\n\t\t\t\t<\/div>\n\t\t\t\t<div class=\"elementor-element elementor-element-63ccdb8 elementor-widget elementor-widget-text-editor\" data-id=\"63ccdb8\" data-element_type=\"widget\" data-widget_type=\"text-editor.default\">\n\t\t\t\t<div class=\"elementor-widget-container\">\n\t\t\t\t\t\t\t\t\t<h2><span style=\"color: #e8a702;\">Tappe :<\/span><\/h2>\t\t\t\t\t\t\t\t<\/div>\n\t\t\t\t<\/div>\n\t\t\t\t<div class=\"elementor-element elementor-element-6acf54b3 elementor-widget elementor-widget-text-editor\" data-id=\"6acf54b3\" data-element_type=\"widget\" data-widget_type=\"text-editor.default\">\n\t\t\t\t<div class=\"elementor-widget-container\">\n\t\t\t\t\t\t\t\t\t<span class=\"parcours-listparcours\">Punto d&#8217;incontro presso il centro informazioni\n<ul>\n \t<li>Video \u201cIl messagio di Lourdes\u201d<\/li>\n \t<li>Cappella della Riconciliazione<\/li>\n \t<li>Messa<\/li>\n \t<li>Piscine<\/li>\n \t<li>Il Museo dei Miracolati<\/li>\n \t<li>Processione Eucaristica<\/li>\n \t<li>Rosario a la Grotta<\/li>\n \t<li>Processione Mariana \u2013 fiaccolata<\/li>\n<\/ul><\/span>\t\t\t\t\t\t\t\t<\/div>\n\t\t\t\t<\/div>\n\t\t\t\t<div class=\"elementor-element elementor-element-1f9aeb8 elementor-widget elementor-widget-text-editor\" data-id=\"1f9aeb8\" data-element_type=\"widget\" data-widget_type=\"text-editor.default\">\n\t\t\t\t<div class=\"elementor-widget-container\">\n\t\t\t\t\t\t\t\t\t<h2><span style=\"color: #e8a702;\">Lingua :<\/span><\/h2>\t\t\t\t\t\t\t\t<\/div>\n\t\t\t\t<\/div>\n\t\t\t\t<div class=\"elementor-element elementor-element-52c8fa3 elementor-widget elementor-widget-text-editor\" data-id=\"52c8fa3\" data-element_type=\"widget\" data-widget_type=\"text-editor.default\">\n\t\t\t\t<div class=\"elementor-widget-container\">\n\t\t\t\t\t\t\t\t\t<p>Francese<\/p>\t\t\t\t\t\t\t\t<\/div>\n\t\t\t\t<\/div>\n\t\t\t\t<div class=\"elementor-element elementor-element-279f482 elementor-widget elementor-widget-text-editor\" data-id=\"279f482\" data-element_type=\"widget\" data-widget_type=\"text-editor.default\">\n\t\t\t\t<div class=\"elementor-widget-container\">\n\t\t\t\t\t\t\t\t\t<h2><span style=\"color: #e8a702;\">Offerta:<\/span><\/h2>\t\t\t\t\t\t\t\t<\/div>\n\t\t\t\t<\/div>\n\t\t\t\t<div class=\"elementor-element elementor-element-cdc68c0 elementor-widget elementor-widget-text-editor\" data-id=\"cdc68c0\" data-element_type=\"widget\" data-widget_type=\"text-editor.default\">\n\t\t\t\t<div class=\"elementor-widget-container\">\n\t\t\t\t\t\t\t\t\t<p><span style=\"color: #666666;\"><strong>5\u20ac<\/strong><\/span><\/p>\t\t\t\t\t\t\t\t<\/div>\n\t\t\t\t<\/div>\n\t\t\t\t<div class=\"elementor-element elementor-element-3a449865 elementor-widget elementor-widget-text-editor\" data-id=\"3a449865\" data-element_type=\"widget\" data-widget_type=\"text-editor.default\">\n\t\t\t\t<div class=\"elementor-widget-container\">\n\t\t\t\t\t\t\t\t\t<h2>Bisogno di un consiglio :<\/h2>\t\t\t\t\t\t\t\t<\/div>\n\t\t\t\t<\/div>\n\t\t\t\t<div class=\"elementor-element elementor-element-2a1b818d elementor-widget elementor-widget-text-editor\" data-id=\"2a1b818d\" data-element_type=\"widget\" data-widget_type=\"text-editor.default\">\n\t\t\t\t<div class=\"elementor-widget-container\">\n\t\t\t\t\t\t\t\t\t<p>Centro d&#8217;informazione del Santuario<br \/>+33 (0)5 62 42 20 08 ou<br \/><span style=\"color: #e8a702;\"><a style=\"color: #e8a702;\" href=\"mailto:saccueil@lourdes-france.com\">saccueil@lourdes-france.com<\/a><\/span><\/p>\t\t\t\t\t\t\t\t<\/div>\n\t\t\t\t<\/div>\n\t\t\t\t\t<\/div>\n\t\t<\/div>\n\t\t\t\t<div class=\"elementor-column elementor-col-33 elementor-top-column elementor-element elementor-element-61893a2b\" data-id=\"61893a2b\" data-element_type=\"column\">\n\t\t\t<div class=\"elementor-widget-wrap elementor-element-populated\">\n\t\t\t\t\t\t<div class=\"elementor-element elementor-element-12696a06 parcours-btninscription-titrepush elementor-widget elementor-widget-text-editor\" data-id=\"12696a06\" data-element_type=\"widget\" data-widget_type=\"text-editor.default\">\n\t\t\t\t<div class=\"elementor-widget-container\">\n\t\t\t\t\t\t\t\t\t<p>VIVERE UN PERCORSO SPIRITUALE DI GUARIGIONE E CONSOLAZIONE<\/p>\t\t\t\t\t\t\t\t<\/div>\n\t\t\t\t<\/div>\n\t\t\t\t<div class=\"elementor-element elementor-element-18b261af elementor-widget elementor-widget-image\" data-id=\"18b261af\" data-element_type=\"widget\" data-widget_type=\"image.default\">\n\t\t\t\t<div class=\"elementor-widget-container\">\n\t\t\t\t\t\t\t\t\t\t\t\t\t\t\t<img fetchpriority=\"high\" decoding=\"async\" width=\"383\" height=\"383\" src=\"https:\/\/www.lourdes-france.org\/wp-content\/uploads\/2018\/07\/guerir.jpg\" class=\"attachment-full size-full wp-image-3000\" alt=\"\" srcset=\"https:\/\/www.lourdes-france.org\/wp-content\/uploads\/2018\/07\/guerir.jpg 383w, https:\/\/www.lourdes-france.org\/wp-content\/uploads\/2018\/07\/guerir-150x150.jpg 150w, https:\/\/www.lourdes-france.org\/wp-content\/uploads\/2018\/07\/guerir-300x300.jpg 300w\" sizes=\"(max-width: 383px) 100vw, 383px\" \/>\t\t\t\t\t\t\t\t\t\t\t\t\t\t\t<\/div>\n\t\t\t\t<\/div>\n\t\t\t\t<section class=\"elementor-section elementor-inner-section elementor-element elementor-element-5975a05d parcours-blocpushinfos-blocsousimage elementor-section-boxed elementor-section-height-default elementor-section-height-default\" data-id=\"5975a05d\" data-element_type=\"section\" data-settings=\"{&quot;background_background&quot;:&quot;classic&quot;}\">\n\t\t\t\t\t\t<div class=\"elementor-container elementor-column-gap-default\">\n\t\t\t\t\t<div class=\"elementor-column elementor-col-50 elementor-inner-column elementor-element elementor-element-e488c35\" data-id=\"e488c35\" data-element_type=\"column\">\n\t\t\t<div class=\"elementor-widget-wrap elementor-element-populated\">\n\t\t\t\t\t\t<div class=\"elementor-element elementor-element-38712e63 elementor-widget elementor-widget-image\" data-id=\"38712e63\" data-element_type=\"widget\" data-widget_type=\"image.default\">\n\t\t\t\t<div class=\"elementor-widget-container\">\n\t\t\t\t\t\t\t\t\t\t\t\t\t\t\t<img decoding=\"async\" src=\"https:\/\/www.lourdes-france.org\/wp-content\/uploads\/elementor\/thumbs\/icone-parcours-2-p61bwa9k0x5qrgu8us83vg1joanhq9lvpw0zm7egj4.jpg\" title=\"icone-parcours-2\" alt=\"icone-parcours-2\" loading=\"lazy\" \/>\t\t\t\t\t\t\t\t\t\t\t\t\t\t\t<\/div>\n\t\t\t\t<\/div>\n\t\t\t\t\t<\/div>\n\t\t<\/div>\n\t\t\t\t<div class=\"elementor-column elementor-col-50 elementor-inner-column elementor-element elementor-element-5275529a\" data-id=\"5275529a\" data-element_type=\"column\">\n\t\t\t<div class=\"elementor-widget-wrap elementor-element-populated\">\n\t\t\t\t\t\t<div class=\"elementor-element elementor-element-15cdc1e0 elementor-widget elementor-widget-text-editor\" data-id=\"15cdc1e0\" data-element_type=\"widget\" data-widget_type=\"text-editor.default\">\n\t\t\t\t<div class=\"elementor-widget-container\">\n\t\t\t\t\t\t\t\t\t<p><span class=\"parcours-blocpushinfos\">Quand : <br \/><\/span><span class=\"parcours-blocpushinfos-txt\">Marted\u00ec e mercoled\u00ec<\/span><br \/><span class=\"parcours-blocpushinfos\">Appuntamento : <br \/><\/span><span class=\"parcours-blocpushinfos-txt\">presso il centro informazioni a 8.30<br \/><\/span><br \/><span class=\"parcours-blocpushinfos\">Durata :<br \/><\/span><span class=\"parcours-blocpushinfos-txt\"> 2 giorni<\/span><br \/><span class=\"parcours-blocpushinfos\">Tutte le et\u00e0<\/span><\/p>\t\t\t\t\t\t\t\t<\/div>\n\t\t\t\t<\/div>\n\t\t\t\t\t<\/div>\n\t\t<\/div>\n\t\t\t\t\t<\/div>\n\t\t<\/section>\n\t\t\t\t\t<\/div>\n\t\t<\/div>\n\t\t\t\t\t<\/div>\n\t\t<\/section>\n\t\t\t\t<section class=\"elementor-section elementor-top-section elementor-element elementor-element-2604563 elementor-section-boxed elementor-section-height-default elementor-section-height-default\" data-id=\"2604563\" data-element_type=\"section\">\n\t\t\t\t\t\t<div class=\"elementor-container elementor-column-gap-no\">\n\t\t\t\t\t<div class=\"elementor-column elementor-col-100 elementor-top-column elementor-element elementor-element-67e1928\" data-id=\"67e1928\" data-element_type=\"column\">\n\t\t\t<div class=\"elementor-widget-wrap elementor-element-populated\">\n\t\t\t\t\t\t<div class=\"elementor-element elementor-element-e4a1ddc elementor-widget elementor-widget-shortcode\" data-id=\"e4a1ddc\" data-element_type=\"widget\" data-widget_type=\"shortcode.default\">\n\t\t\t\t<div class=\"elementor-widget-container\">\n\t\t\t\t\t\t\t<div class=\"elementor-shortcode\"><script type=\"text\/javascript\">\/\/ <![CDATA[\njQuery(document).ready(function(){\n\tsetInterval( function() { AutoiFrameAdjustiFrameHeight( 'auto-iframe', 50); }, 1000 );\n});\n\/\/ ]]><\/script>\n<iframe id=\"auto-iframe\" name=\"auto-iframe\" src=\"\/sndlphp\/frmpaie\/frmProgrammes.php?p=W&#038;lang=it&#038;pr=4&#038;t=5&#038;m=5\" width=\"100%\" height=\"auto\" frameborder=\"0\" scrolling=\"no\"onload=\"AutoiFrameAdjustiFrameHeight('auto-iframe',50);\"><\/iframe><\/div>\n\t\t\t\t\t\t<\/div>\n\t\t\t\t<\/div>\n\t\t\t\t\t<\/div>\n\t\t<\/div>\n\t\t\t\t\t<\/div>\n\t\t<\/section>\n\t\t\t\t<\/div>\n\t\t","protected":false},"excerpt":{"rendered":"<p>Nell&#8217;immaginario collettivo Lourdes \u00e8 la citt\u00e0 delle guarigioni miracolose. Le prime guarigioni di Lourdes si sono verificate durante le apparizioni del 1858 e da allora non sono mai cessate. La guarigione dei corpi, tuttavia, non pu\u00f2 oscurare la guarigione dei &hellip; <a href=\"https:\/\/www.lourdes-france.org\/it\/guarigione-lourdes\/\">Continua<\/a><\/p>\n","protected":false},"author":7,"featured_media":0,"parent":0,"menu_order":0,"comment_status":"closed","ping_status":"closed","template":"page-no-sidebar.php","meta":{"_acf_changed":false,"footnotes":""},"class_list":["post-12045","page","type-page","status-publish","hentry"],"acf":[],"yoast_head":"<!-- This site is optimized with the Yoast SEO plugin v24.7 - https:\/\/yoast.com\/wordpress\/plugins\/seo\/ -->\n<title>Guarigione a Lourdes<\/title>\n<meta name=\"robots\" content=\"index, follow, max-snippet:-1, max-image-preview:large, max-video-preview:-1\" \/>\n<link rel=\"canonical\" href=\"https:\/\/www.lourdes-france.org\/it\/guarigione-lourdes\/\" \/>\n<meta name=\"twitter:label1\" content=\"Tempo di lettura stimato\" \/>\n\t<meta name=\"twitter:data1\" content=\"1 minuto\" \/>\n<script type=\"application\/ld+json\" class=\"yoast-schema-graph\">{\"@context\":\"https:\/\/schema.org\",\"@graph\":[{\"@type\":\"WebPage\",\"@id\":\"https:\/\/www.lourdes-france.org\/it\/guarigione-lourdes\/\",\"url\":\"https:\/\/www.lourdes-france.org\/it\/guarigione-lourdes\/\",\"name\":\"Guarigione a Lourdes\",\"isPartOf\":{\"@id\":\"https:\/\/preprod-lourdes.cawita.com\/#website\"},\"primaryImageOfPage\":{\"@id\":\"https:\/\/www.lourdes-france.org\/it\/guarigione-lourdes\/#primaryimage\"},\"image\":{\"@id\":\"https:\/\/www.lourdes-france.org\/it\/guarigione-lourdes\/#primaryimage\"},\"thumbnailUrl\":\"https:\/\/preprod.lourdes-france.org\/wp-content\/uploads\/2018\/07\/guerir.jpg\",\"datePublished\":\"2018-08-02T16:31:56+00:00\",\"dateModified\":\"2021-03-02T15:06:55+00:00\",\"breadcrumb\":{\"@id\":\"https:\/\/www.lourdes-france.org\/it\/guarigione-lourdes\/#breadcrumb\"},\"inLanguage\":\"it-IT\",\"potentialAction\":[{\"@type\":\"ReadAction\",\"target\":[\"https:\/\/www.lourdes-france.org\/it\/guarigione-lourdes\/\"]}]},{\"@type\":\"ImageObject\",\"inLanguage\":\"it-IT\",\"@id\":\"https:\/\/www.lourdes-france.org\/it\/guarigione-lourdes\/#primaryimage\",\"url\":\"https:\/\/preprod.lourdes-france.org\/wp-content\/uploads\/2018\/07\/guerir.jpg\",\"contentUrl\":\"https:\/\/preprod.lourdes-france.org\/wp-content\/uploads\/2018\/07\/guerir.jpg\"},{\"@type\":\"BreadcrumbList\",\"@id\":\"https:\/\/www.lourdes-france.org\/it\/guarigione-lourdes\/#breadcrumb\",\"itemListElement\":[{\"@type\":\"ListItem\",\"position\":1,\"name\":\"Accueil\",\"item\":\"https:\/\/www.lourdes-france.org\/\"},{\"@type\":\"ListItem\",\"position\":2,\"name\":\"Guarigione a Lourdes\"}]},{\"@type\":\"WebSite\",\"@id\":\"https:\/\/preprod-lourdes.cawita.com\/#website\",\"url\":\"https:\/\/preprod-lourdes.cawita.com\/\",\"name\":\"Soutenir le Sanctuaire Notre-Dame de Lourdes\",\"description\":\"\",\"potentialAction\":[{\"@type\":\"SearchAction\",\"target\":{\"@type\":\"EntryPoint\",\"urlTemplate\":\"https:\/\/preprod-lourdes.cawita.com\/?s={search_term_string}\"},\"query-input\":{\"@type\":\"PropertyValueSpecification\",\"valueRequired\":true,\"valueName\":\"search_term_string\"}}],\"inLanguage\":\"it-IT\"}]}<\/script>\n<!-- \/ Yoast SEO plugin. -->","yoast_head_json":{"title":"Guarigione a Lourdes","robots":{"index":"index","follow":"follow","max-snippet":"max-snippet:-1","max-image-preview":"max-image-preview:large","max-video-preview":"max-video-preview:-1"},"canonical":"https:\/\/www.lourdes-france.org\/it\/guarigione-lourdes\/","twitter_misc":{"Tempo di lettura stimato":"1 minuto"},"schema":{"@context":"https:\/\/schema.org","@graph":[{"@type":"WebPage","@id":"https:\/\/www.lourdes-france.org\/it\/guarigione-lourdes\/","url":"https:\/\/www.lourdes-france.org\/it\/guarigione-lourdes\/","name":"Guarigione a Lourdes","isPartOf":{"@id":"https:\/\/preprod-lourdes.cawita.com\/#website"},"primaryImageOfPage":{"@id":"https:\/\/www.lourdes-france.org\/it\/guarigione-lourdes\/#primaryimage"},"image":{"@id":"https:\/\/www.lourdes-france.org\/it\/guarigione-lourdes\/#primaryimage"},"thumbnailUrl":"https:\/\/preprod.lourdes-france.org\/wp-content\/uploads\/2018\/07\/guerir.jpg","datePublished":"2018-08-02T16:31:56+00:00","dateModified":"2021-03-02T15:06:55+00:00","breadcrumb":{"@id":"https:\/\/www.lourdes-france.org\/it\/guarigione-lourdes\/#breadcrumb"},"inLanguage":"it-IT","potentialAction":[{"@type":"ReadAction","target":["https:\/\/www.lourdes-france.org\/it\/guarigione-lourdes\/"]}]},{"@type":"ImageObject","inLanguage":"it-IT","@id":"https:\/\/www.lourdes-france.org\/it\/guarigione-lourdes\/#primaryimage","url":"https:\/\/preprod.lourdes-france.org\/wp-content\/uploads\/2018\/07\/guerir.jpg","contentUrl":"https:\/\/preprod.lourdes-france.org\/wp-content\/uploads\/2018\/07\/guerir.jpg"},{"@type":"BreadcrumbList","@id":"https:\/\/www.lourdes-france.org\/it\/guarigione-lourdes\/#breadcrumb","itemListElement":[{"@type":"ListItem","position":1,"name":"Accueil","item":"https:\/\/www.lourdes-france.org\/"},{"@type":"ListItem","position":2,"name":"Guarigione a Lourdes"}]},{"@type":"WebSite","@id":"https:\/\/preprod-lourdes.cawita.com\/#website","url":"https:\/\/preprod-lourdes.cawita.com\/","name":"Soutenir le Sanctuaire Notre-Dame de Lourdes","description":"","potentialAction":[{"@type":"SearchAction","target":{"@type":"EntryPoint","urlTemplate":"https:\/\/preprod-lourdes.cawita.com\/?s={search_term_string}"},"query-input":{"@type":"PropertyValueSpecification","valueRequired":true,"valueName":"search_term_string"}}],"inLanguage":"it-IT"}]}},"_links":{"self":[{"href":"https:\/\/www.lourdes-france.org\/it\/wp-json\/wp\/v2\/pages\/12045","targetHints":{"allow":["GET"]}}],"collection":[{"href":"https:\/\/www.lourdes-france.org\/it\/wp-json\/wp\/v2\/pages"}],"about":[{"href":"https:\/\/www.lourdes-france.org\/it\/wp-json\/wp\/v2\/types\/page"}],"author":[{"embeddable":true,"href":"https:\/\/www.lourdes-france.org\/it\/wp-json\/wp\/v2\/users\/7"}],"replies":[{"embeddable":true,"href":"https:\/\/www.lourdes-france.org\/it\/wp-json\/wp\/v2\/comments?post=12045"}],"version-history":[{"count":4,"href":"https:\/\/www.lourdes-france.org\/it\/wp-json\/wp\/v2\/pages\/12045\/revisions"}],"predecessor-version":[{"id":20835,"href":"https:\/\/www.lourdes-france.org\/it\/wp-json\/wp\/v2\/pages\/12045\/revisions\/20835"}],"wp:attachment":[{"href":"https:\/\/www.lourdes-france.org\/it\/wp-json\/wp\/v2\/media?parent=12045"}],"curies":[{"name":"wp","href":"https:\/\/api.w.org\/{rel}","templated":true}]}}