{"id":12211,"date":"2018-08-02T18:06:30","date_gmt":"2018-08-02T16:06:30","guid":{"rendered":"https:\/\/www.lourdes-france.org\/penitence-source-de-bonheur\/"},"modified":"2021-03-02T16:06:53","modified_gmt":"2021-03-02T15:06:53","slug":"fonte-di-felicita","status":"publish","type":"page","link":"https:\/\/www.lourdes-france.org\/it\/fonte-di-felicita\/","title":{"rendered":"Fonte di felicit\u00e0"},"content":{"rendered":"\t\t<div data-elementor-type=\"wp-post\" data-elementor-id=\"12211\" class=\"elementor elementor-12211 elementor-3918 elementor-bc-flex-widget\" data-elementor-post-type=\"page\">\n\t\t\t\t\t\t<section class=\"elementor-section elementor-top-section elementor-element elementor-element-525c04b9 elementor-section-boxed elementor-section-height-default elementor-section-height-default\" data-id=\"525c04b9\" data-element_type=\"section\">\n\t\t\t\t\t\t<div class=\"elementor-container elementor-column-gap-no\">\n\t\t\t\t\t<div class=\"elementor-column elementor-col-66 elementor-top-column elementor-element elementor-element-193e35ba\" data-id=\"193e35ba\" data-element_type=\"column\">\n\t\t\t<div class=\"elementor-widget-wrap elementor-element-populated\">\n\t\t\t\t\t\t<div class=\"elementor-element elementor-element-4e672d22 elementor-widget elementor-widget-text-editor\" data-id=\"4e672d22\" data-element_type=\"widget\" data-widget_type=\"text-editor.default\">\n\t\t\t\t<div class=\"elementor-widget-container\">\n\t\t\t\t\t\t\t\t\t<p>&#8220;Penitenza, penitenza, penitenza&#8230;&#8221; Questa parola della Vergine Maria alla Grotta di Lourdes continua a risuonare oggi. Peccatori lo siamo tutti. Pregare per i peccatori \u00e8 quindi avere la certezza che Ges\u00f9 \u00e8 venuto per salvare tutti gli uomini. L&#8217;invito di Maria \u00e8 quindi un invito alla speranza. \u00c8 anche un incoraggiamento a fare tutto per il prossimo. &#8220;Avr\u00f2 fatto tutto per la mia felicit\u00e0, quando avr\u00f2 fatto tutto per la felicit\u00e0 del mio prossimo&#8221;.<br \/>Maria vuole impegnarci in un percorso di penitenza che \u00e8 una promessa di felicit\u00e0.<\/p>\t\t\t\t\t\t\t\t<\/div>\n\t\t\t\t<\/div>\n\t\t\t\t<div class=\"elementor-element elementor-element-164a9d9e elementor-widget elementor-widget-text-editor\" data-id=\"164a9d9e\" data-element_type=\"widget\" data-widget_type=\"text-editor.default\">\n\t\t\t\t<div class=\"elementor-widget-container\">\n\t\t\t\t\t\t\t\t\t<h2><span style=\"color: #e8a702;\">Tappe :<\/span><\/h2>\t\t\t\t\t\t\t\t<\/div>\n\t\t\t\t<\/div>\n\t\t\t\t<div class=\"elementor-element elementor-element-6be58624 elementor-widget elementor-widget-text-editor\" data-id=\"6be58624\" data-element_type=\"widget\" data-widget_type=\"text-editor.default\">\n\t\t\t\t<div class=\"elementor-widget-container\">\n\t\t\t\t\t\t\t\t\t<span class=\"parcours-listparcours\">Punto d&#8217;incontro presso il centro informazioni\n<ul>\n \t<li>Video \u201cIl messagio di Lourdes\u201d<\/li>\n \t<li>Cappella della Riconciliazione<\/li>\n \t<li>Messa<\/li>\n \t<li>Via Crucis<\/li>\n \t<li>Rosario a la Grotta<\/li>\n \t<li>Processione Mariana \u2013 fiaccolata<\/li>\n<\/ul><\/span>\t\t\t\t\t\t\t\t<\/div>\n\t\t\t\t<\/div>\n\t\t\t\t<div class=\"elementor-element elementor-element-2f70435 elementor-widget elementor-widget-text-editor\" data-id=\"2f70435\" data-element_type=\"widget\" data-widget_type=\"text-editor.default\">\n\t\t\t\t<div class=\"elementor-widget-container\">\n\t\t\t\t\t\t\t\t\t<h2><span style=\"color: #e8a702;\">Lingua :<\/span><\/h2>\t\t\t\t\t\t\t\t<\/div>\n\t\t\t\t<\/div>\n\t\t\t\t<div class=\"elementor-element elementor-element-140fc7d elementor-widget elementor-widget-text-editor\" data-id=\"140fc7d\" data-element_type=\"widget\" data-widget_type=\"text-editor.default\">\n\t\t\t\t<div class=\"elementor-widget-container\">\n\t\t\t\t\t\t\t\t\t<p>Fran\u00e7ais<\/p>\t\t\t\t\t\t\t\t<\/div>\n\t\t\t\t<\/div>\n\t\t\t\t<div class=\"elementor-element elementor-element-6d6ab1f elementor-widget elementor-widget-text-editor\" data-id=\"6d6ab1f\" data-element_type=\"widget\" data-widget_type=\"text-editor.default\">\n\t\t\t\t<div class=\"elementor-widget-container\">\n\t\t\t\t\t\t\t\t\t<h2><span style=\"color: #e8a702;\">Offerta :<\/span><\/h2>\t\t\t\t\t\t\t\t<\/div>\n\t\t\t\t<\/div>\n\t\t\t\t<div class=\"elementor-element elementor-element-3f18911 elementor-widget elementor-widget-text-editor\" data-id=\"3f18911\" data-element_type=\"widget\" data-widget_type=\"text-editor.default\">\n\t\t\t\t<div class=\"elementor-widget-container\">\n\t\t\t\t\t\t\t\t\t<p><span style=\"color: #666666;\"><strong>5\u20ac<\/strong><\/span><\/p>\t\t\t\t\t\t\t\t<\/div>\n\t\t\t\t<\/div>\n\t\t\t\t<div class=\"elementor-element elementor-element-2ef9fe4e elementor-widget elementor-widget-text-editor\" data-id=\"2ef9fe4e\" data-element_type=\"widget\" data-widget_type=\"text-editor.default\">\n\t\t\t\t<div class=\"elementor-widget-container\">\n\t\t\t\t\t\t\t\t\t<h2>Bisogno di un consiglio :<\/h2>\t\t\t\t\t\t\t\t<\/div>\n\t\t\t\t<\/div>\n\t\t\t\t<div class=\"elementor-element elementor-element-27330982 elementor-widget elementor-widget-text-editor\" data-id=\"27330982\" data-element_type=\"widget\" data-widget_type=\"text-editor.default\">\n\t\t\t\t<div class=\"elementor-widget-container\">\n\t\t\t\t\t\t\t\t\t<p>Centro d&#8217;informazione del Santuario<br \/>+33 (0)5 62 42 20 08 ou<br \/><span style=\"color: #e8a702;\"><a style=\"color: #e8a702;\" href=\"mailto:saccueil@lourdes-france.com\">saccueil@lourdes-france.com<\/a><\/span><\/p>\t\t\t\t\t\t\t\t<\/div>\n\t\t\t\t<\/div>\n\t\t\t\t\t<\/div>\n\t\t<\/div>\n\t\t\t\t<div class=\"elementor-column elementor-col-33 elementor-top-column elementor-element elementor-element-3963cc5c\" data-id=\"3963cc5c\" data-element_type=\"column\">\n\t\t\t<div class=\"elementor-widget-wrap elementor-element-populated\">\n\t\t\t\t\t\t<div class=\"elementor-element elementor-element-61b976 parcours-btninscription-titrepush elementor-widget elementor-widget-text-editor\" data-id=\"61b976\" data-element_type=\"widget\" data-widget_type=\"text-editor.default\">\n\t\t\t\t<div class=\"elementor-widget-container\">\n\t\t\t\t\t\t\t\t\t<p>QUANDO LE NOSTRE PREGHIERE CAMBIANO IL MONDO GRAZIE ALLA MISERICORDIA DE DIO<\/p>\t\t\t\t\t\t\t\t<\/div>\n\t\t\t\t<\/div>\n\t\t\t\t<div class=\"elementor-element elementor-element-49cd4bf5 elementor-widget elementor-widget-image\" data-id=\"49cd4bf5\" data-element_type=\"widget\" data-widget_type=\"image.default\">\n\t\t\t\t<div class=\"elementor-widget-container\">\n\t\t\t\t\t\t\t\t\t\t\t\t\t\t\t<img fetchpriority=\"high\" decoding=\"async\" width=\"383\" height=\"383\" src=\"https:\/\/www.lourdes-france.org\/wp-content\/uploads\/2018\/07\/penitence.jpg\" class=\"attachment-full size-full wp-image-2988\" alt=\"\" srcset=\"https:\/\/www.lourdes-france.org\/wp-content\/uploads\/2018\/07\/penitence.jpg 383w, https:\/\/www.lourdes-france.org\/wp-content\/uploads\/2018\/07\/penitence-150x150.jpg 150w, https:\/\/www.lourdes-france.org\/wp-content\/uploads\/2018\/07\/penitence-300x300.jpg 300w\" sizes=\"(max-width: 383px) 100vw, 383px\" \/>\t\t\t\t\t\t\t\t\t\t\t\t\t\t\t<\/div>\n\t\t\t\t<\/div>\n\t\t\t\t<section class=\"elementor-section elementor-inner-section elementor-element elementor-element-6d8d8db0 parcours-blocpushinfos-blocsousimage elementor-section-boxed elementor-section-height-default elementor-section-height-default\" data-id=\"6d8d8db0\" data-element_type=\"section\" data-settings=\"{&quot;background_background&quot;:&quot;classic&quot;}\">\n\t\t\t\t\t\t<div class=\"elementor-container elementor-column-gap-default\">\n\t\t\t\t\t<div class=\"elementor-column elementor-col-50 elementor-inner-column elementor-element elementor-element-bd5ad12\" data-id=\"bd5ad12\" data-element_type=\"column\">\n\t\t\t<div class=\"elementor-widget-wrap elementor-element-populated\">\n\t\t\t\t\t\t<div class=\"elementor-element elementor-element-3be757ef elementor-widget elementor-widget-image\" data-id=\"3be757ef\" data-element_type=\"widget\" data-widget_type=\"image.default\">\n\t\t\t\t<div class=\"elementor-widget-container\">\n\t\t\t\t\t\t\t\t\t\t\t\t\t\t\t<img decoding=\"async\" src=\"https:\/\/www.lourdes-france.org\/wp-content\/uploads\/elementor\/thumbs\/icone-parcours-2-p61bwa9k0x5qrgu8us83vg1joanhq9lvpw0zm7egj4.jpg\" title=\"icone-parcours-2\" alt=\"icone-parcours-2\" loading=\"lazy\" \/>\t\t\t\t\t\t\t\t\t\t\t\t\t\t\t<\/div>\n\t\t\t\t<\/div>\n\t\t\t\t\t<\/div>\n\t\t<\/div>\n\t\t\t\t<div class=\"elementor-column elementor-col-50 elementor-inner-column elementor-element elementor-element-139edcc9\" data-id=\"139edcc9\" data-element_type=\"column\">\n\t\t\t<div class=\"elementor-widget-wrap elementor-element-populated\">\n\t\t\t\t\t\t<div class=\"elementor-element elementor-element-34e0372 elementor-widget elementor-widget-text-editor\" data-id=\"34e0372\" data-element_type=\"widget\" data-widget_type=\"text-editor.default\">\n\t\t\t\t<div class=\"elementor-widget-container\">\n\t\t\t\t\t\t\t\t\t<p><span class=\"parcours-blocpushinfos\">Quando :<\/span><span class=\"parcours-blocpushinfos-txt\"> <br \/>Venerdi<\/span><br \/><span class=\"parcours-blocpushinfos\">Appuntamento :<br \/><\/span><span class=\"parcours-blocpushinfos-txt\">presso il centro informazioni a 8.30<br \/><\/span><br \/><span class=\"parcours-blocpushinfos\">Durata : <br \/><\/span><span class=\"parcours-blocpushinfos-txt\"> 1 giorno<\/span><br \/><span class=\"parcours-blocpushinfos\">Tutte le el\u00e0<\/span><\/p>\t\t\t\t\t\t\t\t<\/div>\n\t\t\t\t<\/div>\n\t\t\t\t\t<\/div>\n\t\t<\/div>\n\t\t\t\t\t<\/div>\n\t\t<\/section>\n\t\t\t\t\t<\/div>\n\t\t<\/div>\n\t\t\t\t\t<\/div>\n\t\t<\/section>\n\t\t\t\t<section class=\"elementor-section elementor-top-section elementor-element elementor-element-e482393 elementor-section-boxed elementor-section-height-default elementor-section-height-default\" data-id=\"e482393\" data-element_type=\"section\">\n\t\t\t\t\t\t<div class=\"elementor-container elementor-column-gap-no\">\n\t\t\t\t\t<div class=\"elementor-column elementor-col-100 elementor-top-column elementor-element elementor-element-498ca93\" data-id=\"498ca93\" data-element_type=\"column\">\n\t\t\t<div class=\"elementor-widget-wrap elementor-element-populated\">\n\t\t\t\t\t\t<div class=\"elementor-element elementor-element-c78314e elementor-widget elementor-widget-shortcode\" data-id=\"c78314e\" data-element_type=\"widget\" data-widget_type=\"shortcode.default\">\n\t\t\t\t<div class=\"elementor-widget-container\">\n\t\t\t\t\t\t\t<div class=\"elementor-shortcode\"><script type=\"text\/javascript\">\/\/ <![CDATA[\njQuery(document).ready(function(){\n\tsetInterval( function() { AutoiFrameAdjustiFrameHeight( 'auto-iframe', 50); }, 1000 );\n});\n\/\/ ]]><\/script>\n<iframe id=\"auto-iframe\" name=\"auto-iframe\" src=\"\/sndlphp\/frmpaie\/frmProgrammes.php?p=W&#038;lang=it&#038;pr=5&#038;t=5&#038;m=5\" width=\"100%\" height=\"auto\" frameborder=\"0\" scrolling=\"no\"onload=\"AutoiFrameAdjustiFrameHeight('auto-iframe',50);\"><\/iframe><\/div>\n\t\t\t\t\t\t<\/div>\n\t\t\t\t<\/div>\n\t\t\t\t\t<\/div>\n\t\t<\/div>\n\t\t\t\t\t<\/div>\n\t\t<\/section>\n\t\t\t\t<\/div>\n\t\t","protected":false},"excerpt":{"rendered":"<p>&#8220;Penitenza, penitenza, penitenza&#8230;&#8221; Questa parola della Vergine Maria alla Grotta di Lourdes continua a risuonare oggi. Peccatori lo siamo tutti. Pregare per i peccatori \u00e8 quindi avere la certezza che Ges\u00f9 \u00e8 venuto per salvare tutti gli uomini. L&#8217;invito di &hellip; <a href=\"https:\/\/www.lourdes-france.org\/it\/fonte-di-felicita\/\">Continua<\/a><\/p>\n","protected":false},"author":7,"featured_media":0,"parent":0,"menu_order":0,"comment_status":"closed","ping_status":"closed","template":"page-no-sidebar.php","meta":{"_acf_changed":false,"footnotes":""},"class_list":["post-12211","page","type-page","status-publish","hentry"],"acf":[],"yoast_head":"<!-- This site is optimized with the Yoast SEO plugin v24.7 - https:\/\/yoast.com\/wordpress\/plugins\/seo\/ -->\n<title>Fonte di felicit\u00e0<\/title>\n<meta name=\"robots\" content=\"index, follow, max-snippet:-1, max-image-preview:large, max-video-preview:-1\" \/>\n<link rel=\"canonical\" href=\"https:\/\/www.lourdes-france.org\/it\/fonte-di-felicita\/\" \/>\n<meta name=\"twitter:label1\" content=\"Tempo di lettura stimato\" \/>\n\t<meta name=\"twitter:data1\" content=\"1 minuto\" \/>\n<script type=\"application\/ld+json\" class=\"yoast-schema-graph\">{\"@context\":\"https:\/\/schema.org\",\"@graph\":[{\"@type\":\"WebPage\",\"@id\":\"https:\/\/www.lourdes-france.org\/it\/fonte-di-felicita\/\",\"url\":\"https:\/\/www.lourdes-france.org\/it\/fonte-di-felicita\/\",\"name\":\"Fonte di felicit\u00e0\",\"isPartOf\":{\"@id\":\"https:\/\/preprod-lourdes.cawita.com\/#website\"},\"primaryImageOfPage\":{\"@id\":\"https:\/\/www.lourdes-france.org\/it\/fonte-di-felicita\/#primaryimage\"},\"image\":{\"@id\":\"https:\/\/www.lourdes-france.org\/it\/fonte-di-felicita\/#primaryimage\"},\"thumbnailUrl\":\"https:\/\/preprod.lourdes-france.org\/wp-content\/uploads\/2018\/07\/penitence.jpg\",\"datePublished\":\"2018-08-02T16:06:30+00:00\",\"dateModified\":\"2021-03-02T15:06:53+00:00\",\"breadcrumb\":{\"@id\":\"https:\/\/www.lourdes-france.org\/it\/fonte-di-felicita\/#breadcrumb\"},\"inLanguage\":\"it-IT\",\"potentialAction\":[{\"@type\":\"ReadAction\",\"target\":[\"https:\/\/www.lourdes-france.org\/it\/fonte-di-felicita\/\"]}]},{\"@type\":\"ImageObject\",\"inLanguage\":\"it-IT\",\"@id\":\"https:\/\/www.lourdes-france.org\/it\/fonte-di-felicita\/#primaryimage\",\"url\":\"https:\/\/preprod.lourdes-france.org\/wp-content\/uploads\/2018\/07\/penitence.jpg\",\"contentUrl\":\"https:\/\/preprod.lourdes-france.org\/wp-content\/uploads\/2018\/07\/penitence.jpg\"},{\"@type\":\"BreadcrumbList\",\"@id\":\"https:\/\/www.lourdes-france.org\/it\/fonte-di-felicita\/#breadcrumb\",\"itemListElement\":[{\"@type\":\"ListItem\",\"position\":1,\"name\":\"Accueil\",\"item\":\"https:\/\/www.lourdes-france.org\/\"},{\"@type\":\"ListItem\",\"position\":2,\"name\":\"Fonte di felicit\u00e0\"}]},{\"@type\":\"WebSite\",\"@id\":\"https:\/\/preprod-lourdes.cawita.com\/#website\",\"url\":\"https:\/\/preprod-lourdes.cawita.com\/\",\"name\":\"Soutenir le Sanctuaire Notre-Dame de Lourdes\",\"description\":\"\",\"potentialAction\":[{\"@type\":\"SearchAction\",\"target\":{\"@type\":\"EntryPoint\",\"urlTemplate\":\"https:\/\/preprod-lourdes.cawita.com\/?s={search_term_string}\"},\"query-input\":{\"@type\":\"PropertyValueSpecification\",\"valueRequired\":true,\"valueName\":\"search_term_string\"}}],\"inLanguage\":\"it-IT\"}]}<\/script>\n<!-- \/ Yoast SEO plugin. -->","yoast_head_json":{"title":"Fonte di felicit\u00e0","robots":{"index":"index","follow":"follow","max-snippet":"max-snippet:-1","max-image-preview":"max-image-preview:large","max-video-preview":"max-video-preview:-1"},"canonical":"https:\/\/www.lourdes-france.org\/it\/fonte-di-felicita\/","twitter_misc":{"Tempo di lettura stimato":"1 minuto"},"schema":{"@context":"https:\/\/schema.org","@graph":[{"@type":"WebPage","@id":"https:\/\/www.lourdes-france.org\/it\/fonte-di-felicita\/","url":"https:\/\/www.lourdes-france.org\/it\/fonte-di-felicita\/","name":"Fonte di felicit\u00e0","isPartOf":{"@id":"https:\/\/preprod-lourdes.cawita.com\/#website"},"primaryImageOfPage":{"@id":"https:\/\/www.lourdes-france.org\/it\/fonte-di-felicita\/#primaryimage"},"image":{"@id":"https:\/\/www.lourdes-france.org\/it\/fonte-di-felicita\/#primaryimage"},"thumbnailUrl":"https:\/\/preprod.lourdes-france.org\/wp-content\/uploads\/2018\/07\/penitence.jpg","datePublished":"2018-08-02T16:06:30+00:00","dateModified":"2021-03-02T15:06:53+00:00","breadcrumb":{"@id":"https:\/\/www.lourdes-france.org\/it\/fonte-di-felicita\/#breadcrumb"},"inLanguage":"it-IT","potentialAction":[{"@type":"ReadAction","target":["https:\/\/www.lourdes-france.org\/it\/fonte-di-felicita\/"]}]},{"@type":"ImageObject","inLanguage":"it-IT","@id":"https:\/\/www.lourdes-france.org\/it\/fonte-di-felicita\/#primaryimage","url":"https:\/\/preprod.lourdes-france.org\/wp-content\/uploads\/2018\/07\/penitence.jpg","contentUrl":"https:\/\/preprod.lourdes-france.org\/wp-content\/uploads\/2018\/07\/penitence.jpg"},{"@type":"BreadcrumbList","@id":"https:\/\/www.lourdes-france.org\/it\/fonte-di-felicita\/#breadcrumb","itemListElement":[{"@type":"ListItem","position":1,"name":"Accueil","item":"https:\/\/www.lourdes-france.org\/"},{"@type":"ListItem","position":2,"name":"Fonte di felicit\u00e0"}]},{"@type":"WebSite","@id":"https:\/\/preprod-lourdes.cawita.com\/#website","url":"https:\/\/preprod-lourdes.cawita.com\/","name":"Soutenir le Sanctuaire Notre-Dame de Lourdes","description":"","potentialAction":[{"@type":"SearchAction","target":{"@type":"EntryPoint","urlTemplate":"https:\/\/preprod-lourdes.cawita.com\/?s={search_term_string}"},"query-input":{"@type":"PropertyValueSpecification","valueRequired":true,"valueName":"search_term_string"}}],"inLanguage":"it-IT"}]}},"_links":{"self":[{"href":"https:\/\/www.lourdes-france.org\/it\/wp-json\/wp\/v2\/pages\/12211","targetHints":{"allow":["GET"]}}],"collection":[{"href":"https:\/\/www.lourdes-france.org\/it\/wp-json\/wp\/v2\/pages"}],"about":[{"href":"https:\/\/www.lourdes-france.org\/it\/wp-json\/wp\/v2\/types\/page"}],"author":[{"embeddable":true,"href":"https:\/\/www.lourdes-france.org\/it\/wp-json\/wp\/v2\/users\/7"}],"replies":[{"embeddable":true,"href":"https:\/\/www.lourdes-france.org\/it\/wp-json\/wp\/v2\/comments?post=12211"}],"version-history":[{"count":4,"href":"https:\/\/www.lourdes-france.org\/it\/wp-json\/wp\/v2\/pages\/12211\/revisions"}],"predecessor-version":[{"id":20832,"href":"https:\/\/www.lourdes-france.org\/it\/wp-json\/wp\/v2\/pages\/12211\/revisions\/20832"}],"wp:attachment":[{"href":"https:\/\/www.lourdes-france.org\/it\/wp-json\/wp\/v2\/media?parent=12211"}],"curies":[{"name":"wp","href":"https:\/\/api.w.org\/{rel}","templated":true}]}}