{"id":17953,"date":"2018-10-17T13:21:11","date_gmt":"2018-10-17T11:21:11","guid":{"rendered":"https:\/\/www.lourdes-france.org\/nouveau-chemin-des-pelerins-page\/"},"modified":"2021-03-02T16:07:21","modified_gmt":"2021-03-02T15:07:21","slug":"nuovo-camini-dei-pellegrini","status":"publish","type":"page","link":"https:\/\/www.lourdes-france.org\/it\/nuovo-camini-dei-pellegrini\/","title":{"rendered":"Il nuovo cammino dei pellegrini"},"content":{"rendered":"\t\t<div data-elementor-type=\"wp-post\" data-elementor-id=\"17953\" class=\"elementor elementor-17953 elementor-17935 elementor-bc-flex-widget\" data-elementor-post-type=\"page\">\n\t\t\t\t\t\t<section class=\"elementor-section elementor-top-section elementor-element elementor-element-1e8099fa elementor-section-boxed elementor-section-height-default elementor-section-height-default\" data-id=\"1e8099fa\" data-element_type=\"section\">\n\t\t\t\t\t\t<div class=\"elementor-container elementor-column-gap-no\">\n\t\t\t\t\t<div class=\"elementor-column elementor-col-100 elementor-top-column elementor-element elementor-element-208eb8c3\" data-id=\"208eb8c3\" data-element_type=\"column\">\n\t\t\t<div class=\"elementor-widget-wrap elementor-element-populated\">\n\t\t\t\t\t\t<div class=\"elementor-element elementor-element-56161203 elementor-widget elementor-widget-text-editor\" data-id=\"56161203\" data-element_type=\"widget\" data-widget_type=\"text-editor.default\">\n\t\t\t\t<div class=\"elementor-widget-container\">\n\t\t\t\t\t\t\t\t\t<h2>1.\u00a0<span style=\"color: #e8a700;\">Andare alla Grotta<\/span><\/h2>\t\t\t\t\t\t\t\t<\/div>\n\t\t\t\t<\/div>\n\t\t\t\t<div class=\"elementor-element elementor-element-36952b54 elementor-widget elementor-widget-text-editor\" data-id=\"36952b54\" data-element_type=\"widget\" data-widget_type=\"text-editor.default\">\n\t\t\t\t<div class=\"elementor-widget-container\">\n\t\t\t\t\t\t\t\t\t<p>Siete qui perch\u00e9 siete attesi. Alzate il vostro sguardo su Maria. Come l&#8217;Apparizione ha insegnato a Bernadette, fate un bel segno della Croce: Nel nome del Padre, del Figlio e dello Spirito Santo. Nel vostro cuore, pensate a coloro che soffrono o che hanno bisogno di sostegno. Affidateli alla protezione materna della Madonna di Lourdes.<\/p>\t\t\t\t\t\t\t\t<\/div>\n\t\t\t\t<\/div>\n\t\t\t\t<div class=\"elementor-element elementor-element-1a13a1d2 elementor-widget elementor-widget-text-editor\" data-id=\"1a13a1d2\" data-element_type=\"widget\" data-widget_type=\"text-editor.default\">\n\t\t\t\t<div class=\"elementor-widget-container\">\n\t\t\t\t\t\t\t\t\t<h2>2.\u00a0<span style=\"color: #e8a700;\">Raccogliersi in silenzio<\/span><\/h2>\t\t\t\t\t\t\t\t<\/div>\n\t\t\t\t<\/div>\n\t\t\t\t<div class=\"elementor-element elementor-element-6f09c776 elementor-widget elementor-widget-text-editor\" data-id=\"6f09c776\" data-element_type=\"widget\" data-widget_type=\"text-editor.default\">\n\t\t\t\t<div class=\"elementor-widget-container\">\n\t\t\t\t\t\t\t\t\t<p>Non state entrando in un museo. Qui, ci si sente a casa. Bernadette ha detto: &#8220;La Grotta era il mio cielo\u201d. Di fronte a questa roccia, cos\u00ec levigata per aver ricevuto miliardi di carezze, siete invitati a guardare Maria che illuminer\u00e0 la vostra vita e vi aiuter\u00e0 a superare le difficolt\u00e0 quotidiane o a ritrovare la fiducia perduta a causa di una prova.<\/p>\t\t\t\t\t\t\t\t<\/div>\n\t\t\t\t<\/div>\n\t\t\t\t<div class=\"elementor-element elementor-element-2933d518 elementor-widget elementor-widget-text-editor\" data-id=\"2933d518\" data-element_type=\"widget\" data-widget_type=\"text-editor.default\">\n\t\t\t\t<div class=\"elementor-widget-container\">\n\t\t\t\t\t\t\t\t\t<h2>3.\u00a0<span style=\"color: #e8a700;\">Compiere il gesto dell&#8217;acqua<\/span><\/h2>\t\t\t\t\t\t\t\t<\/div>\n\t\t\t\t<\/div>\n\t\t\t\t<div class=\"elementor-element elementor-element-3bc26ab7 elementor-widget elementor-widget-text-editor\" data-id=\"3bc26ab7\" data-element_type=\"widget\" data-widget_type=\"text-editor.default\">\n\t\t\t\t<div class=\"elementor-widget-container\">\n\t\t\t\t\t\t\t\t\t<p>&#8220;Andate a bere alla sorgente&#8221; \u00e8 l&#8217;invito che Maria rivolse a Bernadette, il 25 febbraio 1858 (9\u00aa apparizione). Bernadette scav\u00f2 e port\u00f2 alla luce la sorgente dalla quale oggi si pu\u00f2 bere l&#8217;acqua alle fontane. \u00c8 un&#8217;acqua comune, paragonabile a quella delle fonti vicine. Sebbene molte guarigioni siano associate ad essa, non \u00e8 n\u00e9 benedetta n\u00e9 miracolosa. \u00c8 Dio che guarisce attraverso l&#8217;intercessione della Vergine Maria e la preghiera dei cristiani. Bernadette disse: &#8220;Quest&#8217;acqua non avrebbe virt\u00f9 senza la fede&#8221;.<\/p>\t\t\t\t\t\t\t\t<\/div>\n\t\t\t\t<\/div>\n\t\t\t\t<div class=\"elementor-element elementor-element-1ed02645 elementor-widget elementor-widget-text-editor\" data-id=\"1ed02645\" data-element_type=\"widget\" data-widget_type=\"text-editor.default\">\n\t\t\t\t<div class=\"elementor-widget-container\">\n\t\t\t\t\t\t\t\t\t<h2>4.\u00a0<span style=\"color: #e8a700;\">Andare a deporre una candela<\/span><\/h2>\t\t\t\t\t\t\t\t<\/div>\n\t\t\t\t<\/div>\n\t\t\t\t<div class=\"elementor-element elementor-element-1f87ba35 elementor-widget elementor-widget-spacer\" data-id=\"1f87ba35\" data-element_type=\"widget\" data-widget_type=\"spacer.default\">\n\t\t\t\t<div class=\"elementor-widget-container\">\n\t\t\t\t\t\t\t<div class=\"elementor-spacer\">\n\t\t\t<div class=\"elementor-spacer-inner\"><\/div>\n\t\t<\/div>\n\t\t\t\t\t\t<\/div>\n\t\t\t\t<\/div>\n\t\t\t\t<div class=\"elementor-element elementor-element-6f9e8f07 elementor-widget elementor-widget-text-editor\" data-id=\"6f9e8f07\" data-element_type=\"widget\" data-widget_type=\"text-editor.default\">\n\t\t\t\t<div class=\"elementor-widget-container\">\n\t\t\t\t\t\t\t\t\t<h2>5.\u00a0<span style=\"color: #e8a700;\">Accendere una candela<\/span><\/h2>\t\t\t\t\t\t\t\t<\/div>\n\t\t\t\t<\/div>\n\t\t\t\t<div class=\"elementor-element elementor-element-7836643b elementor-widget elementor-widget-text-editor\" data-id=\"7836643b\" data-element_type=\"widget\" data-widget_type=\"text-editor.default\">\n\t\t\t\t<div class=\"elementor-widget-container\">\n\t\t\t\t\t\t\t\t\t<p>Nessuno si reca a Lourdes senza accendere una candela: <em>&#8220;Questa luce prolunga la mia preghiera&#8221;<\/em>. Prendendo una candela, fate un&#8217;offerta al Santuario.<\/p>\t\t\t\t\t\t\t\t<\/div>\n\t\t\t\t<\/div>\n\t\t\t\t<div class=\"elementor-element elementor-element-16942921 elementor-widget elementor-widget-text-editor\" data-id=\"16942921\" data-element_type=\"widget\" data-widget_type=\"text-editor.default\">\n\t\t\t\t<div class=\"elementor-widget-container\">\n\t\t\t\t\t\t\t\t\t<p><span style=\"color: #ffc200;\">* <\/span>Le fontane riservate per riempire i contenitori sono accessibili vicino al primo ponte.<\/p>\t\t\t\t\t\t\t\t<\/div>\n\t\t\t\t<\/div>\n\t\t\t\t<div class=\"elementor-element elementor-element-73ca69be elementor-widget elementor-widget-video\" data-id=\"73ca69be\" data-element_type=\"widget\" data-settings=\"{&quot;youtube_url&quot;:&quot;https:\\\/\\\/youtu.be\\\/fahewP5tYcQ&quot;,&quot;video_type&quot;:&quot;youtube&quot;,&quot;controls&quot;:&quot;yes&quot;}\" data-widget_type=\"video.default\">\n\t\t\t\t<div class=\"elementor-widget-container\">\n\t\t\t\t\t\t\t<div class=\"elementor-wrapper elementor-open-inline\">\n\t\t\t<div class=\"elementor-video\"><\/div>\t\t<\/div>\n\t\t\t\t\t\t<\/div>\n\t\t\t\t<\/div>\n\t\t\t\t\t<\/div>\n\t\t<\/div>\n\t\t\t\t\t<\/div>\n\t\t<\/section>\n\t\t\t\t<\/div>\n\t\t","protected":false},"excerpt":{"rendered":"<p>1.\u00a0Andare alla Grotta Siete qui perch\u00e9 siete attesi. Alzate il vostro sguardo su Maria. Come l&#8217;Apparizione ha insegnato a Bernadette, fate un bel segno della Croce: Nel nome del Padre, del Figlio e dello Spirito Santo. Nel vostro cuore, pensate &hellip; <a href=\"https:\/\/www.lourdes-france.org\/it\/nuovo-camini-dei-pellegrini\/\">Continua<\/a><\/p>\n","protected":false},"author":7,"featured_media":0,"parent":0,"menu_order":0,"comment_status":"closed","ping_status":"closed","template":"","meta":{"_acf_changed":false,"footnotes":""},"class_list":["post-17953","page","type-page","status-publish","hentry"],"acf":[],"yoast_head":"<!-- This site is optimized with the Yoast SEO plugin v24.7 - https:\/\/yoast.com\/wordpress\/plugins\/seo\/ -->\n<title>Il nuovo cammino dei pellegrini<\/title>\n<meta name=\"robots\" content=\"index, follow, max-snippet:-1, max-image-preview:large, max-video-preview:-1\" \/>\n<link rel=\"canonical\" href=\"https:\/\/www.lourdes-france.org\/it\/nuovo-camini-dei-pellegrini\/\" \/>\n<meta name=\"twitter:label1\" content=\"Tempo di lettura stimato\" \/>\n\t<meta name=\"twitter:data1\" content=\"1 minuto\" \/>\n<script type=\"application\/ld+json\" class=\"yoast-schema-graph\">{\"@context\":\"https:\/\/schema.org\",\"@graph\":[{\"@type\":\"WebPage\",\"@id\":\"https:\/\/www.lourdes-france.org\/it\/nuovo-camini-dei-pellegrini\/\",\"url\":\"https:\/\/www.lourdes-france.org\/it\/nuovo-camini-dei-pellegrini\/\",\"name\":\"Il nuovo cammino dei pellegrini\",\"isPartOf\":{\"@id\":\"https:\/\/preprod-lourdes.cawita.com\/#website\"},\"datePublished\":\"2018-10-17T11:21:11+00:00\",\"dateModified\":\"2021-03-02T15:07:21+00:00\",\"breadcrumb\":{\"@id\":\"https:\/\/www.lourdes-france.org\/it\/nuovo-camini-dei-pellegrini\/#breadcrumb\"},\"inLanguage\":\"it-IT\",\"potentialAction\":[{\"@type\":\"ReadAction\",\"target\":[\"https:\/\/www.lourdes-france.org\/it\/nuovo-camini-dei-pellegrini\/\"]}]},{\"@type\":\"BreadcrumbList\",\"@id\":\"https:\/\/www.lourdes-france.org\/it\/nuovo-camini-dei-pellegrini\/#breadcrumb\",\"itemListElement\":[{\"@type\":\"ListItem\",\"position\":1,\"name\":\"Accueil\",\"item\":\"https:\/\/www.lourdes-france.org\/\"},{\"@type\":\"ListItem\",\"position\":2,\"name\":\"Il nuovo cammino dei pellegrini\"}]},{\"@type\":\"WebSite\",\"@id\":\"https:\/\/preprod-lourdes.cawita.com\/#website\",\"url\":\"https:\/\/preprod-lourdes.cawita.com\/\",\"name\":\"Soutenir le Sanctuaire Notre-Dame de Lourdes\",\"description\":\"\",\"potentialAction\":[{\"@type\":\"SearchAction\",\"target\":{\"@type\":\"EntryPoint\",\"urlTemplate\":\"https:\/\/preprod-lourdes.cawita.com\/?s={search_term_string}\"},\"query-input\":{\"@type\":\"PropertyValueSpecification\",\"valueRequired\":true,\"valueName\":\"search_term_string\"}}],\"inLanguage\":\"it-IT\"}]}<\/script>\n<!-- \/ Yoast SEO plugin. -->","yoast_head_json":{"title":"Il nuovo cammino dei pellegrini","robots":{"index":"index","follow":"follow","max-snippet":"max-snippet:-1","max-image-preview":"max-image-preview:large","max-video-preview":"max-video-preview:-1"},"canonical":"https:\/\/www.lourdes-france.org\/it\/nuovo-camini-dei-pellegrini\/","twitter_misc":{"Tempo di lettura stimato":"1 minuto"},"schema":{"@context":"https:\/\/schema.org","@graph":[{"@type":"WebPage","@id":"https:\/\/www.lourdes-france.org\/it\/nuovo-camini-dei-pellegrini\/","url":"https:\/\/www.lourdes-france.org\/it\/nuovo-camini-dei-pellegrini\/","name":"Il nuovo cammino dei pellegrini","isPartOf":{"@id":"https:\/\/preprod-lourdes.cawita.com\/#website"},"datePublished":"2018-10-17T11:21:11+00:00","dateModified":"2021-03-02T15:07:21+00:00","breadcrumb":{"@id":"https:\/\/www.lourdes-france.org\/it\/nuovo-camini-dei-pellegrini\/#breadcrumb"},"inLanguage":"it-IT","potentialAction":[{"@type":"ReadAction","target":["https:\/\/www.lourdes-france.org\/it\/nuovo-camini-dei-pellegrini\/"]}]},{"@type":"BreadcrumbList","@id":"https:\/\/www.lourdes-france.org\/it\/nuovo-camini-dei-pellegrini\/#breadcrumb","itemListElement":[{"@type":"ListItem","position":1,"name":"Accueil","item":"https:\/\/www.lourdes-france.org\/"},{"@type":"ListItem","position":2,"name":"Il nuovo cammino dei pellegrini"}]},{"@type":"WebSite","@id":"https:\/\/preprod-lourdes.cawita.com\/#website","url":"https:\/\/preprod-lourdes.cawita.com\/","name":"Soutenir le Sanctuaire Notre-Dame de Lourdes","description":"","potentialAction":[{"@type":"SearchAction","target":{"@type":"EntryPoint","urlTemplate":"https:\/\/preprod-lourdes.cawita.com\/?s={search_term_string}"},"query-input":{"@type":"PropertyValueSpecification","valueRequired":true,"valueName":"search_term_string"}}],"inLanguage":"it-IT"}]}},"_links":{"self":[{"href":"https:\/\/www.lourdes-france.org\/it\/wp-json\/wp\/v2\/pages\/17953","targetHints":{"allow":["GET"]}}],"collection":[{"href":"https:\/\/www.lourdes-france.org\/it\/wp-json\/wp\/v2\/pages"}],"about":[{"href":"https:\/\/www.lourdes-france.org\/it\/wp-json\/wp\/v2\/types\/page"}],"author":[{"embeddable":true,"href":"https:\/\/www.lourdes-france.org\/it\/wp-json\/wp\/v2\/users\/7"}],"replies":[{"embeddable":true,"href":"https:\/\/www.lourdes-france.org\/it\/wp-json\/wp\/v2\/comments?post=17953"}],"version-history":[{"count":6,"href":"https:\/\/www.lourdes-france.org\/it\/wp-json\/wp\/v2\/pages\/17953\/revisions"}],"predecessor-version":[{"id":20870,"href":"https:\/\/www.lourdes-france.org\/it\/wp-json\/wp\/v2\/pages\/17953\/revisions\/20870"}],"wp:attachment":[{"href":"https:\/\/www.lourdes-france.org\/it\/wp-json\/wp\/v2\/media?parent=17953"}],"curies":[{"name":"wp","href":"https:\/\/api.w.org\/{rel}","templated":true}]}}