{"id":204619,"date":"2020-01-20T11:09:54","date_gmt":"2020-01-20T10:09:54","guid":{"rendered":"http:\/\/www.lourdes-france.org\/youcat-a-lourdes-rejoindre-laventure-de-la-foi\/"},"modified":"2021-03-02T16:09:44","modified_gmt":"2021-03-02T15:09:44","slug":"youcat-a-lourdes-rejoindre-laventure-de-la-foi","status":"publish","type":"page","link":"https:\/\/www.lourdes-france.org\/it\/youcat-a-lourdes-rejoindre-laventure-de-la-foi\/","title":{"rendered":"YOUCAT a lourdes: raggiungere l&#8217;avventura della fede"},"content":{"rendered":"\t\t<div data-elementor-type=\"wp-page\" data-elementor-id=\"204619\" class=\"elementor elementor-204619 elementor-204233\" data-elementor-post-type=\"page\">\n\t\t\t\t\t\t<section class=\"elementor-section elementor-top-section elementor-element elementor-element-26b975d elementor-section-boxed elementor-section-height-default elementor-section-height-default\" data-id=\"26b975d\" data-element_type=\"section\">\n\t\t\t\t\t\t<div class=\"elementor-container elementor-column-gap-no\">\n\t\t\t\t\t<div class=\"elementor-column elementor-col-100 elementor-top-column elementor-element elementor-element-2540c022\" data-id=\"2540c022\" data-element_type=\"column\">\n\t\t\t<div class=\"elementor-widget-wrap elementor-element-populated\">\n\t\t\t\t\t\t<div class=\"elementor-element elementor-element-67200472 elementor-widget elementor-widget-text-editor\" data-id=\"67200472\" data-element_type=\"widget\" data-widget_type=\"text-editor.default\">\n\t\t\t\t<div class=\"elementor-widget-container\">\n\t\t\t\t\t\t\t\t\t<h2>che cos&#8217;\u00e8 <span style=\"color: #e8a700;\">\u201cYOUCAT ?<\/span><\/h2>\t\t\t\t\t\t\t\t<\/div>\n\t\t\t\t<\/div>\n\t\t\t\t<div class=\"elementor-element elementor-element-88e3443 elementor-widget elementor-widget-text-editor\" data-id=\"88e3443\" data-element_type=\"widget\" data-widget_type=\"text-editor.default\">\n\t\t\t\t<div class=\"elementor-widget-container\">\n\t\t\t\t\t\t\t\t\t<p>youcat \u00e8 senza alcun dubbio uno dei libri cattolici per i giovani di maggior successo nel mondo. distribuito in milioni di copie, specialmente durante la gmg, \u00e8 un catechismo (you<sup>th<\/sup> catechism) che presenta la fede cristiana in modo sintetico e facilmente comprensibile. scritto da giovani per i giovani, presenta la fede in modo breve e dinamico, sotto forma di domande e risposte.<\/p>\t\t\t\t\t\t\t\t<\/div>\n\t\t\t\t<\/div>\n\t\t\t\t<div class=\"elementor-element elementor-element-56758d7 elementor-widget elementor-widget-text-editor\" data-id=\"56758d7\" data-element_type=\"widget\" data-widget_type=\"text-editor.default\">\n\t\t\t\t<div class=\"elementor-widget-container\">\n\t\t\t\t\t\t\t\t\t<p>Nella sua prefazione benedetto xvi afferma: \u201cla giovent\u00f9 non \u00e8 cos\u00ec superficiale come si vorrebbe far credere; i giovani vogliono sapere in cosa consiste veramente la vita. youcat non vi offre soluzioni facili, esige da voi una nuova vita. vi presenta il messaggio del vangelo come &#8220;la perla preziosa&#8221; (cfr mt 13:45) per la quale tutto deve essere dato. per questo vi chiedo: studiate il catechismo con passione e perseveranza! dedicategli il vostro tempo! in ogni caso, tenete aperto il dialogo sulla fede! dovete conoscere in cosa credete. &#8220;<\/p><p>per maggiori informazioni su youcat: <a href=\"https:\/\/www.youcat.org\/lourdes\">https:\/\/www.youcat.org\/lourdes<\/a><\/p>\t\t\t\t\t\t\t\t<\/div>\n\t\t\t\t<\/div>\n\t\t\t\t<div class=\"elementor-element elementor-element-a26b486 elementor-widget elementor-widget-video\" data-id=\"a26b486\" data-element_type=\"widget\" data-settings=\"{&quot;youtube_url&quot;:&quot;https:\\\/\\\/youtu.be\\\/oTxruvYHzYk&quot;,&quot;video_type&quot;:&quot;youtube&quot;,&quot;controls&quot;:&quot;yes&quot;}\" data-widget_type=\"video.default\">\n\t\t\t\t<div class=\"elementor-widget-container\">\n\t\t\t\t\t\t\t<div class=\"elementor-wrapper elementor-open-inline\">\n\t\t\t<div class=\"elementor-video\"><\/div>\t\t<\/div>\n\t\t\t\t\t\t<\/div>\n\t\t\t\t<\/div>\n\t\t\t\t<div class=\"elementor-element elementor-element-6e220306 elementor-widget elementor-widget-text-editor\" data-id=\"6e220306\" data-element_type=\"widget\" data-widget_type=\"text-editor.default\">\n\t\t\t\t<div class=\"elementor-widget-container\">\n\t\t\t\t\t\t\t\t\t<p>Dans sa pr\u00e9face, Beno\u00eet XVI disait\u00a0: \u201cLa jeunesse n&#8217;est pas aussi superficielle qu&#8217;on veut bien le faire croire; les jeunes veulent savoir en quoi consiste r\u00e9ellement la vie. YOUCAT ne vous offre pas de solutions faciles; il exige de vous une nouvelle vie; il vous pr\u00e9sente le message de l&#8217;Evangile comme \u00abla perle pr\u00e9cieuse\u00bb (<em>Mt<\/em>\u00a013, 45) pour laquelle il faut tout donner. C\u2019est pourquoi je vous demande: \u00e9tudiez le cat\u00e9chisme avec passion et pers\u00e9v\u00e9rance! Donnez-lui de votre temps! Dans tous les cas, demeurez ouverts au dialogue sur votre foi\u00a0! Vous devez conna\u00eetre ce que vous croyez.\u201d<\/p><p>Pour en savoir plus sur Youcat : <a href=\"https:\/\/www.youcat.org\/lourdes?utm_source=event&amp;utm_medium=referral&amp;utm_campaign=lourdes&amp;utm_content=01\">https:\/\/www.youcat.org\/lourdes<\/a><\/p>\t\t\t\t\t\t\t\t<\/div>\n\t\t\t\t<\/div>\n\t\t\t\t<div class=\"elementor-element elementor-element-be8a69e elementor-widget elementor-widget-text-editor\" data-id=\"be8a69e\" data-element_type=\"widget\" data-widget_type=\"text-editor.default\">\n\t\t\t\t<div class=\"elementor-widget-container\">\n\t\t\t\t\t\t\t\t\t<h2>Perch\u00e9 <span style=\"color: #e8a702;\">Youcat<\/span> \u00e8 a lourdes?<\/h2>\t\t\t\t\t\t\t\t<\/div>\n\t\t\t\t<\/div>\n\t\t\t\t<div class=\"elementor-element elementor-element-b9aaf34 elementor-widget elementor-widget-text-editor\" data-id=\"b9aaf34\" data-element_type=\"widget\" data-widget_type=\"text-editor.default\">\n\t\t\t\t<div class=\"elementor-widget-container\">\n\t\t\t\t\t\t\t\t\t<p>Papa Francesco, nella sua lettera apostolica <em>sanctuarium in ecclesia,<\/em> invita tutti i santuari a diventare sempre pi\u00f9 luoghi di nuova evangelizzazione. per questo, youcat e il santuario di lourdes hanno deciso, dal 2018, di unire le forze in un progetto pilota al fine di offrire attivit\u00e0 ai giovani nella prospettiva di questa nuova evangelizzazione.<\/p>\t\t\t\t\t\t\t\t<\/div>\n\t\t\t\t<\/div>\n\t\t\t\t<div class=\"elementor-element elementor-element-46d0ca3 elementor-widget elementor-widget-image\" data-id=\"46d0ca3\" data-element_type=\"widget\" data-widget_type=\"image.default\">\n\t\t\t\t<div class=\"elementor-widget-container\">\n\t\t\t\t\t\t\t\t\t\t\t\t\t\t\t<img decoding=\"async\" src=\"https:\/\/www.lourdes-france.org\/wp-content\/uploads\/2020\/01\/IMG_2871-1152x330.jpg\" title=\"IMG_2871\" alt=\"IMG_2871\" loading=\"lazy\" \/>\t\t\t\t\t\t\t\t\t\t\t\t\t\t\t<\/div>\n\t\t\t\t<\/div>\n\t\t\t\t<div class=\"elementor-element elementor-element-17ef7707 elementor-widget elementor-widget-text-editor\" data-id=\"17ef7707\" data-element_type=\"widget\" data-widget_type=\"text-editor.default\">\n\t\t\t\t<div class=\"elementor-widget-container\">\n\t\t\t\t\t\t\t\t\t<h2><strong>Cosa stanno facendo i missionari <span style=\"color: #e8a702;\">Youcat<\/span> a lourdes?<\/strong><\/h2>\t\t\t\t\t\t\t\t<\/div>\n\t\t\t\t<\/div>\n\t\t\t\t<div class=\"elementor-element elementor-element-97672c3 elementor-widget elementor-widget-text-editor\" data-id=\"97672c3\" data-element_type=\"widget\" data-widget_type=\"text-editor.default\">\n\t\t\t\t<div class=\"elementor-widget-container\">\n\t\t\t\t\t\t\t\t\t<p>i missionari youcat sono giovani cristiani che si sono offerti volontari da tutto il mondo. propongono ai giovani presenti a lourdes dal 6 luglio al 5 settembre, programmi in diverse lingue, nonch\u00e9 opportunit\u00e0 per incontrarsi e scambiare le proprie idee. si tratta di testimoniare a tutti la gioia della fede, del dinamismo che comporta, del significato e dello slancio che d\u00e0 alla vita.<br \/><!-- [if gte mso 10]>\n<style>\n \/* Style Definitions *\/\n table.MsoNormalTable\n\t{mso-style-name:\"Tableau Normal\";\n\tmso-tstyle-rowband-size:0;\n\tmso-tstyle-colband-size:0;\n\tmso-style-noshow:yes;\n\tmso-style-priority:99;\n\tmso-style-parent:\"\";\n\tmso-padding-alt:0cm 5.4pt 0cm 5.4pt;\n\tmso-para-margin:0cm;\n\tmso-para-margin-bottom:.0001pt;\n\tmso-pagination:widow-orphan;\n\tfont-size:11.0pt;\n\tfont-family:\"Calibri\",sans-serif;\n\tmso-ascii-font-family:Calibri;\n\tmso-ascii-theme-font:minor-latin;\n\tmso-hansi-font-family:Calibri;\n\tmso-hansi-theme-font:minor-latin;\n\tmso-ansi-language:IT;\n\tmso-fareast-language:EN-US;}\n<\/style>\n<![endif]--> <!--StartFragment--> <!--EndFragment--><\/p><p class=\"MsoNormal\" style=\"line-height: normal;\">Youcat si trova vicino alla casetta di bernadette, vicino alla chiesa santa bernadette, ma gli incontri possono aver luogo altrove, a seconda delle richieste e dei programmi.<\/p>\t\t\t\t\t\t\t\t<\/div>\n\t\t\t\t<\/div>\n\t\t\t\t<div class=\"elementor-element elementor-element-7c6216a elementor-widget elementor-widget-text-editor\" data-id=\"7c6216a\" data-element_type=\"widget\" data-widget_type=\"text-editor.default\">\n\t\t\t\t<div class=\"elementor-widget-container\">\n\t\t\t\t\t\t\t\t\t<h2><strong>A chi si rivolgono gli atelier?<\/strong><\/h2>\t\t\t\t\t\t\t\t<\/div>\n\t\t\t\t<\/div>\n\t\t\t\t<div class=\"elementor-element elementor-element-ae9d168 elementor-widget elementor-widget-text-editor\" data-id=\"ae9d168\" data-element_type=\"widget\" data-widget_type=\"text-editor.default\">\n\t\t\t\t<div class=\"elementor-widget-container\">\n\t\t\t\t\t\t\t\t\t<p>principalmente ai giovani che sono curiosi e che vogliono approfondire la loro fede cristiana e il messaggio di lourdes, in modo attraente. il limite di et\u00e0 dipende dalle attivit\u00e0.<\/p>\t\t\t\t\t\t\t\t<\/div>\n\t\t\t\t<\/div>\n\t\t\t\t<div class=\"elementor-element elementor-element-f381df1 elementor-widget elementor-widget-text-editor\" data-id=\"f381df1\" data-element_type=\"widget\" data-widget_type=\"text-editor.default\">\n\t\t\t\t<div class=\"elementor-widget-container\">\n\t\t\t\t\t\t\t\t\t<h2><strong>qual \u00e8 il programma <span style=\"color: #e8a702;\">Youcat<\/span> a lourdes ?<\/strong><\/h2>\t\t\t\t\t\t\t\t<\/div>\n\t\t\t\t<\/div>\n\t\t\t\t\t<\/div>\n\t\t<\/div>\n\t\t\t\t\t<\/div>\n\t\t<\/section>\n\t\t\t\t<section class=\"elementor-section elementor-top-section elementor-element elementor-element-b018236 elementor-section-boxed elementor-section-height-default elementor-section-height-default\" data-id=\"b018236\" data-element_type=\"section\">\n\t\t\t\t\t\t<div class=\"elementor-container elementor-column-gap-default\">\n\t\t\t\t\t<div class=\"elementor-column elementor-col-100 elementor-top-column elementor-element elementor-element-f6ac2af\" data-id=\"f6ac2af\" data-element_type=\"column\">\n\t\t\t<div class=\"elementor-widget-wrap elementor-element-populated\">\n\t\t\t\t\t\t<div class=\"elementor-element elementor-element-2bfe6cd elementor-widget elementor-widget-toggle\" data-id=\"2bfe6cd\" data-element_type=\"widget\" data-widget_type=\"toggle.default\">\n\t\t\t\t<div class=\"elementor-widget-container\">\n\t\t\t\t\t\t\t<div class=\"elementor-toggle\">\n\t\t\t\t\t\t\t<div class=\"elementor-toggle-item\">\n\t\t\t\t\t<div id=\"elementor-tab-title-4611\" class=\"elementor-tab-title\" data-tab=\"1\" role=\"button\" aria-controls=\"elementor-tab-content-4611\" aria-expanded=\"false\">\n\t\t\t\t\t\t\t\t\t\t\t\t<span class=\"elementor-toggle-icon elementor-toggle-icon-left\" aria-hidden=\"true\">\n\t\t\t\t\t\t\t\t\t\t\t\t\t\t\t<span class=\"elementor-toggle-icon-closed\"><i class=\"far fa-arrow-alt-circle-down\"><\/i><\/span>\n\t\t\t\t\t\t\t\t<span class=\"elementor-toggle-icon-opened\"><i class=\"elementor-toggle-icon-opened far fa-arrow-alt-circle-up\"><\/i><\/span>\n\t\t\t\t\t\t\t\t\t\t\t\t\t<\/span>\n\t\t\t\t\t\t\t\t\t\t\t\t<a class=\"elementor-toggle-title\" tabindex=\"0\">1. youcat: grow in faith \u2013 a partire dai 14 anni. crescere nella fede<\/a>\n\t\t\t\t\t<\/div>\n\n\t\t\t\t\t<div id=\"elementor-tab-content-4611\" class=\"elementor-tab-content elementor-clearfix\" data-tab=\"1\" role=\"region\" aria-labelledby=\"elementor-tab-title-4611\"><p>Gli atelier vi aiuteranno a scoprire con gioia e in profondit\u00e0 il messaggio di lourdes riflettendo su vari argomenti di fede, tra i quali:<\/p><ul><li><span style=\"color: #e8a702;\"><strong>fede<\/strong><\/span> &#8211; la ricerca di dio<\/li><li><span style=\"color: #e8a702;\"><strong>maria<\/strong><\/span> &#8211; l&#8217;intuizione meravigliosa di dio<\/li><li><span style=\"color: #e8a702;\"><strong>speranza<\/strong><\/span> &#8211; una grande forza per andare lontano<\/li><li><span style=\"color: #e8a702;\"><strong>miracoli<\/strong><\/span> &#8211; miracoli? \u00e8 normale!<\/li><li><span style=\"color: #e8a702;\"><strong>beneficenza<\/strong><\/span>: fate la differenza<\/li><li><span style=\"color: #e8a702;\"><strong>preghiera<\/strong><\/span> \u2013 parlare realmente di dio<\/li><li><span style=\"color: #e8a702;\"><strong>eucaristia<\/strong><\/span> &#8211; il gusto dell&#8217;amore<\/li><li><span style=\"color: #e8a702;\"><strong>riconciliazione<\/strong><\/span> &#8211; non \u00e8 mai troppo tardi.<\/li><\/ul><\/div>\n\t\t\t\t<\/div>\n\t\t\t\t\t\t\t<div class=\"elementor-toggle-item\">\n\t\t\t\t\t<div id=\"elementor-tab-title-4612\" class=\"elementor-tab-title\" data-tab=\"2\" role=\"button\" aria-controls=\"elementor-tab-content-4612\" aria-expanded=\"false\">\n\t\t\t\t\t\t\t\t\t\t\t\t<span class=\"elementor-toggle-icon elementor-toggle-icon-left\" aria-hidden=\"true\">\n\t\t\t\t\t\t\t\t\t\t\t\t\t\t\t<span class=\"elementor-toggle-icon-closed\"><i class=\"far fa-arrow-alt-circle-down\"><\/i><\/span>\n\t\t\t\t\t\t\t\t<span class=\"elementor-toggle-icon-opened\"><i class=\"elementor-toggle-icon-opened far fa-arrow-alt-circle-up\"><\/i><\/span>\n\t\t\t\t\t\t\t\t\t\t\t\t\t<\/span>\n\t\t\t\t\t\t\t\t\t\t\t\t<a class=\"elementor-toggle-title\" tabindex=\"0\">2. youcat: bob & lilly bambini dai 6 ai 12 anni.<\/a>\n\t\t\t\t\t<\/div>\n\n\t\t\t\t\t<div id=\"elementor-tab-content-4612\" class=\"elementor-tab-content elementor-clearfix\" data-tab=\"2\" role=\"region\" aria-labelledby=\"elementor-tab-title-4612\"><p>i bambini, accompagnati dai genitori o dai nonni, hanno l&#8217;opportunit\u00e0 di fare amicizia con i due eroi di <em>youcat for kids<\/em>. la trasmissione della fede ai bambini piccoli \u00e8 un&#8217;avventura per tutta la famiglia.<\/p><\/div>\n\t\t\t\t<\/div>\n\t\t\t\t\t\t\t<div class=\"elementor-toggle-item\">\n\t\t\t\t\t<div id=\"elementor-tab-title-4613\" class=\"elementor-tab-title\" data-tab=\"3\" role=\"button\" aria-controls=\"elementor-tab-content-4613\" aria-expanded=\"false\">\n\t\t\t\t\t\t\t\t\t\t\t\t<span class=\"elementor-toggle-icon elementor-toggle-icon-left\" aria-hidden=\"true\">\n\t\t\t\t\t\t\t\t\t\t\t\t\t\t\t<span class=\"elementor-toggle-icon-closed\"><i class=\"far fa-arrow-alt-circle-down\"><\/i><\/span>\n\t\t\t\t\t\t\t\t<span class=\"elementor-toggle-icon-opened\"><i class=\"elementor-toggle-icon-opened far fa-arrow-alt-circle-up\"><\/i><\/span>\n\t\t\t\t\t\t\t\t\t\t\t\t\t<\/span>\n\t\t\t\t\t\t\t\t\t\t\t\t<a class=\"elementor-toggle-title\" tabindex=\"0\">3. youcat: come & meet - aperto a tutti<\/a>\n\t\t\t\t\t<\/div>\n\n\t\t\t\t\t<div id=\"elementor-tab-content-4613\" class=\"elementor-tab-content elementor-clearfix\" data-tab=\"3\" role=\"region\" aria-labelledby=\"elementor-tab-title-4613\"><p><em>vieni e vedi<\/em><\/p><p>volete parlare con i missionari di youcat, ma non avete il tempo di partecipare a uno dei loro atelier? e se vi riuniste per un incontro per discutere le vostre domande sulla fede, per conoscere meglio youcat o i discepoli missionari?<\/p><\/div>\n\t\t\t\t<\/div>\n\t\t\t\t\t\t\t<div class=\"elementor-toggle-item\">\n\t\t\t\t\t<div id=\"elementor-tab-title-4614\" class=\"elementor-tab-title\" data-tab=\"4\" role=\"button\" aria-controls=\"elementor-tab-content-4614\" aria-expanded=\"false\">\n\t\t\t\t\t\t\t\t\t\t\t\t<span class=\"elementor-toggle-icon elementor-toggle-icon-left\" aria-hidden=\"true\">\n\t\t\t\t\t\t\t\t\t\t\t\t\t\t\t<span class=\"elementor-toggle-icon-closed\"><i class=\"far fa-arrow-alt-circle-down\"><\/i><\/span>\n\t\t\t\t\t\t\t\t<span class=\"elementor-toggle-icon-opened\"><i class=\"elementor-toggle-icon-opened far fa-arrow-alt-circle-up\"><\/i><\/span>\n\t\t\t\t\t\t\t\t\t\t\t\t\t<\/span>\n\t\t\t\t\t\t\t\t\t\t\t\t<a class=\"elementor-toggle-title\" tabindex=\"0\">4. youcat: evening \u2013 faith & fun giovani adulti o dai 16 anni accompagnati.<\/a>\n\t\t\t\t\t<\/div>\n\n\t\t\t\t\t<div id=\"elementor-tab-content-4614\" class=\"elementor-tab-content elementor-clearfix\" data-tab=\"4\" role=\"region\" aria-labelledby=\"elementor-tab-title-4614\"><p><em>Serata<\/em><\/p><p>Le serate youcat sono un invito a condividere un bel momento insieme, caratterizzato dall\u2019amicizia, dalla musica, da giochi, bevande e snack.<\/p><p>questa \u00e8 un&#8217;occasione, per i giovani di diversi paesi, per entrare in contatto con i missionari internazionali youcat, per condividere la loro esperienza e il loro entusiasmo. \u00e8 una grande opportunit\u00e0 per parlare delle questioni pi\u00f9 importanti della vita, delle loro paure e dei loro progetti.<\/p><\/div>\n\t\t\t\t<\/div>\n\t\t\t\t\t\t\t\t<\/div>\n\t\t\t\t\t\t<\/div>\n\t\t\t\t<\/div>\n\t\t\t\t<div class=\"elementor-element elementor-element-c75b132 elementor-widget elementor-widget-text-editor\" data-id=\"c75b132\" data-element_type=\"widget\" data-widget_type=\"text-editor.default\">\n\t\t\t\t<div class=\"elementor-widget-container\">\n\t\t\t\t\t\t\t\t\t<h2><strong>Quando si svolger\u00e0 la missione <span style=\"color: #e8a702;\">YOUCAT ?<\/span>\u00a0<\/strong><\/h2>\t\t\t\t\t\t\t\t<\/div>\n\t\t\t\t<\/div>\n\t\t\t\t<div class=\"elementor-element elementor-element-3d7da81d elementor-widget elementor-widget-text-editor\" data-id=\"3d7da81d\" data-element_type=\"widget\" data-widget_type=\"text-editor.default\">\n\t\t\t\t<div class=\"elementor-widget-container\">\n\t\t\t\t\t\t\t\t\t<p>dal 6 luglio al 5 settembre, da marted\u00ec a domenica.<\/p>\t\t\t\t\t\t\t\t<\/div>\n\t\t\t\t<\/div>\n\t\t\t\t<div class=\"elementor-element elementor-element-948fcc1 elementor-widget elementor-widget-image\" data-id=\"948fcc1\" data-element_type=\"widget\" data-widget_type=\"image.default\">\n\t\t\t\t<div class=\"elementor-widget-container\">\n\t\t\t\t\t\t\t\t\t\t\t\t\t\t\t<img decoding=\"async\" src=\"https:\/\/www.lourdes-france.org\/wp-content\/uploads\/2020\/01\/IMG_4033-1200x330.jpg\" title=\"IMG_4033\" alt=\"IMG_4033\" loading=\"lazy\" \/>\t\t\t\t\t\t\t\t\t\t\t\t\t\t\t<\/div>\n\t\t\t\t<\/div>\n\t\t\t\t<div class=\"elementor-element elementor-element-2174c64 elementor-widget elementor-widget-text-editor\" data-id=\"2174c64\" data-element_type=\"widget\" data-widget_type=\"text-editor.default\">\n\t\t\t\t<div class=\"elementor-widget-container\">\n\t\t\t\t\t\t\t\t\t<h2><strong>Come prenotare un&#8217;attivit\u00e0?<\/strong><\/h2>\t\t\t\t\t\t\t\t<\/div>\n\t\t\t\t<\/div>\n\t\t\t\t<div class=\"elementor-element elementor-element-6be5c37 elementor-widget elementor-widget-text-editor\" data-id=\"6be5c37\" data-element_type=\"widget\" data-widget_type=\"text-editor.default\">\n\t\t\t\t<div class=\"elementor-widget-container\">\n\t\t\t\t\t\t\t\t\t<p>Per iscrivere il vostro gruppo o il vostro pellegrinaggio, chiamate l&#8217;ufficio pianificazione al numero +33 5 62 42 79 02 o inviate una e-mail a: <a href=\"mailto:reservation@lourdes-france.com\">reservation@lourdes-france.com<\/a><\/p>\t\t\t\t\t\t\t\t<\/div>\n\t\t\t\t<\/div>\n\t\t\t\t\t<\/div>\n\t\t<\/div>\n\t\t\t\t\t<\/div>\n\t\t<\/section>\n\t\t\t\t<\/div>\n\t\t","protected":false},"excerpt":{"rendered":"<p>che cos&#8217;\u00e8 \u201cYOUCAT ? youcat \u00e8 senza alcun dubbio uno dei libri cattolici per i giovani di maggior successo nel mondo. distribuito in milioni di copie, specialmente durante la gmg, \u00e8 un catechismo (youth catechism) che presenta la fede cristiana &hellip; <a href=\"https:\/\/www.lourdes-france.org\/it\/youcat-a-lourdes-rejoindre-laventure-de-la-foi\/\">Continua<\/a><\/p>\n","protected":false},"author":7,"featured_media":191325,"parent":0,"menu_order":0,"comment_status":"closed","ping_status":"closed","template":"","meta":{"_acf_changed":false,"footnotes":""},"class_list":["post-204619","page","type-page","status-publish","has-post-thumbnail","hentry"],"acf":[],"yoast_head":"<!-- This site is optimized with the Yoast SEO plugin v24.7 - https:\/\/yoast.com\/wordpress\/plugins\/seo\/ -->\n<title>YOUCAT a lourdes: raggiungere l&#039;avventura della fede<\/title>\n<meta name=\"robots\" content=\"index, follow, max-snippet:-1, max-image-preview:large, max-video-preview:-1\" \/>\n<link rel=\"canonical\" href=\"https:\/\/www.lourdes-france.org\/it\/youcat-a-lourdes-rejoindre-laventure-de-la-foi\/\" \/>\n<meta name=\"twitter:label1\" content=\"Tempo di lettura stimato\" \/>\n\t<meta name=\"twitter:data1\" content=\"4 minuti\" \/>\n<script type=\"application\/ld+json\" class=\"yoast-schema-graph\">{\"@context\":\"https:\/\/schema.org\",\"@graph\":[{\"@type\":\"WebPage\",\"@id\":\"https:\/\/www.lourdes-france.org\/it\/youcat-a-lourdes-rejoindre-laventure-de-la-foi\/\",\"url\":\"https:\/\/www.lourdes-france.org\/it\/youcat-a-lourdes-rejoindre-laventure-de-la-foi\/\",\"name\":\"YOUCAT a lourdes: raggiungere l'avventura della fede\",\"isPartOf\":{\"@id\":\"https:\/\/preprod-lourdes.cawita.com\/#website\"},\"primaryImageOfPage\":{\"@id\":\"https:\/\/www.lourdes-france.org\/it\/youcat-a-lourdes-rejoindre-laventure-de-la-foi\/#primaryimage\"},\"image\":{\"@id\":\"https:\/\/www.lourdes-france.org\/it\/youcat-a-lourdes-rejoindre-laventure-de-la-foi\/#primaryimage\"},\"thumbnailUrl\":\"https:\/\/www.lourdes-france.org\/wp-content\/uploads\/2019\/12\/Bandeau-YOUCAT-plateforme-200x200.jpg\",\"datePublished\":\"2020-01-20T10:09:54+00:00\",\"dateModified\":\"2021-03-02T15:09:44+00:00\",\"breadcrumb\":{\"@id\":\"https:\/\/www.lourdes-france.org\/it\/youcat-a-lourdes-rejoindre-laventure-de-la-foi\/#breadcrumb\"},\"inLanguage\":\"it-IT\",\"potentialAction\":[{\"@type\":\"ReadAction\",\"target\":[\"https:\/\/www.lourdes-france.org\/it\/youcat-a-lourdes-rejoindre-laventure-de-la-foi\/\"]}]},{\"@type\":\"ImageObject\",\"inLanguage\":\"it-IT\",\"@id\":\"https:\/\/www.lourdes-france.org\/it\/youcat-a-lourdes-rejoindre-laventure-de-la-foi\/#primaryimage\",\"url\":\"https:\/\/www.lourdes-france.org\/wp-content\/uploads\/2019\/12\/Bandeau-YOUCAT-plateforme-200x200.jpg\",\"contentUrl\":\"https:\/\/www.lourdes-france.org\/wp-content\/uploads\/2019\/12\/Bandeau-YOUCAT-plateforme-200x200.jpg\",\"width\":200,\"height\":200},{\"@type\":\"BreadcrumbList\",\"@id\":\"https:\/\/www.lourdes-france.org\/it\/youcat-a-lourdes-rejoindre-laventure-de-la-foi\/#breadcrumb\",\"itemListElement\":[{\"@type\":\"ListItem\",\"position\":1,\"name\":\"Accueil\",\"item\":\"https:\/\/www.lourdes-france.org\/\"},{\"@type\":\"ListItem\",\"position\":2,\"name\":\"YOUCAT a lourdes: raggiungere l&#8217;avventura della fede\"}]},{\"@type\":\"WebSite\",\"@id\":\"https:\/\/preprod-lourdes.cawita.com\/#website\",\"url\":\"https:\/\/preprod-lourdes.cawita.com\/\",\"name\":\"Soutenir le Sanctuaire Notre-Dame de Lourdes\",\"description\":\"\",\"potentialAction\":[{\"@type\":\"SearchAction\",\"target\":{\"@type\":\"EntryPoint\",\"urlTemplate\":\"https:\/\/preprod-lourdes.cawita.com\/?s={search_term_string}\"},\"query-input\":{\"@type\":\"PropertyValueSpecification\",\"valueRequired\":true,\"valueName\":\"search_term_string\"}}],\"inLanguage\":\"it-IT\"}]}<\/script>\n<!-- \/ Yoast SEO plugin. -->","yoast_head_json":{"title":"YOUCAT a lourdes: raggiungere l'avventura della fede","robots":{"index":"index","follow":"follow","max-snippet":"max-snippet:-1","max-image-preview":"max-image-preview:large","max-video-preview":"max-video-preview:-1"},"canonical":"https:\/\/www.lourdes-france.org\/it\/youcat-a-lourdes-rejoindre-laventure-de-la-foi\/","twitter_misc":{"Tempo di lettura stimato":"4 minuti"},"schema":{"@context":"https:\/\/schema.org","@graph":[{"@type":"WebPage","@id":"https:\/\/www.lourdes-france.org\/it\/youcat-a-lourdes-rejoindre-laventure-de-la-foi\/","url":"https:\/\/www.lourdes-france.org\/it\/youcat-a-lourdes-rejoindre-laventure-de-la-foi\/","name":"YOUCAT a lourdes: raggiungere l'avventura della fede","isPartOf":{"@id":"https:\/\/preprod-lourdes.cawita.com\/#website"},"primaryImageOfPage":{"@id":"https:\/\/www.lourdes-france.org\/it\/youcat-a-lourdes-rejoindre-laventure-de-la-foi\/#primaryimage"},"image":{"@id":"https:\/\/www.lourdes-france.org\/it\/youcat-a-lourdes-rejoindre-laventure-de-la-foi\/#primaryimage"},"thumbnailUrl":"https:\/\/www.lourdes-france.org\/wp-content\/uploads\/2019\/12\/Bandeau-YOUCAT-plateforme-200x200.jpg","datePublished":"2020-01-20T10:09:54+00:00","dateModified":"2021-03-02T15:09:44+00:00","breadcrumb":{"@id":"https:\/\/www.lourdes-france.org\/it\/youcat-a-lourdes-rejoindre-laventure-de-la-foi\/#breadcrumb"},"inLanguage":"it-IT","potentialAction":[{"@type":"ReadAction","target":["https:\/\/www.lourdes-france.org\/it\/youcat-a-lourdes-rejoindre-laventure-de-la-foi\/"]}]},{"@type":"ImageObject","inLanguage":"it-IT","@id":"https:\/\/www.lourdes-france.org\/it\/youcat-a-lourdes-rejoindre-laventure-de-la-foi\/#primaryimage","url":"https:\/\/www.lourdes-france.org\/wp-content\/uploads\/2019\/12\/Bandeau-YOUCAT-plateforme-200x200.jpg","contentUrl":"https:\/\/www.lourdes-france.org\/wp-content\/uploads\/2019\/12\/Bandeau-YOUCAT-plateforme-200x200.jpg","width":200,"height":200},{"@type":"BreadcrumbList","@id":"https:\/\/www.lourdes-france.org\/it\/youcat-a-lourdes-rejoindre-laventure-de-la-foi\/#breadcrumb","itemListElement":[{"@type":"ListItem","position":1,"name":"Accueil","item":"https:\/\/www.lourdes-france.org\/"},{"@type":"ListItem","position":2,"name":"YOUCAT a lourdes: raggiungere l&#8217;avventura della fede"}]},{"@type":"WebSite","@id":"https:\/\/preprod-lourdes.cawita.com\/#website","url":"https:\/\/preprod-lourdes.cawita.com\/","name":"Soutenir le Sanctuaire Notre-Dame de Lourdes","description":"","potentialAction":[{"@type":"SearchAction","target":{"@type":"EntryPoint","urlTemplate":"https:\/\/preprod-lourdes.cawita.com\/?s={search_term_string}"},"query-input":{"@type":"PropertyValueSpecification","valueRequired":true,"valueName":"search_term_string"}}],"inLanguage":"it-IT"}]}},"_links":{"self":[{"href":"https:\/\/www.lourdes-france.org\/it\/wp-json\/wp\/v2\/pages\/204619","targetHints":{"allow":["GET"]}}],"collection":[{"href":"https:\/\/www.lourdes-france.org\/it\/wp-json\/wp\/v2\/pages"}],"about":[{"href":"https:\/\/www.lourdes-france.org\/it\/wp-json\/wp\/v2\/types\/page"}],"author":[{"embeddable":true,"href":"https:\/\/www.lourdes-france.org\/it\/wp-json\/wp\/v2\/users\/7"}],"replies":[{"embeddable":true,"href":"https:\/\/www.lourdes-france.org\/it\/wp-json\/wp\/v2\/comments?post=204619"}],"version-history":[{"count":2,"href":"https:\/\/www.lourdes-france.org\/it\/wp-json\/wp\/v2\/pages\/204619\/revisions"}],"predecessor-version":[{"id":204625,"href":"https:\/\/www.lourdes-france.org\/it\/wp-json\/wp\/v2\/pages\/204619\/revisions\/204625"}],"wp:featuredmedia":[{"embeddable":true,"href":"https:\/\/www.lourdes-france.org\/it\/wp-json\/wp\/v2\/media\/191325"}],"wp:attachment":[{"href":"https:\/\/www.lourdes-france.org\/it\/wp-json\/wp\/v2\/media?parent=204619"}],"curies":[{"name":"wp","href":"https:\/\/api.w.org\/{rel}","templated":true}]}}