{"id":238469,"date":"2020-03-30T08:46:06","date_gmt":"2020-03-30T06:46:06","guid":{"rendered":"https:\/\/www.lourdes-france.org\/a-flame-a-presence\/"},"modified":"2021-03-02T16:05:21","modified_gmt":"2021-03-02T15:05:21","slug":"una-fiamma-una-presenza","status":"publish","type":"page","link":"https:\/\/www.lourdes-france.org\/it\/una-fiamma-una-presenza\/","title":{"rendered":"&#8220;Una Fiamma, una Presenza&#8221;"},"content":{"rendered":"\t\t<div data-elementor-type=\"wp-page\" data-elementor-id=\"238469\" class=\"elementor elementor-238469 elementor-237903\" data-elementor-post-type=\"page\">\n\t\t\t\t\t\t<section class=\"elementor-section elementor-top-section elementor-element elementor-element-0561690 elementor-section-boxed elementor-section-height-default elementor-section-height-default\" data-id=\"0561690\" data-element_type=\"section\">\n\t\t\t\t\t\t<div class=\"elementor-container elementor-column-gap-no\">\n\t\t\t\t\t<div class=\"elementor-column elementor-col-100 elementor-top-column elementor-element elementor-element-9469c02\" data-id=\"9469c02\" data-element_type=\"column\">\n\t\t\t<div class=\"elementor-widget-wrap elementor-element-populated\">\n\t\t\t\t\t\t<div class=\"elementor-element elementor-element-a841514 elementor-widget elementor-widget-text-editor\" data-id=\"a841514\" data-element_type=\"widget\" data-widget_type=\"text-editor.default\">\n\t\t\t\t<div class=\"elementor-widget-container\">\n\t\t\t\t\t\t\t\t\t<h2>Aggiungo la <span style=\"color: #e8a702;\">mia Fiamma<\/span><\/h2>\t\t\t\t\t\t\t\t<\/div>\n\t\t\t\t<\/div>\n\t\t\t\t<div class=\"elementor-element elementor-element-593bba0 elementor-widget elementor-widget-text-editor\" data-id=\"593bba0\" data-element_type=\"widget\" data-widget_type=\"text-editor.default\">\n\t\t\t\t<div class=\"elementor-widget-container\">\n\t\t\t\t\t\t\t\t\t<p>A Lourdes, dal 18 febbraio 1858, milioni di candele bruciano incessantemente. Quel giorno, Bernadette arriv\u00f2 alla Grotta con una candela accesa che tenne tra le mani fino alla fine dell&#8217;apparizione della Vergine Maria. Prima di andarsene, la Vergine le chiese di lasciarla estinguere nella Grotta. Lo stesso giorno, alcune persone lasciarono altre candele accese nel luogo indicato. Da allora non si \u00e8 mai smesso di rinnovarle.<\/p><p>Chiedendo di fare accendere un lume a Lourdes, partecipate a questo grande e bellissimo slancio di fede.<\/p><p><span style=\"color: #e8a702;\">Per voi e per coloro che non possono venire fisicamente, fate accendere un lume a Lourdes!<br \/><\/span><\/p><p>Ogni giorno questi lumi vengono accesi per voi e posti nella Basilica di Nostra Signora del Rosario, proprio accanto alla Grotta di Lourdes. Le volute di fumo portano milioni di intenzioni. <strong>Ogni fiamma \u00e8 il segno di una presenza, la vostra presenza. Ogni fiamma irradia Speranza!<\/strong><\/p><p>Quando la Bibbia parla dello stato nel quale si trova l&#8217;umanit\u00e0, usa spesso l&#8217;immagine delle tenebre. Al contrario, la salvezza operata da Ges\u00f9 Cristo \u00e8 presentata come una liberazione e un\u2019illuminazione. Per darne un segno concreto il sacerdote benedice il fuoco e la luce delle candele durante la celebrazione della Pasqua, prima di benedire l&#8217;acqua per il battesimo.<\/p><p>\u00a0<\/p>\t\t\t\t\t\t\t\t<\/div>\n\t\t\t\t<\/div>\n\t\t\t\t\t<\/div>\n\t\t<\/div>\n\t\t\t\t\t<\/div>\n\t\t<\/section>\n\t\t\t\t<section class=\"elementor-section elementor-top-section elementor-element elementor-element-52c6afe elementor-section-boxed elementor-section-height-default elementor-section-height-default\" data-id=\"52c6afe\" data-element_type=\"section\">\n\t\t\t\t\t\t<div class=\"elementor-container elementor-column-gap-default\">\n\t\t\t\t\t<div class=\"elementor-column elementor-col-50 elementor-top-column elementor-element elementor-element-24f7911\" data-id=\"24f7911\" data-element_type=\"column\">\n\t\t\t<div class=\"elementor-widget-wrap elementor-element-populated\">\n\t\t\t\t\t\t<div class=\"elementor-element elementor-element-6dfb838 elementor-widget elementor-widget-image\" data-id=\"6dfb838\" data-element_type=\"widget\" data-widget_type=\"image.default\">\n\t\t\t\t<div class=\"elementor-widget-container\">\n\t\t\t\t\t\t\t\t\t\t\t\t\t\t\t<img fetchpriority=\"high\" decoding=\"async\" width=\"760\" height=\"560\" src=\"https:\/\/www.lourdes-france.org\/wp-content\/uploads\/2020\/03\/vierge-grotte-380.jpg\" class=\"attachment-large size-large wp-image-227833\" alt=\"\" srcset=\"https:\/\/www.lourdes-france.org\/wp-content\/uploads\/2020\/03\/vierge-grotte-380.jpg 760w, https:\/\/www.lourdes-france.org\/wp-content\/uploads\/2020\/03\/vierge-grotte-380-300x221.jpg 300w, https:\/\/www.lourdes-france.org\/wp-content\/uploads\/2020\/03\/vierge-grotte-380-380x280.jpg 380w\" sizes=\"(max-width: 760px) 100vw, 760px\" \/>\t\t\t\t\t\t\t\t\t\t\t\t\t\t\t<\/div>\n\t\t\t\t<\/div>\n\t\t\t\t\t<\/div>\n\t\t<\/div>\n\t\t\t\t<div class=\"elementor-column elementor-col-50 elementor-top-column elementor-element elementor-element-2c9aae9\" data-id=\"2c9aae9\" data-element_type=\"column\">\n\t\t\t<div class=\"elementor-widget-wrap elementor-element-populated\">\n\t\t\t\t\t\t<div class=\"elementor-element elementor-element-b394238 elementor-widget elementor-widget-text-editor\" data-id=\"b394238\" data-element_type=\"widget\" data-widget_type=\"text-editor.default\">\n\t\t\t\t<div class=\"elementor-widget-container\">\n\t\t\t\t\t\t\t\t\t<p style=\"text-align: center;\"><em>Signore,<\/em><\/p><p style=\"text-align: center;\"><em>Possa questa Luce essere per me il Segno della tua presenza.<\/em><br \/><em>Che illumini la mia vita e sia il segno della mia fede. <\/em><br \/><em>Che possa riscaldare il mio cuore nelle pene e nelle difficolt\u00e0.<\/em><br \/><em>Questa fiamma rappresenta le mie intenzioni e quelle di coloro che amo e che ti affido.<\/em><br \/><em>Aiutami ad essere luce per coloro che mi sono vicini. Grazie Signore.<\/em><\/p><p style=\"text-align: center;\"><em>Nostra Signora di Lourdes, prega per noi.<\/em><br \/><em>Santa Bernadette, prega per noi.<\/em><\/p>\t\t\t\t\t\t\t\t<\/div>\n\t\t\t\t<\/div>\n\t\t\t\t\t<\/div>\n\t\t<\/div>\n\t\t\t\t\t<\/div>\n\t\t<\/section>\n\t\t\t\t<section class=\"elementor-section elementor-top-section elementor-element elementor-element-adc638e elementor-section-boxed elementor-section-height-default elementor-section-height-default\" data-id=\"adc638e\" data-element_type=\"section\">\n\t\t\t\t\t\t<div class=\"elementor-container elementor-column-gap-default\">\n\t\t\t\t\t<div class=\"elementor-column elementor-col-100 elementor-top-column elementor-element elementor-element-49cb70d\" data-id=\"49cb70d\" data-element_type=\"column\">\n\t\t\t<div class=\"elementor-widget-wrap elementor-element-populated\">\n\t\t\t\t\t\t<div class=\"elementor-element elementor-element-8a873c0 elementor-align-center elementor-invisible elementor-widget elementor-widget-button\" data-id=\"8a873c0\" data-element_type=\"widget\" data-settings=\"{&quot;_animation&quot;:&quot;zoomIn&quot;}\" data-widget_type=\"button.default\">\n\t\t\t\t<div class=\"elementor-widget-container\">\n\t\t\t\t\t\t\t\t\t<div class=\"elementor-button-wrapper\">\n\t\t\t\t\t<a class=\"elementor-button elementor-button-link elementor-size-md\" href=\"https:\/\/www.lourdes-france.org\/it\/aggiungo-la-mia-fiamma\/\/?p=W\">\n\t\t\t\t\t\t<span class=\"elementor-button-content-wrapper\">\n\t\t\t\t\t\t<span class=\"elementor-button-icon\">\n\t\t\t\t<i aria-hidden=\"true\" class=\"far fa-arrow-alt-circle-right\"><\/i>\t\t\t<\/span>\n\t\t\t\t\t\t\t\t\t<span class=\"elementor-button-text\">Aggiungo la mia Fiamma<\/span>\n\t\t\t\t\t<\/span>\n\t\t\t\t\t<\/a>\n\t\t\t\t<\/div>\n\t\t\t\t\t\t\t\t<\/div>\n\t\t\t\t<\/div>\n\t\t\t\t\t<\/div>\n\t\t<\/div>\n\t\t\t\t\t<\/div>\n\t\t<\/section>\n\t\t\t\t<\/div>\n\t\t","protected":false},"excerpt":{"rendered":"<p>Aggiungo la mia Fiamma A Lourdes, dal 18 febbraio 1858, milioni di candele bruciano incessantemente. Quel giorno, Bernadette arriv\u00f2 alla Grotta con una candela accesa che tenne tra le mani fino alla fine dell&#8217;apparizione della Vergine Maria. Prima di andarsene, &hellip; <a href=\"https:\/\/www.lourdes-france.org\/it\/una-fiamma-una-presenza\/\">Continua<\/a><\/p>\n","protected":false},"author":7,"featured_media":238519,"parent":0,"menu_order":0,"comment_status":"closed","ping_status":"closed","template":"","meta":{"_acf_changed":false,"footnotes":""},"class_list":["post-238469","page","type-page","status-publish","has-post-thumbnail","hentry"],"acf":[],"yoast_head":"<!-- This site is optimized with the Yoast SEO plugin v24.7 - https:\/\/yoast.com\/wordpress\/plugins\/seo\/ -->\n<title>&quot;Una Fiamma, una Presenza&quot;<\/title>\n<meta name=\"robots\" content=\"index, follow, max-snippet:-1, max-image-preview:large, max-video-preview:-1\" \/>\n<link rel=\"canonical\" href=\"https:\/\/preprod-lourdes.cawita.com\/it\/una-fiamma-una-presenza\/\" \/>\n<meta name=\"twitter:label1\" content=\"Tempo di lettura stimato\" \/>\n\t<meta name=\"twitter:data1\" content=\"1 minuto\" \/>\n<script type=\"application\/ld+json\" class=\"yoast-schema-graph\">{\"@context\":\"https:\/\/schema.org\",\"@graph\":[{\"@type\":\"WebPage\",\"@id\":\"https:\/\/preprod-lourdes.cawita.com\/it\/una-fiamma-una-presenza\/\",\"url\":\"https:\/\/preprod-lourdes.cawita.com\/it\/una-fiamma-una-presenza\/\",\"name\":\"\\\"Una Fiamma, una Presenza\\\"\",\"isPartOf\":{\"@id\":\"https:\/\/preprod-lourdes.cawita.com\/#website\"},\"primaryImageOfPage\":{\"@id\":\"https:\/\/preprod-lourdes.cawita.com\/it\/una-fiamma-una-presenza\/#primaryimage\"},\"image\":{\"@id\":\"https:\/\/preprod-lourdes.cawita.com\/it\/una-fiamma-una-presenza\/#primaryimage\"},\"thumbnailUrl\":\"https:\/\/www.lourdes-france.org\/wp-content\/uploads\/2020\/03\/Bloc-votive-IT.jpg\",\"datePublished\":\"2020-03-30T06:46:06+00:00\",\"dateModified\":\"2021-03-02T15:05:21+00:00\",\"breadcrumb\":{\"@id\":\"https:\/\/preprod-lourdes.cawita.com\/it\/una-fiamma-una-presenza\/#breadcrumb\"},\"inLanguage\":\"it-IT\",\"potentialAction\":[{\"@type\":\"ReadAction\",\"target\":[\"https:\/\/preprod-lourdes.cawita.com\/it\/una-fiamma-una-presenza\/\"]}]},{\"@type\":\"ImageObject\",\"inLanguage\":\"it-IT\",\"@id\":\"https:\/\/preprod-lourdes.cawita.com\/it\/una-fiamma-una-presenza\/#primaryimage\",\"url\":\"https:\/\/www.lourdes-france.org\/wp-content\/uploads\/2020\/03\/Bloc-votive-IT.jpg\",\"contentUrl\":\"https:\/\/www.lourdes-france.org\/wp-content\/uploads\/2020\/03\/Bloc-votive-IT.jpg\",\"width\":760,\"height\":560},{\"@type\":\"BreadcrumbList\",\"@id\":\"https:\/\/preprod-lourdes.cawita.com\/it\/una-fiamma-una-presenza\/#breadcrumb\",\"itemListElement\":[{\"@type\":\"ListItem\",\"position\":1,\"name\":\"Accueil\",\"item\":\"https:\/\/www.lourdes-france.org\/\"},{\"@type\":\"ListItem\",\"position\":2,\"name\":\"\u00ab\u00a0Una Fiamma, una Presenza\u00a0\u00bb\"}]},{\"@type\":\"WebSite\",\"@id\":\"https:\/\/preprod-lourdes.cawita.com\/#website\",\"url\":\"https:\/\/preprod-lourdes.cawita.com\/\",\"name\":\"Soutenir le Sanctuaire Notre-Dame de Lourdes\",\"description\":\"\",\"potentialAction\":[{\"@type\":\"SearchAction\",\"target\":{\"@type\":\"EntryPoint\",\"urlTemplate\":\"https:\/\/preprod-lourdes.cawita.com\/?s={search_term_string}\"},\"query-input\":{\"@type\":\"PropertyValueSpecification\",\"valueRequired\":true,\"valueName\":\"search_term_string\"}}],\"inLanguage\":\"it-IT\"}]}<\/script>\n<!-- \/ Yoast SEO plugin. -->","yoast_head_json":{"title":"\"Una Fiamma, una Presenza\"","robots":{"index":"index","follow":"follow","max-snippet":"max-snippet:-1","max-image-preview":"max-image-preview:large","max-video-preview":"max-video-preview:-1"},"canonical":"https:\/\/preprod-lourdes.cawita.com\/it\/una-fiamma-una-presenza\/","twitter_misc":{"Tempo di lettura stimato":"1 minuto"},"schema":{"@context":"https:\/\/schema.org","@graph":[{"@type":"WebPage","@id":"https:\/\/preprod-lourdes.cawita.com\/it\/una-fiamma-una-presenza\/","url":"https:\/\/preprod-lourdes.cawita.com\/it\/una-fiamma-una-presenza\/","name":"\"Una Fiamma, una Presenza\"","isPartOf":{"@id":"https:\/\/preprod-lourdes.cawita.com\/#website"},"primaryImageOfPage":{"@id":"https:\/\/preprod-lourdes.cawita.com\/it\/una-fiamma-una-presenza\/#primaryimage"},"image":{"@id":"https:\/\/preprod-lourdes.cawita.com\/it\/una-fiamma-una-presenza\/#primaryimage"},"thumbnailUrl":"https:\/\/www.lourdes-france.org\/wp-content\/uploads\/2020\/03\/Bloc-votive-IT.jpg","datePublished":"2020-03-30T06:46:06+00:00","dateModified":"2021-03-02T15:05:21+00:00","breadcrumb":{"@id":"https:\/\/preprod-lourdes.cawita.com\/it\/una-fiamma-una-presenza\/#breadcrumb"},"inLanguage":"it-IT","potentialAction":[{"@type":"ReadAction","target":["https:\/\/preprod-lourdes.cawita.com\/it\/una-fiamma-una-presenza\/"]}]},{"@type":"ImageObject","inLanguage":"it-IT","@id":"https:\/\/preprod-lourdes.cawita.com\/it\/una-fiamma-una-presenza\/#primaryimage","url":"https:\/\/www.lourdes-france.org\/wp-content\/uploads\/2020\/03\/Bloc-votive-IT.jpg","contentUrl":"https:\/\/www.lourdes-france.org\/wp-content\/uploads\/2020\/03\/Bloc-votive-IT.jpg","width":760,"height":560},{"@type":"BreadcrumbList","@id":"https:\/\/preprod-lourdes.cawita.com\/it\/una-fiamma-una-presenza\/#breadcrumb","itemListElement":[{"@type":"ListItem","position":1,"name":"Accueil","item":"https:\/\/www.lourdes-france.org\/"},{"@type":"ListItem","position":2,"name":"\u00ab\u00a0Una Fiamma, una Presenza\u00a0\u00bb"}]},{"@type":"WebSite","@id":"https:\/\/preprod-lourdes.cawita.com\/#website","url":"https:\/\/preprod-lourdes.cawita.com\/","name":"Soutenir le Sanctuaire Notre-Dame de Lourdes","description":"","potentialAction":[{"@type":"SearchAction","target":{"@type":"EntryPoint","urlTemplate":"https:\/\/preprod-lourdes.cawita.com\/?s={search_term_string}"},"query-input":{"@type":"PropertyValueSpecification","valueRequired":true,"valueName":"search_term_string"}}],"inLanguage":"it-IT"}]}},"_links":{"self":[{"href":"https:\/\/www.lourdes-france.org\/it\/wp-json\/wp\/v2\/pages\/238469","targetHints":{"allow":["GET"]}}],"collection":[{"href":"https:\/\/www.lourdes-france.org\/it\/wp-json\/wp\/v2\/pages"}],"about":[{"href":"https:\/\/www.lourdes-france.org\/it\/wp-json\/wp\/v2\/types\/page"}],"author":[{"embeddable":true,"href":"https:\/\/www.lourdes-france.org\/it\/wp-json\/wp\/v2\/users\/7"}],"replies":[{"embeddable":true,"href":"https:\/\/www.lourdes-france.org\/it\/wp-json\/wp\/v2\/comments?post=238469"}],"version-history":[{"count":8,"href":"https:\/\/www.lourdes-france.org\/it\/wp-json\/wp\/v2\/pages\/238469\/revisions"}],"predecessor-version":[{"id":302062,"href":"https:\/\/www.lourdes-france.org\/it\/wp-json\/wp\/v2\/pages\/238469\/revisions\/302062"}],"wp:featuredmedia":[{"embeddable":true,"href":"https:\/\/www.lourdes-france.org\/it\/wp-json\/wp\/v2\/media\/238519"}],"wp:attachment":[{"href":"https:\/\/www.lourdes-france.org\/it\/wp-json\/wp\/v2\/media?parent=238469"}],"curies":[{"name":"wp","href":"https:\/\/api.w.org\/{rel}","templated":true}]}}