{"id":29397,"date":"2019-02-11T14:53:05","date_gmt":"2019-02-11T13:53:05","guid":{"rendered":"https:\/\/www.lourdes-france.org\/expliquez-moi-les-apparitions\/"},"modified":"2021-03-02T16:09:41","modified_gmt":"2021-03-02T15:09:41","slug":"expliquez-moi-les-apparitions","status":"publish","type":"page","link":"https:\/\/www.lourdes-france.org\/it\/expliquez-moi-les-apparitions\/","title":{"rendered":"Venerd\u00ec 16 luglio 1858 Cronaca della 18a ed ultima apparizione"},"content":{"rendered":"\t\t<div data-elementor-type=\"wp-post\" data-elementor-id=\"29397\" class=\"elementor elementor-29397 elementor-29149\" data-elementor-post-type=\"page\">\n\t\t\t\t\t\t<section class=\"elementor-section elementor-top-section elementor-element elementor-element-6d2c02e1 elementor-section-boxed elementor-section-height-default elementor-section-height-default\" data-id=\"6d2c02e1\" data-element_type=\"section\">\n\t\t\t\t\t\t<div class=\"elementor-container elementor-column-gap-no\">\n\t\t\t\t\t<div class=\"elementor-column elementor-col-100 elementor-top-column elementor-element elementor-element-7d9cc9a3\" data-id=\"7d9cc9a3\" data-element_type=\"column\">\n\t\t\t<div class=\"elementor-widget-wrap elementor-element-populated\">\n\t\t\t\t\t\t<div class=\"elementor-element elementor-element-45bd2ed4 elementor-widget elementor-widget-text-editor\" data-id=\"45bd2ed4\" data-element_type=\"widget\" data-widget_type=\"text-editor.default\">\n\t\t\t\t<div class=\"elementor-widget-container\">\n\t\t\t\t\t\t\t\t\t<h2>Venerdi 16 luglio 1858: <span style=\"color: #e8a702;\">ultima apparizione<\/span><\/h2>\t\t\t\t\t\t\t\t<\/div>\n\t\t\t\t<\/div>\n\t\t\t\t\t<\/div>\n\t\t<\/div>\n\t\t\t\t\t<\/div>\n\t\t<\/section>\n\t\t\t\t<section class=\"elementor-section elementor-top-section elementor-element elementor-element-5c8395 elementor-section-boxed elementor-section-height-default elementor-section-height-default\" data-id=\"5c8395\" data-element_type=\"section\">\n\t\t\t\t\t\t<div class=\"elementor-container elementor-column-gap-no\">\n\t\t\t\t\t<div class=\"elementor-column elementor-col-100 elementor-top-column elementor-element elementor-element-70fc9297\" data-id=\"70fc9297\" data-element_type=\"column\">\n\t\t\t<div class=\"elementor-widget-wrap elementor-element-populated\">\n\t\t\t\t\t\t<section class=\"elementor-section elementor-inner-section elementor-element elementor-element-c70c65a elementor-section-boxed elementor-section-height-default elementor-section-height-default\" data-id=\"c70c65a\" data-element_type=\"section\">\n\t\t\t\t\t\t<div class=\"elementor-container elementor-column-gap-no\">\n\t\t\t\t\t<div class=\"elementor-column elementor-col-50 elementor-inner-column elementor-element elementor-element-db65f3b\" data-id=\"db65f3b\" data-element_type=\"column\">\n\t\t\t<div class=\"elementor-widget-wrap elementor-element-populated\">\n\t\t\t\t\t\t<div class=\"elementor-element elementor-element-48def105 elementor-widget elementor-widget-text-editor\" data-id=\"48def105\" data-element_type=\"widget\" data-widget_type=\"text-editor.default\">\n\t\t\t\t<div class=\"elementor-widget-container\">\n\t\t\t\t\t\t\t\t\t<p>Sono pi\u00f9 di tre mesi che Bernadette Soubirous non beneficia pi\u00f9 di alcuna apparizione di colei che, il 25 marzo, si \u00e8 presentata dicendo: &#8220;<em>Io sono l&#8217;Immacolata Concezione<\/em>&#8220;.<\/p>\t\t\t\t\t\t\t\t<\/div>\n\t\t\t\t<\/div>\n\t\t\t\t<div class=\"elementor-element elementor-element-de4a5be elementor-widget elementor-widget-text-editor\" data-id=\"de4a5be\" data-element_type=\"widget\" data-widget_type=\"text-editor.default\">\n\t\t\t\t<div class=\"elementor-widget-container\">\n\t\t\t\t\t\t\t\t\t<p>L&#8217;ultima apparizione risale a mercoled\u00ec 7 aprile 1858. Molti eventi hanno avuto luogo nella Grotta, senza che Bernadette ne sia stata coinvolta, n\u00e9 da vicino n\u00e9 da lontano. La confusione che vi regna da tempo incoraggia le autorit\u00e0 a vietare l&#8217;accesso alla Grotta sin dal 15 giugno. Il luogo \u00e8 stato chiuso con pannelli di legno, assi e barricate. Poco dopo, a causa della situazione divenuta incandescente, il vescovo arriva a proibire ai cattolici di recarsi alla Grotta. Due settimane dopo, gli animi si calmano, il vescovo revoca il divieto. Si pu\u00f2 tornare a Massabielle.<\/p>\t\t\t\t\t\t\t\t<\/div>\n\t\t\t\t<\/div>\n\t\t\t\t\t<\/div>\n\t\t<\/div>\n\t\t\t\t<div class=\"elementor-column elementor-col-50 elementor-inner-column elementor-element elementor-element-fc261fa\" data-id=\"fc261fa\" data-element_type=\"column\">\n\t\t\t<div class=\"elementor-widget-wrap elementor-element-populated\">\n\t\t\t\t\t\t<div class=\"elementor-element elementor-element-e6a27bd elementor-widget elementor-widget-image\" data-id=\"e6a27bd\" data-element_type=\"widget\" data-widget_type=\"image.default\">\n\t\t\t\t<div class=\"elementor-widget-container\">\n\t\t\t\t\t\t\t\t\t\t\t\t<figure class=\"wp-caption\">\n\t\t\t\t\t\t\t\t\t\t<img fetchpriority=\"high\" decoding=\"async\" width=\"800\" height=\"652\" src=\"https:\/\/www.lourdes-france.org\/wp-content\/uploads\/2019\/06\/2K8_APPARITIONS-18.jpg\" class=\"attachment-full size-full wp-image-55769\" alt=\"\" srcset=\"https:\/\/www.lourdes-france.org\/wp-content\/uploads\/2019\/06\/2K8_APPARITIONS-18.jpg 800w, https:\/\/www.lourdes-france.org\/wp-content\/uploads\/2019\/06\/2K8_APPARITIONS-18-300x245.jpg 300w, https:\/\/www.lourdes-france.org\/wp-content\/uploads\/2019\/06\/2K8_APPARITIONS-18-768x626.jpg 768w, https:\/\/www.lourdes-france.org\/wp-content\/uploads\/2019\/06\/2K8_APPARITIONS-18-344x280.jpg 344w\" sizes=\"(max-width: 800px) 100vw, 800px\" \/>\t\t\t\t\t\t\t\t\t\t\t<figcaption class=\"widget-image-caption wp-caption-text\"><p style=\"font-size:12px\">Cr\u00e9ation artistique de Ren\u00e9 Margotton, r\u00e9alis\u00e9s par Germaine et <\/br>Paul Sala-Malherbe<\/br>\u00a9 Sanctuaire Notre-Dame de Lourdes \/ Vincent<\/p><\/figcaption>\n\t\t\t\t\t\t\t\t\t\t<\/figure>\n\t\t\t\t\t\t\t\t\t<\/div>\n\t\t\t\t<\/div>\n\t\t\t\t\t<\/div>\n\t\t<\/div>\n\t\t\t\t\t<\/div>\n\t\t<\/section>\n\t\t\t\t<div class=\"elementor-element elementor-element-80cb1cb elementor-widget elementor-widget-text-editor\" data-id=\"80cb1cb\" data-element_type=\"widget\" data-widget_type=\"text-editor.default\">\n\t\t\t\t<div class=\"elementor-widget-container\">\n\t\t\t\t\t\t\t\t\t<p>La sera del 16 luglio, Bernadette sente ancora una volta quell&#8217;irresistibile attrazione interiore che la trascina alla Grotta. \u00c8 un&#8217;attrazione che conosce bene, ma che non avverte da molto tempo. Parte, accompagnata da Lucile Cast\u00e9rot, la pi\u00f9 giovane delle sue zie, di soli 20 anni. Le giovani si adattano alle circostanze. Indossano abiti presi in prestito, un po&#8217; troppo grandi per loro, per essere ben nascoste e per non essere riconosciute. Scelgono inoltre di percorrere un&#8217;altra strada per non andare direttamente alla Grotta, ma di fronte ad essa. Non attraversano il Gave, rimanendo sulla riva destra del fiume.<\/p>\t\t\t\t\t\t\t\t<\/div>\n\t\t\t\t<\/div>\n\t\t\t\t<div class=\"elementor-element elementor-element-8600e8e elementor-widget elementor-widget-text-editor\" data-id=\"8600e8e\" data-element_type=\"widget\" data-widget_type=\"text-editor.default\">\n\t\t\t\t<div class=\"elementor-widget-container\">\n\t\t\t\t\t\t\t\t\t<p>Bernadette s\u2019inginocchia davanti alla Grotta, ma a una certa distanza. Sono circa le h.22,30. Lentamente, come la Vergine Maria le ha insegnato, traccia su di s\u00e9 un ampio segno della croce. Quindi inizia a pregare il rosario.<\/p>\t\t\t\t\t\t\t\t<\/div>\n\t\t\t\t<\/div>\n\t\t\t\t<div class=\"elementor-element elementor-element-01207d9 elementor-widget elementor-widget-text-editor\" data-id=\"01207d9\" data-element_type=\"widget\" data-widget_type=\"text-editor.default\">\n\t\t\t\t<div class=\"elementor-widget-container\">\n\t\t\t\t\t\t\t\t\t<p>Alla sua destra, la zia Lucile, a sinistra due ragazze. Tutte e quattro le ragazze sono membri della confraternita parrocchiale delle Figlie di Maria, ma solamente le altre due ragazze tenevano ciascuna un cero acceso. La notte \u00e8 quasi calata, ma alla luce delle candele, le sue tre vicine possono vedere il volto trasfigurato di Bernadette che irradia una felicit\u00e0 di un altro ordine.<\/p>\t\t\t\t\t\t\t\t<\/div>\n\t\t\t\t<\/div>\n\t\t\t\t<div class=\"elementor-element elementor-element-54eba73 elementor-widget elementor-widget-text-editor\" data-id=\"54eba73\" data-element_type=\"widget\" data-widget_type=\"text-editor.default\">\n\t\t\t\t<div class=\"elementor-widget-container\">\n\t\t\t\t\t\t\t\t\t<p>La Vergine Immacolata \u00e8 qui per la diciottesima volta. Non si scambiano parole. Eppure, tra la Madre di Dio e la giovanissima ragazza di Lourdes, la comunione \u00e8 intensa. Dopo questa apparizione, Bernadette dir\u00e0 semplicemente: &#8220;<em>Maria era pi\u00f9 bella che mai<\/em>&#8220;. Specificher\u00e0 di aver visto la Signora, come sempre alle apparizioni, vale a dire molto vicina a lei.<\/p>\t\t\t\t\t\t\t\t<\/div>\n\t\t\t\t<\/div>\n\t\t\t\t<div class=\"elementor-element elementor-element-8b37526 elementor-widget elementor-widget-text-editor\" data-id=\"8b37526\" data-element_type=\"widget\" data-widget_type=\"text-editor.default\">\n\t\t\t\t<div class=\"elementor-widget-container\">\n\t\t\t\t\t\t\t\t\t<p>Bernadette sa di aver appena vissuto il suo ultimo incontro su questa terra con la Vergine Immacolata.<\/p>\t\t\t\t\t\t\t\t<\/div>\n\t\t\t\t<\/div>\n\t\t\t\t\t<\/div>\n\t\t<\/div>\n\t\t\t\t\t<\/div>\n\t\t<\/section>\n\t\t\t\t<section class=\"elementor-section elementor-top-section elementor-element elementor-element-63576ec elementor-section-height-min-height elementor-section-boxed elementor-section-height-default elementor-section-items-middle\" data-id=\"63576ec\" data-element_type=\"section\" data-settings=\"{&quot;background_background&quot;:&quot;classic&quot;}\">\n\t\t\t\t\t\t<div class=\"elementor-container elementor-column-gap-default\">\n\t\t\t\t\t<div class=\"elementor-column elementor-col-100 elementor-top-column elementor-element elementor-element-5a645dc\" data-id=\"5a645dc\" data-element_type=\"column\">\n\t\t\t<div class=\"elementor-widget-wrap elementor-element-populated\">\n\t\t\t\t\t\t<div class=\"elementor-element elementor-element-c5d85dd elementor-align-center elementor-widget elementor-widget-button\" data-id=\"c5d85dd\" data-element_type=\"widget\" data-widget_type=\"button.default\">\n\t\t\t\t<div class=\"elementor-widget-container\">\n\t\t\t\t\t\t\t\t\t<div class=\"elementor-button-wrapper\">\n\t\t\t\t\t<a class=\"elementor-button elementor-button-link elementor-size-sm\" href=\"\/it\/annee-bernadette-1-apparition-1-cierge\/\">\n\t\t\t\t\t\t<span class=\"elementor-button-content-wrapper\">\n\t\t\t\t\t\t\t\t\t<span class=\"elementor-button-text\">18a apparizione | 1 candela<\/span>\n\t\t\t\t\t<\/span>\n\t\t\t\t\t<\/a>\n\t\t\t\t<\/div>\n\t\t\t\t\t\t\t\t<\/div>\n\t\t\t\t<\/div>\n\t\t\t\t\t<\/div>\n\t\t<\/div>\n\t\t\t\t\t<\/div>\n\t\t<\/section>\n\t\t\t\t<section class=\"elementor-section elementor-top-section elementor-element elementor-element-9749456 elementor-section-boxed elementor-section-height-default elementor-section-height-default\" data-id=\"9749456\" data-element_type=\"section\">\n\t\t\t\t\t\t<div class=\"elementor-container elementor-column-gap-default\">\n\t\t\t\t\t<div class=\"elementor-column elementor-col-100 elementor-top-column elementor-element elementor-element-4efc5b0\" data-id=\"4efc5b0\" data-element_type=\"column\">\n\t\t\t<div class=\"elementor-widget-wrap elementor-element-populated\">\n\t\t\t\t\t\t<div class=\"elementor-element elementor-element-7fe76d6 elementor-widget elementor-widget-text-editor\" data-id=\"7fe76d6\" data-element_type=\"widget\" data-widget_type=\"text-editor.default\">\n\t\t\t\t<div class=\"elementor-widget-container\">\n\t\t\t\t\t\t\t\t\t<p>Durante questo anno Bernadette, il Santuario Nostra Signora di Lourdes vi invita ad accendere una candela in occasione di ciascuna delle date delle apparizioni della Vergine Maria a Bernadette.<\/p>\t\t\t\t\t\t\t\t<\/div>\n\t\t\t\t<\/div>\n\t\t\t\t\t<\/div>\n\t\t<\/div>\n\t\t\t\t\t<\/div>\n\t\t<\/section>\n\t\t\t\t<\/div>\n\t\t","protected":false},"excerpt":{"rendered":"<p>Venerdi 16 luglio 1858: ultima apparizione Sono pi\u00f9 di tre mesi che Bernadette Soubirous non beneficia pi\u00f9 di alcuna apparizione di colei che, il 25 marzo, si \u00e8 presentata dicendo: &#8220;Io sono l&#8217;Immacolata Concezione&#8220;. L&#8217;ultima apparizione risale a mercoled\u00ec 7 &hellip; <a href=\"https:\/\/www.lourdes-france.org\/it\/expliquez-moi-les-apparitions\/\">Continua<\/a><\/p>\n","protected":false},"author":7,"featured_media":0,"parent":0,"menu_order":0,"comment_status":"closed","ping_status":"closed","template":"","meta":{"_acf_changed":false,"footnotes":""},"class_list":["post-29397","page","type-page","status-publish","hentry"],"acf":[],"yoast_head":"<!-- This site is optimized with the Yoast SEO plugin v24.7 - https:\/\/yoast.com\/wordpress\/plugins\/seo\/ -->\n<title>Venerd\u00ec 16 luglio 1858 Cronaca della 18a ed ultima apparizione<\/title>\n<meta name=\"robots\" content=\"index, follow, max-snippet:-1, max-image-preview:large, max-video-preview:-1\" \/>\n<link rel=\"canonical\" href=\"https:\/\/www.lourdes-france.org\/it\/expliquez-moi-les-apparitions\/\" \/>\n<meta name=\"twitter:label1\" content=\"Tempo di lettura stimato\" \/>\n\t<meta name=\"twitter:data1\" content=\"2 minuti\" \/>\n<script type=\"application\/ld+json\" class=\"yoast-schema-graph\">{\"@context\":\"https:\/\/schema.org\",\"@graph\":[{\"@type\":\"WebPage\",\"@id\":\"https:\/\/www.lourdes-france.org\/it\/expliquez-moi-les-apparitions\/\",\"url\":\"https:\/\/www.lourdes-france.org\/it\/expliquez-moi-les-apparitions\/\",\"name\":\"Venerd\u00ec 16 luglio 1858 Cronaca della 18a ed ultima apparizione\",\"isPartOf\":{\"@id\":\"https:\/\/preprod-lourdes.cawita.com\/#website\"},\"primaryImageOfPage\":{\"@id\":\"https:\/\/www.lourdes-france.org\/it\/expliquez-moi-les-apparitions\/#primaryimage\"},\"image\":{\"@id\":\"https:\/\/www.lourdes-france.org\/it\/expliquez-moi-les-apparitions\/#primaryimage\"},\"thumbnailUrl\":\"http:\/\/www.lourdes-france.org\/wp-content\/uploads\/2019\/06\/2K8_APPARITIONS-18.jpg\",\"datePublished\":\"2019-02-11T13:53:05+00:00\",\"dateModified\":\"2021-03-02T15:09:41+00:00\",\"breadcrumb\":{\"@id\":\"https:\/\/www.lourdes-france.org\/it\/expliquez-moi-les-apparitions\/#breadcrumb\"},\"inLanguage\":\"it-IT\",\"potentialAction\":[{\"@type\":\"ReadAction\",\"target\":[\"https:\/\/www.lourdes-france.org\/it\/expliquez-moi-les-apparitions\/\"]}]},{\"@type\":\"ImageObject\",\"inLanguage\":\"it-IT\",\"@id\":\"https:\/\/www.lourdes-france.org\/it\/expliquez-moi-les-apparitions\/#primaryimage\",\"url\":\"http:\/\/www.lourdes-france.org\/wp-content\/uploads\/2019\/06\/2K8_APPARITIONS-18.jpg\",\"contentUrl\":\"http:\/\/www.lourdes-france.org\/wp-content\/uploads\/2019\/06\/2K8_APPARITIONS-18.jpg\"},{\"@type\":\"BreadcrumbList\",\"@id\":\"https:\/\/www.lourdes-france.org\/it\/expliquez-moi-les-apparitions\/#breadcrumb\",\"itemListElement\":[{\"@type\":\"ListItem\",\"position\":1,\"name\":\"Accueil\",\"item\":\"https:\/\/www.lourdes-france.org\/\"},{\"@type\":\"ListItem\",\"position\":2,\"name\":\"Venerd\u00ec 16 luglio 1858 Cronaca della 18a ed ultima apparizione\"}]},{\"@type\":\"WebSite\",\"@id\":\"https:\/\/preprod-lourdes.cawita.com\/#website\",\"url\":\"https:\/\/preprod-lourdes.cawita.com\/\",\"name\":\"Soutenir le Sanctuaire Notre-Dame de Lourdes\",\"description\":\"\",\"potentialAction\":[{\"@type\":\"SearchAction\",\"target\":{\"@type\":\"EntryPoint\",\"urlTemplate\":\"https:\/\/preprod-lourdes.cawita.com\/?s={search_term_string}\"},\"query-input\":{\"@type\":\"PropertyValueSpecification\",\"valueRequired\":true,\"valueName\":\"search_term_string\"}}],\"inLanguage\":\"it-IT\"}]}<\/script>\n<!-- \/ Yoast SEO plugin. -->","yoast_head_json":{"title":"Venerd\u00ec 16 luglio 1858 Cronaca della 18a ed ultima apparizione","robots":{"index":"index","follow":"follow","max-snippet":"max-snippet:-1","max-image-preview":"max-image-preview:large","max-video-preview":"max-video-preview:-1"},"canonical":"https:\/\/www.lourdes-france.org\/it\/expliquez-moi-les-apparitions\/","twitter_misc":{"Tempo di lettura stimato":"2 minuti"},"schema":{"@context":"https:\/\/schema.org","@graph":[{"@type":"WebPage","@id":"https:\/\/www.lourdes-france.org\/it\/expliquez-moi-les-apparitions\/","url":"https:\/\/www.lourdes-france.org\/it\/expliquez-moi-les-apparitions\/","name":"Venerd\u00ec 16 luglio 1858 Cronaca della 18a ed ultima apparizione","isPartOf":{"@id":"https:\/\/preprod-lourdes.cawita.com\/#website"},"primaryImageOfPage":{"@id":"https:\/\/www.lourdes-france.org\/it\/expliquez-moi-les-apparitions\/#primaryimage"},"image":{"@id":"https:\/\/www.lourdes-france.org\/it\/expliquez-moi-les-apparitions\/#primaryimage"},"thumbnailUrl":"http:\/\/www.lourdes-france.org\/wp-content\/uploads\/2019\/06\/2K8_APPARITIONS-18.jpg","datePublished":"2019-02-11T13:53:05+00:00","dateModified":"2021-03-02T15:09:41+00:00","breadcrumb":{"@id":"https:\/\/www.lourdes-france.org\/it\/expliquez-moi-les-apparitions\/#breadcrumb"},"inLanguage":"it-IT","potentialAction":[{"@type":"ReadAction","target":["https:\/\/www.lourdes-france.org\/it\/expliquez-moi-les-apparitions\/"]}]},{"@type":"ImageObject","inLanguage":"it-IT","@id":"https:\/\/www.lourdes-france.org\/it\/expliquez-moi-les-apparitions\/#primaryimage","url":"http:\/\/www.lourdes-france.org\/wp-content\/uploads\/2019\/06\/2K8_APPARITIONS-18.jpg","contentUrl":"http:\/\/www.lourdes-france.org\/wp-content\/uploads\/2019\/06\/2K8_APPARITIONS-18.jpg"},{"@type":"BreadcrumbList","@id":"https:\/\/www.lourdes-france.org\/it\/expliquez-moi-les-apparitions\/#breadcrumb","itemListElement":[{"@type":"ListItem","position":1,"name":"Accueil","item":"https:\/\/www.lourdes-france.org\/"},{"@type":"ListItem","position":2,"name":"Venerd\u00ec 16 luglio 1858 Cronaca della 18a ed ultima apparizione"}]},{"@type":"WebSite","@id":"https:\/\/preprod-lourdes.cawita.com\/#website","url":"https:\/\/preprod-lourdes.cawita.com\/","name":"Soutenir le Sanctuaire Notre-Dame de Lourdes","description":"","potentialAction":[{"@type":"SearchAction","target":{"@type":"EntryPoint","urlTemplate":"https:\/\/preprod-lourdes.cawita.com\/?s={search_term_string}"},"query-input":{"@type":"PropertyValueSpecification","valueRequired":true,"valueName":"search_term_string"}}],"inLanguage":"it-IT"}]}},"_links":{"self":[{"href":"https:\/\/www.lourdes-france.org\/it\/wp-json\/wp\/v2\/pages\/29397","targetHints":{"allow":["GET"]}}],"collection":[{"href":"https:\/\/www.lourdes-france.org\/it\/wp-json\/wp\/v2\/pages"}],"about":[{"href":"https:\/\/www.lourdes-france.org\/it\/wp-json\/wp\/v2\/types\/page"}],"author":[{"embeddable":true,"href":"https:\/\/www.lourdes-france.org\/it\/wp-json\/wp\/v2\/users\/7"}],"replies":[{"embeddable":true,"href":"https:\/\/www.lourdes-france.org\/it\/wp-json\/wp\/v2\/comments?post=29397"}],"version-history":[{"count":46,"href":"https:\/\/www.lourdes-france.org\/it\/wp-json\/wp\/v2\/pages\/29397\/revisions"}],"predecessor-version":[{"id":69503,"href":"https:\/\/www.lourdes-france.org\/it\/wp-json\/wp\/v2\/pages\/29397\/revisions\/69503"}],"wp:attachment":[{"href":"https:\/\/www.lourdes-france.org\/it\/wp-json\/wp\/v2\/media?parent=29397"}],"curies":[{"name":"wp","href":"https:\/\/api.w.org\/{rel}","templated":true}]}}