{"id":3564,"date":"2018-07-18T10:05:45","date_gmt":"2018-07-18T08:05:45","guid":{"rendered":"https:\/\/preprod.lourdes-france.org\/passing-through-the-grotto\/"},"modified":"2021-03-02T16:08:52","modified_gmt":"2021-03-02T15:08:52","slug":"passare-alla-grotta","status":"publish","type":"page","link":"https:\/\/www.lourdes-france.org\/it\/passare-alla-grotta\/","title":{"rendered":"Passare alla Grotta"},"content":{"rendered":"\t\t<div data-elementor-type=\"wp-post\" data-elementor-id=\"3564\" class=\"elementor elementor-3564 elementor-545\" data-elementor-post-type=\"page\">\n\t\t\t\t\t\t<section class=\"elementor-section elementor-top-section elementor-element elementor-element-642d3338 elementor-section-boxed elementor-section-height-default elementor-section-height-default\" data-id=\"642d3338\" data-element_type=\"section\">\n\t\t\t\t\t\t<div class=\"elementor-container elementor-column-gap-no\">\n\t\t\t\t\t<div class=\"elementor-column elementor-col-100 elementor-top-column elementor-element elementor-element-3535a33b\" data-id=\"3535a33b\" data-element_type=\"column\">\n\t\t\t<div class=\"elementor-widget-wrap elementor-element-populated\">\n\t\t\t\t\t\t<div class=\"elementor-element elementor-element-564597b6 elementor-widget elementor-widget-text-editor\" data-id=\"564597b6\" data-element_type=\"widget\" data-widget_type=\"text-editor.default\">\n\t\t\t\t<div class=\"elementor-widget-container\">\n\t\t\t\t\t\t\t\t\t<p><span style=\"color: #e8a700;\">La Grotta delle apparizioni \u00e8 il cuore del Santuario.<\/span> La sorgente e la statua di Nostra Signora di Lourdes, all\u2019interno della Grotta, sono oggetto dell&#8217;attenzione dei pellegrini. La Grotta stessa esprime molto del messaggio di Lourdes. Essa \u00e8 scavata nella roccia, come un&#8217;eco al passo della Bibbia: \u201cLui solo \u00e8 mia rupe e mia salvezza, mia roccia di difesa\u201d (Salmo 62:7). La roccia \u00e8 nera e il sole non entra mai nella Grotta: l&#8217;apparizione (la Vergine Maria, l&#8217;Immacolata Concezione), al contrario, \u00e8 luce e sorriso. La nicchia dove \u00e8 collocata la statua \u00e8 il punto dove era la Vergine Maria. Questo incavo \u00e8 come una finestra che, in questo mondo di tenebre, si apre sul Regno di Dio.<\/p>\t\t\t\t\t\t\t\t<\/div>\n\t\t\t\t<\/div>\n\t\t\t\t<div class=\"elementor-element elementor-element-2aa5dff elementor-widget elementor-widget-text-editor\" data-id=\"2aa5dff\" data-element_type=\"widget\" data-widget_type=\"text-editor.default\">\n\t\t\t\t<div class=\"elementor-widget-container\">\n\t\t\t\t\t\t\t\t\t<p><span style=\"color: #e8a700;\">La Grotta \u00e8 un luogo di preghiera, di fiducia, di pace, di rispetto, di unit\u00e0, di silenzio.<\/span> Ognuno d\u00e0 al proprio passaggio nella Grotta o alla sosta davanti ad essa, il senso che pu\u00f2 e che vuole dare.<\/p>\t\t\t\t\t\t\t\t<\/div>\n\t\t\t\t<\/div>\n\t\t\t\t<div class=\"elementor-element elementor-element-558413f elementor-widget elementor-widget-text-editor\" data-id=\"558413f\" data-element_type=\"widget\" data-widget_type=\"text-editor.default\">\n\t\t\t\t<div class=\"elementor-widget-container\">\n\t\t\t\t\t\t\t\t\t<p>Papi Giovanni Paolo II e Benedetto XVI sono venuti a pregare in questa Grotta.<\/p>\t\t\t\t\t\t\t\t<\/div>\n\t\t\t\t<\/div>\n\t\t\t\t<div class=\"elementor-element elementor-element-c760f2d elementor-widget elementor-widget-video\" data-id=\"c760f2d\" data-element_type=\"widget\" data-settings=\"{&quot;youtube_url&quot;:&quot;https:\\\/\\\/youtu.be\\\/xTWx-b93JJk&quot;,&quot;video_type&quot;:&quot;youtube&quot;,&quot;controls&quot;:&quot;yes&quot;}\" data-widget_type=\"video.default\">\n\t\t\t\t<div class=\"elementor-widget-container\">\n\t\t\t\t\t\t\t<div class=\"elementor-wrapper elementor-open-inline\">\n\t\t\t<div class=\"elementor-video\"><\/div>\t\t<\/div>\n\t\t\t\t\t\t<\/div>\n\t\t\t\t<\/div>\n\t\t\t\t\t<\/div>\n\t\t<\/div>\n\t\t\t\t\t<\/div>\n\t\t<\/section>\n\t\t\t\t<\/div>\n\t\t","protected":false},"excerpt":{"rendered":"<p>La Grotta delle apparizioni \u00e8 il cuore del Santuario. La sorgente e la statua di Nostra Signora di Lourdes, all\u2019interno della Grotta, sono oggetto dell&#8217;attenzione dei pellegrini. La Grotta stessa esprime molto del messaggio di Lourdes. Essa \u00e8 scavata nella &hellip; <a href=\"https:\/\/www.lourdes-france.org\/it\/passare-alla-grotta\/\">Continua<\/a><\/p>\n","protected":false},"author":7,"featured_media":0,"parent":0,"menu_order":0,"comment_status":"closed","ping_status":"closed","template":"","meta":{"_acf_changed":false,"footnotes":""},"class_list":["post-3564","page","type-page","status-publish","hentry"],"acf":[],"yoast_head":"<!-- This site is optimized with the Yoast SEO plugin v24.7 - https:\/\/yoast.com\/wordpress\/plugins\/seo\/ -->\n<title>Passare alla Grotta<\/title>\n<meta name=\"robots\" content=\"index, follow, max-snippet:-1, max-image-preview:large, max-video-preview:-1\" \/>\n<link rel=\"canonical\" href=\"https:\/\/www.lourdes-france.org\/it\/passare-alla-grotta\/\" \/>\n<meta name=\"twitter:label1\" content=\"Tempo di lettura stimato\" \/>\n\t<meta name=\"twitter:data1\" content=\"1 minuto\" \/>\n<script type=\"application\/ld+json\" class=\"yoast-schema-graph\">{\"@context\":\"https:\/\/schema.org\",\"@graph\":[{\"@type\":\"WebPage\",\"@id\":\"https:\/\/www.lourdes-france.org\/it\/passare-alla-grotta\/\",\"url\":\"https:\/\/www.lourdes-france.org\/it\/passare-alla-grotta\/\",\"name\":\"Passare alla Grotta\",\"isPartOf\":{\"@id\":\"https:\/\/preprod-lourdes.cawita.com\/#website\"},\"datePublished\":\"2018-07-18T08:05:45+00:00\",\"dateModified\":\"2021-03-02T15:08:52+00:00\",\"breadcrumb\":{\"@id\":\"https:\/\/www.lourdes-france.org\/it\/passare-alla-grotta\/#breadcrumb\"},\"inLanguage\":\"it-IT\",\"potentialAction\":[{\"@type\":\"ReadAction\",\"target\":[\"https:\/\/www.lourdes-france.org\/it\/passare-alla-grotta\/\"]}]},{\"@type\":\"BreadcrumbList\",\"@id\":\"https:\/\/www.lourdes-france.org\/it\/passare-alla-grotta\/#breadcrumb\",\"itemListElement\":[{\"@type\":\"ListItem\",\"position\":1,\"name\":\"Accueil\",\"item\":\"https:\/\/www.lourdes-france.org\/\"},{\"@type\":\"ListItem\",\"position\":2,\"name\":\"Passare alla Grotta\"}]},{\"@type\":\"WebSite\",\"@id\":\"https:\/\/preprod-lourdes.cawita.com\/#website\",\"url\":\"https:\/\/preprod-lourdes.cawita.com\/\",\"name\":\"Soutenir le Sanctuaire Notre-Dame de Lourdes\",\"description\":\"\",\"potentialAction\":[{\"@type\":\"SearchAction\",\"target\":{\"@type\":\"EntryPoint\",\"urlTemplate\":\"https:\/\/preprod-lourdes.cawita.com\/?s={search_term_string}\"},\"query-input\":{\"@type\":\"PropertyValueSpecification\",\"valueRequired\":true,\"valueName\":\"search_term_string\"}}],\"inLanguage\":\"it-IT\"}]}<\/script>\n<!-- \/ Yoast SEO plugin. -->","yoast_head_json":{"title":"Passare alla Grotta","robots":{"index":"index","follow":"follow","max-snippet":"max-snippet:-1","max-image-preview":"max-image-preview:large","max-video-preview":"max-video-preview:-1"},"canonical":"https:\/\/www.lourdes-france.org\/it\/passare-alla-grotta\/","twitter_misc":{"Tempo di lettura stimato":"1 minuto"},"schema":{"@context":"https:\/\/schema.org","@graph":[{"@type":"WebPage","@id":"https:\/\/www.lourdes-france.org\/it\/passare-alla-grotta\/","url":"https:\/\/www.lourdes-france.org\/it\/passare-alla-grotta\/","name":"Passare alla Grotta","isPartOf":{"@id":"https:\/\/preprod-lourdes.cawita.com\/#website"},"datePublished":"2018-07-18T08:05:45+00:00","dateModified":"2021-03-02T15:08:52+00:00","breadcrumb":{"@id":"https:\/\/www.lourdes-france.org\/it\/passare-alla-grotta\/#breadcrumb"},"inLanguage":"it-IT","potentialAction":[{"@type":"ReadAction","target":["https:\/\/www.lourdes-france.org\/it\/passare-alla-grotta\/"]}]},{"@type":"BreadcrumbList","@id":"https:\/\/www.lourdes-france.org\/it\/passare-alla-grotta\/#breadcrumb","itemListElement":[{"@type":"ListItem","position":1,"name":"Accueil","item":"https:\/\/www.lourdes-france.org\/"},{"@type":"ListItem","position":2,"name":"Passare alla Grotta"}]},{"@type":"WebSite","@id":"https:\/\/preprod-lourdes.cawita.com\/#website","url":"https:\/\/preprod-lourdes.cawita.com\/","name":"Soutenir le Sanctuaire Notre-Dame de Lourdes","description":"","potentialAction":[{"@type":"SearchAction","target":{"@type":"EntryPoint","urlTemplate":"https:\/\/preprod-lourdes.cawita.com\/?s={search_term_string}"},"query-input":{"@type":"PropertyValueSpecification","valueRequired":true,"valueName":"search_term_string"}}],"inLanguage":"it-IT"}]}},"_links":{"self":[{"href":"https:\/\/www.lourdes-france.org\/it\/wp-json\/wp\/v2\/pages\/3564","targetHints":{"allow":["GET"]}}],"collection":[{"href":"https:\/\/www.lourdes-france.org\/it\/wp-json\/wp\/v2\/pages"}],"about":[{"href":"https:\/\/www.lourdes-france.org\/it\/wp-json\/wp\/v2\/types\/page"}],"author":[{"embeddable":true,"href":"https:\/\/www.lourdes-france.org\/it\/wp-json\/wp\/v2\/users\/7"}],"replies":[{"embeddable":true,"href":"https:\/\/www.lourdes-france.org\/it\/wp-json\/wp\/v2\/comments?post=3564"}],"version-history":[{"count":6,"href":"https:\/\/www.lourdes-france.org\/it\/wp-json\/wp\/v2\/pages\/3564\/revisions"}],"predecessor-version":[{"id":20921,"href":"https:\/\/www.lourdes-france.org\/it\/wp-json\/wp\/v2\/pages\/3564\/revisions\/20921"}],"wp:attachment":[{"href":"https:\/\/www.lourdes-france.org\/it\/wp-json\/wp\/v2\/media?parent=3564"}],"curies":[{"name":"wp","href":"https:\/\/api.w.org\/{rel}","templated":true}]}}