{"id":3624,"date":"2018-07-18T11:04:21","date_gmt":"2018-07-18T09:04:21","guid":{"rendered":"https:\/\/preprod.lourdes-france.org\/deposer-cierge\/"},"modified":"2021-03-02T16:06:35","modified_gmt":"2021-03-02T15:06:35","slug":"deporre-candela","status":"publish","type":"page","link":"https:\/\/www.lourdes-france.org\/it\/deporre-candela\/","title":{"rendered":"Deporre una candela"},"content":{"rendered":"\t\t<div data-elementor-type=\"wp-post\" data-elementor-id=\"3624\" class=\"elementor elementor-3624 elementor-571 elementor-bc-flex-widget\" data-elementor-post-type=\"page\">\n\t\t\t\t\t\t<section class=\"elementor-section elementor-top-section elementor-element elementor-element-ef78439 elementor-section-boxed elementor-section-height-default elementor-section-height-default\" data-id=\"ef78439\" data-element_type=\"section\">\n\t\t\t\t\t\t<div class=\"elementor-container elementor-column-gap-no\">\n\t\t\t\t\t<div class=\"elementor-column elementor-col-100 elementor-top-column elementor-element elementor-element-2461edf5\" data-id=\"2461edf5\" data-element_type=\"column\">\n\t\t\t<div class=\"elementor-widget-wrap elementor-element-populated\">\n\t\t\t\t\t\t<div class=\"elementor-element elementor-element-27a1a654 elementor-widget elementor-widget-text-editor\" data-id=\"27a1a654\" data-element_type=\"widget\" data-widget_type=\"text-editor.default\">\n\t\t\t\t<div class=\"elementor-widget-container\">\n\t\t\t\t\t\t\t\t\t<p><span style=\"color: #e8a700;\">Durante la quarta apparizione&#8230; <\/span>Il 19 febbraio 1858, Bernadette arriva alla Grotta per la prima volta portando una candela benedetta. La tiene accesa tra le mani fino alla fine. Da questo gesto \u00e8 nata l&#8217;usanza di accendere candele. Pertanto siete invitati a andare ad accendere e far consumare le candele sulla riva destra del Gave, nella cappella delle luci, luogo che favorisce la meditazione e la preghiera.<\/p>\t\t\t\t\t\t\t\t<\/div>\n\t\t\t\t<\/div>\n\t\t\t\t<div class=\"elementor-element elementor-element-ef9ebb8 elementor-widget elementor-widget-text-editor\" data-id=\"ef9ebb8\" data-element_type=\"widget\" data-widget_type=\"text-editor.default\">\n\t\t\t\t<div class=\"elementor-widget-container\">\n\t\t\t\t\t\t\t\t\t<p><span style=\"color: #e8a700;\">Papa Francesco ha detto&#8230;<\/span> &#8220;Molte opere diventano buie, per mancanza di luce, per mancanza di preghiera. Ci\u00f2 che conserva la luce, ci\u00f2 che d\u00e0 vita alla luce cristiana, ci\u00f2 che illumina, \u00e8 la preghiera&#8221;.<\/p>\t\t\t\t\t\t\t\t<\/div>\n\t\t\t\t<\/div>\n\t\t\t\t<div class=\"elementor-element elementor-element-65b8dec elementor-widget elementor-widget-text-editor\" data-id=\"65b8dec\" data-element_type=\"widget\" data-widget_type=\"text-editor.default\">\n\t\t\t\t<div class=\"elementor-widget-container\">\n\t\t\t\t\t\t\t\t\t<p><span style=\"color: #e8a700;\">Lo sapevate? <\/span>Nel Santuario, le candele sono disponibili nei contenitori. Le candele non vengono vendute, ma con l\u2019indicazione di una &#8220;offerta consigliata&#8221; (ognuno d\u00e0 quello che pu\u00f2). Queste offerte sono una fonte di reddito importante per la manutenzione e il funzionamento del Santuario.<\/p>\t\t\t\t\t\t\t\t<\/div>\n\t\t\t\t<\/div>\n\t\t\t\t<div class=\"elementor-element elementor-element-e69dd35 elementor-widget elementor-widget-video\" data-id=\"e69dd35\" data-element_type=\"widget\" data-settings=\"{&quot;youtube_url&quot;:&quot;https:\\\/\\\/youtu.be\\\/q1UT2njHOJc&quot;,&quot;video_type&quot;:&quot;youtube&quot;,&quot;controls&quot;:&quot;yes&quot;}\" data-widget_type=\"video.default\">\n\t\t\t\t<div class=\"elementor-widget-container\">\n\t\t\t\t\t\t\t<div class=\"elementor-wrapper elementor-open-inline\">\n\t\t\t<div class=\"elementor-video\"><\/div>\t\t<\/div>\n\t\t\t\t\t\t<\/div>\n\t\t\t\t<\/div>\n\t\t\t\t\t<\/div>\n\t\t<\/div>\n\t\t\t\t\t<\/div>\n\t\t<\/section>\n\t\t\t\t<\/div>\n\t\t","protected":false},"excerpt":{"rendered":"<p>Durante la quarta apparizione&#8230; Il 19 febbraio 1858, Bernadette arriva alla Grotta per la prima volta portando una candela benedetta. La tiene accesa tra le mani fino alla fine. Da questo gesto \u00e8 nata l&#8217;usanza di accendere candele. Pertanto siete &hellip; <a href=\"https:\/\/www.lourdes-france.org\/it\/deporre-candela\/\">Continua<\/a><\/p>\n","protected":false},"author":7,"featured_media":0,"parent":0,"menu_order":0,"comment_status":"closed","ping_status":"closed","template":"","meta":{"_acf_changed":false,"footnotes":""},"class_list":["post-3624","page","type-page","status-publish","hentry"],"acf":[],"yoast_head":"<!-- This site is optimized with the Yoast SEO plugin v24.7 - https:\/\/yoast.com\/wordpress\/plugins\/seo\/ -->\n<title>Deporre una candela<\/title>\n<meta name=\"robots\" content=\"index, follow, max-snippet:-1, max-image-preview:large, max-video-preview:-1\" \/>\n<link rel=\"canonical\" href=\"https:\/\/preprod-lourdes.cawita.com\/it\/deporre-candela\/\" \/>\n<meta name=\"twitter:label1\" content=\"Tempo di lettura stimato\" \/>\n\t<meta name=\"twitter:data1\" content=\"1 minuto\" \/>\n<script type=\"application\/ld+json\" class=\"yoast-schema-graph\">{\"@context\":\"https:\/\/schema.org\",\"@graph\":[{\"@type\":\"WebPage\",\"@id\":\"https:\/\/preprod-lourdes.cawita.com\/it\/deporre-candela\/\",\"url\":\"https:\/\/preprod-lourdes.cawita.com\/it\/deporre-candela\/\",\"name\":\"Deporre una candela\",\"isPartOf\":{\"@id\":\"https:\/\/preprod-lourdes.cawita.com\/#website\"},\"datePublished\":\"2018-07-18T09:04:21+00:00\",\"dateModified\":\"2021-03-02T15:06:35+00:00\",\"breadcrumb\":{\"@id\":\"https:\/\/preprod-lourdes.cawita.com\/it\/deporre-candela\/#breadcrumb\"},\"inLanguage\":\"it-IT\",\"potentialAction\":[{\"@type\":\"ReadAction\",\"target\":[\"https:\/\/preprod-lourdes.cawita.com\/it\/deporre-candela\/\"]}]},{\"@type\":\"BreadcrumbList\",\"@id\":\"https:\/\/preprod-lourdes.cawita.com\/it\/deporre-candela\/#breadcrumb\",\"itemListElement\":[{\"@type\":\"ListItem\",\"position\":1,\"name\":\"Accueil\",\"item\":\"https:\/\/www.lourdes-france.org\/\"},{\"@type\":\"ListItem\",\"position\":2,\"name\":\"Deporre una candela\"}]},{\"@type\":\"WebSite\",\"@id\":\"https:\/\/preprod-lourdes.cawita.com\/#website\",\"url\":\"https:\/\/preprod-lourdes.cawita.com\/\",\"name\":\"Soutenir le Sanctuaire Notre-Dame de Lourdes\",\"description\":\"\",\"potentialAction\":[{\"@type\":\"SearchAction\",\"target\":{\"@type\":\"EntryPoint\",\"urlTemplate\":\"https:\/\/preprod-lourdes.cawita.com\/?s={search_term_string}\"},\"query-input\":{\"@type\":\"PropertyValueSpecification\",\"valueRequired\":true,\"valueName\":\"search_term_string\"}}],\"inLanguage\":\"it-IT\"}]}<\/script>\n<!-- \/ Yoast SEO plugin. -->","yoast_head_json":{"title":"Deporre una candela","robots":{"index":"index","follow":"follow","max-snippet":"max-snippet:-1","max-image-preview":"max-image-preview:large","max-video-preview":"max-video-preview:-1"},"canonical":"https:\/\/preprod-lourdes.cawita.com\/it\/deporre-candela\/","twitter_misc":{"Tempo di lettura stimato":"1 minuto"},"schema":{"@context":"https:\/\/schema.org","@graph":[{"@type":"WebPage","@id":"https:\/\/preprod-lourdes.cawita.com\/it\/deporre-candela\/","url":"https:\/\/preprod-lourdes.cawita.com\/it\/deporre-candela\/","name":"Deporre una candela","isPartOf":{"@id":"https:\/\/preprod-lourdes.cawita.com\/#website"},"datePublished":"2018-07-18T09:04:21+00:00","dateModified":"2021-03-02T15:06:35+00:00","breadcrumb":{"@id":"https:\/\/preprod-lourdes.cawita.com\/it\/deporre-candela\/#breadcrumb"},"inLanguage":"it-IT","potentialAction":[{"@type":"ReadAction","target":["https:\/\/preprod-lourdes.cawita.com\/it\/deporre-candela\/"]}]},{"@type":"BreadcrumbList","@id":"https:\/\/preprod-lourdes.cawita.com\/it\/deporre-candela\/#breadcrumb","itemListElement":[{"@type":"ListItem","position":1,"name":"Accueil","item":"https:\/\/www.lourdes-france.org\/"},{"@type":"ListItem","position":2,"name":"Deporre una candela"}]},{"@type":"WebSite","@id":"https:\/\/preprod-lourdes.cawita.com\/#website","url":"https:\/\/preprod-lourdes.cawita.com\/","name":"Soutenir le Sanctuaire Notre-Dame de Lourdes","description":"","potentialAction":[{"@type":"SearchAction","target":{"@type":"EntryPoint","urlTemplate":"https:\/\/preprod-lourdes.cawita.com\/?s={search_term_string}"},"query-input":{"@type":"PropertyValueSpecification","valueRequired":true,"valueName":"search_term_string"}}],"inLanguage":"it-IT"}]}},"_links":{"self":[{"href":"https:\/\/www.lourdes-france.org\/it\/wp-json\/wp\/v2\/pages\/3624","targetHints":{"allow":["GET"]}}],"collection":[{"href":"https:\/\/www.lourdes-france.org\/it\/wp-json\/wp\/v2\/pages"}],"about":[{"href":"https:\/\/www.lourdes-france.org\/it\/wp-json\/wp\/v2\/types\/page"}],"author":[{"embeddable":true,"href":"https:\/\/www.lourdes-france.org\/it\/wp-json\/wp\/v2\/users\/7"}],"replies":[{"embeddable":true,"href":"https:\/\/www.lourdes-france.org\/it\/wp-json\/wp\/v2\/comments?post=3624"}],"version-history":[{"count":8,"href":"https:\/\/www.lourdes-france.org\/it\/wp-json\/wp\/v2\/pages\/3624\/revisions"}],"predecessor-version":[{"id":20812,"href":"https:\/\/www.lourdes-france.org\/it\/wp-json\/wp\/v2\/pages\/3624\/revisions\/20812"}],"wp:attachment":[{"href":"https:\/\/www.lourdes-france.org\/it\/wp-json\/wp\/v2\/media?parent=3624"}],"curies":[{"name":"wp","href":"https:\/\/api.w.org\/{rel}","templated":true}]}}