{"id":44227,"date":"2019-01-18T13:34:46","date_gmt":"2019-01-18T12:34:46","guid":{"rendered":"https:\/\/www.lourdes-france.org\/service-jeunes-familles\/"},"modified":"2021-07-29T11:42:15","modified_gmt":"2021-07-29T09:42:15","slug":"gruppo-bambini-giovani","status":"publish","type":"page","link":"https:\/\/www.lourdes-france.org\/it\/gruppo-bambini-giovani\/","title":{"rendered":"Gruppo Bambini \/ Giovani"},"content":{"rendered":"\t\t<div data-elementor-type=\"wp-post\" data-elementor-id=\"44227\" class=\"elementor elementor-44227 elementor-25999\" data-elementor-post-type=\"page\">\n\t\t\t\t\t\t<section class=\"elementor-section elementor-top-section elementor-element elementor-element-9a0b847 elementor-section-boxed elementor-section-height-default elementor-section-height-default\" data-id=\"9a0b847\" data-element_type=\"section\">\n\t\t\t\t\t\t<div class=\"elementor-container elementor-column-gap-default\">\n\t\t\t\t\t<div class=\"elementor-column elementor-col-100 elementor-top-column elementor-element elementor-element-40078bc\" data-id=\"40078bc\" data-element_type=\"column\">\n\t\t\t<div class=\"elementor-widget-wrap elementor-element-populated\">\n\t\t\t\t\t\t<div class=\"elementor-element elementor-element-5ea428df carrousel-post elementor-widget elementor-widget-image-carousel\" data-id=\"5ea428df\" data-element_type=\"widget\" data-settings=\"{&quot;slides_to_show&quot;:&quot;1&quot;,&quot;navigation&quot;:&quot;none&quot;,&quot;autoplay&quot;:&quot;yes&quot;,&quot;pause_on_hover&quot;:&quot;yes&quot;,&quot;pause_on_interaction&quot;:&quot;yes&quot;,&quot;autoplay_speed&quot;:5000,&quot;infinite&quot;:&quot;yes&quot;,&quot;effect&quot;:&quot;slide&quot;,&quot;speed&quot;:500}\" data-widget_type=\"image-carousel.default\">\n\t\t\t\t<div class=\"elementor-widget-container\">\n\t\t\t\t\t\t\t<div class=\"elementor-image-carousel-wrapper swiper\" role=\"region\" aria-roledescription=\"carousel\" aria-label=\"Carosello d&#039;immagini\" dir=\"ltr\">\n\t\t\t<div class=\"elementor-image-carousel swiper-wrapper\" aria-live=\"off\">\n\t\t\t\t\t\t\t\t<div class=\"swiper-slide\" role=\"group\" aria-roledescription=\"slide\" aria-label=\"1 di 3\"><a data-elementor-open-lightbox=\"yes\" data-elementor-lightbox-slideshow=\"5ea428df\" data-elementor-lightbox-title=\"2018-juillet service jeune-17\" data-e-action-hash=\"#elementor-action%3Aaction%3Dlightbox%26settings%3DeyJpZCI6MjYzNzcsInVybCI6Imh0dHBzOlwvXC93d3cubG91cmRlcy1mcmFuY2Uub3JnXC93cC1jb250ZW50XC91cGxvYWRzXC8yMDE5XC8wMVwvMjAxOC1qdWlsbGV0LXNlcnZpY2UtamV1bmUtMTcuanBnIiwic2xpZGVzaG93IjoiNWVhNDI4ZGYifQ%3D%3D\" href=\"https:\/\/www.lourdes-france.org\/wp-content\/uploads\/2019\/01\/2018-juillet-service-jeune-17.jpg\"><figure class=\"swiper-slide-inner\"><img decoding=\"async\" class=\"swiper-slide-image\" src=\"https:\/\/www.lourdes-france.org\/wp-content\/uploads\/2019\/01\/2018-juillet-service-jeune-17-768x512.jpg\" alt=\"2018-juillet service jeune-17\" \/><\/figure><\/a><\/div><div class=\"swiper-slide\" role=\"group\" aria-roledescription=\"slide\" aria-label=\"2 di 3\"><a data-elementor-open-lightbox=\"yes\" data-elementor-lightbox-slideshow=\"5ea428df\" data-elementor-lightbox-title=\"2017-service jeunes-session 1-52\" data-e-action-hash=\"#elementor-action%3Aaction%3Dlightbox%26settings%3DeyJpZCI6MjYyOTksInVybCI6Imh0dHBzOlwvXC93d3cubG91cmRlcy1mcmFuY2Uub3JnXC93cC1jb250ZW50XC91cGxvYWRzXC8yMDE5XC8wMVwvMjAxNy1zZXJ2aWNlLWpldW5lcy1zZXNzaW9uLTEtNTIuanBnIiwic2xpZGVzaG93IjoiNWVhNDI4ZGYifQ%3D%3D\" href=\"https:\/\/www.lourdes-france.org\/wp-content\/uploads\/2019\/01\/2017-service-jeunes-session-1-52.jpg\"><figure class=\"swiper-slide-inner\"><img decoding=\"async\" class=\"swiper-slide-image\" src=\"https:\/\/www.lourdes-france.org\/wp-content\/uploads\/2019\/01\/2017-service-jeunes-session-1-52-768x512.jpg\" alt=\"2017-service jeunes-session 1-52\" \/><\/figure><\/a><\/div><div class=\"swiper-slide\" role=\"group\" aria-roledescription=\"slide\" aria-label=\"3 di 3\"><a data-elementor-open-lightbox=\"yes\" data-elementor-lightbox-slideshow=\"5ea428df\" data-elementor-lightbox-title=\"jubil-des-premires-communions_27223940740_o\" data-e-action-hash=\"#elementor-action%3Aaction%3Dlightbox%26settings%3DeyJpZCI6MjYzMjMsInVybCI6Imh0dHBzOlwvXC93d3cubG91cmRlcy1mcmFuY2Uub3JnXC93cC1jb250ZW50XC91cGxvYWRzXC8yMDE5XC8wMVwvanViaWwtZGVzLXByZW1pcmVzLWNvbW11bmlvbnNfMjcyMjM5NDA3NDBfby5qcGciLCJzbGlkZXNob3ciOiI1ZWE0MjhkZiJ9\" href=\"https:\/\/www.lourdes-france.org\/wp-content\/uploads\/2019\/01\/jubil-des-premires-communions_27223940740_o.jpg\"><figure class=\"swiper-slide-inner\"><img decoding=\"async\" class=\"swiper-slide-image\" src=\"https:\/\/www.lourdes-france.org\/wp-content\/uploads\/2019\/01\/jubil-des-premires-communions_27223940740_o-768x512.jpg\" alt=\"jubil-des-premires-communions_27223940740_o\" \/><\/figure><\/a><\/div>\t\t\t<\/div>\n\t\t\t\t\t\t\t\n\t\t\t\t\t\t\t\t\t<\/div>\n\t\t\t\t\t\t<\/div>\n\t\t\t\t<\/div>\n\t\t\t\t<div class=\"elementor-element elementor-element-2f5296dc elementor-widget elementor-widget-text-editor\" data-id=\"2f5296dc\" data-element_type=\"widget\" data-widget_type=\"text-editor.default\">\n\t\t\t\t<div class=\"elementor-widget-container\">\n\t\t\t\t\t\t\t\t\t<h2><span style=\"color: #000000;\">Il sagrato Santa Bernadetta<\/span> vi accoglie<\/h2>\t\t\t\t\t\t\t\t<\/div>\n\t\t\t\t<\/div>\n\t\t\t\t<div class=\"elementor-element elementor-element-5b49b54f elementor-widget elementor-widget-text-editor\" data-id=\"5b49b54f\" data-element_type=\"widget\" data-widget_type=\"text-editor.default\">\n\t\t\t\t<div class=\"elementor-widget-container\">\n\t\t\t\t\t\t\t\t\t<p>Le nostre attivit\u00e0 permetteranno ai bambini, agli adolescenti e ai giovani, insieme a voi, di:<\/p><ol><li>Scoprire il Santuario, la storia delle apparizioni e il messaggio di Lourdes<\/li><li>Vivere un\u2019esperienza spirituale<\/li><li>Formarsi e approfondire la Fede<\/li><\/ol>\t\t\t\t\t\t\t\t<\/div>\n\t\t\t\t<\/div>\n\t\t\t\t<div class=\"elementor-element elementor-element-9c79717 elementor-widget elementor-widget-text-editor\" data-id=\"9c79717\" data-element_type=\"widget\" data-widget_type=\"text-editor.default\">\n\t\t\t\t<div class=\"elementor-widget-container\">\n\t\t\t\t\t\t\t\t\t<h2><span style=\"color: #e8a700;\">Veglia Internazionale di Preghiera <\/span>&#8211; Giovani<\/h2>\t\t\t\t\t\t\t\t<\/div>\n\t\t\t\t<\/div>\n\t\t\t\t<div class=\"elementor-element elementor-element-917235c elementor-widget elementor-widget-text-editor\" data-id=\"917235c\" data-element_type=\"widget\" data-widget_type=\"text-editor.default\">\n\t\t\t\t<div class=\"elementor-widget-container\">\n\t\t\t\t\t\t\t\t\t<ul><li>Date: Tutti i marted\u00ec, dal 9 aprile al 27 agosto, alle h.21:00.<\/li><li>Cosa: Proponiamo una veglia di preghiera sull&#8217;incontro con Ges\u00f9 (lodi,<br \/>adorazione del Santissimo Sacramento e proposta del Sacramento della riconciliazione).<\/li><li>Durata: h.1,15<\/li><li>Pubblico: Giovani<\/li><li>Luogo: Cappella San Giuseppe<\/li><\/ul>\t\t\t\t\t\t\t\t<\/div>\n\t\t\t\t<\/div>\n\t\t\t\t<div class=\"elementor-element elementor-element-79200c4 elementor-widget elementor-widget-text-editor\" data-id=\"79200c4\" data-element_type=\"widget\" data-widget_type=\"text-editor.default\">\n\t\t\t\t<div class=\"elementor-widget-container\">\n\t\t\t\t\t\t\t\t\t<h2><span style=\"color: #e8a700;\">Via Crucis Internazionale <\/span>&#8211; Giovani<\/h2>\t\t\t\t\t\t\t\t<\/div>\n\t\t\t\t<\/div>\n\t\t\t\t<div class=\"elementor-element elementor-element-bfc3071 elementor-widget elementor-widget-text-editor\" data-id=\"bfc3071\" data-element_type=\"widget\" data-widget_type=\"text-editor.default\">\n\t\t\t\t<div class=\"elementor-widget-container\">\n\t\t\t\t\t\t\t\t\t<ul><li>Date: Tutti i venerd\u00ec dal 12 aprile al 30 agosto, alle h.21,00,<\/li><li>Luogo: Via crucis delle Espelugues<\/li><li>Cosa: Vi proponiamo di vivere una Via Crucis con le fiaccole. Ogni giovane \u00e8 invitato a venire con la propria fiaccola. Meditare con Maria la &#8220;Via Crucis&#8221; di Ges\u00f9 \u00e8 un momento importante per fermarsi, riflettere e pregare. La Via Crucis, chiamata delle &#8220;Espelugues&#8221;, si snoda in una zona ripida nella foresta. \u00c8 l&#8217;immagine della grandezza del Santuario di Lourdes: 115 personaggi in ghisa patinata in bronzo sono collocati nelle quindici stazioni lungo i 1500 metri del percorso.<\/li><li>Durata: h.1,30<\/li><li>Pubblico: Giovani<\/li><\/ul>\t\t\t\t\t\t\t\t<\/div>\n\t\t\t\t<\/div>\n\t\t\t\t<div class=\"elementor-element elementor-element-bffe910 elementor-widget elementor-widget-text-editor\" data-id=\"bffe910\" data-element_type=\"widget\" data-widget_type=\"text-editor.default\">\n\t\t\t\t<div class=\"elementor-widget-container\">\n\t\t\t\t\t\t\t\t\t<p>Prenotazione obbligatoria sulla piattaforma di prenotazione<br \/><a href=\"https:\/\/resa.lourdes-france.org\/group\/login\">https:\/\/resa.lourdes-france.org\/group\/login<\/a><br \/>Suggerimenti: servizio per i giovani e la famiglia<br \/><a href=\"mailto:sjeunes@lourdes-france.com\">parvis@lourdes-france.com<\/a><br \/>+33 (0) 5 62 42 78 46<\/p>\t\t\t\t\t\t\t\t<\/div>\n\t\t\t\t<\/div>\n\t\t\t\t\t<\/div>\n\t\t<\/div>\n\t\t\t\t\t<\/div>\n\t\t<\/section>\n\t\t\t\t<section class=\"elementor-section elementor-top-section elementor-element elementor-element-508e8cca elementor-section-boxed elementor-section-height-default elementor-section-height-default\" data-id=\"508e8cca\" data-element_type=\"section\">\n\t\t\t\t\t\t<div class=\"elementor-container elementor-column-gap-no\">\n\t\t\t\t\t<div class=\"elementor-column elementor-col-100 elementor-top-column elementor-element elementor-element-3b567564\" data-id=\"3b567564\" data-element_type=\"column\">\n\t\t\t<div class=\"elementor-widget-wrap elementor-element-populated\">\n\t\t\t\t\t\t<div class=\"elementor-element elementor-element-1c42491 elementor-widget elementor-widget-text-editor\" data-id=\"1c42491\" data-element_type=\"widget\" data-widget_type=\"text-editor.default\">\n\t\t\t\t<div class=\"elementor-widget-container\">\n\t\t\t\t\t\t\t\t\t<h2>La Casetta di <span style=\"color: #e8a702;\">Bernadette<\/span><\/h2>\t\t\t\t\t\t\t\t<\/div>\n\t\t\t\t<\/div>\n\t\t\t\t<div class=\"elementor-element elementor-element-9a07325 elementor-widget elementor-widget-text-editor\" data-id=\"9a07325\" data-element_type=\"widget\" data-widget_type=\"text-editor.default\">\n\t\t\t\t<div class=\"elementor-widget-container\">\n\t\t\t\t\t\t\t\t\t<p>La Casetta di Bernadette propone a bambini accompagnati una serie di giochi e attivit\u00e0 modulate in funzione dell&#8217;et\u00e0 (da 0 a 12 anni) per scoprire il messaggio di Lourdes. Scoprire divertendosi \u00e8 possibile!<\/p>\t\t\t\t\t\t\t\t<\/div>\n\t\t\t\t<\/div>\n\t\t\t\t<div class=\"elementor-element elementor-element-cc23e68 elementor-widget elementor-widget-image\" data-id=\"cc23e68\" data-element_type=\"widget\" data-widget_type=\"image.default\">\n\t\t\t\t<div class=\"elementor-widget-container\">\n\t\t\t\t\t\t\t\t\t\t\t\t\t\t\t<img fetchpriority=\"high\" decoding=\"async\" width=\"1024\" height=\"290\" src=\"https:\/\/www.lourdes-france.org\/wp-content\/uploads\/2019\/03\/petitemaisondebernadettebandeau-1024x290.jpg\" class=\"attachment-large size-large wp-image-32529\" alt=\"\" srcset=\"https:\/\/www.lourdes-france.org\/wp-content\/uploads\/2019\/03\/petitemaisondebernadettebandeau-1024x290.jpg 1024w, https:\/\/www.lourdes-france.org\/wp-content\/uploads\/2019\/03\/petitemaisondebernadettebandeau-300x85.jpg 300w, https:\/\/www.lourdes-france.org\/wp-content\/uploads\/2019\/03\/petitemaisondebernadettebandeau-768x218.jpg 768w, https:\/\/www.lourdes-france.org\/wp-content\/uploads\/2019\/03\/petitemaisondebernadettebandeau-380x108.jpg 380w, https:\/\/www.lourdes-france.org\/wp-content\/uploads\/2019\/03\/petitemaisondebernadettebandeau.jpg 1200w\" sizes=\"(max-width: 1024px) 100vw, 1024px\" \/>\t\t\t\t\t\t\t\t\t\t\t\t\t\t\t<\/div>\n\t\t\t\t<\/div>\n\t\t\t\t<div class=\"elementor-element elementor-element-7a4079e elementor-widget elementor-widget-text-editor\" data-id=\"7a4079e\" data-element_type=\"widget\" data-widget_type=\"text-editor.default\">\n\t\t\t\t<div class=\"elementor-widget-container\">\n\t\t\t\t\t\t\t\t\t<h2>Quando<\/h2><p><span style=\"font-family: Times New Roman, serif;\"><span style=\"font-size: large;\">La Casetta di Bernadette \u00e8 aperta tutti i pomeriggi dalle h.14,30 alle h.17,30.<\/span><\/span><\/p><p><span style=\"font-family: Times New Roman, serif;\"><span style=\"font-size: large;\">Al mattino, previo appuntamento, chiamare: <span style=\"color: #0000ff;\">06 22 73 30 29<\/span> (escluso domenica mattina).<\/span><\/span><\/p>\t\t\t\t\t\t\t\t<\/div>\n\t\t\t\t<\/div>\n\t\t\t\t<div class=\"elementor-element elementor-element-53934c0 elementor-widget elementor-widget-text-editor\" data-id=\"53934c0\" data-element_type=\"widget\" data-widget_type=\"text-editor.default\">\n\t\t\t\t<div class=\"elementor-widget-container\">\n\t\t\t\t\t\t\t\t\t<h2>Durata<\/h2><p>1 ora o pi\u00f9!<\/p>\t\t\t\t\t\t\t\t<\/div>\n\t\t\t\t<\/div>\n\t\t\t\t<div class=\"elementor-element elementor-element-876dffb elementor-widget elementor-widget-text-editor\" data-id=\"876dffb\" data-element_type=\"widget\" data-widget_type=\"text-editor.default\">\n\t\t\t\t<div class=\"elementor-widget-container\">\n\t\t\t\t\t\t\t\t\t<h2>Pubblico<\/h2><p>Bambini<\/p>\t\t\t\t\t\t\t\t<\/div>\n\t\t\t\t<\/div>\n\t\t\t\t<div class=\"elementor-element elementor-element-56dab1c elementor-widget elementor-widget-text-editor\" data-id=\"56dab1c\" data-element_type=\"widget\" data-widget_type=\"text-editor.default\">\n\t\t\t\t<div class=\"elementor-widget-container\">\n\t\t\t\t\t\t\t\t\t<h2>Luogo<\/h2><p>Santuario Nostra Signora di Lourdes<\/p>\t\t\t\t\t\t\t\t<\/div>\n\t\t\t\t<\/div>\n\t\t\t\t<div class=\"elementor-element elementor-element-ffbd77c elementor-widget elementor-widget-text-editor\" data-id=\"ffbd77c\" data-element_type=\"widget\" data-widget_type=\"text-editor.default\">\n\t\t\t\t<div class=\"elementor-widget-container\">\n\t\t\t\t\t\t\t\t\t<h2>Contatto<\/h2><p>Servizio giovani e famiglie<br \/><a href=\"mailto:sjeunes@lourdes-france.com\">parvis@lourdes-france.com<\/a><br \/>+33 (0)5 62 42 78 46<\/p>\t\t\t\t\t\t\t\t<\/div>\n\t\t\t\t<\/div>\n\t\t\t\t<div class=\"elementor-element elementor-element-4727f76 elementor-widget elementor-widget-text-editor\" data-id=\"4727f76\" data-element_type=\"widget\" data-widget_type=\"text-editor.default\">\n\t\t\t\t<div class=\"elementor-widget-container\">\n\t\t\t\t\t\t\t\t\t<h2>Prenotazione obbligatoria <span style=\"color: #e8a702;\">(Solamente per i gruppi)<\/span><\/h2><p><a href=\"https:\/\/resa.lourdes-france.org\">Piattaforma di prenotazione \/ Gruppi<\/a><\/p>\t\t\t\t\t\t\t\t<\/div>\n\t\t\t\t<\/div>\n\t\t\t\t<div class=\"elementor-element elementor-element-d278c27 elementor-widget elementor-widget-spacer\" data-id=\"d278c27\" data-element_type=\"widget\" data-widget_type=\"spacer.default\">\n\t\t\t\t<div class=\"elementor-widget-container\">\n\t\t\t\t\t\t\t<div class=\"elementor-spacer\">\n\t\t\t<div class=\"elementor-spacer-inner\"><\/div>\n\t\t<\/div>\n\t\t\t\t\t\t<\/div>\n\t\t\t\t<\/div>\n\t\t\t\t\t<\/div>\n\t\t<\/div>\n\t\t\t\t\t<\/div>\n\t\t<\/section>\n\t\t\t\t<\/div>\n\t\t","protected":false},"excerpt":{"rendered":"<p>&nbsp; &nbsp; &nbsp; &nbsp; Il sagrato Santa Bernadetta vi accoglie Le nostre attivit\u00e0 permetteranno ai bambini, agli adolescenti e ai giovani, insieme a voi, di: Scoprire il Santuario, la storia delle apparizioni e il messaggio di Lourdes Vivere un\u2019esperienza spirituale &hellip; <a href=\"https:\/\/www.lourdes-france.org\/it\/gruppo-bambini-giovani\/\">Continua<\/a><\/p>\n","protected":false},"author":7,"featured_media":0,"parent":0,"menu_order":0,"comment_status":"closed","ping_status":"closed","template":"","meta":{"_acf_changed":false,"footnotes":""},"class_list":["post-44227","page","type-page","status-publish","hentry"],"acf":[],"yoast_head":"<!-- This site is optimized with the Yoast SEO plugin v24.7 - https:\/\/yoast.com\/wordpress\/plugins\/seo\/ -->\n<title>Gruppo Bambini \/ Giovani<\/title>\n<meta name=\"robots\" content=\"index, follow, max-snippet:-1, max-image-preview:large, max-video-preview:-1\" \/>\n<link rel=\"canonical\" href=\"https:\/\/www.lourdes-france.org\/it\/gruppo-bambini-giovani\/\" \/>\n<meta name=\"twitter:label1\" content=\"Tempo di lettura stimato\" \/>\n\t<meta name=\"twitter:data1\" content=\"1 minuto\" \/>\n<script type=\"application\/ld+json\" class=\"yoast-schema-graph\">{\"@context\":\"https:\/\/schema.org\",\"@graph\":[{\"@type\":\"WebPage\",\"@id\":\"https:\/\/www.lourdes-france.org\/it\/gruppo-bambini-giovani\/\",\"url\":\"https:\/\/www.lourdes-france.org\/it\/gruppo-bambini-giovani\/\",\"name\":\"Gruppo Bambini \/ Giovani\",\"isPartOf\":{\"@id\":\"https:\/\/preprod-lourdes.cawita.com\/#website\"},\"primaryImageOfPage\":{\"@id\":\"https:\/\/www.lourdes-france.org\/it\/gruppo-bambini-giovani\/#primaryimage\"},\"image\":{\"@id\":\"https:\/\/www.lourdes-france.org\/it\/gruppo-bambini-giovani\/#primaryimage\"},\"thumbnailUrl\":\"https:\/\/www.lourdes-france.org\/wp-content\/uploads\/2019\/01\/2018-juillet-service-jeune-17-768x512.jpg\",\"datePublished\":\"2019-01-18T12:34:46+00:00\",\"dateModified\":\"2021-07-29T09:42:15+00:00\",\"breadcrumb\":{\"@id\":\"https:\/\/www.lourdes-france.org\/it\/gruppo-bambini-giovani\/#breadcrumb\"},\"inLanguage\":\"it-IT\",\"potentialAction\":[{\"@type\":\"ReadAction\",\"target\":[\"https:\/\/www.lourdes-france.org\/it\/gruppo-bambini-giovani\/\"]}]},{\"@type\":\"ImageObject\",\"inLanguage\":\"it-IT\",\"@id\":\"https:\/\/www.lourdes-france.org\/it\/gruppo-bambini-giovani\/#primaryimage\",\"url\":\"https:\/\/www.lourdes-france.org\/wp-content\/uploads\/2019\/01\/2018-juillet-service-jeune-17-768x512.jpg\",\"contentUrl\":\"https:\/\/www.lourdes-france.org\/wp-content\/uploads\/2019\/01\/2018-juillet-service-jeune-17-768x512.jpg\"},{\"@type\":\"BreadcrumbList\",\"@id\":\"https:\/\/www.lourdes-france.org\/it\/gruppo-bambini-giovani\/#breadcrumb\",\"itemListElement\":[{\"@type\":\"ListItem\",\"position\":1,\"name\":\"Accueil\",\"item\":\"https:\/\/www.lourdes-france.org\/\"},{\"@type\":\"ListItem\",\"position\":2,\"name\":\"Gruppo Bambini \/ Giovani\"}]},{\"@type\":\"WebSite\",\"@id\":\"https:\/\/preprod-lourdes.cawita.com\/#website\",\"url\":\"https:\/\/preprod-lourdes.cawita.com\/\",\"name\":\"Soutenir le Sanctuaire Notre-Dame de Lourdes\",\"description\":\"\",\"potentialAction\":[{\"@type\":\"SearchAction\",\"target\":{\"@type\":\"EntryPoint\",\"urlTemplate\":\"https:\/\/preprod-lourdes.cawita.com\/?s={search_term_string}\"},\"query-input\":{\"@type\":\"PropertyValueSpecification\",\"valueRequired\":true,\"valueName\":\"search_term_string\"}}],\"inLanguage\":\"it-IT\"}]}<\/script>\n<!-- \/ Yoast SEO plugin. -->","yoast_head_json":{"title":"Gruppo Bambini \/ Giovani","robots":{"index":"index","follow":"follow","max-snippet":"max-snippet:-1","max-image-preview":"max-image-preview:large","max-video-preview":"max-video-preview:-1"},"canonical":"https:\/\/www.lourdes-france.org\/it\/gruppo-bambini-giovani\/","twitter_misc":{"Tempo di lettura stimato":"1 minuto"},"schema":{"@context":"https:\/\/schema.org","@graph":[{"@type":"WebPage","@id":"https:\/\/www.lourdes-france.org\/it\/gruppo-bambini-giovani\/","url":"https:\/\/www.lourdes-france.org\/it\/gruppo-bambini-giovani\/","name":"Gruppo Bambini \/ Giovani","isPartOf":{"@id":"https:\/\/preprod-lourdes.cawita.com\/#website"},"primaryImageOfPage":{"@id":"https:\/\/www.lourdes-france.org\/it\/gruppo-bambini-giovani\/#primaryimage"},"image":{"@id":"https:\/\/www.lourdes-france.org\/it\/gruppo-bambini-giovani\/#primaryimage"},"thumbnailUrl":"https:\/\/www.lourdes-france.org\/wp-content\/uploads\/2019\/01\/2018-juillet-service-jeune-17-768x512.jpg","datePublished":"2019-01-18T12:34:46+00:00","dateModified":"2021-07-29T09:42:15+00:00","breadcrumb":{"@id":"https:\/\/www.lourdes-france.org\/it\/gruppo-bambini-giovani\/#breadcrumb"},"inLanguage":"it-IT","potentialAction":[{"@type":"ReadAction","target":["https:\/\/www.lourdes-france.org\/it\/gruppo-bambini-giovani\/"]}]},{"@type":"ImageObject","inLanguage":"it-IT","@id":"https:\/\/www.lourdes-france.org\/it\/gruppo-bambini-giovani\/#primaryimage","url":"https:\/\/www.lourdes-france.org\/wp-content\/uploads\/2019\/01\/2018-juillet-service-jeune-17-768x512.jpg","contentUrl":"https:\/\/www.lourdes-france.org\/wp-content\/uploads\/2019\/01\/2018-juillet-service-jeune-17-768x512.jpg"},{"@type":"BreadcrumbList","@id":"https:\/\/www.lourdes-france.org\/it\/gruppo-bambini-giovani\/#breadcrumb","itemListElement":[{"@type":"ListItem","position":1,"name":"Accueil","item":"https:\/\/www.lourdes-france.org\/"},{"@type":"ListItem","position":2,"name":"Gruppo Bambini \/ Giovani"}]},{"@type":"WebSite","@id":"https:\/\/preprod-lourdes.cawita.com\/#website","url":"https:\/\/preprod-lourdes.cawita.com\/","name":"Soutenir le Sanctuaire Notre-Dame de Lourdes","description":"","potentialAction":[{"@type":"SearchAction","target":{"@type":"EntryPoint","urlTemplate":"https:\/\/preprod-lourdes.cawita.com\/?s={search_term_string}"},"query-input":{"@type":"PropertyValueSpecification","valueRequired":true,"valueName":"search_term_string"}}],"inLanguage":"it-IT"}]}},"_links":{"self":[{"href":"https:\/\/www.lourdes-france.org\/it\/wp-json\/wp\/v2\/pages\/44227","targetHints":{"allow":["GET"]}}],"collection":[{"href":"https:\/\/www.lourdes-france.org\/it\/wp-json\/wp\/v2\/pages"}],"about":[{"href":"https:\/\/www.lourdes-france.org\/it\/wp-json\/wp\/v2\/types\/page"}],"author":[{"embeddable":true,"href":"https:\/\/www.lourdes-france.org\/it\/wp-json\/wp\/v2\/users\/7"}],"replies":[{"embeddable":true,"href":"https:\/\/www.lourdes-france.org\/it\/wp-json\/wp\/v2\/comments?post=44227"}],"version-history":[{"count":4,"href":"https:\/\/www.lourdes-france.org\/it\/wp-json\/wp\/v2\/pages\/44227\/revisions"}],"predecessor-version":[{"id":202581,"href":"https:\/\/www.lourdes-france.org\/it\/wp-json\/wp\/v2\/pages\/44227\/revisions\/202581"}],"wp:attachment":[{"href":"https:\/\/www.lourdes-france.org\/it\/wp-json\/wp\/v2\/media?parent=44227"}],"curies":[{"name":"wp","href":"https:\/\/api.w.org\/{rel}","templated":true}]}}