{"id":492774,"date":"2021-02-02T16:50:28","date_gmt":"2021-02-02T15:50:28","guid":{"rendered":"https:\/\/www.lourdes-france.org\/mediatheque\/videos-lourdes-united\/"},"modified":"2021-03-02T16:13:05","modified_gmt":"2021-03-02T15:13:05","slug":"videos-lourdes-united","status":"publish","type":"page","link":"https:\/\/www.lourdes-france.org\/it\/mediatheque\/videos-lourdes-united\/","title":{"rendered":"Vid\u00e9os Lourdes United"},"content":{"rendered":"\t\t<div data-elementor-type=\"wp-page\" data-elementor-id=\"492774\" class=\"elementor elementor-492774 elementor-478705\" data-elementor-post-type=\"page\">\n\t\t\t\t\t\t<section class=\"elementor-section elementor-top-section elementor-element elementor-element-3359dd1 elementor-section-stretched elementor-section-boxed elementor-section-height-default elementor-section-height-default\" data-id=\"3359dd1\" data-element_type=\"section\" data-settings=\"{&quot;stretch_section&quot;:&quot;section-stretched&quot;,&quot;background_background&quot;:&quot;classic&quot;}\">\n\t\t\t\t\t\t<div class=\"elementor-container elementor-column-gap-default\">\n\t\t\t\t\t<div class=\"elementor-column elementor-col-100 elementor-top-column elementor-element elementor-element-f3edb6c\" data-id=\"f3edb6c\" data-element_type=\"column\">\n\t\t\t<div class=\"elementor-widget-wrap elementor-element-populated\">\n\t\t\t\t\t\t\t<\/div>\n\t\t<\/div>\n\t\t\t\t\t<\/div>\n\t\t<\/section>\n\t\t\t\t<section class=\"elementor-section elementor-top-section elementor-element elementor-element-fdeabc7 elementor-section-stretched elementor-section-boxed elementor-section-height-default elementor-section-height-default\" data-id=\"fdeabc7\" data-element_type=\"section\" data-settings=\"{&quot;stretch_section&quot;:&quot;section-stretched&quot;,&quot;background_background&quot;:&quot;classic&quot;}\">\n\t\t\t\t\t\t<div class=\"elementor-container elementor-column-gap-default\">\n\t\t\t\t\t<div class=\"elementor-column elementor-col-100 elementor-top-column elementor-element elementor-element-590d1a1\" data-id=\"590d1a1\" data-element_type=\"column\">\n\t\t\t<div class=\"elementor-widget-wrap elementor-element-populated\">\n\t\t\t\t\t\t<div class=\"elementor-element elementor-element-0466014 elementor-widget elementor-widget-heading\" data-id=\"0466014\" data-element_type=\"widget\" data-widget_type=\"heading.default\">\n\t\t\t\t<div class=\"elementor-widget-container\">\n\t\t\t\t\t<h2 class=\"elementor-heading-title elementor-size-default\">LOURDES UNITED<\/h2>\t\t\t\t<\/div>\n\t\t\t\t<\/div>\n\t\t\t\t\t<\/div>\n\t\t<\/div>\n\t\t\t\t\t<\/div>\n\t\t<\/section>\n\t\t\t\t<section class=\"elementor-section elementor-top-section elementor-element elementor-element-3ddd495 elementor-section-stretched elementor-section-boxed elementor-section-height-default elementor-section-height-default\" data-id=\"3ddd495\" data-element_type=\"section\" data-settings=\"{&quot;background_background&quot;:&quot;classic&quot;,&quot;stretch_section&quot;:&quot;section-stretched&quot;}\">\n\t\t\t\t\t\t<div class=\"elementor-container elementor-column-gap-default\">\n\t\t\t\t\t<div class=\"elementor-column elementor-col-33 elementor-top-column elementor-element elementor-element-1741a96\" data-id=\"1741a96\" data-element_type=\"column\">\n\t\t\t<div class=\"elementor-widget-wrap elementor-element-populated\">\n\t\t\t\t\t\t<div class=\"elementor-element elementor-element-47e454d elementor-widget elementor-widget-text-editor\" data-id=\"47e454d\" data-element_type=\"widget\" data-widget_type=\"text-editor.default\">\n\t\t\t\t<div class=\"elementor-widget-container\">\n\t\t\t\t\t\t\t\t\t<p style=\"text-align: center;\"><img fetchpriority=\"high\" decoding=\"async\" class=\"size-full wp-image-478710 aligncenter\" src=\"https:\/\/www.lourdes-france.org\/wp-content\/uploads\/2021\/02\/Videos_Lourdes-United.jpg\" alt=\"\" width=\"300\" height=\"168\" \/><a href=\"https:\/\/www.youtube.com\/watch?v=cwC4TSMBYww&amp;list=PL2fBaIU3WZ21qJ7rzaC92BM9zFOREgadl&amp;index=3\" target=\"_blank\" rel=\"noopener\"><img decoding=\"async\" class=\" wp-image-478488 alignnone\" src=\"https:\/\/www.lourdes-france.org\/wp-content\/uploads\/2021\/02\/picto_play.png\" alt=\"\" width=\"13\" height=\"13\" \/> Tous unis pour faire vivre Lourdes\u00a0!<\/a><\/p>\t\t\t\t\t\t\t\t<\/div>\n\t\t\t\t<\/div>\n\t\t\t\t\t<\/div>\n\t\t<\/div>\n\t\t\t\t<div class=\"elementor-column elementor-col-33 elementor-top-column elementor-element elementor-element-eff5fd7\" data-id=\"eff5fd7\" data-element_type=\"column\">\n\t\t\t<div class=\"elementor-widget-wrap elementor-element-populated\">\n\t\t\t\t\t\t<div class=\"elementor-element elementor-element-ccadeec elementor-widget elementor-widget-text-editor\" data-id=\"ccadeec\" data-element_type=\"widget\" data-widget_type=\"text-editor.default\">\n\t\t\t\t<div class=\"elementor-widget-container\">\n\t\t\t\t\t\t\t\t\t<p style=\"text-align: center;\"><img decoding=\"async\" class=\"size-full wp-image-478721 aligncenter\" src=\"https:\/\/www.lourdes-france.org\/wp-content\/uploads\/2021\/02\/Videos_Lourdes-United-2.jpg\" alt=\"\" width=\"300\" height=\"168\" \/><span style=\"color: #ffffff;\"><a href=\"https:\/\/www.youtube.com\/watch?v=ykLKXomhDWo&amp;list=PL2fBaIU3WZ22pvP0Sq1epn-Z5GnlKM4l8&amp;index=3\" target=\"_blank\" rel=\"noopener\"><img decoding=\"async\" class=\" wp-image-478488 alignnone\" src=\"https:\/\/www.lourdes-france.org\/wp-content\/uploads\/2021\/02\/picto_play.png\" alt=\"\" width=\"13\" height=\"13\" \/> &#8220;Lourdes United&#8221; &#8211; \u00c9mission sp\u00e9ciale<br \/>Premier e-p\u00e8lerinage mondial ! 16 juillet 2020.<\/a><\/span><\/p>\t\t\t\t\t\t\t\t<\/div>\n\t\t\t\t<\/div>\n\t\t\t\t\t<\/div>\n\t\t<\/div>\n\t\t\t\t<div class=\"elementor-column elementor-col-33 elementor-top-column elementor-element elementor-element-2f5c0e1\" data-id=\"2f5c0e1\" data-element_type=\"column\">\n\t\t\t<div class=\"elementor-widget-wrap elementor-element-populated\">\n\t\t\t\t\t\t<div class=\"elementor-element elementor-element-69db071 elementor-widget elementor-widget-text-editor\" data-id=\"69db071\" data-element_type=\"widget\" data-widget_type=\"text-editor.default\">\n\t\t\t\t<div class=\"elementor-widget-container\">\n\t\t\t\t\t\t\t\t\t<p style=\"text-align: center;\"><img loading=\"lazy\" decoding=\"async\" class=\"size-full wp-image-478738 alignnone\" src=\"https:\/\/www.lourdes-france.org\/wp-content\/uploads\/2021\/02\/Videos_Lourdes-United-3.jpg\" alt=\"\" width=\"300\" height=\"169\" \/><br \/><span style=\"color: #ffffff;\"><a href=\"https:\/\/www.youtube.com\/watch?v=EzvHDkf0lb8\" target=\"_blank\" rel=\"noopener\"><img decoding=\"async\" class=\" wp-image-478488 alignnone\" src=\"https:\/\/www.lourdes-france.org\/wp-content\/uploads\/2021\/02\/picto_play.png\" alt=\"\" width=\"13\" height=\"13\" \/> Best-Of Lourdes United<\/a><\/span><\/p>\t\t\t\t\t\t\t\t<\/div>\n\t\t\t\t<\/div>\n\t\t\t\t\t<\/div>\n\t\t<\/div>\n\t\t\t\t\t<\/div>\n\t\t<\/section>\n\t\t\t\t<\/div>\n\t\t","protected":false},"excerpt":{"rendered":"<p>LOURDES UNITED Tous unis pour faire vivre Lourdes\u00a0! &#8220;Lourdes United&#8221; &#8211; \u00c9mission sp\u00e9ciale Premier e-p\u00e8lerinage mondial ! 16 juillet 2020. Best-Of Lourdes United<\/p>\n","protected":false},"author":7,"featured_media":0,"parent":492727,"menu_order":0,"comment_status":"closed","ping_status":"closed","template":"modele-jdl.php","meta":{"_acf_changed":false,"footnotes":""},"class_list":["post-492774","page","type-page","status-publish","hentry"],"acf":[],"yoast_head":"<!-- This site is optimized with the Yoast SEO plugin v24.7 - https:\/\/yoast.com\/wordpress\/plugins\/seo\/ -->\n<title>Vid\u00e9os Lourdes United<\/title>\n<meta name=\"robots\" content=\"index, follow, max-snippet:-1, max-image-preview:large, max-video-preview:-1\" \/>\n<link rel=\"canonical\" href=\"https:\/\/www.lourdes-france.org\/it\/mediatheque\/videos-lourdes-united\/\" \/>\n<script type=\"application\/ld+json\" class=\"yoast-schema-graph\">{\"@context\":\"https:\/\/schema.org\",\"@graph\":[{\"@type\":\"WebPage\",\"@id\":\"https:\/\/www.lourdes-france.org\/it\/mediatheque\/videos-lourdes-united\/\",\"url\":\"https:\/\/www.lourdes-france.org\/it\/mediatheque\/videos-lourdes-united\/\",\"name\":\"Vid\u00e9os Lourdes United\",\"isPartOf\":{\"@id\":\"https:\/\/preprod-lourdes.cawita.com\/#website\"},\"primaryImageOfPage\":{\"@id\":\"https:\/\/www.lourdes-france.org\/it\/mediatheque\/videos-lourdes-united\/#primaryimage\"},\"image\":{\"@id\":\"https:\/\/www.lourdes-france.org\/it\/mediatheque\/videos-lourdes-united\/#primaryimage\"},\"thumbnailUrl\":\"https:\/\/www.lourdes-france.org\/wp-content\/uploads\/2021\/02\/Videos_Lourdes-United.jpg\",\"datePublished\":\"2021-02-02T15:50:28+00:00\",\"dateModified\":\"2021-03-02T15:13:05+00:00\",\"breadcrumb\":{\"@id\":\"https:\/\/www.lourdes-france.org\/it\/mediatheque\/videos-lourdes-united\/#breadcrumb\"},\"inLanguage\":\"it-IT\",\"potentialAction\":[{\"@type\":\"ReadAction\",\"target\":[\"https:\/\/www.lourdes-france.org\/it\/mediatheque\/videos-lourdes-united\/\"]}]},{\"@type\":\"ImageObject\",\"inLanguage\":\"it-IT\",\"@id\":\"https:\/\/www.lourdes-france.org\/it\/mediatheque\/videos-lourdes-united\/#primaryimage\",\"url\":\"https:\/\/www.lourdes-france.org\/wp-content\/uploads\/2021\/02\/Videos_Lourdes-United.jpg\",\"contentUrl\":\"https:\/\/www.lourdes-france.org\/wp-content\/uploads\/2021\/02\/Videos_Lourdes-United.jpg\"},{\"@type\":\"BreadcrumbList\",\"@id\":\"https:\/\/www.lourdes-france.org\/it\/mediatheque\/videos-lourdes-united\/#breadcrumb\",\"itemListElement\":[{\"@type\":\"ListItem\",\"position\":1,\"name\":\"Accueil\",\"item\":\"https:\/\/www.lourdes-france.org\/\"},{\"@type\":\"ListItem\",\"position\":2,\"name\":\"M\u00e9diath\u00e8que\",\"item\":\"https:\/\/www.lourdes-france.org\/it\/mediatheque\/\"},{\"@type\":\"ListItem\",\"position\":3,\"name\":\"Vid\u00e9os Lourdes United\"}]},{\"@type\":\"WebSite\",\"@id\":\"https:\/\/preprod-lourdes.cawita.com\/#website\",\"url\":\"https:\/\/preprod-lourdes.cawita.com\/\",\"name\":\"Soutenir le Sanctuaire Notre-Dame de Lourdes\",\"description\":\"\",\"potentialAction\":[{\"@type\":\"SearchAction\",\"target\":{\"@type\":\"EntryPoint\",\"urlTemplate\":\"https:\/\/preprod-lourdes.cawita.com\/?s={search_term_string}\"},\"query-input\":{\"@type\":\"PropertyValueSpecification\",\"valueRequired\":true,\"valueName\":\"search_term_string\"}}],\"inLanguage\":\"it-IT\"}]}<\/script>\n<!-- \/ Yoast SEO plugin. -->","yoast_head_json":{"title":"Vid\u00e9os Lourdes United","robots":{"index":"index","follow":"follow","max-snippet":"max-snippet:-1","max-image-preview":"max-image-preview:large","max-video-preview":"max-video-preview:-1"},"canonical":"https:\/\/www.lourdes-france.org\/it\/mediatheque\/videos-lourdes-united\/","schema":{"@context":"https:\/\/schema.org","@graph":[{"@type":"WebPage","@id":"https:\/\/www.lourdes-france.org\/it\/mediatheque\/videos-lourdes-united\/","url":"https:\/\/www.lourdes-france.org\/it\/mediatheque\/videos-lourdes-united\/","name":"Vid\u00e9os Lourdes United","isPartOf":{"@id":"https:\/\/preprod-lourdes.cawita.com\/#website"},"primaryImageOfPage":{"@id":"https:\/\/www.lourdes-france.org\/it\/mediatheque\/videos-lourdes-united\/#primaryimage"},"image":{"@id":"https:\/\/www.lourdes-france.org\/it\/mediatheque\/videos-lourdes-united\/#primaryimage"},"thumbnailUrl":"https:\/\/www.lourdes-france.org\/wp-content\/uploads\/2021\/02\/Videos_Lourdes-United.jpg","datePublished":"2021-02-02T15:50:28+00:00","dateModified":"2021-03-02T15:13:05+00:00","breadcrumb":{"@id":"https:\/\/www.lourdes-france.org\/it\/mediatheque\/videos-lourdes-united\/#breadcrumb"},"inLanguage":"it-IT","potentialAction":[{"@type":"ReadAction","target":["https:\/\/www.lourdes-france.org\/it\/mediatheque\/videos-lourdes-united\/"]}]},{"@type":"ImageObject","inLanguage":"it-IT","@id":"https:\/\/www.lourdes-france.org\/it\/mediatheque\/videos-lourdes-united\/#primaryimage","url":"https:\/\/www.lourdes-france.org\/wp-content\/uploads\/2021\/02\/Videos_Lourdes-United.jpg","contentUrl":"https:\/\/www.lourdes-france.org\/wp-content\/uploads\/2021\/02\/Videos_Lourdes-United.jpg"},{"@type":"BreadcrumbList","@id":"https:\/\/www.lourdes-france.org\/it\/mediatheque\/videos-lourdes-united\/#breadcrumb","itemListElement":[{"@type":"ListItem","position":1,"name":"Accueil","item":"https:\/\/www.lourdes-france.org\/"},{"@type":"ListItem","position":2,"name":"M\u00e9diath\u00e8que","item":"https:\/\/www.lourdes-france.org\/it\/mediatheque\/"},{"@type":"ListItem","position":3,"name":"Vid\u00e9os Lourdes United"}]},{"@type":"WebSite","@id":"https:\/\/preprod-lourdes.cawita.com\/#website","url":"https:\/\/preprod-lourdes.cawita.com\/","name":"Soutenir le Sanctuaire Notre-Dame de Lourdes","description":"","potentialAction":[{"@type":"SearchAction","target":{"@type":"EntryPoint","urlTemplate":"https:\/\/preprod-lourdes.cawita.com\/?s={search_term_string}"},"query-input":{"@type":"PropertyValueSpecification","valueRequired":true,"valueName":"search_term_string"}}],"inLanguage":"it-IT"}]}},"_links":{"self":[{"href":"https:\/\/www.lourdes-france.org\/it\/wp-json\/wp\/v2\/pages\/492774","targetHints":{"allow":["GET"]}}],"collection":[{"href":"https:\/\/www.lourdes-france.org\/it\/wp-json\/wp\/v2\/pages"}],"about":[{"href":"https:\/\/www.lourdes-france.org\/it\/wp-json\/wp\/v2\/types\/page"}],"author":[{"embeddable":true,"href":"https:\/\/www.lourdes-france.org\/it\/wp-json\/wp\/v2\/users\/7"}],"replies":[{"embeddable":true,"href":"https:\/\/www.lourdes-france.org\/it\/wp-json\/wp\/v2\/comments?post=492774"}],"version-history":[{"count":4,"href":"https:\/\/www.lourdes-france.org\/it\/wp-json\/wp\/v2\/pages\/492774\/revisions"}],"predecessor-version":[{"id":515415,"href":"https:\/\/www.lourdes-france.org\/it\/wp-json\/wp\/v2\/pages\/492774\/revisions\/515415"}],"up":[{"embeddable":true,"href":"https:\/\/www.lourdes-france.org\/it\/wp-json\/wp\/v2\/pages\/492727"}],"wp:attachment":[{"href":"https:\/\/www.lourdes-france.org\/it\/wp-json\/wp\/v2\/media?parent=492774"}],"curies":[{"name":"wp","href":"https:\/\/api.w.org\/{rel}","templated":true}]}}