{"id":8463,"date":"2018-07-30T16:46:06","date_gmt":"2018-07-30T14:46:06","guid":{"rendered":"https:\/\/www.lourdes-france.org\/mentions-legales\/"},"modified":"2024-02-07T16:10:02","modified_gmt":"2024-02-07T15:10:02","slug":"mentions-legales","status":"publish","type":"page","link":"https:\/\/www.lourdes-france.org\/it\/mentions-legales\/","title":{"rendered":"Menzioni legal \/ Diritti di autore"},"content":{"rendered":"\t\t<div data-elementor-type=\"wp-post\" data-elementor-id=\"8463\" class=\"elementor elementor-8463 elementor-2614\" data-elementor-post-type=\"page\">\n\t\t\t\t\t\t<section class=\"elementor-section elementor-top-section elementor-element elementor-element-4b71f4c elementor-section-full_width elementor-section-height-min-height elementor-section-stretched elementor-section-height-default elementor-section-items-middle\" data-id=\"4b71f4c\" data-element_type=\"section\" data-settings=\"{&quot;stretch_section&quot;:&quot;section-stretched&quot;,&quot;background_background&quot;:&quot;classic&quot;}\">\n\t\t\t\t\t\t<div class=\"elementor-container elementor-column-gap-default\">\n\t\t\t\t\t<div class=\"elementor-column elementor-col-100 elementor-top-column elementor-element elementor-element-b3abba4\" data-id=\"b3abba4\" data-element_type=\"column\">\n\t\t\t<div class=\"elementor-widget-wrap\">\n\t\t\t\t\t\t\t<\/div>\n\t\t<\/div>\n\t\t\t\t\t<\/div>\n\t\t<\/section>\n\t\t\t\t<section class=\"elementor-section elementor-top-section elementor-element elementor-element-79e9e33 elementor-section-boxed elementor-section-height-default elementor-section-height-default\" data-id=\"79e9e33\" data-element_type=\"section\">\n\t\t\t\t\t\t<div class=\"elementor-container elementor-column-gap-default\">\n\t\t\t\t\t<div class=\"elementor-column elementor-col-100 elementor-top-column elementor-element elementor-element-5e13d57\" data-id=\"5e13d57\" data-element_type=\"column\">\n\t\t\t<div class=\"elementor-widget-wrap elementor-element-populated\">\n\t\t\t\t\t\t<div class=\"elementor-element elementor-element-0d22485 elementor-widget elementor-widget-heading\" data-id=\"0d22485\" data-element_type=\"widget\" data-widget_type=\"heading.default\">\n\t\t\t\t<div class=\"elementor-widget-container\">\n\t\t\t\t\t<h1 class=\"elementor-heading-title elementor-size-default\">Menzioni legal \/ Diritti di autore<\/h1>\t\t\t\t<\/div>\n\t\t\t\t<\/div>\n\t\t\t\t\t<\/div>\n\t\t<\/div>\n\t\t\t\t\t<\/div>\n\t\t<\/section>\n\t\t\t\t<section class=\"elementor-section elementor-top-section elementor-element elementor-element-dfb2431 elementor-section-boxed elementor-section-height-default elementor-section-height-default\" data-id=\"dfb2431\" data-element_type=\"section\">\n\t\t\t\t\t\t<div class=\"elementor-container elementor-column-gap-no\">\n\t\t\t\t\t<div class=\"elementor-column elementor-col-100 elementor-top-column elementor-element elementor-element-5048eb10\" data-id=\"5048eb10\" data-element_type=\"column\">\n\t\t\t<div class=\"elementor-widget-wrap elementor-element-populated\">\n\t\t\t\t\t\t<div class=\"elementor-element elementor-element-5067516 elementor-widget elementor-widget-spacer\" data-id=\"5067516\" data-element_type=\"widget\" data-widget_type=\"spacer.default\">\n\t\t\t\t<div class=\"elementor-widget-container\">\n\t\t\t\t\t\t\t<div class=\"elementor-spacer\">\n\t\t\t<div class=\"elementor-spacer-inner\"><\/div>\n\t\t<\/div>\n\t\t\t\t\t\t<\/div>\n\t\t\t\t<\/div>\n\t\t\t\t<div class=\"elementor-element elementor-element-42c4b91f elementor-widget elementor-widget-text-editor\" data-id=\"42c4b91f\" data-element_type=\"widget\" data-widget_type=\"text-editor.default\">\n\t\t\t\t<div class=\"elementor-widget-container\">\n\t\t\t\t\t\t\t\t\t<h2>Editore del sito<\/h2>\t\t\t\t\t\t\t\t<\/div>\n\t\t\t\t<\/div>\n\t\t\t\t<div class=\"elementor-element elementor-element-3170b365 elementor-widget elementor-widget-text-editor\" data-id=\"3170b365\" data-element_type=\"widget\" data-widget_type=\"text-editor.default\">\n\t\t\t\t<div class=\"elementor-widget-container\">\n\t\t\t\t\t\t\t\t\t<p>Il sito <a href=\"https:\/\/www.lourdes-france.org\/\">www.lourdes-france.org<\/a> \u00e8 edito dall&#8217;EURL Basilica del Rosario con capitale di 1.134.990 euro per conto e propriet\u00e0 dell&#8217;Associazione Diocesana di Tarbes e Lourdes.<br \/>Indirizzo : 1 av. Monseigneur Th\u00e9as<br \/>65108 LOURDES Cedex<br \/>Registrato presso : R.C. S di TARBES<br \/>Num\u00e9ro : 430 034 801<br \/>Rappresentante e Gerente : Guillaume DE VULPIAN<br \/>Direttore della pubblicazione : David TORCHALA<br \/>Telefono : 33 (0)5 62 42 78 78<\/p>\t\t\t\t\t\t\t\t<\/div>\n\t\t\t\t<\/div>\n\t\t\t\t<div class=\"elementor-element elementor-element-cba36bf elementor-widget elementor-widget-accordion\" data-id=\"cba36bf\" data-element_type=\"widget\" data-widget_type=\"accordion.default\">\n\t\t\t\t<div class=\"elementor-widget-container\">\n\t\t\t\t\t\t\t<div class=\"elementor-accordion\">\n\t\t\t\t\t\t\t<div class=\"elementor-accordion-item\">\n\t\t\t\t\t<h2 id=\"elementor-tab-title-2131\" class=\"elementor-tab-title\" data-tab=\"1\" role=\"button\" aria-controls=\"elementor-tab-content-2131\" aria-expanded=\"false\">\n\t\t\t\t\t\t\t\t\t\t\t\t\t<span class=\"elementor-accordion-icon elementor-accordion-icon-left\" aria-hidden=\"true\">\n\t\t\t\t\t\t\t\t\t\t\t\t\t\t\t<span class=\"elementor-accordion-icon-closed\"><i class=\"fas fa-plus-circle\"><\/i><\/span>\n\t\t\t\t\t\t\t\t<span class=\"elementor-accordion-icon-opened\"><i class=\"fas fa-minus-circle\"><\/i><\/span>\n\t\t\t\t\t\t\t\t\t\t\t\t\t\t<\/span>\n\t\t\t\t\t\t\t\t\t\t\t\t<a class=\"elementor-accordion-title\" tabindex=\"0\">Deposito del sito<\/a>\n\t\t\t\t\t<\/h2>\n\t\t\t\t\t<div id=\"elementor-tab-content-2131\" class=\"elementor-tab-content elementor-clearfix\" data-tab=\"1\" role=\"region\" aria-labelledby=\"elementor-tab-title-2131\"><p>Il presente sito \u00e9 depositato presso la societ\u00e0 OVH<br \/>SAS con capitale di 500 k\u20ac RCS Roubaix<br \/>Tourcoing 424 761 419 00011<br \/>Codice APE 721Z<br \/>N\u00b0 TVA : FR 22-424-761-419-00011<br \/>Sede sociale : 140 Quai du Sartel \u2013 59100 Roubaix \u2013 France.<\/p><\/div>\n\t\t\t\t<\/div>\n\t\t\t\t\t\t\t\t<\/div>\n\t\t\t\t\t\t<\/div>\n\t\t\t\t<\/div>\n\t\t\t\t<div class=\"elementor-element elementor-element-18cc4c1 elementor-widget elementor-widget-accordion\" data-id=\"18cc4c1\" data-element_type=\"widget\" data-widget_type=\"accordion.default\">\n\t\t\t\t<div class=\"elementor-widget-container\">\n\t\t\t\t\t\t\t<div class=\"elementor-accordion\">\n\t\t\t\t\t\t\t<div class=\"elementor-accordion-item\">\n\t\t\t\t\t<h2 id=\"elementor-tab-title-2601\" class=\"elementor-tab-title\" data-tab=\"1\" role=\"button\" aria-controls=\"elementor-tab-content-2601\" aria-expanded=\"false\">\n\t\t\t\t\t\t\t\t\t\t\t\t\t<span class=\"elementor-accordion-icon elementor-accordion-icon-left\" aria-hidden=\"true\">\n\t\t\t\t\t\t\t\t\t\t\t\t\t\t\t<span class=\"elementor-accordion-icon-closed\"><i class=\"fas fa-plus-circle\"><\/i><\/span>\n\t\t\t\t\t\t\t\t<span class=\"elementor-accordion-icon-opened\"><i class=\"fas fa-minus-circle\"><\/i><\/span>\n\t\t\t\t\t\t\t\t\t\t\t\t\t\t<\/span>\n\t\t\t\t\t\t\t\t\t\t\t\t<a class=\"elementor-accordion-title\" tabindex=\"0\">Diritti d\u2019autore<\/a>\n\t\t\t\t\t<\/h2>\n\t\t\t\t\t<div id=\"elementor-tab-content-2601\" class=\"elementor-tab-content elementor-clearfix\" data-tab=\"1\" role=\"region\" aria-labelledby=\"elementor-tab-title-2601\"><ul><li><p>Senza l\u2019autorizzazione dell\u2019editore, \u00e9 proibita la riproduzione, o rappresentazione, integrale o parziale, delle pagine, dei dati o di ogni altro elemento costitutivo del sito, per qualsiasi iniziativa o intenzione di sorta, altrimenti la si considera una contraffazione.<\/p><\/li><li><p>A questo titolo, i diritti di uso, anche parziali, di quest\u2019opera sono detenuti dal Santuario Nostra Signora di Lourdes.<\/p><\/li><li><p>Questi diritti di uso sono costituiti in particolare dai diritti di riproduzione, di rappresentazione e di utilizzo di tutto ci\u00f2 che costituisce questo sito Internet: testi, clich\u00e9s fotografici, disegni, logo, suoni, sequenze video ecc\u2026<\/p><\/li><li><p>Ogni riproduzione anche parziale, di ogni forma attuale (incisioni, fotografie, grafica su carta o elettronica, micro riproduzione, album, cartoline, modellini, posters, ed altri metodi in particolare audiovisivi ecc\u2026) o futura, \u00e8 strettamente vietato senza un accordo preliminare ed espresso con il Santuario Nostra Signora di Lourdes.<\/p><\/li><li><p>Qualsiasi comunicazione di tutta o parte di un lavoro al pubblico con qualsiasi metodo e mezzo conosciuto e sconosciuto finora, in particolare mediante presentazione e proiezioni pubbliche, diffusione con ogni metodo, in particolare digitale, e trasmissione in un luogo pubblico o privato, \u00e8 vietata senza un accordo preliminare ed espresso con il Santuario Nostra Signora di Lourdes.<\/p><\/li><li><p>Qualsiasi adattamento indipendentemente dalla sua natura di tutto o parte di un lavoro per dare una particolare forma o inquadratura a qualsiasi oggetto o servizio, \u00e8 vietato senza un accordo preliminare ed espresso con il Santuario Nostra Signora di Lourdes.<\/p><\/li><li><p>Il Santuario Nostra Signora di Lourdes non si fa responsabile dei legami iper-testi stabiliti senza il loro accordo con il sito Internet di Lourdes.<\/p><\/li><li>Il Santuario Nostra Signora di Lourdes non si fa responsabile dei legami iper-testi stabiliti senza il loro accordo con il sito Internet di Lourdes.<br \/><br \/><\/li><li>Le fotografie sono state realizzate da: Vincent, Lacaze, Durand, Viron, Laera, Dufour.<\/li><\/ul><\/div>\n\t\t\t\t<\/div>\n\t\t\t\t\t\t\t\t<\/div>\n\t\t\t\t\t\t<\/div>\n\t\t\t\t<\/div>\n\t\t\t\t<div class=\"elementor-element elementor-element-e7743b0 elementor-widget elementor-widget-text-editor\" data-id=\"e7743b0\" data-element_type=\"widget\" data-widget_type=\"text-editor.default\">\n\t\t\t\t<div class=\"elementor-widget-container\">\n\t\t\t\t\t\t\t\t\t<h2>Avviso<\/h2>\t\t\t\t\t\t\t\t<\/div>\n\t\t\t\t<\/div>\n\t\t\t\t<div class=\"elementor-element elementor-element-616764cd elementor-widget elementor-widget-text-editor\" data-id=\"616764cd\" data-element_type=\"widget\" data-widget_type=\"text-editor.default\">\n\t\t\t\t<div class=\"elementor-widget-container\">\n\t\t\t\t\t\t\t\t\t<ul><li><p>Ogni informazione che appare in questo sito \u00e8 puramente indicativa e non pu\u00f2 impegnare la responsabilit\u00e0 dell\u2019editore.<\/p><\/li><li><p>Queste informazioni, che non hanno pretesa di essere esaustive; hanno solo valore indicativo, qualunque sia la loro natura.<\/p><\/li><li><p>Queste informazioni sono suscettibili di modifiche in qualsiasi momento e senza preavviso.<\/p><\/li><\/ul>\t\t\t\t\t\t\t\t<\/div>\n\t\t\t\t<\/div>\n\t\t\t\t<div class=\"elementor-element elementor-element-39d8be7 elementor-widget elementor-widget-text-editor\" data-id=\"39d8be7\" data-element_type=\"widget\" data-widget_type=\"text-editor.default\">\n\t\t\t\t<div class=\"elementor-widget-container\">\n\t\t\t\t\t\t\t\t\t<h2>\u00a0Legami iper-testo<\/h2>\t\t\t\t\t\t\t\t<\/div>\n\t\t\t\t<\/div>\n\t\t\t\t<div class=\"elementor-element elementor-element-103089eb elementor-widget elementor-widget-text-editor\" data-id=\"103089eb\" data-element_type=\"widget\" data-widget_type=\"text-editor.default\">\n\t\t\t\t<div class=\"elementor-widget-container\">\n\t\t\t\t\t\t\t\t\t<ul><li><p>La creazione di legami iper-testo verso il nostro sito <a href=\"https:\/\/www.lourdes-france.org\/\">www.lourdes-france.org<\/a> \u00e9 sottoposta a un accordo preliminare del direttore della pubblicazione.<\/p><\/li><li><p>I legami creati in direzione verso altri siti partendo dalla base del sito <a href=\"https:\/\/www.lourdes-france.org\/\">www.lourdes-france.org<\/a> non ricadono sotto la responsabilit\u00e0 del Santuario.<\/p><\/li><\/ul>\t\t\t\t\t\t\t\t<\/div>\n\t\t\t\t<\/div>\n\t\t\t\t<div class=\"elementor-element elementor-element-41219f4 elementor-widget elementor-widget-text-editor\" data-id=\"41219f4\" data-element_type=\"widget\" data-widget_type=\"text-editor.default\">\n\t\t\t\t<div class=\"elementor-widget-container\">\n\t\t\t\t\t\t\t\t\t<h2>Legge applicabile<\/h2>\t\t\t\t\t\t\t\t<\/div>\n\t\t\t\t<\/div>\n\t\t\t\t<div class=\"elementor-element elementor-element-47675ba elementor-widget elementor-widget-text-editor\" data-id=\"47675ba\" data-element_type=\"widget\" data-widget_type=\"text-editor.default\">\n\t\t\t\t<div class=\"elementor-widget-container\">\n\t\t\t\t\t\t\t\t\t<p>In caso di inosservanza di queste disposizioni, le giurisdizioni francesi saranno le sole competenti e la legge francese sar\u00e0 espressamente la sola applicabile.<\/p>\t\t\t\t\t\t\t\t<\/div>\n\t\t\t\t<\/div>\n\t\t\t\t\t<\/div>\n\t\t<\/div>\n\t\t\t\t\t<\/div>\n\t\t<\/section>\n\t\t\t\t<\/div>\n\t\t","protected":false},"excerpt":{"rendered":"<p>Menzioni legal \/ Diritti di autore Editore del sito Il sito www.lourdes-france.org \u00e8 edito dall&#8217;EURL Basilica del Rosario con capitale di 1.134.990 euro per conto e propriet\u00e0 dell&#8217;Associazione Diocesana di Tarbes e Lourdes.Indirizzo : 1 av. Monseigneur Th\u00e9as65108 LOURDES CedexRegistrato &hellip; <a href=\"https:\/\/www.lourdes-france.org\/it\/mentions-legales\/\">Continua<\/a><\/p>\n","protected":false},"author":7,"featured_media":0,"parent":0,"menu_order":0,"comment_status":"closed","ping_status":"closed","template":"","meta":{"_acf_changed":false,"footnotes":""},"class_list":["post-8463","page","type-page","status-publish","hentry"],"acf":[],"yoast_head":"<!-- This site is optimized with the Yoast SEO plugin v24.7 - https:\/\/yoast.com\/wordpress\/plugins\/seo\/ -->\n<title>Menzioni legal \/ Diritti di autore<\/title>\n<meta name=\"robots\" content=\"index, follow, max-snippet:-1, max-image-preview:large, max-video-preview:-1\" \/>\n<link rel=\"canonical\" href=\"https:\/\/www.lourdes-france.org\/it\/mentions-legales\/\" \/>\n<meta name=\"twitter:label1\" content=\"Tempo di lettura stimato\" \/>\n\t<meta name=\"twitter:data1\" content=\"3 minuti\" \/>\n<script type=\"application\/ld+json\" class=\"yoast-schema-graph\">{\"@context\":\"https:\/\/schema.org\",\"@graph\":[{\"@type\":\"WebPage\",\"@id\":\"https:\/\/www.lourdes-france.org\/it\/mentions-legales\/\",\"url\":\"https:\/\/www.lourdes-france.org\/it\/mentions-legales\/\",\"name\":\"Menzioni legal \/ Diritti di autore\",\"isPartOf\":{\"@id\":\"https:\/\/preprod-lourdes.cawita.com\/#website\"},\"datePublished\":\"2018-07-30T14:46:06+00:00\",\"dateModified\":\"2024-02-07T15:10:02+00:00\",\"breadcrumb\":{\"@id\":\"https:\/\/www.lourdes-france.org\/it\/mentions-legales\/#breadcrumb\"},\"inLanguage\":\"it-IT\",\"potentialAction\":[{\"@type\":\"ReadAction\",\"target\":[\"https:\/\/www.lourdes-france.org\/it\/mentions-legales\/\"]}]},{\"@type\":\"BreadcrumbList\",\"@id\":\"https:\/\/www.lourdes-france.org\/it\/mentions-legales\/#breadcrumb\",\"itemListElement\":[{\"@type\":\"ListItem\",\"position\":1,\"name\":\"Accueil\",\"item\":\"https:\/\/www.lourdes-france.org\/\"},{\"@type\":\"ListItem\",\"position\":2,\"name\":\"Menzioni legal \/ Diritti di autore\"}]},{\"@type\":\"WebSite\",\"@id\":\"https:\/\/preprod-lourdes.cawita.com\/#website\",\"url\":\"https:\/\/preprod-lourdes.cawita.com\/\",\"name\":\"Soutenir le Sanctuaire Notre-Dame de Lourdes\",\"description\":\"\",\"potentialAction\":[{\"@type\":\"SearchAction\",\"target\":{\"@type\":\"EntryPoint\",\"urlTemplate\":\"https:\/\/preprod-lourdes.cawita.com\/?s={search_term_string}\"},\"query-input\":{\"@type\":\"PropertyValueSpecification\",\"valueRequired\":true,\"valueName\":\"search_term_string\"}}],\"inLanguage\":\"it-IT\"}]}<\/script>\n<!-- \/ Yoast SEO plugin. -->","yoast_head_json":{"title":"Menzioni legal \/ Diritti di autore","robots":{"index":"index","follow":"follow","max-snippet":"max-snippet:-1","max-image-preview":"max-image-preview:large","max-video-preview":"max-video-preview:-1"},"canonical":"https:\/\/www.lourdes-france.org\/it\/mentions-legales\/","twitter_misc":{"Tempo di lettura stimato":"3 minuti"},"schema":{"@context":"https:\/\/schema.org","@graph":[{"@type":"WebPage","@id":"https:\/\/www.lourdes-france.org\/it\/mentions-legales\/","url":"https:\/\/www.lourdes-france.org\/it\/mentions-legales\/","name":"Menzioni legal \/ Diritti di autore","isPartOf":{"@id":"https:\/\/preprod-lourdes.cawita.com\/#website"},"datePublished":"2018-07-30T14:46:06+00:00","dateModified":"2024-02-07T15:10:02+00:00","breadcrumb":{"@id":"https:\/\/www.lourdes-france.org\/it\/mentions-legales\/#breadcrumb"},"inLanguage":"it-IT","potentialAction":[{"@type":"ReadAction","target":["https:\/\/www.lourdes-france.org\/it\/mentions-legales\/"]}]},{"@type":"BreadcrumbList","@id":"https:\/\/www.lourdes-france.org\/it\/mentions-legales\/#breadcrumb","itemListElement":[{"@type":"ListItem","position":1,"name":"Accueil","item":"https:\/\/www.lourdes-france.org\/"},{"@type":"ListItem","position":2,"name":"Menzioni legal \/ Diritti di autore"}]},{"@type":"WebSite","@id":"https:\/\/preprod-lourdes.cawita.com\/#website","url":"https:\/\/preprod-lourdes.cawita.com\/","name":"Soutenir le Sanctuaire Notre-Dame de Lourdes","description":"","potentialAction":[{"@type":"SearchAction","target":{"@type":"EntryPoint","urlTemplate":"https:\/\/preprod-lourdes.cawita.com\/?s={search_term_string}"},"query-input":{"@type":"PropertyValueSpecification","valueRequired":true,"valueName":"search_term_string"}}],"inLanguage":"it-IT"}]}},"_links":{"self":[{"href":"https:\/\/www.lourdes-france.org\/it\/wp-json\/wp\/v2\/pages\/8463","targetHints":{"allow":["GET"]}}],"collection":[{"href":"https:\/\/www.lourdes-france.org\/it\/wp-json\/wp\/v2\/pages"}],"about":[{"href":"https:\/\/www.lourdes-france.org\/it\/wp-json\/wp\/v2\/types\/page"}],"author":[{"embeddable":true,"href":"https:\/\/www.lourdes-france.org\/it\/wp-json\/wp\/v2\/users\/7"}],"replies":[{"embeddable":true,"href":"https:\/\/www.lourdes-france.org\/it\/wp-json\/wp\/v2\/comments?post=8463"}],"version-history":[{"count":3,"href":"https:\/\/www.lourdes-france.org\/it\/wp-json\/wp\/v2\/pages\/8463\/revisions"}],"predecessor-version":[{"id":907099,"href":"https:\/\/www.lourdes-france.org\/it\/wp-json\/wp\/v2\/pages\/8463\/revisions\/907099"}],"wp:attachment":[{"href":"https:\/\/www.lourdes-france.org\/it\/wp-json\/wp\/v2\/media?parent=8463"}],"curies":[{"name":"wp","href":"https:\/\/api.w.org\/{rel}","templated":true}]}}