{"id":867204,"date":"2022-03-24T10:31:30","date_gmt":"2022-03-24T09:31:30","guid":{"rendered":"https:\/\/www.lourdes-france.org\/la-grotte-des-apparitions\/"},"modified":"2022-09-13T14:25:29","modified_gmt":"2022-09-13T12:25:29","slug":"la-grotta-delle-apparizioni-a-massabielle","status":"publish","type":"page","link":"https:\/\/www.lourdes-france.org\/it\/la-grotta-delle-apparizioni-a-massabielle\/","title":{"rendered":"La Grotta delle Apparizioni a Massabielle"},"content":{"rendered":"\t\t<div data-elementor-type=\"wp-page\" data-elementor-id=\"867204\" class=\"elementor elementor-867204 elementor-848430\" data-elementor-post-type=\"page\">\n\t\t\t\t\t\t<section class=\"elementor-section elementor-top-section elementor-element elementor-element-5e6549a2 elementor-section-full_width elementor-section-stretched elementor-section-height-default elementor-section-height-default\" data-id=\"5e6549a2\" data-element_type=\"section\" data-settings=\"{&quot;stretch_section&quot;:&quot;section-stretched&quot;}\">\n\t\t\t\t\t\t<div class=\"elementor-container elementor-column-gap-default\">\n\t\t\t\t\t<div class=\"elementor-column elementor-col-100 elementor-top-column elementor-element elementor-element-2e9a6ecb\" data-id=\"2e9a6ecb\" data-element_type=\"column\">\n\t\t\t<div class=\"elementor-widget-wrap elementor-element-populated\">\n\t\t\t\t\t\t<div class=\"elementor-element elementor-element-22ecc232 elementor-widget elementor-widget-image\" data-id=\"22ecc232\" data-element_type=\"widget\" data-widget_type=\"image.default\">\n\t\t\t\t<div class=\"elementor-widget-container\">\n\t\t\t\t\t\t\t\t\t\t\t\t\t\t\t<img fetchpriority=\"high\" decoding=\"async\" width=\"1200\" height=\"800\" src=\"https:\/\/www.lourdes-france.org\/wp-content\/uploads\/2022\/03\/Vignette_Grotte_1200x800px.jpg\" class=\"attachment-full size-full wp-image-848443\" alt=\"\" srcset=\"https:\/\/www.lourdes-france.org\/wp-content\/uploads\/2022\/03\/Vignette_Grotte_1200x800px.jpg 1200w, https:\/\/www.lourdes-france.org\/wp-content\/uploads\/2022\/03\/Vignette_Grotte_1200x800px-300x200.jpg 300w, https:\/\/www.lourdes-france.org\/wp-content\/uploads\/2022\/03\/Vignette_Grotte_1200x800px-1024x683.jpg 1024w, https:\/\/www.lourdes-france.org\/wp-content\/uploads\/2022\/03\/Vignette_Grotte_1200x800px-768x512.jpg 768w\" sizes=\"(max-width: 1200px) 100vw, 1200px\" \/>\t\t\t\t\t\t\t\t\t\t\t\t\t\t\t<\/div>\n\t\t\t\t<\/div>\n\t\t\t\t\t<\/div>\n\t\t<\/div>\n\t\t\t\t\t<\/div>\n\t\t<\/section>\n\t\t\t\t<section class=\"elementor-section elementor-top-section elementor-element elementor-element-596d0202 elementor-section-boxed elementor-section-height-default elementor-section-height-default\" data-id=\"596d0202\" data-element_type=\"section\">\n\t\t\t\t\t\t<div class=\"elementor-container elementor-column-gap-default\">\n\t\t\t\t\t<div class=\"elementor-column elementor-col-100 elementor-top-column elementor-element elementor-element-206a01db\" data-id=\"206a01db\" data-element_type=\"column\">\n\t\t\t<div class=\"elementor-widget-wrap elementor-element-populated\">\n\t\t\t\t\t\t<div class=\"elementor-element elementor-element-124efdf8 elementor-widget elementor-widget-heading\" data-id=\"124efdf8\" data-element_type=\"widget\" data-widget_type=\"heading.default\">\n\t\t\t\t<div class=\"elementor-widget-container\">\n\t\t\t\t\t<h1 class=\"elementor-heading-title elementor-size-default\">La Grotta delle Apparizioni a Massabielle<\/h1>\t\t\t\t<\/div>\n\t\t\t\t<\/div>\n\t\t\t\t\t<\/div>\n\t\t<\/div>\n\t\t\t\t\t<\/div>\n\t\t<\/section>\n\t\t\t\t<section class=\"elementor-section elementor-top-section elementor-element elementor-element-1d8b85c elementor-section-boxed elementor-section-height-default elementor-section-height-default\" data-id=\"1d8b85c\" data-element_type=\"section\" data-settings=\"{&quot;background_background&quot;:&quot;classic&quot;}\">\n\t\t\t\t\t\t<div class=\"elementor-container elementor-column-gap-default\">\n\t\t\t\t\t<div class=\"elementor-column elementor-col-100 elementor-top-column elementor-element elementor-element-a8a6888\" data-id=\"a8a6888\" data-element_type=\"column\">\n\t\t\t<div class=\"elementor-widget-wrap elementor-element-populated\">\n\t\t\t\t\t\t<div class=\"elementor-element elementor-element-85b7326 elementor-widget elementor-widget-text-editor\" data-id=\"85b7326\" data-element_type=\"widget\" data-widget_type=\"text-editor.default\">\n\t\t\t\t<div class=\"elementor-widget-container\">\n\t\t\t\t\t\t\t\t\t<p>La Grotta di Massabielle \u00e8 una tappa obbligata per ogni visitatore del Santuario di Lourdes, sia esso un semplice visitatore o un pellegrino credente. La visita alla grotta avviene in silenzio, la maggior parte delle persone tocca la parete della grotta con le dita, per rispetto o per esprimere un desiderio o una preghiera. Vi vengono organizzate anche processioni per i pellegrini disabili.<br \/><br \/>Questa Grotta, infatti, \u00e8 l&#8217;immagine del Dio invisibile che ci d\u00e0 forza. \u201cSignore, mia roccia, mia fortezza, mio liberatore, mio Dio, mia rupe in cui trovo riparo, mio scudo e baluardo, mia potente salvezza! (Sal 18,3).<br \/><br \/>La Vergine Maria si \u00e8 posata nell\u2019incavo della roccia sopra al roseto per dirci che ci sta conducendo al Signore, che \u00e8 la prima in cammino, e che dobbiamo seguire Cristo Signore.<\/p>\t\t\t\t\t\t\t\t<\/div>\n\t\t\t\t<\/div>\n\t\t\t\t\t<\/div>\n\t\t<\/div>\n\t\t\t\t\t<\/div>\n\t\t<\/section>\n\t\t\t\t<section class=\"elementor-section elementor-top-section elementor-element elementor-element-8a07cf3 elementor-section-boxed elementor-section-height-default elementor-section-height-default\" data-id=\"8a07cf3\" data-element_type=\"section\">\n\t\t\t\t\t\t<div class=\"elementor-container elementor-column-gap-default\">\n\t\t\t\t\t<div class=\"elementor-column elementor-col-100 elementor-top-column elementor-element elementor-element-460f2ed\" data-id=\"460f2ed\" data-element_type=\"column\">\n\t\t\t<div class=\"elementor-widget-wrap elementor-element-populated\">\n\t\t\t\t\t\t<div class=\"elementor-element elementor-element-ef5b4ce elementor-widget elementor-widget-video\" data-id=\"ef5b4ce\" data-element_type=\"widget\" data-settings=\"{&quot;youtube_url&quot;:&quot;https:\\\/\\\/youtu.be\\\/xTWx-b93JJk&quot;,&quot;video_type&quot;:&quot;youtube&quot;,&quot;controls&quot;:&quot;yes&quot;}\" data-widget_type=\"video.default\">\n\t\t\t\t<div class=\"elementor-widget-container\">\n\t\t\t\t\t\t\t<div class=\"elementor-wrapper elementor-open-inline\">\n\t\t\t<div class=\"elementor-video\"><\/div>\t\t<\/div>\n\t\t\t\t\t\t<\/div>\n\t\t\t\t<\/div>\n\t\t\t\t\t<\/div>\n\t\t<\/div>\n\t\t\t\t\t<\/div>\n\t\t<\/section>\n\t\t\t\t<section class=\"elementor-section elementor-top-section elementor-element elementor-element-8355dbb elementor-section-boxed elementor-section-height-default elementor-section-height-default\" data-id=\"8355dbb\" data-element_type=\"section\">\n\t\t\t\t\t\t<div class=\"elementor-container elementor-column-gap-default\">\n\t\t\t\t\t<div class=\"elementor-column elementor-col-100 elementor-top-column elementor-element elementor-element-e82a482\" data-id=\"e82a482\" data-element_type=\"column\">\n\t\t\t<div class=\"elementor-widget-wrap elementor-element-populated\">\n\t\t\t\t\t\t<div class=\"elementor-element elementor-element-0545bfd elementor-widget elementor-widget-text-editor\" data-id=\"0545bfd\" data-element_type=\"widget\" data-widget_type=\"text-editor.default\">\n\t\t\t\t<div class=\"elementor-widget-container\">\n\t\t\t\t\t\t\t\t\t<p>La Grotta di Massabielle si trova sotto l&#8217;abitato di Lourdes, dominata dal castello fortificato. Il sole non penetra mai in questa roccia nera. La grotta di Massabielle \u00e8 alta 3,80 metri, profonda 9,50 e larga 9,85. Corrisponde ad una apertura in una parete rocciosa alta 27 metri. Il muro \u00e8 liscio e umido in alcuni punti. La grotta \u00e8 quindi una semplice cavit\u00e0 calcarea. A parte il lato visibile (dove si trova l&#8217;altare) e la nicchia (dove \u00e8 collocata la statua della Vergine), la cavit\u00e0 presenta un&#8217;estensione carsica di una decina di metri, che la rende una &#8220;vera grotta carsica&#8221; e non un semplice riparo roccioso come viene regolarmente descritto.<br \/><br \/>Dalla nona apparizione del 25 febbraio 1858, nella grotta scorre una sorgente. Questa sorgente, nel 1974, \u00e8 stata convogliata in un serbatoio sotto le basiliche. I pellegrini possono bere l&#8217;acqua che sgorga da questa fonte a 10\u00b0C e possono anche raccoglierla da rubinetti la cui posizione \u00e8 stata pi\u00f9 volte cambiata per mantenere un&#8217;atmosfera di silenzio e contemplazione nei pressi della Grotta. Possono anche compiere il gesto dell\u2019acqua alle piscine (costruite nel 1882 e la cui ubicazione \u00e8 cambiata per poter accogliere meglio i pellegrini ammalati) poste pi\u00f9 a destra della sorgente. Il piazzale antistante le piscine \u00e8 sormontato da una copertura di ispirazione naturalistica.<br \/><br \/>Nel 1861 il vescovo di Tarbes monsignor Bertrand-S\u00e9v\u00e8re Laurence acquist\u00f2 la Grotta dalla citt\u00e0.<br \/><br \/>La statua della Vergine in marmo di Carrara, scolpita da Joseph-Hugues Fabisch (il cui nome \u00e8 ben visibile sul piedistallo), \u00e8 posta in alto a destra della grotta ad un&#8217;altezza di 2 metri, in una cavit\u00e0 secondaria, detta nicchia delle apparizioni. Fu inaugurata il 4 aprile 1864, durante la prima processione organizzata ufficialmente dalla Chiesa, che riun\u00ec circa 20.000 persone, tra le quali si poterono contare 200 sacerdoti.<\/p>\t\t\t\t\t\t\t\t<\/div>\n\t\t\t\t<\/div>\n\t\t\t\t\t<\/div>\n\t\t<\/div>\n\t\t\t\t\t<\/div>\n\t\t<\/section>\n\t\t\t\t<section class=\"elementor-section elementor-top-section elementor-element elementor-element-43c8d29 elementor-section-boxed elementor-section-height-default elementor-section-height-default\" data-id=\"43c8d29\" data-element_type=\"section\">\n\t\t\t\t\t\t<div class=\"elementor-container elementor-column-gap-default\">\n\t\t\t\t\t<div class=\"elementor-column elementor-col-33 elementor-top-column elementor-element elementor-element-066e9bd\" data-id=\"066e9bd\" data-element_type=\"column\">\n\t\t\t<div class=\"elementor-widget-wrap elementor-element-populated\">\n\t\t\t\t\t\t<div class=\"elementor-element elementor-element-64ddab9 elementor-align-center elementor-widget elementor-widget-button\" data-id=\"64ddab9\" data-element_type=\"widget\" data-widget_type=\"button.default\">\n\t\t\t\t<div class=\"elementor-widget-container\">\n\t\t\t\t\t\t\t\t\t<div class=\"elementor-button-wrapper\">\n\t\t\t\t\t<a class=\"elementor-button elementor-button-link elementor-size-sm\" href=\"https:\/\/www.lourdes-france.com\/it\/pellegrini-per-un-giorno\/la-grotta\/\" target=\"_blank\">\n\t\t\t\t\t\t<span class=\"elementor-button-content-wrapper\">\n\t\t\t\t\t\t\t\t\t<span class=\"elementor-button-text\">ANDARE ALLA GROTTA<\/span>\n\t\t\t\t\t<\/span>\n\t\t\t\t\t<\/a>\n\t\t\t\t<\/div>\n\t\t\t\t\t\t\t\t<\/div>\n\t\t\t\t<\/div>\n\t\t\t\t\t<\/div>\n\t\t<\/div>\n\t\t\t\t<div class=\"elementor-column elementor-col-33 elementor-top-column elementor-element elementor-element-f2893de\" data-id=\"f2893de\" data-element_type=\"column\">\n\t\t\t<div class=\"elementor-widget-wrap elementor-element-populated\">\n\t\t\t\t\t\t<div class=\"elementor-element elementor-element-cf4deed elementor-align-center elementor-widget elementor-widget-button\" data-id=\"cf4deed\" data-element_type=\"widget\" data-widget_type=\"button.default\">\n\t\t\t\t<div class=\"elementor-widget-container\">\n\t\t\t\t\t\t\t\t\t<div class=\"elementor-button-wrapper\">\n\t\t\t\t\t<a class=\"elementor-button elementor-button-link elementor-size-sm\" href=\"https:\/\/www.lourdes-france.com\/it\/\" target=\"_blank\">\n\t\t\t\t\t\t<span class=\"elementor-button-content-wrapper\">\n\t\t\t\t\t\t\t\t\t<span class=\"elementor-button-text\">VIVERE IL PELLEGRINAGGIO DI LOURDES<\/span>\n\t\t\t\t\t<\/span>\n\t\t\t\t\t<\/a>\n\t\t\t\t<\/div>\n\t\t\t\t\t\t\t\t<\/div>\n\t\t\t\t<\/div>\n\t\t\t\t\t<\/div>\n\t\t<\/div>\n\t\t\t\t<div class=\"elementor-column elementor-col-33 elementor-top-column elementor-element elementor-element-4550595\" data-id=\"4550595\" data-element_type=\"column\">\n\t\t\t<div class=\"elementor-widget-wrap elementor-element-populated\">\n\t\t\t\t\t\t<div class=\"elementor-element elementor-element-5c88547 elementor-align-center elementor-widget elementor-widget-button\" data-id=\"5c88547\" data-element_type=\"widget\" data-widget_type=\"button.default\">\n\t\t\t\t<div class=\"elementor-widget-container\">\n\t\t\t\t\t\t\t\t\t<div class=\"elementor-button-wrapper\">\n\t\t\t\t\t<a class=\"elementor-button elementor-button-link elementor-size-sm\" href=\"\/tv-lourdes\/\" target=\"_blank\">\n\t\t\t\t\t\t<span class=\"elementor-button-content-wrapper\">\n\t\t\t\t\t\t\t\t\t<span class=\"elementor-button-text\">VIVERE ALLA GROTTA<\/span>\n\t\t\t\t\t<\/span>\n\t\t\t\t\t<\/a>\n\t\t\t\t<\/div>\n\t\t\t\t\t\t\t\t<\/div>\n\t\t\t\t<\/div>\n\t\t\t\t\t<\/div>\n\t\t<\/div>\n\t\t\t\t\t<\/div>\n\t\t<\/section>\n\t\t\t\t<\/div>\n\t\t","protected":false},"excerpt":{"rendered":"<p>La Grotta delle Apparizioni a Massabielle La Grotta di Massabielle \u00e8 una tappa obbligata per ogni visitatore del Santuario di Lourdes, sia esso un semplice visitatore o un pellegrino credente. La visita alla grotta avviene in silenzio, la maggior parte &hellip; <a href=\"https:\/\/www.lourdes-france.org\/it\/la-grotta-delle-apparizioni-a-massabielle\/\">Continua<\/a><\/p>\n","protected":false},"author":7,"featured_media":0,"parent":0,"menu_order":0,"comment_status":"closed","ping_status":"closed","template":"","meta":{"_acf_changed":false,"footnotes":""},"class_list":["post-867204","page","type-page","status-publish","hentry"],"acf":[],"yoast_head":"<!-- This site is optimized with the Yoast SEO plugin v24.7 - https:\/\/yoast.com\/wordpress\/plugins\/seo\/ -->\n<title>La Grotte des apparitions<\/title>\n<meta name=\"description\" content=\"La grotte de Massabielle est un passage oblig\u00e9 pour tout visiteur se rendant au sanctuaire de Lourdes, qu\u2019il soit simple visiteur ou croyant.\" \/>\n<meta name=\"robots\" content=\"index, follow, max-snippet:-1, max-image-preview:large, max-video-preview:-1\" \/>\n<link rel=\"canonical\" href=\"https:\/\/preprod-lourdes.cawita.com\/it\/la-grotta-delle-apparizioni-a-massabielle\/\" \/>\n<meta name=\"twitter:label1\" content=\"Tempo di lettura stimato\" \/>\n\t<meta name=\"twitter:data1\" content=\"3 minuti\" \/>\n<script type=\"application\/ld+json\" class=\"yoast-schema-graph\">{\"@context\":\"https:\/\/schema.org\",\"@graph\":[{\"@type\":\"WebPage\",\"@id\":\"https:\/\/preprod-lourdes.cawita.com\/it\/la-grotta-delle-apparizioni-a-massabielle\/\",\"url\":\"https:\/\/preprod-lourdes.cawita.com\/it\/la-grotta-delle-apparizioni-a-massabielle\/\",\"name\":\"La Grotte des apparitions\",\"isPartOf\":{\"@id\":\"https:\/\/preprod-lourdes.cawita.com\/#website\"},\"primaryImageOfPage\":{\"@id\":\"https:\/\/preprod-lourdes.cawita.com\/it\/la-grotta-delle-apparizioni-a-massabielle\/#primaryimage\"},\"image\":{\"@id\":\"https:\/\/preprod-lourdes.cawita.com\/it\/la-grotta-delle-apparizioni-a-massabielle\/#primaryimage\"},\"thumbnailUrl\":\"https:\/\/www.lourdes-france.org\/wp-content\/uploads\/2022\/03\/Vignette_Grotte_1200x800px.jpg\",\"datePublished\":\"2022-03-24T09:31:30+00:00\",\"dateModified\":\"2022-09-13T12:25:29+00:00\",\"description\":\"La grotte de Massabielle est un passage oblig\u00e9 pour tout visiteur se rendant au sanctuaire de Lourdes, qu\u2019il soit simple visiteur ou croyant.\",\"breadcrumb\":{\"@id\":\"https:\/\/preprod-lourdes.cawita.com\/it\/la-grotta-delle-apparizioni-a-massabielle\/#breadcrumb\"},\"inLanguage\":\"it-IT\",\"potentialAction\":[{\"@type\":\"ReadAction\",\"target\":[\"https:\/\/preprod-lourdes.cawita.com\/it\/la-grotta-delle-apparizioni-a-massabielle\/\"]}]},{\"@type\":\"ImageObject\",\"inLanguage\":\"it-IT\",\"@id\":\"https:\/\/preprod-lourdes.cawita.com\/it\/la-grotta-delle-apparizioni-a-massabielle\/#primaryimage\",\"url\":\"https:\/\/www.lourdes-france.org\/wp-content\/uploads\/2022\/03\/Vignette_Grotte_1200x800px.jpg\",\"contentUrl\":\"https:\/\/www.lourdes-france.org\/wp-content\/uploads\/2022\/03\/Vignette_Grotte_1200x800px.jpg\"},{\"@type\":\"BreadcrumbList\",\"@id\":\"https:\/\/preprod-lourdes.cawita.com\/it\/la-grotta-delle-apparizioni-a-massabielle\/#breadcrumb\",\"itemListElement\":[{\"@type\":\"ListItem\",\"position\":1,\"name\":\"Accueil\",\"item\":\"https:\/\/www.lourdes-france.org\/\"},{\"@type\":\"ListItem\",\"position\":2,\"name\":\"La Grotta delle Apparizioni a Massabielle\"}]},{\"@type\":\"WebSite\",\"@id\":\"https:\/\/preprod-lourdes.cawita.com\/#website\",\"url\":\"https:\/\/preprod-lourdes.cawita.com\/\",\"name\":\"Soutenir le Sanctuaire Notre-Dame de Lourdes\",\"description\":\"\",\"potentialAction\":[{\"@type\":\"SearchAction\",\"target\":{\"@type\":\"EntryPoint\",\"urlTemplate\":\"https:\/\/preprod-lourdes.cawita.com\/?s={search_term_string}\"},\"query-input\":{\"@type\":\"PropertyValueSpecification\",\"valueRequired\":true,\"valueName\":\"search_term_string\"}}],\"inLanguage\":\"it-IT\"}]}<\/script>\n<!-- \/ Yoast SEO plugin. -->","yoast_head_json":{"title":"La Grotte des apparitions","description":"La grotte de Massabielle est un passage oblig\u00e9 pour tout visiteur se rendant au sanctuaire de Lourdes, qu\u2019il soit simple visiteur ou croyant.","robots":{"index":"index","follow":"follow","max-snippet":"max-snippet:-1","max-image-preview":"max-image-preview:large","max-video-preview":"max-video-preview:-1"},"canonical":"https:\/\/preprod-lourdes.cawita.com\/it\/la-grotta-delle-apparizioni-a-massabielle\/","twitter_misc":{"Tempo di lettura stimato":"3 minuti"},"schema":{"@context":"https:\/\/schema.org","@graph":[{"@type":"WebPage","@id":"https:\/\/preprod-lourdes.cawita.com\/it\/la-grotta-delle-apparizioni-a-massabielle\/","url":"https:\/\/preprod-lourdes.cawita.com\/it\/la-grotta-delle-apparizioni-a-massabielle\/","name":"La Grotte des apparitions","isPartOf":{"@id":"https:\/\/preprod-lourdes.cawita.com\/#website"},"primaryImageOfPage":{"@id":"https:\/\/preprod-lourdes.cawita.com\/it\/la-grotta-delle-apparizioni-a-massabielle\/#primaryimage"},"image":{"@id":"https:\/\/preprod-lourdes.cawita.com\/it\/la-grotta-delle-apparizioni-a-massabielle\/#primaryimage"},"thumbnailUrl":"https:\/\/www.lourdes-france.org\/wp-content\/uploads\/2022\/03\/Vignette_Grotte_1200x800px.jpg","datePublished":"2022-03-24T09:31:30+00:00","dateModified":"2022-09-13T12:25:29+00:00","description":"La grotte de Massabielle est un passage oblig\u00e9 pour tout visiteur se rendant au sanctuaire de Lourdes, qu\u2019il soit simple visiteur ou croyant.","breadcrumb":{"@id":"https:\/\/preprod-lourdes.cawita.com\/it\/la-grotta-delle-apparizioni-a-massabielle\/#breadcrumb"},"inLanguage":"it-IT","potentialAction":[{"@type":"ReadAction","target":["https:\/\/preprod-lourdes.cawita.com\/it\/la-grotta-delle-apparizioni-a-massabielle\/"]}]},{"@type":"ImageObject","inLanguage":"it-IT","@id":"https:\/\/preprod-lourdes.cawita.com\/it\/la-grotta-delle-apparizioni-a-massabielle\/#primaryimage","url":"https:\/\/www.lourdes-france.org\/wp-content\/uploads\/2022\/03\/Vignette_Grotte_1200x800px.jpg","contentUrl":"https:\/\/www.lourdes-france.org\/wp-content\/uploads\/2022\/03\/Vignette_Grotte_1200x800px.jpg"},{"@type":"BreadcrumbList","@id":"https:\/\/preprod-lourdes.cawita.com\/it\/la-grotta-delle-apparizioni-a-massabielle\/#breadcrumb","itemListElement":[{"@type":"ListItem","position":1,"name":"Accueil","item":"https:\/\/www.lourdes-france.org\/"},{"@type":"ListItem","position":2,"name":"La Grotta delle Apparizioni a Massabielle"}]},{"@type":"WebSite","@id":"https:\/\/preprod-lourdes.cawita.com\/#website","url":"https:\/\/preprod-lourdes.cawita.com\/","name":"Soutenir le Sanctuaire Notre-Dame de Lourdes","description":"","potentialAction":[{"@type":"SearchAction","target":{"@type":"EntryPoint","urlTemplate":"https:\/\/preprod-lourdes.cawita.com\/?s={search_term_string}"},"query-input":{"@type":"PropertyValueSpecification","valueRequired":true,"valueName":"search_term_string"}}],"inLanguage":"it-IT"}]}},"_links":{"self":[{"href":"https:\/\/www.lourdes-france.org\/it\/wp-json\/wp\/v2\/pages\/867204","targetHints":{"allow":["GET"]}}],"collection":[{"href":"https:\/\/www.lourdes-france.org\/it\/wp-json\/wp\/v2\/pages"}],"about":[{"href":"https:\/\/www.lourdes-france.org\/it\/wp-json\/wp\/v2\/types\/page"}],"author":[{"embeddable":true,"href":"https:\/\/www.lourdes-france.org\/it\/wp-json\/wp\/v2\/users\/7"}],"replies":[{"embeddable":true,"href":"https:\/\/www.lourdes-france.org\/it\/wp-json\/wp\/v2\/comments?post=867204"}],"version-history":[{"count":16,"href":"https:\/\/www.lourdes-france.org\/it\/wp-json\/wp\/v2\/pages\/867204\/revisions"}],"predecessor-version":[{"id":870502,"href":"https:\/\/www.lourdes-france.org\/it\/wp-json\/wp\/v2\/pages\/867204\/revisions\/870502"}],"wp:attachment":[{"href":"https:\/\/www.lourdes-france.org\/it\/wp-json\/wp\/v2\/media?parent=867204"}],"curies":[{"name":"wp","href":"https:\/\/api.w.org\/{rel}","templated":true}]}}