{"id":867246,"date":"2022-03-24T11:30:41","date_gmt":"2022-03-24T10:30:41","guid":{"rendered":"https:\/\/www.lourdes-france.org\/lourdes-un-lieu-de-priere\/"},"modified":"2022-09-01T13:33:11","modified_gmt":"2022-09-01T11:33:11","slug":"lourdes-luogo-di-preghiera","status":"publish","type":"page","link":"https:\/\/www.lourdes-france.org\/it\/lourdes-luogo-di-preghiera\/","title":{"rendered":"Lourdes luogo di preghiera"},"content":{"rendered":"\t\t<div data-elementor-type=\"wp-page\" data-elementor-id=\"867246\" class=\"elementor elementor-867246 elementor-848511\" data-elementor-post-type=\"page\">\n\t\t\t\t\t\t<section class=\"elementor-section elementor-top-section elementor-element elementor-element-dff98dd elementor-section-full_width elementor-section-stretched elementor-section-height-default elementor-section-height-default\" data-id=\"dff98dd\" data-element_type=\"section\" data-settings=\"{&quot;stretch_section&quot;:&quot;section-stretched&quot;}\">\n\t\t\t\t\t\t<div class=\"elementor-container elementor-column-gap-default\">\n\t\t\t\t\t<div class=\"elementor-column elementor-col-100 elementor-top-column elementor-element elementor-element-767f6245\" data-id=\"767f6245\" data-element_type=\"column\">\n\t\t\t<div class=\"elementor-widget-wrap elementor-element-populated\">\n\t\t\t\t\t\t<div class=\"elementor-element elementor-element-41ff847b elementor-widget elementor-widget-image\" data-id=\"41ff847b\" data-element_type=\"widget\" data-widget_type=\"image.default\">\n\t\t\t\t<div class=\"elementor-widget-container\">\n\t\t\t\t\t\t\t\t\t\t\t\t\t\t\t<img fetchpriority=\"high\" decoding=\"async\" width=\"2048\" height=\"1365\" src=\"https:\/\/www.lourdes-france.org\/wp-content\/uploads\/2022\/06\/3_redimensionner-2048x1365.jpg\" class=\"attachment-2048x2048 size-2048x2048 wp-image-859640\" alt=\"\" srcset=\"https:\/\/www.lourdes-france.org\/wp-content\/uploads\/2022\/06\/3_redimensionner-2048x1365.jpg 2048w, https:\/\/www.lourdes-france.org\/wp-content\/uploads\/2022\/06\/3_redimensionner-300x200.jpg 300w, https:\/\/www.lourdes-france.org\/wp-content\/uploads\/2022\/06\/3_redimensionner-1024x683.jpg 1024w, https:\/\/www.lourdes-france.org\/wp-content\/uploads\/2022\/06\/3_redimensionner-768x512.jpg 768w, https:\/\/www.lourdes-france.org\/wp-content\/uploads\/2022\/06\/3_redimensionner-1536x1024.jpg 1536w\" sizes=\"(max-width: 2048px) 100vw, 2048px\" \/>\t\t\t\t\t\t\t\t\t\t\t\t\t\t\t<\/div>\n\t\t\t\t<\/div>\n\t\t\t\t\t<\/div>\n\t\t<\/div>\n\t\t\t\t\t<\/div>\n\t\t<\/section>\n\t\t\t\t<section class=\"elementor-section elementor-top-section elementor-element elementor-element-704a9592 elementor-section-boxed elementor-section-height-default elementor-section-height-default\" data-id=\"704a9592\" data-element_type=\"section\">\n\t\t\t\t\t\t<div class=\"elementor-container elementor-column-gap-default\">\n\t\t\t\t\t<div class=\"elementor-column elementor-col-100 elementor-top-column elementor-element elementor-element-69a5eedb\" data-id=\"69a5eedb\" data-element_type=\"column\">\n\t\t\t<div class=\"elementor-widget-wrap elementor-element-populated\">\n\t\t\t\t\t\t<div class=\"elementor-element elementor-element-25cf152a elementor-widget elementor-widget-heading\" data-id=\"25cf152a\" data-element_type=\"widget\" data-widget_type=\"heading.default\">\n\t\t\t\t<div class=\"elementor-widget-container\">\n\t\t\t\t\t<h1 class=\"elementor-heading-title elementor-size-default\">Lourdes luogo di preghiera<\/h1>\t\t\t\t<\/div>\n\t\t\t\t<\/div>\n\t\t\t\t\t<\/div>\n\t\t<\/div>\n\t\t\t\t\t<\/div>\n\t\t<\/section>\n\t\t\t\t<section class=\"elementor-section elementor-top-section elementor-element elementor-element-8ef2ed5 elementor-section-boxed elementor-section-height-default elementor-section-height-default\" data-id=\"8ef2ed5\" data-element_type=\"section\">\n\t\t\t\t\t\t<div class=\"elementor-container elementor-column-gap-default\">\n\t\t\t\t\t<div class=\"elementor-column elementor-col-100 elementor-top-column elementor-element elementor-element-c6a948b\" data-id=\"c6a948b\" data-element_type=\"column\">\n\t\t\t<div class=\"elementor-widget-wrap elementor-element-populated\">\n\t\t\t\t\t\t<div class=\"elementor-element elementor-element-4512f8a elementor-widget elementor-widget-text-editor\" data-id=\"4512f8a\" data-element_type=\"widget\" data-widget_type=\"text-editor.default\">\n\t\t\t\t<div class=\"elementor-widget-container\">\n\t\t\t\t\t\t\t\t\t<p style=\"text-align: left;\">A Lourdes i pellegrini, appena entrano nel comprensorio del Santuario, si fanno il segno della croce, perch\u00e9 sanno che stanno entrando in un luogo di preghiera e meditazione. In tutta la zona \u00e8 vietato fumare, correre o fare qualsiasi cosa che non si farebbe all&#8217;interno di una chiesa&#8230;. Tutti i luoghi incoraggiano la preghiera, ma i luoghi dove i pellegrini si sentono maggiormente coinvolti sono:<\/p><ol><li style=\"text-align: left;\">La Grotta<\/li><li style=\"text-align: left;\">Le fontane<\/li><li style=\"text-align: left;\">Le candele<\/li><\/ol><p>oltre, ovviamente, alle basiliche, alle chiese e i luoghi di culto dove si pu\u00f2 partecipare alla Messa, a una celebrazione o lasciarsi guidare dai mosaici o dalle vetrate che raccontano la vita di Cristo e le apparizioni.<\/p><p>A Lourdes il pellegrino pu\u00f2 ricevere il perdono di Dio nella cappella della riconciliazione, e pu\u00f2 prepararsi a questo incontro percorrendo una delle Via Crucis per meditare l&#8217;amore incondizionato di Cristo che si dona fino alla fine.<\/p><p>I pellegrini possono lasciarsi cullare dal rosario alla Grotta, pregando in comunione con tutti gli altri pellegrini presenti sul posto e con tutti coloro che seguono la preghiera alla TV di Lourdes o sui social network.<\/p><p>Tutti coloro che entrano nel Santuario possono approfittare della presenza reale del Signore per avere un incontro con Lui e deporre i dolori e le gioie nelle mani del Signore, nell\u2019Adorazione del Santissimo Sacramento.<\/p><p>Il Santissimo Sacramento \u00e8 presente nella processione Eucaristica nella benedizione degli infermi e ci invita a pregare anche per tutti coloro che sono malati, disabili, feriti dalla vita.<\/p><p>Alla fine della giornata, i pellegrini possono concludere la preghiera camminando con gli altri pellegrini e visitatori cantando e recitando l&#8217;Ave Maria di Lourdes nel corso della processione con le fiaccole. \u00c8 un altro modo di pregare la Vergine Maria in comunione con la Chiesa universale.<\/p>\t\t\t\t\t\t\t\t<\/div>\n\t\t\t\t<\/div>\n\t\t\t\t\t<\/div>\n\t\t<\/div>\n\t\t\t\t\t<\/div>\n\t\t<\/section>\n\t\t\t\t<section class=\"elementor-section elementor-top-section elementor-element elementor-element-58c47f3 elementor-section-boxed elementor-section-height-default elementor-section-height-default\" data-id=\"58c47f3\" data-element_type=\"section\">\n\t\t\t\t\t\t<div class=\"elementor-container elementor-column-gap-default\">\n\t\t\t\t\t<div class=\"elementor-column elementor-col-100 elementor-top-column elementor-element elementor-element-70e8cb7\" data-id=\"70e8cb7\" data-element_type=\"column\">\n\t\t\t<div class=\"elementor-widget-wrap elementor-element-populated\">\n\t\t\t\t\t\t<div class=\"elementor-element elementor-element-3e5cb1d elementor-widget elementor-widget-image\" data-id=\"3e5cb1d\" data-element_type=\"widget\" data-widget_type=\"image.default\">\n\t\t\t\t<div class=\"elementor-widget-container\">\n\t\t\t\t\t\t\t\t\t\t\t\t<figure class=\"wp-caption\">\n\t\t\t\t\t\t\t\t\t\t<img decoding=\"async\" width=\"1024\" height=\"377\" src=\"https:\/\/www.lourdes-france.org\/wp-content\/uploads\/2022\/06\/21_proc-mar-rosaire-36_redimensionner-1024x377.jpg\" class=\"attachment-large size-large wp-image-859609\" alt=\"Procession aux flambeaux pendant le p\u00e8lerinage du Rosaire\" srcset=\"https:\/\/www.lourdes-france.org\/wp-content\/uploads\/2022\/06\/21_proc-mar-rosaire-36_redimensionner-1024x377.jpg 1024w, https:\/\/www.lourdes-france.org\/wp-content\/uploads\/2022\/06\/21_proc-mar-rosaire-36_redimensionner-300x111.jpg 300w, https:\/\/www.lourdes-france.org\/wp-content\/uploads\/2022\/06\/21_proc-mar-rosaire-36_redimensionner-768x283.jpg 768w, https:\/\/www.lourdes-france.org\/wp-content\/uploads\/2022\/06\/21_proc-mar-rosaire-36_redimensionner-1536x566.jpg 1536w, https:\/\/www.lourdes-france.org\/wp-content\/uploads\/2022\/06\/21_proc-mar-rosaire-36_redimensionner-2048x755.jpg 2048w\" sizes=\"(max-width: 1024px) 100vw, 1024px\" \/>\t\t\t\t\t\t\t\t\t\t\t<figcaption class=\"widget-image-caption wp-caption-text\">Procession mariale aux flambeaux (photo : Pierre VINCENT)<\/figcaption>\n\t\t\t\t\t\t\t\t\t\t<\/figure>\n\t\t\t\t\t\t\t\t\t<\/div>\n\t\t\t\t<\/div>\n\t\t\t\t\t<\/div>\n\t\t<\/div>\n\t\t\t\t\t<\/div>\n\t\t<\/section>\n\t\t\t\t<section class=\"elementor-section elementor-top-section elementor-element elementor-element-71e755f elementor-section-boxed elementor-section-height-default elementor-section-height-default\" data-id=\"71e755f\" data-element_type=\"section\">\n\t\t\t\t\t\t<div class=\"elementor-container elementor-column-gap-default\">\n\t\t\t\t\t<div class=\"elementor-column elementor-col-100 elementor-top-column elementor-element elementor-element-6a2fb9a\" data-id=\"6a2fb9a\" data-element_type=\"column\">\n\t\t\t<div class=\"elementor-widget-wrap elementor-element-populated\">\n\t\t\t\t\t\t<div class=\"elementor-element elementor-element-ee0625e elementor-widget elementor-widget-text-editor\" data-id=\"ee0625e\" data-element_type=\"widget\" data-widget_type=\"text-editor.default\">\n\t\t\t\t<div class=\"elementor-widget-container\">\n\t\t\t\t\t\t\t\t\t<h2 style=\"text-align: left;\">Come pregare a Lourdes?<\/h2><p>Adorare, ringraziare, chiedere delle grazie e chiedere perdono sono i quattro scopi della preghiera per un cristiano e in particolare per un cattolico. La preghiera \u00e8 uno scambio. Rafforza il legame tra l&#8217;uomo e Dio. La preghiera \u00e8 il mezzo che mantiene l&#8217;amicizia dell&#8217;uomo con il suo Dio, come due amici che si amano.<\/p><p>Vi sono due tipi di preghiera: la preghiera vocale e la preghiera interiore. Questa distinzione ci permette di capire cosa intendeva san Paolo quando diceva: \u00abdobbiamo pregare incessantemente. La preghiera vocale si fa con l&#8217;atteggiamento e con le parole. Le principali preghiere vocali del cristiano cattolico sono: l'&#8221;Ave Maria&#8221;, detta anche saluto Angelico, che si riferisce al saluto dell&#8217;angelo Gabriele alla Beata Vergine Maria. \u00c8 una preghiera essenziale nella vita del cristiano. Il Padre Nostro \u00e8 una preghiera importante che Ges\u00f9 stesso insegn\u00f2 ai suoi apostoli.<\/p><p>Il pellegrino pu\u00f2 unirsi alla preghiera comune proposta nel santuario, ma pu\u00f2 anche pregare nel proprio cuore ponendosi alla presenza di Dio. Attraverso la meditazione e il raccoglimento, l&#8217;anima si pone alla presenza di Dio. Nel silenzio, si apre a Dio in un atto di fede e di speranza.<\/p><p>Il cristiano pu\u00f2 pregare in qualsiasi momento della giornata. La Vergine Maria, ad esempio, durante le varie apparizioni, e specialmente a Lourdes, chiede di pregare per i peccatori. Il cristiano prega soprattutto per coloro che gli sono vicini, cio\u00e8 la sua famiglia, i genitori, i fratelli e le sorelle, i suoi amici, e anche per coloro che gli sono vicini per fede.<\/p>\t\t\t\t\t\t\t\t<\/div>\n\t\t\t\t<\/div>\n\t\t\t\t<section class=\"elementor-section elementor-inner-section elementor-element elementor-element-80232b3 elementor-section-boxed elementor-section-height-default elementor-section-height-default\" data-id=\"80232b3\" data-element_type=\"section\">\n\t\t\t\t\t\t<div class=\"elementor-container elementor-column-gap-no\">\n\t\t\t\t\t<div class=\"elementor-column elementor-col-50 elementor-inner-column elementor-element elementor-element-939a6bd\" data-id=\"939a6bd\" data-element_type=\"column\">\n\t\t\t<div class=\"elementor-widget-wrap elementor-element-populated\">\n\t\t\t\t\t\t<div class=\"elementor-element elementor-element-46530bc elementor-widget elementor-widget-text-editor\" data-id=\"46530bc\" data-element_type=\"widget\" data-widget_type=\"text-editor.default\">\n\t\t\t\t<div class=\"elementor-widget-container\">\n\t\t\t\t\t\t\t\t\t<p>\u00a0<\/p><p><span style=\"color: #007a9e;\"><b>Padre Nostro<br \/><\/b><\/span><i>Padre Nostro che sei nei cieli,<br \/><\/i><i>Sia santificato il tuo nome,<br \/><\/i><i>venga il tuo Regno,<br \/><\/i><i>Sia fatta la tua volont\u00e0 come in cielo cos\u00ec in terra.<br \/><\/i><i>Dacci oggi il nostro pane quotidiano.<br \/><\/i><i>Rimetti a noi i nostri peccati,<br \/><\/i><i>come anche noi li rimettiamo ai nostri debitori.<br \/><\/i><i>E non abbandonarci alla tentazione<br \/><\/i><i>ma liberaci dal male.<br \/><\/i><i>Amen.<\/i><\/p><p><span style=\"color: #007a9e;\"><b>Ave Maria<br \/><\/b><\/span><i>Ave Maria, piena di grazia,<br \/><\/i><i>il Signore \u00e8 con te.<br \/><\/i><i>Tu sei benedetta tra tutte le donne<br \/><\/i><i>e benedetto \u00e8 il frutto del tuo seno\u00a0<br \/><\/i><i>Ges\u00f9.<br \/><\/i><i>Santa Maria, Madre di Dio,<br \/><\/i><i>prega per noi peccatori,<br \/><\/i><i>adesso e nell&#8217;ora della nostra morte.\u00a0<br \/><\/i><i>Amen<\/i><\/p>\t\t\t\t\t\t\t\t<\/div>\n\t\t\t\t<\/div>\n\t\t\t\t\t<\/div>\n\t\t<\/div>\n\t\t\t\t<div class=\"elementor-column elementor-col-50 elementor-inner-column elementor-element elementor-element-bc15bd3\" data-id=\"bc15bd3\" data-element_type=\"column\">\n\t\t\t<div class=\"elementor-widget-wrap elementor-element-populated\">\n\t\t\t\t\t\t<div class=\"elementor-element elementor-element-dd9be3b elementor-widget elementor-widget-image\" data-id=\"dd9be3b\" data-element_type=\"widget\" data-widget_type=\"image.default\">\n\t\t\t\t<div class=\"elementor-widget-container\">\n\t\t\t\t\t\t\t\t\t\t\t\t\t\t\t<img decoding=\"async\" width=\"683\" height=\"1024\" src=\"https:\/\/www.lourdes-france.org\/wp-content\/uploads\/2022\/06\/soiree_du_14_aout_redimensionner-683x1024.jpg\" class=\"attachment-large size-large wp-image-859434\" alt=\"\" srcset=\"https:\/\/www.lourdes-france.org\/wp-content\/uploads\/2022\/06\/soiree_du_14_aout_redimensionner-683x1024.jpg 683w, https:\/\/www.lourdes-france.org\/wp-content\/uploads\/2022\/06\/soiree_du_14_aout_redimensionner-200x300.jpg 200w, https:\/\/www.lourdes-france.org\/wp-content\/uploads\/2022\/06\/soiree_du_14_aout_redimensionner-768x1152.jpg 768w, https:\/\/www.lourdes-france.org\/wp-content\/uploads\/2022\/06\/soiree_du_14_aout_redimensionner-1024x1536.jpg 1024w, https:\/\/www.lourdes-france.org\/wp-content\/uploads\/2022\/06\/soiree_du_14_aout_redimensionner-1366x2048.jpg 1366w, https:\/\/www.lourdes-france.org\/wp-content\/uploads\/2022\/06\/soiree_du_14_aout_redimensionner-scaled.jpg 1707w\" sizes=\"(max-width: 683px) 100vw, 683px\" \/>\t\t\t\t\t\t\t\t\t\t\t\t\t\t\t<\/div>\n\t\t\t\t<\/div>\n\t\t\t\t\t<\/div>\n\t\t<\/div>\n\t\t\t\t\t<\/div>\n\t\t<\/section>\n\t\t\t\t\t<\/div>\n\t\t<\/div>\n\t\t\t\t\t<\/div>\n\t\t<\/section>\n\t\t\t\t<section class=\"elementor-section elementor-top-section elementor-element elementor-element-39aa049 elementor-section-boxed elementor-section-height-default elementor-section-height-default\" data-id=\"39aa049\" data-element_type=\"section\">\n\t\t\t\t\t\t<div class=\"elementor-container elementor-column-gap-default\">\n\t\t\t\t\t<div class=\"elementor-column elementor-col-33 elementor-top-column elementor-element elementor-element-b088321\" data-id=\"b088321\" data-element_type=\"column\">\n\t\t\t<div class=\"elementor-widget-wrap elementor-element-populated\">\n\t\t\t\t\t\t<div class=\"elementor-element elementor-element-5635d1b elementor-align-center elementor-widget elementor-widget-button\" data-id=\"5635d1b\" data-element_type=\"widget\" data-widget_type=\"button.default\">\n\t\t\t\t<div class=\"elementor-widget-container\">\n\t\t\t\t\t\t\t\t\t<div class=\"elementor-button-wrapper\">\n\t\t\t\t\t<a class=\"elementor-button elementor-button-link elementor-size-sm\" href=\"\/cierge-en-ligne\/\" target=\"_blank\">\n\t\t\t\t\t\t<span class=\"elementor-button-content-wrapper\">\n\t\t\t\t\t\t\t\t\t<span class=\"elementor-button-text\">D\u00c9POSER UN CIERGE<\/span>\n\t\t\t\t\t<\/span>\n\t\t\t\t\t<\/a>\n\t\t\t\t<\/div>\n\t\t\t\t\t\t\t\t<\/div>\n\t\t\t\t<\/div>\n\t\t\t\t\t<\/div>\n\t\t<\/div>\n\t\t\t\t<div class=\"elementor-column elementor-col-33 elementor-top-column elementor-element elementor-element-73a1912\" data-id=\"73a1912\" data-element_type=\"column\">\n\t\t\t<div class=\"elementor-widget-wrap elementor-element-populated\">\n\t\t\t\t\t\t<div class=\"elementor-element elementor-element-6c01529 elementor-align-center elementor-widget elementor-widget-button\" data-id=\"6c01529\" data-element_type=\"widget\" data-widget_type=\"button.default\">\n\t\t\t\t<div class=\"elementor-widget-container\">\n\t\t\t\t\t\t\t\t\t<div class=\"elementor-button-wrapper\">\n\t\t\t\t\t<a class=\"elementor-button elementor-button-link elementor-size-sm\" href=\"\/intention-priere\/\" target=\"_blank\">\n\t\t\t\t\t\t<span class=\"elementor-button-content-wrapper\">\n\t\t\t\t\t\t\t\t\t<span class=\"elementor-button-text\">CONFIER SA PRI\u00c8RE<\/span>\n\t\t\t\t\t<\/span>\n\t\t\t\t\t<\/a>\n\t\t\t\t<\/div>\n\t\t\t\t\t\t\t\t<\/div>\n\t\t\t\t<\/div>\n\t\t\t\t\t<\/div>\n\t\t<\/div>\n\t\t\t\t<div class=\"elementor-column elementor-col-33 elementor-top-column elementor-element elementor-element-cfbe7ba\" data-id=\"cfbe7ba\" data-element_type=\"column\">\n\t\t\t<div class=\"elementor-widget-wrap elementor-element-populated\">\n\t\t\t\t\t\t<div class=\"elementor-element elementor-element-1f57b77 elementor-align-center elementor-widget elementor-widget-button\" data-id=\"1f57b77\" data-element_type=\"widget\" data-widget_type=\"button.default\">\n\t\t\t\t<div class=\"elementor-widget-container\">\n\t\t\t\t\t\t\t\t\t<div class=\"elementor-button-wrapper\">\n\t\t\t\t\t<a class=\"elementor-button elementor-button-link elementor-size-sm\" href=\"\/offrande-de-messe\/\" target=\"_blank\">\n\t\t\t\t\t\t<span class=\"elementor-button-content-wrapper\">\n\t\t\t\t\t\t\t\t\t<span class=\"elementor-button-text\">OFFRIR UNE MESSE<\/span>\n\t\t\t\t\t<\/span>\n\t\t\t\t\t<\/a>\n\t\t\t\t<\/div>\n\t\t\t\t\t\t\t\t<\/div>\n\t\t\t\t<\/div>\n\t\t\t\t\t<\/div>\n\t\t<\/div>\n\t\t\t\t\t<\/div>\n\t\t<\/section>\n\t\t\t\t<\/div>\n\t\t","protected":false},"excerpt":{"rendered":"<p>Lourdes luogo di preghiera A Lourdes i pellegrini, appena entrano nel comprensorio del Santuario, si fanno il segno della croce, perch\u00e9 sanno che stanno entrando in un luogo di preghiera e meditazione. In tutta la zona \u00e8 vietato fumare, correre &hellip; <a href=\"https:\/\/www.lourdes-france.org\/it\/lourdes-luogo-di-preghiera\/\">Continua<\/a><\/p>\n","protected":false},"author":7,"featured_media":0,"parent":0,"menu_order":0,"comment_status":"closed","ping_status":"closed","template":"","meta":{"_acf_changed":false,"footnotes":""},"class_list":["post-867246","page","type-page","status-publish","hentry"],"acf":[],"yoast_head":"<!-- This site is optimized with the Yoast SEO plugin v24.7 - https:\/\/yoast.com\/wordpress\/plugins\/seo\/ -->\n<title>Lourdes luogo di preghiera<\/title>\n<meta name=\"robots\" content=\"index, follow, max-snippet:-1, max-image-preview:large, max-video-preview:-1\" \/>\n<link rel=\"canonical\" href=\"https:\/\/preprod-lourdes.cawita.com\/it\/lourdes-luogo-di-preghiera\/\" \/>\n<meta name=\"twitter:label1\" content=\"Tempo di lettura stimato\" \/>\n\t<meta name=\"twitter:data1\" content=\"4 minuti\" \/>\n<script type=\"application\/ld+json\" class=\"yoast-schema-graph\">{\"@context\":\"https:\/\/schema.org\",\"@graph\":[{\"@type\":\"WebPage\",\"@id\":\"https:\/\/preprod-lourdes.cawita.com\/it\/lourdes-luogo-di-preghiera\/\",\"url\":\"https:\/\/preprod-lourdes.cawita.com\/it\/lourdes-luogo-di-preghiera\/\",\"name\":\"Lourdes luogo di preghiera\",\"isPartOf\":{\"@id\":\"https:\/\/preprod-lourdes.cawita.com\/#website\"},\"primaryImageOfPage\":{\"@id\":\"https:\/\/preprod-lourdes.cawita.com\/it\/lourdes-luogo-di-preghiera\/#primaryimage\"},\"image\":{\"@id\":\"https:\/\/preprod-lourdes.cawita.com\/it\/lourdes-luogo-di-preghiera\/#primaryimage\"},\"thumbnailUrl\":\"https:\/\/www.lourdes-france.org\/wp-content\/uploads\/2022\/06\/3_redimensionner-2048x1365.jpg\",\"datePublished\":\"2022-03-24T10:30:41+00:00\",\"dateModified\":\"2022-09-01T11:33:11+00:00\",\"breadcrumb\":{\"@id\":\"https:\/\/preprod-lourdes.cawita.com\/it\/lourdes-luogo-di-preghiera\/#breadcrumb\"},\"inLanguage\":\"it-IT\",\"potentialAction\":[{\"@type\":\"ReadAction\",\"target\":[\"https:\/\/preprod-lourdes.cawita.com\/it\/lourdes-luogo-di-preghiera\/\"]}]},{\"@type\":\"ImageObject\",\"inLanguage\":\"it-IT\",\"@id\":\"https:\/\/preprod-lourdes.cawita.com\/it\/lourdes-luogo-di-preghiera\/#primaryimage\",\"url\":\"https:\/\/www.lourdes-france.org\/wp-content\/uploads\/2022\/06\/3_redimensionner-2048x1365.jpg\",\"contentUrl\":\"https:\/\/www.lourdes-france.org\/wp-content\/uploads\/2022\/06\/3_redimensionner-2048x1365.jpg\"},{\"@type\":\"BreadcrumbList\",\"@id\":\"https:\/\/preprod-lourdes.cawita.com\/it\/lourdes-luogo-di-preghiera\/#breadcrumb\",\"itemListElement\":[{\"@type\":\"ListItem\",\"position\":1,\"name\":\"Accueil\",\"item\":\"https:\/\/www.lourdes-france.org\/\"},{\"@type\":\"ListItem\",\"position\":2,\"name\":\"Lourdes luogo di preghiera\"}]},{\"@type\":\"WebSite\",\"@id\":\"https:\/\/preprod-lourdes.cawita.com\/#website\",\"url\":\"https:\/\/preprod-lourdes.cawita.com\/\",\"name\":\"Soutenir le Sanctuaire Notre-Dame de Lourdes\",\"description\":\"\",\"potentialAction\":[{\"@type\":\"SearchAction\",\"target\":{\"@type\":\"EntryPoint\",\"urlTemplate\":\"https:\/\/preprod-lourdes.cawita.com\/?s={search_term_string}\"},\"query-input\":{\"@type\":\"PropertyValueSpecification\",\"valueRequired\":true,\"valueName\":\"search_term_string\"}}],\"inLanguage\":\"it-IT\"}]}<\/script>\n<!-- \/ Yoast SEO plugin. -->","yoast_head_json":{"title":"Lourdes luogo di preghiera","robots":{"index":"index","follow":"follow","max-snippet":"max-snippet:-1","max-image-preview":"max-image-preview:large","max-video-preview":"max-video-preview:-1"},"canonical":"https:\/\/preprod-lourdes.cawita.com\/it\/lourdes-luogo-di-preghiera\/","twitter_misc":{"Tempo di lettura stimato":"4 minuti"},"schema":{"@context":"https:\/\/schema.org","@graph":[{"@type":"WebPage","@id":"https:\/\/preprod-lourdes.cawita.com\/it\/lourdes-luogo-di-preghiera\/","url":"https:\/\/preprod-lourdes.cawita.com\/it\/lourdes-luogo-di-preghiera\/","name":"Lourdes luogo di preghiera","isPartOf":{"@id":"https:\/\/preprod-lourdes.cawita.com\/#website"},"primaryImageOfPage":{"@id":"https:\/\/preprod-lourdes.cawita.com\/it\/lourdes-luogo-di-preghiera\/#primaryimage"},"image":{"@id":"https:\/\/preprod-lourdes.cawita.com\/it\/lourdes-luogo-di-preghiera\/#primaryimage"},"thumbnailUrl":"https:\/\/www.lourdes-france.org\/wp-content\/uploads\/2022\/06\/3_redimensionner-2048x1365.jpg","datePublished":"2022-03-24T10:30:41+00:00","dateModified":"2022-09-01T11:33:11+00:00","breadcrumb":{"@id":"https:\/\/preprod-lourdes.cawita.com\/it\/lourdes-luogo-di-preghiera\/#breadcrumb"},"inLanguage":"it-IT","potentialAction":[{"@type":"ReadAction","target":["https:\/\/preprod-lourdes.cawita.com\/it\/lourdes-luogo-di-preghiera\/"]}]},{"@type":"ImageObject","inLanguage":"it-IT","@id":"https:\/\/preprod-lourdes.cawita.com\/it\/lourdes-luogo-di-preghiera\/#primaryimage","url":"https:\/\/www.lourdes-france.org\/wp-content\/uploads\/2022\/06\/3_redimensionner-2048x1365.jpg","contentUrl":"https:\/\/www.lourdes-france.org\/wp-content\/uploads\/2022\/06\/3_redimensionner-2048x1365.jpg"},{"@type":"BreadcrumbList","@id":"https:\/\/preprod-lourdes.cawita.com\/it\/lourdes-luogo-di-preghiera\/#breadcrumb","itemListElement":[{"@type":"ListItem","position":1,"name":"Accueil","item":"https:\/\/www.lourdes-france.org\/"},{"@type":"ListItem","position":2,"name":"Lourdes luogo di preghiera"}]},{"@type":"WebSite","@id":"https:\/\/preprod-lourdes.cawita.com\/#website","url":"https:\/\/preprod-lourdes.cawita.com\/","name":"Soutenir le Sanctuaire Notre-Dame de Lourdes","description":"","potentialAction":[{"@type":"SearchAction","target":{"@type":"EntryPoint","urlTemplate":"https:\/\/preprod-lourdes.cawita.com\/?s={search_term_string}"},"query-input":{"@type":"PropertyValueSpecification","valueRequired":true,"valueName":"search_term_string"}}],"inLanguage":"it-IT"}]}},"_links":{"self":[{"href":"https:\/\/www.lourdes-france.org\/it\/wp-json\/wp\/v2\/pages\/867246","targetHints":{"allow":["GET"]}}],"collection":[{"href":"https:\/\/www.lourdes-france.org\/it\/wp-json\/wp\/v2\/pages"}],"about":[{"href":"https:\/\/www.lourdes-france.org\/it\/wp-json\/wp\/v2\/types\/page"}],"author":[{"embeddable":true,"href":"https:\/\/www.lourdes-france.org\/it\/wp-json\/wp\/v2\/users\/7"}],"replies":[{"embeddable":true,"href":"https:\/\/www.lourdes-france.org\/it\/wp-json\/wp\/v2\/comments?post=867246"}],"version-history":[{"count":8,"href":"https:\/\/www.lourdes-france.org\/it\/wp-json\/wp\/v2\/pages\/867246\/revisions"}],"predecessor-version":[{"id":867744,"href":"https:\/\/www.lourdes-france.org\/it\/wp-json\/wp\/v2\/pages\/867246\/revisions\/867744"}],"wp:attachment":[{"href":"https:\/\/www.lourdes-france.org\/it\/wp-json\/wp\/v2\/media?parent=867246"}],"curies":[{"name":"wp","href":"https:\/\/api.w.org\/{rel}","templated":true}]}}