{"id":867255,"date":"2022-03-24T14:09:09","date_gmt":"2022-03-24T13:09:09","guid":{"rendered":"https:\/\/www.lourdes-france.org\/les-miracles-de-lourdes\/"},"modified":"2022-09-01T13:36:29","modified_gmt":"2022-09-01T11:36:29","slug":"i-miracoli-di-lourdes","status":"publish","type":"page","link":"https:\/\/www.lourdes-france.org\/it\/i-miracoli-di-lourdes\/","title":{"rendered":"I miracoli di Lourdes"},"content":{"rendered":"\t\t<div data-elementor-type=\"wp-page\" data-elementor-id=\"867255\" class=\"elementor elementor-867255 elementor-848594\" data-elementor-post-type=\"page\">\n\t\t\t\t\t\t<section class=\"elementor-section elementor-top-section elementor-element elementor-element-b02271f elementor-section-full_width elementor-section-stretched elementor-section-height-default elementor-section-height-default\" data-id=\"b02271f\" data-element_type=\"section\" data-settings=\"{&quot;stretch_section&quot;:&quot;section-stretched&quot;}\">\n\t\t\t\t\t\t<div class=\"elementor-container elementor-column-gap-default\">\n\t\t\t\t\t<div class=\"elementor-column elementor-col-100 elementor-top-column elementor-element elementor-element-181e9395\" data-id=\"181e9395\" data-element_type=\"column\">\n\t\t\t<div class=\"elementor-widget-wrap elementor-element-populated\">\n\t\t\t\t\t\t<div class=\"elementor-element elementor-element-6ad1896e elementor-widget elementor-widget-image\" data-id=\"6ad1896e\" data-element_type=\"widget\" data-widget_type=\"image.default\">\n\t\t\t\t<div class=\"elementor-widget-container\">\n\t\t\t\t\t\t\t\t\t\t\t\t\t\t\t<img fetchpriority=\"high\" decoding=\"async\" width=\"2048\" height=\"1365\" src=\"https:\/\/www.lourdes-france.org\/wp-content\/uploads\/2022\/06\/7-1er_Cas_Louis_Bouriette_recadre-2048x1365.jpg\" class=\"attachment-2048x2048 size-2048x2048 wp-image-860678\" alt=\"\" srcset=\"https:\/\/www.lourdes-france.org\/wp-content\/uploads\/2022\/06\/7-1er_Cas_Louis_Bouriette_recadre-2048x1365.jpg 2048w, https:\/\/www.lourdes-france.org\/wp-content\/uploads\/2022\/06\/7-1er_Cas_Louis_Bouriette_recadre-300x200.jpg 300w, https:\/\/www.lourdes-france.org\/wp-content\/uploads\/2022\/06\/7-1er_Cas_Louis_Bouriette_recadre-1024x683.jpg 1024w, https:\/\/www.lourdes-france.org\/wp-content\/uploads\/2022\/06\/7-1er_Cas_Louis_Bouriette_recadre-768x512.jpg 768w, https:\/\/www.lourdes-france.org\/wp-content\/uploads\/2022\/06\/7-1er_Cas_Louis_Bouriette_recadre-1536x1024.jpg 1536w\" sizes=\"(max-width: 2048px) 100vw, 2048px\" \/>\t\t\t\t\t\t\t\t\t\t\t\t\t\t\t<\/div>\n\t\t\t\t<\/div>\n\t\t\t\t\t<\/div>\n\t\t<\/div>\n\t\t\t\t\t<\/div>\n\t\t<\/section>\n\t\t\t\t<section class=\"elementor-section elementor-top-section elementor-element elementor-element-70565c17 elementor-section-boxed elementor-section-height-default elementor-section-height-default\" data-id=\"70565c17\" data-element_type=\"section\">\n\t\t\t\t\t\t<div class=\"elementor-container elementor-column-gap-default\">\n\t\t\t\t\t<div class=\"elementor-column elementor-col-100 elementor-top-column elementor-element elementor-element-3ef5239b\" data-id=\"3ef5239b\" data-element_type=\"column\">\n\t\t\t<div class=\"elementor-widget-wrap elementor-element-populated\">\n\t\t\t\t\t\t<div class=\"elementor-element elementor-element-2dc243a4 elementor-widget elementor-widget-heading\" data-id=\"2dc243a4\" data-element_type=\"widget\" data-widget_type=\"heading.default\">\n\t\t\t\t<div class=\"elementor-widget-container\">\n\t\t\t\t\t<h1 class=\"elementor-heading-title elementor-size-default\">I miracoli di Lourdes<\/h1>\t\t\t\t<\/div>\n\t\t\t\t<\/div>\n\t\t\t\t\t<\/div>\n\t\t<\/div>\n\t\t\t\t\t<\/div>\n\t\t<\/section>\n\t\t\t\t<section class=\"elementor-section elementor-top-section elementor-element elementor-element-125fbb1 elementor-section-boxed elementor-section-height-default elementor-section-height-default\" data-id=\"125fbb1\" data-element_type=\"section\" data-settings=\"{&quot;background_background&quot;:&quot;classic&quot;}\">\n\t\t\t\t\t\t<div class=\"elementor-container elementor-column-gap-default\">\n\t\t\t\t\t<div class=\"elementor-column elementor-col-100 elementor-top-column elementor-element elementor-element-45a2d7d\" data-id=\"45a2d7d\" data-element_type=\"column\">\n\t\t\t<div class=\"elementor-widget-wrap elementor-element-populated\">\n\t\t\t\t\t\t<div class=\"elementor-element elementor-element-cc2b2d3 elementor-widget elementor-widget-text-editor\" data-id=\"cc2b2d3\" data-element_type=\"widget\" data-widget_type=\"text-editor.default\">\n\t\t\t\t<div class=\"elementor-widget-container\">\n\t\t\t\t\t\t\t\t\t<h5>I primi miracoli a Lourdes si sono verificati nel 1858, nel corso delle apparizioni della Vergine Maria a Bernadette.<br \/>Da allora, migliaia di dichiarazioni di guarigione sono state raccolte all&#8217;interno di un&#8217;organizzazione unica al mondo: l&#8217;Ufficio delle Constatazioni Mediche.<\/h5>\t\t\t\t\t\t\t\t<\/div>\n\t\t\t\t<\/div>\n\t\t\t\t\t<\/div>\n\t\t<\/div>\n\t\t\t\t\t<\/div>\n\t\t<\/section>\n\t\t\t\t<section class=\"elementor-section elementor-top-section elementor-element elementor-element-e692140 elementor-section-boxed elementor-section-height-default elementor-section-height-default\" data-id=\"e692140\" data-element_type=\"section\">\n\t\t\t\t\t\t<div class=\"elementor-container elementor-column-gap-default\">\n\t\t\t\t\t<div class=\"elementor-column elementor-col-100 elementor-top-column elementor-element elementor-element-95cb9bd\" data-id=\"95cb9bd\" data-element_type=\"column\">\n\t\t\t<div class=\"elementor-widget-wrap elementor-element-populated\">\n\t\t\t\t\t\t<div class=\"elementor-element elementor-element-4648000 elementor-widget elementor-widget-text-editor\" data-id=\"4648000\" data-element_type=\"widget\" data-widget_type=\"text-editor.default\">\n\t\t\t\t<div class=\"elementor-widget-container\">\n\t\t\t\t\t\t\t\t\t<h2>Un ufficio di constatazioni mediche unico al mondo<\/h2><p>Questo ufficio, il \u201cBureau des Constatations M\u00e9dicales di Lourdes\u201d fondato nel 1883, fa parte, come le piscine<sup>1<\/sup>, del patrimonio storico del Santuario di Lourdes. \u00c8 un luogo unico al mondo, perch\u00e9 nessun altro santuario, a prescindere dalla religione, ha la presenza permanente di un medico incaricato di osservare, verificare e indagare casi di presunte guarigioni.<br \/>Su oltre 7.000 pratiche di guarigione archiviate a Lourdes dopo le apparizioni, 70 casi sono stati finora riconosciuti dalla Chiesa <sup>2<\/sup> come miracolosi. Pi\u00f9 dell&#8217;80% delle guarigioni riconosciute come miracolose riguarda le donne. La persona pi\u00f9 giovane, la cui guarigione \u00e8 stata riconosciuta come miracolosa, aveva 2 anni. I paesi di origine delle persone la cui guarigione \u00e8 stata riconosciuta come miracolosa sono Francia (56), Italia (8), Belgio (3), Germania (1), Austria (1) e Svizzera (1). Sei persone affermano di essere state guarite per intercessione di Nostra Signora di Lourdes anche se non erano venute a Lourdes. La maggior parte delle persone \u00e8 venuta a contatto con l&#8217;acqua di Lourdes (50), la maggior parte presso le piscine del Santuario.<\/p><h2>Storico<\/h2><p>Su richiesta di padre R\u00e9mi Semp\u00e9, padre di Garaison e primo rettore del Santuario, il dottor Georges-Fernand Dunot di Saint-Maclou fond\u00f2 l&#8217;Ufficio dei reperti medici affinch\u00e9 nessuno potesse lasciare Lourdes affermando di essere &#8220;guarito&#8221; senza aver presentato la propria guarigione e la propria storia a una verifica medica, rigorosa e collegiale. Nel 1886, tramite l&#8217;arcivescovo di Cagliari, Mons. Vincenzo Gregorio Berchialla, papa Leone XIII accett\u00f2 le rigorose procedure dello Studio medico di Lourdes, cos\u00ec che, nel 1905, al Vescovo di Tarbes venne confermato dalla Santa Sede il diritto di utilizzare le procedure dell&#8217;Ufficio dei reperti medici per studiare le guarigioni dichiarate. Questo diritto \u00e8 valido ancora oggi.<\/p><h2>Dichiarare un miracolo: 4 tappe determinanti<\/h2><p>Il medico permanente dell&#8217;Ufficio delle Constatazioni Mediche, missione occupata dal 2009 dal dottor Alessandro de Franciscis, riceve le persone che desiderano dichiarare una guarigione. Se ritiene che il caso sia serio e meritevole di ulteriori indagini, convoca i colleghi medici e infermieri presenti quel giorno a Lourdes e che hanno indicato la loro presenza all&#8217;albo dell&#8217;Ufficio accertamenti medici di Lourdes. Se i medici decidono collettivamente di continuare le indagini, la cura \u00e8 quindi oggetto di un lungo processo di ricerca, che pu\u00f2 durare diversi anni, al termine del quale i membri del Comitato Medico Internazionale di Lourdes (CMIL) dichiarano che la guarigione \u00e8 \u201cinspiegabile allo stato attuale delle nostre conoscenze\u201d.<br \/>Della dichiarazione del CMIL viene poi informato il vescovo del luogo di residenza del guarito. Sta poi a lui, in quanto rappresentante della gerarchia della Chiesa, la decisione di dichiarare o meno un miracolo<sup>3<\/sup>.<\/p><h2>Il lavoro e la dichiarazione dei medici devono imperativamente rispettare una serie di 7 criteri<sup>4<\/sup> :<\/h2><ol><li>Il primo criterio \u00e8 che la malattia deve essere grave, con prognosi sfavorevole.<\/li><li>In secondo luogo, la malattia deve essere conosciuta ed elencata dalla medicina.<\/li><li>In terzo luogo, questa malattia deve essere organica, lesionale, vale a dire che possa essere sottoposta a criteri oggettivi, biologici, radiologici, ovvero a tutto ci\u00f2 che esiste attualmente in medicina; il che significa che ancor oggi non vengono riconosciute guarigioni di patologie che non possono presentare precisi criteri oggettivi come malattie psichiche, psichiatriche, funzionali, nervose, ecc. (questo non significa che non si possano verificare guarigioni o miglioramenti di queste malattie, ma secondo i criteri della Chiesa, allo stato attuale delle cose, non saranno riconosciuti come miracolosi).<\/li><li>In quarto luogo, non vi deve essere stato o non deve essere in corso alcun trattamento a cui possa essere attribuita la guarigione.<\/li><li>Il 5\u00b0 criterio riguarda il momento della guarigione stessa: la guarigione deve essere repentina, istantanea, immediata e senza convalescenza.<\/li><li>\u00a0<\/li><li>Infine, dopo la guarigione, vi sono ancora due criteri: non deve essere semplicemente una regressione dei sintomi ma un ritorno di tutte le funzioni vitali, infine, non deve essere semplicemente una remissione ma una guarigione, cio\u00e8 durevole e definitiva.<\/li><\/ol><p><span style=\"font-size: 12.75px;\"><br \/>1 \u2013 Il rituale del bagno nelle piscine di Lourdes \u00e8 elencato come patrimonio culturale immateriale.<br \/><\/span><span style=\"font-size: 12.75px;\">2 \u2013 Galleria dei ritratti dei 70 miracolati di Lourdes al 1\u00b0 piano dell\u2019Accueil Giovanni Paolo II.<br \/><\/span><span style=\"font-size: 12.75px;\">3 \u2013 Miracolo: \u201cFatto straordinario e che suscita ammirazione fuori dal solito corso delle cose. Manifestazione della potenza e dell&#8217;intervento di Dio che porta una rivelazione della sua presenza e della libert\u00e0 di cui si serve per realizzare i suoi scopi. Il miracolo non ha il suo scopo in s\u00e9, ma dirige ulteriormente lo sguardo rivelando l&#8217;immediata presenza di Dio. (Fonte: Conferenza dei Vescovi di Francia).<br \/><\/span><span style=\"font-size: 12.75px;\">4 \u2013 Questi criteri sono gli stessi utilizzati dalla Congregazione delle Cause dei Santi, in Vaticano, che li utilizza nell&#8217;ambito del riconoscimento dei miracoli legati alle beatificazioni e canonizzazioni. Essi furono definiti dal cardinale Lambertini (futuro papa Benedetto XIV).<\/span><\/p>\t\t\t\t\t\t\t\t<\/div>\n\t\t\t\t<\/div>\n\t\t\t\t\t<\/div>\n\t\t<\/div>\n\t\t\t\t\t<\/div>\n\t\t<\/section>\n\t\t\t\t<section class=\"elementor-section elementor-top-section elementor-element elementor-element-b071154 elementor-section-boxed elementor-section-height-default elementor-section-height-default\" data-id=\"b071154\" data-element_type=\"section\">\n\t\t\t\t\t\t<div class=\"elementor-container elementor-column-gap-default\">\n\t\t\t\t\t<div class=\"elementor-column elementor-col-100 elementor-top-column elementor-element elementor-element-5f12d29\" data-id=\"5f12d29\" data-element_type=\"column\">\n\t\t\t<div class=\"elementor-widget-wrap elementor-element-populated\">\n\t\t\t\t\t\t<div class=\"elementor-element elementor-element-8c6c5bb elementor-align-center elementor-widget elementor-widget-button\" data-id=\"8c6c5bb\" data-element_type=\"widget\" data-widget_type=\"button.default\">\n\t\t\t\t<div class=\"elementor-widget-container\">\n\t\t\t\t\t\t\t\t\t<div class=\"elementor-button-wrapper\">\n\t\t\t\t\t<a class=\"elementor-button elementor-button-link elementor-size-sm\" href=\"https:\/\/www.lourdes-france.com\/guerison-et-miracles\/\" target=\"_blank\">\n\t\t\t\t\t\t<span class=\"elementor-button-content-wrapper\">\n\t\t\t\t\t\t\t\t\t<span class=\"elementor-button-text\">LES 70 GU\u00c9RISONS RECONNUES MIRACULEUSES PAR L'\u00c9GLISE CATHOLIQUE<\/span>\n\t\t\t\t\t<\/span>\n\t\t\t\t\t<\/a>\n\t\t\t\t<\/div>\n\t\t\t\t\t\t\t\t<\/div>\n\t\t\t\t<\/div>\n\t\t\t\t<div class=\"elementor-element elementor-element-bcb616a elementor-align-center elementor-widget elementor-widget-button\" data-id=\"bcb616a\" data-element_type=\"widget\" data-widget_type=\"button.default\">\n\t\t\t\t<div class=\"elementor-widget-container\">\n\t\t\t\t\t\t\t\t\t<div class=\"elementor-button-wrapper\">\n\t\t\t\t\t<a class=\"elementor-button elementor-button-link elementor-size-sm\" href=\"https:\/\/www.amilourdes.com\/homepage-fr\/\" target=\"_blank\">\n\t\t\t\t\t\t<span class=\"elementor-button-content-wrapper\">\n\t\t\t\t\t\t\t\t\t<span class=\"elementor-button-text\">ASSOCIAZIONE MEDICA INTERNAZIONALE DI LOURDES (AMIL)<\/span>\n\t\t\t\t\t<\/span>\n\t\t\t\t\t<\/a>\n\t\t\t\t<\/div>\n\t\t\t\t\t\t\t\t<\/div>\n\t\t\t\t<\/div>\n\t\t\t\t\t<\/div>\n\t\t<\/div>\n\t\t\t\t\t<\/div>\n\t\t<\/section>\n\t\t\t\t<\/div>\n\t\t","protected":false},"excerpt":{"rendered":"<p>I miracoli di Lourdes I primi miracoli a Lourdes si sono verificati nel 1858, nel corso delle apparizioni della Vergine Maria a Bernadette. Da allora, migliaia di dichiarazioni di guarigione sono state raccolte all&#8217;interno di un&#8217;organizzazione unica al mondo: l&#8217;Ufficio &hellip; <a href=\"https:\/\/www.lourdes-france.org\/it\/i-miracoli-di-lourdes\/\">Continua<\/a><\/p>\n","protected":false},"author":7,"featured_media":0,"parent":0,"menu_order":0,"comment_status":"closed","ping_status":"closed","template":"","meta":{"_acf_changed":false,"footnotes":""},"class_list":["post-867255","page","type-page","status-publish","hentry"],"acf":[],"yoast_head":"<!-- This site is optimized with the Yoast SEO plugin v24.7 - https:\/\/yoast.com\/wordpress\/plugins\/seo\/ -->\n<title>Les miracles de Lourdes<\/title>\n<meta name=\"description\" content=\"Les premiers miracles de Lourdes ont eu lieu apr\u00e8s les apparitions de la Vierge \u00e0 Bernadette en 1858 recueillies par le Bureau des constatations m\u00e9dicales.\" \/>\n<meta name=\"robots\" content=\"index, follow, max-snippet:-1, max-image-preview:large, max-video-preview:-1\" \/>\n<link rel=\"canonical\" href=\"https:\/\/preprod-lourdes.cawita.com\/it\/i-miracoli-di-lourdes\/\" \/>\n<meta name=\"twitter:label1\" content=\"Tempo di lettura stimato\" \/>\n\t<meta name=\"twitter:data1\" content=\"4 minuti\" \/>\n<script type=\"application\/ld+json\" class=\"yoast-schema-graph\">{\"@context\":\"https:\/\/schema.org\",\"@graph\":[{\"@type\":\"WebPage\",\"@id\":\"https:\/\/preprod-lourdes.cawita.com\/it\/i-miracoli-di-lourdes\/\",\"url\":\"https:\/\/preprod-lourdes.cawita.com\/it\/i-miracoli-di-lourdes\/\",\"name\":\"Les miracles de Lourdes\",\"isPartOf\":{\"@id\":\"https:\/\/preprod-lourdes.cawita.com\/#website\"},\"primaryImageOfPage\":{\"@id\":\"https:\/\/preprod-lourdes.cawita.com\/it\/i-miracoli-di-lourdes\/#primaryimage\"},\"image\":{\"@id\":\"https:\/\/preprod-lourdes.cawita.com\/it\/i-miracoli-di-lourdes\/#primaryimage\"},\"thumbnailUrl\":\"https:\/\/www.lourdes-france.org\/wp-content\/uploads\/2022\/06\/7-1er_Cas_Louis_Bouriette_recadre-2048x1365.jpg\",\"datePublished\":\"2022-03-24T13:09:09+00:00\",\"dateModified\":\"2022-09-01T11:36:29+00:00\",\"description\":\"Les premiers miracles de Lourdes ont eu lieu apr\u00e8s les apparitions de la Vierge \u00e0 Bernadette en 1858 recueillies par le Bureau des constatations m\u00e9dicales.\",\"breadcrumb\":{\"@id\":\"https:\/\/preprod-lourdes.cawita.com\/it\/i-miracoli-di-lourdes\/#breadcrumb\"},\"inLanguage\":\"it-IT\",\"potentialAction\":[{\"@type\":\"ReadAction\",\"target\":[\"https:\/\/preprod-lourdes.cawita.com\/it\/i-miracoli-di-lourdes\/\"]}]},{\"@type\":\"ImageObject\",\"inLanguage\":\"it-IT\",\"@id\":\"https:\/\/preprod-lourdes.cawita.com\/it\/i-miracoli-di-lourdes\/#primaryimage\",\"url\":\"https:\/\/www.lourdes-france.org\/wp-content\/uploads\/2022\/06\/7-1er_Cas_Louis_Bouriette_recadre-2048x1365.jpg\",\"contentUrl\":\"https:\/\/www.lourdes-france.org\/wp-content\/uploads\/2022\/06\/7-1er_Cas_Louis_Bouriette_recadre-2048x1365.jpg\"},{\"@type\":\"BreadcrumbList\",\"@id\":\"https:\/\/preprod-lourdes.cawita.com\/it\/i-miracoli-di-lourdes\/#breadcrumb\",\"itemListElement\":[{\"@type\":\"ListItem\",\"position\":1,\"name\":\"Accueil\",\"item\":\"https:\/\/www.lourdes-france.org\/\"},{\"@type\":\"ListItem\",\"position\":2,\"name\":\"I miracoli di Lourdes\"}]},{\"@type\":\"WebSite\",\"@id\":\"https:\/\/preprod-lourdes.cawita.com\/#website\",\"url\":\"https:\/\/preprod-lourdes.cawita.com\/\",\"name\":\"Soutenir le Sanctuaire Notre-Dame de Lourdes\",\"description\":\"\",\"potentialAction\":[{\"@type\":\"SearchAction\",\"target\":{\"@type\":\"EntryPoint\",\"urlTemplate\":\"https:\/\/preprod-lourdes.cawita.com\/?s={search_term_string}\"},\"query-input\":{\"@type\":\"PropertyValueSpecification\",\"valueRequired\":true,\"valueName\":\"search_term_string\"}}],\"inLanguage\":\"it-IT\"}]}<\/script>\n<!-- \/ Yoast SEO plugin. -->","yoast_head_json":{"title":"Les miracles de Lourdes","description":"Les premiers miracles de Lourdes ont eu lieu apr\u00e8s les apparitions de la Vierge \u00e0 Bernadette en 1858 recueillies par le Bureau des constatations m\u00e9dicales.","robots":{"index":"index","follow":"follow","max-snippet":"max-snippet:-1","max-image-preview":"max-image-preview:large","max-video-preview":"max-video-preview:-1"},"canonical":"https:\/\/preprod-lourdes.cawita.com\/it\/i-miracoli-di-lourdes\/","twitter_misc":{"Tempo di lettura stimato":"4 minuti"},"schema":{"@context":"https:\/\/schema.org","@graph":[{"@type":"WebPage","@id":"https:\/\/preprod-lourdes.cawita.com\/it\/i-miracoli-di-lourdes\/","url":"https:\/\/preprod-lourdes.cawita.com\/it\/i-miracoli-di-lourdes\/","name":"Les miracles de Lourdes","isPartOf":{"@id":"https:\/\/preprod-lourdes.cawita.com\/#website"},"primaryImageOfPage":{"@id":"https:\/\/preprod-lourdes.cawita.com\/it\/i-miracoli-di-lourdes\/#primaryimage"},"image":{"@id":"https:\/\/preprod-lourdes.cawita.com\/it\/i-miracoli-di-lourdes\/#primaryimage"},"thumbnailUrl":"https:\/\/www.lourdes-france.org\/wp-content\/uploads\/2022\/06\/7-1er_Cas_Louis_Bouriette_recadre-2048x1365.jpg","datePublished":"2022-03-24T13:09:09+00:00","dateModified":"2022-09-01T11:36:29+00:00","description":"Les premiers miracles de Lourdes ont eu lieu apr\u00e8s les apparitions de la Vierge \u00e0 Bernadette en 1858 recueillies par le Bureau des constatations m\u00e9dicales.","breadcrumb":{"@id":"https:\/\/preprod-lourdes.cawita.com\/it\/i-miracoli-di-lourdes\/#breadcrumb"},"inLanguage":"it-IT","potentialAction":[{"@type":"ReadAction","target":["https:\/\/preprod-lourdes.cawita.com\/it\/i-miracoli-di-lourdes\/"]}]},{"@type":"ImageObject","inLanguage":"it-IT","@id":"https:\/\/preprod-lourdes.cawita.com\/it\/i-miracoli-di-lourdes\/#primaryimage","url":"https:\/\/www.lourdes-france.org\/wp-content\/uploads\/2022\/06\/7-1er_Cas_Louis_Bouriette_recadre-2048x1365.jpg","contentUrl":"https:\/\/www.lourdes-france.org\/wp-content\/uploads\/2022\/06\/7-1er_Cas_Louis_Bouriette_recadre-2048x1365.jpg"},{"@type":"BreadcrumbList","@id":"https:\/\/preprod-lourdes.cawita.com\/it\/i-miracoli-di-lourdes\/#breadcrumb","itemListElement":[{"@type":"ListItem","position":1,"name":"Accueil","item":"https:\/\/www.lourdes-france.org\/"},{"@type":"ListItem","position":2,"name":"I miracoli di Lourdes"}]},{"@type":"WebSite","@id":"https:\/\/preprod-lourdes.cawita.com\/#website","url":"https:\/\/preprod-lourdes.cawita.com\/","name":"Soutenir le Sanctuaire Notre-Dame de Lourdes","description":"","potentialAction":[{"@type":"SearchAction","target":{"@type":"EntryPoint","urlTemplate":"https:\/\/preprod-lourdes.cawita.com\/?s={search_term_string}"},"query-input":{"@type":"PropertyValueSpecification","valueRequired":true,"valueName":"search_term_string"}}],"inLanguage":"it-IT"}]}},"_links":{"self":[{"href":"https:\/\/www.lourdes-france.org\/it\/wp-json\/wp\/v2\/pages\/867255","targetHints":{"allow":["GET"]}}],"collection":[{"href":"https:\/\/www.lourdes-france.org\/it\/wp-json\/wp\/v2\/pages"}],"about":[{"href":"https:\/\/www.lourdes-france.org\/it\/wp-json\/wp\/v2\/types\/page"}],"author":[{"embeddable":true,"href":"https:\/\/www.lourdes-france.org\/it\/wp-json\/wp\/v2\/users\/7"}],"replies":[{"embeddable":true,"href":"https:\/\/www.lourdes-france.org\/it\/wp-json\/wp\/v2\/comments?post=867255"}],"version-history":[{"count":20,"href":"https:\/\/www.lourdes-france.org\/it\/wp-json\/wp\/v2\/pages\/867255\/revisions"}],"predecessor-version":[{"id":867751,"href":"https:\/\/www.lourdes-france.org\/it\/wp-json\/wp\/v2\/pages\/867255\/revisions\/867751"}],"wp:attachment":[{"href":"https:\/\/www.lourdes-france.org\/it\/wp-json\/wp\/v2\/media?parent=867255"}],"curies":[{"name":"wp","href":"https:\/\/api.w.org\/{rel}","templated":true}]}}