{"id":867320,"date":"2022-03-25T14:25:45","date_gmt":"2022-03-25T13:25:45","guid":{"rendered":"https:\/\/www.lourdes-france.org\/la-frequentation-en-lourdes\/"},"modified":"2024-06-20T08:48:01","modified_gmt":"2024-06-20T06:48:01","slug":"partecipazione-lourdes","status":"publish","type":"page","link":"https:\/\/www.lourdes-france.org\/it\/partecipazione-lourdes\/","title":{"rendered":"Partecipazione a Lourdes"},"content":{"rendered":"\t\t<div data-elementor-type=\"wp-page\" data-elementor-id=\"867320\" class=\"elementor elementor-867320\" data-elementor-post-type=\"page\">\n\t\t\t\t\t\t<section class=\"elementor-section elementor-top-section elementor-element elementor-element-204bfd64 elementor-section-boxed elementor-section-height-default elementor-section-height-default\" data-id=\"204bfd64\" data-element_type=\"section\">\n\t\t\t\t\t\t<div class=\"elementor-container elementor-column-gap-default\">\n\t\t\t\t\t<div class=\"elementor-column elementor-col-100 elementor-top-column elementor-element elementor-element-7a835d0e\" data-id=\"7a835d0e\" data-element_type=\"column\">\n\t\t\t<div class=\"elementor-widget-wrap elementor-element-populated\">\n\t\t\t\t\t\t<div class=\"elementor-element elementor-element-631ebeea elementor-widget elementor-widget-text-editor\" data-id=\"631ebeea\" data-element_type=\"widget\" data-widget_type=\"text-editor.default\">\n\t\t\t\t<div class=\"elementor-widget-container\">\n\t\t\t\t\t\t\t\t\t<p><img fetchpriority=\"high\" decoding=\"async\" src=\"https:\/\/www.lourdes-france.org\/wp-content\/uploads\/2022\/08\/8_AOUT_redimensionner-2048x1365.jpg\" sizes=\"(max-width: 1140px) 100vw, 1140px\" srcset=\"https:\/\/www.lourdes-france.org\/wp-content\/uploads\/2022\/08\/8_AOUT_redimensionner-2048x1365.jpg 2048w, https:\/\/www.lourdes-france.org\/wp-content\/uploads\/2022\/08\/8_AOUT_redimensionner-300x200.jpg 300w, https:\/\/www.lourdes-france.org\/wp-content\/uploads\/2022\/08\/8_AOUT_redimensionner-1024x683.jpg 1024w, https:\/\/www.lourdes-france.org\/wp-content\/uploads\/2022\/08\/8_AOUT_redimensionner-768x512.jpg 768w, https:\/\/www.lourdes-france.org\/wp-content\/uploads\/2022\/08\/8_AOUT_redimensionner-1536x1024.jpg 1536w\" alt=\"\" width=\"1140\" height=\"760\" \/><\/p><h1>Partecipazione a Lourdes<\/h1><h5>Sin dalla sua origine Lourdes \u00e8 un Santuario internazionale. Che si venga in pellegrinaggio o per una visita di poche ore, il Santuario Nostra Signora di Lourdes \u00e8 un luogo d\u2019incontro, aperto a tutti. Il Santuario non \u00e8 solo un edificio storico che viene tenuto aperto, \u00e8 un luogo vivo che cambia, anno dopo anno, per accogliere sempre meglio i pellegrini e per far scoprire l&#8217;universalit\u00e0 del Messaggio di Lourdes.<\/h5><h2 style=\"text-align: left;\">Da tutto il mondo vengono a Lourdes<\/h2><p>Dalle apparizioni del 1858, una moltitudine di persone si \u00e8 recata alla Grotta di Massabielle, seguendo la piccola Bernadette Soubirous.<br \/>Il primo pellegrinaggio dall&#8217;estero ebbe luogo nel 1874: il pellegrinaggio nazionale belga accompagn\u00f2 a Lourdes pi\u00f9 di mille pellegrini.<br \/>Per poter accogliere queste folle di pellegrini, sempre pi\u00f9 numerose, il Santuario ha costruito negli anni le basiliche, una chiesa, le cappelle, un&#8217;Accueil per gli ammalati.<br \/>Che si tratti di pellegrini per un giorno o per sempre, in famiglia o con la diocesi, di fedeli praticanti o di visitatori occasionali, \u00e8 molto difficile individuare un &#8220;profilo tipico&#8221; di chi si reca a Lourdes.<br \/>Tuttavia, possiamo distinguere:<\/p><p><strong>&#8211;\u00a0<\/strong><span style=\"color: #007a9e;\"><b>I pellegrini<br \/><\/b><\/span>Sono tutti coloro che vengono a Lourdes seguendo un percorso spirituale.<br \/>Spesso giungono con una parrocchia, una diocesi, un paese, una famiglia religiosa o anche un tour operator. Queste organizzazioni di pellegrinaggio hanno spesso una storia e vantano numerose esperienze.<br \/>Il Santuario conosce precisamente il loro numero perch\u00e9 sono censite. Esse sono in stretto contatto con il Santuario per prenotazioni dei posti e per eventuali richieste particolari.<\/p><p><strong>&#8211;\u00a0<\/strong><span style=\"color: #007a9e;\"><b>I visitatori<br \/><\/b><\/span>Sono quelli che vengono a Lourdes da soli o con la famiglia, per qualche giorno o per qualche ora. Si mescolano alla grande folla di pellegrini e talvolta partecipano alle celebrazioni.<br \/>Pellegrini e visitatori da tutto il mondo: 80 nazionalit\u00e0 accolte nel Santuario.<br \/>Lourdes ha un carattere internazionale perch\u00e9 la semplicit\u00e0 e la profondit\u00e0 del suo messaggio riuniscono folle di ogni nazione e provenienza.<br \/>Il Santuario accoglie tutti, l&#8217;intera societ\u00e0, di qualsiasi cultura, religione o anche mancanza di religione. Ciascuno vi trover\u00e0 ci\u00f2 che sta cercando.<\/p><p><a role=\"button\" href=\"\/les-pelerinages\/\"><br \/>EN SAVOIR PLUS SUR LES P\u00c8LERINAGES<br \/><\/a><\/p><h2 style=\"text-align: left;\">Lourdes \u00e8 in tutto il mondo<\/h2><p>\u201cLourdes\u201d \u00e8 un nome conosciuto in tutto il mondo.<br \/>Sono innumerevoli le riproduzioni della Grotta di Massabielle sparse in tutti i continenti e vi sono anche parrocchie e scuole denominate \u201cNostra Signora di Lourdes\u201d.<\/p><p><b>Alcuni numeri<\/b><br \/><i>Pellegrinaggi organizzati con i malati<br \/><\/i>2019: 445.000 pellegrini<br \/>2020: 35.000 pellegrini<br \/>2021: 100.000 pellegrini<br \/>2022: 175.000 pellegrini<br \/>2023: 370.000 pellegrini<\/p><p><i>L&#8217;afflusso di singoli pellegrini e visitatori<br \/><\/i>2019: cifra effettiva non nota\u00a0(stimato a 3,5 milioni)<br \/>2020: 800.000 visitatori<br \/>2021: 1,6 milioni di visitatori<br \/>2022: 2,7 milioni di visitatori<br \/>2023: 3,1 milioni di visitatori<\/p><p><img decoding=\"async\" src=\"https:\/\/www.lourdes-france.org\/wp-content\/uploads\/2022\/06\/Vignette_Frequentation2_500x333px.jpg\" sizes=\"(max-width: 500px) 100vw, 500px\" srcset=\"https:\/\/www.lourdes-france.org\/wp-content\/uploads\/2022\/06\/Vignette_Frequentation2_500x333px.jpg 500w, https:\/\/www.lourdes-france.org\/wp-content\/uploads\/2022\/06\/Vignette_Frequentation2_500x333px-300x200.jpg 300w\" alt=\"\" width=\"500\" height=\"333\" \/><br \/><a role=\"button\" href=\"https:\/\/www.lourdes-france.com\/it\/#servir\" target=\"_blank\" rel=\"noopener\"><br \/>SERVIRE A LOURDES<br \/><\/a><\/p>\t\t\t\t\t\t\t\t<\/div>\n\t\t\t\t<\/div>\n\t\t\t\t\t<\/div>\n\t\t<\/div>\n\t\t\t\t\t<\/div>\n\t\t<\/section>\n\t\t\t\t<\/div>\n\t\t","protected":false},"excerpt":{"rendered":"<p>Partecipazione a Lourdes Sin dalla sua origine Lourdes \u00e8 un Santuario internazionale. Che si venga in pellegrinaggio o per una visita di poche ore, il Santuario Nostra Signora di Lourdes \u00e8 un luogo d\u2019incontro, aperto a tutti. Il Santuario non &hellip; <a href=\"https:\/\/www.lourdes-france.org\/it\/partecipazione-lourdes\/\">Continua<\/a><\/p>\n","protected":false},"author":7,"featured_media":859613,"parent":0,"menu_order":0,"comment_status":"closed","ping_status":"closed","template":"","meta":{"_acf_changed":false,"footnotes":""},"class_list":["post-867320","page","type-page","status-publish","has-post-thumbnail","hentry"],"acf":[],"yoast_head":"<!-- This site is optimized with the Yoast SEO plugin v24.7 - https:\/\/yoast.com\/wordpress\/plugins\/seo\/ -->\n<title>Fr\u00e9quentation de Lourdes<\/title>\n<meta name=\"robots\" content=\"index, follow, max-snippet:-1, max-image-preview:large, max-video-preview:-1\" \/>\n<link rel=\"canonical\" href=\"https:\/\/www.lourdes-france.org\/it\/partecipazione-lourdes\/\" \/>\n<meta name=\"twitter:label1\" content=\"Tempo di lettura stimato\" \/>\n\t<meta name=\"twitter:data1\" content=\"3 minuti\" \/>\n<script type=\"application\/ld+json\" class=\"yoast-schema-graph\">{\"@context\":\"https:\/\/schema.org\",\"@graph\":[{\"@type\":\"WebPage\",\"@id\":\"https:\/\/www.lourdes-france.org\/it\/partecipazione-lourdes\/\",\"url\":\"https:\/\/www.lourdes-france.org\/it\/partecipazione-lourdes\/\",\"name\":\"Fr\u00e9quentation de Lourdes\",\"isPartOf\":{\"@id\":\"https:\/\/preprod-lourdes.cawita.com\/#website\"},\"primaryImageOfPage\":{\"@id\":\"https:\/\/www.lourdes-france.org\/it\/partecipazione-lourdes\/#primaryimage\"},\"image\":{\"@id\":\"https:\/\/www.lourdes-france.org\/it\/partecipazione-lourdes\/#primaryimage\"},\"thumbnailUrl\":\"https:\/\/www.lourdes-france.org\/wp-content\/uploads\/2022\/06\/21_proc-mar-rosaire-36_redimensionner-scaled.jpg\",\"datePublished\":\"2022-03-25T13:25:45+00:00\",\"dateModified\":\"2024-06-20T06:48:01+00:00\",\"breadcrumb\":{\"@id\":\"https:\/\/www.lourdes-france.org\/it\/partecipazione-lourdes\/#breadcrumb\"},\"inLanguage\":\"it-IT\",\"potentialAction\":[{\"@type\":\"ReadAction\",\"target\":[\"https:\/\/www.lourdes-france.org\/it\/partecipazione-lourdes\/\"]}]},{\"@type\":\"ImageObject\",\"inLanguage\":\"it-IT\",\"@id\":\"https:\/\/www.lourdes-france.org\/it\/partecipazione-lourdes\/#primaryimage\",\"url\":\"https:\/\/www.lourdes-france.org\/wp-content\/uploads\/2022\/06\/21_proc-mar-rosaire-36_redimensionner-scaled.jpg\",\"contentUrl\":\"https:\/\/www.lourdes-france.org\/wp-content\/uploads\/2022\/06\/21_proc-mar-rosaire-36_redimensionner-scaled.jpg\",\"width\":2560,\"height\":943,\"caption\":\"Fr\u00e9quentation de Lourdes\"},{\"@type\":\"BreadcrumbList\",\"@id\":\"https:\/\/www.lourdes-france.org\/it\/partecipazione-lourdes\/#breadcrumb\",\"itemListElement\":[{\"@type\":\"ListItem\",\"position\":1,\"name\":\"Accueil\",\"item\":\"https:\/\/www.lourdes-france.org\/\"},{\"@type\":\"ListItem\",\"position\":2,\"name\":\"Partecipazione a Lourdes\"}]},{\"@type\":\"WebSite\",\"@id\":\"https:\/\/preprod-lourdes.cawita.com\/#website\",\"url\":\"https:\/\/preprod-lourdes.cawita.com\/\",\"name\":\"Soutenir le Sanctuaire Notre-Dame de Lourdes\",\"description\":\"\",\"potentialAction\":[{\"@type\":\"SearchAction\",\"target\":{\"@type\":\"EntryPoint\",\"urlTemplate\":\"https:\/\/preprod-lourdes.cawita.com\/?s={search_term_string}\"},\"query-input\":{\"@type\":\"PropertyValueSpecification\",\"valueRequired\":true,\"valueName\":\"search_term_string\"}}],\"inLanguage\":\"it-IT\"}]}<\/script>\n<!-- \/ Yoast SEO plugin. -->","yoast_head_json":{"title":"Fr\u00e9quentation de Lourdes","robots":{"index":"index","follow":"follow","max-snippet":"max-snippet:-1","max-image-preview":"max-image-preview:large","max-video-preview":"max-video-preview:-1"},"canonical":"https:\/\/www.lourdes-france.org\/it\/partecipazione-lourdes\/","twitter_misc":{"Tempo di lettura stimato":"3 minuti"},"schema":{"@context":"https:\/\/schema.org","@graph":[{"@type":"WebPage","@id":"https:\/\/www.lourdes-france.org\/it\/partecipazione-lourdes\/","url":"https:\/\/www.lourdes-france.org\/it\/partecipazione-lourdes\/","name":"Fr\u00e9quentation de Lourdes","isPartOf":{"@id":"https:\/\/preprod-lourdes.cawita.com\/#website"},"primaryImageOfPage":{"@id":"https:\/\/www.lourdes-france.org\/it\/partecipazione-lourdes\/#primaryimage"},"image":{"@id":"https:\/\/www.lourdes-france.org\/it\/partecipazione-lourdes\/#primaryimage"},"thumbnailUrl":"https:\/\/www.lourdes-france.org\/wp-content\/uploads\/2022\/06\/21_proc-mar-rosaire-36_redimensionner-scaled.jpg","datePublished":"2022-03-25T13:25:45+00:00","dateModified":"2024-06-20T06:48:01+00:00","breadcrumb":{"@id":"https:\/\/www.lourdes-france.org\/it\/partecipazione-lourdes\/#breadcrumb"},"inLanguage":"it-IT","potentialAction":[{"@type":"ReadAction","target":["https:\/\/www.lourdes-france.org\/it\/partecipazione-lourdes\/"]}]},{"@type":"ImageObject","inLanguage":"it-IT","@id":"https:\/\/www.lourdes-france.org\/it\/partecipazione-lourdes\/#primaryimage","url":"https:\/\/www.lourdes-france.org\/wp-content\/uploads\/2022\/06\/21_proc-mar-rosaire-36_redimensionner-scaled.jpg","contentUrl":"https:\/\/www.lourdes-france.org\/wp-content\/uploads\/2022\/06\/21_proc-mar-rosaire-36_redimensionner-scaled.jpg","width":2560,"height":943,"caption":"Fr\u00e9quentation de Lourdes"},{"@type":"BreadcrumbList","@id":"https:\/\/www.lourdes-france.org\/it\/partecipazione-lourdes\/#breadcrumb","itemListElement":[{"@type":"ListItem","position":1,"name":"Accueil","item":"https:\/\/www.lourdes-france.org\/"},{"@type":"ListItem","position":2,"name":"Partecipazione a Lourdes"}]},{"@type":"WebSite","@id":"https:\/\/preprod-lourdes.cawita.com\/#website","url":"https:\/\/preprod-lourdes.cawita.com\/","name":"Soutenir le Sanctuaire Notre-Dame de Lourdes","description":"","potentialAction":[{"@type":"SearchAction","target":{"@type":"EntryPoint","urlTemplate":"https:\/\/preprod-lourdes.cawita.com\/?s={search_term_string}"},"query-input":{"@type":"PropertyValueSpecification","valueRequired":true,"valueName":"search_term_string"}}],"inLanguage":"it-IT"}]}},"_links":{"self":[{"href":"https:\/\/www.lourdes-france.org\/it\/wp-json\/wp\/v2\/pages\/867320","targetHints":{"allow":["GET"]}}],"collection":[{"href":"https:\/\/www.lourdes-france.org\/it\/wp-json\/wp\/v2\/pages"}],"about":[{"href":"https:\/\/www.lourdes-france.org\/it\/wp-json\/wp\/v2\/types\/page"}],"author":[{"embeddable":true,"href":"https:\/\/www.lourdes-france.org\/it\/wp-json\/wp\/v2\/users\/7"}],"replies":[{"embeddable":true,"href":"https:\/\/www.lourdes-france.org\/it\/wp-json\/wp\/v2\/comments?post=867320"}],"version-history":[{"count":3,"href":"https:\/\/www.lourdes-france.org\/it\/wp-json\/wp\/v2\/pages\/867320\/revisions"}],"predecessor-version":[{"id":938924,"href":"https:\/\/www.lourdes-france.org\/it\/wp-json\/wp\/v2\/pages\/867320\/revisions\/938924"}],"wp:featuredmedia":[{"embeddable":true,"href":"https:\/\/www.lourdes-france.org\/it\/wp-json\/wp\/v2\/media\/859613"}],"wp:attachment":[{"href":"https:\/\/www.lourdes-france.org\/it\/wp-json\/wp\/v2\/media?parent=867320"}],"curies":[{"name":"wp","href":"https:\/\/api.w.org\/{rel}","templated":true}]}}