{"id":870479,"date":"2022-03-24T10:45:23","date_gmt":"2022-03-24T09:45:23","guid":{"rendered":"https:\/\/www.lourdes-france.org\/lesperance-des-malades\/"},"modified":"2022-09-13T13:48:49","modified_gmt":"2022-09-13T11:48:49","slug":"la-speranza-dei-malati","status":"publish","type":"page","link":"https:\/\/www.lourdes-france.org\/it\/la-speranza-dei-malati\/","title":{"rendered":"La speranza dei malati"},"content":{"rendered":"\t\t<div data-elementor-type=\"wp-page\" data-elementor-id=\"870479\" class=\"elementor elementor-870479 elementor-848456\" data-elementor-post-type=\"page\">\n\t\t\t\t\t\t<section class=\"elementor-section elementor-top-section elementor-element elementor-element-3281755e elementor-section-full_width elementor-section-stretched elementor-section-height-default elementor-section-height-default\" data-id=\"3281755e\" data-element_type=\"section\" data-settings=\"{&quot;stretch_section&quot;:&quot;section-stretched&quot;}\">\n\t\t\t\t\t\t<div class=\"elementor-container elementor-column-gap-default\">\n\t\t\t\t\t<div class=\"elementor-column elementor-col-100 elementor-top-column elementor-element elementor-element-6e02220c\" data-id=\"6e02220c\" data-element_type=\"column\">\n\t\t\t<div class=\"elementor-widget-wrap elementor-element-populated\">\n\t\t\t\t\t\t<div class=\"elementor-element elementor-element-5072b9a0 elementor-widget elementor-widget-image\" data-id=\"5072b9a0\" data-element_type=\"widget\" data-widget_type=\"image.default\">\n\t\t\t\t<div class=\"elementor-widget-container\">\n\t\t\t\t\t\t\t\t\t\t\t\t\t\t\t<img fetchpriority=\"high\" decoding=\"async\" width=\"1200\" height=\"800\" src=\"https:\/\/www.lourdes-france.org\/wp-content\/uploads\/2022\/03\/Vignette_Esperance_malades_1200x800px.jpg\" class=\"attachment-2048x2048 size-2048x2048 wp-image-848467\" alt=\"\" srcset=\"https:\/\/www.lourdes-france.org\/wp-content\/uploads\/2022\/03\/Vignette_Esperance_malades_1200x800px.jpg 1200w, https:\/\/www.lourdes-france.org\/wp-content\/uploads\/2022\/03\/Vignette_Esperance_malades_1200x800px-300x200.jpg 300w, https:\/\/www.lourdes-france.org\/wp-content\/uploads\/2022\/03\/Vignette_Esperance_malades_1200x800px-1024x683.jpg 1024w, https:\/\/www.lourdes-france.org\/wp-content\/uploads\/2022\/03\/Vignette_Esperance_malades_1200x800px-768x512.jpg 768w\" sizes=\"(max-width: 1200px) 100vw, 1200px\" \/>\t\t\t\t\t\t\t\t\t\t\t\t\t\t\t<\/div>\n\t\t\t\t<\/div>\n\t\t\t\t\t<\/div>\n\t\t<\/div>\n\t\t\t\t\t<\/div>\n\t\t<\/section>\n\t\t\t\t<section class=\"elementor-section elementor-top-section elementor-element elementor-element-4468ffa4 elementor-section-boxed elementor-section-height-default elementor-section-height-default\" data-id=\"4468ffa4\" data-element_type=\"section\">\n\t\t\t\t\t\t<div class=\"elementor-container elementor-column-gap-default\">\n\t\t\t\t\t<div class=\"elementor-column elementor-col-100 elementor-top-column elementor-element elementor-element-50f7777\" data-id=\"50f7777\" data-element_type=\"column\">\n\t\t\t<div class=\"elementor-widget-wrap elementor-element-populated\">\n\t\t\t\t\t\t<div class=\"elementor-element elementor-element-7b50965a elementor-widget elementor-widget-heading\" data-id=\"7b50965a\" data-element_type=\"widget\" data-widget_type=\"heading.default\">\n\t\t\t\t<div class=\"elementor-widget-container\">\n\t\t\t\t\t<h1 class=\"elementor-heading-title elementor-size-default\">Perch\u00e9 Lourdes attira le persone malate<\/h1>\t\t\t\t<\/div>\n\t\t\t\t<\/div>\n\t\t\t\t\t<\/div>\n\t\t<\/div>\n\t\t\t\t\t<\/div>\n\t\t<\/section>\n\t\t\t\t<section class=\"elementor-section elementor-top-section elementor-element elementor-element-e4885c5 elementor-section-boxed elementor-section-height-default elementor-section-height-default\" data-id=\"e4885c5\" data-element_type=\"section\">\n\t\t\t\t\t\t<div class=\"elementor-container elementor-column-gap-default\">\n\t\t\t\t\t<div class=\"elementor-column elementor-col-100 elementor-top-column elementor-element elementor-element-ac94633\" data-id=\"ac94633\" data-element_type=\"column\">\n\t\t\t<div class=\"elementor-widget-wrap elementor-element-populated\">\n\t\t\t\t\t\t<div class=\"elementor-element elementor-element-1d44838 elementor-widget elementor-widget-text-editor\" data-id=\"1d44838\" data-element_type=\"widget\" data-widget_type=\"text-editor.default\">\n\t\t\t\t<div class=\"elementor-widget-container\">\n\t\t\t\t\t\t\t\t\t<h2 style=\"text-align: left;\">Lourdes, quando sei malato, per credere nell&#8217;impossibile&#8230;<\/h2><p style=\"text-align: left;\">Dalla terrazza dell&#8217;Accueil Notre-Dame, dove \u00e8 alloggiata nel Santuario, Sasha, una ragazza americana di 26 anni malata terminale per un cancro al cervello, osservava impotente l&#8217;innalzarsi del livello del Gave di Pau durante l&#8217;alluvione che avrebbe devastato Lourdes e la sua regione. Il 18 giugno 2013 la Grotta si trov\u00f2 sommersa da due metri d&#8217;acqua. Trascorsero due giorni di forte attesa per Sasha, che teneva gli occhi fissi sulla Grotta: sarebbe riuscita a raggiungerla e baciare la roccia prima della fine del suo soggiorno? Questo era il suo unico desiderio, il suo ultimo desiderio prima di morire: per questo aveva attraversato l&#8217;Atlantico e raccolto quel poco di forza ancora rimaste. Il declino era iniziato. Beneficiando di un&#8217;autorizzazione speciale, la sera prima della partenza, Sasha venne portata in sedia a rotelle alla Grotta. Baci\u00f2 la roccia della Grotta e medit\u00f2 in silenzio. Furono solo pochi minuti, ma quanto furono intensi! Sasha lasci\u00f2 Lourdes con la certezza di aver realizzato il suo ultimo desiderio. \u201cSono una scienziata, diceva, ho sempre creduto nella medicina pi\u00f9 che nei miracoli. Ma, nel mio caso, la medicina non pu\u00f2 fare altro, quindi\u2026\u201d<\/p>\t\t\t\t\t\t\t\t<\/div>\n\t\t\t\t<\/div>\n\t\t\t\t\t<\/div>\n\t\t<\/div>\n\t\t\t\t\t<\/div>\n\t\t<\/section>\n\t\t\t\t<section class=\"elementor-section elementor-top-section elementor-element elementor-element-d5ac96e elementor-section-boxed elementor-section-height-default elementor-section-height-default\" data-id=\"d5ac96e\" data-element_type=\"section\">\n\t\t\t\t\t\t<div class=\"elementor-container elementor-column-gap-default\">\n\t\t\t\t\t<div class=\"elementor-column elementor-col-100 elementor-top-column elementor-element elementor-element-4ff7a7e\" data-id=\"4ff7a7e\" data-element_type=\"column\">\n\t\t\t<div class=\"elementor-widget-wrap elementor-element-populated\">\n\t\t\t\t\t\t<div class=\"elementor-element elementor-element-4c6d8ba elementor-widget elementor-widget-image\" data-id=\"4c6d8ba\" data-element_type=\"widget\" data-widget_type=\"image.default\">\n\t\t\t\t<div class=\"elementor-widget-container\">\n\t\t\t\t\t\t\t\t\t\t\t\t\t\t\t<img decoding=\"async\" width=\"500\" height=\"333\" src=\"https:\/\/www.lourdes-france.org\/wp-content\/uploads\/2022\/03\/Vignette_malades_500x333px.jpg\" class=\"attachment-large size-large wp-image-848499\" alt=\"\" srcset=\"https:\/\/www.lourdes-france.org\/wp-content\/uploads\/2022\/03\/Vignette_malades_500x333px.jpg 500w, https:\/\/www.lourdes-france.org\/wp-content\/uploads\/2022\/03\/Vignette_malades_500x333px-300x200.jpg 300w\" sizes=\"(max-width: 500px) 100vw, 500px\" \/>\t\t\t\t\t\t\t\t\t\t\t\t\t\t\t<\/div>\n\t\t\t\t<\/div>\n\t\t\t\t\t<\/div>\n\t\t<\/div>\n\t\t\t\t\t<\/div>\n\t\t<\/section>\n\t\t\t\t<section class=\"elementor-section elementor-top-section elementor-element elementor-element-c781c95 elementor-section-boxed elementor-section-height-default elementor-section-height-default\" data-id=\"c781c95\" data-element_type=\"section\">\n\t\t\t\t\t\t<div class=\"elementor-container elementor-column-gap-default\">\n\t\t\t\t\t<div class=\"elementor-column elementor-col-100 elementor-top-column elementor-element elementor-element-85abe57\" data-id=\"85abe57\" data-element_type=\"column\">\n\t\t\t<div class=\"elementor-widget-wrap elementor-element-populated\">\n\t\t\t\t\t\t<div class=\"elementor-element elementor-element-09608e9 elementor-widget elementor-widget-text-editor\" data-id=\"09608e9\" data-element_type=\"widget\" data-widget_type=\"text-editor.default\">\n\t\t\t\t<div class=\"elementor-widget-container\">\n\t\t\t\t\t\t\t\t\t<h2 style=\"text-align: left;\">Lourdes, quando sei malato, per trovare la pace&#8230;<\/h2><p style=\"text-align: left;\">\u201cSono stata vicina alla morte per tre volte, testimonia Sylvie Huchet, francese di 44 anni, originaria della Vandea, e ospite regolare dell&#8217;Accueil Notre Dame. Una volta venni a Lourdes \u201cmacinata come un chicco di grano\u201d. Ero in supporto vitale, sdraiata su una barella con una pompa di morfina. Quando arrivai alla Grotta chiesi una cosa sola: &#8220;Madre Maria, portami in Paradiso!&#8221; \u201cNel profondo di me, per\u00f2, volevo ancora vivere, ma non avevo pi\u00f9 la forza di sopportare il dolore. Volevo trovare la pace&#8230; eterna. Nel 1992, a seguito di un incidente stradale, Sylvie aveva contratto una malattia nosocomiale, la \u201cmalattia ospedaliera\u201d. \u201cSono una portatrice di stafilococco, ci spiega. Ho subito 44 interventi chirurgici. Oggi sono riuscita a dimenticare la malattia&#8230; ma non il dolore!\u201d Continua: \u201cHo bisogno di venire a Lourdes, ho fede. Ogni volta che vado alle piscine, piango. Un giorno qui ho ricevuto una vera guarigione: avevo un nodo nel cuore ed \u00e8 stato trafitto. Dovevo perdonare e finalmente ho potuto farlo: ho ricevuto una grazia di pace.\u201d<\/p>\t\t\t\t\t\t\t\t<\/div>\n\t\t\t\t<\/div>\n\t\t\t\t\t<\/div>\n\t\t<\/div>\n\t\t\t\t\t<\/div>\n\t\t<\/section>\n\t\t\t\t<section class=\"elementor-section elementor-top-section elementor-element elementor-element-8d9faad elementor-section-boxed elementor-section-height-default elementor-section-height-default\" data-id=\"8d9faad\" data-element_type=\"section\">\n\t\t\t\t\t\t<div class=\"elementor-container elementor-column-gap-default\">\n\t\t\t\t\t<div class=\"elementor-column elementor-col-100 elementor-top-column elementor-element elementor-element-9663c3c\" data-id=\"9663c3c\" data-element_type=\"column\">\n\t\t\t<div class=\"elementor-widget-wrap elementor-element-populated\">\n\t\t\t\t\t\t<div class=\"elementor-element elementor-element-89380d0 elementor-widget elementor-widget-text-editor\" data-id=\"89380d0\" data-element_type=\"widget\" data-widget_type=\"text-editor.default\">\n\t\t\t\t<div class=\"elementor-widget-container\">\n\t\t\t\t\t\t\t\t\t<h2 style=\"text-align: left;\">Lourdes, quando sei malato, per respirare spiritualmente&#8230;<\/h2><p style=\"text-align: left;\">Situato vicino alla porta San Giuseppe del Santuario, l&#8217;Accueil Marie Saint-Frai, gestito dalle suore, \u00e8 un altro luogo di accoglienza per i pellegrini malati. \u00c8 qui che alloggia Claire Abou Karam, una donna libanese di 30 anni. \u201cColpita da una malattia neuromuscolare, sono potuta venire da Beirut a Lourdes, in aereo, con l&#8217;Ordine di Malta, confida. Non sto cercando la guarigione. Sono qui per fare un passo indietro rispetto alla mia vita, meditare la Parola di Dio e incontrare la Vergine Maria nel suo Santuario.\u201d La sua felicit\u00e0 nella vita viene dalla sua fede e dalla sua famiglia: madre, sorella e fratelli, senza dimenticare il padre, Edouard, che ora \u00e8 in Cielo e al quale si sente molto vicina, a Lourdes, nella comunione dei santi. Aggiunge con un sorriso: \u201cL&#8217;amore non muore mai.\u201d<\/p>\t\t\t\t\t\t\t\t<\/div>\n\t\t\t\t<\/div>\n\t\t\t\t\t<\/div>\n\t\t<\/div>\n\t\t\t\t\t<\/div>\n\t\t<\/section>\n\t\t\t\t<section class=\"elementor-section elementor-top-section elementor-element elementor-element-0c7e582 elementor-section-boxed elementor-section-height-default elementor-section-height-default\" data-id=\"0c7e582\" data-element_type=\"section\">\n\t\t\t\t\t\t<div class=\"elementor-container elementor-column-gap-default\">\n\t\t\t\t\t<div class=\"elementor-column elementor-col-100 elementor-top-column elementor-element elementor-element-aa53b2c\" data-id=\"aa53b2c\" data-element_type=\"column\">\n\t\t\t<div class=\"elementor-widget-wrap elementor-element-populated\">\n\t\t\t\t\t\t<div class=\"elementor-element elementor-element-2884072 elementor-widget elementor-widget-image\" data-id=\"2884072\" data-element_type=\"widget\" data-widget_type=\"image.default\">\n\t\t\t\t<div class=\"elementor-widget-container\">\n\t\t\t\t\t\t\t\t\t\t\t\t\t\t\t<img decoding=\"async\" width=\"500\" height=\"333\" src=\"https:\/\/www.lourdes-france.org\/wp-content\/uploads\/2022\/03\/Vignette_malades2_500x333px.jpg\" class=\"attachment-large size-large wp-image-848506\" alt=\"\" srcset=\"https:\/\/www.lourdes-france.org\/wp-content\/uploads\/2022\/03\/Vignette_malades2_500x333px.jpg 500w, https:\/\/www.lourdes-france.org\/wp-content\/uploads\/2022\/03\/Vignette_malades2_500x333px-300x200.jpg 300w\" sizes=\"(max-width: 500px) 100vw, 500px\" \/>\t\t\t\t\t\t\t\t\t\t\t\t\t\t\t<\/div>\n\t\t\t\t<\/div>\n\t\t\t\t\t<\/div>\n\t\t<\/div>\n\t\t\t\t\t<\/div>\n\t\t<\/section>\n\t\t\t\t<section class=\"elementor-section elementor-top-section elementor-element elementor-element-5ea28b6 elementor-section-boxed elementor-section-height-default elementor-section-height-default\" data-id=\"5ea28b6\" data-element_type=\"section\">\n\t\t\t\t\t\t<div class=\"elementor-container elementor-column-gap-default\">\n\t\t\t\t\t<div class=\"elementor-column elementor-col-100 elementor-top-column elementor-element elementor-element-339dae8\" data-id=\"339dae8\" data-element_type=\"column\">\n\t\t\t<div class=\"elementor-widget-wrap elementor-element-populated\">\n\t\t\t\t\t\t<div class=\"elementor-element elementor-element-f1106b3 elementor-widget elementor-widget-text-editor\" data-id=\"f1106b3\" data-element_type=\"widget\" data-widget_type=\"text-editor.default\">\n\t\t\t\t<div class=\"elementor-widget-container\">\n\t\t\t\t\t\t\t\t\t<h2 style=\"text-align: left;\">Lourdes, quando sei malato, per uscire dalla solitudine&#8230;<\/h2><p style=\"text-align: left;\">Anche i malati mettono le valigie negli hotel. \u00c8 il caso, ad esempio, di Dominique Gardeil, 65 anni. Questo francese, originario di Grenoble, soggiorna quest&#8217;anno all&#8217;hotel Arcades. \u00c8 venuto a Lourdes partecipando al pellegrinaggio del Parkinson. &#8220;Un giorno volevo firmare un assegno e non potevo farlo&#8221;, spiega. Questo \u00e8 stato il primo sintomo della malattia. Due mesi dopo \u00e8 stata fatta la diagnosi neurologica: Parkinson. Ho potuto beneficiare di un&#8217;operazione di stimolazione cerebrale profonda, quattro anni fa. Ha rallentato il processo distruttivo della malattia\u201d. Dominique \u00e8 felice di essere ancora &#8220;vivo e indipendente&#8221;. Divenuto presidente dell&#8217;associazione che organizza il pellegrinaggio, vede Lourdes come un&#8217;opportunit\u00e0 per vivere un momento molto speciale con gli amici. Spiega: \u201cIl pellegrinaggio mi d\u00e0 coraggio e forza per affrontare la quotidianit\u00e0. Ora, grazie all&#8217;esperienza di Lourdes, so di non essere pi\u00f9 solo.\u201d<\/p>\t\t\t\t\t\t\t\t<\/div>\n\t\t\t\t<\/div>\n\t\t\t\t\t<\/div>\n\t\t<\/div>\n\t\t\t\t\t<\/div>\n\t\t<\/section>\n\t\t\t\t<section class=\"elementor-section elementor-top-section elementor-element elementor-element-fa32ba0 elementor-section-boxed elementor-section-height-default elementor-section-height-default\" data-id=\"fa32ba0\" data-element_type=\"section\">\n\t\t\t\t\t\t<div class=\"elementor-container elementor-column-gap-default\">\n\t\t\t\t\t<div class=\"elementor-column elementor-col-100 elementor-top-column elementor-element elementor-element-e4320ca\" data-id=\"e4320ca\" data-element_type=\"column\">\n\t\t\t<div class=\"elementor-widget-wrap elementor-element-populated\">\n\t\t\t\t\t\t<div class=\"elementor-element elementor-element-81025d3 elementor-widget elementor-widget-text-editor\" data-id=\"81025d3\" data-element_type=\"widget\" data-widget_type=\"text-editor.default\">\n\t\t\t\t<div class=\"elementor-widget-container\">\n\t\t\t\t\t\t\t\t\t<h2 style=\"text-align: left;\">\u201cAbbiamo tutti bisogno di guarigione\u201d<\/h2><p style=\"text-align: left;\"><em>\u201cA Lourdes la guarigione \u00e8 possibile a livello fisico, spirituale e morale. Ma ci\u00f2 che Cristo desidera soprattutto per ciascuno di noi \u00e8 la guarigione spirituale. Siamo tutti malati nei nostri cuori. La malattia spirituale \u00e8 il peccato. Abbiamo tutti bisogno di guarigione\u201d.<br \/><\/em> <br \/>Cardinale B\u00e9chara Ra\u00ef, patriarca maronita libanese, a Lourdes.<\/p>\t\t\t\t\t\t\t\t<\/div>\n\t\t\t\t<\/div>\n\t\t\t\t\t<\/div>\n\t\t<\/div>\n\t\t\t\t\t<\/div>\n\t\t<\/section>\n\t\t\t\t<section class=\"elementor-section elementor-top-section elementor-element elementor-element-453384a elementor-section-boxed elementor-section-height-default elementor-section-height-default\" data-id=\"453384a\" data-element_type=\"section\">\n\t\t\t\t\t\t<div class=\"elementor-container elementor-column-gap-default\">\n\t\t\t\t\t<div class=\"elementor-column elementor-col-33 elementor-top-column elementor-element elementor-element-ef2de77\" data-id=\"ef2de77\" data-element_type=\"column\">\n\t\t\t<div class=\"elementor-widget-wrap elementor-element-populated\">\n\t\t\t\t\t\t<div class=\"elementor-element elementor-element-eb056c8 elementor-align-center elementor-widget elementor-widget-button\" data-id=\"eb056c8\" data-element_type=\"widget\" data-widget_type=\"button.default\">\n\t\t\t\t<div class=\"elementor-widget-container\">\n\t\t\t\t\t\t\t\t\t<div class=\"elementor-button-wrapper\">\n\t\t\t\t\t<a class=\"elementor-button elementor-button-link elementor-size-sm\" href=\"https:\/\/www.lourdes-france.com\/it\/che-cos-e-un-pellegrinaggio\/\" target=\"_blank\">\n\t\t\t\t\t\t<span class=\"elementor-button-content-wrapper\">\n\t\t\t\t\t\t\t\t\t<span class=\"elementor-button-text\">CHE COS'\u00c8 UN PELLEGRINAGGIO?<\/span>\n\t\t\t\t\t<\/span>\n\t\t\t\t\t<\/a>\n\t\t\t\t<\/div>\n\t\t\t\t\t\t\t\t<\/div>\n\t\t\t\t<\/div>\n\t\t\t\t\t<\/div>\n\t\t<\/div>\n\t\t\t\t<div class=\"elementor-column elementor-col-33 elementor-top-column elementor-element elementor-element-89cadd1\" data-id=\"89cadd1\" data-element_type=\"column\">\n\t\t\t<div class=\"elementor-widget-wrap elementor-element-populated\">\n\t\t\t\t\t\t<div class=\"elementor-element elementor-element-04cba2c elementor-align-center elementor-widget elementor-widget-button\" data-id=\"04cba2c\" data-element_type=\"widget\" data-widget_type=\"button.default\">\n\t\t\t\t<div class=\"elementor-widget-container\">\n\t\t\t\t\t\t\t\t\t<div class=\"elementor-button-wrapper\">\n\t\t\t\t\t<a class=\"elementor-button elementor-button-link elementor-size-sm\" href=\"https:\/\/www.lourdes-france.com\/it\/partecipare-a-un-pellegrinaggio\/\" target=\"_blank\">\n\t\t\t\t\t\t<span class=\"elementor-button-content-wrapper\">\n\t\t\t\t\t\t\t\t\t<span class=\"elementor-button-text\">PARTECIPARE AD UN PELLEGRINAGGIO<\/span>\n\t\t\t\t\t<\/span>\n\t\t\t\t\t<\/a>\n\t\t\t\t<\/div>\n\t\t\t\t\t\t\t\t<\/div>\n\t\t\t\t<\/div>\n\t\t\t\t\t<\/div>\n\t\t<\/div>\n\t\t\t\t<div class=\"elementor-column elementor-col-33 elementor-top-column elementor-element elementor-element-ae41ae4\" data-id=\"ae41ae4\" data-element_type=\"column\">\n\t\t\t<div class=\"elementor-widget-wrap elementor-element-populated\">\n\t\t\t\t\t\t<div class=\"elementor-element elementor-element-ba13602 elementor-align-center elementor-widget elementor-widget-button\" data-id=\"ba13602\" data-element_type=\"widget\" data-widget_type=\"button.default\">\n\t\t\t\t<div class=\"elementor-widget-container\">\n\t\t\t\t\t\t\t\t\t<div class=\"elementor-button-wrapper\">\n\t\t\t\t\t<a class=\"elementor-button elementor-button-link elementor-size-sm\" href=\"https:\/\/www.lourdes-france.com\/it\/organizzare-un-pellegrinaggio\/\" target=\"_blank\">\n\t\t\t\t\t\t<span class=\"elementor-button-content-wrapper\">\n\t\t\t\t\t\t\t\t\t<span class=\"elementor-button-text\">ORGANIZZARE UN PELLEGRINAGGIO<\/span>\n\t\t\t\t\t<\/span>\n\t\t\t\t\t<\/a>\n\t\t\t\t<\/div>\n\t\t\t\t\t\t\t\t<\/div>\n\t\t\t\t<\/div>\n\t\t\t\t\t<\/div>\n\t\t<\/div>\n\t\t\t\t\t<\/div>\n\t\t<\/section>\n\t\t\t\t<\/div>\n\t\t","protected":false},"excerpt":{"rendered":"<p>Perch\u00e9 Lourdes attira le persone malate Lourdes, quando sei malato, per credere nell&#8217;impossibile&#8230; Dalla terrazza dell&#8217;Accueil Notre-Dame, dove \u00e8 alloggiata nel Santuario, Sasha, una ragazza americana di 26 anni malata terminale per un cancro al cervello, osservava impotente l&#8217;innalzarsi del &hellip; <a href=\"https:\/\/www.lourdes-france.org\/it\/la-speranza-dei-malati\/\">Continua<\/a><\/p>\n","protected":false},"author":7,"featured_media":0,"parent":0,"menu_order":0,"comment_status":"closed","ping_status":"closed","template":"","meta":{"_acf_changed":false,"footnotes":""},"class_list":["post-870479","page","type-page","status-publish","hentry"],"acf":[],"yoast_head":"<!-- This site is optimized with the Yoast SEO plugin v24.7 - https:\/\/yoast.com\/wordpress\/plugins\/seo\/ -->\n<title>La speranza dei malati<\/title>\n<meta name=\"robots\" content=\"index, follow, max-snippet:-1, max-image-preview:large, max-video-preview:-1\" \/>\n<link rel=\"canonical\" href=\"https:\/\/preprod-lourdes.cawita.com\/it\/la-speranza-dei-malati\/\" \/>\n<meta name=\"twitter:label1\" content=\"Tempo di lettura stimato\" \/>\n\t<meta name=\"twitter:data1\" content=\"5 minuti\" \/>\n<script type=\"application\/ld+json\" class=\"yoast-schema-graph\">{\"@context\":\"https:\/\/schema.org\",\"@graph\":[{\"@type\":\"WebPage\",\"@id\":\"https:\/\/preprod-lourdes.cawita.com\/it\/la-speranza-dei-malati\/\",\"url\":\"https:\/\/preprod-lourdes.cawita.com\/it\/la-speranza-dei-malati\/\",\"name\":\"La speranza dei malati\",\"isPartOf\":{\"@id\":\"https:\/\/preprod-lourdes.cawita.com\/#website\"},\"primaryImageOfPage\":{\"@id\":\"https:\/\/preprod-lourdes.cawita.com\/it\/la-speranza-dei-malati\/#primaryimage\"},\"image\":{\"@id\":\"https:\/\/preprod-lourdes.cawita.com\/it\/la-speranza-dei-malati\/#primaryimage\"},\"thumbnailUrl\":\"https:\/\/www.lourdes-france.org\/wp-content\/uploads\/2022\/03\/Vignette_Esperance_malades_1200x800px.jpg\",\"datePublished\":\"2022-03-24T09:45:23+00:00\",\"dateModified\":\"2022-09-13T11:48:49+00:00\",\"breadcrumb\":{\"@id\":\"https:\/\/preprod-lourdes.cawita.com\/it\/la-speranza-dei-malati\/#breadcrumb\"},\"inLanguage\":\"it-IT\",\"potentialAction\":[{\"@type\":\"ReadAction\",\"target\":[\"https:\/\/preprod-lourdes.cawita.com\/it\/la-speranza-dei-malati\/\"]}]},{\"@type\":\"ImageObject\",\"inLanguage\":\"it-IT\",\"@id\":\"https:\/\/preprod-lourdes.cawita.com\/it\/la-speranza-dei-malati\/#primaryimage\",\"url\":\"https:\/\/www.lourdes-france.org\/wp-content\/uploads\/2022\/03\/Vignette_Esperance_malades_1200x800px.jpg\",\"contentUrl\":\"https:\/\/www.lourdes-france.org\/wp-content\/uploads\/2022\/03\/Vignette_Esperance_malades_1200x800px.jpg\"},{\"@type\":\"BreadcrumbList\",\"@id\":\"https:\/\/preprod-lourdes.cawita.com\/it\/la-speranza-dei-malati\/#breadcrumb\",\"itemListElement\":[{\"@type\":\"ListItem\",\"position\":1,\"name\":\"Accueil\",\"item\":\"https:\/\/www.lourdes-france.org\/\"},{\"@type\":\"ListItem\",\"position\":2,\"name\":\"La speranza dei malati\"}]},{\"@type\":\"WebSite\",\"@id\":\"https:\/\/preprod-lourdes.cawita.com\/#website\",\"url\":\"https:\/\/preprod-lourdes.cawita.com\/\",\"name\":\"Soutenir le Sanctuaire Notre-Dame de Lourdes\",\"description\":\"\",\"potentialAction\":[{\"@type\":\"SearchAction\",\"target\":{\"@type\":\"EntryPoint\",\"urlTemplate\":\"https:\/\/preprod-lourdes.cawita.com\/?s={search_term_string}\"},\"query-input\":{\"@type\":\"PropertyValueSpecification\",\"valueRequired\":true,\"valueName\":\"search_term_string\"}}],\"inLanguage\":\"it-IT\"}]}<\/script>\n<!-- \/ Yoast SEO plugin. -->","yoast_head_json":{"title":"La speranza dei malati","robots":{"index":"index","follow":"follow","max-snippet":"max-snippet:-1","max-image-preview":"max-image-preview:large","max-video-preview":"max-video-preview:-1"},"canonical":"https:\/\/preprod-lourdes.cawita.com\/it\/la-speranza-dei-malati\/","twitter_misc":{"Tempo di lettura stimato":"5 minuti"},"schema":{"@context":"https:\/\/schema.org","@graph":[{"@type":"WebPage","@id":"https:\/\/preprod-lourdes.cawita.com\/it\/la-speranza-dei-malati\/","url":"https:\/\/preprod-lourdes.cawita.com\/it\/la-speranza-dei-malati\/","name":"La speranza dei malati","isPartOf":{"@id":"https:\/\/preprod-lourdes.cawita.com\/#website"},"primaryImageOfPage":{"@id":"https:\/\/preprod-lourdes.cawita.com\/it\/la-speranza-dei-malati\/#primaryimage"},"image":{"@id":"https:\/\/preprod-lourdes.cawita.com\/it\/la-speranza-dei-malati\/#primaryimage"},"thumbnailUrl":"https:\/\/www.lourdes-france.org\/wp-content\/uploads\/2022\/03\/Vignette_Esperance_malades_1200x800px.jpg","datePublished":"2022-03-24T09:45:23+00:00","dateModified":"2022-09-13T11:48:49+00:00","breadcrumb":{"@id":"https:\/\/preprod-lourdes.cawita.com\/it\/la-speranza-dei-malati\/#breadcrumb"},"inLanguage":"it-IT","potentialAction":[{"@type":"ReadAction","target":["https:\/\/preprod-lourdes.cawita.com\/it\/la-speranza-dei-malati\/"]}]},{"@type":"ImageObject","inLanguage":"it-IT","@id":"https:\/\/preprod-lourdes.cawita.com\/it\/la-speranza-dei-malati\/#primaryimage","url":"https:\/\/www.lourdes-france.org\/wp-content\/uploads\/2022\/03\/Vignette_Esperance_malades_1200x800px.jpg","contentUrl":"https:\/\/www.lourdes-france.org\/wp-content\/uploads\/2022\/03\/Vignette_Esperance_malades_1200x800px.jpg"},{"@type":"BreadcrumbList","@id":"https:\/\/preprod-lourdes.cawita.com\/it\/la-speranza-dei-malati\/#breadcrumb","itemListElement":[{"@type":"ListItem","position":1,"name":"Accueil","item":"https:\/\/www.lourdes-france.org\/"},{"@type":"ListItem","position":2,"name":"La speranza dei malati"}]},{"@type":"WebSite","@id":"https:\/\/preprod-lourdes.cawita.com\/#website","url":"https:\/\/preprod-lourdes.cawita.com\/","name":"Soutenir le Sanctuaire Notre-Dame de Lourdes","description":"","potentialAction":[{"@type":"SearchAction","target":{"@type":"EntryPoint","urlTemplate":"https:\/\/preprod-lourdes.cawita.com\/?s={search_term_string}"},"query-input":{"@type":"PropertyValueSpecification","valueRequired":true,"valueName":"search_term_string"}}],"inLanguage":"it-IT"}]}},"_links":{"self":[{"href":"https:\/\/www.lourdes-france.org\/it\/wp-json\/wp\/v2\/pages\/870479","targetHints":{"allow":["GET"]}}],"collection":[{"href":"https:\/\/www.lourdes-france.org\/it\/wp-json\/wp\/v2\/pages"}],"about":[{"href":"https:\/\/www.lourdes-france.org\/it\/wp-json\/wp\/v2\/types\/page"}],"author":[{"embeddable":true,"href":"https:\/\/www.lourdes-france.org\/it\/wp-json\/wp\/v2\/users\/7"}],"replies":[{"embeddable":true,"href":"https:\/\/www.lourdes-france.org\/it\/wp-json\/wp\/v2\/comments?post=870479"}],"version-history":[{"count":4,"href":"https:\/\/www.lourdes-france.org\/it\/wp-json\/wp\/v2\/pages\/870479\/revisions"}],"predecessor-version":[{"id":870484,"href":"https:\/\/www.lourdes-france.org\/it\/wp-json\/wp\/v2\/pages\/870479\/revisions\/870484"}],"wp:attachment":[{"href":"https:\/\/www.lourdes-france.org\/it\/wp-json\/wp\/v2\/media?parent=870479"}],"curies":[{"name":"wp","href":"https:\/\/api.w.org\/{rel}","templated":true}]}}