{"id":8749,"date":"2018-08-02T11:39:30","date_gmt":"2018-08-02T09:39:30","guid":{"rendered":"https:\/\/www.lourdes-france.org\/hebergements-sanctuaire\/"},"modified":"2025-09-15T10:47:31","modified_gmt":"2025-09-15T08:47:31","slug":"gli-alloggi-del-santuario","status":"publish","type":"page","link":"https:\/\/www.lourdes-france.org\/it\/gli-alloggi-del-santuario\/","title":{"rendered":"Gli alloggi del Santuario"},"content":{"rendered":"\t\t<div data-elementor-type=\"wp-post\" data-elementor-id=\"8749\" class=\"elementor elementor-8749 elementor-3697\" data-elementor-post-type=\"page\">\n\t\t\t\t\t\t<section class=\"elementor-section elementor-top-section elementor-element elementor-element-e72323d elementor-section-full_width elementor-section-stretched elementor-section-height-default elementor-section-height-default\" data-id=\"e72323d\" data-element_type=\"section\" data-settings=\"{&quot;stretch_section&quot;:&quot;section-stretched&quot;,&quot;background_background&quot;:&quot;classic&quot;}\">\n\t\t\t\t\t\t<div class=\"elementor-container elementor-column-gap-default\">\n\t\t\t\t\t<div class=\"elementor-column elementor-col-100 elementor-top-column elementor-element elementor-element-0ed424b\" data-id=\"0ed424b\" data-element_type=\"column\">\n\t\t\t<div class=\"elementor-widget-wrap elementor-element-populated\">\n\t\t\t\t\t\t<div class=\"elementor-element elementor-element-c561d28 elementor-widget elementor-widget-spacer\" data-id=\"c561d28\" data-element_type=\"widget\" data-widget_type=\"spacer.default\">\n\t\t\t\t<div class=\"elementor-widget-container\">\n\t\t\t\t\t\t\t<div class=\"elementor-spacer\">\n\t\t\t<div class=\"elementor-spacer-inner\"><\/div>\n\t\t<\/div>\n\t\t\t\t\t\t<\/div>\n\t\t\t\t<\/div>\n\t\t\t\t\t<\/div>\n\t\t<\/div>\n\t\t\t\t\t<\/div>\n\t\t<\/section>\n\t\t\t\t<section class=\"elementor-section elementor-top-section elementor-element elementor-element-275d177 elementor-section-full_width elementor-section-height-default elementor-section-height-default\" data-id=\"275d177\" data-element_type=\"section\" data-settings=\"{&quot;background_background&quot;:&quot;classic&quot;}\">\n\t\t\t\t\t\t<div class=\"elementor-container elementor-column-gap-default\">\n\t\t\t\t\t<div class=\"elementor-column elementor-col-100 elementor-top-column elementor-element elementor-element-6270f54\" data-id=\"6270f54\" data-element_type=\"column\">\n\t\t\t<div class=\"elementor-widget-wrap elementor-element-populated\">\n\t\t\t\t\t\t<div class=\"elementor-element elementor-element-6659d1a elementor-widget elementor-widget-spacer\" data-id=\"6659d1a\" data-element_type=\"widget\" data-widget_type=\"spacer.default\">\n\t\t\t\t<div class=\"elementor-widget-container\">\n\t\t\t\t\t\t\t<div class=\"elementor-spacer\">\n\t\t\t<div class=\"elementor-spacer-inner\"><\/div>\n\t\t<\/div>\n\t\t\t\t\t\t<\/div>\n\t\t\t\t<\/div>\n\t\t\t\t<div class=\"elementor-element elementor-element-0ccf9ce elementor-widget elementor-widget-heading\" data-id=\"0ccf9ce\" data-element_type=\"widget\" data-widget_type=\"heading.default\">\n\t\t\t\t<div class=\"elementor-widget-container\">\n\t\t\t\t\t<h2 class=\"elementor-heading-title elementor-size-default\">GLI ALLOGGI <br>DEL SANTUARIO\n<\/h2>\t\t\t\t<\/div>\n\t\t\t\t<\/div>\n\t\t\t\t<div class=\"elementor-element elementor-element-bc32ffc elementor-widget elementor-widget-heading\" data-id=\"bc32ffc\" data-element_type=\"widget\" data-widget_type=\"heading.default\">\n\t\t\t\t<div class=\"elementor-widget-container\">\n\t\t\t\t\t<h2 class=\"elementor-heading-title elementor-size-default\">_________________<\/h2>\t\t\t\t<\/div>\n\t\t\t\t<\/div>\n\t\t\t\t<div class=\"elementor-element elementor-element-a2ead26 elementor-widget elementor-widget-text-editor\" data-id=\"a2ead26\" data-element_type=\"widget\" data-widget_type=\"text-editor.default\">\n\t\t\t\t<div class=\"elementor-widget-container\">\n\t\t\t\t\t\t\t\t\t<p style=\"text-align: center;\"><strong>Il Santuario di Lourdes possiede diversi luoghi d\u2019accoglienza, particolarmente dedicati alle persone malate e disabili, ai giovani e a coloro che si mettano al servizio dei pellegrini.<\/strong><\/p><h2><b>L\u2019Accueil Notre-Dame<\/b><\/h2><p>Luogo di accoglienza unico specialmente dedicato ai pellegrini malati, accompagnati, che vengono a Lourdes all\u2019interno di pellegrinaggi o gruppi organizzati.<\/p><h2><b>L\u2019Hospitalet<\/b><\/h2><p>Casa dei volontari, che beneficia della vicinanza del l\u2019Accueil Notre-Dame per garantire una disponibilit\u00e0 sempre maggiore da parte delle dame e barellieri nei confronti dei pellegrini malati.<\/p><h2><b>La Maison Abb\u00e9 Pomian<\/b><\/h2><p>Luogo di accoglienza riservato ai sacerdoti provenienti da tutto il mondo che offrono il loro servizio al Santuario per un tempo determinato, ad esempio nel ministero della confessione alla Cappella della Riconciliazione.<\/p><h2><b>La Maison Louise et Fran\u00e7ois Soubirous<\/b><\/h2><p>Casa destinata all\u2019alloggio dei seminaristi al servizio del Santuario durante tutto l\u2019anno, in particolare nel periodo estivo.<\/p><h2><b>Le Foyer Ave Maria<\/b><\/h2><p>Casa associativa dedicata ai volontari, alle dame e ai barellieri che arrivano con un pellegrinaggio organizzato.<\/p><h2><b>La Maison Marthe et Marie<\/b><\/h2><p>Casa destinata alle centinaia di volontari del Santuario che si danno il cambio durante tutto l\u2019anno per accogliere, guidare e servire a Lourdes<\/p><p>Sono accolti presso il Servizio Internazionale dei Volontari.<\/p><h2><b>Il Villaggio dei Giovani<\/b><\/h2><p>Luogo di accoglienza specifico e dedicato all\u2019accoglienza dei gruppi giovanili in pellegrinaggio e ai gruppi scouts in servizio presso il Santuario.<\/p><p>Per i pellegrini che vengono a titolo individuale, da soli o in famiglia: \u00e8 a vostra disposizione una piattaforma dedicata per preparare il vostro soggiorno con i nostri hotel partner.<\/p>\t\t\t\t\t\t\t\t<\/div>\n\t\t\t\t<\/div>\n\t\t\t\t<div class=\"elementor-element elementor-element-eae1924 elementor-widget elementor-widget-image\" data-id=\"eae1924\" data-element_type=\"widget\" data-widget_type=\"image.default\">\n\t\t\t\t<div class=\"elementor-widget-container\">\n\t\t\t\t\t\t\t\t\t\t\t\t\t\t\t\t<a href=\"https:\/\/www.lourdes-france.com\/it\/hotels\/\">\n\t\t\t\t\t\t\t<img fetchpriority=\"high\" decoding=\"async\" width=\"549\" height=\"364\" src=\"https:\/\/www.lourdes-france.org\/wp-content\/uploads\/2025\/08\/sticky-phone_it.png\" class=\"attachment-large size-large wp-image-1056319\" alt=\"\" srcset=\"https:\/\/www.lourdes-france.org\/wp-content\/uploads\/2025\/08\/sticky-phone_it.png 549w, https:\/\/www.lourdes-france.org\/wp-content\/uploads\/2025\/08\/sticky-phone_it-300x199.png 300w\" sizes=\"(max-width: 549px) 100vw, 549px\" \/>\t\t\t\t\t\t\t\t<\/a>\n\t\t\t\t\t\t\t\t\t\t\t\t\t\t\t<\/div>\n\t\t\t\t<\/div>\n\t\t\t\t<div class=\"elementor-element elementor-element-808e57a elementor-widget elementor-widget-text-editor\" data-id=\"808e57a\" data-element_type=\"widget\" data-widget_type=\"text-editor.default\">\n\t\t\t\t<div class=\"elementor-widget-container\">\n\t\t\t\t\t\t\t\t\t<h2><b>La Cit\u00e9 Saint-Pierre a Lourdes (Secours Catholique)<span class=\"Apple-converted-space\">\u00a0<\/span><\/b><\/h2><p>Per i pellegrini che vivono in situazioni di precariet\u00e0 e che non possono permettersi un soggiorno in hotel: la Cit\u00e9 Saint-Pierre \u00e8 un luogo di accoglienza e uno spazio di incontro e di condivisione.<span class=\"Apple-converted-space\">\u00a0<\/span><\/p><p>Ogni visitatore vi \u00e8 accolto con dignit\u00e0 e rispetto, in un ambiente in cui lo spirito della carit\u00e0 cristiana si vive quotidianamente.<\/p><p>\u00a0<\/p>\t\t\t\t\t\t\t\t<\/div>\n\t\t\t\t<\/div>\n\t\t\t\t<div class=\"elementor-element elementor-element-2fed7ff elementor-view-default elementor-widget elementor-widget-icon\" data-id=\"2fed7ff\" data-element_type=\"widget\" data-widget_type=\"icon.default\">\n\t\t\t\t<div class=\"elementor-widget-container\">\n\t\t\t\t\t\t\t<div class=\"elementor-icon-wrapper\">\n\t\t\t<div class=\"elementor-icon\">\n\t\t\t<i aria-hidden=\"true\" class=\"fas fa-church\"><\/i>\t\t\t<\/div>\n\t\t<\/div>\n\t\t\t\t\t\t<\/div>\n\t\t\t\t<\/div>\n\t\t\t\t\t<\/div>\n\t\t<\/div>\n\t\t\t\t\t<\/div>\n\t\t<\/section>\n\t\t\t\t<\/div>\n\t\t","protected":false},"excerpt":{"rendered":"<p>GLI ALLOGGI DEL SANTUARIO _________________ Il Santuario di Lourdes possiede diversi luoghi d\u2019accoglienza, particolarmente dedicati alle persone malate e disabili, ai giovani e a coloro che si mettano al servizio dei pellegrini. L\u2019Accueil Notre-Dame Luogo di accoglienza unico specialmente dedicato &hellip; <a href=\"https:\/\/www.lourdes-france.org\/it\/gli-alloggi-del-santuario\/\">Continua<\/a><\/p>\n","protected":false},"author":7,"featured_media":1057850,"parent":0,"menu_order":0,"comment_status":"closed","ping_status":"closed","template":"","meta":{"_acf_changed":false,"footnotes":""},"class_list":["post-8749","page","type-page","status-publish","has-post-thumbnail","hentry"],"acf":[],"yoast_head":"<!-- This site is optimized with the Yoast SEO plugin v24.7 - https:\/\/yoast.com\/wordpress\/plugins\/seo\/ -->\n<title>Gli alloggi del Santuario<\/title>\n<meta name=\"description\" content=\"Il Santuario dispone di diversi alloggi, dedicati in particolare alle persone malate, ai giovani e a coloro che sono al servizio dei pellegrini.\" \/>\n<meta name=\"robots\" content=\"index, follow, max-snippet:-1, max-image-preview:large, max-video-preview:-1\" \/>\n<link rel=\"canonical\" href=\"https:\/\/www.lourdes-france.org\/it\/gli-alloggi-del-santuario\/\" \/>\n<meta name=\"twitter:label1\" content=\"Tempo di lettura stimato\" \/>\n\t<meta name=\"twitter:data1\" content=\"3 minuti\" \/>\n<script type=\"application\/ld+json\" class=\"yoast-schema-graph\">{\"@context\":\"https:\/\/schema.org\",\"@graph\":[{\"@type\":\"WebPage\",\"@id\":\"https:\/\/www.lourdes-france.org\/it\/gli-alloggi-del-santuario\/\",\"url\":\"https:\/\/www.lourdes-france.org\/it\/gli-alloggi-del-santuario\/\",\"name\":\"Gli alloggi del Santuario\",\"isPartOf\":{\"@id\":\"https:\/\/preprod-lourdes.cawita.com\/#website\"},\"primaryImageOfPage\":{\"@id\":\"https:\/\/www.lourdes-france.org\/it\/gli-alloggi-del-santuario\/#primaryimage\"},\"image\":{\"@id\":\"https:\/\/www.lourdes-france.org\/it\/gli-alloggi-del-santuario\/#primaryimage\"},\"thumbnailUrl\":\"https:\/\/www.lourdes-france.org\/wp-content\/uploads\/2025\/08\/ACCUEIL-NOTRE-DAME_mise_en_avant.jpg\",\"datePublished\":\"2018-08-02T09:39:30+00:00\",\"dateModified\":\"2025-09-15T08:47:31+00:00\",\"description\":\"Il Santuario dispone di diversi alloggi, dedicati in particolare alle persone malate, ai giovani e a coloro che sono al servizio dei pellegrini.\",\"breadcrumb\":{\"@id\":\"https:\/\/www.lourdes-france.org\/it\/gli-alloggi-del-santuario\/#breadcrumb\"},\"inLanguage\":\"it-IT\",\"potentialAction\":[{\"@type\":\"ReadAction\",\"target\":[\"https:\/\/www.lourdes-france.org\/it\/gli-alloggi-del-santuario\/\"]}]},{\"@type\":\"ImageObject\",\"inLanguage\":\"it-IT\",\"@id\":\"https:\/\/www.lourdes-france.org\/it\/gli-alloggi-del-santuario\/#primaryimage\",\"url\":\"https:\/\/www.lourdes-france.org\/wp-content\/uploads\/2025\/08\/ACCUEIL-NOTRE-DAME_mise_en_avant.jpg\",\"contentUrl\":\"https:\/\/www.lourdes-france.org\/wp-content\/uploads\/2025\/08\/ACCUEIL-NOTRE-DAME_mise_en_avant.jpg\",\"width\":800,\"height\":533,\"caption\":\"Les h\u00e9bergements du Sanctuaire : L'Accueil Notre-Dame\"},{\"@type\":\"BreadcrumbList\",\"@id\":\"https:\/\/www.lourdes-france.org\/it\/gli-alloggi-del-santuario\/#breadcrumb\",\"itemListElement\":[{\"@type\":\"ListItem\",\"position\":1,\"name\":\"Accueil\",\"item\":\"https:\/\/www.lourdes-france.org\/\"},{\"@type\":\"ListItem\",\"position\":2,\"name\":\"Gli alloggi del Santuario\"}]},{\"@type\":\"WebSite\",\"@id\":\"https:\/\/preprod-lourdes.cawita.com\/#website\",\"url\":\"https:\/\/preprod-lourdes.cawita.com\/\",\"name\":\"Soutenir le Sanctuaire Notre-Dame de Lourdes\",\"description\":\"\",\"potentialAction\":[{\"@type\":\"SearchAction\",\"target\":{\"@type\":\"EntryPoint\",\"urlTemplate\":\"https:\/\/preprod-lourdes.cawita.com\/?s={search_term_string}\"},\"query-input\":{\"@type\":\"PropertyValueSpecification\",\"valueRequired\":true,\"valueName\":\"search_term_string\"}}],\"inLanguage\":\"it-IT\"}]}<\/script>\n<!-- \/ Yoast SEO plugin. -->","yoast_head_json":{"title":"Gli alloggi del Santuario","description":"Il Santuario dispone di diversi alloggi, dedicati in particolare alle persone malate, ai giovani e a coloro che sono al servizio dei pellegrini.","robots":{"index":"index","follow":"follow","max-snippet":"max-snippet:-1","max-image-preview":"max-image-preview:large","max-video-preview":"max-video-preview:-1"},"canonical":"https:\/\/www.lourdes-france.org\/it\/gli-alloggi-del-santuario\/","twitter_misc":{"Tempo di lettura stimato":"3 minuti"},"schema":{"@context":"https:\/\/schema.org","@graph":[{"@type":"WebPage","@id":"https:\/\/www.lourdes-france.org\/it\/gli-alloggi-del-santuario\/","url":"https:\/\/www.lourdes-france.org\/it\/gli-alloggi-del-santuario\/","name":"Gli alloggi del Santuario","isPartOf":{"@id":"https:\/\/preprod-lourdes.cawita.com\/#website"},"primaryImageOfPage":{"@id":"https:\/\/www.lourdes-france.org\/it\/gli-alloggi-del-santuario\/#primaryimage"},"image":{"@id":"https:\/\/www.lourdes-france.org\/it\/gli-alloggi-del-santuario\/#primaryimage"},"thumbnailUrl":"https:\/\/www.lourdes-france.org\/wp-content\/uploads\/2025\/08\/ACCUEIL-NOTRE-DAME_mise_en_avant.jpg","datePublished":"2018-08-02T09:39:30+00:00","dateModified":"2025-09-15T08:47:31+00:00","description":"Il Santuario dispone di diversi alloggi, dedicati in particolare alle persone malate, ai giovani e a coloro che sono al servizio dei pellegrini.","breadcrumb":{"@id":"https:\/\/www.lourdes-france.org\/it\/gli-alloggi-del-santuario\/#breadcrumb"},"inLanguage":"it-IT","potentialAction":[{"@type":"ReadAction","target":["https:\/\/www.lourdes-france.org\/it\/gli-alloggi-del-santuario\/"]}]},{"@type":"ImageObject","inLanguage":"it-IT","@id":"https:\/\/www.lourdes-france.org\/it\/gli-alloggi-del-santuario\/#primaryimage","url":"https:\/\/www.lourdes-france.org\/wp-content\/uploads\/2025\/08\/ACCUEIL-NOTRE-DAME_mise_en_avant.jpg","contentUrl":"https:\/\/www.lourdes-france.org\/wp-content\/uploads\/2025\/08\/ACCUEIL-NOTRE-DAME_mise_en_avant.jpg","width":800,"height":533,"caption":"Les h\u00e9bergements du Sanctuaire : L'Accueil Notre-Dame"},{"@type":"BreadcrumbList","@id":"https:\/\/www.lourdes-france.org\/it\/gli-alloggi-del-santuario\/#breadcrumb","itemListElement":[{"@type":"ListItem","position":1,"name":"Accueil","item":"https:\/\/www.lourdes-france.org\/"},{"@type":"ListItem","position":2,"name":"Gli alloggi del Santuario"}]},{"@type":"WebSite","@id":"https:\/\/preprod-lourdes.cawita.com\/#website","url":"https:\/\/preprod-lourdes.cawita.com\/","name":"Soutenir le Sanctuaire Notre-Dame de Lourdes","description":"","potentialAction":[{"@type":"SearchAction","target":{"@type":"EntryPoint","urlTemplate":"https:\/\/preprod-lourdes.cawita.com\/?s={search_term_string}"},"query-input":{"@type":"PropertyValueSpecification","valueRequired":true,"valueName":"search_term_string"}}],"inLanguage":"it-IT"}]}},"_links":{"self":[{"href":"https:\/\/www.lourdes-france.org\/it\/wp-json\/wp\/v2\/pages\/8749","targetHints":{"allow":["GET"]}}],"collection":[{"href":"https:\/\/www.lourdes-france.org\/it\/wp-json\/wp\/v2\/pages"}],"about":[{"href":"https:\/\/www.lourdes-france.org\/it\/wp-json\/wp\/v2\/types\/page"}],"author":[{"embeddable":true,"href":"https:\/\/www.lourdes-france.org\/it\/wp-json\/wp\/v2\/users\/7"}],"replies":[{"embeddable":true,"href":"https:\/\/www.lourdes-france.org\/it\/wp-json\/wp\/v2\/comments?post=8749"}],"version-history":[{"count":3,"href":"https:\/\/www.lourdes-france.org\/it\/wp-json\/wp\/v2\/pages\/8749\/revisions"}],"predecessor-version":[{"id":1068124,"href":"https:\/\/www.lourdes-france.org\/it\/wp-json\/wp\/v2\/pages\/8749\/revisions\/1068124"}],"wp:featuredmedia":[{"embeddable":true,"href":"https:\/\/www.lourdes-france.org\/it\/wp-json\/wp\/v2\/media\/1057850"}],"wp:attachment":[{"href":"https:\/\/www.lourdes-france.org\/it\/wp-json\/wp\/v2\/media?parent=8749"}],"curies":[{"name":"wp","href":"https:\/\/api.w.org\/{rel}","templated":true}]}}