{"id":8995,"date":"2018-07-18T09:17:53","date_gmt":"2018-07-18T07:17:53","guid":{"rendered":"https:\/\/www.lourdes-france.org\/guerisons-et-miracles\/"},"modified":"2022-09-09T13:09:33","modified_gmt":"2022-09-09T11:09:33","slug":"guarigioni-miracolose","status":"publish","type":"page","link":"https:\/\/www.lourdes-france.org\/it\/guarigioni-miracolose\/","title":{"rendered":"Guarigioni miracolose"},"content":{"rendered":"\t\t<div data-elementor-type=\"wp-post\" data-elementor-id=\"8995\" class=\"elementor elementor-8995 elementor-512 elementor-bc-flex-widget\" data-elementor-post-type=\"page\">\n\t\t\t\t\t\t<section class=\"elementor-section elementor-top-section elementor-element elementor-element-5b255e06 elementor-section-boxed elementor-section-height-default elementor-section-height-default\" data-id=\"5b255e06\" data-element_type=\"section\">\n\t\t\t\t\t\t<div class=\"elementor-container elementor-column-gap-no\">\n\t\t\t\t\t<div class=\"elementor-column elementor-col-100 elementor-top-column elementor-element elementor-element-619b9315\" data-id=\"619b9315\" data-element_type=\"column\">\n\t\t\t<div class=\"elementor-widget-wrap elementor-element-populated\">\n\t\t\t\t\t\t<div class=\"elementor-element elementor-element-7ef3fe98 elementor-widget elementor-widget-text-editor\" data-id=\"7ef3fe98\" data-element_type=\"widget\" data-widget_type=\"text-editor.default\">\n\t\t\t\t<div class=\"elementor-widget-container\">\n\t\t\t\t\t\t\t\t\t<h2>Les 70 gu\u00e9risons reconnues <span style=\"color: #e8a700;\">miraculeuses<\/span> par l&#8217;Eglise catholique<\/h2>\n\t\t\t\t\t\t\t\t<\/div>\n\t\t\t\t<\/div>\n\t\t\t\t<div class=\"elementor-element elementor-element-f05b195 elementor-widget elementor-widget-text-editor\" data-id=\"f05b195\" data-element_type=\"widget\" data-widget_type=\"text-editor.default\">\n\t\t\t\t<div class=\"elementor-widget-container\">\n\t\t\t\t\t\t\t\t\t<span class=\"parcours-listparcours\"><ol>\n \t<li><strong>Catherine LATAPIE<\/strong>\u00a0de Loubajac (France). Paralysie de type cubital, par \u00e9longation traumatique du plexus brachial, depuis 18 mois. 38 ans environ au 01-03-1858. Dioc\u00e8se et date de reconnaissance : Tarbes, 18-01-1862.<\/li>\n \t<li><strong>Louis BOURIETTE<\/strong>\u00a0de Lourdes (France). Traumatisme de l&#8217;\u0153il droit datant de 20 ans, avec amaurose depuis 2 ans. 54 ans en mars 1858. Dioc\u00e8se et date de reconnaissance : Tarbes, 18-01-1862.<\/li>\n \t<li><strong>Blaisette CAZENAVE\u00a0<\/strong>de Lourdes (France). Ch\u00e9mosis ou ophtalmie chronique, avec ectropion depuis trois ann\u00e9es. 50 ans environ en mars 1858. Dioc\u00e8se et date de reconnaissance : Tarbes, 18-01-1862.<\/li>\n \t<li><strong>Henri BUSQUET<\/strong>\u00a0de Nay (France). Ad\u00e9nite fistulis\u00e9e (sans doute tuberculeuse) base du cou, depuis 15 mois. 15 ans environ au 28-04-1858. Dioc\u00e8se et date de reconnaissance : Tarbes, 18-01-1862.<\/li>\n \t<li><strong>Justin BOUHORT<\/strong>\u00a0de Lourdes (France). Hypothrepsie chronique post infectieuse, avec retard du d\u00e9veloppement moteur. Diagnostic d&#8217;alors:&#8221;consomption&#8221;. 2 ans au 06-07-1858. Dioc\u00e8se et date de reconnaissance : Tarbes, 18-01-1862.<\/li>\n \t<li><strong>Madeleine RIZAN<\/strong>\u00a0de Nay (France). H\u00e9mipl\u00e9gie gauche depuis 24 ans. 58 ans environ au 17-10-1858. Dioc\u00e8se et date de reconnaissance : Tarbes, 18-01-1862.<\/li>\n \t<li><strong>Marie MOREAU\u00a0<\/strong>de Tartas (France). Diminution tr\u00e8s importante de la vue, avec l\u00e9sions inflammatoires, surtout \u0153il droit, \u00e9voluant depuis 10 mois. 17 ans environ au 09-11-1858. Dioc\u00e8se et date de reconnaissance : Tarbes, 18-01-1862.<\/li>\n \t<li><strong>Pierre DE RUDDER\u00a0<\/strong>de Jabbeke (Belgique). Fracture ouverte de la jambe gauche, avec pseudarthrose. 52 ans au 07-04-1875. Dioc\u00e8se et date de reconnaissance : Bruges (Belgique) 25-07-1908.<\/li>\n \t<li><strong>Joachime DEHANT<\/strong>\u00a0de Gesves (Belgique). Ulc\u00e8re de la jambe droite avec gangr\u00e8ne tr\u00e8s \u00e9tendue. 29 ans au 13-09-1878. Dioc\u00e8se et date de reconnaissance : Namur (Belgique) 25-04-1908.<\/li>\n \t<li><strong>Elisa SEISSON<\/strong>\u00a0de Rognonas (France). Hypertrophie c\u0153ur, \u0153d\u00e8mes membres inf\u00e9rieurs. 27 ans au 29-08-1882. Dioc\u00e8se et date de reconnaissance : Aix-en-Provence 02-07-1912.<\/li>\n \t<li><strong>S\u0153ur Eugenia\u00a0<\/strong>(Marie MABILLE) de Bernay (France). Abc\u00e8s du petit bassin avec fistules v\u00e9sicale et colique. Phl\u00e9bite bilat\u00e9rale. 28 ans au 21-08-1883. Dioc\u00e8se et date de reconnaissance :\u00a0 Evreux 30-08-1908.<\/li>\n \t<li><strong>S\u0153ur Julienne<\/strong>\u00a0(Aline BRUY\u00c8RE) de La Roque (France). Tuberculose pulmonaire cavitaire. 25 ans au 01-09-1889. Dioc\u00e8se et date de reconnaissance : Tulle 07-03-1912.<\/li>\n \t<li><strong>S\u0153ur Jos\u00e9phine-Marie<\/strong>\u00a0(Anne JOURDAIN) de Goincourt (France). Tuberculose pulmonaire. 36 ans au 21-08-1890. Dioc\u00e8se et date de reconnaissance : Beauvais 10-10-1908.<\/li>\n \t<li><strong>Am\u00e9lie CHAGNON<\/strong>\u00a0(religieuse du Sacr\u00e9-C\u0153ur au 25-09-1894) de Poitiers (France). Ost\u00e9o-arthrites tuberculeuses genou et pied (2\u00e8me m\u00e9tatarsien). 17 ans au 21-08-1891. Dioc\u00e8se et date de reconnaissance : Tournai (Belgique) 08-09-1910.<\/li>\n \t<li><strong>Cl\u00e9mentine TROUV\u00c9<\/strong>\u00a0(S\u0153ur Agn\u00e8s-Marie) de Rouill\u00e9 (France). Ost\u00e9o-p\u00e9riostite du pied droit fistulis\u00e9e. 14 ans au 21-08-1891. Dioc\u00e8se et date de reconnaissance : Paris 06-06-1908.<\/li>\n \t<li><strong>Marie LEBRANCHU<\/strong>\u00a0(Mme Wuiplier) de Paris (France). Tuberculose pulmonaire (expectoration avec Bacilles de Koch). 35 ans au 20-081892. Dioc\u00e8se et date de reconnaissance : Paris 06-06-1908.<\/li>\n \t<li><strong>Marie LEMARCHAND<\/strong>\u00a0(Mme Authier) de Caen (France). Tuberculose pulmonaire avec ulc\u00e8res visage et jambe. 18 ans au 21-08-1892. Dioc\u00e8se et date de reconnaissance :\u00a0 Paris 06-06-1908.<\/li>\n \t<li><strong>Elise LESAGE<\/strong>\u00a0de Bucquoy (France). Ost\u00e9o-arthrite tuberculeuse du genou. 18 ans au 21-08-1892. Dioc\u00e8se et date de reconnaissance : Arras 04-02-1908.<\/li>\n \t<li><strong>S\u0153ur Marie de la Pr\u00e9sentation<\/strong>\u00a0(Sylvie DELPORTE) de Lille (France). Gastro-ent\u00e9rite chronique tuberculeuse. 46 ans au 29-08-1892. Dioc\u00e8se et date de reconnaissance :\u00a0 Cambrai 15-08-1908.<\/li>\n \t<li><strong>Abb\u00e9 CIRETTE<\/strong>\u00a0de Beaumontel (France). Scl\u00e9rose spinale ant\u00e9ro-lat\u00e9rale. 46 ans au 31-08-1893. Dioc\u00e9se et date de reconnaissance : Evreux 11-02-1907.<\/li>\n \t<li><strong>Aur\u00e9lie HUPRELLE<\/strong>\u00a0de Saint-Martin-le-N\u0153ud (France). Phtisie pulmonaire aigu\u00eb. 26 ans au 21-08-1895. Dioc\u00e8se et date de reconnaissance : Beauvais 01-05-1908.<\/li>\n \t<li><strong>Esther BRACHMANN<\/strong>\u00a0de Paris (France). P\u00e9ritonite tuberculeuse. 15 ans au 21-08-1896. Dioc\u00e8se et date de reconnaissance : Paris 06-06-1908.<\/li>\n \t<li><strong>Jeanne TULASNE\u00a0<\/strong>de Tours (France). Mal de Pott lombaire, avec pied bot n\u00e9vropathique. 20 ans au 08-09-1897. Dioc\u00e9se et date de reconnaissance : Tours 27-10-1907.<\/li>\n \t<li><strong>Cl\u00e9mentine MALOT<\/strong>\u00a0de Gaudechart (France). Tuberculose pulmonaire h\u00e9mopto\u00efque. 25 ans au 21-08-1898. Dioc\u00e9se et date de reconnaissance : Beauvais 01-11-1908.<\/li>\n \t<li><strong>Rose FRAN\u00c7OIS<\/strong>\u00a0de Paris (France). Phlegmon fistulis\u00e9 bras droit avec \u00e9norme \u0153d\u00e8me. 36 ans au 20-08-1899. Dioc\u00e8se et date de reconnaissance : Paris 06-06-1908.<\/li>\n \t<li><strong>R\u00e9v\u00e9rend P\u00e8re SALVATOR\u00a0<\/strong>de Rouelle (France). P\u00e9ritonite tuberculeuse. 38 ans au 25-06-1900. Dioc\u00e8se et date de reconnaissance : Rennes 01-07-1908.<\/li>\n \t<li><strong>S\u0153ur Maximilien<\/strong>\u00a0(religieuse de l&#8217;Esp\u00e9rance) de Marseille (France). Kyste hydatique du foie, phl\u00e9bite membre inf\u00e9rieur gauche. 43 ans au 20-05-1901. Dioc\u00e8se et date de reconnaissance : Marseille 05-02-1908.<\/li>\n \t<li><strong>Marie SAVOYE<\/strong>\u00a0de Cateau-Cambresis (France). Mitralite rhumatismale d\u00e9compens\u00e9e. 24 ans au 20-09-1901. Dioc\u00e8se et date de reconnaissance : Cambrai 15-08-1908.<\/li>\n \t<li><strong>Johanna B\u00c9ZENAC<\/strong>\u00a0de Saint-Laurent-des-B\u00e2tons (France). Cachexie de cause inconnue, imp\u00e9tigo paupi\u00e8res et front. 28 ans au 08-08-1904. Dioc\u00e8se et date de reconnaissance : P\u00e9rigueux 02-07-1908.<\/li>\n \t<li><strong>S\u0153ur Saint-Hilaire<\/strong>\u00a0(Lucie JUPIN) de Peyreleau (France). Tumeur abdominale. 39 ans au 20-08-1904. Dioc\u00e8se et date de reconnaissance : Rodez 10-05-1908.<\/li>\n \t<li><strong>S\u0153ur Sainte-B\u00e9atrix<\/strong>\u00a0(Rosalie VILDIER) d&#8217;Evreux (France). Laryngo-bronchite, probablement tuberculeuse. 42 ans au 31-08-1904. Dioc\u00e8se et date de reconnaissance : Evreux 25-03-1908.<\/li>\n \t<li><strong>Marie-Th\u00e9r\u00e8se NOBLET\u00a0<\/strong>d&#8217;Avenay (France). Spondylite dorso-lombaire. 15 ans au 31-08-1905. Dioc\u00e8se et date de reconnaissance : Reims 11-02-1908.<\/li>\n \t<li><strong>C\u00e9cile DOUVILLE DE FRANSSU\u00a0<\/strong>de Tournai (Belgique). P\u00e9ritonite tuberculeuse. 19 ans au 21-09-1905. Dioc\u00e8se et date de reconnaissance : Versailles 08-12-1909.<\/li>\n \t<li><strong>Antonia MOULIN\u00a0<\/strong>de Vienne (France). Fistule ost\u00e9ite f\u00e9mur droit, avec arthrite genou. 30 ans au 10-08-1907. Dioc\u00e8se et date de reconnaissance : Grenoble 06-11-1910.<\/li>\n \t<li><strong>Marie BOREL\u00a0<\/strong>de Mende (France). Six fistules pyo-stercorales, r\u00e9gions lombaire et abdominale. 27 ans au 21\/22-08-1907. Dioc\u00e8se et date de reconnaissance : Mende 04-06-1911.<\/li>\n \t<li><strong>Virginie HAUDEBOURG<\/strong>\u00a0de Lons-le-Saulnier (France). Cystite tuberculeuse, n\u00e9phrite. 22 ans au 17-05-1908. Dioc\u00e8se et date de reconnaissance : Saint-Claude 25-11-1912.<\/li>\n \t<li><strong>Marie BIR\u00c9<\/strong>\u00a0de Sainte-Gemme-la-Plaine (France). C\u00e9cit\u00e9 d&#8217;origine c\u00e9r\u00e9brale, atrophie papillaire bilat\u00e9rale. 41 ans au 05-08-1908. Dioc\u00e8se et date de reconnaissance : Lu\u00e7on 30-07-1910.<\/li>\n \t<li><strong>Aim\u00e9e ALLOPE<\/strong>\u00a0de Vern (France). Nombreux abc\u00e8s tuberculeux, dont 4 fistulis\u00e9s, paroi abdominale ant\u00e9rieure. 37 ans au 28-05-1909. Dioc\u00e8se et date de reconnaissance : Angers 05-08-1910.<\/li>\n \t<li><strong>Juliette ORION<\/strong>\u00a0de Saint-Hilaire-de-Voust (France). Tuberculose pulmonaire et laryng\u00e9e, masto\u00efdite gauche suppur\u00e9e. 24 ans au 22-07-1910. Dioc\u00e8se et date de reconnaissance : Lu\u00e7on 18-10-1913.<\/li>\n \t<li><strong>Marie FABRE<\/strong>\u00a0de Montredon (France). Ent\u00e9rite muco-membraneuse, prolapsus ut\u00e9rin. 32 ans au 26-09-1911. Dioc\u00e8se et date de reconnaissance :\u00a0 Cahors 08-09-1912.<\/li>\n \t<li><strong>Henriette BRESSOLLES\u00a0<\/strong>de Nice (France). Mal de Pott, parapl\u00e9gie. 28 ans environ au 03-07-1924. Dioc\u00e8se et date de reconnaissance : Nice 04-06-1957.<\/li>\n \t<li><strong>Lydia BROSSE<\/strong>\u00a0de Saint-Rapha\u00ebl (France). Fistules tuberculeuses multiples, avec vastes d\u00e9collements (r\u00e9gion fessi\u00e8re gauche). 41 ans au 11-10-1930. Dioc\u00e8se et date de reconnaissance : Coutances 05-08-1958.<\/li>\n \t<li><strong>S\u0153ur Marie-Marguerite<\/strong>\u00a0(Fran\u00e7oise CAPITAINE) de Rennes (France). Abc\u00e8s du rein gauche avec \u0153d\u00e8me phlyct\u00e9nulaire et &#8220;crises cardiaques&#8221;. 64 ans au 22-01-1937. Dioc\u00e8se et date de reconnaissance : Rennes 20-05-1946.<\/li>\n \t<li><strong>Louise JAMAIN\u00a0<\/strong>de Paris (France). Tuberculose pulmonaire, intestinale, p\u00e9riton\u00e9ale. 22 ans au 01-04-1937. Dioc\u00e8se et date de reconnaissance : Paris 14-12-1951.<\/li>\n \t<li><strong>Francis PASCAL<\/strong>\u00a0de Beaucaire (France). C\u00e9cit\u00e9, paralysie des membres inf\u00e9rieurs. 3 ans 10 mois au 31-08-1938. Dioc\u00e8se et date de reconnaissance : Aix-en-Provence 31-05-1949.<\/li>\n \t<li><strong>Gabrielle CLAUZEL<\/strong>\u00a0d&#8217;Oran (Alg\u00e9rie). Spondylose rhumatismale. 49 ans au 15-08-1943. Dioc\u00e8se et date de reconnaissance : Oran (Alg\u00e9rie) 18-03-1948.<\/li>\n \t<li><strong>Yvonne FOURNIER<\/strong>\u00a0de Limoges (France). Syndrome extenso-progressif post-traumatique du membre sup\u00e9rieur gauche. (Syndrome de Leriche). 22 ans au 19-08-1945. Dioc\u00e8se et date de reconnaissance : Paris 14-11-1959.<\/li>\n \t<li><strong>Rose MARTIN<\/strong>\u00a0de Nice (France). Cancer col ut\u00e9rus (\u00e9pith\u00e9lioma glandulaire cylindrique). 46 ans au 03-07-1947. Dioc\u00e8se et date de reconnaissance : Nice 17-03-1958.<\/li>\n \t<li><strong>Jeanne GESTAS<\/strong>\u00a0de B\u00e8gles (France). Troubles dyspeptiques, avec accidents occlusifs post-op\u00e9ratoires. 50 ans au 22-08-1947. Dioc\u00e8se et date de reconnaissance : Bordeaux 13-07-1952.<\/li>\n \t<li><strong>Marie-Th\u00e9r\u00e8se CANIN<\/strong>\u00a0de Marseille (France). Mal de Pott dorso-lombaire et p\u00e9ritonite tuberculeuse fistulis\u00e9e. 37 ans au 09-10-1947. Dioc\u00e8se et date de reconnaissance : Marseille 06-06-1952.<\/li>\n \t<li><strong>Maddalena CARINI\u00a0<\/strong>de San Remo (Italie). Tuberculose p\u00e9riton\u00e9ale, pleuro-pulmonaire et osseuse, avec coronarite. 31 ans au 15-08-1948. Dioc\u00e8se et date de reconnaissance : Milan (Italie) 02-06-1960.<\/li>\n \t<li><strong>Jeanne FR\u00c9TEL<\/strong>\u00a0de Rennes (France). P\u00e9ritonite tuberculeuse. 34 ans au 08-10-1948. Dioc\u00e8se et date de reconnaissance : Rennes 20-11-1950.<\/li>\n \t<li><strong>Th\u00e9a ANGELE<\/strong>\u00a0(S\u0153ur Marie-Merc\u00e9d\u00e8s) de Tettnang (Allemagne). Scl\u00e9rose en plaques, depuis six ans. 20 ans au 20-05-1950. Dioc\u00e8se et date de reconnaissance : Tarbes-Lourdes 28-06-1961.<\/li>\n \t<li><strong>Evasio GANORA\u00a0<\/strong>de Casale (Italie). Maladie de Hodgkin. 37 ans au 02-06-1950. Dioc\u00e8se et date de reconnaissance : Casale (Italie) 31-05-1955.<\/li>\n \t<li><strong>Edeltraud FULDA<\/strong>\u00a0de Vienne (Autriche). Maladie d&#8217;Addison. 34 ans au 12-08-1950. Dioc\u00e8se et date de reconnaissance : Vienne (Autriche) 18-05-1955.<\/li>\n \t<li><strong>Paul PELLEGRIN<\/strong>\u00a0de Toulon (France). Fistule post-op\u00e9ratoire d&#8217;un abc\u00e8s du foie. 52 ans au 03-10-1950. Dioc\u00e8se et date de reconnaissance : Fr\u00e9jus-Toulon 08-12-1953.<\/li>\n \t<li><strong>Fr\u00e8re L\u00e9o SCHWAGER<\/strong>\u00a0de Fribourg (Suisse). Scl\u00e9rose en plaques depuis cinq ans. 28 ans au 30-04-1952. Dioc\u00e8se et date de reconnaissance : Gen\u00e8ve-Lausanne-Fribourg (Suisse). 18-12-1960.<\/li>\n \t<li><strong>Alice COUTEAULT<\/strong>\u00a0de Bouill\u00e9-Loretz (France). Scl\u00e9rose en plaques depuis trois ans. 34 ans au 15-05-1952. Dioc\u00e8se et date de reconnaissance : Poitiers 16-07-1956.<\/li>\n \t<li><strong>Marie BIGOT\u00a0<\/strong>de La Richardais (France). Arachno\u00efdite fosse post\u00e9rieure (c\u00e9cit\u00e9, surdit\u00e9, h\u00e9mipl\u00e9gie). 31 ans au 08-10-1953 et 32 ans au 10-10-1954. Dioc\u00e8se et date de reconnaissance : Rennes 15-08-1956.<\/li>\n \t<li><strong>Ginette NOUVEL<\/strong>\u00a0de Carmaux (France). Maladie de Budd-Chiari. (Thrombose veines sus-h\u00e9patiques). 26 ans au 21-09-1954. Dioc\u00e8se et date de reconnaissance : Albi 31-05-1963.<\/li>\n \t<li><strong>Elisa ALOI\u00a0<\/strong>de Patti (Italie). Tuberculose ost\u00e9o-articulaire et fistules \u00e0 localisations multiples du membre inf\u00e9rieur droit. 27 ans au 05-06-1958. Dioc\u00e8se et date de reconnaissance : Messine (Italie) 26-05-1965.<\/li>\n \t<li><strong>Juliette TAMBURINI\u00a0<\/strong>de Marseille (France). Ost\u00e9o-p\u00e9riostite f\u00e9morale fistulis\u00e9e, \u00e9pistaxis datant de dix ans. 22 ans au 17-07-1959. Dioc\u00e8se et date de reconnaissance : Marseille 11-05-1965.<\/li>\n \t<li><strong>Vittorio MICHELI<\/strong>\u00a0de Scurelle (Italie). Sarcome de la hanche gauche. 23 ans au 01-06-1963. Dioc\u00e8se et date de reconnaissance : Trento 26-05-1976.<\/li>\n \t<li><strong>Serge PERRIN<\/strong>\u00a0du Lion d&#8217;Angers (France). H\u00e9mipl\u00e9gie droite it\u00e9rative, avec l\u00e9sions oculaires, par troubles circulatoires carotidiens bilat\u00e9raux. 41 ans au 01-05-1970. Dioc\u00e8se et date de reconnaissance : Angers 17-06-1978.<\/li>\n \t<li><strong>Delizia CIROLLI\u00a0<\/strong>de Patern\u00f2 (Italie). Sarcome d&#8217;Ewing du genou droit. 12 ans au 24-12-1976. Dioc\u00e8se et date de reconnaissance : Catania (Italie) 28-06-1989.<\/li>\n \t<li><strong>Jean-Pierre B\u00c9LY<\/strong>\u00a0de La Couronne (France). Scl\u00e9rose en plaques \u00e9volutive depuis 15 ans. 51 ans au 9.10.1987. Dioc\u00e8se et date de reconnaissance : Angoul\u00eame 9.02.1999<\/li>\n \t<li><strong>Anna SANTANIELLO\u00a0<\/strong>de Salerne (Italie). D\u00e9compensation cardiaque par maladie mitrale suite \u00e0 un rhumatisme articulaire aigu. 41 ans au 19-08-1952. Dioc\u00e8se et date de reconnaissance : Salerne (Italie) 21-09-2005<\/li>\n \t<li><strong>S\u0153ur Luigina TRAVERSO<\/strong>\u00a0de Novi Ligure (Italie). Paralysie de la jambe gauche (lombosciatique paralysante sur m\u00e9ningoc\u00e8le). 30 ans au 23-07-1965. Dioc\u00e8se et date de reconnaissance : Casale-Monferrato (Italie) 11-10-2012<\/li>\n \t<li><strong>Danila CASTELLI\u00a0<\/strong>de Bereguardo (Italie). Hypertension art\u00e9rielle avec de graves et r\u00e9currenes crises. 43 ans au 04-05-1989. Dioc\u00e8se et date de reconnaissance : Pavia (Italie) 20-06-2013<\/li>\n \t<li><strong>S\u0153ur Bernadette Moriau\u00a0<\/strong>(France). Dioc\u00e8se et date de reconnaissance : Beauvais (France) 11-02-2018<\/li>\n<\/ol><\/span>\t\t\t\t\t\t\t\t<\/div>\n\t\t\t\t<\/div>\n\t\t\t\t\t<\/div>\n\t\t<\/div>\n\t\t\t\t\t<\/div>\n\t\t<\/section>\n\t\t\t\t<section class=\"elementor-section elementor-top-section elementor-element elementor-element-786f837 elementor-section-boxed elementor-section-height-default elementor-section-height-default\" data-id=\"786f837\" data-element_type=\"section\">\n\t\t\t\t\t\t<div class=\"elementor-container elementor-column-gap-default\">\n\t\t\t\t\t<div class=\"elementor-column elementor-col-100 elementor-top-column elementor-element elementor-element-2c8cc04\" data-id=\"2c8cc04\" data-element_type=\"column\">\n\t\t\t<div class=\"elementor-widget-wrap\">\n\t\t\t\t\t\t\t<\/div>\n\t\t<\/div>\n\t\t\t\t\t<\/div>\n\t\t<\/section>\n\t\t\t\t<\/div>\n\t\t","protected":false},"excerpt":{"rendered":"<p>Les 70 gu\u00e9risons reconnues miraculeuses par l&#8217;Eglise catholique Catherine LATAPIE\u00a0de Loubajac (France). Paralysie de type cubital, par \u00e9longation traumatique du plexus brachial, depuis 18 mois. 38 ans environ au 01-03-1858. Dioc\u00e8se et date de reconnaissance : Tarbes, 18-01-1862. Louis BOURIETTE\u00a0de &hellip; <a href=\"https:\/\/www.lourdes-france.org\/it\/guarigioni-miracolose\/\">Continua<\/a><\/p>\n","protected":false},"author":7,"featured_media":0,"parent":0,"menu_order":0,"comment_status":"closed","ping_status":"closed","template":"","meta":{"_acf_changed":false,"footnotes":""},"class_list":["post-8995","page","type-page","status-publish","hentry"],"acf":[],"yoast_head":"<!-- This site is optimized with the Yoast SEO plugin v24.7 - https:\/\/yoast.com\/wordpress\/plugins\/seo\/ -->\n<title>Guarigioni miracolose<\/title>\n<meta name=\"robots\" content=\"index, follow, max-snippet:-1, max-image-preview:large, max-video-preview:-1\" \/>\n<link rel=\"canonical\" href=\"https:\/\/preprod-lourdes.cawita.com\/guerisons-et-miracles\/\" \/>\n<meta name=\"twitter:label1\" content=\"Tempo di lettura stimato\" \/>\n\t<meta name=\"twitter:data1\" content=\"10 minuti\" \/>\n<script type=\"application\/ld+json\" class=\"yoast-schema-graph\">{\"@context\":\"https:\/\/schema.org\",\"@graph\":[{\"@type\":\"WebPage\",\"@id\":\"https:\/\/preprod-lourdes.cawita.com\/guerisons-et-miracles\/\",\"url\":\"https:\/\/preprod-lourdes.cawita.com\/guerisons-et-miracles\/\",\"name\":\"Guarigioni miracolose\",\"isPartOf\":{\"@id\":\"https:\/\/preprod-lourdes.cawita.com\/#website\"},\"datePublished\":\"2018-07-18T07:17:53+00:00\",\"dateModified\":\"2022-09-09T11:09:33+00:00\",\"breadcrumb\":{\"@id\":\"https:\/\/preprod-lourdes.cawita.com\/guerisons-et-miracles\/#breadcrumb\"},\"inLanguage\":\"it-IT\",\"potentialAction\":[{\"@type\":\"ReadAction\",\"target\":[\"https:\/\/preprod-lourdes.cawita.com\/guerisons-et-miracles\/\"]}]},{\"@type\":\"BreadcrumbList\",\"@id\":\"https:\/\/preprod-lourdes.cawita.com\/guerisons-et-miracles\/#breadcrumb\",\"itemListElement\":[{\"@type\":\"ListItem\",\"position\":1,\"name\":\"Accueil\",\"item\":\"https:\/\/www.lourdes-france.org\/\"},{\"@type\":\"ListItem\",\"position\":2,\"name\":\"Guarigioni miracolose\"}]},{\"@type\":\"WebSite\",\"@id\":\"https:\/\/preprod-lourdes.cawita.com\/#website\",\"url\":\"https:\/\/preprod-lourdes.cawita.com\/\",\"name\":\"Soutenir le Sanctuaire Notre-Dame de Lourdes\",\"description\":\"\",\"potentialAction\":[{\"@type\":\"SearchAction\",\"target\":{\"@type\":\"EntryPoint\",\"urlTemplate\":\"https:\/\/preprod-lourdes.cawita.com\/?s={search_term_string}\"},\"query-input\":{\"@type\":\"PropertyValueSpecification\",\"valueRequired\":true,\"valueName\":\"search_term_string\"}}],\"inLanguage\":\"it-IT\"}]}<\/script>\n<!-- \/ Yoast SEO plugin. -->","yoast_head_json":{"title":"Guarigioni miracolose","robots":{"index":"index","follow":"follow","max-snippet":"max-snippet:-1","max-image-preview":"max-image-preview:large","max-video-preview":"max-video-preview:-1"},"canonical":"https:\/\/preprod-lourdes.cawita.com\/guerisons-et-miracles\/","twitter_misc":{"Tempo di lettura stimato":"10 minuti"},"schema":{"@context":"https:\/\/schema.org","@graph":[{"@type":"WebPage","@id":"https:\/\/preprod-lourdes.cawita.com\/guerisons-et-miracles\/","url":"https:\/\/preprod-lourdes.cawita.com\/guerisons-et-miracles\/","name":"Guarigioni miracolose","isPartOf":{"@id":"https:\/\/preprod-lourdes.cawita.com\/#website"},"datePublished":"2018-07-18T07:17:53+00:00","dateModified":"2022-09-09T11:09:33+00:00","breadcrumb":{"@id":"https:\/\/preprod-lourdes.cawita.com\/guerisons-et-miracles\/#breadcrumb"},"inLanguage":"it-IT","potentialAction":[{"@type":"ReadAction","target":["https:\/\/preprod-lourdes.cawita.com\/guerisons-et-miracles\/"]}]},{"@type":"BreadcrumbList","@id":"https:\/\/preprod-lourdes.cawita.com\/guerisons-et-miracles\/#breadcrumb","itemListElement":[{"@type":"ListItem","position":1,"name":"Accueil","item":"https:\/\/www.lourdes-france.org\/"},{"@type":"ListItem","position":2,"name":"Guarigioni miracolose"}]},{"@type":"WebSite","@id":"https:\/\/preprod-lourdes.cawita.com\/#website","url":"https:\/\/preprod-lourdes.cawita.com\/","name":"Soutenir le Sanctuaire Notre-Dame de Lourdes","description":"","potentialAction":[{"@type":"SearchAction","target":{"@type":"EntryPoint","urlTemplate":"https:\/\/preprod-lourdes.cawita.com\/?s={search_term_string}"},"query-input":{"@type":"PropertyValueSpecification","valueRequired":true,"valueName":"search_term_string"}}],"inLanguage":"it-IT"}]}},"_links":{"self":[{"href":"https:\/\/www.lourdes-france.org\/it\/wp-json\/wp\/v2\/pages\/8995","targetHints":{"allow":["GET"]}}],"collection":[{"href":"https:\/\/www.lourdes-france.org\/it\/wp-json\/wp\/v2\/pages"}],"about":[{"href":"https:\/\/www.lourdes-france.org\/it\/wp-json\/wp\/v2\/types\/page"}],"author":[{"embeddable":true,"href":"https:\/\/www.lourdes-france.org\/it\/wp-json\/wp\/v2\/users\/7"}],"replies":[{"embeddable":true,"href":"https:\/\/www.lourdes-france.org\/it\/wp-json\/wp\/v2\/comments?post=8995"}],"version-history":[{"count":10,"href":"https:\/\/www.lourdes-france.org\/it\/wp-json\/wp\/v2\/pages\/8995\/revisions"}],"predecessor-version":[{"id":869711,"href":"https:\/\/www.lourdes-france.org\/it\/wp-json\/wp\/v2\/pages\/8995\/revisions\/869711"}],"wp:attachment":[{"href":"https:\/\/www.lourdes-france.org\/it\/wp-json\/wp\/v2\/media?parent=8995"}],"curies":[{"name":"wp","href":"https:\/\/api.w.org\/{rel}","templated":true}]}}