{"id":9033,"date":"2018-08-07T12:16:36","date_gmt":"2018-08-07T10:16:36","guid":{"rendered":"https:\/\/www.lourdes-france.org\/bureau-constatations-medicales\/"},"modified":"2021-03-02T16:07:43","modified_gmt":"2021-03-02T15:07:43","slug":"ufficio-constatazioni-mediche","status":"publish","type":"page","link":"https:\/\/www.lourdes-france.org\/it\/ufficio-constatazioni-mediche\/","title":{"rendered":"L&#8217;Ufficio delle Constatazioni Mediche"},"content":{"rendered":"\t\t<div data-elementor-type=\"wp-post\" data-elementor-id=\"9033\" class=\"elementor elementor-9033 elementor-6067\" data-elementor-post-type=\"page\">\n\t\t\t\t\t\t<section class=\"elementor-section elementor-top-section elementor-element elementor-element-55ba2ce4 elementor-section-boxed elementor-section-height-default elementor-section-height-default\" data-id=\"55ba2ce4\" data-element_type=\"section\">\n\t\t\t\t\t\t<div class=\"elementor-container elementor-column-gap-no\">\n\t\t\t\t\t<div class=\"elementor-column elementor-col-100 elementor-top-column elementor-element elementor-element-d9345ca\" data-id=\"d9345ca\" data-element_type=\"column\">\n\t\t\t<div class=\"elementor-widget-wrap elementor-element-populated\">\n\t\t\t\t\t\t<div class=\"elementor-element elementor-element-7058e68 elementor-widget elementor-widget-text-editor\" data-id=\"7058e68\" data-element_type=\"widget\" data-widget_type=\"text-editor.default\">\n\t\t\t\t<div class=\"elementor-widget-container\">\n\t\t\t\t\t\t\t\t\t<p><strong>CONTACT<\/strong><br \/><b>Ufficio delle Constatazioni Mediche<\/b><br \/>Santuario Nostra Signora di Lourdes<br \/>65108 Lourdes Cedex Francia<br \/>T\u00e9l. : +(33) 05 62 42 79 08<br \/><span style=\"color: #e8a702;\"><a style=\"color: #e8a702;\" href=\"\/it\/contact\">inviare una e-mail<\/a><\/span><\/p>\t\t\t\t\t\t\t\t<\/div>\n\t\t\t\t<\/div>\n\t\t\t\t<div class=\"elementor-element elementor-element-76cc49f1 elementor-widget elementor-widget-text-editor\" data-id=\"76cc49f1\" data-element_type=\"widget\" data-widget_type=\"text-editor.default\">\n\t\t\t\t<div class=\"elementor-widget-container\">\n\t\t\t\t\t\t\t\t\t<p><span class=\"parcours-listparcours\"><strong>Monsignor Bertrand-S\u00e9v\u00e8re Laurence<\/strong>, Vescovo di Tarbes, in occasione della firma del Decreto del 18 gennaio 1862, nel quale esprimeva il suo giudizio sulle Apparizioni di Lourdes, ha utilizzato tre criteri per giudicare che l&#8217;Immacolata Concezione era realmente apparsa a Bernadette Soubirous:<\/span><\/p><ul><li>l\u2019affidabilit\u00e0 della veggente<\/li><li>i frutti spirituali<\/li><li>le guarigioni del corpo.<\/li><\/ul><p>Nello stesso giorno (18 gennaio 1862) ha dichiarato tramite decreto sette guarigioni miracolose, fra le centinaia analizzate dal Professor Henri Vergez.<\/p>\t\t\t\t\t\t\t\t<\/div>\n\t\t\t\t<\/div>\n\t\t\t\t<div class=\"elementor-element elementor-element-e033849 elementor-widget elementor-widget-spacer\" data-id=\"e033849\" data-element_type=\"widget\" data-widget_type=\"spacer.default\">\n\t\t\t\t<div class=\"elementor-widget-container\">\n\t\t\t\t\t\t\t<div class=\"elementor-spacer\">\n\t\t\t<div class=\"elementor-spacer-inner\"><\/div>\n\t\t<\/div>\n\t\t\t\t\t\t<\/div>\n\t\t\t\t<\/div>\n\t\t\t\t<div class=\"elementor-element elementor-element-4ce31cb elementor-widget elementor-widget-text-editor\" data-id=\"4ce31cb\" data-element_type=\"widget\" data-widget_type=\"text-editor.default\">\n\t\t\t\t<div class=\"elementor-widget-container\">\n\t\t\t\t\t\t\t\t\t<p>Su richiesta del Padre R\u00e9mi Semp\u00e9, Padre di Garaison, primo Rettore del Santuario, il Dottor Georges-Fernand Dunot de Saint-Maclou fond\u00f2, nel 1883, l\u2019Ufficio delle Costatazioni Mediche, affinch\u00e8 nessun pellegrino lasciasse Lourdes dicendo di essere \u00ab\u00a0guarito\u00a0\u00bb senza aver sottoposto la sua storia di guarigione a un controllo medico rigoroso e collegiale. Rendeva cos\u00ec permanente un\u2019attivit\u00e0 di visite mediche che aveva cominciato ad effettuare episodicamente ogni estate dal 1879.<\/p>\t\t\t\t\t\t\t\t<\/div>\n\t\t\t\t<\/div>\n\t\t\t\t<div class=\"elementor-element elementor-element-43514c2 elementor-widget elementor-widget-text-editor\" data-id=\"43514c2\" data-element_type=\"widget\" data-widget_type=\"text-editor.default\">\n\t\t\t\t<div class=\"elementor-widget-container\">\n\t\t\t\t\t\t\t\t\t<p>La lettera del 3 settembre 1886 dell\u2019Arcivescovo di Cagliari, Monsignor Vincenzo Gregorio Berchialla, inviata da Roma al Dottor Dunot de Saint-Maclou, racconta l\u2019assenso del Papa Leone XIII alle procedure rigorose del Bureau\u00a0<span class=\"orange\"><sup>(1)<\/sup><\/span>.<\/p>\t\t\t\t\t\t\t\t<\/div>\n\t\t\t\t<\/div>\n\t\t\t\t<div class=\"elementor-element elementor-element-7daf3e0 elementor-widget elementor-widget-text-editor\" data-id=\"7daf3e0\" data-element_type=\"widget\" data-widget_type=\"text-editor.default\">\n\t\t\t\t<div class=\"elementor-widget-container\">\n\t\t\t\t\t\t\t\t\t<p>Dopo la morte del Dottor Dunot de Saint-Maclou (1891), \u00e8 oramai il Vescovo della diocesi di Tarbes che nomina il nuovo medico permanente, ossia il Presidente dell\u2019Ufficio delle Costatazioni: nel 1892, si trattava del Dottor Gustave Boissarie.<\/p>\t\t\t\t\t\t\t\t<\/div>\n\t\t\t\t<\/div>\n\t\t\t\t<div class=\"elementor-element elementor-element-ca828db elementor-widget elementor-widget-text-editor\" data-id=\"ca828db\" data-element_type=\"widget\" data-widget_type=\"text-editor.default\">\n\t\t\t\t<div class=\"elementor-widget-container\">\n\t\t\t\t\t\t\t\t\t<p>Nel 1904, in occasione delle celebrazioni del\u00a0 50\u00b0 anniversario del Dogma dell\u2019Immacolata Concezione, il Vescovo di Tarbes, Monsignor Fran\u00e7ois-Xavier Schoepfer, si reca a Roma con una delegazione officiale di cui fa parte il Dottor Boissarie. In tale occasione, in vista delle celebrazioni del 50\u00b0 anniversario delle Apparizioni, certe questioni pertinenti sono trattate presso la Sede Apostolica.<\/p>\t\t\t\t\t\t\t\t<\/div>\n\t\t\t\t<\/div>\n\t\t\t\t<div class=\"elementor-element elementor-element-9fe6c26 elementor-widget elementor-widget-text-editor\" data-id=\"9fe6c26\" data-element_type=\"widget\" data-widget_type=\"text-editor.default\">\n\t\t\t\t<div class=\"elementor-widget-container\">\n\t\t\t\t\t\t\t\t\t<p>Nel 1905, il Vescovo di Tarbes\u00a0 &#8211; in qualit\u00e0 di guardiano della Grotta \u2013 si vede confermare dalla Santa Sede il diritto di utilizzare le procedure dell\u2019Ufficio delle Costatazioni Mediche al fine di studiare le guarigioni dichiarate. Tale diritto \u00e8 ancora in vigore.<\/p>\t\t\t\t\t\t\t\t<\/div>\n\t\t\t\t<\/div>\n\t\t\t\t<div class=\"elementor-element elementor-element-fb6de27 elementor-widget elementor-widget-text-editor\" data-id=\"fb6de27\" data-element_type=\"widget\" data-widget_type=\"text-editor.default\">\n\t\t\t\t<div class=\"elementor-widget-container\">\n\t\t\t\t\t\t\t\t\t<span class=\"parcours-listparcours\"><p class=\"intertitre\">L\u2019espressione \u00abUfficio delle Costatazioni Mediche\u00bb ha due significati.<\/p>\n\n<ol>\n \t<li>Indica, in primo luogo, un ufficio nel Santuario con personale permanente, tra i quali un medico che esercita la professione, riceve le dichiarazioni e comincia un lavoro critico. Il Dottor Alessandro de Franciscis, italiano, \u00e8 il 15\u00b0 Presidente del Bureau. Ha assunto le sue funzioni nel 2009.<\/li>\n \t<li>Se il caso sembra serio, il medico convoca una &#8220;commissione&#8221;, ossia una riunione in cui si \u00ab\u00a0discute un caso clinico\u00a0\u00bb, alla quale possono partecipare tutti i medici e il personale sanitario presenti a Lourdes, qualunque sia la loro appartenenza religiosa.<\/li>\n<\/ol><\/span>\t\t\t\t\t\t\t\t<\/div>\n\t\t\t\t<\/div>\n\t\t\t\t<div class=\"elementor-element elementor-element-2cbb6ce elementor-widget elementor-widget-spacer\" data-id=\"2cbb6ce\" data-element_type=\"widget\" data-widget_type=\"spacer.default\">\n\t\t\t\t<div class=\"elementor-widget-container\">\n\t\t\t\t\t\t\t<div class=\"elementor-spacer\">\n\t\t\t<div class=\"elementor-spacer-inner\"><\/div>\n\t\t<\/div>\n\t\t\t\t\t\t<\/div>\n\t\t\t\t<\/div>\n\t\t\t\t<div class=\"elementor-element elementor-element-2ec2431 elementor-widget elementor-widget-text-editor\" data-id=\"2ec2431\" data-element_type=\"widget\" data-widget_type=\"text-editor.default\">\n\t\t\t\t<div class=\"elementor-widget-container\">\n\t\t\t\t\t\t\t\t\t<p>Oggi, la maggior parte dei medici e del personale sanitario che si reca a Lourdes sono membri dell\u2019Associazione Medica Internazionale di Notre-Dame de Lourdes. Il 6 settembre 1925, il Journal de la Grotte, organo ufficiale del Pellegrinaggio e dell\u2019\u00ab\u00a0Ufficio delle Costatazioni Mediche\u00a0\u00bb, annunciava la fondazione di un\u2019\u00ab\u00a0Associazione Medica di Notre-Dame de Lourdes\u00a0\u00bb per decisione di Monsignor Fran\u00e7ois-Xavier Sch\u0153pfer et del Dottor M. Petitpierre, Presidente ad Interim del\u2019Ufficio delle Costatazioni: con il titolo di AML\u00a0 \u00ab\u00a0\u00e8 fondata, &#8211; tra tutti i medici cattolici che partecipano ai Pellegrinaggi di Lourdes o si interessano direttamente alle guarigioni di Lourdes, &#8211; un\u2019Associazione allo scopo di rinsaldare le relazioni tra tutti i Colleghi e facilitare cos\u00ec lo studio dei fatti di Lourdes (&#8230;). L\u2019esistenza di tale Associazione non modificher\u00e0 per nulla il funzionamento dell\u2019Ufficio delle Costatazioni Mediche, che rester\u00e0 aperto, come in passato, a tutti i medici, siano essi cattolici oppure no\u00bb<span class=\"orange\"><sup>\u00a0(2)<\/sup><\/span>.<\/p>\t\t\t\t\t\t\t\t<\/div>\n\t\t\t\t<\/div>\n\t\t\t\t<div class=\"elementor-element elementor-element-dd9f09a elementor-widget elementor-widget-text-editor\" data-id=\"dd9f09a\" data-element_type=\"widget\" data-widget_type=\"text-editor.default\">\n\t\t\t\t<div class=\"elementor-widget-container\">\n\t\t\t\t\t\t\t\t\t<p>Il Dottor Auguste Vallet, Presidente titolare del\u2019Ufficio delle Costatazioni (1927-1947), \u00ab\u00a0molto rapidamente dopo il suo arrivo prese l\u2019iniziativa (&#8230;) di trasformare in &#8221;Internazionale&#8221; (&#8230;) l\u2019Associazione Medica di Notre-Dame di Lourdes che divenne l\u2019Associazione Medica Internazionale di Lourdes \u2013 pi\u00f9 conosciuta con la sigla A.M.I.L. \u2013 per ravvicinare i medici di tutti i continenti che si sentivano legati a Lourdes, dopo il loro passaggio al Santuario. La seguente clausola veniva richiesta e se ne comprendono facilmente i motivi: era (e senza dubbio, lo \u00e8 ancora) necessario che fossero chiaramente resi noti i titoli che i candidati possono far valere o possedere per potervi accedere e anche la loro volont\u00e0 espressa. Immediatamente, tale creazione impose l\u2019istituzione di un Bollettino, un organo trimestrale, il cui primo numero apparve nel mese di febbraio 1928 e da allora non ha praticamente mai cessato di essere pubblicato\u00a0\u00bb\u00a0<sup><span class=\"orange\">(3)<\/span><\/sup>.<\/p>\t\t\t\t\t\t\t\t<\/div>\n\t\t\t\t<\/div>\n\t\t\t\t<div class=\"elementor-element elementor-element-84ad602 elementor-widget elementor-widget-text-editor\" data-id=\"84ad602\" data-element_type=\"widget\" data-widget_type=\"text-editor.default\">\n\t\t\t\t<div class=\"elementor-widget-container\">\n\t\t\t\t\t\t\t\t\t<p>L\u2019AMIL raggruppa le seguenti associazioni: l&#8217;APIL (Associazione internazionale Farmacisti di Notre-Dame de Lourdes, fondata nel 1935); l&#8217;ADIL (Associazione Internazionale Dentisti di Notre-Dame de Lourdes, fondata nel 1991);\u00a0 l&#8217;AILACS (Associazione Internazionale Professioni Ausiliare del medico di Notre-Dame de Lourdes, fondata nel 1993) et l&#8217;AIIL (Associazione Internazionale Infermieri di Notre-Dame de Lourdes, fondata nel 2014). Il Presidente dell\u2019Ufficio delle Costatazioni Mediche pro-tempore \u00e8 il Presidente dell\u2019AMIL. La sede dell\u2019AMIL si trova presso l\u2019Ufficio delle Costatazioni Mediche.<\/p>\t\t\t\t\t\t\t\t<\/div>\n\t\t\t\t<\/div>\n\t\t\t\t<div class=\"elementor-element elementor-element-cb10198 elementor-widget elementor-widget-text-editor\" data-id=\"cb10198\" data-element_type=\"widget\" data-widget_type=\"text-editor.default\">\n\t\t\t\t<div class=\"elementor-widget-container\">\n\t\t\t\t\t\t\t\t\t<p>Il Comitato Medico di Lourdes \u00e8 stato creato nel 1947 da Monsignor Pierre-Marie Th\u00e9as, Vescovo di Tarbes e Lourdes e dal Dottor Fran\u00e7ois Leuret, Presidente dell\u2019Ufficio delle Costatazioni, cooptando dottori o professori, tutti specialisti eminenti nei loro rispettivi settori. Il Vescovo ha voluto che il Comitato assumesse una dimensione internazionale nel 1954. I membri del Comitato Medico Internazionale di Lourdes sono incaricati di effettuare le perizie, ed eventualmente di \u00ab\u00a0certificare \u00bb che la modalit\u00e0 di guarigione dichiarata \u00abinspiegata\u00bb dall\u2019Ufficio delle Costatazioni Mediche \u00e8 veramente \u00ab\u00a0inspiegata allo stato attuale delle conoscenze scientifiche\u00bb<span class=\"orange\"><sup>\u00a0(4)<\/sup><\/span>.<\/p>\t\t\t\t\t\t\t\t<\/div>\n\t\t\t\t<\/div>\n\t\t\t\t<div class=\"elementor-element elementor-element-771150c elementor-widget elementor-widget-text-editor\" data-id=\"771150c\" data-element_type=\"widget\" data-widget_type=\"text-editor.default\">\n\t\t\t\t<div class=\"elementor-widget-container\">\n\t\t\t\t\t\t\t\t\t<p>Il Comitato Medico Internazionale di Lourdes (C.M.I.L.) \u00e8 costituito da una trentina di membri. E\u2019 attualmente presieduto congiuntamente dal Vescovo di Tarbes e Lourdes, Monsignor Nicolas Brouwet, e da un suo membro, il Professor Olivier Jonquet, designato dal Vescovo per un mandato rinnovabile. Il Presidente dell\u2019Ufficio delle Costatazioni Mediche di Lourdes \u00e8 il Segretario del Comitato.<\/p>\t\t\t\t\t\t\t\t<\/div>\n\t\t\t\t<\/div>\n\t\t\t\t<div class=\"elementor-element elementor-element-39b99f1 elementor-widget elementor-widget-text-editor\" data-id=\"39b99f1\" data-element_type=\"widget\" data-widget_type=\"text-editor.default\">\n\t\t\t\t<div class=\"elementor-widget-container\">\n\t\t\t\t\t\t\t\t\t<p><span class=\"orange\"><sup>(1)<\/sup><\/span>\u00a0Brustolon A.,\u00a0<em>Georges-Fernand Dunot de Saint-Maclou &#8211; Il Dottore della Grotta<\/em>\u00a0\u00a9 2014 Editrice Velar, Gorle (BG), pagine 443-52<br \/><span class=\"orange\"><sup>(2)<\/sup><\/span><em>\u00a0 Journal de la Grotte, Lourdes,<\/em>\u00a0Domenica 6 Settembre 1925, pagine 1 e 3<br \/><sup><span class=\"orange\">(3)<\/span><\/sup>\u00a0 Dottor Th\u00e9odore Mangiapan,\u00a0<em>Gu\u00e9risons de Lourdes &#8211; \u00c9tude historique et critique depuis l\u2019origine jusqu&#8217;en 1990<\/em>\u00a0\u00a9 2010 NDL Editions, Lourdes, (Nuova Edizione), pagina 194<br \/><sup><span class=\"orange\">(4)<\/span><\/sup>\u00a0 Monsignor Jacques Perrier,\u00a0<em>Expliquez-moi les Miracles\u00a0<\/em>\u00a9 2011 NDL Editions, Lourdes, pagina 70<\/p>\t\t\t\t\t\t\t\t<\/div>\n\t\t\t\t<\/div>\n\t\t\t\t\t<\/div>\n\t\t<\/div>\n\t\t\t\t\t<\/div>\n\t\t<\/section>\n\t\t\t\t<\/div>\n\t\t","protected":false},"excerpt":{"rendered":"<p>CONTACTUfficio delle Constatazioni MedicheSantuario Nostra Signora di Lourdes65108 Lourdes Cedex FranciaT\u00e9l. : +(33) 05 62 42 79 08inviare una e-mail Monsignor Bertrand-S\u00e9v\u00e8re Laurence, Vescovo di Tarbes, in occasione della firma del Decreto del 18 gennaio 1862, nel quale esprimeva il &hellip; <a href=\"https:\/\/www.lourdes-france.org\/it\/ufficio-constatazioni-mediche\/\">Continua<\/a><\/p>\n","protected":false},"author":7,"featured_media":0,"parent":0,"menu_order":0,"comment_status":"closed","ping_status":"closed","template":"","meta":{"_acf_changed":false,"footnotes":""},"class_list":["post-9033","page","type-page","status-publish","hentry"],"acf":[],"yoast_head":"<!-- This site is optimized with the Yoast SEO plugin v24.7 - https:\/\/yoast.com\/wordpress\/plugins\/seo\/ -->\n<title>L&#039;Ufficio delle Constatazioni Mediche<\/title>\n<meta name=\"robots\" content=\"index, follow, max-snippet:-1, max-image-preview:large, max-video-preview:-1\" \/>\n<link rel=\"canonical\" href=\"https:\/\/www.lourdes-france.org\/it\/ufficio-constatazioni-mediche\/\" \/>\n<meta name=\"twitter:label1\" content=\"Tempo di lettura stimato\" \/>\n\t<meta name=\"twitter:data1\" content=\"5 minuti\" \/>\n<script type=\"application\/ld+json\" class=\"yoast-schema-graph\">{\"@context\":\"https:\/\/schema.org\",\"@graph\":[{\"@type\":\"WebPage\",\"@id\":\"https:\/\/www.lourdes-france.org\/it\/ufficio-constatazioni-mediche\/\",\"url\":\"https:\/\/www.lourdes-france.org\/it\/ufficio-constatazioni-mediche\/\",\"name\":\"L'Ufficio delle Constatazioni Mediche\",\"isPartOf\":{\"@id\":\"https:\/\/preprod-lourdes.cawita.com\/#website\"},\"datePublished\":\"2018-08-07T10:16:36+00:00\",\"dateModified\":\"2021-03-02T15:07:43+00:00\",\"breadcrumb\":{\"@id\":\"https:\/\/www.lourdes-france.org\/it\/ufficio-constatazioni-mediche\/#breadcrumb\"},\"inLanguage\":\"it-IT\",\"potentialAction\":[{\"@type\":\"ReadAction\",\"target\":[\"https:\/\/www.lourdes-france.org\/it\/ufficio-constatazioni-mediche\/\"]}]},{\"@type\":\"BreadcrumbList\",\"@id\":\"https:\/\/www.lourdes-france.org\/it\/ufficio-constatazioni-mediche\/#breadcrumb\",\"itemListElement\":[{\"@type\":\"ListItem\",\"position\":1,\"name\":\"Accueil\",\"item\":\"https:\/\/www.lourdes-france.org\/\"},{\"@type\":\"ListItem\",\"position\":2,\"name\":\"L&#8217;Ufficio delle Constatazioni Mediche\"}]},{\"@type\":\"WebSite\",\"@id\":\"https:\/\/preprod-lourdes.cawita.com\/#website\",\"url\":\"https:\/\/preprod-lourdes.cawita.com\/\",\"name\":\"Soutenir le Sanctuaire Notre-Dame de Lourdes\",\"description\":\"\",\"potentialAction\":[{\"@type\":\"SearchAction\",\"target\":{\"@type\":\"EntryPoint\",\"urlTemplate\":\"https:\/\/preprod-lourdes.cawita.com\/?s={search_term_string}\"},\"query-input\":{\"@type\":\"PropertyValueSpecification\",\"valueRequired\":true,\"valueName\":\"search_term_string\"}}],\"inLanguage\":\"it-IT\"}]}<\/script>\n<!-- \/ Yoast SEO plugin. -->","yoast_head_json":{"title":"L'Ufficio delle Constatazioni Mediche","robots":{"index":"index","follow":"follow","max-snippet":"max-snippet:-1","max-image-preview":"max-image-preview:large","max-video-preview":"max-video-preview:-1"},"canonical":"https:\/\/www.lourdes-france.org\/it\/ufficio-constatazioni-mediche\/","twitter_misc":{"Tempo di lettura stimato":"5 minuti"},"schema":{"@context":"https:\/\/schema.org","@graph":[{"@type":"WebPage","@id":"https:\/\/www.lourdes-france.org\/it\/ufficio-constatazioni-mediche\/","url":"https:\/\/www.lourdes-france.org\/it\/ufficio-constatazioni-mediche\/","name":"L'Ufficio delle Constatazioni Mediche","isPartOf":{"@id":"https:\/\/preprod-lourdes.cawita.com\/#website"},"datePublished":"2018-08-07T10:16:36+00:00","dateModified":"2021-03-02T15:07:43+00:00","breadcrumb":{"@id":"https:\/\/www.lourdes-france.org\/it\/ufficio-constatazioni-mediche\/#breadcrumb"},"inLanguage":"it-IT","potentialAction":[{"@type":"ReadAction","target":["https:\/\/www.lourdes-france.org\/it\/ufficio-constatazioni-mediche\/"]}]},{"@type":"BreadcrumbList","@id":"https:\/\/www.lourdes-france.org\/it\/ufficio-constatazioni-mediche\/#breadcrumb","itemListElement":[{"@type":"ListItem","position":1,"name":"Accueil","item":"https:\/\/www.lourdes-france.org\/"},{"@type":"ListItem","position":2,"name":"L&#8217;Ufficio delle Constatazioni Mediche"}]},{"@type":"WebSite","@id":"https:\/\/preprod-lourdes.cawita.com\/#website","url":"https:\/\/preprod-lourdes.cawita.com\/","name":"Soutenir le Sanctuaire Notre-Dame de Lourdes","description":"","potentialAction":[{"@type":"SearchAction","target":{"@type":"EntryPoint","urlTemplate":"https:\/\/preprod-lourdes.cawita.com\/?s={search_term_string}"},"query-input":{"@type":"PropertyValueSpecification","valueRequired":true,"valueName":"search_term_string"}}],"inLanguage":"it-IT"}]}},"_links":{"self":[{"href":"https:\/\/www.lourdes-france.org\/it\/wp-json\/wp\/v2\/pages\/9033","targetHints":{"allow":["GET"]}}],"collection":[{"href":"https:\/\/www.lourdes-france.org\/it\/wp-json\/wp\/v2\/pages"}],"about":[{"href":"https:\/\/www.lourdes-france.org\/it\/wp-json\/wp\/v2\/types\/page"}],"author":[{"embeddable":true,"href":"https:\/\/www.lourdes-france.org\/it\/wp-json\/wp\/v2\/users\/7"}],"replies":[{"embeddable":true,"href":"https:\/\/www.lourdes-france.org\/it\/wp-json\/wp\/v2\/comments?post=9033"}],"version-history":[{"count":10,"href":"https:\/\/www.lourdes-france.org\/it\/wp-json\/wp\/v2\/pages\/9033\/revisions"}],"predecessor-version":[{"id":337244,"href":"https:\/\/www.lourdes-france.org\/it\/wp-json\/wp\/v2\/pages\/9033\/revisions\/337244"}],"wp:attachment":[{"href":"https:\/\/www.lourdes-france.org\/it\/wp-json\/wp\/v2\/media?parent=9033"}],"curies":[{"name":"wp","href":"https:\/\/api.w.org\/{rel}","templated":true}]}}