{"id":9053,"date":"2018-08-09T11:22:58","date_gmt":"2018-08-09T09:22:58","guid":{"rendered":"https:\/\/www.lourdes-france.org\/la-reconnaissance-dun-miracle\/"},"modified":"2021-03-02T16:07:21","modified_gmt":"2021-03-02T15:07:21","slug":"riconoscimento-di-miracolo","status":"publish","type":"page","link":"https:\/\/www.lourdes-france.org\/it\/riconoscimento-di-miracolo\/","title":{"rendered":"Il riconoscimento di un miracolo"},"content":{"rendered":"\t\t<div data-elementor-type=\"wp-post\" data-elementor-id=\"9053\" class=\"elementor elementor-9053 elementor-8449\" data-elementor-post-type=\"page\">\n\t\t\t\t\t\t<section class=\"elementor-section elementor-top-section elementor-element elementor-element-406da971 elementor-section-boxed elementor-section-height-default elementor-section-height-default\" data-id=\"406da971\" data-element_type=\"section\">\n\t\t\t\t\t\t<div class=\"elementor-container elementor-column-gap-no\">\n\t\t\t\t\t<div class=\"elementor-column elementor-col-100 elementor-top-column elementor-element elementor-element-1332a6e4\" data-id=\"1332a6e4\" data-element_type=\"column\">\n\t\t\t<div class=\"elementor-widget-wrap elementor-element-populated\">\n\t\t\t\t\t\t<div class=\"elementor-element elementor-element-a35e070 elementor-widget elementor-widget-text-editor\" data-id=\"a35e070\" data-element_type=\"widget\" data-widget_type=\"text-editor.default\">\n\t\t\t\t<div class=\"elementor-widget-container\">\n\t\t\t\t\t\t\t\t\t<span class=\"parcours-listparcours\">Cos\u00ec, per essere qualificata miracolosa, una guarigione deve manifestare due condizioni:\n<ul>\n \t<li>che avvenga secondo modalit\u00e0 straordinarie e imprevedibili,<\/li>\n \t<li>e che sia vissuta in un contesto di fede.<\/li>\n<\/ul>\nE\u2019 indispensabile pertanto che vi sia un dialogo tra la scienza medica e la Chiesa. Questo dialogo, a Lourdes, c\u2019\u00e8 sempre stato, grazie alla presenza di un medico permanente all\u2019Ufficio delle Constatazioni Mediche del Santuario. Oggi, nel XXI\u00b0 secolo, moltissime guarigioni osservate a Lourdes non possono essere ricondotte alla categoria, molto restrittiva, del miracolo, e per questo sono state dimenticate. Esse meritano invece di essere riconosciute come la manifestazione della piet\u00e0 di Dio e di diventare fonte di testimonianza per la comunit\u00e0 dei credenti. Cos\u00ec, nel 2006, sono stati messi a punto alcuni principi per il riconoscimento ecclesiale, senza sottrarre nulla alla seriet\u00e0 e al rigore dell\u2019inchiesta\u00a0 medica che rimane invariata.<\/span>\t\t\t\t\t\t\t\t<\/div>\n\t\t\t\t<\/div>\n\t\t\t\t<div class=\"elementor-element elementor-element-e556a8f elementor-widget elementor-widget-video\" data-id=\"e556a8f\" data-element_type=\"widget\" data-settings=\"{&quot;youtube_url&quot;:&quot;https:\\\/\\\/youtu.be\\\/e-SySQhB9lY&quot;,&quot;video_type&quot;:&quot;youtube&quot;,&quot;controls&quot;:&quot;yes&quot;}\" data-widget_type=\"video.default\">\n\t\t\t\t<div class=\"elementor-widget-container\">\n\t\t\t\t\t\t\t<div class=\"elementor-wrapper elementor-open-inline\">\n\t\t\t<div class=\"elementor-video\"><\/div>\t\t<\/div>\n\t\t\t\t\t\t<\/div>\n\t\t\t\t<\/div>\n\t\t\t\t<div class=\"elementor-element elementor-element-d70b7f1 elementor-widget elementor-widget-spacer\" data-id=\"d70b7f1\" data-element_type=\"widget\" data-widget_type=\"spacer.default\">\n\t\t\t\t<div class=\"elementor-widget-container\">\n\t\t\t\t\t\t\t<div class=\"elementor-spacer\">\n\t\t\t<div class=\"elementor-spacer-inner\"><\/div>\n\t\t<\/div>\n\t\t\t\t\t\t<\/div>\n\t\t\t\t<\/div>\n\t\t\t\t<div class=\"elementor-element elementor-element-89ba3e4 elementor-widget elementor-widget-text-editor\" data-id=\"89ba3e4\" data-element_type=\"widget\" data-widget_type=\"text-editor.default\">\n\t\t\t\t<div class=\"elementor-widget-container\">\n\t\t\t\t\t\t\t\t\t<h2>Tappa 1: <span style=\"color: #e8a702;\">Guarigione Constata<\/span><\/h2>\t\t\t\t\t\t\t\t<\/div>\n\t\t\t\t<\/div>\n\t\t\t\t<div class=\"elementor-element elementor-element-1aeec8c elementor-widget elementor-widget-text-editor\" data-id=\"1aeec8c\" data-element_type=\"widget\" data-widget_type=\"text-editor.default\">\n\t\t\t\t<div class=\"elementor-widget-container\">\n\t\t\t\t\t\t\t\t\t<span class=\"parcours-listparcours\">La prima tappa indispensabile \u00e8 la dichiarazione \u2013 volontaria e spontanea \u2013 delle persone che hanno avuto un cambiamento radicale del loro stato di salute e che ritengono che questo sia dovuto all\u2019intercessione di Nostra Signora di Lourdes. Il dottore permanente dell\u2019Ufficio Medico raccoglie e archivia questa dichiarazione integralmente. Procede quindi a una prima valutazione dell\u2019importanza di questa dichiarazione,\u00a0 e allo studio riguardante sia la veridicit\u00e0 dei fatti sia il loro significato.\n<p class=\"intertitre\">L\u2019avvenimento NON COMUNE<\/p>\nL\u2019obiettivo primo \u00e8 di assicurare la realt\u00e0 della guarigione. Questo comporta l\u2019intervento del medico che ha seguito il paziente accedendo ai molteplici e svariati documenti sanitari (esami biologici, radiologici, anatomo-patologici&#8230;) effettuati prima e dopo la suddetta guarigione. Bisogna poter verificare:\n<ul>\n \t<li>l\u2019assenza di ogni frode, simulazione o illusione;<\/li>\n \t<li>gli esami medici complementari e i documenti amministrativi;<\/li>\n \t<li>nella storia della malattia, la persistenza dei sintomi dolorosi, invalidanti, riguardo all\u2019integrit\u00e0\u00a0 della\u00a0 persona e la resistenza alle cure prescritte;<\/li>\n \t<li>la subitaneit\u00e0 del benessere ritrovato;<\/li>\n \t<li>la permanenza di questa guarigione, completa e stabile, senza conseguenze; l\u2019improbabilit\u00e0 di tale evoluzione.<\/li>\n<\/ul>\nL\u2019obiettivo \u00e8 quello di poter dichiarare che questa guarigione \u00e8 del tutto singolare essendo avvenuta secondo criteri straordinari e imprevedibili.\n<p class=\"intertitre\">Il contesto psico-spirituale<\/p>\nCongiuntamente, \u00e8 fondamentale precisare il contesto nel quale questa guarigione ha avuto luogo ( a Lourdes stesso o altrove, in quale circostanza precisa), con una osservazione completa di tutte le dimensioni del vissuto della persona guarita non solamente sul piano fisico ma anche psichico e spirituale:\n<ul>\n \t<li>il suo stato emozionale;<\/li>\n \t<li>il fatto che essa vi senta l\u2019intercessione della Vergine;<\/li>\n \t<li>l\u2019atteggiamento di preghiera\u00a0 o di eventuale suggestione;<\/li>\n \t<li>l\u2019interpretazione di fede che essa vi riconosce.<\/li>\n<\/ul>\nIn questa tappa, alcune dichiarazioni non sono che \u00ab miglioramenti soggettivi \u00bb; altre, delle guarigioni obiettive che possono essere classificate \u00ab in attesa \u00bb, nel caso manchino alcuni elementi, o registrate come \u201cguarigioni controllate\u201d con possibilit\u00e0 di sviluppo, quindi &#8220;da classificare&#8221;.<\/span>\t\t\t\t\t\t\t\t<\/div>\n\t\t\t\t<\/div>\n\t\t\t\t<div class=\"elementor-element elementor-element-1da3cdb elementor-widget elementor-widget-spacer\" data-id=\"1da3cdb\" data-element_type=\"widget\" data-widget_type=\"spacer.default\">\n\t\t\t\t<div class=\"elementor-widget-container\">\n\t\t\t\t\t\t\t<div class=\"elementor-spacer\">\n\t\t\t<div class=\"elementor-spacer-inner\"><\/div>\n\t\t<\/div>\n\t\t\t\t\t\t<\/div>\n\t\t\t\t<\/div>\n\t\t\t\t<div class=\"elementor-element elementor-element-1abf828 elementor-widget elementor-widget-text-editor\" data-id=\"1abf828\" data-element_type=\"widget\" data-widget_type=\"text-editor.default\">\n\t\t\t\t<div class=\"elementor-widget-container\">\n\t\t\t\t\t\t\t\t\t<h2>Tappa 2: <span style=\"color: #e8a702;\">Guarigione Confermata<\/span><\/h2>\t\t\t\t\t\t\t\t<\/div>\n\t\t\t\t<\/div>\n\t\t\t\t<div class=\"elementor-element elementor-element-8450bbd elementor-widget elementor-widget-text-editor\" data-id=\"8450bbd\" data-element_type=\"widget\" data-widget_type=\"text-editor.default\">\n\t\t\t\t<div class=\"elementor-widget-container\">\n\t\t\t\t\t\t\t\t\t<span class=\"parcours-listparcours\">Questa seconda tappa \u00e8 quella della verifica, che poggia sulla interdisciplinariet\u00e0, medica ed ecclesiastica.\n<p class=\"intertitre\">Sul piano medico<\/p>\nViene richiesto il parere dei medici curanti facenti parte dell\u2019A.M.I.L, come pure quella, eventuale, di medici e professionisti della salute che lo desiderino, di qualunque credo ; a Lourdes questa \u00e8 gi\u00e0 una tradizione. I dossiers in corso sono presentati nella riunione annuale della C.M.I.L. Viene designato un membro per procedere a un indagine e a un esame completo della persona guarita. Si consulta inoltre il parere di specialisti della malattia specifica e si procede a una valutazione della personalit\u00e0 del paziente, al fine di eliminare un&#8217; eventuale patologia isterica o delirante&#8230; Questa guarigione potr\u00e0 quindi essere classificata: \u201csenza seguito\u201d o \u201cmedicalmente sostenuta\u201d.\n<p class=\"intertitre\">Sul piano psico-spirituale<\/p>\nDa questo momento una commissione diocesana, concordata dal Vescovo locale del guarito, potr\u00e0 fare una valutazione collegiale per esaminare il modo con cui \u00e8 vissuta questa guarigione in tutti i suoi aspetti, fisico, psichico e spirituale, prendendo in considerazione eventuali segni negativi (quali, ad esempio, l\u2019 ostentazione&#8230;) e positivi ( eventuali benefici spirituali&#8230;) scaturiti da questa esperienza singolare. In caso di approvazione, la persona guarita sar\u00e0 autorizzata, se lo desidera, a rendere pubblica ai fedeli questa \u00ab grazia di guarigione autentica \u00bb avvenuta in un contesto di fede e di preghiera.\n<p class=\"intertitre\">Questo primo riconoscimento consente :<\/p>\n\n<ul>\n \t<li>al dichiarante di essere accompagnato, per non essere solo a gestire questa situazione<\/li>\n \t<li>di offrire alla comunit\u00e0 dei credenti testimonianze comprovate<\/li>\n \t<li>di offrire la possibilit\u00e0 di un primo atto di ringraziamento<\/li>\n<\/ul><\/span>\t\t\t\t\t\t\t\t<\/div>\n\t\t\t\t<\/div>\n\t\t\t\t<div class=\"elementor-element elementor-element-4ee0dcf elementor-widget elementor-widget-spacer\" data-id=\"4ee0dcf\" data-element_type=\"widget\" data-widget_type=\"spacer.default\">\n\t\t\t\t<div class=\"elementor-widget-container\">\n\t\t\t\t\t\t\t<div class=\"elementor-spacer\">\n\t\t\t<div class=\"elementor-spacer-inner\"><\/div>\n\t\t<\/div>\n\t\t\t\t\t\t<\/div>\n\t\t\t\t<\/div>\n\t\t\t\t<div class=\"elementor-element elementor-element-9ee24bc elementor-widget elementor-widget-text-editor\" data-id=\"9ee24bc\" data-element_type=\"widget\" data-widget_type=\"text-editor.default\">\n\t\t\t\t<div class=\"elementor-widget-container\">\n\t\t\t\t\t\t\t\t\t<h2>Tappa 3: <span style=\"color: #e8a702;\">Guarigione Ratificata<\/span><\/h2>\t\t\t\t\t\t\t\t<\/div>\n\t\t\t\t<\/div>\n\t\t\t\t<div class=\"elementor-element elementor-element-709f583f elementor-widget elementor-widget-text-editor\" data-id=\"709f583f\" data-element_type=\"widget\" data-widget_type=\"text-editor.default\">\n\t\t\t\t<div class=\"elementor-widget-container\">\n\t\t\t\t\t\t\t\t\t<span class=\"parcours-listparcours\">Anch\u2019essa comprende due letture, medica e pastorale, che si sviluppano in due tempi successivi. Questa tappa finale deve essere conforme ai criteri definiti dalla Chiesa per interpretare una guarigione come miracolosa :\n<ol>\n \t<li>la malattia deve avere un carattere di gravit\u00e0, con una diagnosi sfavorevole<\/li>\n \t<li>la realt\u00e0 e la diagnosi della malattia devono essere constatati e precisi<\/li>\n \t<li>la malattia deve essere unicamente organica, lesiva<\/li>\n \t<li>la guarigione deve essere non riconducibile alle terapie<\/li>\n \t<li>la guarigione deve essere repentina, improvvisa, istantanea<\/li>\n \t<li>la ripresa delle funzioni deve essere completa, senza convalescenza<\/li>\n \t<li>non si deve trattare di un miglioramento momentaneo ma di una guarigione duratura<\/li>\n<\/ol><\/span>\t\t\t\t\t\t\t\t<\/div>\n\t\t\t\t<\/div>\n\t\t\t\t<div class=\"elementor-element elementor-element-70ee7ad elementor-widget elementor-widget-spacer\" data-id=\"70ee7ad\" data-element_type=\"widget\" data-widget_type=\"spacer.default\">\n\t\t\t\t<div class=\"elementor-widget-container\">\n\t\t\t\t\t\t\t<div class=\"elementor-spacer\">\n\t\t\t<div class=\"elementor-spacer-inner\"><\/div>\n\t\t<\/div>\n\t\t\t\t\t\t<\/div>\n\t\t\t\t<\/div>\n\t\t\t\t<div class=\"elementor-element elementor-element-da4e4cd elementor-widget elementor-widget-text-editor\" data-id=\"da4e4cd\" data-element_type=\"widget\" data-widget_type=\"text-editor.default\">\n\t\t\t\t<div class=\"elementor-widget-container\">\n\t\t\t\t\t\t\t\t\t<h2>Tappa 4:\u00a0 <span style=\"color: #e8a702;\">Guarigione Certificata\u00a0<\/span><\/h2>\t\t\t\t\t\t\t\t<\/div>\n\t\t\t\t<\/div>\n\t\t\t\t<div class=\"elementor-element elementor-element-50872260 elementor-widget elementor-widget-text-editor\" data-id=\"50872260\" data-element_type=\"widget\" data-widget_type=\"text-editor.default\">\n\t\t\t\t<div class=\"elementor-widget-container\">\n\t\t\t\t\t\t\t\t\t<p>E\u2019 il C.M.I.L., in quanto organo consultivo, che emetter\u00e0 un parere esaustivo e pieno \u00ab sul suo carattere eccezionale \u00bb allo stato attuale delle conoscenze scientifiche attraverso una perizia medica e psichiatrica completa.<\/p>\t\t\t\t\t\t\t\t<\/div>\n\t\t\t\t<\/div>\n\t\t\t\t<div class=\"elementor-element elementor-element-778b5e2 elementor-widget elementor-widget-text-editor\" data-id=\"778b5e2\" data-element_type=\"widget\" data-widget_type=\"text-editor.default\">\n\t\t\t\t<div class=\"elementor-widget-container\">\n\t\t\t\t\t\t\t\t\t<h2>Tappa 5:\u00a0 <span style=\"color: #e8a702;\">Guarigione Proclamata<\/span> (Il miracolo)<\/h2>\t\t\t\t\t\t\t\t<\/div>\n\t\t\t\t<\/div>\n\t\t\t\t<div class=\"elementor-element elementor-element-5b072a5d elementor-widget elementor-widget-text-editor\" data-id=\"5b072a5d\" data-element_type=\"widget\" data-widget_type=\"text-editor.default\">\n\t\t\t\t<div class=\"elementor-widget-container\">\n\t\t\t\t\t\t\t\t\t<p>Questo livello \u00e8 avanzato sempre dal Vescovo della diocesi del guarito, insieme con la Commissione diocesana costituita. Toccher\u00e0 a lui fare il riconoscimento canonico del miracolo. Queste nuove disposizioni dovrebbero condurre a capire meglio la problematica \u00abguarigione-miracolo\u00bb per uscire dal dilemma \u201cmiracolo \u2013 non miracolo\u201d, troppo dualista e non rispondente alla realt\u00e0 dei fatti accaduti a Lourdes. Inoltre, esse dovrebbero condurre a prendere coscienza che le guarigioni apparenti, corporali, fisiche, visibili, sono segni di innumerevoli guarigioni interiori e spirituali, non visibili, che ogni persona pu\u00f2 vivere a Lourdes.<\/p>\t\t\t\t\t\t\t\t<\/div>\n\t\t\t\t<\/div>\n\t\t\t\t\t<\/div>\n\t\t<\/div>\n\t\t\t\t\t<\/div>\n\t\t<\/section>\n\t\t\t\t<\/div>\n\t\t","protected":false},"excerpt":{"rendered":"<p>Cos\u00ec, per essere qualificata miracolosa, una guarigione deve manifestare due condizioni: che avvenga secondo modalit\u00e0 straordinarie e imprevedibili, e che sia vissuta in un contesto di fede. E\u2019 indispensabile pertanto che vi sia un dialogo tra la scienza medica e &hellip; <a href=\"https:\/\/www.lourdes-france.org\/it\/riconoscimento-di-miracolo\/\">Continua<\/a><\/p>\n","protected":false},"author":7,"featured_media":0,"parent":0,"menu_order":0,"comment_status":"closed","ping_status":"closed","template":"","meta":{"_acf_changed":false,"footnotes":""},"class_list":["post-9053","page","type-page","status-publish","hentry"],"acf":[],"yoast_head":"<!-- This site is optimized with the Yoast SEO plugin v24.7 - https:\/\/yoast.com\/wordpress\/plugins\/seo\/ -->\n<title>Il riconoscimento di un miracolo<\/title>\n<meta name=\"robots\" content=\"index, follow, max-snippet:-1, max-image-preview:large, max-video-preview:-1\" \/>\n<link rel=\"canonical\" href=\"https:\/\/www.lourdes-france.org\/it\/riconoscimento-di-miracolo\/\" \/>\n<meta name=\"twitter:label1\" content=\"Tempo di lettura stimato\" \/>\n\t<meta name=\"twitter:data1\" content=\"5 minuti\" \/>\n<script type=\"application\/ld+json\" class=\"yoast-schema-graph\">{\"@context\":\"https:\/\/schema.org\",\"@graph\":[{\"@type\":\"WebPage\",\"@id\":\"https:\/\/www.lourdes-france.org\/it\/riconoscimento-di-miracolo\/\",\"url\":\"https:\/\/www.lourdes-france.org\/it\/riconoscimento-di-miracolo\/\",\"name\":\"Il riconoscimento di un miracolo\",\"isPartOf\":{\"@id\":\"https:\/\/preprod-lourdes.cawita.com\/#website\"},\"datePublished\":\"2018-08-09T09:22:58+00:00\",\"dateModified\":\"2021-03-02T15:07:21+00:00\",\"breadcrumb\":{\"@id\":\"https:\/\/www.lourdes-france.org\/it\/riconoscimento-di-miracolo\/#breadcrumb\"},\"inLanguage\":\"it-IT\",\"potentialAction\":[{\"@type\":\"ReadAction\",\"target\":[\"https:\/\/www.lourdes-france.org\/it\/riconoscimento-di-miracolo\/\"]}]},{\"@type\":\"BreadcrumbList\",\"@id\":\"https:\/\/www.lourdes-france.org\/it\/riconoscimento-di-miracolo\/#breadcrumb\",\"itemListElement\":[{\"@type\":\"ListItem\",\"position\":1,\"name\":\"Accueil\",\"item\":\"https:\/\/www.lourdes-france.org\/\"},{\"@type\":\"ListItem\",\"position\":2,\"name\":\"Il riconoscimento di un miracolo\"}]},{\"@type\":\"WebSite\",\"@id\":\"https:\/\/preprod-lourdes.cawita.com\/#website\",\"url\":\"https:\/\/preprod-lourdes.cawita.com\/\",\"name\":\"Soutenir le Sanctuaire Notre-Dame de Lourdes\",\"description\":\"\",\"potentialAction\":[{\"@type\":\"SearchAction\",\"target\":{\"@type\":\"EntryPoint\",\"urlTemplate\":\"https:\/\/preprod-lourdes.cawita.com\/?s={search_term_string}\"},\"query-input\":{\"@type\":\"PropertyValueSpecification\",\"valueRequired\":true,\"valueName\":\"search_term_string\"}}],\"inLanguage\":\"it-IT\"}]}<\/script>\n<!-- \/ Yoast SEO plugin. -->","yoast_head_json":{"title":"Il riconoscimento di un miracolo","robots":{"index":"index","follow":"follow","max-snippet":"max-snippet:-1","max-image-preview":"max-image-preview:large","max-video-preview":"max-video-preview:-1"},"canonical":"https:\/\/www.lourdes-france.org\/it\/riconoscimento-di-miracolo\/","twitter_misc":{"Tempo di lettura stimato":"5 minuti"},"schema":{"@context":"https:\/\/schema.org","@graph":[{"@type":"WebPage","@id":"https:\/\/www.lourdes-france.org\/it\/riconoscimento-di-miracolo\/","url":"https:\/\/www.lourdes-france.org\/it\/riconoscimento-di-miracolo\/","name":"Il riconoscimento di un miracolo","isPartOf":{"@id":"https:\/\/preprod-lourdes.cawita.com\/#website"},"datePublished":"2018-08-09T09:22:58+00:00","dateModified":"2021-03-02T15:07:21+00:00","breadcrumb":{"@id":"https:\/\/www.lourdes-france.org\/it\/riconoscimento-di-miracolo\/#breadcrumb"},"inLanguage":"it-IT","potentialAction":[{"@type":"ReadAction","target":["https:\/\/www.lourdes-france.org\/it\/riconoscimento-di-miracolo\/"]}]},{"@type":"BreadcrumbList","@id":"https:\/\/www.lourdes-france.org\/it\/riconoscimento-di-miracolo\/#breadcrumb","itemListElement":[{"@type":"ListItem","position":1,"name":"Accueil","item":"https:\/\/www.lourdes-france.org\/"},{"@type":"ListItem","position":2,"name":"Il riconoscimento di un miracolo"}]},{"@type":"WebSite","@id":"https:\/\/preprod-lourdes.cawita.com\/#website","url":"https:\/\/preprod-lourdes.cawita.com\/","name":"Soutenir le Sanctuaire Notre-Dame de Lourdes","description":"","potentialAction":[{"@type":"SearchAction","target":{"@type":"EntryPoint","urlTemplate":"https:\/\/preprod-lourdes.cawita.com\/?s={search_term_string}"},"query-input":{"@type":"PropertyValueSpecification","valueRequired":true,"valueName":"search_term_string"}}],"inLanguage":"it-IT"}]}},"_links":{"self":[{"href":"https:\/\/www.lourdes-france.org\/it\/wp-json\/wp\/v2\/pages\/9053","targetHints":{"allow":["GET"]}}],"collection":[{"href":"https:\/\/www.lourdes-france.org\/it\/wp-json\/wp\/v2\/pages"}],"about":[{"href":"https:\/\/www.lourdes-france.org\/it\/wp-json\/wp\/v2\/types\/page"}],"author":[{"embeddable":true,"href":"https:\/\/www.lourdes-france.org\/it\/wp-json\/wp\/v2\/users\/7"}],"replies":[{"embeddable":true,"href":"https:\/\/www.lourdes-france.org\/it\/wp-json\/wp\/v2\/comments?post=9053"}],"version-history":[{"count":5,"href":"https:\/\/www.lourdes-france.org\/it\/wp-json\/wp\/v2\/pages\/9053\/revisions"}],"predecessor-version":[{"id":20875,"href":"https:\/\/www.lourdes-france.org\/it\/wp-json\/wp\/v2\/pages\/9053\/revisions\/20875"}],"wp:attachment":[{"href":"https:\/\/www.lourdes-france.org\/it\/wp-json\/wp\/v2\/media?parent=9053"}],"curies":[{"name":"wp","href":"https:\/\/api.w.org\/{rel}","templated":true}]}}