{"id":972351,"date":"2024-11-06T16:09:51","date_gmt":"2024-11-06T15:09:51","guid":{"rendered":"https:\/\/www.lourdes-france.org\/historique-8decembre\/"},"modified":"2025-11-13T12:42:15","modified_gmt":"2025-11-13T11:42:15","slug":"historique-8decembre","status":"publish","type":"page","link":"https:\/\/www.lourdes-france.org\/it\/historique-8decembre\/","title":{"rendered":"historique-8decembre"},"content":{"rendered":"\t\t<div data-elementor-type=\"wp-page\" data-elementor-id=\"972351\" class=\"elementor elementor-972351 elementor-971609\" data-elementor-post-type=\"page\">\n\t\t\t\t\t\t<section class=\"elementor-section elementor-top-section elementor-element elementor-element-cad46dd elementor-section-full_width elementor-section-stretched elementor-section-height-default elementor-section-height-default\" data-id=\"cad46dd\" data-element_type=\"section\" data-settings=\"{&quot;stretch_section&quot;:&quot;section-stretched&quot;,&quot;background_background&quot;:&quot;video&quot;,&quot;background_video_link&quot;:&quot;https:\\\/\\\/www.lourdes-france.org\\\/wp-content\\\/uploads\\\/2024\\\/11\\\/rose_fond_anime-1.mp4&quot;}\">\n\t\t\t\t\t\t\t\t<div class=\"elementor-background-video-container elementor-hidden-mobile\" aria-hidden=\"true\">\n\t\t\t\t\t\t\t\t\t\t\t\t\t<video class=\"elementor-background-video-hosted\" autoplay muted playsinline loop><\/video>\n\t\t\t\t\t\t\t\t\t\t\t<\/div>\n\t\t\t\t\t\t\t\t\t<div class=\"elementor-background-overlay\"><\/div>\n\t\t\t\t\t\t\t<div class=\"elementor-container elementor-column-gap-default\">\n\t\t\t\t\t<div class=\"elementor-column elementor-col-100 elementor-top-column elementor-element elementor-element-92b99ad\" data-id=\"92b99ad\" data-element_type=\"column\">\n\t\t\t<div class=\"elementor-widget-wrap elementor-element-populated\">\n\t\t\t\t\t\t<div class=\"elementor-element elementor-element-8b843e0 elementor-widget elementor-widget-heading\" data-id=\"8b843e0\" data-element_type=\"widget\" data-widget_type=\"heading.default\">\n\t\t\t\t<div class=\"elementor-widget-container\">\n\t\t\t\t\t<h2 class=\"elementor-heading-title elementor-size-default\">   <\/h2>\t\t\t\t<\/div>\n\t\t\t\t<\/div>\n\t\t\t\t\t<\/div>\n\t\t<\/div>\n\t\t\t\t\t<\/div>\n\t\t<\/section>\n\t\t\t\t<section class=\"elementor-section elementor-top-section elementor-element elementor-element-aa2f38c elementor-section-boxed elementor-section-height-default elementor-section-height-default\" data-id=\"aa2f38c\" data-element_type=\"section\">\n\t\t\t\t\t\t<div class=\"elementor-container elementor-column-gap-default\">\n\t\t\t\t\t<div class=\"elementor-column elementor-col-100 elementor-top-column elementor-element elementor-element-447c480\" data-id=\"447c480\" data-element_type=\"column\">\n\t\t\t<div class=\"elementor-widget-wrap elementor-element-populated\">\n\t\t\t\t\t\t<div class=\"elementor-element elementor-element-7830d2e elementor-widget elementor-widget-text-editor\" data-id=\"7830d2e\" data-element_type=\"widget\" data-widget_type=\"text-editor.default\">\n\t\t\t\t<div class=\"elementor-widget-container\">\n\t\t\t\t\t\t\t\t\t<h1 style=\"text-align: center;\">La Festa dell&#8217;Immacolata Concezione a Lourdes<\/h1>\t\t\t\t\t\t\t\t<\/div>\n\t\t\t\t<\/div>\n\t\t\t\t\t<\/div>\n\t\t<\/div>\n\t\t\t\t\t<\/div>\n\t\t<\/section>\n\t\t\t\t<section class=\"elementor-section elementor-top-section elementor-element elementor-element-ff3ac6e elementor-section-boxed elementor-section-height-default elementor-section-height-default\" data-id=\"ff3ac6e\" data-element_type=\"section\">\n\t\t\t\t\t\t<div class=\"elementor-container elementor-column-gap-default\">\n\t\t\t\t\t<div class=\"elementor-column elementor-col-100 elementor-top-column elementor-element elementor-element-bcbdc22\" data-id=\"bcbdc22\" data-element_type=\"column\">\n\t\t\t<div class=\"elementor-widget-wrap elementor-element-populated\">\n\t\t\t\t\t\t<div class=\"elementor-element elementor-element-4cd7ebe elementor-widget elementor-widget-text-editor\" data-id=\"4cd7ebe\" data-element_type=\"widget\" data-widget_type=\"text-editor.default\">\n\t\t\t\t<div class=\"elementor-widget-container\">\n\t\t\t\t\t\t\t\t\t<p style=\"text-align: center;\">\u00a0La celebrazione dell\u2019Immacolata Concezione della Vergine Maria, collocata nei primi giorni del nuovo anno liturgico e del tempo di Avvento, ci ricorda il destino unico di questa donna ebrea, prescelta da Dio. Per la fede cristiana, Maria \u00e8 inseparabile dal figlio che ha partorito, Ges\u00f9, nel quale il Dio vivente si \u00e8 pienamente manifestato.<\/p>\t\t\t\t\t\t\t\t<\/div>\n\t\t\t\t<\/div>\n\t\t\t\t<div class=\"elementor-element elementor-element-10aba51 elementor-widget elementor-widget-heading\" data-id=\"10aba51\" data-element_type=\"widget\" data-widget_type=\"heading.default\">\n\t\t\t\t<div class=\"elementor-widget-container\">\n\t\t\t\t\t<h2 class=\"elementor-heading-title elementor-size-default\">Il Dogma dell'Immacolata Concezione\n<\/h2>\t\t\t\t<\/div>\n\t\t\t\t<\/div>\n\t\t\t\t\t<\/div>\n\t\t<\/div>\n\t\t\t\t\t<\/div>\n\t\t<\/section>\n\t\t\t\t<section class=\"elementor-section elementor-top-section elementor-element elementor-element-e0384b9 elementor-section-boxed elementor-section-height-default elementor-section-height-default elementor-invisible\" data-id=\"e0384b9\" data-element_type=\"section\" data-settings=\"{&quot;animation&quot;:&quot;fadeInLeft&quot;}\">\n\t\t\t\t\t\t<div class=\"elementor-container elementor-column-gap-default\">\n\t\t\t\t\t<div class=\"elementor-column elementor-col-33 elementor-top-column elementor-element elementor-element-e2eafee\" data-id=\"e2eafee\" data-element_type=\"column\" data-settings=\"{&quot;background_background&quot;:&quot;classic&quot;}\">\n\t\t\t<div class=\"elementor-widget-wrap elementor-element-populated\">\n\t\t\t\t\t\t<div class=\"elementor-element elementor-element-0c6e353 elementor-widget elementor-widget-spacer\" data-id=\"0c6e353\" data-element_type=\"widget\" data-widget_type=\"spacer.default\">\n\t\t\t\t<div class=\"elementor-widget-container\">\n\t\t\t\t\t\t\t<div class=\"elementor-spacer\">\n\t\t\t<div class=\"elementor-spacer-inner\"><\/div>\n\t\t<\/div>\n\t\t\t\t\t\t<\/div>\n\t\t\t\t<\/div>\n\t\t\t\t\t<\/div>\n\t\t<\/div>\n\t\t\t\t<div class=\"elementor-column elementor-col-66 elementor-top-column elementor-element elementor-element-cfa01ff\" data-id=\"cfa01ff\" data-element_type=\"column\">\n\t\t\t<div class=\"elementor-widget-wrap elementor-element-populated\">\n\t\t\t\t\t\t<div class=\"elementor-element elementor-element-c3e3d5c elementor-widget elementor-widget-text-editor\" data-id=\"c3e3d5c\" data-element_type=\"widget\" data-widget_type=\"text-editor.default\">\n\t\t\t\t<div class=\"elementor-widget-container\">\n\t\t\t\t\t\t\t\t\t<p>Il dogma dell&#8217;Immacolata Concezione, proclamato solennemente<strong> l&#8217;8 dicembre 1854<\/strong> da Papa Pio IX nella Bolla Ineffabilis Deus, afferma che Maria, <strong>la madre di Ges\u00f9, fu preservata dal peccato originale fin dal suo concepimento.<\/strong> Il testo della Bolla recita:<br \/><em>\u00ab[&#8230;] dichiariamo, affermiamo e stabiliamo che \u00e8 stata rivelata da Dio la dottrina che sostiene che la beatissima Vergine Maria, nel primo istante della sua concezione, per una grazia ed un privilegio singolare di Dio onnipotente, in previsione dei meriti di Ges\u00f9 Cristo Salvatore del genere umano, \u00e8 stata preservata intatta da ogni macchia del peccato originale; pertanto, questa dottrina dev&#8217;essere oggetto di fede certa ed immutabile per tutti i fedeli.\u00bb <\/em><br \/><br \/><strong>Questo dogma conferma il posto unico di Maria nel piano di salvezza di Dio.<\/strong> Fu scelta per essere la madre del Salvatore e, per questo, godette di una grazia speciale che la teneva lontana dal peccato, grazia in anticipazione dei meriti di Ges\u00f9 Cristo.<\/p>\t\t\t\t\t\t\t\t<\/div>\n\t\t\t\t<\/div>\n\t\t\t\t\t<\/div>\n\t\t<\/div>\n\t\t\t\t\t<\/div>\n\t\t<\/section>\n\t\t\t\t<section class=\"elementor-section elementor-top-section elementor-element elementor-element-0d50e7a elementor-section-boxed elementor-section-height-default elementor-section-height-default\" data-id=\"0d50e7a\" data-element_type=\"section\">\n\t\t\t\t\t\t<div class=\"elementor-container elementor-column-gap-default\">\n\t\t\t\t\t<div class=\"elementor-column elementor-col-100 elementor-top-column elementor-element elementor-element-ac2066c\" data-id=\"ac2066c\" data-element_type=\"column\">\n\t\t\t<div class=\"elementor-widget-wrap elementor-element-populated\">\n\t\t\t\t\t\t<div class=\"elementor-element elementor-element-436ee49 elementor-widget elementor-widget-spacer\" data-id=\"436ee49\" data-element_type=\"widget\" data-widget_type=\"spacer.default\">\n\t\t\t\t<div class=\"elementor-widget-container\">\n\t\t\t\t\t\t\t<div class=\"elementor-spacer\">\n\t\t\t<div class=\"elementor-spacer-inner\"><\/div>\n\t\t<\/div>\n\t\t\t\t\t\t<\/div>\n\t\t\t\t<\/div>\n\t\t\t\t<div class=\"elementor-element elementor-element-8dc98bb elementor-widget elementor-widget-heading\" data-id=\"8dc98bb\" data-element_type=\"widget\" data-widget_type=\"heading.default\">\n\t\t\t\t<div class=\"elementor-widget-container\">\n\t\t\t\t\t<h2 class=\"elementor-heading-title elementor-size-default\">Lourdes e l'Immacolata Concezione<\/h2>\t\t\t\t<\/div>\n\t\t\t\t<\/div>\n\t\t\t\t\t<\/div>\n\t\t<\/div>\n\t\t\t\t\t<\/div>\n\t\t<\/section>\n\t\t\t\t<section class=\"elementor-section elementor-top-section elementor-element elementor-element-983414a elementor-section-boxed elementor-section-height-default elementor-section-height-default elementor-invisible\" data-id=\"983414a\" data-element_type=\"section\" data-settings=\"{&quot;animation&quot;:&quot;fadeInRight&quot;}\">\n\t\t\t\t\t\t<div class=\"elementor-container elementor-column-gap-default\">\n\t\t\t\t\t<div class=\"elementor-column elementor-col-33 elementor-top-column elementor-element elementor-element-b86c160\" data-id=\"b86c160\" data-element_type=\"column\" data-settings=\"{&quot;background_background&quot;:&quot;classic&quot;}\">\n\t\t\t<div class=\"elementor-widget-wrap elementor-element-populated\">\n\t\t\t\t\t\t<div class=\"elementor-element elementor-element-9002649 elementor-widget elementor-widget-spacer\" data-id=\"9002649\" data-element_type=\"widget\" data-widget_type=\"spacer.default\">\n\t\t\t\t<div class=\"elementor-widget-container\">\n\t\t\t\t\t\t\t<div class=\"elementor-spacer\">\n\t\t\t<div class=\"elementor-spacer-inner\"><\/div>\n\t\t<\/div>\n\t\t\t\t\t\t<\/div>\n\t\t\t\t<\/div>\n\t\t\t\t\t<\/div>\n\t\t<\/div>\n\t\t\t\t<div class=\"elementor-column elementor-col-66 elementor-top-column elementor-element elementor-element-1c4db7d\" data-id=\"1c4db7d\" data-element_type=\"column\">\n\t\t\t<div class=\"elementor-widget-wrap elementor-element-populated\">\n\t\t\t\t\t\t<div class=\"elementor-element elementor-element-d3da52a elementor-widget elementor-widget-text-editor\" data-id=\"d3da52a\" data-element_type=\"widget\" data-widget_type=\"text-editor.default\">\n\t\t\t\t<div class=\"elementor-widget-container\">\n\t\t\t\t\t\t\t\t\t<p>Quattro anni dopo la proclamazione del dogma,<strong> nel 1858<\/strong>, le apparizioni mariane di Lourdes confermarono la grandezza del mistero dell&#8217;Immacolata Concezione. Il 25 marzo di quell&#8217;anno, durante la sua sedicesima apparizione, Maria rivel\u00f2 il suo nome alla giovane Bernadette Soubirous alla Grotta di Massabielle: <em>\u201cIo sono l&#8217;Immacolata Concezione\u201d.<\/em> <br \/><br \/><strong>Queste parole, pronunciate da Maria stessa, hanno dato, attraverso la piccola Bernadette, una conferma divina del dogma proclamato pochi anni prima dal Papa.<\/strong><br \/><br \/>Fin dall&#8217;inizio Maria \u00e8 stata scelta per questa unica missione, quella di portare nel suo grembo il Salvatore del mondo. <strong>La celebrazione dell&#8217;Immacolata Concezione ci invita a contemplare questa grazia eccezionale<\/strong>, a riflettere sull&#8217;amore di Dio, che ha permesso che Maria fosse preservata per compiere pienamente la sua missione di Madre di Dio.<br \/><br \/>Dal Concilio di Efeso del 431, Maria \u00e8 riconosciuta come Theotokos, cio\u00e8 \u201cMadre di Dio\u201d, appellativo che sottolinea l&#8217;inseparabilit\u00e0 tra la persona di Maria e suo Figlio, Ges\u00f9 Cristo. <strong>Onorando Maria attraverso questa bella celebrazione, ricordiamo anche la missione di salvezza compiuta da Ges\u00f9.<\/strong><\/p>\t\t\t\t\t\t\t\t<\/div>\n\t\t\t\t<\/div>\n\t\t\t\t\t<\/div>\n\t\t<\/div>\n\t\t\t\t\t<\/div>\n\t\t<\/section>\n\t\t\t\t<section class=\"elementor-section elementor-top-section elementor-element elementor-element-3d85f8b elementor-section-boxed elementor-section-height-default elementor-section-height-default\" data-id=\"3d85f8b\" data-element_type=\"section\">\n\t\t\t\t\t\t<div class=\"elementor-container elementor-column-gap-default\">\n\t\t\t\t\t<div class=\"elementor-column elementor-col-100 elementor-top-column elementor-element elementor-element-d4110d9\" data-id=\"d4110d9\" data-element_type=\"column\">\n\t\t\t<div class=\"elementor-widget-wrap elementor-element-populated\">\n\t\t\t\t\t\t<div class=\"elementor-element elementor-element-6359f99 elementor-widget elementor-widget-spacer\" data-id=\"6359f99\" data-element_type=\"widget\" data-widget_type=\"spacer.default\">\n\t\t\t\t<div class=\"elementor-widget-container\">\n\t\t\t\t\t\t\t<div class=\"elementor-spacer\">\n\t\t\t<div class=\"elementor-spacer-inner\"><\/div>\n\t\t<\/div>\n\t\t\t\t\t\t<\/div>\n\t\t\t\t<\/div>\n\t\t\t\t<div class=\"elementor-element elementor-element-5edad67 elementor-widget elementor-widget-heading\" data-id=\"5edad67\" data-element_type=\"widget\" data-widget_type=\"heading.default\">\n\t\t\t\t<div class=\"elementor-widget-container\">\n\t\t\t\t\t<h2 class=\"elementor-heading-title elementor-size-default\">A Lourdes, rose per l'Immacolata Concezione<\/h2>\t\t\t\t<\/div>\n\t\t\t\t<\/div>\n\t\t\t\t\t<\/div>\n\t\t<\/div>\n\t\t\t\t\t<\/div>\n\t\t<\/section>\n\t\t\t\t<section class=\"elementor-section elementor-top-section elementor-element elementor-element-f6b9d46 elementor-section-boxed elementor-section-height-default elementor-section-height-default elementor-invisible\" data-id=\"f6b9d46\" data-element_type=\"section\" data-settings=\"{&quot;animation&quot;:&quot;fadeInLeft&quot;}\">\n\t\t\t\t\t\t<div class=\"elementor-container elementor-column-gap-default\">\n\t\t\t\t\t<div class=\"elementor-column elementor-col-33 elementor-top-column elementor-element elementor-element-0718e68\" data-id=\"0718e68\" data-element_type=\"column\" data-settings=\"{&quot;background_background&quot;:&quot;classic&quot;}\">\n\t\t\t<div class=\"elementor-widget-wrap elementor-element-populated\">\n\t\t\t\t\t\t<div class=\"elementor-element elementor-element-4e33f5b elementor-widget elementor-widget-spacer\" data-id=\"4e33f5b\" data-element_type=\"widget\" data-widget_type=\"spacer.default\">\n\t\t\t\t<div class=\"elementor-widget-container\">\n\t\t\t\t\t\t\t<div class=\"elementor-spacer\">\n\t\t\t<div class=\"elementor-spacer-inner\"><\/div>\n\t\t<\/div>\n\t\t\t\t\t\t<\/div>\n\t\t\t\t<\/div>\n\t\t\t\t\t<\/div>\n\t\t<\/div>\n\t\t\t\t<div class=\"elementor-column elementor-col-66 elementor-top-column elementor-element elementor-element-06f282d\" data-id=\"06f282d\" data-element_type=\"column\">\n\t\t\t<div class=\"elementor-widget-wrap elementor-element-populated\">\n\t\t\t\t\t\t<div class=\"elementor-element elementor-element-53cc82c elementor-widget elementor-widget-text-editor\" data-id=\"53cc82c\" data-element_type=\"widget\" data-widget_type=\"text-editor.default\">\n\t\t\t\t<div class=\"elementor-widget-container\">\n\t\t\t\t\t\t\t\t\t<p>Le rose, soprattutto quelle bianche, rappresentano un importante messaggio simbolico durante i festeggiamenti dell&#8217;Immacolata Concezione. <strong>La rosa \u00e8 stata a lungo associata a Maria, nella tradizione cattolica, poich\u00e9 incarna sia la sua purezza che il suo ruolo materno.<\/strong> Il bianco, che rappresenta la purezza, \u00e8 il colore preferito per questa celebrazione.<br \/><br \/>L&#8217;8 dicembre, nella festa dell&#8217;Immacolata Concezione, i<strong>l Papa tradizionalmente depone un mazzo di fiori in Piazza di Spagna a Roma, ai piedi di una colonna di marmo<\/strong>, alta pi\u00f9 di 11 metri, che sostiene una statua di Maria che rende omaggio alla sua Immacolata Concezione.<br \/><br \/>Nel 1965 Padre Pio chiese di portare, l&#8217;8 dicembre, nella solennit\u00e0 dell&#8217;Immacolata Concezione, una corona di fiori ai piedi della statua dell&#8217;Immacolata in Piazza di Spagna a Roma. <strong>Da allora, molti gruppi di preghiera di Padre Pio si riuniscono ogni 8 dicembre per andare in processione a deporre fiori ai piedi di questa statua,<\/strong> proprio come fanno il Santo Padre e tanti Romani.<br \/>Dall&#8217;8 dicembre 2015 (a 50 anni dalla sua richiesta), i gruppi di preghiera di Padre Pio hanno portato una corona di fiori ai piedi della statua della Vergine della Grotta di Lourdes, proprio nel luogo dove, il 25 marzo 1858, l&#8217;Apparizione rivel\u00f2 il suo nome a Bernadette: \u201cIo sono l&#8217;Immacolata Concezione.\u201d<br \/><br \/>Per ampliare e perpetuare questo omaggio floreale, nel 2017, <strong>si \u00e8 deciso di unire la Famiglia Nostra Signora di Lourdes ai Gruppi di Preghiera di Padre Pio.<\/strong> Attraverso Internet, questa iniziativa permette a tutti coloro che desiderano unirsi a questo omaggio, nonostante la distanza, di offrire una rosa a Maria.<\/p>\t\t\t\t\t\t\t\t<\/div>\n\t\t\t\t<\/div>\n\t\t\t\t\t<\/div>\n\t\t<\/div>\n\t\t\t\t\t<\/div>\n\t\t<\/section>\n\t\t\t\t<\/div>\n\t\t","protected":false},"excerpt":{"rendered":"<p>La Festa dell&#8217;Immacolata Concezione a Lourdes \u00a0La celebrazione dell\u2019Immacolata Concezione della Vergine Maria, collocata nei primi giorni del nuovo anno liturgico e del tempo di Avvento, ci ricorda il destino unico di questa donna ebrea, prescelta da Dio. Per la &hellip; <a href=\"https:\/\/www.lourdes-france.org\/it\/historique-8decembre\/\">Continua<\/a><\/p>\n","protected":false},"author":7,"featured_media":0,"parent":0,"menu_order":0,"comment_status":"closed","ping_status":"closed","template":"","meta":{"_acf_changed":false,"footnotes":""},"class_list":["post-972351","page","type-page","status-publish","hentry"],"acf":[],"yoast_head":"<!-- This site is optimized with the Yoast SEO plugin v24.7 - https:\/\/yoast.com\/wordpress\/plugins\/seo\/ -->\n<title>historique-8decembre<\/title>\n<meta name=\"robots\" content=\"index, follow, max-snippet:-1, max-image-preview:large, max-video-preview:-1\" \/>\n<link rel=\"canonical\" href=\"https:\/\/www.lourdes-france.org\/historique-8decembre\/\" \/>\n<meta name=\"twitter:label1\" content=\"Tempo di lettura stimato\" \/>\n\t<meta name=\"twitter:data1\" content=\"4 minuti\" \/>\n<script type=\"application\/ld+json\" class=\"yoast-schema-graph\">{\"@context\":\"https:\/\/schema.org\",\"@graph\":[{\"@type\":\"WebPage\",\"@id\":\"https:\/\/www.lourdes-france.org\/historique-8decembre\/\",\"url\":\"https:\/\/www.lourdes-france.org\/historique-8decembre\/\",\"name\":\"historique-8decembre\",\"isPartOf\":{\"@id\":\"https:\/\/preprod-lourdes.cawita.com\/#website\"},\"datePublished\":\"2024-11-06T15:09:51+00:00\",\"dateModified\":\"2025-11-13T11:42:15+00:00\",\"breadcrumb\":{\"@id\":\"https:\/\/www.lourdes-france.org\/historique-8decembre\/#breadcrumb\"},\"inLanguage\":\"it-IT\",\"potentialAction\":[{\"@type\":\"ReadAction\",\"target\":[\"https:\/\/www.lourdes-france.org\/historique-8decembre\/\"]}]},{\"@type\":\"BreadcrumbList\",\"@id\":\"https:\/\/www.lourdes-france.org\/historique-8decembre\/#breadcrumb\",\"itemListElement\":[{\"@type\":\"ListItem\",\"position\":1,\"name\":\"Accueil\",\"item\":\"https:\/\/www.lourdes-france.org\/\"},{\"@type\":\"ListItem\",\"position\":2,\"name\":\"historique-8decembre\"}]},{\"@type\":\"WebSite\",\"@id\":\"https:\/\/preprod-lourdes.cawita.com\/#website\",\"url\":\"https:\/\/preprod-lourdes.cawita.com\/\",\"name\":\"Soutenir le Sanctuaire Notre-Dame de Lourdes\",\"description\":\"\",\"potentialAction\":[{\"@type\":\"SearchAction\",\"target\":{\"@type\":\"EntryPoint\",\"urlTemplate\":\"https:\/\/preprod-lourdes.cawita.com\/?s={search_term_string}\"},\"query-input\":{\"@type\":\"PropertyValueSpecification\",\"valueRequired\":true,\"valueName\":\"search_term_string\"}}],\"inLanguage\":\"it-IT\"}]}<\/script>\n<!-- \/ Yoast SEO plugin. -->","yoast_head_json":{"title":"historique-8decembre","robots":{"index":"index","follow":"follow","max-snippet":"max-snippet:-1","max-image-preview":"max-image-preview:large","max-video-preview":"max-video-preview:-1"},"canonical":"https:\/\/www.lourdes-france.org\/historique-8decembre\/","twitter_misc":{"Tempo di lettura stimato":"4 minuti"},"schema":{"@context":"https:\/\/schema.org","@graph":[{"@type":"WebPage","@id":"https:\/\/www.lourdes-france.org\/historique-8decembre\/","url":"https:\/\/www.lourdes-france.org\/historique-8decembre\/","name":"historique-8decembre","isPartOf":{"@id":"https:\/\/preprod-lourdes.cawita.com\/#website"},"datePublished":"2024-11-06T15:09:51+00:00","dateModified":"2025-11-13T11:42:15+00:00","breadcrumb":{"@id":"https:\/\/www.lourdes-france.org\/historique-8decembre\/#breadcrumb"},"inLanguage":"it-IT","potentialAction":[{"@type":"ReadAction","target":["https:\/\/www.lourdes-france.org\/historique-8decembre\/"]}]},{"@type":"BreadcrumbList","@id":"https:\/\/www.lourdes-france.org\/historique-8decembre\/#breadcrumb","itemListElement":[{"@type":"ListItem","position":1,"name":"Accueil","item":"https:\/\/www.lourdes-france.org\/"},{"@type":"ListItem","position":2,"name":"historique-8decembre"}]},{"@type":"WebSite","@id":"https:\/\/preprod-lourdes.cawita.com\/#website","url":"https:\/\/preprod-lourdes.cawita.com\/","name":"Soutenir le Sanctuaire Notre-Dame de Lourdes","description":"","potentialAction":[{"@type":"SearchAction","target":{"@type":"EntryPoint","urlTemplate":"https:\/\/preprod-lourdes.cawita.com\/?s={search_term_string}"},"query-input":{"@type":"PropertyValueSpecification","valueRequired":true,"valueName":"search_term_string"}}],"inLanguage":"it-IT"}]}},"_links":{"self":[{"href":"https:\/\/www.lourdes-france.org\/it\/wp-json\/wp\/v2\/pages\/972351","targetHints":{"allow":["GET"]}}],"collection":[{"href":"https:\/\/www.lourdes-france.org\/it\/wp-json\/wp\/v2\/pages"}],"about":[{"href":"https:\/\/www.lourdes-france.org\/it\/wp-json\/wp\/v2\/types\/page"}],"author":[{"embeddable":true,"href":"https:\/\/www.lourdes-france.org\/it\/wp-json\/wp\/v2\/users\/7"}],"replies":[{"embeddable":true,"href":"https:\/\/www.lourdes-france.org\/it\/wp-json\/wp\/v2\/comments?post=972351"}],"version-history":[{"count":3,"href":"https:\/\/www.lourdes-france.org\/it\/wp-json\/wp\/v2\/pages\/972351\/revisions"}],"predecessor-version":[{"id":1085368,"href":"https:\/\/www.lourdes-france.org\/it\/wp-json\/wp\/v2\/pages\/972351\/revisions\/1085368"}],"wp:attachment":[{"href":"https:\/\/www.lourdes-france.org\/it\/wp-json\/wp\/v2\/media?parent=972351"}],"curies":[{"name":"wp","href":"https:\/\/api.w.org\/{rel}","templated":true}]}}