{"id":1033616,"date":"2025-08-12T10:39:19","date_gmt":"2025-08-12T08:39:19","guid":{"rendered":"https:\/\/www.lourdes-france.org\/?page_id=1033616"},"modified":"2025-11-26T11:05:09","modified_gmt":"2025-11-26T10:05:09","slug":"uw-donatie-in-vertrouwen","status":"publish","type":"page","link":"https:\/\/www.lourdes-france.org\/nl\/ons-steunen\/uw-donatie-in-vertrouwen\/","title":{"rendered":"Votre don en confiance"},"content":{"rendered":"\t\t<div data-elementor-type=\"wp-page\" data-elementor-id=\"1033616\" class=\"elementor elementor-1033616 elementor-1028430\" data-elementor-post-type=\"page\">\n\t\t\t\t\t\t<section class=\"elementor-section elementor-top-section elementor-element elementor-element-4bf4b96 elementor-section-full_width elementor-section-stretched elementor-section-height-default elementor-section-height-default\" data-id=\"4bf4b96\" data-element_type=\"section\" data-settings=\"{&quot;stretch_section&quot;:&quot;section-stretched&quot;,&quot;background_background&quot;:&quot;classic&quot;}\">\n\t\t\t\t\t\t<div class=\"elementor-container elementor-column-gap-default\">\n\t\t\t\t\t<div class=\"elementor-column elementor-col-100 elementor-top-column elementor-element elementor-element-7c67f37\" data-id=\"7c67f37\" data-element_type=\"column\">\n\t\t\t<div class=\"elementor-widget-wrap elementor-element-populated\">\n\t\t\t\t\t\t<div class=\"elementor-element elementor-element-dd143da elementor-widget elementor-widget-spacer\" data-id=\"dd143da\" data-element_type=\"widget\" data-widget_type=\"spacer.default\">\n\t\t\t\t<div class=\"elementor-widget-container\">\n\t\t\t\t\t\t\t<div class=\"elementor-spacer\">\n\t\t\t<div class=\"elementor-spacer-inner\"><\/div>\n\t\t<\/div>\n\t\t\t\t\t\t<\/div>\n\t\t\t\t<\/div>\n\t\t\t\t\t<\/div>\n\t\t<\/div>\n\t\t\t\t\t<\/div>\n\t\t<\/section>\n\t\t\t\t<section class=\"elementor-section elementor-top-section elementor-element elementor-element-9123934 elementor-section-full_width elementor-section-height-default elementor-section-height-default\" data-id=\"9123934\" data-element_type=\"section\" data-settings=\"{&quot;background_background&quot;:&quot;classic&quot;}\">\n\t\t\t\t\t\t<div class=\"elementor-container elementor-column-gap-default\">\n\t\t\t\t\t<div class=\"elementor-column elementor-col-100 elementor-top-column elementor-element elementor-element-b2ad6eb\" data-id=\"b2ad6eb\" data-element_type=\"column\">\n\t\t\t<div class=\"elementor-widget-wrap elementor-element-populated\">\n\t\t\t\t\t\t<div class=\"elementor-element elementor-element-7e1fee7 elementor-widget elementor-widget-spacer\" data-id=\"7e1fee7\" data-element_type=\"widget\" data-widget_type=\"spacer.default\">\n\t\t\t\t<div class=\"elementor-widget-container\">\n\t\t\t\t\t\t\t<div class=\"elementor-spacer\">\n\t\t\t<div class=\"elementor-spacer-inner\"><\/div>\n\t\t<\/div>\n\t\t\t\t\t\t<\/div>\n\t\t\t\t<\/div>\n\t\t\t\t<div class=\"elementor-element elementor-element-ea92192 elementor-widget elementor-widget-heading\" data-id=\"ea92192\" data-element_type=\"widget\" data-widget_type=\"heading.default\">\n\t\t\t\t<div class=\"elementor-widget-container\">\n\t\t\t\t\t<h2 class=\"elementor-heading-title elementor-size-default\">UW DONATIE IN VERTROUWEN\n<\/h2>\t\t\t\t<\/div>\n\t\t\t\t<\/div>\n\t\t\t\t<div class=\"elementor-element elementor-element-67c0897 elementor-widget elementor-widget-heading\" data-id=\"67c0897\" data-element_type=\"widget\" data-widget_type=\"heading.default\">\n\t\t\t\t<div class=\"elementor-widget-container\">\n\t\t\t\t\t<h2 class=\"elementor-heading-title elementor-size-default\">_________________<\/h2>\t\t\t\t<\/div>\n\t\t\t\t<\/div>\n\t\t\t\t<div class=\"elementor-element elementor-element-118bddc elementor-widget__width-initial elementor-widget elementor-widget-text-editor\" data-id=\"118bddc\" data-element_type=\"widget\" data-widget_type=\"text-editor.default\">\n\t\t\t\t<div class=\"elementor-widget-container\">\n\t\t\t\t\t\t\t\t\t<p>Betalingen op de website van het Heiligdom van Lourdes zijn 100% veilig. Versleuteling garandeert de vertrouwelijkheid van uw gegevens. Deze gegevens worden veilig verwerkt.<\/p><p>Alle bankgegevens die worden gebruikt om betalingen te verwerken, worden versleuteld met behulp van het SSL-protocol. Ze worden in geen geval opgeslagen op onze computersystemen.<\/p><p>De jaarrekening van het Heiligdom van Lourdes (Diocesane Vereniging van Tarbes en Lourdes) wordt gecontroleerd en gecertificeerd door een accountant.<\/p><h2>Ik wil graag een donatie doen<\/h2><p>Bezoek het 100% veilige online donatieplatform van het Heiligdom van Lourdes.<\/p>\t\t\t\t\t\t\t\t<\/div>\n\t\t\t\t<\/div>\n\t\t\t\t<div class=\"elementor-element elementor-element-04045b4 elementor-widget__width-initial elementor-hidden-desktop elementor-hidden-tablet elementor-hidden-mobile elementor-widget elementor-widget-text-editor\" data-id=\"04045b4\" data-element_type=\"widget\" data-widget_type=\"text-editor.default\">\n\t\t\t\t<div class=\"elementor-widget-container\">\n\t\t\t\t\t\t\t\t\t<h2>Faire un don mensuel<\/h2><p>Soutenir le Sanctuaire de Lourdes chaque mois, c\u2019est participer concr\u00e8tement \u00e0 sa mission spirituelle et d\u2019accueil des p\u00e8lerins du monde entier. Ce geste de fid\u00e9lit\u00e9 permet au Sanctuaire de poursuivre, dans la dur\u00e9e, son service aupr\u00e8s des <a href=\"https:\/\/www.lourdes-france.org\/?page_id=1027988&amp;preview=true\" target=\"_blank\" rel=\"noopener\">personnes fragiles, malades<\/a> ou en qu\u00eate d\u2019esp\u00e9rance, tout en entretenant les <a href=\"https:\/\/www.lourdes-france.org\/?page_id=1027986&amp;preview=true\" target=\"_blank\" rel=\"noopener\">lieux de culte<\/a> confi\u00e9s \u00e0 la pri\u00e8re de tous.<\/p><h4>En choisissant le don r\u00e9gulier :<\/h4><ul><li>Vous r\u00e9partissez votre contribution sur l\u2019ann\u00e9e, facilitant ainsi la gestion de votre budget.<\/li><li>Vous gardez la libert\u00e9 d\u2019interrompre ou d\u2019ajuster le montant de votre soutien \u00e0 tout moment.<\/li><li>Vous limitez la r\u00e9ception de courriers de sollicitation (hors situations d\u2019urgence).<\/li><li>Vous b\u00e9n\u00e9ficiez d\u2019une<a href=\"https:\/\/www.lourdes-france.org\/?page_id=1028426&amp;preview=true\" target=\"_blank\" rel=\"noopener\"> r\u00e9duction fiscale<\/a> pouvant aller jusqu\u2019\u00e0 66 % du montant de vos dons pour les contribuables en France.<\/li><li>Vous recevez un re\u00e7u fiscal unique en d\u00e9but d\u2019ann\u00e9e, r\u00e9capitulant l\u2019ensemble de vos contributions, pour les contribuables en France.<br \/>.<\/li><\/ul><h4>\u00a0<\/h4><h4>Pour le Sanctuaire, un soutien pr\u00e9cieux et durable :<\/h4><ul><li><b>Moins de frais, plus d\u2019aide :<\/b> la r\u00e9gularit\u00e9 des dons r\u00e9duit les co\u00fbts de collecte, ce qui permet d\u2019allouer davantage de ressources \u00e0 <a href=\"https:\/\/www.lourdes-france.org\/?page_id=1033083&amp;preview=true\" target=\"_blank\" rel=\"noopener\">l\u2019accueil des p\u00e8lerins<\/a>, \u00e0 la pastorale, aux soins et \u00e0 l\u2019entretien du sanctuaire.<\/li><li><strong>Stabilit\u00e9 des missions :<\/strong> les dons mensuels offrent une base financi\u00e8re stable pour inscrire les projets dans la dur\u00e9e, notamment l\u2019accompagnement des personnes malades ou les travaux de restauration et d\u2019entretien.<\/li><li><strong>R\u00e9activit\u00e9 en cas d\u2019urgence :<\/strong> un soutien constant permet de r\u00e9pondre rapidement aux besoins.<\/li><\/ul><p>En devenant donateur r\u00e9gulier, vous offrez au Sanctuaire la possibilit\u00e9 de planifier ses actions dans la confiance, en r\u00e9pondant \u00e0 l\u2019appel de Marie : <em>\u00ab Venez ici en procession \u00bb.<\/em><\/p>\t\t\t\t\t\t\t\t<\/div>\n\t\t\t\t<\/div>\n\t\t\t\t<div class=\"elementor-element elementor-element-c01da86 elementor-widget elementor-widget-link-in-bio\" data-id=\"c01da86\" data-element_type=\"widget\" data-widget_type=\"link-in-bio.default\">\n\t\t\t\t<div class=\"elementor-widget-container\">\n\t\t\t\t\t\t\t<div class=\"e-link-in-bio e-link-in-bio\">\n\t\t\t<div class=\"e-link-in-bio__content\">\n\n\t\t\t\t\t\t<div class=\"e-link-in-bio__identity\">\n\t\t\t\t\t\t\t\t\t<div class=\"e-link-in-bio__identity-image e-link-in-bio__identity-image-profile has-border has-style-circle\">\n\t\t\t\t\t\t\t<img fetchpriority=\"high\" decoding=\"async\" width=\"300\" height=\"200\" src=\"https:\/\/www.lourdes-france.org\/wp-content\/uploads\/2025\/07\/21_service-donateur-01-300x200.jpg\" class=\"e-link-in-bio__identity-image-element\" alt=\"Service des donateurs Corrine et Cathy\" srcset=\"https:\/\/www.lourdes-france.org\/wp-content\/uploads\/2025\/07\/21_service-donateur-01-300x200.jpg 300w, https:\/\/www.lourdes-france.org\/wp-content\/uploads\/2025\/07\/21_service-donateur-01-1024x683.jpg 1024w, https:\/\/www.lourdes-france.org\/wp-content\/uploads\/2025\/07\/21_service-donateur-01-768x512.jpg 768w, https:\/\/www.lourdes-france.org\/wp-content\/uploads\/2025\/07\/21_service-donateur-01-1536x1024.jpg 1536w, https:\/\/www.lourdes-france.org\/wp-content\/uploads\/2025\/07\/21_service-donateur-01-2048x1365.jpg 2048w\" sizes=\"(max-width: 300px) 100vw, 300px\" \/>\t\t\t\t\t\t\t\t\t\t\t\t\t<\/div>\n\t\t\t\t\t\t\t<\/div>\n\t\t\t\t\t<div class=\"e-link-in-bio__bio\">\n\t\t\t\t<h2 class=\"e-link-in-bio__heading\">Donor Relations Team<\/h2>\t\t\t\t<h2 class=\"e-link-in-bio__title\">Sanctuaire Notre-Dame de Lourdes<\/h2>\t\t\t\t\t\t\t\t\t\t\t<\/div>\n\t\t\t\t\t<div class=\"e-link-in-bio__icons has-size-medium\">\n\t\t\t\t\t\t\t<div class=\"e-link-in-bio__icon is-size-medium\">\n\t\t\t\t\t<a aria-label=\"Telephone\" class=\"e-link-in-bio__icon-link\" href=\"tel:+33562428282\">\n\t\t\t\t\t\t<span class=\"e-link-in-bio__icon-svg\">\n\t\t\t\t\t\t\t<i aria-hidden=\"true\" class=\"fas fa-phone-alt\"><\/i>\t\t\t\t\t\t<\/span>\n\t\t\t\t\t\t\t\t\t\t\t<\/a>\n\t\t\t\t<\/div>\n\t\t\t\t\t\t\t<div class=\"e-link-in-bio__icon is-size-medium\">\n\t\t\t\t\t<a aria-label=\"Email\" class=\"e-link-in-bio__icon-link\" href=\"mailto:donateur@lourdes-france.com\">\n\t\t\t\t\t\t<span class=\"e-link-in-bio__icon-svg\">\n\t\t\t\t\t\t\t<i aria-hidden=\"true\" class=\"fas fa-envelope\"><\/i>\t\t\t\t\t\t<\/span>\n\t\t\t\t\t\t\t\t\t\t\t<\/a>\n\t\t\t\t<\/div>\n\t\t\t\t\t<\/div>\n\t\t\n\t\t<div class=\"e-link-in-bio__ctas has-type-button\">\n\t\t\t\t\t\t\t<a target=\"_blank\" rel=\"noopener \" class=\"e-link-in-bio__cta is-type-button has-corners-rounded\" href=\"\">\n\t\t\t\t\t\t\t\t\t\t<span class=\"e-link-in-bio__cta-text\">\n\t\t\t\t\t\t1 avenue Mgr Th\u00e9as \u2013 65 108 Lourdes  France\t\t\t\t\t<\/span>\n\t\t\t\t<\/a>\n\t\t\t\t\t<\/div>\n\t\t\n\t\t\t<\/div>\n\t\t\t<div class=\"e-link-in-bio__bg\">\n\t\t\t\t<div class=\"e-link-in-bio__bg-overlay\"><\/div>\n\t\t\t<\/div>\n\t\t<\/div>\n\t\t\t\t\t\t<\/div>\n\t\t\t\t<\/div>\n\t\t\t\t<div class=\"elementor-element elementor-element-b773d1e elementor-view-default elementor-widget elementor-widget-icon\" data-id=\"b773d1e\" data-element_type=\"widget\" data-widget_type=\"icon.default\">\n\t\t\t\t<div class=\"elementor-widget-container\">\n\t\t\t\t\t\t\t<div class=\"elementor-icon-wrapper\">\n\t\t\t<div class=\"elementor-icon\">\n\t\t\t<i aria-hidden=\"true\" class=\"fas fa-church\"><\/i>\t\t\t<\/div>\n\t\t<\/div>\n\t\t\t\t\t\t<\/div>\n\t\t\t\t<\/div>\n\t\t\t\t\t<\/div>\n\t\t<\/div>\n\t\t\t\t\t<\/div>\n\t\t<\/section>\n\t\t\t\t<\/div>\n\t\t","protected":false},"excerpt":{"rendered":"<p>UW DONATIE IN VERTROUWEN _________________ Betalingen op de website van het Heiligdom van Lourdes zijn 100% veilig. Versleuteling garandeert de vertrouwelijkheid van uw gegevens. Deze gegevens worden veilig verwerkt. Alle bankgegevens die worden gebruikt om betalingen te verwerken, worden versleuteld &hellip; <a href=\"https:\/\/www.lourdes-france.org\/nl\/ons-steunen\/uw-donatie-in-vertrouwen\/\">Vervolgd<\/a><\/p>\n","protected":false},"author":7,"featured_media":1028778,"parent":1033705,"menu_order":0,"comment_status":"closed","ping_status":"closed","template":"","meta":{"_acf_changed":false,"footnotes":""},"class_list":["post-1033616","page","type-page","status-publish","has-post-thumbnail","hentry"],"acf":[],"yoast_head":"<!-- This site is optimized with the Yoast SEO plugin v24.7 - https:\/\/yoast.com\/wordpress\/plugins\/seo\/ -->\n<title>Uw donatie in vertrouwen<\/title>\n<meta name=\"description\" content=\"Met het Heiligdom kunt u in alle vertrouwen doneren. Betalingen op de website worden gecontroleerd, gecertificeerd, vertrouwelijk behandeld en zijn 100% veilig.\" \/>\n<meta name=\"robots\" content=\"index, follow, max-snippet:-1, max-image-preview:large, max-video-preview:-1\" \/>\n<link rel=\"canonical\" href=\"https:\/\/www.lourdes-france.org\/nl\/ons-steunen\/uw-donatie-in-vertrouwen\/\" \/>\n<meta name=\"twitter:label1\" content=\"Geschatte leestijd\" \/>\n\t<meta name=\"twitter:data1\" content=\"2 minuten\" \/>\n<script type=\"application\/ld+json\" class=\"yoast-schema-graph\">{\"@context\":\"https:\/\/schema.org\",\"@graph\":[{\"@type\":\"WebPage\",\"@id\":\"https:\/\/www.lourdes-france.org\/nl\/ons-steunen\/uw-donatie-in-vertrouwen\/\",\"url\":\"https:\/\/www.lourdes-france.org\/nl\/ons-steunen\/uw-donatie-in-vertrouwen\/\",\"name\":\"Uw donatie in vertrouwen\",\"isPartOf\":{\"@id\":\"https:\/\/preprod-lourdes.cawita.com\/#website\"},\"primaryImageOfPage\":{\"@id\":\"https:\/\/www.lourdes-france.org\/nl\/ons-steunen\/uw-donatie-in-vertrouwen\/#primaryimage\"},\"image\":{\"@id\":\"https:\/\/www.lourdes-france.org\/nl\/ons-steunen\/uw-donatie-in-vertrouwen\/#primaryimage\"},\"thumbnailUrl\":\"https:\/\/www.lourdes-france.org\/wp-content\/uploads\/2025\/07\/Nous-soutenir-scaled.jpg\",\"datePublished\":\"2025-08-12T08:39:19+00:00\",\"dateModified\":\"2025-11-26T10:05:09+00:00\",\"description\":\"Met het Heiligdom kunt u in alle vertrouwen doneren. Betalingen op de website worden gecontroleerd, gecertificeerd, vertrouwelijk behandeld en zijn 100% veilig.\",\"breadcrumb\":{\"@id\":\"https:\/\/www.lourdes-france.org\/nl\/ons-steunen\/uw-donatie-in-vertrouwen\/#breadcrumb\"},\"inLanguage\":\"nl-NL\",\"potentialAction\":[{\"@type\":\"ReadAction\",\"target\":[\"https:\/\/www.lourdes-france.org\/nl\/ons-steunen\/uw-donatie-in-vertrouwen\/\"]}]},{\"@type\":\"ImageObject\",\"inLanguage\":\"nl-NL\",\"@id\":\"https:\/\/www.lourdes-france.org\/nl\/ons-steunen\/uw-donatie-in-vertrouwen\/#primaryimage\",\"url\":\"https:\/\/www.lourdes-france.org\/wp-content\/uploads\/2025\/07\/Nous-soutenir-scaled.jpg\",\"contentUrl\":\"https:\/\/www.lourdes-france.org\/wp-content\/uploads\/2025\/07\/Nous-soutenir-scaled.jpg\",\"width\":2560,\"height\":1707,\"caption\":\"Nous soutenir\"},{\"@type\":\"BreadcrumbList\",\"@id\":\"https:\/\/www.lourdes-france.org\/nl\/ons-steunen\/uw-donatie-in-vertrouwen\/#breadcrumb\",\"itemListElement\":[{\"@type\":\"ListItem\",\"position\":1,\"name\":\"Accueil\",\"item\":\"https:\/\/www.lourdes-france.org\/\"},{\"@type\":\"ListItem\",\"position\":2,\"name\":\"ONS STEUNEN\",\"item\":\"https:\/\/www.lourdes-france.org\/nl\/ons-steunen\/\"},{\"@type\":\"ListItem\",\"position\":3,\"name\":\"Votre don en confiance\"}]},{\"@type\":\"WebSite\",\"@id\":\"https:\/\/preprod-lourdes.cawita.com\/#website\",\"url\":\"https:\/\/preprod-lourdes.cawita.com\/\",\"name\":\"Soutenir le Sanctuaire Notre-Dame de Lourdes\",\"description\":\"\",\"potentialAction\":[{\"@type\":\"SearchAction\",\"target\":{\"@type\":\"EntryPoint\",\"urlTemplate\":\"https:\/\/preprod-lourdes.cawita.com\/?s={search_term_string}\"},\"query-input\":{\"@type\":\"PropertyValueSpecification\",\"valueRequired\":true,\"valueName\":\"search_term_string\"}}],\"inLanguage\":\"nl-NL\"}]}<\/script>\n<!-- \/ Yoast SEO plugin. -->","yoast_head_json":{"title":"Uw donatie in vertrouwen","description":"Met het Heiligdom kunt u in alle vertrouwen doneren. Betalingen op de website worden gecontroleerd, gecertificeerd, vertrouwelijk behandeld en zijn 100% veilig.","robots":{"index":"index","follow":"follow","max-snippet":"max-snippet:-1","max-image-preview":"max-image-preview:large","max-video-preview":"max-video-preview:-1"},"canonical":"https:\/\/www.lourdes-france.org\/nl\/ons-steunen\/uw-donatie-in-vertrouwen\/","twitter_misc":{"Geschatte leestijd":"2 minuten"},"schema":{"@context":"https:\/\/schema.org","@graph":[{"@type":"WebPage","@id":"https:\/\/www.lourdes-france.org\/nl\/ons-steunen\/uw-donatie-in-vertrouwen\/","url":"https:\/\/www.lourdes-france.org\/nl\/ons-steunen\/uw-donatie-in-vertrouwen\/","name":"Uw donatie in vertrouwen","isPartOf":{"@id":"https:\/\/preprod-lourdes.cawita.com\/#website"},"primaryImageOfPage":{"@id":"https:\/\/www.lourdes-france.org\/nl\/ons-steunen\/uw-donatie-in-vertrouwen\/#primaryimage"},"image":{"@id":"https:\/\/www.lourdes-france.org\/nl\/ons-steunen\/uw-donatie-in-vertrouwen\/#primaryimage"},"thumbnailUrl":"https:\/\/www.lourdes-france.org\/wp-content\/uploads\/2025\/07\/Nous-soutenir-scaled.jpg","datePublished":"2025-08-12T08:39:19+00:00","dateModified":"2025-11-26T10:05:09+00:00","description":"Met het Heiligdom kunt u in alle vertrouwen doneren. Betalingen op de website worden gecontroleerd, gecertificeerd, vertrouwelijk behandeld en zijn 100% veilig.","breadcrumb":{"@id":"https:\/\/www.lourdes-france.org\/nl\/ons-steunen\/uw-donatie-in-vertrouwen\/#breadcrumb"},"inLanguage":"nl-NL","potentialAction":[{"@type":"ReadAction","target":["https:\/\/www.lourdes-france.org\/nl\/ons-steunen\/uw-donatie-in-vertrouwen\/"]}]},{"@type":"ImageObject","inLanguage":"nl-NL","@id":"https:\/\/www.lourdes-france.org\/nl\/ons-steunen\/uw-donatie-in-vertrouwen\/#primaryimage","url":"https:\/\/www.lourdes-france.org\/wp-content\/uploads\/2025\/07\/Nous-soutenir-scaled.jpg","contentUrl":"https:\/\/www.lourdes-france.org\/wp-content\/uploads\/2025\/07\/Nous-soutenir-scaled.jpg","width":2560,"height":1707,"caption":"Nous soutenir"},{"@type":"BreadcrumbList","@id":"https:\/\/www.lourdes-france.org\/nl\/ons-steunen\/uw-donatie-in-vertrouwen\/#breadcrumb","itemListElement":[{"@type":"ListItem","position":1,"name":"Accueil","item":"https:\/\/www.lourdes-france.org\/"},{"@type":"ListItem","position":2,"name":"ONS STEUNEN","item":"https:\/\/www.lourdes-france.org\/nl\/ons-steunen\/"},{"@type":"ListItem","position":3,"name":"Votre don en confiance"}]},{"@type":"WebSite","@id":"https:\/\/preprod-lourdes.cawita.com\/#website","url":"https:\/\/preprod-lourdes.cawita.com\/","name":"Soutenir le Sanctuaire Notre-Dame de Lourdes","description":"","potentialAction":[{"@type":"SearchAction","target":{"@type":"EntryPoint","urlTemplate":"https:\/\/preprod-lourdes.cawita.com\/?s={search_term_string}"},"query-input":{"@type":"PropertyValueSpecification","valueRequired":true,"valueName":"search_term_string"}}],"inLanguage":"nl-NL"}]}},"_links":{"self":[{"href":"https:\/\/www.lourdes-france.org\/nl\/wp-json\/wp\/v2\/pages\/1033616","targetHints":{"allow":["GET"]}}],"collection":[{"href":"https:\/\/www.lourdes-france.org\/nl\/wp-json\/wp\/v2\/pages"}],"about":[{"href":"https:\/\/www.lourdes-france.org\/nl\/wp-json\/wp\/v2\/types\/page"}],"author":[{"embeddable":true,"href":"https:\/\/www.lourdes-france.org\/nl\/wp-json\/wp\/v2\/users\/7"}],"replies":[{"embeddable":true,"href":"https:\/\/www.lourdes-france.org\/nl\/wp-json\/wp\/v2\/comments?post=1033616"}],"version-history":[{"count":3,"href":"https:\/\/www.lourdes-france.org\/nl\/wp-json\/wp\/v2\/pages\/1033616\/revisions"}],"predecessor-version":[{"id":1088444,"href":"https:\/\/www.lourdes-france.org\/nl\/wp-json\/wp\/v2\/pages\/1033616\/revisions\/1088444"}],"up":[{"embeddable":true,"href":"https:\/\/www.lourdes-france.org\/nl\/wp-json\/wp\/v2\/pages\/1033705"}],"wp:featuredmedia":[{"embeddable":true,"href":"https:\/\/www.lourdes-france.org\/nl\/wp-json\/wp\/v2\/media\/1028778"}],"wp:attachment":[{"href":"https:\/\/www.lourdes-france.org\/nl\/wp-json\/wp\/v2\/media?parent=1033616"}],"curies":[{"name":"wp","href":"https:\/\/api.w.org\/{rel}","templated":true}]}}