{"id":1034968,"date":"2025-08-05T12:00:26","date_gmt":"2025-08-05T10:00:26","guid":{"rendered":"https:\/\/www.lourdes-france.org\/?page_id=1034968"},"modified":"2025-08-29T14:55:18","modified_gmt":"2025-08-29T12:55:18","slug":"lourdes-lieu-accueil","status":"publish","type":"page","link":"https:\/\/www.lourdes-france.org\/nl\/lourdes-lieu-accueil\/","title":{"rendered":"Faciliter l&#8217;accueil des p\u00e8lerins vuln\u00e9rables et de ceux qui les servent"},"content":{"rendered":"\t\t<div data-elementor-type=\"wp-page\" data-elementor-id=\"1034968\" class=\"elementor elementor-1034968 elementor-1027988\" data-elementor-post-type=\"page\">\n\t\t\t\t\t\t<section class=\"elementor-section elementor-top-section elementor-element elementor-element-353387e elementor-section-full_width elementor-section-stretched elementor-section-height-default elementor-section-height-default\" data-id=\"353387e\" data-element_type=\"section\" data-settings=\"{&quot;stretch_section&quot;:&quot;section-stretched&quot;,&quot;background_background&quot;:&quot;classic&quot;}\">\n\t\t\t\t\t\t<div class=\"elementor-container elementor-column-gap-default\">\n\t\t\t\t\t<div class=\"elementor-column elementor-col-50 elementor-top-column elementor-element elementor-element-49aecf06 elementor-hidden-tablet elementor-hidden-mobile\" data-id=\"49aecf06\" data-element_type=\"column\">\n\t\t\t<div class=\"elementor-widget-wrap\">\n\t\t\t\t\t\t\t<\/div>\n\t\t<\/div>\n\t\t\t\t<div class=\"elementor-column elementor-col-50 elementor-top-column elementor-element elementor-element-54ba6b60\" data-id=\"54ba6b60\" data-element_type=\"column\">\n\t\t\t<div class=\"elementor-widget-wrap elementor-element-populated\">\n\t\t\t\t\t\t<div class=\"elementor-element elementor-element-2bfc5842 elementor-widget elementor-widget-spacer\" data-id=\"2bfc5842\" data-element_type=\"widget\" data-widget_type=\"spacer.default\">\n\t\t\t\t<div class=\"elementor-widget-container\">\n\t\t\t\t\t\t\t<div class=\"elementor-spacer\">\n\t\t\t<div class=\"elementor-spacer-inner\"><\/div>\n\t\t<\/div>\n\t\t\t\t\t\t<\/div>\n\t\t\t\t<\/div>\n\t\t\t\t<div class=\"elementor-element elementor-element-5f043397 elementor-widget elementor-widget-heading\" data-id=\"5f043397\" data-element_type=\"widget\" data-widget_type=\"heading.default\">\n\t\t\t\t<div class=\"elementor-widget-container\">\n\t\t\t\t\t<h2 class=\"elementor-heading-title elementor-size-default\">Het onthaal <br> van kwetsbare <br>personen  <br>mogelijk maken <\/h2>\t\t\t\t<\/div>\n\t\t\t\t<\/div>\n\t\t\t\t<div class=\"elementor-element elementor-element-798b340c elementor-widget elementor-widget-spacer\" data-id=\"798b340c\" data-element_type=\"widget\" data-widget_type=\"spacer.default\">\n\t\t\t\t<div class=\"elementor-widget-container\">\n\t\t\t\t\t\t\t<div class=\"elementor-spacer\">\n\t\t\t<div class=\"elementor-spacer-inner\"><\/div>\n\t\t<\/div>\n\t\t\t\t\t\t<\/div>\n\t\t\t\t<\/div>\n\t\t\t\t\t<\/div>\n\t\t<\/div>\n\t\t\t\t\t<\/div>\n\t\t<\/section>\n\t\t\t\t<section class=\"elementor-section elementor-top-section elementor-element elementor-element-560e557a elementor-section-full_width elementor-section-stretched elementor-section-height-default elementor-section-height-default\" data-id=\"560e557a\" data-element_type=\"section\" data-settings=\"{&quot;stretch_section&quot;:&quot;section-stretched&quot;}\">\n\t\t\t\t\t\t<div class=\"elementor-container elementor-column-gap-default\">\n\t\t\t\t\t<div class=\"elementor-column elementor-col-50 elementor-top-column elementor-element elementor-element-6a676e13\" data-id=\"6a676e13\" data-element_type=\"column\">\n\t\t\t<div class=\"elementor-widget-wrap elementor-element-populated\">\n\t\t\t\t\t\t<div class=\"elementor-element elementor-element-6c502dfc elementor-widget elementor-widget-image\" data-id=\"6c502dfc\" data-element_type=\"widget\" data-widget_type=\"image.default\">\n\t\t\t\t<div class=\"elementor-widget-container\">\n\t\t\t\t\t\t\t\t\t\t\t\t\t\t\t<img fetchpriority=\"high\" decoding=\"async\" width=\"724\" height=\"1024\" src=\"https:\/\/www.lourdes-france.org\/wp-content\/uploads\/2025\/07\/3-1-724x1024.jpg\" class=\"attachment-large size-large wp-image-1029144\" alt=\"S\u00e9minariste aidant un p\u00e8lerin sur l&#039;esplanade du Rosaire\" srcset=\"https:\/\/www.lourdes-france.org\/wp-content\/uploads\/2025\/07\/3-1-724x1024.jpg 724w, https:\/\/www.lourdes-france.org\/wp-content\/uploads\/2025\/07\/3-1-212x300.jpg 212w, https:\/\/www.lourdes-france.org\/wp-content\/uploads\/2025\/07\/3-1-768x1086.jpg 768w, https:\/\/www.lourdes-france.org\/wp-content\/uploads\/2025\/07\/3-1-1086x1536.jpg 1086w, https:\/\/www.lourdes-france.org\/wp-content\/uploads\/2025\/07\/3-1.jpg 1414w\" sizes=\"(max-width: 724px) 100vw, 724px\" \/>\t\t\t\t\t\t\t\t\t\t\t\t\t\t\t<\/div>\n\t\t\t\t<\/div>\n\t\t\t\t\t<\/div>\n\t\t<\/div>\n\t\t\t\t<div class=\"elementor-column elementor-col-50 elementor-top-column elementor-element elementor-element-2135cd6f\" data-id=\"2135cd6f\" data-element_type=\"column\">\n\t\t\t<div class=\"elementor-widget-wrap elementor-element-populated\">\n\t\t\t\t\t\t<div class=\"elementor-element elementor-element-15f3d4c5 elementor-widget elementor-widget-spacer\" data-id=\"15f3d4c5\" data-element_type=\"widget\" data-widget_type=\"spacer.default\">\n\t\t\t\t<div class=\"elementor-widget-container\">\n\t\t\t\t\t\t\t<div class=\"elementor-spacer\">\n\t\t\t<div class=\"elementor-spacer-inner\"><\/div>\n\t\t<\/div>\n\t\t\t\t\t\t<\/div>\n\t\t\t\t<\/div>\n\t\t\t\t<div class=\"elementor-element elementor-element-71367f99 elementor-widget__width-initial elementor-widget-mobile__width-inherit elementor-widget elementor-widget-text-editor\" data-id=\"71367f99\" data-element_type=\"widget\" data-widget_type=\"text-editor.default\">\n\t\t\t\t<div class=\"elementor-widget-container\">\n\t\t\t\t\t\t\t\t\t<p class=\"s30\"><a href=\"https:\/\/www.lourdes-france.com\/nl\/\"><span class=\"s4\">Lourdes<\/span><\/a> <span class=\"s4\">is v\u00f3\u00f3r alles een plaats van onthaal. Hier moet iedere bedevaarder \u2013 wat ook zijn gezondheidstoestand is, zijn beperktheid of zijn sociale situatie \u2013 voluit zijn\/haar bedevaart kunnen <a href=\"https:\/\/www.lourdes-france.com\/quest-ce-quun-pelerinage\/\">beleven<\/a>.<\/span><\/p><p class=\"s26\"><span class=\"s4\">Voor wie dienstbaar zijn aan de zieken, <\/span><a href=\"https:\/\/hospitalite-nd-lourdes.com\/nl\/\"><span class=\"s4\">hospitaliers<\/span><\/a><span class=\"s4\">, <a href=\"https:\/\/www.lourdes-france.com\/benevole\/\">vrijwilligers<\/a> en gezinnen is het van het grootste belang om hen praktische, functionele en waardige ruimtes aan te bieden. Dankzij uw steun past het Heiligdom zijn infrastructuren aan en moderniseert z<\/span><span class=\"s4\">e voor een veiliger, toegankelijker en meer broederlijk onthaal.<\/span><\/p>\t\t\t\t\t\t\t\t<\/div>\n\t\t\t\t<\/div>\n\t\t\t\t\t<\/div>\n\t\t<\/div>\n\t\t\t\t\t<\/div>\n\t\t<\/section>\n\t\t\t\t<section class=\"elementor-section elementor-top-section elementor-element elementor-element-65635343 elementor-section-boxed elementor-section-height-default elementor-section-height-default\" data-id=\"65635343\" data-element_type=\"section\">\n\t\t\t\t\t\t<div class=\"elementor-container elementor-column-gap-default\">\n\t\t\t\t\t<div class=\"elementor-column elementor-col-100 elementor-top-column elementor-element elementor-element-71949847\" data-id=\"71949847\" data-element_type=\"column\">\n\t\t\t<div class=\"elementor-widget-wrap elementor-element-populated\">\n\t\t\t\t\t\t<section class=\"elementor-section elementor-inner-section elementor-element elementor-element-6d98e104 elementor-section-boxed elementor-section-height-default elementor-section-height-default\" data-id=\"6d98e104\" data-element_type=\"section\">\n\t\t\t\t\t\t<div class=\"elementor-container elementor-column-gap-default\">\n\t\t\t\t\t<div class=\"elementor-column elementor-col-100 elementor-inner-column elementor-element elementor-element-3d9e0ac5\" data-id=\"3d9e0ac5\" data-element_type=\"column\">\n\t\t\t<div class=\"elementor-widget-wrap elementor-element-populated\">\n\t\t\t\t\t\t<div class=\"elementor-element elementor-element-24ba41dc elementor-widget elementor-widget-heading\" data-id=\"24ba41dc\" data-element_type=\"widget\" data-widget_type=\"heading.default\">\n\t\t\t\t<div class=\"elementor-widget-container\">\n\t\t\t\t\t<h2 class=\"elementor-heading-title elementor-size-default\">Onze Projecten<\/h2>\t\t\t\t<\/div>\n\t\t\t\t<\/div>\n\t\t\t\t<div class=\"elementor-element elementor-element-d994d39 elementor-hidden-tablet elementor-hidden-mobile elementor-skin-carousel elementor-pagination-type-bullets elementor-pagination-position-outside elementor-invisible elementor-widget elementor-widget-media-carousel\" data-id=\"d994d39\" data-element_type=\"widget\" data-settings=\"{&quot;slides_per_view&quot;:&quot;3&quot;,&quot;slides_to_scroll&quot;:&quot;1&quot;,&quot;_animation&quot;:&quot;slideInRight&quot;,&quot;slides_per_view_mobile&quot;:&quot;2&quot;,&quot;skin&quot;:&quot;carousel&quot;,&quot;effect&quot;:&quot;slide&quot;,&quot;pagination&quot;:&quot;bullets&quot;,&quot;speed&quot;:500,&quot;autoplay&quot;:&quot;yes&quot;,&quot;autoplay_speed&quot;:5000,&quot;loop&quot;:&quot;yes&quot;,&quot;pause_on_hover&quot;:&quot;yes&quot;,&quot;pause_on_interaction&quot;:&quot;yes&quot;,&quot;space_between&quot;:{&quot;unit&quot;:&quot;px&quot;,&quot;size&quot;:10,&quot;sizes&quot;:[]},&quot;space_between_tablet&quot;:{&quot;unit&quot;:&quot;px&quot;,&quot;size&quot;:10,&quot;sizes&quot;:[]},&quot;space_between_mobile&quot;:{&quot;unit&quot;:&quot;px&quot;,&quot;size&quot;:10,&quot;sizes&quot;:[]}}\" data-widget_type=\"media-carousel.default\">\n\t\t\t\t<div class=\"elementor-widget-container\">\n\t\t\t\t\t\t\t\t\t<div class=\"elementor-swiper\">\n\t\t\t\t\t<div class=\"elementor-main-swiper swiper\" role=\"region\" aria-roledescription=\"carousel\" aria-label=\"Projets\">\n\t\t\t\t<div class=\"swiper-wrapper\">\n\t\t\t\t\t\t\t\t\t\t\t<div class=\"swiper-slide\" role=\"group\" aria-roledescription=\"slide\">\n\t\t\t\t\t\t\t<a href=\"https:\/\/www.lourdes-france.org\/wp-content\/uploads\/2025\/08\/10-1.jpg\" data-elementor-open-lightbox=\"yes\" data-elementor-lightbox-slideshow=\"d994d39\" data-elementor-lightbox-title=\"10\" data-e-action-hash=\"#elementor-action%3Aaction%3Dlightbox%26settings%3DeyJpZCI6MTA0NTQ1OCwidXJsIjoiaHR0cHM6XC9cL3d3dy5sb3VyZGVzLWZyYW5jZS5vcmdcL3dwLWNvbnRlbnRcL3VwbG9hZHNcLzIwMjVcLzA4XC8xMC0xLmpwZyIsInNsaWRlc2hvdyI6ImQ5OTRkMzkifQ%3D%3D\">\t\t<div class=\"elementor-carousel-image\" role=\"img\" aria-label=\"10\" style=\"background-image: url(&#039;https:\/\/www.lourdes-france.org\/wp-content\/uploads\/2025\/08\/10-1.jpg&#039;)\">\n\n\t\t\t\n\t\t\t\t\t<\/div>\n\t\t<\/a>\t\t\t\t\t\t<\/div>\n\t\t\t\t\t\t\t\t\t\t\t<div class=\"swiper-slide\" role=\"group\" aria-roledescription=\"slide\">\n\t\t\t\t\t\t\t<a href=\"https:\/\/www.lourdes-france.org\/wp-content\/uploads\/2025\/08\/11-1.jpg\" data-elementor-open-lightbox=\"yes\" data-elementor-lightbox-slideshow=\"d994d39\" data-elementor-lightbox-title=\"11\" data-e-action-hash=\"#elementor-action%3Aaction%3Dlightbox%26settings%3DeyJpZCI6MTA0NTQ2NiwidXJsIjoiaHR0cHM6XC9cL3d3dy5sb3VyZGVzLWZyYW5jZS5vcmdcL3dwLWNvbnRlbnRcL3VwbG9hZHNcLzIwMjVcLzA4XC8xMS0xLmpwZyIsInNsaWRlc2hvdyI6ImQ5OTRkMzkifQ%3D%3D\">\t\t<div class=\"elementor-carousel-image\" role=\"img\" aria-label=\"11\" style=\"background-image: url(&#039;https:\/\/www.lourdes-france.org\/wp-content\/uploads\/2025\/08\/11-1.jpg&#039;)\">\n\n\t\t\t\n\t\t\t\t\t<\/div>\n\t\t<\/a>\t\t\t\t\t\t<\/div>\n\t\t\t\t\t\t\t\t\t\t\t<div class=\"swiper-slide\" role=\"group\" aria-roledescription=\"slide\">\n\t\t\t\t\t\t\t<a href=\"https:\/\/www.lourdes-france.org\/wp-content\/uploads\/2025\/08\/12-1.jpg\" data-elementor-open-lightbox=\"yes\" data-elementor-lightbox-slideshow=\"d994d39\" data-elementor-lightbox-title=\"12\" data-e-action-hash=\"#elementor-action%3Aaction%3Dlightbox%26settings%3DeyJpZCI6MTA0NTQ3NCwidXJsIjoiaHR0cHM6XC9cL3d3dy5sb3VyZGVzLWZyYW5jZS5vcmdcL3dwLWNvbnRlbnRcL3VwbG9hZHNcLzIwMjVcLzA4XC8xMi0xLmpwZyIsInNsaWRlc2hvdyI6ImQ5OTRkMzkifQ%3D%3D\">\t\t<div class=\"elementor-carousel-image\" role=\"img\" aria-label=\"12\" style=\"background-image: url(&#039;https:\/\/www.lourdes-france.org\/wp-content\/uploads\/2025\/08\/12-1.jpg&#039;)\">\n\n\t\t\t\n\t\t\t\t\t<\/div>\n\t\t<\/a>\t\t\t\t\t\t<\/div>\n\t\t\t\t\t\t\t\t\t\t\t<div class=\"swiper-slide\" role=\"group\" aria-roledescription=\"slide\">\n\t\t\t\t\t\t\t<a href=\"https:\/\/www.lourdes-france.org\/wp-content\/uploads\/2025\/08\/13-1.jpg\" data-elementor-open-lightbox=\"yes\" data-elementor-lightbox-slideshow=\"d994d39\" data-elementor-lightbox-title=\"13\" data-e-action-hash=\"#elementor-action%3Aaction%3Dlightbox%26settings%3DeyJpZCI6MTA0NTQ4MiwidXJsIjoiaHR0cHM6XC9cL3d3dy5sb3VyZGVzLWZyYW5jZS5vcmdcL3dwLWNvbnRlbnRcL3VwbG9hZHNcLzIwMjVcLzA4XC8xMy0xLmpwZyIsInNsaWRlc2hvdyI6ImQ5OTRkMzkifQ%3D%3D\">\t\t<div class=\"elementor-carousel-image\" role=\"img\" aria-label=\"13\" style=\"background-image: url(&#039;https:\/\/www.lourdes-france.org\/wp-content\/uploads\/2025\/08\/13-1.jpg&#039;)\">\n\n\t\t\t\n\t\t\t\t\t<\/div>\n\t\t<\/a>\t\t\t\t\t\t<\/div>\n\t\t\t\t\t\t\t\t\t<\/div>\n\t\t\t\t\t\t\t\t\t\t\t\t\t\t\t\t\t\t\t\t<div class=\"swiper-pagination\"><\/div>\n\t\t\t\t\t\t\t\t\t\t\t\t<\/div>\n\t\t\t\t<\/div>\n\t\t\t\t\t\t\t\t<\/div>\n\t\t\t\t<\/div>\n\t\t\t\t\t<\/div>\n\t\t<\/div>\n\t\t\t\t\t<\/div>\n\t\t<\/section>\n\t\t\t\t\t<\/div>\n\t\t<\/div>\n\t\t\t\t\t<\/div>\n\t\t<\/section>\n\t\t\t\t<\/div>\n\t\t","protected":false},"excerpt":{"rendered":"<p>Het onthaal van kwetsbare personen mogelijk maken Lourdes is v\u00f3\u00f3r alles een plaats van onthaal. Hier moet iedere bedevaarder \u2013 wat ook zijn gezondheidstoestand is, zijn beperktheid of zijn sociale situatie \u2013 voluit zijn\/haar bedevaart kunnen beleven. Voor wie dienstbaar &hellip; <a href=\"https:\/\/www.lourdes-france.org\/nl\/lourdes-lieu-accueil\/\">Vervolgd<\/a><\/p>\n","protected":false},"author":7,"featured_media":1029144,"parent":0,"menu_order":0,"comment_status":"closed","ping_status":"closed","template":"","meta":{"_acf_changed":false,"footnotes":""},"class_list":["post-1034968","page","type-page","status-publish","has-post-thumbnail","hentry"],"acf":[],"yoast_head":"<!-- This site is optimized with the Yoast SEO plugin v24.7 - https:\/\/yoast.com\/wordpress\/plugins\/seo\/ -->\n<title>Faciliter l&#039;accueil des p\u00e8lerins vuln\u00e9rables et de ceux qui les servent<\/title>\n<meta name=\"description\" content=\"Lourdes est un lieu d&#039;accueil pour les p\u00e8lerins, mais aussi pour ceux qui les servent. Gr\u00e2ce \u00e0 votre soutien, le Sanctuaire adapte et modernise ses infrastructures.\" \/>\n<meta name=\"robots\" content=\"index, follow, max-snippet:-1, max-image-preview:large, max-video-preview:-1\" \/>\n<link rel=\"canonical\" href=\"https:\/\/www.lourdes-france.org\/nl\/lourdes-lieu-accueil\/\" \/>\n<meta name=\"twitter:label1\" content=\"Geschatte leestijd\" \/>\n\t<meta name=\"twitter:data1\" content=\"1 minuut\" \/>\n<script type=\"application\/ld+json\" class=\"yoast-schema-graph\">{\"@context\":\"https:\/\/schema.org\",\"@graph\":[{\"@type\":\"WebPage\",\"@id\":\"https:\/\/www.lourdes-france.org\/nl\/lourdes-lieu-accueil\/\",\"url\":\"https:\/\/www.lourdes-france.org\/nl\/lourdes-lieu-accueil\/\",\"name\":\"Faciliter l'accueil des p\u00e8lerins vuln\u00e9rables et de ceux qui les servent\",\"isPartOf\":{\"@id\":\"https:\/\/preprod-lourdes.cawita.com\/#website\"},\"primaryImageOfPage\":{\"@id\":\"https:\/\/www.lourdes-france.org\/nl\/lourdes-lieu-accueil\/#primaryimage\"},\"image\":{\"@id\":\"https:\/\/www.lourdes-france.org\/nl\/lourdes-lieu-accueil\/#primaryimage\"},\"thumbnailUrl\":\"https:\/\/www.lourdes-france.org\/wp-content\/uploads\/2025\/07\/3-1.jpg\",\"datePublished\":\"2025-08-05T10:00:26+00:00\",\"dateModified\":\"2025-08-29T12:55:18+00:00\",\"description\":\"Lourdes est un lieu d'accueil pour les p\u00e8lerins, mais aussi pour ceux qui les servent. Gr\u00e2ce \u00e0 votre soutien, le Sanctuaire adapte et modernise ses infrastructures.\",\"breadcrumb\":{\"@id\":\"https:\/\/www.lourdes-france.org\/nl\/lourdes-lieu-accueil\/#breadcrumb\"},\"inLanguage\":\"nl-NL\",\"potentialAction\":[{\"@type\":\"ReadAction\",\"target\":[\"https:\/\/www.lourdes-france.org\/nl\/lourdes-lieu-accueil\/\"]}]},{\"@type\":\"ImageObject\",\"inLanguage\":\"nl-NL\",\"@id\":\"https:\/\/www.lourdes-france.org\/nl\/lourdes-lieu-accueil\/#primaryimage\",\"url\":\"https:\/\/www.lourdes-france.org\/wp-content\/uploads\/2025\/07\/3-1.jpg\",\"contentUrl\":\"https:\/\/www.lourdes-france.org\/wp-content\/uploads\/2025\/07\/3-1.jpg\",\"width\":1414,\"height\":2000,\"caption\":\"Faciliter l\u2019accueil des p\u00e8lerins vuln\u00e9rables et de ceux qui les servent\"},{\"@type\":\"BreadcrumbList\",\"@id\":\"https:\/\/www.lourdes-france.org\/nl\/lourdes-lieu-accueil\/#breadcrumb\",\"itemListElement\":[{\"@type\":\"ListItem\",\"position\":1,\"name\":\"Accueil\",\"item\":\"https:\/\/www.lourdes-france.org\/\"},{\"@type\":\"ListItem\",\"position\":2,\"name\":\"Faciliter l&rsquo;accueil des p\u00e8lerins vuln\u00e9rables et de ceux qui les servent\"}]},{\"@type\":\"WebSite\",\"@id\":\"https:\/\/preprod-lourdes.cawita.com\/#website\",\"url\":\"https:\/\/preprod-lourdes.cawita.com\/\",\"name\":\"Soutenir le Sanctuaire Notre-Dame de Lourdes\",\"description\":\"\",\"potentialAction\":[{\"@type\":\"SearchAction\",\"target\":{\"@type\":\"EntryPoint\",\"urlTemplate\":\"https:\/\/preprod-lourdes.cawita.com\/?s={search_term_string}\"},\"query-input\":{\"@type\":\"PropertyValueSpecification\",\"valueRequired\":true,\"valueName\":\"search_term_string\"}}],\"inLanguage\":\"nl-NL\"}]}<\/script>\n<!-- \/ Yoast SEO plugin. -->","yoast_head_json":{"title":"Faciliter l'accueil des p\u00e8lerins vuln\u00e9rables et de ceux qui les servent","description":"Lourdes est un lieu d'accueil pour les p\u00e8lerins, mais aussi pour ceux qui les servent. Gr\u00e2ce \u00e0 votre soutien, le Sanctuaire adapte et modernise ses infrastructures.","robots":{"index":"index","follow":"follow","max-snippet":"max-snippet:-1","max-image-preview":"max-image-preview:large","max-video-preview":"max-video-preview:-1"},"canonical":"https:\/\/www.lourdes-france.org\/nl\/lourdes-lieu-accueil\/","twitter_misc":{"Geschatte leestijd":"1 minuut"},"schema":{"@context":"https:\/\/schema.org","@graph":[{"@type":"WebPage","@id":"https:\/\/www.lourdes-france.org\/nl\/lourdes-lieu-accueil\/","url":"https:\/\/www.lourdes-france.org\/nl\/lourdes-lieu-accueil\/","name":"Faciliter l'accueil des p\u00e8lerins vuln\u00e9rables et de ceux qui les servent","isPartOf":{"@id":"https:\/\/preprod-lourdes.cawita.com\/#website"},"primaryImageOfPage":{"@id":"https:\/\/www.lourdes-france.org\/nl\/lourdes-lieu-accueil\/#primaryimage"},"image":{"@id":"https:\/\/www.lourdes-france.org\/nl\/lourdes-lieu-accueil\/#primaryimage"},"thumbnailUrl":"https:\/\/www.lourdes-france.org\/wp-content\/uploads\/2025\/07\/3-1.jpg","datePublished":"2025-08-05T10:00:26+00:00","dateModified":"2025-08-29T12:55:18+00:00","description":"Lourdes est un lieu d'accueil pour les p\u00e8lerins, mais aussi pour ceux qui les servent. Gr\u00e2ce \u00e0 votre soutien, le Sanctuaire adapte et modernise ses infrastructures.","breadcrumb":{"@id":"https:\/\/www.lourdes-france.org\/nl\/lourdes-lieu-accueil\/#breadcrumb"},"inLanguage":"nl-NL","potentialAction":[{"@type":"ReadAction","target":["https:\/\/www.lourdes-france.org\/nl\/lourdes-lieu-accueil\/"]}]},{"@type":"ImageObject","inLanguage":"nl-NL","@id":"https:\/\/www.lourdes-france.org\/nl\/lourdes-lieu-accueil\/#primaryimage","url":"https:\/\/www.lourdes-france.org\/wp-content\/uploads\/2025\/07\/3-1.jpg","contentUrl":"https:\/\/www.lourdes-france.org\/wp-content\/uploads\/2025\/07\/3-1.jpg","width":1414,"height":2000,"caption":"Faciliter l\u2019accueil des p\u00e8lerins vuln\u00e9rables et de ceux qui les servent"},{"@type":"BreadcrumbList","@id":"https:\/\/www.lourdes-france.org\/nl\/lourdes-lieu-accueil\/#breadcrumb","itemListElement":[{"@type":"ListItem","position":1,"name":"Accueil","item":"https:\/\/www.lourdes-france.org\/"},{"@type":"ListItem","position":2,"name":"Faciliter l&rsquo;accueil des p\u00e8lerins vuln\u00e9rables et de ceux qui les servent"}]},{"@type":"WebSite","@id":"https:\/\/preprod-lourdes.cawita.com\/#website","url":"https:\/\/preprod-lourdes.cawita.com\/","name":"Soutenir le Sanctuaire Notre-Dame de Lourdes","description":"","potentialAction":[{"@type":"SearchAction","target":{"@type":"EntryPoint","urlTemplate":"https:\/\/preprod-lourdes.cawita.com\/?s={search_term_string}"},"query-input":{"@type":"PropertyValueSpecification","valueRequired":true,"valueName":"search_term_string"}}],"inLanguage":"nl-NL"}]}},"_links":{"self":[{"href":"https:\/\/www.lourdes-france.org\/nl\/wp-json\/wp\/v2\/pages\/1034968","targetHints":{"allow":["GET"]}}],"collection":[{"href":"https:\/\/www.lourdes-france.org\/nl\/wp-json\/wp\/v2\/pages"}],"about":[{"href":"https:\/\/www.lourdes-france.org\/nl\/wp-json\/wp\/v2\/types\/page"}],"author":[{"embeddable":true,"href":"https:\/\/www.lourdes-france.org\/nl\/wp-json\/wp\/v2\/users\/7"}],"replies":[{"embeddable":true,"href":"https:\/\/www.lourdes-france.org\/nl\/wp-json\/wp\/v2\/comments?post=1034968"}],"version-history":[{"count":3,"href":"https:\/\/www.lourdes-france.org\/nl\/wp-json\/wp\/v2\/pages\/1034968\/revisions"}],"predecessor-version":[{"id":1062503,"href":"https:\/\/www.lourdes-france.org\/nl\/wp-json\/wp\/v2\/pages\/1034968\/revisions\/1062503"}],"wp:featuredmedia":[{"embeddable":true,"href":"https:\/\/www.lourdes-france.org\/nl\/wp-json\/wp\/v2\/media\/1029144"}],"wp:attachment":[{"href":"https:\/\/www.lourdes-france.org\/nl\/wp-json\/wp\/v2\/media?parent=1034968"}],"curies":[{"name":"wp","href":"https:\/\/api.w.org\/{rel}","templated":true}]}}