{"id":1056248,"date":"2025-08-08T16:50:25","date_gmt":"2025-08-08T14:50:25","guid":{"rendered":"https:\/\/www.lourdes-france.org\/les-pelerinages\/personnes-malades\/"},"modified":"2025-08-18T14:51:41","modified_gmt":"2025-08-18T12:51:41","slug":"personnes-malades","status":"publish","type":"page","link":"https:\/\/www.lourdes-france.org\/nl\/les-pelerinages\/personnes-malades\/","title":{"rendered":"La pr\u00e9sence des personnes malades \u00e0 Lourdes"},"content":{"rendered":"\t\t<div data-elementor-type=\"wp-page\" data-elementor-id=\"1056248\" class=\"elementor elementor-1056248 elementor-1033085\" data-elementor-post-type=\"page\">\n\t\t\t\t\t\t<section class=\"elementor-section elementor-top-section elementor-element elementor-element-3ba4a85 elementor-section-full_width elementor-section-stretched elementor-section-height-default elementor-section-height-default\" data-id=\"3ba4a85\" data-element_type=\"section\" data-settings=\"{&quot;stretch_section&quot;:&quot;section-stretched&quot;,&quot;background_background&quot;:&quot;classic&quot;}\">\n\t\t\t\t\t\t<div class=\"elementor-container elementor-column-gap-default\">\n\t\t\t\t\t<div class=\"elementor-column elementor-col-100 elementor-top-column elementor-element elementor-element-3a0a0852\" data-id=\"3a0a0852\" data-element_type=\"column\">\n\t\t\t<div class=\"elementor-widget-wrap elementor-element-populated\">\n\t\t\t\t\t\t<div class=\"elementor-element elementor-element-365b7de8 elementor-widget elementor-widget-spacer\" data-id=\"365b7de8\" data-element_type=\"widget\" data-widget_type=\"spacer.default\">\n\t\t\t\t<div class=\"elementor-widget-container\">\n\t\t\t\t\t\t\t<div class=\"elementor-spacer\">\n\t\t\t<div class=\"elementor-spacer-inner\"><\/div>\n\t\t<\/div>\n\t\t\t\t\t\t<\/div>\n\t\t\t\t<\/div>\n\t\t\t\t\t<\/div>\n\t\t<\/div>\n\t\t\t\t\t<\/div>\n\t\t<\/section>\n\t\t\t\t<section class=\"elementor-section elementor-top-section elementor-element elementor-element-e7d4746 elementor-section-full_width elementor-section-height-default elementor-section-height-default\" data-id=\"e7d4746\" data-element_type=\"section\" data-settings=\"{&quot;background_background&quot;:&quot;classic&quot;}\">\n\t\t\t\t\t\t<div class=\"elementor-container elementor-column-gap-default\">\n\t\t\t\t\t<div class=\"elementor-column elementor-col-100 elementor-top-column elementor-element elementor-element-6ebfc8af\" data-id=\"6ebfc8af\" data-element_type=\"column\">\n\t\t\t<div class=\"elementor-widget-wrap elementor-element-populated\">\n\t\t\t\t\t\t<div class=\"elementor-element elementor-element-3174f9c6 elementor-widget elementor-widget-spacer\" data-id=\"3174f9c6\" data-element_type=\"widget\" data-widget_type=\"spacer.default\">\n\t\t\t\t<div class=\"elementor-widget-container\">\n\t\t\t\t\t\t\t<div class=\"elementor-spacer\">\n\t\t\t<div class=\"elementor-spacer-inner\"><\/div>\n\t\t<\/div>\n\t\t\t\t\t\t<\/div>\n\t\t\t\t<\/div>\n\t\t\t\t<div class=\"elementor-element elementor-element-2f1eb3fe elementor-widget elementor-widget-heading\" data-id=\"2f1eb3fe\" data-element_type=\"widget\" data-widget_type=\"heading.default\">\n\t\t\t\t<div class=\"elementor-widget-container\">\n\t\t\t\t\t<h2 class=\"elementor-heading-title elementor-size-default\">De aanwezigheid van zieken in Lourdes\n<\/h2>\t\t\t\t<\/div>\n\t\t\t\t<\/div>\n\t\t\t\t<div class=\"elementor-element elementor-element-11178239 elementor-widget elementor-widget-heading\" data-id=\"11178239\" data-element_type=\"widget\" data-widget_type=\"heading.default\">\n\t\t\t\t<div class=\"elementor-widget-container\">\n\t\t\t\t\t<h2 class=\"elementor-heading-title elementor-size-default\">_________________<\/h2>\t\t\t\t<\/div>\n\t\t\t\t<\/div>\n\t\t\t\t<div class=\"elementor-element elementor-element-dec2f1d elementor-widget elementor-widget-text-editor\" data-id=\"dec2f1d\" data-element_type=\"widget\" data-widget_type=\"text-editor.default\">\n\t\t\t\t<div class=\"elementor-widget-container\">\n\t\t\t\t\t\t\t\t\t<p class=\"s4\" style=\"text-align: center;\"><strong><span class=\"s6\">De bijzonderheid van het Heiligdom Onze-Lieve-Vrouw van Lourdes is de aanwezigheid van zieken die op <a href=\"https:\/\/www.lourdes-france.org\/les-pelerinages\/\">bedevaart<\/a> komen en de plaats die hen geschonken wordt. <\/span><\/strong><\/p><h2><strong><span class=\"s6\">In Lourdes krijgen de armen en de zieken de \u00e9\u00e9rste plaats.<\/span><\/strong><\/h2><p class=\"s4\"><span class=\"s7\">Vanaf de periode van de verschijningen van de Maagd Maria aan <a href=\"https:\/\/www.lourdes-france.com\/bernadette-soubirous\/\">Bernadette<\/a> hebben er genezingen en wonderen plaatsgevonden. Vanaf het begin heeft Lourdes onthaal geboden aan grote aantallen broze, <a href=\"https:\/\/www.lourdes-france.org\/?page_id=1027988&amp;preview=true\">kwetsbare en zieke mensen,<\/a><\/span><\/p><p class=\"s4\"><span class=\"s7\">De <a href=\"https:\/\/www.lourdes-france.org\/les-pelerinages\/\">bedevaarten<\/a> naar Lourdes hebben zich opgebouwd en hebben vorm gekregen rond deze bedevaarders om hen te kunnen brengen aan de voeten van de Maagd Maria, de Onbevlekte Ontvangenis.<\/span><\/p><p class=\"s4\"><span class=\"s7\">Helpers en <a href=\"https:\/\/www.lourdes-france.com\/benevole\/\">vrijwilligers<\/a> hebben zich in dienst gesteld van de zieken en hebben zich georganiseerd door hospitaliteiten te cre\u00ebren. De Hospitaliteit <\/span><span class=\"s7\">Notre-Dame de Salut, <\/span><span class=\"s7\">en daarna de <a href=\"https:\/\/hospitalite-nd-lourdes.com\/nl\/\">Hospitaliteit Onze-Lieve-Vrouw van Lourdes<\/a> werden met dit doel opgericht, vanaf de oorsprong van de Lourdesbedevaarten. Talloze hospitaliteiten die zieken naar Lourdes begeleiden hebben daarna het daglicht gezien, overal in de wereld.<\/span><\/p>\t\t\t\t\t\t\t\t<\/div>\n\t\t\t\t<\/div>\n\t\t\t\t<div class=\"elementor-element elementor-element-b5425a2 elementor-widget elementor-widget-image\" data-id=\"b5425a2\" data-element_type=\"widget\" data-widget_type=\"image.default\">\n\t\t\t\t<div class=\"elementor-widget-container\">\n\t\t\t\t\t\t\t\t\t\t\t\t\t\t\t<img fetchpriority=\"high\" decoding=\"async\" width=\"768\" height=\"432\" src=\"https:\/\/www.lourdes-france.org\/wp-content\/uploads\/2025\/08\/Malade-1-768x432.jpg\" class=\"attachment-medium_large size-medium_large wp-image-1050877\" alt=\"Malades en procession \u00e0 Lourdes\" srcset=\"https:\/\/www.lourdes-france.org\/wp-content\/uploads\/2025\/08\/Malade-1-768x432.jpg 768w, https:\/\/www.lourdes-france.org\/wp-content\/uploads\/2025\/08\/Malade-1-300x169.jpg 300w, https:\/\/www.lourdes-france.org\/wp-content\/uploads\/2025\/08\/Malade-1-1024x576.jpg 1024w, https:\/\/www.lourdes-france.org\/wp-content\/uploads\/2025\/08\/Malade-1-1536x864.jpg 1536w, https:\/\/www.lourdes-france.org\/wp-content\/uploads\/2025\/08\/Malade-1-2048x1152.jpg 2048w\" sizes=\"(max-width: 768px) 100vw, 768px\" \/>\t\t\t\t\t\t\t\t\t\t\t\t\t\t\t<\/div>\n\t\t\t\t<\/div>\n\t\t\t\t<div class=\"elementor-element elementor-element-31803ef elementor-widget elementor-widget-text-editor\" data-id=\"31803ef\" data-element_type=\"widget\" data-widget_type=\"text-editor.default\">\n\t\t\t\t<div class=\"elementor-widget-container\">\n\t\t\t\t\t\t\t\t\t<h2><strong><span class=\"s6\">Waarom Lourdes zieke mensen aantrekt<\/span><span class=\"s6\">?<\/span><\/strong><\/h2><p class=\"s4\"><span class=\"s7\">Lourdes <\/span><span class=\"s7\">is een plaats van genezing voor het lichaam en voor het hart. Iedere <a href=\"https:\/\/www.lourdes-france.org\/?page_id=1033089&amp;preview=true\">bedevaarder<\/a> die de poorten van het Heiligdom binnenkomt is op zoek naar een of andere vorm van genezing.<\/span><\/p><p class=\"s4\"><span class=\"s7\">Het <a href=\"https:\/\/www.lourdes-france.com\/\">Heiligdom<\/a> is een plaats van genade die een grote aantrekkingskracht uitoefent op al wie lijden te dragen heeft in zijn lichaam of in zijn ziel. Zij komen er genezing zoeken, de kracht om voort te gaan in het leven en de mogelijkheid om hun lasten, hun zonden bij de <a href=\"https:\/\/www.lourdes-france.com\/pelerin-dun-jour\/la-grotte\/\">Grot<\/a> neer te leggen.<\/span><\/p><p class=\"s4\"><span class=\"s8\">De getuigenissen van ontvangen genaden zijn ontelbaar; het aantal genezingen evenzeer, waarvan er 72 officieel erkende wonderbaarlijke <a href=\"https:\/\/www.lourdes-france.com\/miracles-et-guerisons\/\">genezingen<\/a> zijn, die de tastbare tekenen zijn van het feit dat God werkzaam is in dit Heiligdom dat is toegewijd aan de Maagd Maria.<\/span><\/p>\t\t\t\t\t\t\t\t<\/div>\n\t\t\t\t<\/div>\n\t\t\t\t<div class=\"elementor-element elementor-element-65a3136 elementor-widget elementor-widget-image\" data-id=\"65a3136\" data-element_type=\"widget\" data-widget_type=\"image.default\">\n\t\t\t\t<div class=\"elementor-widget-container\">\n\t\t\t\t\t\t\t\t\t\t\t\t\t\t\t<img decoding=\"async\" width=\"768\" height=\"512\" src=\"https:\/\/www.lourdes-france.org\/wp-content\/uploads\/2025\/08\/25_illu-personne-handicapee-69-768x512.jpg\" class=\"attachment-medium_large size-medium_large wp-image-1050885\" alt=\"d\u00e9poser un cierge \u00e0 Lourdes\" srcset=\"https:\/\/www.lourdes-france.org\/wp-content\/uploads\/2025\/08\/25_illu-personne-handicapee-69-768x512.jpg 768w, https:\/\/www.lourdes-france.org\/wp-content\/uploads\/2025\/08\/25_illu-personne-handicapee-69-300x200.jpg 300w, https:\/\/www.lourdes-france.org\/wp-content\/uploads\/2025\/08\/25_illu-personne-handicapee-69-1024x683.jpg 1024w, https:\/\/www.lourdes-france.org\/wp-content\/uploads\/2025\/08\/25_illu-personne-handicapee-69-1536x1024.jpg 1536w, https:\/\/www.lourdes-france.org\/wp-content\/uploads\/2025\/08\/25_illu-personne-handicapee-69-2048x1365.jpg 2048w\" sizes=\"(max-width: 768px) 100vw, 768px\" \/>\t\t\t\t\t\t\t\t\t\t\t\t\t\t\t<\/div>\n\t\t\t\t<\/div>\n\t\t\t\t<div class=\"elementor-element elementor-element-4dca63b elementor-widget elementor-widget-text-editor\" data-id=\"4dca63b\" data-element_type=\"widget\" data-widget_type=\"text-editor.default\">\n\t\t\t\t<div class=\"elementor-widget-container\">\n\t\t\t\t\t\t\t\t\t<h2><strong><span class=\"s9\">Specifieke logeergelegenheden<\/span><\/strong><\/h2><p class=\"s4\"><span class=\"s8\">Om onthaal en logement te bieden aan zieke bedevaarders werden onthaalcentra gebouwd waar ze ontvangen worden.<\/span><\/p><p class=\"s4\"><span class=\"s8\">Op dit ogenblik zijn het <a href=\"https:\/\/www.lourdes-france.org\/accueil-notre-dame\/\">Onthaalcentrum <\/a><\/span><span class=\"s8\">Notre-Dame e<\/span><span class=\"s8\">n het Onthaalcentrum <\/span><span class=\"s8\">Marie-Saint-Frai <\/span><span class=\"s8\"><a href=\"https:\/\/www.lourdes-france.org\/hebergements-sanctuaire\/\">logeergelegenheden<\/a> die speciaal zijn ingericht voor het onthaal van zieken die met een georganiseerde bedevaart naar Lourdes komen.<\/span><\/p>\t\t\t\t\t\t\t\t<\/div>\n\t\t\t\t<\/div>\n\t\t\t\t<div class=\"elementor-element elementor-element-f550351 elementor-widget elementor-widget-image\" data-id=\"f550351\" data-element_type=\"widget\" data-widget_type=\"image.default\">\n\t\t\t\t<div class=\"elementor-widget-container\">\n\t\t\t\t\t\t\t\t\t\t\t\t\t\t\t<img decoding=\"async\" width=\"768\" height=\"512\" src=\"https:\/\/www.lourdes-france.org\/wp-content\/uploads\/2025\/08\/HNDL-et-malade-49-768x512.jpg\" class=\"attachment-medium_large size-medium_large wp-image-1050893\" alt=\"Malade en charriot devant la Grotte\" srcset=\"https:\/\/www.lourdes-france.org\/wp-content\/uploads\/2025\/08\/HNDL-et-malade-49-768x512.jpg 768w, https:\/\/www.lourdes-france.org\/wp-content\/uploads\/2025\/08\/HNDL-et-malade-49-300x200.jpg 300w, https:\/\/www.lourdes-france.org\/wp-content\/uploads\/2025\/08\/HNDL-et-malade-49-1024x683.jpg 1024w, https:\/\/www.lourdes-france.org\/wp-content\/uploads\/2025\/08\/HNDL-et-malade-49-1536x1024.jpg 1536w, https:\/\/www.lourdes-france.org\/wp-content\/uploads\/2025\/08\/HNDL-et-malade-49-2048x1365.jpg 2048w\" sizes=\"(max-width: 768px) 100vw, 768px\" \/>\t\t\t\t\t\t\t\t\t\t\t\t\t\t\t<\/div>\n\t\t\t\t<\/div>\n\t\t\t\t<div class=\"elementor-element elementor-element-7a1f1af6 elementor-view-default elementor-widget elementor-widget-icon\" data-id=\"7a1f1af6\" data-element_type=\"widget\" data-widget_type=\"icon.default\">\n\t\t\t\t<div class=\"elementor-widget-container\">\n\t\t\t\t\t\t\t<div class=\"elementor-icon-wrapper\">\n\t\t\t<div class=\"elementor-icon\">\n\t\t\t<i aria-hidden=\"true\" class=\"fas fa-church\"><\/i>\t\t\t<\/div>\n\t\t<\/div>\n\t\t\t\t\t\t<\/div>\n\t\t\t\t<\/div>\n\t\t\t\t\t<\/div>\n\t\t<\/div>\n\t\t\t\t\t<\/div>\n\t\t<\/section>\n\t\t\t\t<\/div>\n\t\t","protected":false},"excerpt":{"rendered":"<p>De aanwezigheid van zieken in Lourdes _________________ De bijzonderheid van het Heiligdom Onze-Lieve-Vrouw van Lourdes is de aanwezigheid van zieken die op bedevaart komen en de plaats die hen geschonken wordt. In Lourdes krijgen de armen en de zieken de &hellip; <a href=\"https:\/\/www.lourdes-france.org\/nl\/les-pelerinages\/personnes-malades\/\">Vervolgd<\/a><\/p>\n","protected":false},"author":7,"featured_media":0,"parent":885977,"menu_order":0,"comment_status":"closed","ping_status":"closed","template":"","meta":{"_acf_changed":false,"footnotes":""},"class_list":["post-1056248","page","type-page","status-publish","hentry"],"acf":[],"yoast_head":"<!-- This site is optimized with the Yoast SEO plugin v24.7 - https:\/\/yoast.com\/wordpress\/plugins\/seo\/ -->\n<title>La pr\u00e9sence des personnes malades \u00e0 Lourdes<\/title>\n<meta name=\"description\" content=\"La sp\u00e9cificit\u00e9 du Sanctuaire est la pr\u00e9sence des personnes malades \u00e0 Lourdes et la place qui leur sont donn\u00e9es, en p\u00e8lerinage dans le Sanctuaire.\" \/>\n<meta name=\"robots\" content=\"index, follow, max-snippet:-1, max-image-preview:large, max-video-preview:-1\" \/>\n<link rel=\"canonical\" href=\"https:\/\/www.lourdes-france.org\/nl\/les-pelerinages\/personnes-malades\/\" \/>\n<meta name=\"twitter:label1\" content=\"Geschatte leestijd\" \/>\n\t<meta name=\"twitter:data1\" content=\"3 minuten\" \/>\n<script type=\"application\/ld+json\" class=\"yoast-schema-graph\">{\"@context\":\"https:\/\/schema.org\",\"@graph\":[{\"@type\":\"WebPage\",\"@id\":\"https:\/\/www.lourdes-france.org\/nl\/les-pelerinages\/personnes-malades\/\",\"url\":\"https:\/\/www.lourdes-france.org\/nl\/les-pelerinages\/personnes-malades\/\",\"name\":\"La pr\u00e9sence des personnes malades \u00e0 Lourdes\",\"isPartOf\":{\"@id\":\"https:\/\/preprod-lourdes.cawita.com\/#website\"},\"primaryImageOfPage\":{\"@id\":\"https:\/\/www.lourdes-france.org\/nl\/les-pelerinages\/personnes-malades\/#primaryimage\"},\"image\":{\"@id\":\"https:\/\/www.lourdes-france.org\/nl\/les-pelerinages\/personnes-malades\/#primaryimage\"},\"thumbnailUrl\":\"https:\/\/www.lourdes-france.org\/wp-content\/uploads\/2025\/08\/Malade-1-768x432.jpg\",\"datePublished\":\"2025-08-08T14:50:25+00:00\",\"dateModified\":\"2025-08-18T12:51:41+00:00\",\"description\":\"La sp\u00e9cificit\u00e9 du Sanctuaire est la pr\u00e9sence des personnes malades \u00e0 Lourdes et la place qui leur sont donn\u00e9es, en p\u00e8lerinage dans le Sanctuaire.\",\"breadcrumb\":{\"@id\":\"https:\/\/www.lourdes-france.org\/nl\/les-pelerinages\/personnes-malades\/#breadcrumb\"},\"inLanguage\":\"nl-NL\",\"potentialAction\":[{\"@type\":\"ReadAction\",\"target\":[\"https:\/\/www.lourdes-france.org\/nl\/les-pelerinages\/personnes-malades\/\"]}]},{\"@type\":\"ImageObject\",\"inLanguage\":\"nl-NL\",\"@id\":\"https:\/\/www.lourdes-france.org\/nl\/les-pelerinages\/personnes-malades\/#primaryimage\",\"url\":\"https:\/\/www.lourdes-france.org\/wp-content\/uploads\/2025\/08\/Malade-1-768x432.jpg\",\"contentUrl\":\"https:\/\/www.lourdes-france.org\/wp-content\/uploads\/2025\/08\/Malade-1-768x432.jpg\"},{\"@type\":\"BreadcrumbList\",\"@id\":\"https:\/\/www.lourdes-france.org\/nl\/les-pelerinages\/personnes-malades\/#breadcrumb\",\"itemListElement\":[{\"@type\":\"ListItem\",\"position\":1,\"name\":\"Accueil\",\"item\":\"https:\/\/www.lourdes-france.org\/\"},{\"@type\":\"ListItem\",\"position\":2,\"name\":\"De bedevaarten van Lourdes\",\"item\":\"https:\/\/www.lourdes-france.org\/nl\/les-pelerinages\/\"},{\"@type\":\"ListItem\",\"position\":3,\"name\":\"La pr\u00e9sence des personnes malades \u00e0 Lourdes\"}]},{\"@type\":\"WebSite\",\"@id\":\"https:\/\/preprod-lourdes.cawita.com\/#website\",\"url\":\"https:\/\/preprod-lourdes.cawita.com\/\",\"name\":\"Soutenir le Sanctuaire Notre-Dame de Lourdes\",\"description\":\"\",\"potentialAction\":[{\"@type\":\"SearchAction\",\"target\":{\"@type\":\"EntryPoint\",\"urlTemplate\":\"https:\/\/preprod-lourdes.cawita.com\/?s={search_term_string}\"},\"query-input\":{\"@type\":\"PropertyValueSpecification\",\"valueRequired\":true,\"valueName\":\"search_term_string\"}}],\"inLanguage\":\"nl-NL\"}]}<\/script>\n<!-- \/ Yoast SEO plugin. -->","yoast_head_json":{"title":"La pr\u00e9sence des personnes malades \u00e0 Lourdes","description":"La sp\u00e9cificit\u00e9 du Sanctuaire est la pr\u00e9sence des personnes malades \u00e0 Lourdes et la place qui leur sont donn\u00e9es, en p\u00e8lerinage dans le Sanctuaire.","robots":{"index":"index","follow":"follow","max-snippet":"max-snippet:-1","max-image-preview":"max-image-preview:large","max-video-preview":"max-video-preview:-1"},"canonical":"https:\/\/www.lourdes-france.org\/nl\/les-pelerinages\/personnes-malades\/","twitter_misc":{"Geschatte leestijd":"3 minuten"},"schema":{"@context":"https:\/\/schema.org","@graph":[{"@type":"WebPage","@id":"https:\/\/www.lourdes-france.org\/nl\/les-pelerinages\/personnes-malades\/","url":"https:\/\/www.lourdes-france.org\/nl\/les-pelerinages\/personnes-malades\/","name":"La pr\u00e9sence des personnes malades \u00e0 Lourdes","isPartOf":{"@id":"https:\/\/preprod-lourdes.cawita.com\/#website"},"primaryImageOfPage":{"@id":"https:\/\/www.lourdes-france.org\/nl\/les-pelerinages\/personnes-malades\/#primaryimage"},"image":{"@id":"https:\/\/www.lourdes-france.org\/nl\/les-pelerinages\/personnes-malades\/#primaryimage"},"thumbnailUrl":"https:\/\/www.lourdes-france.org\/wp-content\/uploads\/2025\/08\/Malade-1-768x432.jpg","datePublished":"2025-08-08T14:50:25+00:00","dateModified":"2025-08-18T12:51:41+00:00","description":"La sp\u00e9cificit\u00e9 du Sanctuaire est la pr\u00e9sence des personnes malades \u00e0 Lourdes et la place qui leur sont donn\u00e9es, en p\u00e8lerinage dans le Sanctuaire.","breadcrumb":{"@id":"https:\/\/www.lourdes-france.org\/nl\/les-pelerinages\/personnes-malades\/#breadcrumb"},"inLanguage":"nl-NL","potentialAction":[{"@type":"ReadAction","target":["https:\/\/www.lourdes-france.org\/nl\/les-pelerinages\/personnes-malades\/"]}]},{"@type":"ImageObject","inLanguage":"nl-NL","@id":"https:\/\/www.lourdes-france.org\/nl\/les-pelerinages\/personnes-malades\/#primaryimage","url":"https:\/\/www.lourdes-france.org\/wp-content\/uploads\/2025\/08\/Malade-1-768x432.jpg","contentUrl":"https:\/\/www.lourdes-france.org\/wp-content\/uploads\/2025\/08\/Malade-1-768x432.jpg"},{"@type":"BreadcrumbList","@id":"https:\/\/www.lourdes-france.org\/nl\/les-pelerinages\/personnes-malades\/#breadcrumb","itemListElement":[{"@type":"ListItem","position":1,"name":"Accueil","item":"https:\/\/www.lourdes-france.org\/"},{"@type":"ListItem","position":2,"name":"De bedevaarten van Lourdes","item":"https:\/\/www.lourdes-france.org\/nl\/les-pelerinages\/"},{"@type":"ListItem","position":3,"name":"La pr\u00e9sence des personnes malades \u00e0 Lourdes"}]},{"@type":"WebSite","@id":"https:\/\/preprod-lourdes.cawita.com\/#website","url":"https:\/\/preprod-lourdes.cawita.com\/","name":"Soutenir le Sanctuaire Notre-Dame de Lourdes","description":"","potentialAction":[{"@type":"SearchAction","target":{"@type":"EntryPoint","urlTemplate":"https:\/\/preprod-lourdes.cawita.com\/?s={search_term_string}"},"query-input":{"@type":"PropertyValueSpecification","valueRequired":true,"valueName":"search_term_string"}}],"inLanguage":"nl-NL"}]}},"_links":{"self":[{"href":"https:\/\/www.lourdes-france.org\/nl\/wp-json\/wp\/v2\/pages\/1056248","targetHints":{"allow":["GET"]}}],"collection":[{"href":"https:\/\/www.lourdes-france.org\/nl\/wp-json\/wp\/v2\/pages"}],"about":[{"href":"https:\/\/www.lourdes-france.org\/nl\/wp-json\/wp\/v2\/types\/page"}],"author":[{"embeddable":true,"href":"https:\/\/www.lourdes-france.org\/nl\/wp-json\/wp\/v2\/users\/7"}],"replies":[{"embeddable":true,"href":"https:\/\/www.lourdes-france.org\/nl\/wp-json\/wp\/v2\/comments?post=1056248"}],"version-history":[{"count":3,"href":"https:\/\/www.lourdes-france.org\/nl\/wp-json\/wp\/v2\/pages\/1056248\/revisions"}],"predecessor-version":[{"id":1056251,"href":"https:\/\/www.lourdes-france.org\/nl\/wp-json\/wp\/v2\/pages\/1056248\/revisions\/1056251"}],"up":[{"embeddable":true,"href":"https:\/\/www.lourdes-france.org\/nl\/wp-json\/wp\/v2\/pages\/885977"}],"wp:attachment":[{"href":"https:\/\/www.lourdes-france.org\/nl\/wp-json\/wp\/v2\/media?parent=1056248"}],"curies":[{"name":"wp","href":"https:\/\/api.w.org\/{rel}","templated":true}]}}