{"id":1056255,"date":"2025-08-08T17:14:44","date_gmt":"2025-08-08T15:14:44","guid":{"rendered":"https:\/\/www.lourdes-france.org\/les-pelerinages\/les-pelerins-de-lourdes\/"},"modified":"2025-11-06T09:53:18","modified_gmt":"2025-11-06T08:53:18","slug":"bedevaarders-in-lourdes","status":"publish","type":"page","link":"https:\/\/www.lourdes-france.org\/nl\/les-pelerinages\/bedevaarders-in-lourdes\/","title":{"rendered":"Wie zijn de bedevaarders in Lourdes ?"},"content":{"rendered":"\t\t<div data-elementor-type=\"wp-page\" data-elementor-id=\"1056255\" class=\"elementor elementor-1056255 elementor-1033089\" data-elementor-post-type=\"page\">\n\t\t\t\t\t\t<section class=\"elementor-section elementor-top-section elementor-element elementor-element-30f586f2 elementor-section-full_width elementor-section-stretched elementor-section-height-default elementor-section-height-default\" data-id=\"30f586f2\" data-element_type=\"section\" data-settings=\"{&quot;stretch_section&quot;:&quot;section-stretched&quot;,&quot;background_background&quot;:&quot;classic&quot;}\">\n\t\t\t\t\t\t<div class=\"elementor-container elementor-column-gap-default\">\n\t\t\t\t\t<div class=\"elementor-column elementor-col-100 elementor-top-column elementor-element elementor-element-5407edfd\" data-id=\"5407edfd\" data-element_type=\"column\">\n\t\t\t<div class=\"elementor-widget-wrap elementor-element-populated\">\n\t\t\t\t\t\t<div class=\"elementor-element elementor-element-76c6d3db elementor-widget elementor-widget-spacer\" data-id=\"76c6d3db\" data-element_type=\"widget\" data-widget_type=\"spacer.default\">\n\t\t\t\t<div class=\"elementor-widget-container\">\n\t\t\t\t\t\t\t<div class=\"elementor-spacer\">\n\t\t\t<div class=\"elementor-spacer-inner\"><\/div>\n\t\t<\/div>\n\t\t\t\t\t\t<\/div>\n\t\t\t\t<\/div>\n\t\t\t\t\t<\/div>\n\t\t<\/div>\n\t\t\t\t\t<\/div>\n\t\t<\/section>\n\t\t\t\t<section class=\"elementor-section elementor-top-section elementor-element elementor-element-2c8639ad elementor-section-full_width elementor-section-height-default elementor-section-height-default\" data-id=\"2c8639ad\" data-element_type=\"section\" data-settings=\"{&quot;background_background&quot;:&quot;classic&quot;}\">\n\t\t\t\t\t\t<div class=\"elementor-container elementor-column-gap-default\">\n\t\t\t\t\t<div class=\"elementor-column elementor-col-100 elementor-top-column elementor-element elementor-element-1886f46f\" data-id=\"1886f46f\" data-element_type=\"column\">\n\t\t\t<div class=\"elementor-widget-wrap elementor-element-populated\">\n\t\t\t\t\t\t<div class=\"elementor-element elementor-element-5c649848 elementor-widget elementor-widget-spacer\" data-id=\"5c649848\" data-element_type=\"widget\" data-widget_type=\"spacer.default\">\n\t\t\t\t<div class=\"elementor-widget-container\">\n\t\t\t\t\t\t\t<div class=\"elementor-spacer\">\n\t\t\t<div class=\"elementor-spacer-inner\"><\/div>\n\t\t<\/div>\n\t\t\t\t\t\t<\/div>\n\t\t\t\t<\/div>\n\t\t\t\t<div class=\"elementor-element elementor-element-1d6dfa6e elementor-widget elementor-widget-heading\" data-id=\"1d6dfa6e\" data-element_type=\"widget\" data-widget_type=\"heading.default\">\n\t\t\t\t<div class=\"elementor-widget-container\">\n\t\t\t\t\t<h2 class=\"elementor-heading-title elementor-size-default\">Wie zijn de bedevaarders in Lourdes ?<\/h2>\t\t\t\t<\/div>\n\t\t\t\t<\/div>\n\t\t\t\t<div class=\"elementor-element elementor-element-6740d81 elementor-widget elementor-widget-heading\" data-id=\"6740d81\" data-element_type=\"widget\" data-widget_type=\"heading.default\">\n\t\t\t\t<div class=\"elementor-widget-container\">\n\t\t\t\t\t<h2 class=\"elementor-heading-title elementor-size-default\">_________________<\/h2>\t\t\t\t<\/div>\n\t\t\t\t<\/div>\n\t\t\t\t<div class=\"elementor-element elementor-element-b610396 elementor-widget elementor-widget-text-editor\" data-id=\"b610396\" data-element_type=\"widget\" data-widget_type=\"text-editor.default\">\n\t\t\t\t<div class=\"elementor-widget-container\">\n\t\t\t\t\t\t\t\t\t<p style=\"text-align: center;\"><strong><span class=\"s5\">Het <\/span><span class=\"s6\">Heiligdom Onze-Lieve-Vrouw van <\/span><span class=\"s6\">Lourdes<\/span> <span class=\"s5\">is een internationaal heiligdom, een plaats van ont<\/span><span class=\"s5\">moeting die openstaat voor iedereen<\/span><\/strong><\/p><h2><span class=\"s5\">De hele wereld komt naar <\/span><span class=\"s5\">Lourdes<\/span><\/h2><p><span class=\"s7\">Sedert de <\/span><span class=\"s8\">verschijningen<\/span> <span class=\"s7\">i<\/span><span class=\"s7\">n 1858<\/span><span class=\"s7\"> begeven zich grote menigten <\/span><span class=\"s7\">naar de Grot van Massabielle, rond de kleine <\/span><span class=\"s8\">Bernadette Soubirous<\/span><span class=\"s7\">. <br \/><\/span><span class=\"s7\"><a href=\"https:\/\/www.lourdes-france.org\/les-pelerinages\/\">Bedevaarten<\/a> vanuit heel Frankrijk, en ook heel snel al vanuit <\/span><span class=\"s7\">het buitenland, worden georganiseerd en krijgen vorm. <\/span><span class=\"s7\">De eerste bedevaart die vanuit het buitenland kwam, had plaats vana<\/span><span class=\"s7\">f 1874: het Belgische nationale bedevaart die meer dan duizend bedevaarders naar Lourdes bracht.<br \/><\/span><span class=\"s7\">Om onthaal te kunnen bieden aan die menigten van <a href=\"https:\/\/www.lourdes-france.org\/les-pelerinages\/\">bedevaarders<\/a> werd het Heiligdom steeds ver<\/span><span class=\"s7\">der uitgebouwd en ontwikkeld in de loop van de jaren.<\/span><\/p><p><span class=\"s7\">Bedevaarder van een dag, of al van vele jaren, in gezin of als bisdom, pratikerende katholiek of bezoeker van ee<\/span><span class=\"s7\">n uur: het is moeilijk om een \u2018profieltype\u2019 van \u2018de bedevaarder\u2019 te schetsen. <\/span><span class=\"s7\">Toch kunnen we een onderscheid maken tussen:<\/span><\/p>\t\t\t\t\t\t\t\t<\/div>\n\t\t\t\t<\/div>\n\t\t\t\t<div class=\"elementor-element elementor-element-a4e8704 elementor-widget elementor-widget-image\" data-id=\"a4e8704\" data-element_type=\"widget\" data-widget_type=\"image.default\">\n\t\t\t\t<div class=\"elementor-widget-container\">\n\t\t\t\t\t\t\t\t\t\t\t\t\t\t\t<img fetchpriority=\"high\" decoding=\"async\" width=\"768\" height=\"512\" src=\"https:\/\/www.lourdes-france.org\/wp-content\/uploads\/2025\/08\/image_mise_en_avant-768x512.jpg\" class=\"attachment-medium_large size-medium_large wp-image-1057033\" alt=\"P\u00e8lerins \u00e0 la Grotte de Lourdes\" srcset=\"https:\/\/www.lourdes-france.org\/wp-content\/uploads\/2025\/08\/image_mise_en_avant-768x512.jpg 768w, https:\/\/www.lourdes-france.org\/wp-content\/uploads\/2025\/08\/image_mise_en_avant-300x200.jpg 300w, https:\/\/www.lourdes-france.org\/wp-content\/uploads\/2025\/08\/image_mise_en_avant-1024x683.jpg 1024w, https:\/\/www.lourdes-france.org\/wp-content\/uploads\/2025\/08\/image_mise_en_avant-1536x1024.jpg 1536w, https:\/\/www.lourdes-france.org\/wp-content\/uploads\/2025\/08\/image_mise_en_avant-2048x1365.jpg 2048w\" sizes=\"(max-width: 768px) 100vw, 768px\" \/>\t\t\t\t\t\t\t\t\t\t\t\t\t\t\t<\/div>\n\t\t\t\t<\/div>\n\t\t\t\t<div class=\"elementor-element elementor-element-4be2b016 elementor-widget elementor-widget-text-editor\" data-id=\"4be2b016\" data-element_type=\"widget\" data-widget_type=\"text-editor.default\">\n\t\t\t\t<div class=\"elementor-widget-container\">\n\t\t\t\t\t\t\t\t\t<h2><span class=\"s5\">De bedevaarders die met een geor<\/span><span class=\"s5\">ganiseerde groep komen<\/span><\/h2><p><span class=\"s7\">Zij maken <\/span><span class=\"s7\">20\u00a0% <\/span><span class=\"s7\">uit van het <a href=\"https:\/\/www.lourdes-france.org\/pelerinages-organises-de-lourdes\/\">bezoeke<\/a><\/span><span class=\"s7\"><a href=\"https:\/\/www.lourdes-france.org\/pelerinages-organises-de-lourdes\/\">rsaantal<\/a> in Lourdes. Zij komen naar Lourdes in om een spirituele weg af te leggen. Heel vaak gaat het om mensen van een parochie, van een bisdom, van een bepaald land, van een religieuze familie, of van een tour-operator. Deze bedevaartorganisaties bestaan vaak al vele tientallen jaren, sommige van hen al meer dan een eeuw.<\/span><\/p><p><span class=\"s7\">Het <a href=\"https:\/\/www.lourdes-france.com\/\">Heiligdom<\/a> kent hun prec<\/span><span class=\"s7\">ieze aantal want zij worden officieel met inschrijving geregistreerd. Zij zijn heel nauw verbonden met het Heiligdom om de reservatie van kapellen of zalen te doen of een antwoord te krijgen op heel specifieke vragen.<\/span><\/p>\t\t\t\t\t\t\t\t<\/div>\n\t\t\t\t<\/div>\n\t\t\t\t<div class=\"elementor-element elementor-element-8cbdf16 elementor-widget elementor-widget-image\" data-id=\"8cbdf16\" data-element_type=\"widget\" data-widget_type=\"image.default\">\n\t\t\t\t<div class=\"elementor-widget-container\">\n\t\t\t\t\t\t\t\t\t\t\t\t\t\t\t<img decoding=\"async\" width=\"768\" height=\"512\" src=\"https:\/\/www.lourdes-france.org\/wp-content\/uploads\/2025\/08\/pelerinage_organise-768x512.jpg\" class=\"attachment-medium_large size-medium_large wp-image-1057024\" alt=\"P\u00e8lerinage organis\u00e9 \u00e0 Lourdes\" srcset=\"https:\/\/www.lourdes-france.org\/wp-content\/uploads\/2025\/08\/pelerinage_organise-768x512.jpg 768w, https:\/\/www.lourdes-france.org\/wp-content\/uploads\/2025\/08\/pelerinage_organise-300x200.jpg 300w, https:\/\/www.lourdes-france.org\/wp-content\/uploads\/2025\/08\/pelerinage_organise-1024x683.jpg 1024w, https:\/\/www.lourdes-france.org\/wp-content\/uploads\/2025\/08\/pelerinage_organise-1536x1024.jpg 1536w, https:\/\/www.lourdes-france.org\/wp-content\/uploads\/2025\/08\/pelerinage_organise-2048x1365.jpg 2048w\" sizes=\"(max-width: 768px) 100vw, 768px\" \/>\t\t\t\t\t\t\t\t\t\t\t\t\t\t\t<\/div>\n\t\t\t\t<\/div>\n\t\t\t\t<div class=\"elementor-element elementor-element-d5a1579 elementor-widget elementor-widget-text-editor\" data-id=\"d5a1579\" data-element_type=\"widget\" data-widget_type=\"text-editor.default\">\n\t\t\t\t<div class=\"elementor-widget-container\">\n\t\t\t\t\t\t\t\t\t<h2><span class=\"s5\">De individuele bedevaarders<\/span><\/h2><p><span class=\"s7\">Zij maken <\/span><span class=\"s7\">80\u00a0% <\/span><span class=\"s7\">uit van het bezoeke<\/span><span class=\"s7\">rsaantal in <a href=\"https:\/\/www.lourdes-france.com\/\">Lourdes<\/a>. <\/span><span class=\"s7\">Zij komen in hun eentje of als gezin, voor enkele dagen of voor enkele uren. Zij mengen zich in de grote menigte van bedevaarders om deel te nemen a<\/span><span class=\"s7\">an de vieringen.<\/span><\/p><p><span class=\"s7\">De bedevaarders zijn afkomstig van de hele wereld: <\/span><span class=\"s7\">80 nationalite<\/span><span class=\"s7\">iten worden in het Heiligdom ontvangen.<\/span><\/p><p><span class=\"s7\">Lourdes is internationaal omdat de eenvoud en de diepgang van zijn boodschap menigten afkomstig van allerlei landen en afkomst<\/span><span class=\"s7\"> samenbrengt.<\/span><\/p><p><span class=\"s7\">Het Heiligdom biedt onthaal aan iedereen, aan de hele samenleving, ongeacht ieders cultuur, g<\/span><span class=\"s7\">odsdienst of afwezigheid van godsdienst. <\/span><span class=\"s7\">Iedereen zal er vinden wat hij er zoekt.<\/span><\/p>\t\t\t\t\t\t\t\t<\/div>\n\t\t\t\t<\/div>\n\t\t\t\t<div class=\"elementor-element elementor-element-31073a3 elementor-widget elementor-widget-image\" data-id=\"31073a3\" data-element_type=\"widget\" data-widget_type=\"image.default\">\n\t\t\t\t<div class=\"elementor-widget-container\">\n\t\t\t\t\t\t\t\t\t\t\t\t\t\t\t<img decoding=\"async\" width=\"768\" height=\"512\" src=\"https:\/\/www.lourdes-france.org\/wp-content\/uploads\/2025\/08\/pelerin_indivudel-768x512.jpg\" class=\"attachment-medium_large size-medium_large wp-image-1057049\" alt=\"Personne en fauteuil roulant \u00e0 Lourdes\" srcset=\"https:\/\/www.lourdes-france.org\/wp-content\/uploads\/2025\/08\/pelerin_indivudel-768x512.jpg 768w, https:\/\/www.lourdes-france.org\/wp-content\/uploads\/2025\/08\/pelerin_indivudel-300x200.jpg 300w, https:\/\/www.lourdes-france.org\/wp-content\/uploads\/2025\/08\/pelerin_indivudel-1024x683.jpg 1024w, https:\/\/www.lourdes-france.org\/wp-content\/uploads\/2025\/08\/pelerin_indivudel-1536x1024.jpg 1536w, https:\/\/www.lourdes-france.org\/wp-content\/uploads\/2025\/08\/pelerin_indivudel-2048x1365.jpg 2048w\" sizes=\"(max-width: 768px) 100vw, 768px\" \/>\t\t\t\t\t\t\t\t\t\t\t\t\t\t\t<\/div>\n\t\t\t\t<\/div>\n\t\t\t\t<div class=\"elementor-element elementor-element-9387462 elementor-align-center elementor-widget elementor-widget-button\" data-id=\"9387462\" data-element_type=\"widget\" data-widget_type=\"button.default\">\n\t\t\t\t<div class=\"elementor-widget-container\">\n\t\t\t\t\t\t\t\t\t<div class=\"elementor-button-wrapper\">\n\t\t\t\t\t<a class=\"elementor-button elementor-button-link elementor-size-sm\" href=\"\/les-pelerinages\/\">\n\t\t\t\t\t\t<span class=\"elementor-button-content-wrapper\">\n\t\t\t\t\t\t\t\t\t<span class=\"elementor-button-text\">Activiteiten die aan alle bedevaarders worden aangeboden<\/span>\n\t\t\t\t\t<\/span>\n\t\t\t\t\t<\/a>\n\t\t\t\t<\/div>\n\t\t\t\t\t\t\t\t<\/div>\n\t\t\t\t<\/div>\n\t\t\t\t<div class=\"elementor-element elementor-element-b3c2fde elementor-widget elementor-widget-text-editor\" data-id=\"b3c2fde\" data-element_type=\"widget\" data-widget_type=\"text-editor.default\">\n\t\t\t\t<div class=\"elementor-widget-container\">\n\t\t\t\t\t\t\t\t\t<h2><span class=\"s5\">Enkele cijfers<\/span><\/h2><p><span style=\"color: #007a9e;\"><strong><span class=\"s11\">De georganiseerde bedevaarten met zieken<br \/><\/span><\/strong><\/span><span class=\"s7\">2019<\/span><span class=\"s7\">: 445\u00a0000 bedevaarders<br \/><\/span><span class=\"s7\">2020<\/span><span class=\"s7\">: 35\u00a0000 bedevaarders<\/span><span class=\"s7\"> (pande<\/span><span class=\"s7\">mie Covid-19)<br \/><\/span><span class=\"s7\">2021<\/span><span class=\"s7\">: 100\u00a0000 bedevaarders<br \/><\/span><span class=\"s7\">2022<\/span><span class=\"s7\">: 175 000 <\/span><span class=\"s7\">bedevaarders<br \/><\/span><span class=\"s7\">2023<\/span><span class=\"s7\">: 370 000 bedevaarders<br \/><\/span><span class=\"s7\">2024<\/span><span class=\"s7\">: 410 000 bedevaarders<\/span><\/p><p><strong><span class=\"s11\" style=\"color: #007a9e;\">De toestroom van individuele bedevaarders en bezoekers<br \/><\/span><\/strong><span class=\"s7\">2019<\/span><span class=\"s7\">: Het werkelijk cijfer is niet gekend<\/span><span class=\"s7\"> (s<\/span><span class=\"s7\">chatting: <\/span><span class=\"s7\">3,5 mil<\/span><span class=\"s7\">joen<\/span><span class=\"s7\">)<br \/><\/span><span class=\"s7\">2020<\/span><span class=\"s7\">: 800\u00a0000 bedevaarders<\/span><span class=\"s7\"> (pande<\/span><span class=\"s7\">mie Covid-19)<br \/><\/span><span class=\"s7\">2021<\/span><span class=\"s7\">: 1,6 miljoen bedevaarders<br \/><\/span><span class=\"s7\">2022<\/span><span class=\"s7\">: 2,7 miljoen bedevaarders<br \/><\/span><span class=\"s7\">20<\/span><span class=\"s7\">23<\/span><span class=\"s7\">: 3,1 miljoen bedevaarders<br \/><\/span><span class=\"s7\">2024<\/span><span class=\"s7\">: 3,2 milljoen bedevaarders<\/span><\/p>\t\t\t\t\t\t\t\t<\/div>\n\t\t\t\t<\/div>\n\t\t\t\t<div class=\"elementor-element elementor-element-825ce1b elementor-align-center elementor-widget elementor-widget-button\" data-id=\"825ce1b\" data-element_type=\"widget\" data-widget_type=\"button.default\">\n\t\t\t\t<div class=\"elementor-widget-container\">\n\t\t\t\t\t\t\t\t\t<div class=\"elementor-button-wrapper\">\n\t\t\t\t\t<a class=\"elementor-button elementor-button-link elementor-size-sm\" href=\"https:\/\/www.lourdes-france.com\/#servir\" target=\"_blank\">\n\t\t\t\t\t\t<span class=\"elementor-button-content-wrapper\">\n\t\t\t\t\t\t\t\t\t<span class=\"elementor-button-text\">Naar Lourdes komen<\/span>\n\t\t\t\t\t<\/span>\n\t\t\t\t\t<\/a>\n\t\t\t\t<\/div>\n\t\t\t\t\t\t\t\t<\/div>\n\t\t\t\t<\/div>\n\t\t\t\t<div class=\"elementor-element elementor-element-42d17945 elementor-view-default elementor-widget elementor-widget-icon\" data-id=\"42d17945\" data-element_type=\"widget\" data-widget_type=\"icon.default\">\n\t\t\t\t<div class=\"elementor-widget-container\">\n\t\t\t\t\t\t\t<div class=\"elementor-icon-wrapper\">\n\t\t\t<div class=\"elementor-icon\">\n\t\t\t<i aria-hidden=\"true\" class=\"fas fa-church\"><\/i>\t\t\t<\/div>\n\t\t<\/div>\n\t\t\t\t\t\t<\/div>\n\t\t\t\t<\/div>\n\t\t\t\t\t<\/div>\n\t\t<\/div>\n\t\t\t\t\t<\/div>\n\t\t<\/section>\n\t\t\t\t<\/div>\n\t\t","protected":false},"excerpt":{"rendered":"<p>Wie zijn de bedevaarders in Lourdes ? _________________ Het Heiligdom Onze-Lieve-Vrouw van Lourdes is een internationaal heiligdom, een plaats van ontmoeting die openstaat voor iedereen De hele wereld komt naar Lourdes Sedert de verschijningen in 1858 begeven zich grote menigten &hellip; <a href=\"https:\/\/www.lourdes-france.org\/nl\/les-pelerinages\/bedevaarders-in-lourdes\/\">Vervolgd<\/a><\/p>\n","protected":false},"author":7,"featured_media":1057033,"parent":885977,"menu_order":0,"comment_status":"closed","ping_status":"closed","template":"","meta":{"_acf_changed":false,"footnotes":""},"class_list":["post-1056255","page","type-page","status-publish","has-post-thumbnail","hentry"],"acf":[],"yoast_head":"<!-- This site is optimized with the Yoast SEO plugin v24.7 - https:\/\/yoast.com\/wordpress\/plugins\/seo\/ -->\n<title>Wie zijn de bedevaarders in Lourdes ?<\/title>\n<meta name=\"description\" content=\"P\u00e8lerin d\u2019un jour ou de toujours, en famille ou en dioc\u00e8se, fid\u00e8le pratiquant ou visiteur d\u2019une heure, qui sont les p\u00e8lerins de Lourdes ?\" \/>\n<meta name=\"robots\" content=\"index, follow, max-snippet:-1, max-image-preview:large, max-video-preview:-1\" \/>\n<link rel=\"canonical\" href=\"https:\/\/www.lourdes-france.org\/nl\/les-pelerinages\/bedevaarders-in-lourdes\/\" \/>\n<meta name=\"twitter:label1\" content=\"Geschatte leestijd\" \/>\n\t<meta name=\"twitter:data1\" content=\"3 minuten\" \/>\n<script type=\"application\/ld+json\" class=\"yoast-schema-graph\">{\"@context\":\"https:\/\/schema.org\",\"@graph\":[{\"@type\":\"WebPage\",\"@id\":\"https:\/\/www.lourdes-france.org\/nl\/les-pelerinages\/bedevaarders-in-lourdes\/\",\"url\":\"https:\/\/www.lourdes-france.org\/nl\/les-pelerinages\/bedevaarders-in-lourdes\/\",\"name\":\"Wie zijn de bedevaarders in Lourdes ?\",\"isPartOf\":{\"@id\":\"https:\/\/preprod-lourdes.cawita.com\/#website\"},\"primaryImageOfPage\":{\"@id\":\"https:\/\/www.lourdes-france.org\/nl\/les-pelerinages\/bedevaarders-in-lourdes\/#primaryimage\"},\"image\":{\"@id\":\"https:\/\/www.lourdes-france.org\/nl\/les-pelerinages\/bedevaarders-in-lourdes\/#primaryimage\"},\"thumbnailUrl\":\"https:\/\/www.lourdes-france.org\/wp-content\/uploads\/2025\/08\/image_mise_en_avant-scaled.jpg\",\"datePublished\":\"2025-08-08T15:14:44+00:00\",\"dateModified\":\"2025-11-06T08:53:18+00:00\",\"description\":\"P\u00e8lerin d\u2019un jour ou de toujours, en famille ou en dioc\u00e8se, fid\u00e8le pratiquant ou visiteur d\u2019une heure, qui sont les p\u00e8lerins de Lourdes ?\",\"breadcrumb\":{\"@id\":\"https:\/\/www.lourdes-france.org\/nl\/les-pelerinages\/bedevaarders-in-lourdes\/#breadcrumb\"},\"inLanguage\":\"nl-NL\",\"potentialAction\":[{\"@type\":\"ReadAction\",\"target\":[\"https:\/\/www.lourdes-france.org\/nl\/les-pelerinages\/bedevaarders-in-lourdes\/\"]}]},{\"@type\":\"ImageObject\",\"inLanguage\":\"nl-NL\",\"@id\":\"https:\/\/www.lourdes-france.org\/nl\/les-pelerinages\/bedevaarders-in-lourdes\/#primaryimage\",\"url\":\"https:\/\/www.lourdes-france.org\/wp-content\/uploads\/2025\/08\/image_mise_en_avant-scaled.jpg\",\"contentUrl\":\"https:\/\/www.lourdes-france.org\/wp-content\/uploads\/2025\/08\/image_mise_en_avant-scaled.jpg\",\"width\":2560,\"height\":1707,\"caption\":\"Qui sont les p\u00e8lerins de Lourdes\"},{\"@type\":\"BreadcrumbList\",\"@id\":\"https:\/\/www.lourdes-france.org\/nl\/les-pelerinages\/bedevaarders-in-lourdes\/#breadcrumb\",\"itemListElement\":[{\"@type\":\"ListItem\",\"position\":1,\"name\":\"Accueil\",\"item\":\"https:\/\/www.lourdes-france.org\/\"},{\"@type\":\"ListItem\",\"position\":2,\"name\":\"De bedevaarten van Lourdes\",\"item\":\"https:\/\/www.lourdes-france.org\/nl\/les-pelerinages\/\"},{\"@type\":\"ListItem\",\"position\":3,\"name\":\"Wie zijn de bedevaarders in Lourdes ?\"}]},{\"@type\":\"WebSite\",\"@id\":\"https:\/\/preprod-lourdes.cawita.com\/#website\",\"url\":\"https:\/\/preprod-lourdes.cawita.com\/\",\"name\":\"Soutenir le Sanctuaire Notre-Dame de Lourdes\",\"description\":\"\",\"potentialAction\":[{\"@type\":\"SearchAction\",\"target\":{\"@type\":\"EntryPoint\",\"urlTemplate\":\"https:\/\/preprod-lourdes.cawita.com\/?s={search_term_string}\"},\"query-input\":{\"@type\":\"PropertyValueSpecification\",\"valueRequired\":true,\"valueName\":\"search_term_string\"}}],\"inLanguage\":\"nl-NL\"}]}<\/script>\n<!-- \/ Yoast SEO plugin. -->","yoast_head_json":{"title":"Wie zijn de bedevaarders in Lourdes ?","description":"P\u00e8lerin d\u2019un jour ou de toujours, en famille ou en dioc\u00e8se, fid\u00e8le pratiquant ou visiteur d\u2019une heure, qui sont les p\u00e8lerins de Lourdes ?","robots":{"index":"index","follow":"follow","max-snippet":"max-snippet:-1","max-image-preview":"max-image-preview:large","max-video-preview":"max-video-preview:-1"},"canonical":"https:\/\/www.lourdes-france.org\/nl\/les-pelerinages\/bedevaarders-in-lourdes\/","twitter_misc":{"Geschatte leestijd":"3 minuten"},"schema":{"@context":"https:\/\/schema.org","@graph":[{"@type":"WebPage","@id":"https:\/\/www.lourdes-france.org\/nl\/les-pelerinages\/bedevaarders-in-lourdes\/","url":"https:\/\/www.lourdes-france.org\/nl\/les-pelerinages\/bedevaarders-in-lourdes\/","name":"Wie zijn de bedevaarders in Lourdes ?","isPartOf":{"@id":"https:\/\/preprod-lourdes.cawita.com\/#website"},"primaryImageOfPage":{"@id":"https:\/\/www.lourdes-france.org\/nl\/les-pelerinages\/bedevaarders-in-lourdes\/#primaryimage"},"image":{"@id":"https:\/\/www.lourdes-france.org\/nl\/les-pelerinages\/bedevaarders-in-lourdes\/#primaryimage"},"thumbnailUrl":"https:\/\/www.lourdes-france.org\/wp-content\/uploads\/2025\/08\/image_mise_en_avant-scaled.jpg","datePublished":"2025-08-08T15:14:44+00:00","dateModified":"2025-11-06T08:53:18+00:00","description":"P\u00e8lerin d\u2019un jour ou de toujours, en famille ou en dioc\u00e8se, fid\u00e8le pratiquant ou visiteur d\u2019une heure, qui sont les p\u00e8lerins de Lourdes ?","breadcrumb":{"@id":"https:\/\/www.lourdes-france.org\/nl\/les-pelerinages\/bedevaarders-in-lourdes\/#breadcrumb"},"inLanguage":"nl-NL","potentialAction":[{"@type":"ReadAction","target":["https:\/\/www.lourdes-france.org\/nl\/les-pelerinages\/bedevaarders-in-lourdes\/"]}]},{"@type":"ImageObject","inLanguage":"nl-NL","@id":"https:\/\/www.lourdes-france.org\/nl\/les-pelerinages\/bedevaarders-in-lourdes\/#primaryimage","url":"https:\/\/www.lourdes-france.org\/wp-content\/uploads\/2025\/08\/image_mise_en_avant-scaled.jpg","contentUrl":"https:\/\/www.lourdes-france.org\/wp-content\/uploads\/2025\/08\/image_mise_en_avant-scaled.jpg","width":2560,"height":1707,"caption":"Qui sont les p\u00e8lerins de Lourdes"},{"@type":"BreadcrumbList","@id":"https:\/\/www.lourdes-france.org\/nl\/les-pelerinages\/bedevaarders-in-lourdes\/#breadcrumb","itemListElement":[{"@type":"ListItem","position":1,"name":"Accueil","item":"https:\/\/www.lourdes-france.org\/"},{"@type":"ListItem","position":2,"name":"De bedevaarten van Lourdes","item":"https:\/\/www.lourdes-france.org\/nl\/les-pelerinages\/"},{"@type":"ListItem","position":3,"name":"Wie zijn de bedevaarders in Lourdes ?"}]},{"@type":"WebSite","@id":"https:\/\/preprod-lourdes.cawita.com\/#website","url":"https:\/\/preprod-lourdes.cawita.com\/","name":"Soutenir le Sanctuaire Notre-Dame de Lourdes","description":"","potentialAction":[{"@type":"SearchAction","target":{"@type":"EntryPoint","urlTemplate":"https:\/\/preprod-lourdes.cawita.com\/?s={search_term_string}"},"query-input":{"@type":"PropertyValueSpecification","valueRequired":true,"valueName":"search_term_string"}}],"inLanguage":"nl-NL"}]}},"_links":{"self":[{"href":"https:\/\/www.lourdes-france.org\/nl\/wp-json\/wp\/v2\/pages\/1056255","targetHints":{"allow":["GET"]}}],"collection":[{"href":"https:\/\/www.lourdes-france.org\/nl\/wp-json\/wp\/v2\/pages"}],"about":[{"href":"https:\/\/www.lourdes-france.org\/nl\/wp-json\/wp\/v2\/types\/page"}],"author":[{"embeddable":true,"href":"https:\/\/www.lourdes-france.org\/nl\/wp-json\/wp\/v2\/users\/7"}],"replies":[{"embeddable":true,"href":"https:\/\/www.lourdes-france.org\/nl\/wp-json\/wp\/v2\/comments?post=1056255"}],"version-history":[{"count":3,"href":"https:\/\/www.lourdes-france.org\/nl\/wp-json\/wp\/v2\/pages\/1056255\/revisions"}],"predecessor-version":[{"id":1083550,"href":"https:\/\/www.lourdes-france.org\/nl\/wp-json\/wp\/v2\/pages\/1056255\/revisions\/1083550"}],"up":[{"embeddable":true,"href":"https:\/\/www.lourdes-france.org\/nl\/wp-json\/wp\/v2\/pages\/885977"}],"wp:featuredmedia":[{"embeddable":true,"href":"https:\/\/www.lourdes-france.org\/nl\/wp-json\/wp\/v2\/media\/1057033"}],"wp:attachment":[{"href":"https:\/\/www.lourdes-france.org\/nl\/wp-json\/wp\/v2\/media?parent=1056255"}],"curies":[{"name":"wp","href":"https:\/\/api.w.org\/{rel}","templated":true}]}}