{"id":1058132,"date":"2025-07-15T16:14:05","date_gmt":"2025-07-15T14:14:05","guid":{"rendered":"https:\/\/www.lourdes-france.org\/organisation-du-sanctuaire\/association-lourdes-solidarite\/"},"modified":"2025-11-25T14:12:17","modified_gmt":"2025-11-25T13:12:17","slug":"association-lourdes-solidarite","status":"publish","type":"page","link":"https:\/\/www.lourdes-france.org\/nl\/organisation-du-sanctuaire\/association-lourdes-solidarite\/","title":{"rendered":"Lourdes Solidarit\u00e9"},"content":{"rendered":"\t\t<div data-elementor-type=\"wp-page\" data-elementor-id=\"1058132\" class=\"elementor elementor-1058132 elementor-1033073\" data-elementor-post-type=\"page\">\n\t\t\t\t\t\t<section class=\"elementor-section elementor-top-section elementor-element elementor-element-300e813 elementor-section-full_width elementor-section-stretched elementor-section-height-default elementor-section-height-default\" data-id=\"300e813\" data-element_type=\"section\" data-settings=\"{&quot;stretch_section&quot;:&quot;section-stretched&quot;,&quot;background_background&quot;:&quot;classic&quot;}\">\n\t\t\t\t\t\t\t<div class=\"elementor-background-overlay\"><\/div>\n\t\t\t\t\t\t\t<div class=\"elementor-container elementor-column-gap-default\">\n\t\t\t\t\t<div class=\"elementor-column elementor-col-100 elementor-top-column elementor-element elementor-element-ebed900\" data-id=\"ebed900\" data-element_type=\"column\">\n\t\t\t<div class=\"elementor-widget-wrap elementor-element-populated\">\n\t\t\t\t\t\t<div class=\"elementor-element elementor-element-b58589a elementor-widget elementor-widget-spacer\" data-id=\"b58589a\" data-element_type=\"widget\" data-widget_type=\"spacer.default\">\n\t\t\t\t<div class=\"elementor-widget-container\">\n\t\t\t\t\t\t\t<div class=\"elementor-spacer\">\n\t\t\t<div class=\"elementor-spacer-inner\"><\/div>\n\t\t<\/div>\n\t\t\t\t\t\t<\/div>\n\t\t\t\t<\/div>\n\t\t\t\t<div class=\"elementor-element elementor-element-d45a52d elementor-widget elementor-widget-image\" data-id=\"d45a52d\" data-element_type=\"widget\" data-widget_type=\"image.default\">\n\t\t\t\t<div class=\"elementor-widget-container\">\n\t\t\t\t\t\t\t\t\t\t\t\t\t\t\t<img fetchpriority=\"high\" decoding=\"async\" width=\"778\" height=\"273\" src=\"https:\/\/www.lourdes-france.org\/wp-content\/uploads\/2025\/07\/logo_friends-of.png\" class=\"attachment-large size-large wp-image-1033200\" alt=\"logo Lourdes Solidarit\u00e9\" srcset=\"https:\/\/www.lourdes-france.org\/wp-content\/uploads\/2025\/07\/logo_friends-of.png 778w, https:\/\/www.lourdes-france.org\/wp-content\/uploads\/2025\/07\/logo_friends-of-300x105.png 300w, https:\/\/www.lourdes-france.org\/wp-content\/uploads\/2025\/07\/logo_friends-of-768x269.png 768w\" sizes=\"(max-width: 778px) 100vw, 778px\" \/>\t\t\t\t\t\t\t\t\t\t\t\t\t\t\t<\/div>\n\t\t\t\t<\/div>\n\t\t\t\t<div class=\"elementor-element elementor-element-4d3a7df elementor-widget elementor-widget-spacer\" data-id=\"4d3a7df\" data-element_type=\"widget\" data-widget_type=\"spacer.default\">\n\t\t\t\t<div class=\"elementor-widget-container\">\n\t\t\t\t\t\t\t<div class=\"elementor-spacer\">\n\t\t\t<div class=\"elementor-spacer-inner\"><\/div>\n\t\t<\/div>\n\t\t\t\t\t\t<\/div>\n\t\t\t\t<\/div>\n\t\t\t\t\t<\/div>\n\t\t<\/div>\n\t\t\t\t\t<\/div>\n\t\t<\/section>\n\t\t\t\t<section class=\"elementor-section elementor-top-section elementor-element elementor-element-6945400 elementor-section-full_width elementor-section-height-default elementor-section-height-default\" data-id=\"6945400\" data-element_type=\"section\" data-settings=\"{&quot;background_background&quot;:&quot;classic&quot;}\">\n\t\t\t\t\t\t<div class=\"elementor-container elementor-column-gap-default\">\n\t\t\t\t\t<div class=\"elementor-column elementor-col-100 elementor-top-column elementor-element elementor-element-dfb9f0e\" data-id=\"dfb9f0e\" data-element_type=\"column\">\n\t\t\t<div class=\"elementor-widget-wrap elementor-element-populated\">\n\t\t\t\t\t\t<div class=\"elementor-element elementor-element-846787c elementor-widget elementor-widget-spacer\" data-id=\"846787c\" data-element_type=\"widget\" data-widget_type=\"spacer.default\">\n\t\t\t\t<div class=\"elementor-widget-container\">\n\t\t\t\t\t\t\t<div class=\"elementor-spacer\">\n\t\t\t<div class=\"elementor-spacer-inner\"><\/div>\n\t\t<\/div>\n\t\t\t\t\t\t<\/div>\n\t\t\t\t<\/div>\n\t\t\t\t<div class=\"elementor-element elementor-element-0b4134f elementor-widget elementor-widget-heading\" data-id=\"0b4134f\" data-element_type=\"widget\" data-widget_type=\"heading.default\">\n\t\t\t\t<div class=\"elementor-widget-container\">\n\t\t\t\t\t<h2 class=\"elementor-heading-title elementor-size-default\">VERENIGING VOLGENS DE FRANSE WET VAN 1901 VAN \u2018ALGEMEEN BELANG\u2019<\/h2>\t\t\t\t<\/div>\n\t\t\t\t<\/div>\n\t\t\t\t<div class=\"elementor-element elementor-element-e766bf0 elementor-widget elementor-widget-heading\" data-id=\"e766bf0\" data-element_type=\"widget\" data-widget_type=\"heading.default\">\n\t\t\t\t<div class=\"elementor-widget-container\">\n\t\t\t\t\t<h1 class=\"elementor-heading-title elementor-size-default\">LOURDES SOLIDARIT\u00c9S<\/h1>\t\t\t\t<\/div>\n\t\t\t\t<\/div>\n\t\t\t\t<div class=\"elementor-element elementor-element-a3b221e elementor-widget elementor-widget-heading\" data-id=\"a3b221e\" data-element_type=\"widget\" data-widget_type=\"heading.default\">\n\t\t\t\t<div class=\"elementor-widget-container\">\n\t\t\t\t\t<h2 class=\"elementor-heading-title elementor-size-default\">_________________<\/h2>\t\t\t\t<\/div>\n\t\t\t\t<\/div>\n\t\t\t\t<div class=\"elementor-element elementor-element-26de0be elementor-widget elementor-widget-text-editor\" data-id=\"26de0be\" data-element_type=\"widget\" data-widget_type=\"text-editor.default\">\n\t\t\t\t<div class=\"elementor-widget-container\">\n\t\t\t\t\t\t\t\t\t<h2>Uittreksel uit de statuten:<\/h2><p>De vereniging heeft tot doel alle sociale en medisch-sociale activiteiten te ontwikkelen die met name bedoeld zijn voor ouderen, mensen met een handicap of mensen in precaire economische en sociale situaties. De activiteiten van de vereniging zijn voornamelijk, maar niet uitsluitend, gericht op bezoekers van het heiligdom van Lourdes.<\/p><h2>Acties en projecten:<\/h2><p>De afgelopen twee jaar heeft de vereniging Lourdes Solidarit\u00e9s fondsen geworven en werkzaamheden uitgevoerd om de sanitaire voorzieningen van het heiligdom toegankelijk te maken. Zes van de twaalf sanitaire voorzieningen zijn gerenoveerd en zijn nu volledig toegankelijk. De werkzaamheden worden voortgezet: in de winter van 2025\/2026 zullen de sanitaire voorzieningen van de zuidelijke helling worden gerenoveerd. Hiervoor zoekt de vereniging donateurs.<\/p><p>De vereniging heeft zich ten doel gesteld om het personeel van de EHBO-post van het heiligdom te scholen in de zorg voor mensen met een onzichtbare handicap.<\/p><p>Afhankelijk van de door de vereniging ingezamelde donaties kan zij bijdragen aan de werkzaamheden om mensen met verschillende handicaps beter te kunnen ontvangen (bijvoorbeeld door de installatie van ringleidingen).<\/p><p>De vereniging Lourdes Solidarit\u00e9s is het aanspreekpunt voor entiteiten die sociale of medisch-sociale projecten uitvoeren, die voornamelijk op het terrein van het heiligdom kunnen worden gerealiseerd.<\/p><h2>Hoe doneren:<\/h2><p>Het Lourdes United Endowment Fund ontvangt donaties voor Lourdes Solidarit\u00e9s en verdeelt deze.<\/p><p>Via bankoverschrijving: neem contact op met <a href=\"mailto:donateur@lourdes-france.com\">donateur@lourdes-france.com<\/a>.<\/p><p>Voor vragen: <a href=\"mailto:donateur@lourdes-france.com\">donateur@lourdes-france.com<\/a> of +33 5 62 42 82 82.<\/p>\t\t\t\t\t\t\t\t<\/div>\n\t\t\t\t<\/div>\n\t\t\t\t<div class=\"elementor-element elementor-element-8d4f980 elementor-view-default elementor-widget elementor-widget-icon\" data-id=\"8d4f980\" data-element_type=\"widget\" data-widget_type=\"icon.default\">\n\t\t\t\t<div class=\"elementor-widget-container\">\n\t\t\t\t\t\t\t<div class=\"elementor-icon-wrapper\">\n\t\t\t<div class=\"elementor-icon\">\n\t\t\t<i aria-hidden=\"true\" class=\"fas fa-church\"><\/i>\t\t\t<\/div>\n\t\t<\/div>\n\t\t\t\t\t\t<\/div>\n\t\t\t\t<\/div>\n\t\t\t\t\t<\/div>\n\t\t<\/div>\n\t\t\t\t\t<\/div>\n\t\t<\/section>\n\t\t\t\t<\/div>\n\t\t","protected":false},"excerpt":{"rendered":"<p>VERENIGING VOLGENS DE FRANSE WET VAN 1901 VAN \u2018ALGEMEEN BELANG\u2019 LOURDES SOLIDARIT\u00c9S _________________ Uittreksel uit de statuten: De vereniging heeft tot doel alle sociale en medisch-sociale activiteiten te ontwikkelen die met name bedoeld zijn voor ouderen, mensen met een handicap &hellip; <a href=\"https:\/\/www.lourdes-france.org\/nl\/organisation-du-sanctuaire\/association-lourdes-solidarite\/\">Vervolgd<\/a><\/p>\n","protected":false},"author":7,"featured_media":1054373,"parent":886009,"menu_order":0,"comment_status":"closed","ping_status":"closed","template":"","meta":{"_acf_changed":false,"footnotes":""},"class_list":["post-1058132","page","type-page","status-publish","has-post-thumbnail","hentry"],"acf":[],"yoast_head":"<!-- This site is optimized with the Yoast SEO plugin v24.7 - https:\/\/yoast.com\/wordpress\/plugins\/seo\/ -->\n<title>Association Lourdes Solidarit\u00e9s<\/title>\n<meta name=\"description\" content=\"L\u2019association Lourdes Solidarit\u00e9s a pour objet de d\u00e9velopper toutes activit\u00e9s sociales et m\u00e9dico-sociales aupr\u00e8s des plus d\u00e9munis.\" \/>\n<meta name=\"robots\" content=\"index, follow, max-snippet:-1, max-image-preview:large, max-video-preview:-1\" \/>\n<link rel=\"canonical\" href=\"https:\/\/www.lourdes-france.org\/nl\/organisation-du-sanctuaire\/association-lourdes-solidarite\/\" \/>\n<meta name=\"twitter:label1\" content=\"Geschatte leestijd\" \/>\n\t<meta name=\"twitter:data1\" content=\"2 minuten\" \/>\n<script type=\"application\/ld+json\" class=\"yoast-schema-graph\">{\"@context\":\"https:\/\/schema.org\",\"@graph\":[{\"@type\":\"WebPage\",\"@id\":\"https:\/\/www.lourdes-france.org\/nl\/organisation-du-sanctuaire\/association-lourdes-solidarite\/\",\"url\":\"https:\/\/www.lourdes-france.org\/nl\/organisation-du-sanctuaire\/association-lourdes-solidarite\/\",\"name\":\"Association Lourdes Solidarit\u00e9s\",\"isPartOf\":{\"@id\":\"https:\/\/preprod-lourdes.cawita.com\/#website\"},\"primaryImageOfPage\":{\"@id\":\"https:\/\/www.lourdes-france.org\/nl\/organisation-du-sanctuaire\/association-lourdes-solidarite\/#primaryimage\"},\"image\":{\"@id\":\"https:\/\/www.lourdes-france.org\/nl\/organisation-du-sanctuaire\/association-lourdes-solidarite\/#primaryimage\"},\"thumbnailUrl\":\"https:\/\/www.lourdes-france.org\/wp-content\/uploads\/2025\/08\/lourdes-solidarites.jpg\",\"datePublished\":\"2025-07-15T14:14:05+00:00\",\"dateModified\":\"2025-11-25T13:12:17+00:00\",\"description\":\"L\u2019association Lourdes Solidarit\u00e9s a pour objet de d\u00e9velopper toutes activit\u00e9s sociales et m\u00e9dico-sociales aupr\u00e8s des plus d\u00e9munis.\",\"breadcrumb\":{\"@id\":\"https:\/\/www.lourdes-france.org\/nl\/organisation-du-sanctuaire\/association-lourdes-solidarite\/#breadcrumb\"},\"inLanguage\":\"nl-NL\",\"potentialAction\":[{\"@type\":\"ReadAction\",\"target\":[\"https:\/\/www.lourdes-france.org\/nl\/organisation-du-sanctuaire\/association-lourdes-solidarite\/\"]}]},{\"@type\":\"ImageObject\",\"inLanguage\":\"nl-NL\",\"@id\":\"https:\/\/www.lourdes-france.org\/nl\/organisation-du-sanctuaire\/association-lourdes-solidarite\/#primaryimage\",\"url\":\"https:\/\/www.lourdes-france.org\/wp-content\/uploads\/2025\/08\/lourdes-solidarites.jpg\",\"contentUrl\":\"https:\/\/www.lourdes-france.org\/wp-content\/uploads\/2025\/08\/lourdes-solidarites.jpg\",\"width\":1080,\"height\":1350,\"caption\":\"Lourdes solidarit\u00e9s\"},{\"@type\":\"BreadcrumbList\",\"@id\":\"https:\/\/www.lourdes-france.org\/nl\/organisation-du-sanctuaire\/association-lourdes-solidarite\/#breadcrumb\",\"itemListElement\":[{\"@type\":\"ListItem\",\"position\":1,\"name\":\"Accueil\",\"item\":\"https:\/\/www.lourdes-france.org\/\"},{\"@type\":\"ListItem\",\"position\":2,\"name\":\"Organisatie van het Sanctuaire\",\"item\":\"https:\/\/www.lourdes-france.org\/organisation-sanctuaire-lourdes\/\"},{\"@type\":\"ListItem\",\"position\":3,\"name\":\"Lourdes Solidarit\u00e9\"}]},{\"@type\":\"WebSite\",\"@id\":\"https:\/\/preprod-lourdes.cawita.com\/#website\",\"url\":\"https:\/\/preprod-lourdes.cawita.com\/\",\"name\":\"Soutenir le Sanctuaire Notre-Dame de Lourdes\",\"description\":\"\",\"potentialAction\":[{\"@type\":\"SearchAction\",\"target\":{\"@type\":\"EntryPoint\",\"urlTemplate\":\"https:\/\/preprod-lourdes.cawita.com\/?s={search_term_string}\"},\"query-input\":{\"@type\":\"PropertyValueSpecification\",\"valueRequired\":true,\"valueName\":\"search_term_string\"}}],\"inLanguage\":\"nl-NL\"}]}<\/script>\n<!-- \/ Yoast SEO plugin. -->","yoast_head_json":{"title":"Association Lourdes Solidarit\u00e9s","description":"L\u2019association Lourdes Solidarit\u00e9s a pour objet de d\u00e9velopper toutes activit\u00e9s sociales et m\u00e9dico-sociales aupr\u00e8s des plus d\u00e9munis.","robots":{"index":"index","follow":"follow","max-snippet":"max-snippet:-1","max-image-preview":"max-image-preview:large","max-video-preview":"max-video-preview:-1"},"canonical":"https:\/\/www.lourdes-france.org\/nl\/organisation-du-sanctuaire\/association-lourdes-solidarite\/","twitter_misc":{"Geschatte leestijd":"2 minuten"},"schema":{"@context":"https:\/\/schema.org","@graph":[{"@type":"WebPage","@id":"https:\/\/www.lourdes-france.org\/nl\/organisation-du-sanctuaire\/association-lourdes-solidarite\/","url":"https:\/\/www.lourdes-france.org\/nl\/organisation-du-sanctuaire\/association-lourdes-solidarite\/","name":"Association Lourdes Solidarit\u00e9s","isPartOf":{"@id":"https:\/\/preprod-lourdes.cawita.com\/#website"},"primaryImageOfPage":{"@id":"https:\/\/www.lourdes-france.org\/nl\/organisation-du-sanctuaire\/association-lourdes-solidarite\/#primaryimage"},"image":{"@id":"https:\/\/www.lourdes-france.org\/nl\/organisation-du-sanctuaire\/association-lourdes-solidarite\/#primaryimage"},"thumbnailUrl":"https:\/\/www.lourdes-france.org\/wp-content\/uploads\/2025\/08\/lourdes-solidarites.jpg","datePublished":"2025-07-15T14:14:05+00:00","dateModified":"2025-11-25T13:12:17+00:00","description":"L\u2019association Lourdes Solidarit\u00e9s a pour objet de d\u00e9velopper toutes activit\u00e9s sociales et m\u00e9dico-sociales aupr\u00e8s des plus d\u00e9munis.","breadcrumb":{"@id":"https:\/\/www.lourdes-france.org\/nl\/organisation-du-sanctuaire\/association-lourdes-solidarite\/#breadcrumb"},"inLanguage":"nl-NL","potentialAction":[{"@type":"ReadAction","target":["https:\/\/www.lourdes-france.org\/nl\/organisation-du-sanctuaire\/association-lourdes-solidarite\/"]}]},{"@type":"ImageObject","inLanguage":"nl-NL","@id":"https:\/\/www.lourdes-france.org\/nl\/organisation-du-sanctuaire\/association-lourdes-solidarite\/#primaryimage","url":"https:\/\/www.lourdes-france.org\/wp-content\/uploads\/2025\/08\/lourdes-solidarites.jpg","contentUrl":"https:\/\/www.lourdes-france.org\/wp-content\/uploads\/2025\/08\/lourdes-solidarites.jpg","width":1080,"height":1350,"caption":"Lourdes solidarit\u00e9s"},{"@type":"BreadcrumbList","@id":"https:\/\/www.lourdes-france.org\/nl\/organisation-du-sanctuaire\/association-lourdes-solidarite\/#breadcrumb","itemListElement":[{"@type":"ListItem","position":1,"name":"Accueil","item":"https:\/\/www.lourdes-france.org\/"},{"@type":"ListItem","position":2,"name":"Organisatie van het Sanctuaire","item":"https:\/\/www.lourdes-france.org\/organisation-sanctuaire-lourdes\/"},{"@type":"ListItem","position":3,"name":"Lourdes Solidarit\u00e9"}]},{"@type":"WebSite","@id":"https:\/\/preprod-lourdes.cawita.com\/#website","url":"https:\/\/preprod-lourdes.cawita.com\/","name":"Soutenir le Sanctuaire Notre-Dame de Lourdes","description":"","potentialAction":[{"@type":"SearchAction","target":{"@type":"EntryPoint","urlTemplate":"https:\/\/preprod-lourdes.cawita.com\/?s={search_term_string}"},"query-input":{"@type":"PropertyValueSpecification","valueRequired":true,"valueName":"search_term_string"}}],"inLanguage":"nl-NL"}]}},"_links":{"self":[{"href":"https:\/\/www.lourdes-france.org\/nl\/wp-json\/wp\/v2\/pages\/1058132","targetHints":{"allow":["GET"]}}],"collection":[{"href":"https:\/\/www.lourdes-france.org\/nl\/wp-json\/wp\/v2\/pages"}],"about":[{"href":"https:\/\/www.lourdes-france.org\/nl\/wp-json\/wp\/v2\/types\/page"}],"author":[{"embeddable":true,"href":"https:\/\/www.lourdes-france.org\/nl\/wp-json\/wp\/v2\/users\/7"}],"replies":[{"embeddable":true,"href":"https:\/\/www.lourdes-france.org\/nl\/wp-json\/wp\/v2\/comments?post=1058132"}],"version-history":[{"count":3,"href":"https:\/\/www.lourdes-france.org\/nl\/wp-json\/wp\/v2\/pages\/1058132\/revisions"}],"predecessor-version":[{"id":1087974,"href":"https:\/\/www.lourdes-france.org\/nl\/wp-json\/wp\/v2\/pages\/1058132\/revisions\/1087974"}],"up":[{"embeddable":true,"href":"https:\/\/www.lourdes-france.org\/nl\/wp-json\/wp\/v2\/pages\/886009"}],"wp:featuredmedia":[{"embeddable":true,"href":"https:\/\/www.lourdes-france.org\/nl\/wp-json\/wp\/v2\/media\/1054373"}],"wp:attachment":[{"href":"https:\/\/www.lourdes-france.org\/nl\/wp-json\/wp\/v2\/media?parent=1058132"}],"curies":[{"name":"wp","href":"https:\/\/api.w.org\/{rel}","templated":true}]}}