{"id":1058135,"date":"2025-07-15T16:22:35","date_gmt":"2025-07-15T14:22:35","guid":{"rendered":"https:\/\/www.lourdes-france.org\/organisation-du-sanctuaire\/association-lourdes-jeunesse\/"},"modified":"2025-11-25T14:03:56","modified_gmt":"2025-11-25T13:03:56","slug":"association-lourdes-jeunesse","status":"publish","type":"page","link":"https:\/\/www.lourdes-france.org\/nl\/organisation-du-sanctuaire\/association-lourdes-jeunesse\/","title":{"rendered":"Lourdes Jeunesse"},"content":{"rendered":"\t\t<div data-elementor-type=\"wp-page\" data-elementor-id=\"1058135\" class=\"elementor elementor-1058135 elementor-1033075\" data-elementor-post-type=\"page\">\n\t\t\t\t\t\t<section class=\"elementor-section elementor-top-section elementor-element elementor-element-197a32d elementor-section-full_width elementor-section-stretched elementor-section-height-default elementor-section-height-default\" data-id=\"197a32d\" data-element_type=\"section\" data-settings=\"{&quot;stretch_section&quot;:&quot;section-stretched&quot;,&quot;background_background&quot;:&quot;classic&quot;}\">\n\t\t\t\t\t\t\t<div class=\"elementor-background-overlay\"><\/div>\n\t\t\t\t\t\t\t<div class=\"elementor-container elementor-column-gap-default\">\n\t\t\t\t\t<div class=\"elementor-column elementor-col-100 elementor-top-column elementor-element elementor-element-0c2e85b\" data-id=\"0c2e85b\" data-element_type=\"column\">\n\t\t\t<div class=\"elementor-widget-wrap elementor-element-populated\">\n\t\t\t\t\t\t<div class=\"elementor-element elementor-element-8479136 elementor-widget elementor-widget-spacer\" data-id=\"8479136\" data-element_type=\"widget\" data-widget_type=\"spacer.default\">\n\t\t\t\t<div class=\"elementor-widget-container\">\n\t\t\t\t\t\t\t<div class=\"elementor-spacer\">\n\t\t\t<div class=\"elementor-spacer-inner\"><\/div>\n\t\t<\/div>\n\t\t\t\t\t\t<\/div>\n\t\t\t\t<\/div>\n\t\t\t\t<div class=\"elementor-element elementor-element-52a36d5 elementor-widget elementor-widget-image\" data-id=\"52a36d5\" data-element_type=\"widget\" data-widget_type=\"image.default\">\n\t\t\t\t<div class=\"elementor-widget-container\">\n\t\t\t\t\t\t\t\t\t\t\t\t\t\t\t<img fetchpriority=\"high\" decoding=\"async\" width=\"667\" height=\"274\" src=\"https:\/\/www.lourdes-france.org\/wp-content\/uploads\/2025\/07\/logo_environnement.png\" class=\"attachment-large size-large wp-image-1033193\" alt=\"logo Lourdes Jeunesse\" srcset=\"https:\/\/www.lourdes-france.org\/wp-content\/uploads\/2025\/07\/logo_environnement.png 667w, https:\/\/www.lourdes-france.org\/wp-content\/uploads\/2025\/07\/logo_environnement-300x123.png 300w\" sizes=\"(max-width: 667px) 100vw, 667px\" \/>\t\t\t\t\t\t\t\t\t\t\t\t\t\t\t<\/div>\n\t\t\t\t<\/div>\n\t\t\t\t<div class=\"elementor-element elementor-element-ebd9196 elementor-widget elementor-widget-spacer\" data-id=\"ebd9196\" data-element_type=\"widget\" data-widget_type=\"spacer.default\">\n\t\t\t\t<div class=\"elementor-widget-container\">\n\t\t\t\t\t\t\t<div class=\"elementor-spacer\">\n\t\t\t<div class=\"elementor-spacer-inner\"><\/div>\n\t\t<\/div>\n\t\t\t\t\t\t<\/div>\n\t\t\t\t<\/div>\n\t\t\t\t\t<\/div>\n\t\t<\/div>\n\t\t\t\t\t<\/div>\n\t\t<\/section>\n\t\t\t\t<section class=\"elementor-section elementor-top-section elementor-element elementor-element-97682f1 elementor-section-full_width elementor-section-height-default elementor-section-height-default\" data-id=\"97682f1\" data-element_type=\"section\" data-settings=\"{&quot;background_background&quot;:&quot;classic&quot;}\">\n\t\t\t\t\t\t<div class=\"elementor-container elementor-column-gap-default\">\n\t\t\t\t\t<div class=\"elementor-column elementor-col-100 elementor-top-column elementor-element elementor-element-6178ff7\" data-id=\"6178ff7\" data-element_type=\"column\">\n\t\t\t<div class=\"elementor-widget-wrap elementor-element-populated\">\n\t\t\t\t\t\t<div class=\"elementor-element elementor-element-7a31eec elementor-widget elementor-widget-spacer\" data-id=\"7a31eec\" data-element_type=\"widget\" data-widget_type=\"spacer.default\">\n\t\t\t\t<div class=\"elementor-widget-container\">\n\t\t\t\t\t\t\t<div class=\"elementor-spacer\">\n\t\t\t<div class=\"elementor-spacer-inner\"><\/div>\n\t\t<\/div>\n\t\t\t\t\t\t<\/div>\n\t\t\t\t<\/div>\n\t\t\t\t<div class=\"elementor-element elementor-element-2045bec elementor-widget elementor-widget-heading\" data-id=\"2045bec\" data-element_type=\"widget\" data-widget_type=\"heading.default\">\n\t\t\t\t<div class=\"elementor-widget-container\">\n\t\t\t\t\t<h2 class=\"elementor-heading-title elementor-size-default\">VERENIGING VAN ALGEMEEN BELANG VOLGENS DE WET VAN 1901\n<\/h2>\t\t\t\t<\/div>\n\t\t\t\t<\/div>\n\t\t\t\t<div class=\"elementor-element elementor-element-558d621 elementor-widget elementor-widget-heading\" data-id=\"558d621\" data-element_type=\"widget\" data-widget_type=\"heading.default\">\n\t\t\t\t<div class=\"elementor-widget-container\">\n\t\t\t\t\t<h2 class=\"elementor-heading-title elementor-size-default\">LOURDES JEUNESSE<\/h2>\t\t\t\t<\/div>\n\t\t\t\t<\/div>\n\t\t\t\t<div class=\"elementor-element elementor-element-dbd9c30 elementor-widget elementor-widget-heading\" data-id=\"dbd9c30\" data-element_type=\"widget\" data-widget_type=\"heading.default\">\n\t\t\t\t<div class=\"elementor-widget-container\">\n\t\t\t\t\t<h2 class=\"elementor-heading-title elementor-size-default\">_________________<\/h2>\t\t\t\t<\/div>\n\t\t\t\t<\/div>\n\t\t\t\t<div class=\"elementor-element elementor-element-8e54b09 elementor-widget elementor-widget-text-editor\" data-id=\"8e54b09\" data-element_type=\"widget\" data-widget_type=\"text-editor.default\">\n\t\t\t\t<div class=\"elementor-widget-container\">\n\t\t\t\t\t\t\t\t\t<h2>Uittreksel uit de statuten:<\/h2><p>De vereniging heeft tot doel alle activiteiten van algemeen belang te ontwikkelen die gericht zijn op het bevorderen van de opvang, huisvesting en het verblijf van jongeren in Lourdes. In dit kader kan zij met name alle locaties beheren die bestemd zijn voor de opvang en huisvesting van jongeren, en alle sportieve, educatieve, sociale en culturele activiteiten organiseren voor jongeren die in Lourdes verblijven. De activiteiten van de vereniging zijn voornamelijk, maar niet uitsluitend, gericht op jongeren die een bezoek brengen aan het heiligdom van Lourdes.<\/p><h2>Acties en projecten:<\/h2><p>De vereniging Lourdes Jeunesse heeft verschillende acties op het programma staan, waaronder een bouwproject voor jonge vrijwilligers in de omgeving van het Jeugdorp, de mede-organisatie van een reeks ludieke en educatieve evenementen en de renovatie van de voorzieningen in het Jeugdorp.<\/p><p>In 2024 heeft de vereniging folders in visitekaartformaat gemaakt en deze uitgedeeld aan jongeren die Lourdes bezoeken, zodat zij ambassadeurs worden van de vereniging en de projecten die zij ondersteunt.<\/p><h2>Hoe kunt u doneren?<\/h2><p>Het fonds Lourdes United ontvangt donaties voor Lourdes Jeunesse en verdeelt deze.<\/p><p>Per cheque (Frans) op naam van \u201cLourdes United\u201d en gericht aan het Heiligdom Notre-Dame de Lourdes, Services des Donateurs, 1 avenue Mgr Th\u00e9as, 65100 LOURDES<\/p><p>Per bankoverschrijving: neem contact op met <a href=\"mailto:donateur@lourdes-france.com\">donateur@lourdes-france.com<\/a><\/p><p>Voor vragen: <a href=\"mailto:donateur@lourdes-france.com\">donateur@lourdes-france.com<\/a> of +33 5 62 42 82 82<\/p>\t\t\t\t\t\t\t\t<\/div>\n\t\t\t\t<\/div>\n\t\t\t\t<div class=\"elementor-element elementor-element-308c3f7 elementor-view-default elementor-widget elementor-widget-icon\" data-id=\"308c3f7\" data-element_type=\"widget\" data-widget_type=\"icon.default\">\n\t\t\t\t<div class=\"elementor-widget-container\">\n\t\t\t\t\t\t\t<div class=\"elementor-icon-wrapper\">\n\t\t\t<div class=\"elementor-icon\">\n\t\t\t<i aria-hidden=\"true\" class=\"fas fa-church\"><\/i>\t\t\t<\/div>\n\t\t<\/div>\n\t\t\t\t\t\t<\/div>\n\t\t\t\t<\/div>\n\t\t\t\t\t<\/div>\n\t\t<\/div>\n\t\t\t\t\t<\/div>\n\t\t<\/section>\n\t\t\t\t<\/div>\n\t\t","protected":false},"excerpt":{"rendered":"<p>VERENIGING VAN ALGEMEEN BELANG VOLGENS DE WET VAN 1901 LOURDES JEUNESSE _________________ Uittreksel uit de statuten: De vereniging heeft tot doel alle activiteiten van algemeen belang te ontwikkelen die gericht zijn op het bevorderen van de opvang, huisvesting en het &hellip; <a href=\"https:\/\/www.lourdes-france.org\/nl\/organisation-du-sanctuaire\/association-lourdes-jeunesse\/\">Vervolgd<\/a><\/p>\n","protected":false},"author":7,"featured_media":1054382,"parent":886009,"menu_order":0,"comment_status":"closed","ping_status":"closed","template":"","meta":{"_acf_changed":false,"footnotes":""},"class_list":["post-1058135","page","type-page","status-publish","has-post-thumbnail","hentry"],"acf":[],"yoast_head":"<!-- This site is optimized with the Yoast SEO plugin v24.7 - https:\/\/yoast.com\/wordpress\/plugins\/seo\/ -->\n<title>Association Lourdes Jeunesse<\/title>\n<meta name=\"description\" content=\"L\u2019association Lourdes Jeunesse vise \u00e0 d\u00e9velopper toutes activit\u00e9s visant \u00e0 favoriser l\u2019accueil, l\u2019h\u00e9bergement et le s\u00e9jour des jeunes.\" \/>\n<meta name=\"robots\" content=\"index, follow, max-snippet:-1, max-image-preview:large, max-video-preview:-1\" \/>\n<link rel=\"canonical\" href=\"https:\/\/www.lourdes-france.org\/nl\/organisation-du-sanctuaire\/association-lourdes-jeunesse\/\" \/>\n<meta name=\"twitter:label1\" content=\"Geschatte leestijd\" \/>\n\t<meta name=\"twitter:data1\" content=\"2 minuten\" \/>\n<script type=\"application\/ld+json\" class=\"yoast-schema-graph\">{\"@context\":\"https:\/\/schema.org\",\"@graph\":[{\"@type\":\"WebPage\",\"@id\":\"https:\/\/www.lourdes-france.org\/nl\/organisation-du-sanctuaire\/association-lourdes-jeunesse\/\",\"url\":\"https:\/\/www.lourdes-france.org\/nl\/organisation-du-sanctuaire\/association-lourdes-jeunesse\/\",\"name\":\"Association Lourdes Jeunesse\",\"isPartOf\":{\"@id\":\"https:\/\/preprod-lourdes.cawita.com\/#website\"},\"primaryImageOfPage\":{\"@id\":\"https:\/\/www.lourdes-france.org\/nl\/organisation-du-sanctuaire\/association-lourdes-jeunesse\/#primaryimage\"},\"image\":{\"@id\":\"https:\/\/www.lourdes-france.org\/nl\/organisation-du-sanctuaire\/association-lourdes-jeunesse\/#primaryimage\"},\"thumbnailUrl\":\"https:\/\/www.lourdes-france.org\/wp-content\/uploads\/2025\/08\/lourdes-jeunesse.jpg\",\"datePublished\":\"2025-07-15T14:22:35+00:00\",\"dateModified\":\"2025-11-25T13:03:56+00:00\",\"description\":\"L\u2019association Lourdes Jeunesse vise \u00e0 d\u00e9velopper toutes activit\u00e9s visant \u00e0 favoriser l\u2019accueil, l\u2019h\u00e9bergement et le s\u00e9jour des jeunes.\",\"breadcrumb\":{\"@id\":\"https:\/\/www.lourdes-france.org\/nl\/organisation-du-sanctuaire\/association-lourdes-jeunesse\/#breadcrumb\"},\"inLanguage\":\"nl-NL\",\"potentialAction\":[{\"@type\":\"ReadAction\",\"target\":[\"https:\/\/www.lourdes-france.org\/nl\/organisation-du-sanctuaire\/association-lourdes-jeunesse\/\"]}]},{\"@type\":\"ImageObject\",\"inLanguage\":\"nl-NL\",\"@id\":\"https:\/\/www.lourdes-france.org\/nl\/organisation-du-sanctuaire\/association-lourdes-jeunesse\/#primaryimage\",\"url\":\"https:\/\/www.lourdes-france.org\/wp-content\/uploads\/2025\/08\/lourdes-jeunesse.jpg\",\"contentUrl\":\"https:\/\/www.lourdes-france.org\/wp-content\/uploads\/2025\/08\/lourdes-jeunesse.jpg\",\"width\":1080,\"height\":1350,\"caption\":\"Lourdes jeunesse\"},{\"@type\":\"BreadcrumbList\",\"@id\":\"https:\/\/www.lourdes-france.org\/nl\/organisation-du-sanctuaire\/association-lourdes-jeunesse\/#breadcrumb\",\"itemListElement\":[{\"@type\":\"ListItem\",\"position\":1,\"name\":\"Accueil\",\"item\":\"https:\/\/www.lourdes-france.org\/\"},{\"@type\":\"ListItem\",\"position\":2,\"name\":\"Organisatie van het Sanctuaire\",\"item\":\"https:\/\/www.lourdes-france.org\/organisation-sanctuaire-lourdes\/\"},{\"@type\":\"ListItem\",\"position\":3,\"name\":\"Lourdes Jeunesse\"}]},{\"@type\":\"WebSite\",\"@id\":\"https:\/\/preprod-lourdes.cawita.com\/#website\",\"url\":\"https:\/\/preprod-lourdes.cawita.com\/\",\"name\":\"Soutenir le Sanctuaire Notre-Dame de Lourdes\",\"description\":\"\",\"potentialAction\":[{\"@type\":\"SearchAction\",\"target\":{\"@type\":\"EntryPoint\",\"urlTemplate\":\"https:\/\/preprod-lourdes.cawita.com\/?s={search_term_string}\"},\"query-input\":{\"@type\":\"PropertyValueSpecification\",\"valueRequired\":true,\"valueName\":\"search_term_string\"}}],\"inLanguage\":\"nl-NL\"}]}<\/script>\n<!-- \/ Yoast SEO plugin. -->","yoast_head_json":{"title":"Association Lourdes Jeunesse","description":"L\u2019association Lourdes Jeunesse vise \u00e0 d\u00e9velopper toutes activit\u00e9s visant \u00e0 favoriser l\u2019accueil, l\u2019h\u00e9bergement et le s\u00e9jour des jeunes.","robots":{"index":"index","follow":"follow","max-snippet":"max-snippet:-1","max-image-preview":"max-image-preview:large","max-video-preview":"max-video-preview:-1"},"canonical":"https:\/\/www.lourdes-france.org\/nl\/organisation-du-sanctuaire\/association-lourdes-jeunesse\/","twitter_misc":{"Geschatte leestijd":"2 minuten"},"schema":{"@context":"https:\/\/schema.org","@graph":[{"@type":"WebPage","@id":"https:\/\/www.lourdes-france.org\/nl\/organisation-du-sanctuaire\/association-lourdes-jeunesse\/","url":"https:\/\/www.lourdes-france.org\/nl\/organisation-du-sanctuaire\/association-lourdes-jeunesse\/","name":"Association Lourdes Jeunesse","isPartOf":{"@id":"https:\/\/preprod-lourdes.cawita.com\/#website"},"primaryImageOfPage":{"@id":"https:\/\/www.lourdes-france.org\/nl\/organisation-du-sanctuaire\/association-lourdes-jeunesse\/#primaryimage"},"image":{"@id":"https:\/\/www.lourdes-france.org\/nl\/organisation-du-sanctuaire\/association-lourdes-jeunesse\/#primaryimage"},"thumbnailUrl":"https:\/\/www.lourdes-france.org\/wp-content\/uploads\/2025\/08\/lourdes-jeunesse.jpg","datePublished":"2025-07-15T14:22:35+00:00","dateModified":"2025-11-25T13:03:56+00:00","description":"L\u2019association Lourdes Jeunesse vise \u00e0 d\u00e9velopper toutes activit\u00e9s visant \u00e0 favoriser l\u2019accueil, l\u2019h\u00e9bergement et le s\u00e9jour des jeunes.","breadcrumb":{"@id":"https:\/\/www.lourdes-france.org\/nl\/organisation-du-sanctuaire\/association-lourdes-jeunesse\/#breadcrumb"},"inLanguage":"nl-NL","potentialAction":[{"@type":"ReadAction","target":["https:\/\/www.lourdes-france.org\/nl\/organisation-du-sanctuaire\/association-lourdes-jeunesse\/"]}]},{"@type":"ImageObject","inLanguage":"nl-NL","@id":"https:\/\/www.lourdes-france.org\/nl\/organisation-du-sanctuaire\/association-lourdes-jeunesse\/#primaryimage","url":"https:\/\/www.lourdes-france.org\/wp-content\/uploads\/2025\/08\/lourdes-jeunesse.jpg","contentUrl":"https:\/\/www.lourdes-france.org\/wp-content\/uploads\/2025\/08\/lourdes-jeunesse.jpg","width":1080,"height":1350,"caption":"Lourdes jeunesse"},{"@type":"BreadcrumbList","@id":"https:\/\/www.lourdes-france.org\/nl\/organisation-du-sanctuaire\/association-lourdes-jeunesse\/#breadcrumb","itemListElement":[{"@type":"ListItem","position":1,"name":"Accueil","item":"https:\/\/www.lourdes-france.org\/"},{"@type":"ListItem","position":2,"name":"Organisatie van het Sanctuaire","item":"https:\/\/www.lourdes-france.org\/organisation-sanctuaire-lourdes\/"},{"@type":"ListItem","position":3,"name":"Lourdes Jeunesse"}]},{"@type":"WebSite","@id":"https:\/\/preprod-lourdes.cawita.com\/#website","url":"https:\/\/preprod-lourdes.cawita.com\/","name":"Soutenir le Sanctuaire Notre-Dame de Lourdes","description":"","potentialAction":[{"@type":"SearchAction","target":{"@type":"EntryPoint","urlTemplate":"https:\/\/preprod-lourdes.cawita.com\/?s={search_term_string}"},"query-input":{"@type":"PropertyValueSpecification","valueRequired":true,"valueName":"search_term_string"}}],"inLanguage":"nl-NL"}]}},"_links":{"self":[{"href":"https:\/\/www.lourdes-france.org\/nl\/wp-json\/wp\/v2\/pages\/1058135","targetHints":{"allow":["GET"]}}],"collection":[{"href":"https:\/\/www.lourdes-france.org\/nl\/wp-json\/wp\/v2\/pages"}],"about":[{"href":"https:\/\/www.lourdes-france.org\/nl\/wp-json\/wp\/v2\/types\/page"}],"author":[{"embeddable":true,"href":"https:\/\/www.lourdes-france.org\/nl\/wp-json\/wp\/v2\/users\/7"}],"replies":[{"embeddable":true,"href":"https:\/\/www.lourdes-france.org\/nl\/wp-json\/wp\/v2\/comments?post=1058135"}],"version-history":[{"count":3,"href":"https:\/\/www.lourdes-france.org\/nl\/wp-json\/wp\/v2\/pages\/1058135\/revisions"}],"predecessor-version":[{"id":1087970,"href":"https:\/\/www.lourdes-france.org\/nl\/wp-json\/wp\/v2\/pages\/1058135\/revisions\/1087970"}],"up":[{"embeddable":true,"href":"https:\/\/www.lourdes-france.org\/nl\/wp-json\/wp\/v2\/pages\/886009"}],"wp:featuredmedia":[{"embeddable":true,"href":"https:\/\/www.lourdes-france.org\/nl\/wp-json\/wp\/v2\/media\/1054382"}],"wp:attachment":[{"href":"https:\/\/www.lourdes-france.org\/nl\/wp-json\/wp\/v2\/media?parent=1058135"}],"curies":[{"name":"wp","href":"https:\/\/api.w.org\/{rel}","templated":true}]}}