{"id":1058139,"date":"2025-07-15T16:26:01","date_gmt":"2025-07-15T14:26:01","guid":{"rendered":"https:\/\/www.lourdes-france.org\/organisation-du-sanctuaire\/association-lourdes-environnement\/"},"modified":"2025-11-25T13:02:16","modified_gmt":"2025-11-25T12:02:16","slug":"association-lourdes-environnement","status":"publish","type":"page","link":"https:\/\/www.lourdes-france.org\/nl\/organisation-du-sanctuaire\/association-lourdes-environnement\/","title":{"rendered":"Lourdes Environnement"},"content":{"rendered":"\t\t<div data-elementor-type=\"wp-page\" data-elementor-id=\"1058139\" class=\"elementor elementor-1058139 elementor-1033079\" data-elementor-post-type=\"page\">\n\t\t\t\t\t\t<section class=\"elementor-section elementor-top-section elementor-element elementor-element-311f84e elementor-section-full_width elementor-section-stretched elementor-section-height-default elementor-section-height-default\" data-id=\"311f84e\" data-element_type=\"section\" data-settings=\"{&quot;stretch_section&quot;:&quot;section-stretched&quot;,&quot;background_background&quot;:&quot;classic&quot;}\">\n\t\t\t\t\t\t\t<div class=\"elementor-background-overlay\"><\/div>\n\t\t\t\t\t\t\t<div class=\"elementor-container elementor-column-gap-default\">\n\t\t\t\t\t<div class=\"elementor-column elementor-col-100 elementor-top-column elementor-element elementor-element-c47a9c1\" data-id=\"c47a9c1\" data-element_type=\"column\">\n\t\t\t<div class=\"elementor-widget-wrap elementor-element-populated\">\n\t\t\t\t\t\t<div class=\"elementor-element elementor-element-da35dae elementor-widget elementor-widget-spacer\" data-id=\"da35dae\" data-element_type=\"widget\" data-widget_type=\"spacer.default\">\n\t\t\t\t<div class=\"elementor-widget-container\">\n\t\t\t\t\t\t\t<div class=\"elementor-spacer\">\n\t\t\t<div class=\"elementor-spacer-inner\"><\/div>\n\t\t<\/div>\n\t\t\t\t\t\t<\/div>\n\t\t\t\t<\/div>\n\t\t\t\t<div class=\"elementor-element elementor-element-c592306 elementor-widget elementor-widget-image\" data-id=\"c592306\" data-element_type=\"widget\" data-widget_type=\"image.default\">\n\t\t\t\t<div class=\"elementor-widget-container\">\n\t\t\t\t\t\t\t\t\t\t\t\t\t\t\t<img fetchpriority=\"high\" decoding=\"async\" width=\"876\" height=\"246\" src=\"https:\/\/www.lourdes-france.org\/wp-content\/uploads\/2025\/07\/logo_jeunesse.png\" class=\"attachment-large size-large wp-image-1033207\" alt=\"logo Lourdes Environnement\" srcset=\"https:\/\/www.lourdes-france.org\/wp-content\/uploads\/2025\/07\/logo_jeunesse.png 876w, https:\/\/www.lourdes-france.org\/wp-content\/uploads\/2025\/07\/logo_jeunesse-300x84.png 300w, https:\/\/www.lourdes-france.org\/wp-content\/uploads\/2025\/07\/logo_jeunesse-768x216.png 768w\" sizes=\"(max-width: 876px) 100vw, 876px\" \/>\t\t\t\t\t\t\t\t\t\t\t\t\t\t\t<\/div>\n\t\t\t\t<\/div>\n\t\t\t\t<div class=\"elementor-element elementor-element-5cc6ca7 elementor-widget elementor-widget-spacer\" data-id=\"5cc6ca7\" data-element_type=\"widget\" data-widget_type=\"spacer.default\">\n\t\t\t\t<div class=\"elementor-widget-container\">\n\t\t\t\t\t\t\t<div class=\"elementor-spacer\">\n\t\t\t<div class=\"elementor-spacer-inner\"><\/div>\n\t\t<\/div>\n\t\t\t\t\t\t<\/div>\n\t\t\t\t<\/div>\n\t\t\t\t\t<\/div>\n\t\t<\/div>\n\t\t\t\t\t<\/div>\n\t\t<\/section>\n\t\t\t\t<section class=\"elementor-section elementor-top-section elementor-element elementor-element-2d09ab1 elementor-section-full_width elementor-section-height-default elementor-section-height-default\" data-id=\"2d09ab1\" data-element_type=\"section\" data-settings=\"{&quot;background_background&quot;:&quot;classic&quot;}\">\n\t\t\t\t\t\t<div class=\"elementor-container elementor-column-gap-default\">\n\t\t\t\t\t<div class=\"elementor-column elementor-col-100 elementor-top-column elementor-element elementor-element-30934f5\" data-id=\"30934f5\" data-element_type=\"column\">\n\t\t\t<div class=\"elementor-widget-wrap elementor-element-populated\">\n\t\t\t\t\t\t<div class=\"elementor-element elementor-element-8c8cfd4 elementor-widget elementor-widget-spacer\" data-id=\"8c8cfd4\" data-element_type=\"widget\" data-widget_type=\"spacer.default\">\n\t\t\t\t<div class=\"elementor-widget-container\">\n\t\t\t\t\t\t\t<div class=\"elementor-spacer\">\n\t\t\t<div class=\"elementor-spacer-inner\"><\/div>\n\t\t<\/div>\n\t\t\t\t\t\t<\/div>\n\t\t\t\t<\/div>\n\t\t\t\t<div class=\"elementor-element elementor-element-2d4dc06 elementor-widget elementor-widget-heading\" data-id=\"2d4dc06\" data-element_type=\"widget\" data-widget_type=\"heading.default\">\n\t\t\t\t<div class=\"elementor-widget-container\">\n\t\t\t\t\t<h2 class=\"elementor-heading-title elementor-size-default\">VERENIGING VOLGENS DE FRANSE WET VAN 1901 VAN \u2018ALGEMEEN BELANG\u2019<\/h2>\t\t\t\t<\/div>\n\t\t\t\t<\/div>\n\t\t\t\t<div class=\"elementor-element elementor-element-a93e991 elementor-widget elementor-widget-heading\" data-id=\"a93e991\" data-element_type=\"widget\" data-widget_type=\"heading.default\">\n\t\t\t\t<div class=\"elementor-widget-container\">\n\t\t\t\t\t<h1 class=\"elementor-heading-title elementor-size-default\">\u00ab LOURDES ENVIRONNEMENT \u00bb<\/h1>\t\t\t\t<\/div>\n\t\t\t\t<\/div>\n\t\t\t\t<div class=\"elementor-element elementor-element-f3c5416 elementor-widget elementor-widget-heading\" data-id=\"f3c5416\" data-element_type=\"widget\" data-widget_type=\"heading.default\">\n\t\t\t\t<div class=\"elementor-widget-container\">\n\t\t\t\t\t<h2 class=\"elementor-heading-title elementor-size-default\">_________________<\/h2>\t\t\t\t<\/div>\n\t\t\t\t<\/div>\n\t\t\t\t<div class=\"elementor-element elementor-element-71372f1 elementor-widget elementor-widget-text-editor\" data-id=\"71372f1\" data-element_type=\"widget\" data-widget_type=\"text-editor.default\">\n\t\t\t\t<div class=\"elementor-widget-container\">\n\t\t\t\t\t\t\t\t\t<h2>Uittreksel uit de statuten:<\/h2><p>De vereniging heeft tot doel alle activiteiten van algemeen belang te ontwikkelen die gericht zijn op het bestuderen, bevorderen en behouden van de biodiversiteit van de flora en fauna van het heiligdom van Lourdes, en meer in het algemeen alle activiteiten uit te voeren die bijdragen aan het behoud en herstel van de natuurlijke omgeving van het heiligdom van Lourdes in het kader van een verantwoord beheer dat inspeelt op de ecologische uitdagingen die voortvloeien uit de aanpassing van ecosystemen aan de klimaatverandering.<\/p><h2>Acties en projecten:<\/h2><p>Het reservaat beslaat 55 hectare (136 acre), waarvan het grootste deel bestaat uit groene ruimtes met veel opmerkelijke bomen, enkele kilometers oevers langs de rivier de Gave de Pau die door het reservaat stroomt, en opmerkelijke rotsformaties. Het maakt deel uit van het Natura 2000-netwerk (onder toezicht van het Franse Bureau voor Biodiversiteit).<br \/>Het behoud van dit natuurlijke erfgoed omvat naast dagelijks onderhoud ook de bescherming van de biodiversiteit (bestrijding van invasieve soorten, behoud van habitats voor trekvissen in de rivier Gave de Pau, vogels en insecten op het domein, aanplant van inheemse boomsoorten).<br \/>De waterkrachtcentrale van het reservaat produceert 50% van de elektriciteitsbehoefte van het domein. Er loopt een project om het reservaat volledig energieonafhankelijk te maken en tegelijkertijd de CO2-voetafdruk aanzienlijk te verkleinen.<br \/>Er worden verschillende educatieve projecten en initiatieven overwogen om het natuurlijke erfgoed van het reservaat onder de aandacht te brengen en het publiek bewust te maken en te mobiliseren voor een duurzame inzet.<\/p><h2>Hoe doneren:<\/h2><p>Het fonds Lourdes United ontvangt donaties voor Lourdes Environnement en verdeelt deze.<br \/>Via bankoverschrijving: neem contact op met <a href=\"mailto:donateur@lourdes-france.com\">donateur@lourdes-france.com<\/a>.<br \/>Voor vragen: <a href=\"mailto:donateur@lourdes-france.com\">donateur@lourdes-france.com<\/a> of +33 5 62 42 82 82.<\/p>\t\t\t\t\t\t\t\t<\/div>\n\t\t\t\t<\/div>\n\t\t\t\t<div class=\"elementor-element elementor-element-c7d1c44 elementor-view-default elementor-widget elementor-widget-icon\" data-id=\"c7d1c44\" data-element_type=\"widget\" data-widget_type=\"icon.default\">\n\t\t\t\t<div class=\"elementor-widget-container\">\n\t\t\t\t\t\t\t<div class=\"elementor-icon-wrapper\">\n\t\t\t<div class=\"elementor-icon\">\n\t\t\t<i aria-hidden=\"true\" class=\"fas fa-church\"><\/i>\t\t\t<\/div>\n\t\t<\/div>\n\t\t\t\t\t\t<\/div>\n\t\t\t\t<\/div>\n\t\t\t\t\t<\/div>\n\t\t<\/div>\n\t\t\t\t\t<\/div>\n\t\t<\/section>\n\t\t\t\t<\/div>\n\t\t","protected":false},"excerpt":{"rendered":"<p>VERENIGING VOLGENS DE FRANSE WET VAN 1901 VAN \u2018ALGEMEEN BELANG\u2019 \u00ab LOURDES ENVIRONNEMENT \u00bb _________________ Uittreksel uit de statuten: De vereniging heeft tot doel alle activiteiten van algemeen belang te ontwikkelen die gericht zijn op het bestuderen, bevorderen en behouden &hellip; <a href=\"https:\/\/www.lourdes-france.org\/nl\/organisation-du-sanctuaire\/association-lourdes-environnement\/\">Vervolgd<\/a><\/p>\n","protected":false},"author":7,"featured_media":1054398,"parent":886009,"menu_order":0,"comment_status":"closed","ping_status":"closed","template":"","meta":{"_acf_changed":false,"footnotes":""},"class_list":["post-1058139","page","type-page","status-publish","has-post-thumbnail","hentry"],"acf":[],"yoast_head":"<!-- This site is optimized with the Yoast SEO plugin v24.7 - https:\/\/yoast.com\/wordpress\/plugins\/seo\/ -->\n<title>Association Lourdes environnement<\/title>\n<meta name=\"description\" content=\"L\u2019association &quot;Lourdes environnement&quot; a pour but de d\u00e9velopper toutes activit\u00e9s visant \u00e0 \u00e9tudier, valoriser et pr\u00e9server la biodiversit\u00e9 du Sanctuaire.\" \/>\n<meta name=\"robots\" content=\"index, follow, max-snippet:-1, max-image-preview:large, max-video-preview:-1\" \/>\n<link rel=\"canonical\" href=\"https:\/\/www.lourdes-france.org\/nl\/organisation-du-sanctuaire\/association-lourdes-environnement\/\" \/>\n<meta name=\"twitter:label1\" content=\"Geschatte leestijd\" \/>\n\t<meta name=\"twitter:data1\" content=\"2 minuten\" \/>\n<script type=\"application\/ld+json\" class=\"yoast-schema-graph\">{\"@context\":\"https:\/\/schema.org\",\"@graph\":[{\"@type\":\"WebPage\",\"@id\":\"https:\/\/www.lourdes-france.org\/nl\/organisation-du-sanctuaire\/association-lourdes-environnement\/\",\"url\":\"https:\/\/www.lourdes-france.org\/nl\/organisation-du-sanctuaire\/association-lourdes-environnement\/\",\"name\":\"Association Lourdes environnement\",\"isPartOf\":{\"@id\":\"https:\/\/preprod-lourdes.cawita.com\/#website\"},\"primaryImageOfPage\":{\"@id\":\"https:\/\/www.lourdes-france.org\/nl\/organisation-du-sanctuaire\/association-lourdes-environnement\/#primaryimage\"},\"image\":{\"@id\":\"https:\/\/www.lourdes-france.org\/nl\/organisation-du-sanctuaire\/association-lourdes-environnement\/#primaryimage\"},\"thumbnailUrl\":\"https:\/\/www.lourdes-france.org\/wp-content\/uploads\/2025\/08\/lourdes-environnement.jpg\",\"datePublished\":\"2025-07-15T14:26:01+00:00\",\"dateModified\":\"2025-11-25T12:02:16+00:00\",\"description\":\"L\u2019association \\\"Lourdes environnement\\\" a pour but de d\u00e9velopper toutes activit\u00e9s visant \u00e0 \u00e9tudier, valoriser et pr\u00e9server la biodiversit\u00e9 du Sanctuaire.\",\"breadcrumb\":{\"@id\":\"https:\/\/www.lourdes-france.org\/nl\/organisation-du-sanctuaire\/association-lourdes-environnement\/#breadcrumb\"},\"inLanguage\":\"nl-NL\",\"potentialAction\":[{\"@type\":\"ReadAction\",\"target\":[\"https:\/\/www.lourdes-france.org\/nl\/organisation-du-sanctuaire\/association-lourdes-environnement\/\"]}]},{\"@type\":\"ImageObject\",\"inLanguage\":\"nl-NL\",\"@id\":\"https:\/\/www.lourdes-france.org\/nl\/organisation-du-sanctuaire\/association-lourdes-environnement\/#primaryimage\",\"url\":\"https:\/\/www.lourdes-france.org\/wp-content\/uploads\/2025\/08\/lourdes-environnement.jpg\",\"contentUrl\":\"https:\/\/www.lourdes-france.org\/wp-content\/uploads\/2025\/08\/lourdes-environnement.jpg\",\"width\":1080,\"height\":1350,\"caption\":\"Association Lourdes environnement\"},{\"@type\":\"BreadcrumbList\",\"@id\":\"https:\/\/www.lourdes-france.org\/nl\/organisation-du-sanctuaire\/association-lourdes-environnement\/#breadcrumb\",\"itemListElement\":[{\"@type\":\"ListItem\",\"position\":1,\"name\":\"Accueil\",\"item\":\"https:\/\/www.lourdes-france.org\/\"},{\"@type\":\"ListItem\",\"position\":2,\"name\":\"Organisatie van het Sanctuaire\",\"item\":\"https:\/\/www.lourdes-france.org\/organisation-sanctuaire-lourdes\/\"},{\"@type\":\"ListItem\",\"position\":3,\"name\":\"Lourdes Environnement\"}]},{\"@type\":\"WebSite\",\"@id\":\"https:\/\/preprod-lourdes.cawita.com\/#website\",\"url\":\"https:\/\/preprod-lourdes.cawita.com\/\",\"name\":\"Soutenir le Sanctuaire Notre-Dame de Lourdes\",\"description\":\"\",\"potentialAction\":[{\"@type\":\"SearchAction\",\"target\":{\"@type\":\"EntryPoint\",\"urlTemplate\":\"https:\/\/preprod-lourdes.cawita.com\/?s={search_term_string}\"},\"query-input\":{\"@type\":\"PropertyValueSpecification\",\"valueRequired\":true,\"valueName\":\"search_term_string\"}}],\"inLanguage\":\"nl-NL\"}]}<\/script>\n<!-- \/ Yoast SEO plugin. -->","yoast_head_json":{"title":"Association Lourdes environnement","description":"L\u2019association \"Lourdes environnement\" a pour but de d\u00e9velopper toutes activit\u00e9s visant \u00e0 \u00e9tudier, valoriser et pr\u00e9server la biodiversit\u00e9 du Sanctuaire.","robots":{"index":"index","follow":"follow","max-snippet":"max-snippet:-1","max-image-preview":"max-image-preview:large","max-video-preview":"max-video-preview:-1"},"canonical":"https:\/\/www.lourdes-france.org\/nl\/organisation-du-sanctuaire\/association-lourdes-environnement\/","twitter_misc":{"Geschatte leestijd":"2 minuten"},"schema":{"@context":"https:\/\/schema.org","@graph":[{"@type":"WebPage","@id":"https:\/\/www.lourdes-france.org\/nl\/organisation-du-sanctuaire\/association-lourdes-environnement\/","url":"https:\/\/www.lourdes-france.org\/nl\/organisation-du-sanctuaire\/association-lourdes-environnement\/","name":"Association Lourdes environnement","isPartOf":{"@id":"https:\/\/preprod-lourdes.cawita.com\/#website"},"primaryImageOfPage":{"@id":"https:\/\/www.lourdes-france.org\/nl\/organisation-du-sanctuaire\/association-lourdes-environnement\/#primaryimage"},"image":{"@id":"https:\/\/www.lourdes-france.org\/nl\/organisation-du-sanctuaire\/association-lourdes-environnement\/#primaryimage"},"thumbnailUrl":"https:\/\/www.lourdes-france.org\/wp-content\/uploads\/2025\/08\/lourdes-environnement.jpg","datePublished":"2025-07-15T14:26:01+00:00","dateModified":"2025-11-25T12:02:16+00:00","description":"L\u2019association \"Lourdes environnement\" a pour but de d\u00e9velopper toutes activit\u00e9s visant \u00e0 \u00e9tudier, valoriser et pr\u00e9server la biodiversit\u00e9 du Sanctuaire.","breadcrumb":{"@id":"https:\/\/www.lourdes-france.org\/nl\/organisation-du-sanctuaire\/association-lourdes-environnement\/#breadcrumb"},"inLanguage":"nl-NL","potentialAction":[{"@type":"ReadAction","target":["https:\/\/www.lourdes-france.org\/nl\/organisation-du-sanctuaire\/association-lourdes-environnement\/"]}]},{"@type":"ImageObject","inLanguage":"nl-NL","@id":"https:\/\/www.lourdes-france.org\/nl\/organisation-du-sanctuaire\/association-lourdes-environnement\/#primaryimage","url":"https:\/\/www.lourdes-france.org\/wp-content\/uploads\/2025\/08\/lourdes-environnement.jpg","contentUrl":"https:\/\/www.lourdes-france.org\/wp-content\/uploads\/2025\/08\/lourdes-environnement.jpg","width":1080,"height":1350,"caption":"Association Lourdes environnement"},{"@type":"BreadcrumbList","@id":"https:\/\/www.lourdes-france.org\/nl\/organisation-du-sanctuaire\/association-lourdes-environnement\/#breadcrumb","itemListElement":[{"@type":"ListItem","position":1,"name":"Accueil","item":"https:\/\/www.lourdes-france.org\/"},{"@type":"ListItem","position":2,"name":"Organisatie van het Sanctuaire","item":"https:\/\/www.lourdes-france.org\/organisation-sanctuaire-lourdes\/"},{"@type":"ListItem","position":3,"name":"Lourdes Environnement"}]},{"@type":"WebSite","@id":"https:\/\/preprod-lourdes.cawita.com\/#website","url":"https:\/\/preprod-lourdes.cawita.com\/","name":"Soutenir le Sanctuaire Notre-Dame de Lourdes","description":"","potentialAction":[{"@type":"SearchAction","target":{"@type":"EntryPoint","urlTemplate":"https:\/\/preprod-lourdes.cawita.com\/?s={search_term_string}"},"query-input":{"@type":"PropertyValueSpecification","valueRequired":true,"valueName":"search_term_string"}}],"inLanguage":"nl-NL"}]}},"_links":{"self":[{"href":"https:\/\/www.lourdes-france.org\/nl\/wp-json\/wp\/v2\/pages\/1058139","targetHints":{"allow":["GET"]}}],"collection":[{"href":"https:\/\/www.lourdes-france.org\/nl\/wp-json\/wp\/v2\/pages"}],"about":[{"href":"https:\/\/www.lourdes-france.org\/nl\/wp-json\/wp\/v2\/types\/page"}],"author":[{"embeddable":true,"href":"https:\/\/www.lourdes-france.org\/nl\/wp-json\/wp\/v2\/users\/7"}],"replies":[{"embeddable":true,"href":"https:\/\/www.lourdes-france.org\/nl\/wp-json\/wp\/v2\/comments?post=1058139"}],"version-history":[{"count":3,"href":"https:\/\/www.lourdes-france.org\/nl\/wp-json\/wp\/v2\/pages\/1058139\/revisions"}],"predecessor-version":[{"id":1087962,"href":"https:\/\/www.lourdes-france.org\/nl\/wp-json\/wp\/v2\/pages\/1058139\/revisions\/1087962"}],"up":[{"embeddable":true,"href":"https:\/\/www.lourdes-france.org\/nl\/wp-json\/wp\/v2\/pages\/886009"}],"wp:featuredmedia":[{"embeddable":true,"href":"https:\/\/www.lourdes-france.org\/nl\/wp-json\/wp\/v2\/media\/1054398"}],"wp:attachment":[{"href":"https:\/\/www.lourdes-france.org\/nl\/wp-json\/wp\/v2\/media?parent=1058139"}],"curies":[{"name":"wp","href":"https:\/\/api.w.org\/{rel}","templated":true}]}}