{"id":1058521,"date":"2025-08-20T09:26:49","date_gmt":"2025-08-20T07:26:49","guid":{"rendered":"https:\/\/www.lourdes-france.org\/pelerinages-organises-de-lourdes\/"},"modified":"2025-08-25T15:47:11","modified_gmt":"2025-08-25T13:47:11","slug":"pelerinages-organises-de-lourdes","status":"publish","type":"page","link":"https:\/\/www.lourdes-france.org\/nl\/pelerinages-organises-de-lourdes\/","title":{"rendered":"Les p\u00e8lerinages organis\u00e9s de Lourdes"},"content":{"rendered":"\t\t<div data-elementor-type=\"wp-page\" data-elementor-id=\"1058521\" class=\"elementor elementor-1058521 elementor-1057719\" data-elementor-post-type=\"page\">\n\t\t\t\t\t\t<section class=\"elementor-section elementor-top-section elementor-element elementor-element-8606a60 elementor-section-full_width elementor-section-stretched elementor-section-height-default elementor-section-height-default\" data-id=\"8606a60\" data-element_type=\"section\" data-settings=\"{&quot;stretch_section&quot;:&quot;section-stretched&quot;,&quot;background_background&quot;:&quot;classic&quot;}\">\n\t\t\t\t\t\t<div class=\"elementor-container elementor-column-gap-default\">\n\t\t\t\t\t<div class=\"elementor-column elementor-col-100 elementor-top-column elementor-element elementor-element-6d1362f\" data-id=\"6d1362f\" data-element_type=\"column\">\n\t\t\t<div class=\"elementor-widget-wrap elementor-element-populated\">\n\t\t\t\t\t\t<div class=\"elementor-element elementor-element-ddc845f elementor-widget elementor-widget-spacer\" data-id=\"ddc845f\" data-element_type=\"widget\" data-widget_type=\"spacer.default\">\n\t\t\t\t<div class=\"elementor-widget-container\">\n\t\t\t\t\t\t\t<div class=\"elementor-spacer\">\n\t\t\t<div class=\"elementor-spacer-inner\"><\/div>\n\t\t<\/div>\n\t\t\t\t\t\t<\/div>\n\t\t\t\t<\/div>\n\t\t\t\t\t<\/div>\n\t\t<\/div>\n\t\t\t\t\t<\/div>\n\t\t<\/section>\n\t\t\t\t<section class=\"elementor-section elementor-top-section elementor-element elementor-element-e1f674f elementor-section-full_width elementor-section-height-default elementor-section-height-default\" data-id=\"e1f674f\" data-element_type=\"section\" data-settings=\"{&quot;background_background&quot;:&quot;classic&quot;}\">\n\t\t\t\t\t\t<div class=\"elementor-container elementor-column-gap-default\">\n\t\t\t\t\t<div class=\"elementor-column elementor-col-100 elementor-top-column elementor-element elementor-element-95f9054\" data-id=\"95f9054\" data-element_type=\"column\">\n\t\t\t<div class=\"elementor-widget-wrap elementor-element-populated\">\n\t\t\t\t\t\t<div class=\"elementor-element elementor-element-26e2f7e elementor-widget elementor-widget-spacer\" data-id=\"26e2f7e\" data-element_type=\"widget\" data-widget_type=\"spacer.default\">\n\t\t\t\t<div class=\"elementor-widget-container\">\n\t\t\t\t\t\t\t<div class=\"elementor-spacer\">\n\t\t\t<div class=\"elementor-spacer-inner\"><\/div>\n\t\t<\/div>\n\t\t\t\t\t\t<\/div>\n\t\t\t\t<\/div>\n\t\t\t\t<div class=\"elementor-element elementor-element-ead11da elementor-widget elementor-widget-heading\" data-id=\"ead11da\" data-element_type=\"widget\" data-widget_type=\"heading.default\">\n\t\t\t\t<div class=\"elementor-widget-container\">\n\t\t\t\t\t<h2 class=\"elementor-heading-title elementor-size-default\">De georganiseerde bedevaarten naar Lourdes\n<\/h2>\t\t\t\t<\/div>\n\t\t\t\t<\/div>\n\t\t\t\t<div class=\"elementor-element elementor-element-ddccbfc elementor-widget elementor-widget-heading\" data-id=\"ddccbfc\" data-element_type=\"widget\" data-widget_type=\"heading.default\">\n\t\t\t\t<div class=\"elementor-widget-container\">\n\t\t\t\t\t<h2 class=\"elementor-heading-title elementor-size-default\">_________________<\/h2>\t\t\t\t<\/div>\n\t\t\t\t<\/div>\n\t\t\t\t<div class=\"elementor-element elementor-element-2b79b05 elementor-widget elementor-widget-text-editor\" data-id=\"2b79b05\" data-element_type=\"widget\" data-widget_type=\"text-editor.default\">\n\t\t\t\t<div class=\"elementor-widget-container\">\n\t\t\t\t\t\t\t\t\t<p style=\"text-align: center;\"><b>Ten individuele titel is de <a href=\"https:\/\/www.lourdes-france.org\/les-pelerinages\/\">bedevaart<\/a> een onderneming die iedereen kan realiseren om zich ervan bewust te worden hetgeen de Kerk onderricht: het leven op aarde is een pelgrimstocht die ons voert naar God.<br \/><\/b><b>Een bedevaart die men onderneemt met een groep gelovigen of een religieuze gemeenschap is een collectieve daad die getuigt van het geloof dat hen bezielt.<\/b><\/p>\t\t\t\t\t\t\t\t<\/div>\n\t\t\t\t<\/div>\n\t\t\t\t<div class=\"elementor-element elementor-element-003ae93 elementor-widget elementor-widget-text-editor\" data-id=\"003ae93\" data-element_type=\"widget\" data-widget_type=\"text-editor.default\">\n\t\t\t\t<div class=\"elementor-widget-container\">\n\t\t\t\t\t\t\t\t\t<h2><b>Geschiedenis van de bedevaarten naar Lourdes<\/b><\/h2><p>Sedert 11 februari 1858, de dag van de eerste verschijning, is de toestroom naar de Grot onophoudelijk toegenomen.<\/p><p><em>\u2018Ga zeggen aan de priesters dat men hier een kapel bouwt en dat men hier in processie naar toe komt\u2019.<\/em><\/p><p>De eerste offici\u00eble <a href=\"https:\/\/www.lourdes-france.com\/quest-ce-quun-pelerinage\/\">bedevaarten<\/a> zijn tot stand gekomen vanaf de erkenning an de <a href=\"https:\/\/www.lourdes-france.com\/les-apparitions-de-lourdes\/\">verschijningen<\/a> in 1862. Toen kwamen ze voornamelijk vanuit de Pyrenee\u00ebn en werden ingericht op initiatief van de parochies. De eerste was de bedevaart van Loubajac die zich naar de Grot begaf op 25 juli 1864. Het jaar 1866 markeert een belangrijke etappe, met de komst van de Missionarissen van de Onbevlekte Ontvangenis die de bedevaarten concreet mee organiseerden. In datzelfde jaar werd de crypte ingezegend en werd een aanvang genomen met de eredienst aan de <a href=\"https:\/\/www.lourdes-france.com\/pelerin-dun-jour\/la-grotte\/\">Grot<\/a> van Massabielle. Uiteindelijk zag het treinstation van Lourdes de eerste treinen aankomst met talloze bedevaarders.<\/p>\t\t\t\t\t\t\t\t<\/div>\n\t\t\t\t<\/div>\n\t\t\t\t<div class=\"elementor-element elementor-element-e4726a6 elementor-widget elementor-widget-image\" data-id=\"e4726a6\" data-element_type=\"widget\" data-widget_type=\"image.default\">\n\t\t\t\t<div class=\"elementor-widget-container\">\n\t\t\t\t\t\t\t\t\t\t\t\t\t\t\t<img fetchpriority=\"high\" decoding=\"async\" width=\"768\" height=\"512\" src=\"https:\/\/www.lourdes-france.org\/wp-content\/uploads\/2025\/08\/2024-messe-Lyon-Grotte-23-768x512.jpg\" class=\"attachment-medium_large size-medium_large wp-image-1057795\" alt=\"P\u00e8lerinage de Lyon en route pour la Grotte de Lourdes\" srcset=\"https:\/\/www.lourdes-france.org\/wp-content\/uploads\/2025\/08\/2024-messe-Lyon-Grotte-23-768x512.jpg 768w, https:\/\/www.lourdes-france.org\/wp-content\/uploads\/2025\/08\/2024-messe-Lyon-Grotte-23-300x200.jpg 300w, https:\/\/www.lourdes-france.org\/wp-content\/uploads\/2025\/08\/2024-messe-Lyon-Grotte-23-1024x683.jpg 1024w, https:\/\/www.lourdes-france.org\/wp-content\/uploads\/2025\/08\/2024-messe-Lyon-Grotte-23-1536x1024.jpg 1536w, https:\/\/www.lourdes-france.org\/wp-content\/uploads\/2025\/08\/2024-messe-Lyon-Grotte-23-2048x1365.jpg 2048w\" sizes=\"(max-width: 768px) 100vw, 768px\" \/>\t\t\t\t\t\t\t\t\t\t\t\t\t\t\t<\/div>\n\t\t\t\t<\/div>\n\t\t\t\t<div class=\"elementor-element elementor-element-00e495c elementor-widget elementor-widget-text-editor\" data-id=\"00e495c\" data-element_type=\"widget\" data-widget_type=\"text-editor.default\">\n\t\t\t\t<div class=\"elementor-widget-container\">\n\t\t\t\t\t\t\t\t\t<h2><b>Voortgaande organisati van bedevaarten naar Lourdes<\/b><\/h2><p>In het enthousiasme van het succes van de eerste bedevaart van de Vereniging Notre-Dame du Salut in La Salette werd in 1872 een algemene raad voor de bedevaarten gecre\u00eberd.<br \/>Al heel vroeg werden zieken <a href=\"https:\/\/www.lourdes-france.org\/?page_id=1033085&amp;preview=true\">opgenomen in de bedevaarten<\/a>.<br \/><br \/>Om hen een aangepaste logeergelegenheid aan te biden begonnen de Dochters van Onze-Lieve-Vrouw van Smarten vin 1874 met de bouw en van een ziekenonthaalcentrum \u2018Onze-Lieve-Vrouw van Smarten\u2019. In 1855 werd de Hospitaliteit Onze-Lieve-Vrouw van Lourdes opgericht om zich de zorg voor de zieken aan te trekken bij hun aankomst in Lourdes.<br \/><br \/>Om onthaal te bieden aan de bedevaarders werden de eerste aanpassingswerken ingericht: het verleggen van de stroom van de Gave om de ruimte v\u00f3\u00f3r de Grot te vergroten en de bouw van de eerste overdekte ruimten.<br \/><br \/>In 1883 werd het <a href=\"https:\/\/www.lourdes-france.com\/le-bureau-des-constatations\/\">Bureau van de Medische<\/a> vaststellen opgericht. Het werd toevertrouwd aan dokter Saint-Maclou die zich wijdt aan de observatie van de genezingen.<br \/><br \/>Men moest wachten tot 1938 totdat \u2013 vanuit een decreet van de Heilige Stoel dat aanmoedigde om op bedevaart te gaan naar Lourdes \u2013 de Vereniging van de directeurs van de diocesane bedevaarten de verschillende bedevaartondernemingen zou gaan co\u00f6rdineren. In 1949 werd de Nationale Vereniging van de directeurs van de diocesane bedevaarten (ANDDP) een nationale vereniging en ging de bedevaarten materieel en geestelijk organiseren.<\/p>\t\t\t\t\t\t\t\t<\/div>\n\t\t\t\t<\/div>\n\t\t\t\t<div class=\"elementor-element elementor-element-005ae71 elementor-widget elementor-widget-text-editor\" data-id=\"005ae71\" data-element_type=\"widget\" data-widget_type=\"text-editor.default\">\n\t\t\t\t<div class=\"elementor-widget-container\">\n\t\t\t\t\t\t\t\t\t<h2><b>In Lourdes bestaan er verschillende soorten bedevaarten:<\/b><\/h2><p>\u2022 de diocesane bedevaarten: zoals die van Lille, Middlesbrough (en van de acht Belgische bisdommen en van het Nederlandse aartsbisdom Utrecht) die georganiseerd worden rond hun bisschop en met hun eigen hospitaliteit<br \/>\u2022 de bedevaarten die \u2018in keten\u2019 komen: zoals die van Unitalsi (Itali\u00eb)<br \/>\u2022 de \u2018thema\u2019-bedevaarten: zoals die van de \u2018Gardians\u2019 (Frankrijk), van de motorrijders, van de landbouwers\u2026<br \/>\u2022 de nationale bedevaarten: zoals die van de Assumptionisten (Franse nationale bedevaart), van de Dominicanen (Franse Rozenkransbedevaart), en vanuit Nederland die van het Huis voor de Pelgrim of van Christoffel Reizen\u2026<br \/>\u2022 de internationale bedevaarten: PMI (Internationale Militaire Bedevaart), de bedevaart van de Orde van Malta\u2026<br \/>\u2022 de \u2018\u00e9\u00e9nmalige\u2019 samenkomsten<\/p>\t\t\t\t\t\t\t\t<\/div>\n\t\t\t\t<\/div>\n\t\t\t\t<div class=\"elementor-element elementor-element-4c13698 elementor--h-position-center elementor--v-position-middle elementor-arrows-position-inside elementor-pagination-position-inside elementor-widget elementor-widget-slides\" data-id=\"4c13698\" data-element_type=\"widget\" data-settings=\"{&quot;navigation&quot;:&quot;both&quot;,&quot;autoplay&quot;:&quot;yes&quot;,&quot;pause_on_hover&quot;:&quot;yes&quot;,&quot;pause_on_interaction&quot;:&quot;yes&quot;,&quot;autoplay_speed&quot;:5000,&quot;infinite&quot;:&quot;yes&quot;,&quot;transition&quot;:&quot;slide&quot;,&quot;transition_speed&quot;:500}\" data-widget_type=\"slides.default\">\n\t\t\t\t<div class=\"elementor-widget-container\">\n\t\t\t\t\t\t\t\t\t<div class=\"elementor-swiper\">\n\t\t\t\t\t<div class=\"elementor-slides-wrapper elementor-main-swiper swiper\" role=\"region\" aria-roledescription=\"carousel\" aria-label=\"Diapositives\" dir=\"ltr\" data-animation=\"fadeInUp\">\n\t\t\t\t<div class=\"swiper-wrapper elementor-slides\">\n\t\t\t\t\t\t\t\t\t\t<div class=\"elementor-repeater-item-a145700 swiper-slide\" role=\"group\" aria-roledescription=\"slide\"><div class=\"swiper-slide-bg\" role=\"img\" aria-label=\"Messe \u00e0 l&#039;Hemicycle pour le p\u00e8lerinage des motards\"><\/div><div class=\"swiper-slide-inner\" ><div class=\"swiper-slide-contents\"><\/div><\/div><\/div><div class=\"elementor-repeater-item-9892028 swiper-slide\" role=\"group\" aria-roledescription=\"slide\"><div class=\"swiper-slide-bg\" role=\"img\" aria-label=\"Messe pur le p\u00e8lerinage de Lyon\"><\/div><div class=\"swiper-slide-inner\" ><div class=\"swiper-slide-contents\"><\/div><\/div><\/div><div class=\"elementor-repeater-item-e735a50 swiper-slide\" role=\"group\" aria-roledescription=\"slide\"><div class=\"swiper-slide-bg\" role=\"img\" aria-label=\"Messe d&#039;onction lors du p\u00e8lerinage du Rosaire\"><\/div><div class=\"swiper-slide-inner\" ><div class=\"swiper-slide-contents\"><\/div><\/div><\/div><div class=\"elementor-repeater-item-3327adc swiper-slide\" role=\"group\" aria-roledescription=\"slide\"><div class=\"swiper-slide-bg\" role=\"img\" aria-label=\"Messe \u00e0 la Grotte pour le p\u00e8lerinage Voir ensemble\"><\/div><div class=\"swiper-slide-inner\" ><div class=\"swiper-slide-contents\"><\/div><\/div><\/div><div class=\"elementor-repeater-item-2af1347 swiper-slide\" role=\"group\" aria-roledescription=\"slide\"><div class=\"swiper-slide-bg\" role=\"img\" aria-label=\"Messe \u00e0 la Basilique souterraine Pie X du p\u00e8lerinage HCPT\"><\/div><div class=\"swiper-slide-inner\" ><div class=\"swiper-slide-contents\"><\/div><\/div><\/div><div class=\"elementor-repeater-item-a2cea01 swiper-slide\" role=\"group\" aria-roledescription=\"slide\"><div class=\"swiper-slide-bg\" role=\"img\" aria-label=\"Messe d&#039;engagement au p\u00e8lerinage du rosaire\"><\/div><div class=\"swiper-slide-inner\" ><div class=\"swiper-slide-contents\"><\/div><\/div><\/div><div class=\"elementor-repeater-item-0e33a3d swiper-slide\" role=\"group\" aria-roledescription=\"slide\"><div class=\"swiper-slide-bg\" role=\"img\" aria-label=\"P\u00e8lerinage militaire international\"><\/div><div class=\"swiper-slide-inner\" ><div class=\"swiper-slide-contents\"><\/div><\/div><\/div>\t\t\t\t<\/div>\n\t\t\t\t\t\t\t\t\t\t\t\t\t\t\t<div class=\"elementor-swiper-button elementor-swiper-button-prev\" role=\"button\" tabindex=\"0\" aria-label=\"Vorige slide\">\n\t\t\t\t\t\t\t<i aria-hidden=\"true\" class=\"eicon-chevron-left\"><\/i>\t\t\t\t\t\t<\/div>\n\t\t\t\t\t\t<div class=\"elementor-swiper-button elementor-swiper-button-next\" role=\"button\" tabindex=\"0\" aria-label=\"Volgende slide\">\n\t\t\t\t\t\t\t<i aria-hidden=\"true\" class=\"eicon-chevron-right\"><\/i>\t\t\t\t\t\t<\/div>\n\t\t\t\t\t\t\t\t\t\t\t\t\t\t\t\t<div class=\"swiper-pagination\"><\/div>\n\t\t\t\t\t\t\t\t\t\t\t\t<\/div>\n\t\t\t\t<\/div>\n\t\t\t\t\t\t\t\t<\/div>\n\t\t\t\t<\/div>\n\t\t\t\t<div class=\"elementor-element elementor-element-ba0cea8 elementor-view-default elementor-widget elementor-widget-icon\" data-id=\"ba0cea8\" data-element_type=\"widget\" data-widget_type=\"icon.default\">\n\t\t\t\t<div class=\"elementor-widget-container\">\n\t\t\t\t\t\t\t<div class=\"elementor-icon-wrapper\">\n\t\t\t<div class=\"elementor-icon\">\n\t\t\t<i aria-hidden=\"true\" class=\"fas fa-church\"><\/i>\t\t\t<\/div>\n\t\t<\/div>\n\t\t\t\t\t\t<\/div>\n\t\t\t\t<\/div>\n\t\t\t\t\t<\/div>\n\t\t<\/div>\n\t\t\t\t\t<\/div>\n\t\t<\/section>\n\t\t\t\t<\/div>\n\t\t","protected":false},"excerpt":{"rendered":"<p>De georganiseerde bedevaarten naar Lourdes _________________ Ten individuele titel is de bedevaart een onderneming die iedereen kan realiseren om zich ervan bewust te worden hetgeen de Kerk onderricht: het leven op aarde is een pelgrimstocht die ons voert naar God.Een &hellip; <a href=\"https:\/\/www.lourdes-france.org\/nl\/pelerinages-organises-de-lourdes\/\">Vervolgd<\/a><\/p>\n","protected":false},"author":7,"featured_media":1052448,"parent":0,"menu_order":0,"comment_status":"closed","ping_status":"closed","template":"","meta":{"_acf_changed":false,"footnotes":""},"class_list":["post-1058521","page","type-page","status-publish","has-post-thumbnail","hentry"],"acf":[],"yoast_head":"<!-- This site is optimized with the Yoast SEO plugin v24.7 - https:\/\/yoast.com\/wordpress\/plugins\/seo\/ -->\n<title>Les p\u00e8lerinages organis\u00e9s de Lourdes<\/title>\n<meta name=\"description\" content=\"Un p\u00e8lerinage entrepris par un groupe de fid\u00e8les ou une communaut\u00e9 religieuse est un acte collectif qui t\u00e9moigne de la Foi qui l\u2019anime.\" \/>\n<meta name=\"robots\" content=\"index, follow, max-snippet:-1, max-image-preview:large, max-video-preview:-1\" \/>\n<link rel=\"canonical\" href=\"https:\/\/www.lourdes-france.org\/nl\/pelerinages-organises-de-lourdes\/\" \/>\n<meta name=\"twitter:label1\" content=\"Geschatte leestijd\" \/>\n\t<meta name=\"twitter:data1\" content=\"3 minuten\" \/>\n<script type=\"application\/ld+json\" class=\"yoast-schema-graph\">{\"@context\":\"https:\/\/schema.org\",\"@graph\":[{\"@type\":\"WebPage\",\"@id\":\"https:\/\/www.lourdes-france.org\/nl\/pelerinages-organises-de-lourdes\/\",\"url\":\"https:\/\/www.lourdes-france.org\/nl\/pelerinages-organises-de-lourdes\/\",\"name\":\"Les p\u00e8lerinages organis\u00e9s de Lourdes\",\"isPartOf\":{\"@id\":\"https:\/\/preprod-lourdes.cawita.com\/#website\"},\"primaryImageOfPage\":{\"@id\":\"https:\/\/www.lourdes-france.org\/nl\/pelerinages-organises-de-lourdes\/#primaryimage\"},\"image\":{\"@id\":\"https:\/\/www.lourdes-france.org\/nl\/pelerinages-organises-de-lourdes\/#primaryimage\"},\"thumbnailUrl\":\"https:\/\/www.lourdes-france.org\/wp-content\/uploads\/2025\/08\/53247757921_4292f8f471_o.jpg\",\"datePublished\":\"2025-08-20T07:26:49+00:00\",\"dateModified\":\"2025-08-25T13:47:11+00:00\",\"description\":\"Un p\u00e8lerinage entrepris par un groupe de fid\u00e8les ou une communaut\u00e9 religieuse est un acte collectif qui t\u00e9moigne de la Foi qui l\u2019anime.\",\"breadcrumb\":{\"@id\":\"https:\/\/www.lourdes-france.org\/nl\/pelerinages-organises-de-lourdes\/#breadcrumb\"},\"inLanguage\":\"nl-NL\",\"potentialAction\":[{\"@type\":\"ReadAction\",\"target\":[\"https:\/\/www.lourdes-france.org\/nl\/pelerinages-organises-de-lourdes\/\"]}]},{\"@type\":\"ImageObject\",\"inLanguage\":\"nl-NL\",\"@id\":\"https:\/\/www.lourdes-france.org\/nl\/pelerinages-organises-de-lourdes\/#primaryimage\",\"url\":\"https:\/\/www.lourdes-france.org\/wp-content\/uploads\/2025\/08\/53247757921_4292f8f471_o.jpg\",\"contentUrl\":\"https:\/\/www.lourdes-france.org\/wp-content\/uploads\/2025\/08\/53247757921_4292f8f471_o.jpg\",\"width\":1920,\"height\":1080,\"caption\":\"Les p\u00e8lerinages organis\u00e9s de Lourdes\"},{\"@type\":\"BreadcrumbList\",\"@id\":\"https:\/\/www.lourdes-france.org\/nl\/pelerinages-organises-de-lourdes\/#breadcrumb\",\"itemListElement\":[{\"@type\":\"ListItem\",\"position\":1,\"name\":\"Accueil\",\"item\":\"https:\/\/www.lourdes-france.org\/\"},{\"@type\":\"ListItem\",\"position\":2,\"name\":\"Les p\u00e8lerinages organis\u00e9s de Lourdes\"}]},{\"@type\":\"WebSite\",\"@id\":\"https:\/\/preprod-lourdes.cawita.com\/#website\",\"url\":\"https:\/\/preprod-lourdes.cawita.com\/\",\"name\":\"Soutenir le Sanctuaire Notre-Dame de Lourdes\",\"description\":\"\",\"potentialAction\":[{\"@type\":\"SearchAction\",\"target\":{\"@type\":\"EntryPoint\",\"urlTemplate\":\"https:\/\/preprod-lourdes.cawita.com\/?s={search_term_string}\"},\"query-input\":{\"@type\":\"PropertyValueSpecification\",\"valueRequired\":true,\"valueName\":\"search_term_string\"}}],\"inLanguage\":\"nl-NL\"}]}<\/script>\n<!-- \/ Yoast SEO plugin. -->","yoast_head_json":{"title":"Les p\u00e8lerinages organis\u00e9s de Lourdes","description":"Un p\u00e8lerinage entrepris par un groupe de fid\u00e8les ou une communaut\u00e9 religieuse est un acte collectif qui t\u00e9moigne de la Foi qui l\u2019anime.","robots":{"index":"index","follow":"follow","max-snippet":"max-snippet:-1","max-image-preview":"max-image-preview:large","max-video-preview":"max-video-preview:-1"},"canonical":"https:\/\/www.lourdes-france.org\/nl\/pelerinages-organises-de-lourdes\/","twitter_misc":{"Geschatte leestijd":"3 minuten"},"schema":{"@context":"https:\/\/schema.org","@graph":[{"@type":"WebPage","@id":"https:\/\/www.lourdes-france.org\/nl\/pelerinages-organises-de-lourdes\/","url":"https:\/\/www.lourdes-france.org\/nl\/pelerinages-organises-de-lourdes\/","name":"Les p\u00e8lerinages organis\u00e9s de Lourdes","isPartOf":{"@id":"https:\/\/preprod-lourdes.cawita.com\/#website"},"primaryImageOfPage":{"@id":"https:\/\/www.lourdes-france.org\/nl\/pelerinages-organises-de-lourdes\/#primaryimage"},"image":{"@id":"https:\/\/www.lourdes-france.org\/nl\/pelerinages-organises-de-lourdes\/#primaryimage"},"thumbnailUrl":"https:\/\/www.lourdes-france.org\/wp-content\/uploads\/2025\/08\/53247757921_4292f8f471_o.jpg","datePublished":"2025-08-20T07:26:49+00:00","dateModified":"2025-08-25T13:47:11+00:00","description":"Un p\u00e8lerinage entrepris par un groupe de fid\u00e8les ou une communaut\u00e9 religieuse est un acte collectif qui t\u00e9moigne de la Foi qui l\u2019anime.","breadcrumb":{"@id":"https:\/\/www.lourdes-france.org\/nl\/pelerinages-organises-de-lourdes\/#breadcrumb"},"inLanguage":"nl-NL","potentialAction":[{"@type":"ReadAction","target":["https:\/\/www.lourdes-france.org\/nl\/pelerinages-organises-de-lourdes\/"]}]},{"@type":"ImageObject","inLanguage":"nl-NL","@id":"https:\/\/www.lourdes-france.org\/nl\/pelerinages-organises-de-lourdes\/#primaryimage","url":"https:\/\/www.lourdes-france.org\/wp-content\/uploads\/2025\/08\/53247757921_4292f8f471_o.jpg","contentUrl":"https:\/\/www.lourdes-france.org\/wp-content\/uploads\/2025\/08\/53247757921_4292f8f471_o.jpg","width":1920,"height":1080,"caption":"Les p\u00e8lerinages organis\u00e9s de Lourdes"},{"@type":"BreadcrumbList","@id":"https:\/\/www.lourdes-france.org\/nl\/pelerinages-organises-de-lourdes\/#breadcrumb","itemListElement":[{"@type":"ListItem","position":1,"name":"Accueil","item":"https:\/\/www.lourdes-france.org\/"},{"@type":"ListItem","position":2,"name":"Les p\u00e8lerinages organis\u00e9s de Lourdes"}]},{"@type":"WebSite","@id":"https:\/\/preprod-lourdes.cawita.com\/#website","url":"https:\/\/preprod-lourdes.cawita.com\/","name":"Soutenir le Sanctuaire Notre-Dame de Lourdes","description":"","potentialAction":[{"@type":"SearchAction","target":{"@type":"EntryPoint","urlTemplate":"https:\/\/preprod-lourdes.cawita.com\/?s={search_term_string}"},"query-input":{"@type":"PropertyValueSpecification","valueRequired":true,"valueName":"search_term_string"}}],"inLanguage":"nl-NL"}]}},"_links":{"self":[{"href":"https:\/\/www.lourdes-france.org\/nl\/wp-json\/wp\/v2\/pages\/1058521","targetHints":{"allow":["GET"]}}],"collection":[{"href":"https:\/\/www.lourdes-france.org\/nl\/wp-json\/wp\/v2\/pages"}],"about":[{"href":"https:\/\/www.lourdes-france.org\/nl\/wp-json\/wp\/v2\/types\/page"}],"author":[{"embeddable":true,"href":"https:\/\/www.lourdes-france.org\/nl\/wp-json\/wp\/v2\/users\/7"}],"replies":[{"embeddable":true,"href":"https:\/\/www.lourdes-france.org\/nl\/wp-json\/wp\/v2\/comments?post=1058521"}],"version-history":[{"count":3,"href":"https:\/\/www.lourdes-france.org\/nl\/wp-json\/wp\/v2\/pages\/1058521\/revisions"}],"predecessor-version":[{"id":1060583,"href":"https:\/\/www.lourdes-france.org\/nl\/wp-json\/wp\/v2\/pages\/1058521\/revisions\/1060583"}],"wp:featuredmedia":[{"embeddable":true,"href":"https:\/\/www.lourdes-france.org\/nl\/wp-json\/wp\/v2\/media\/1052448"}],"wp:attachment":[{"href":"https:\/\/www.lourdes-france.org\/nl\/wp-json\/wp\/v2\/media?parent=1058521"}],"curies":[{"name":"wp","href":"https:\/\/api.w.org\/{rel}","templated":true}]}}