{"id":1083238,"date":"2022-08-31T14:56:58","date_gmt":"2022-08-31T12:56:58","guid":{"rendered":"https:\/\/www.lourdes-france.org\/les-pelerinages\/organiser-un-pelerinage-a-lourdes\/"},"modified":"2026-01-19T15:15:12","modified_gmt":"2026-01-19T14:15:12","slug":"een-bedevaart-organiseren-naar-lourdes","status":"publish","type":"page","link":"https:\/\/www.lourdes-france.org\/nl\/les-pelerinages\/een-bedevaart-organiseren-naar-lourdes\/","title":{"rendered":"Een bedevaart organiseren naar Lourdes"},"content":{"rendered":"\t\t<div data-elementor-type=\"wp-page\" data-elementor-id=\"1083238\" class=\"elementor elementor-1083238 elementor-867539\" data-elementor-post-type=\"page\">\n\t\t\t\t\t\t<section class=\"elementor-section elementor-top-section elementor-element elementor-element-56ae0b9a elementor-section-full_width elementor-section-stretched elementor-section-height-default elementor-section-height-default\" data-id=\"56ae0b9a\" data-element_type=\"section\" data-settings=\"{&quot;stretch_section&quot;:&quot;section-stretched&quot;,&quot;background_background&quot;:&quot;classic&quot;}\">\n\t\t\t\t\t\t<div class=\"elementor-container elementor-column-gap-default\">\n\t\t\t\t\t<div class=\"elementor-column elementor-col-100 elementor-top-column elementor-element elementor-element-e475ca2\" data-id=\"e475ca2\" data-element_type=\"column\">\n\t\t\t<div class=\"elementor-widget-wrap elementor-element-populated\">\n\t\t\t\t\t\t<div class=\"elementor-element elementor-element-4a0127ef elementor-widget elementor-widget-spacer\" data-id=\"4a0127ef\" data-element_type=\"widget\" data-widget_type=\"spacer.default\">\n\t\t\t\t<div class=\"elementor-widget-container\">\n\t\t\t\t\t\t\t<div class=\"elementor-spacer\">\n\t\t\t<div class=\"elementor-spacer-inner\"><\/div>\n\t\t<\/div>\n\t\t\t\t\t\t<\/div>\n\t\t\t\t<\/div>\n\t\t\t\t\t<\/div>\n\t\t<\/div>\n\t\t\t\t\t<\/div>\n\t\t<\/section>\n\t\t\t\t<section class=\"elementor-section elementor-top-section elementor-element elementor-element-4be6d3da elementor-section-full_width elementor-section-height-default elementor-section-height-default\" data-id=\"4be6d3da\" data-element_type=\"section\" data-settings=\"{&quot;background_background&quot;:&quot;classic&quot;}\">\n\t\t\t\t\t\t<div class=\"elementor-container elementor-column-gap-default\">\n\t\t\t\t\t<div class=\"elementor-column elementor-col-100 elementor-top-column elementor-element elementor-element-1d8d76f7\" data-id=\"1d8d76f7\" data-element_type=\"column\">\n\t\t\t<div class=\"elementor-widget-wrap elementor-element-populated\">\n\t\t\t\t\t\t<div class=\"elementor-element elementor-element-4499bbae elementor-widget elementor-widget-spacer\" data-id=\"4499bbae\" data-element_type=\"widget\" data-widget_type=\"spacer.default\">\n\t\t\t\t<div class=\"elementor-widget-container\">\n\t\t\t\t\t\t\t<div class=\"elementor-spacer\">\n\t\t\t<div class=\"elementor-spacer-inner\"><\/div>\n\t\t<\/div>\n\t\t\t\t\t\t<\/div>\n\t\t\t\t<\/div>\n\t\t\t\t<div class=\"elementor-element elementor-element-f1e655b elementor-widget elementor-widget-heading\" data-id=\"f1e655b\" data-element_type=\"widget\" data-widget_type=\"heading.default\">\n\t\t\t\t<div class=\"elementor-widget-container\">\n\t\t\t\t\t<h2 class=\"elementor-heading-title elementor-size-default\">Een bedevaart organiseren naar Lourdes\n<\/h2>\t\t\t\t<\/div>\n\t\t\t\t<\/div>\n\t\t\t\t<div class=\"elementor-element elementor-element-797dc79b elementor-widget elementor-widget-heading\" data-id=\"797dc79b\" data-element_type=\"widget\" data-widget_type=\"heading.default\">\n\t\t\t\t<div class=\"elementor-widget-container\">\n\t\t\t\t\t<h2 class=\"elementor-heading-title elementor-size-default\">_________________<\/h2>\t\t\t\t<\/div>\n\t\t\t\t<\/div>\n\t\t\t\t<div class=\"elementor-element elementor-element-91411a3 elementor-widget elementor-widget-text-editor\" data-id=\"91411a3\" data-element_type=\"widget\" data-widget_type=\"text-editor.default\">\n\t\t\t\t<div class=\"elementor-widget-container\">\n\t\t\t\t\t\t\t\t\t<p style=\"text-align: center;\"><strong>Bent u van plan om naar Lourdes te komen met een groep\u00a0? Om op bedevaart te komen\u00a0? Ter voorbereiding van sacramenten\u00a0? Voor een geestelijke herbronning, drie of vier dagen\u00a0? Met zieken, of bejaarden, of jongeren\u00a0? Bedevaartdirecteurs of voorzitters van hospitaliteiten, groepsverantwoordelijken, catechisten, priesters, aalmoezeniers, reisagentschappen\u2026 allen van harte welkom.<\/strong><\/p>\t\t\t\t\t\t\t\t<\/div>\n\t\t\t\t<\/div>\n\t\t\t\t<div class=\"elementor-element elementor-element-a528cbe elementor-widget elementor-widget-text-editor\" data-id=\"a528cbe\" data-element_type=\"widget\" data-widget_type=\"text-editor.default\">\n\t\t\t\t<div class=\"elementor-widget-container\">\n\t\t\t\t\t\t\t\t\t<p>Het Heiligdom van Lourdes is een druk bezochte <a href=\"https:\/\/www.lourdes-france.org\/les-pelerinages\/\">bedevaartplaats<\/a> die in het bijzonder onthaal biedt aan vele jongeren, vele zieken of mensen met een <a href=\"https:\/\/www.lourdes-france.org\/?page_id=1033085&amp;preview=true\">beperking<\/a>, en <a href=\"https:\/\/www.lourdes-france.com\/lourdes-un-sanctuaire-accessible-a-tous\/\">kwetsbare<\/a> personen. Met aandacht voor hun eigen noden en hun bescherming heeft het <a href=\"https:\/\/www.lourdes-france.com\/\">Heiligdom Onze-Lieve-Vrouw van Lourdes<\/a> een handvest ter <a href=\"https:\/\/www.lourdes-france.org\/personnes-vulnerables\/\">bescherming van minderjarigen<\/a> en kwetsbare personen in voege gesteld, met werkmiddelen ter sensibilisering en informatie voor bedevaartorganisatoren.<\/p>\t\t\t\t\t\t\t\t<\/div>\n\t\t\t\t<\/div>\n\t\t\t\t<div class=\"elementor-element elementor-element-933e5a5 elementor-align-center elementor-widget elementor-widget-button\" data-id=\"933e5a5\" data-element_type=\"widget\" data-widget_type=\"button.default\">\n\t\t\t\t<div class=\"elementor-widget-container\">\n\t\t\t\t\t\t\t\t\t<div class=\"elementor-button-wrapper\">\n\t\t\t\t\t<a class=\"elementor-button elementor-button-link elementor-size-sm\" href=\"https:\/\/lourdes-opal.fr\" target=\"_blank\">\n\t\t\t\t\t\t<span class=\"elementor-button-content-wrapper\">\n\t\t\t\t\t\t\t\t\t<span class=\"elementor-button-text\">Toegang tot het reservatieplatform OPAL<\/span>\n\t\t\t\t\t<\/span>\n\t\t\t\t\t<\/a>\n\t\t\t\t<\/div>\n\t\t\t\t\t\t\t\t<\/div>\n\t\t\t\t<\/div>\n\t\t\t\t<div class=\"elementor-element elementor-element-c802ad5 elementor-align-center elementor-widget elementor-widget-button\" data-id=\"c802ad5\" data-element_type=\"widget\" data-widget_type=\"button.default\">\n\t\t\t\t<div class=\"elementor-widget-container\">\n\t\t\t\t\t\t\t\t\t<div class=\"elementor-button-wrapper\">\n\t\t\t\t\t<a class=\"elementor-button elementor-button-link elementor-size-sm\" href=\"https:\/\/www.lourdes-france.org\/wp-content\/uploads\/2025\/05\/DEFplan-sanctuaire-nord_compressed.pdf\" target=\"_blank\">\n\t\t\t\t\t\t<span class=\"elementor-button-content-wrapper\">\n\t\t\t\t\t\t\t\t\t<span class=\"elementor-button-text\">Het plan van het Heiligdom downloaden<\/span>\n\t\t\t\t\t<\/span>\n\t\t\t\t\t<\/a>\n\t\t\t\t<\/div>\n\t\t\t\t\t\t\t\t<\/div>\n\t\t\t\t<\/div>\n\t\t\t\t<div class=\"elementor-element elementor-element-d7c027c elementor-align-center elementor-widget elementor-widget-button\" data-id=\"d7c027c\" data-element_type=\"widget\" data-widget_type=\"button.default\">\n\t\t\t\t<div class=\"elementor-widget-container\">\n\t\t\t\t\t\t\t\t\t<div class=\"elementor-button-wrapper\">\n\t\t\t\t\t<a class=\"elementor-button elementor-button-link elementor-size-sm\" href=\"https:\/\/www.lourdes-france.org\/personnes-vulnerables\/\" target=\"_blank\">\n\t\t\t\t\t\t<span class=\"elementor-button-content-wrapper\">\n\t\t\t\t\t\t\t\t\t<span class=\"elementor-button-text\">Charter ter bescherming van minderjarigen en kwetsbare personen<\/span>\n\t\t\t\t\t<\/span>\n\t\t\t\t\t<\/a>\n\t\t\t\t<\/div>\n\t\t\t\t\t\t\t\t<\/div>\n\t\t\t\t<\/div>\n\t\t\t\t<div class=\"elementor-element elementor-element-32bdc21 elementor-align-center elementor-widget elementor-widget-button\" data-id=\"32bdc21\" data-element_type=\"widget\" data-widget_type=\"button.default\">\n\t\t\t\t<div class=\"elementor-widget-container\">\n\t\t\t\t\t\t\t\t\t<div class=\"elementor-button-wrapper\">\n\t\t\t\t\t<a class=\"elementor-button elementor-button-link elementor-size-sm\" href=\"https:\/\/www.lourdes-france.org\/wp-content\/uploads\/2025\/09\/serenite-pelerin-fr.pdf\" target=\"_blank\">\n\t\t\t\t\t\t<span class=\"elementor-button-content-wrapper\">\n\t\t\t\t\t\t\t\t\t<span class=\"elementor-button-text\">Waakzame bedevaarders<\/span>\n\t\t\t\t\t<\/span>\n\t\t\t\t\t<\/a>\n\t\t\t\t<\/div>\n\t\t\t\t\t\t\t\t<\/div>\n\t\t\t\t<\/div>\n\t\t\t\t<div class=\"elementor-element elementor-element-98aaf5e elementor-widget elementor-widget-text-editor\" data-id=\"98aaf5e\" data-element_type=\"widget\" data-widget_type=\"text-editor.default\">\n\t\t\t\t<div class=\"elementor-widget-container\">\n\t\t\t\t\t\t\t\t\t<h2>RESERVATIE VAN CULTUSPLAATSEN EN PASTORALE ACTIVITEITEN<\/h2><p><strong>MIDDEN JANUARI 2024 \u2013<\/strong> Kalendercommissie<br \/>Vastleggen van de data van de bedevaarten voor 2025<\/p><p><strong>EINDE JANUARI 2024 \u2013<\/strong> Bevestiging van de reservaties voor 2025<\/p><p><strong>MIDDEN NOVEMBER 2024 \u2013<\/strong> Opvraag van de aanvragen tot reservaties via het platform<\/p><p><strong>JANUARI \u2013 BEGIN FEBRUARI 2025 \u2013<\/strong> Bevestiging van de reservaties via het platform<\/p><p><strong>FEBRUARI \u00a0\u00abDAGEN VAN LOURDES\u00bb \u2013<\/strong> Indien nodig, aanpassing en onderlinge uitwisseling tussen de bedevaarten met betrekking tot gemeenschappelijke vieringen in 2025<\/p><p><strong>DAG VAN AANKOMST \u2013<\/strong> Onthaal bij de dienst plannning<\/p><p>Samenkomst omtrent grote liturgische vieringen om 13h30<\/p>\t\t\t\t\t\t\t\t<\/div>\n\t\t\t\t<\/div>\n\t\t\t\t<div class=\"elementor-element elementor-element-a75a47a elementor-widget elementor-widget-text-editor\" data-id=\"a75a47a\" data-element_type=\"widget\" data-widget_type=\"text-editor.default\">\n\t\t\t\t<div class=\"elementor-widget-container\">\n\t\t\t\t\t\t\t\t\t<h2>RESERVATIE IN DE LOGEERGELEGENHEDEN VAN HET HEILIGDOM<\/h2><p><strong>TUSSEN 4 EN 6 MAANDEN V\u00d3\u00d3R AANKOMST \u2013<\/strong> Ontvangst van het dossier van de kamerindeling (Excel) :<br \/>Overzicht van de in het Onthaalcentrum Notre-Dame toegewezen zones met het gereserveerde aantal kamers en bedden.<br \/>Opgave van het aantal kamers in de andere <a href=\"https:\/\/www.lourdes-france.org\/hebergements-sanctuaire\/\">logeergelegenheden<\/a> (voor de hospitaliers).<br \/>Terugzending van het dossier door de groepsverantwoordelijken.<br \/>Verzending van het contract via DocuSign.<\/p><p><strong>VANAF 1 TOT 2 MAANDEN V\u00d3\u00d3R DE DATUM VAN AANKOMST \u2013<\/strong> Aanpassing van het aantal kamers.<br \/>Per zone van het Onthaalcentrum Notre-Dame of in de andere logeergelegenheden, door de groepsverantwoordelijke.<br \/>Terugzending van het ondertekende contract.<\/p><p><strong>1 MAAND V\u00d3\u00d3R DE DATUM VAN AANKOMST \u2013<\/strong> Einde van de gratis aanpassingen.<br \/>Voor elke annulatie zal een boete in rekening gebracht worden.<br \/>\u2013 Ontvangst van het restauratiedossier voor de eetgelegenheiden, het medisch materieel, de transitzalen en kapellen van het Onthaalcentrum Notre-Dame (documents Excel).<br \/>\u2013 Ontvangst van de deelnemerslijst die ingevuld dient te worden (Excel).<\/p><p><strong>15 DAGEN V\u00d3\u00d3R DE DATUM VAN AANKOMST \u2013 <\/strong>Terugzending van de deelnemerslijst voor het Onthaalcentrum Notre-Dame en de andere logeergelegenheden van het Heiligdom.<br \/>Terugzending van het dossier voor de eetgelegenheden, het medisch materieel en de reservatie van de zalen (Onthaalcentrum Notre-Dame).<\/p><p><strong>3 DAGEN V\u00d3\u00d3R DE DATUM VAN AANKOMST \u2013<\/strong> Indien nodig veranderingen van de lijst van de mensen aan wie logement wordt geboden.<\/p><p><strong>DAG VAN AANKOMST \u2013<\/strong> Ontmoeting met de groepsverantwoordelijke.<br \/>Laatste aanpassingen aan de deelnemerslijst en het geheel van de regelingen omtrent het verblijf doornemen.<br \/>Voorstelling van de dienst van het Onthaalcentrum als contact voor de duur van de bedevaart.<\/p>\t\t\t\t\t\t\t\t<\/div>\n\t\t\t\t<\/div>\n\t\t\t\t<div class=\"elementor-element elementor-element-080a342 elementor-align-center elementor-widget elementor-widget-button\" data-id=\"080a342\" data-element_type=\"widget\" data-widget_type=\"button.default\">\n\t\t\t\t<div class=\"elementor-widget-container\">\n\t\t\t\t\t\t\t\t\t<div class=\"elementor-button-wrapper\">\n\t\t\t\t\t<a class=\"elementor-button elementor-button-link elementor-size-sm\" href=\"https:\/\/resa.lourdes-france.org\/\" target=\"_blank\">\n\t\t\t\t\t\t<span class=\"elementor-button-content-wrapper\">\n\t\t\t\t\t\t\t\t\t<span class=\"elementor-button-text\">Toegang tot het reservatieplatform<\/span>\n\t\t\t\t\t<\/span>\n\t\t\t\t\t<\/a>\n\t\t\t\t<\/div>\n\t\t\t\t\t\t\t\t<\/div>\n\t\t\t\t<\/div>\n\t\t\t\t<div class=\"elementor-element elementor-element-28adb94 elementor-widget elementor-widget-text-editor\" data-id=\"28adb94\" data-element_type=\"widget\" data-widget_type=\"text-editor.default\">\n\t\t\t\t<div class=\"elementor-widget-container\">\n\t\t\t\t\t\t\t\t\t<h2 class=\"s3\">SLUIT U AAN BIJ HET NETWERK VAN DE \u2018WAAKZAME BEDEVAARDERS\u2019<\/h2><p class=\"s3\">Elke week dragen <strong>\u2018waakzame bedevaarders\u2019<\/strong> actief bij aan de veiligheid van het Heiligdom van Lourdes. Ze zetten zich vrijwillig in om hun omgeving in de gaten te houden en verdacht gedrag te melden bij de Centrale Veiligheidsdienst, terwijl ze hun bedevaart gewoon voortzetten.<\/p><p class=\"s3\">Om zich bij dit netwerk aan te sluiten, schrijven de directeurs van elke bedevaart de aangewezen vrijwilligers in op OPAL. Dezen volgen een korte sensibiliseringscursus en nemen vervolgens punctueel deel aan deze welwillende waakzaamheidsactie. Het is een christelijke verbintenis, ten dienste van deze voorbeeldplaats van eredienst, en een verrijkende ervaring die gedragen wordt door een geest van solidariteit en verantwoordelijkheid.<\/p>\t\t\t\t\t\t\t\t<\/div>\n\t\t\t\t<\/div>\n\t\t\t\t<div class=\"elementor-element elementor-element-291a5f1 elementor-align-center elementor-widget elementor-widget-button\" data-id=\"291a5f1\" data-element_type=\"widget\" data-widget_type=\"button.default\">\n\t\t\t\t<div class=\"elementor-widget-container\">\n\t\t\t\t\t\t\t\t\t<div class=\"elementor-button-wrapper\">\n\t\t\t\t\t<a class=\"elementor-button elementor-button-link elementor-size-sm\" href=\"https:\/\/www.lourdes-france.org\/wp-content\/uploads\/2025\/09\/serenite-pelerin-fr.pdf\" target=\"_blank\">\n\t\t\t\t\t\t<span class=\"elementor-button-content-wrapper\">\n\t\t\t\t\t\t\t\t\t<span class=\"elementor-button-text\">Waakzame pelgrims<\/span>\n\t\t\t\t\t<\/span>\n\t\t\t\t\t<\/a>\n\t\t\t\t<\/div>\n\t\t\t\t\t\t\t\t<\/div>\n\t\t\t\t<\/div>\n\t\t\t\t<div class=\"elementor-element elementor-element-19f6841 elementor-widget elementor-widget-text-editor\" data-id=\"19f6841\" data-element_type=\"widget\" data-widget_type=\"text-editor.default\">\n\t\t\t\t<div class=\"elementor-widget-container\">\n\t\t\t\t\t\t\t\t\t<h2>OM U TE HELPEN, U VAN ADVIES TE DIENEN EN U TE ONTHALEN<\/h2><p><strong>Dienst Reservaties \/ PLANNING<\/strong><br \/><a href=\"mailto:reservation@lourdes-france.com\">reservation@lourdes-france.com<\/a><br \/>00 33 5 62 42 79 02<\/p><p><strong>Dienst Reservaties \/ LOGEMENT<\/strong><br \/><a href=\"mailto:hebergement@lourdes-france.com\">hebergement@lourdes-france.com<\/a><br \/>00 33 5 62 42 80 40<\/p><p><strong>Informatie en reservaties in het Jongerendorp<\/strong><br \/><a href=\"mailto:village.jeunes@lourdes-france.com\">village.jeunes@lourdes-france.com<\/a><br \/>00 33 5 62 42 79 95<\/p><p class=\"s3\"><strong><span class=\"s5\">\u2018Waakzame bedevaarders\u2019 <\/span><span class=\"s5\">\u2013 Bastien Challier<\/span><\/strong><br \/>Dienst Preventie en Veiligheid van het Heiligdom Onze-Lieve-Vrouw van Lourdes<br \/><a href=\"mailto:bastien.challier@lourdes-france.com\">bastien.challier@lourdes-france.com<\/a><br \/>00 32 6 40 77 44 08 \u2013 00 32 5 <a name=\"_GoBack\"><\/a>62 42 79 85<\/p>\t\t\t\t\t\t\t\t<\/div>\n\t\t\t\t<\/div>\n\t\t\t\t<div class=\"elementor-element elementor-element-2f58db91 elementor-view-default elementor-widget elementor-widget-icon\" data-id=\"2f58db91\" data-element_type=\"widget\" data-widget_type=\"icon.default\">\n\t\t\t\t<div class=\"elementor-widget-container\">\n\t\t\t\t\t\t\t<div class=\"elementor-icon-wrapper\">\n\t\t\t<div class=\"elementor-icon\">\n\t\t\t<i aria-hidden=\"true\" class=\"fas fa-church\"><\/i>\t\t\t<\/div>\n\t\t<\/div>\n\t\t\t\t\t\t<\/div>\n\t\t\t\t<\/div>\n\t\t\t\t\t<\/div>\n\t\t<\/div>\n\t\t\t\t\t<\/div>\n\t\t<\/section>\n\t\t\t\t<\/div>\n\t\t","protected":false},"excerpt":{"rendered":"<p>Een bedevaart organiseren naar Lourdes _________________ Bent u van plan om naar Lourdes te komen met een groep\u00a0? Om op bedevaart te komen\u00a0? Ter voorbereiding van sacramenten\u00a0? Voor een geestelijke herbronning, drie of vier dagen\u00a0? Met zieken, of bejaarden, of &hellip; <a href=\"https:\/\/www.lourdes-france.org\/nl\/les-pelerinages\/een-bedevaart-organiseren-naar-lourdes\/\">Vervolgd<\/a><\/p>\n","protected":false},"author":7,"featured_media":156665,"parent":885977,"menu_order":0,"comment_status":"closed","ping_status":"closed","template":"","meta":{"_acf_changed":false,"footnotes":""},"class_list":["post-1083238","page","type-page","status-publish","has-post-thumbnail","hentry"],"acf":[],"yoast_head":"<!-- This site is optimized with the Yoast SEO plugin v24.7 - https:\/\/yoast.com\/wordpress\/plugins\/seo\/ -->\n<title>Een bedevaart organiseren naar Lourdes<\/title>\n<meta name=\"description\" content=\"Vous \u00eates directeur de p\u00e8lerinage, responsable de groupe, pr\u00eatre, ... et voulez organiser une p\u00e8lerinage \u00e0 Lourdes. Quelques informations pratiques.\" \/>\n<meta name=\"robots\" content=\"index, follow, max-snippet:-1, max-image-preview:large, max-video-preview:-1\" \/>\n<link rel=\"canonical\" href=\"https:\/\/www.lourdes-france.org\/nl\/les-pelerinages\/een-bedevaart-organiseren-naar-lourdes\/\" \/>\n<meta name=\"twitter:label1\" content=\"Geschatte leestijd\" \/>\n\t<meta name=\"twitter:data1\" content=\"4 minuten\" \/>\n<script type=\"application\/ld+json\" class=\"yoast-schema-graph\">{\"@context\":\"https:\/\/schema.org\",\"@graph\":[{\"@type\":\"WebPage\",\"@id\":\"https:\/\/www.lourdes-france.org\/nl\/les-pelerinages\/een-bedevaart-organiseren-naar-lourdes\/\",\"url\":\"https:\/\/www.lourdes-france.org\/nl\/les-pelerinages\/een-bedevaart-organiseren-naar-lourdes\/\",\"name\":\"Een bedevaart organiseren naar Lourdes\",\"isPartOf\":{\"@id\":\"https:\/\/preprod-lourdes.cawita.com\/#website\"},\"primaryImageOfPage\":{\"@id\":\"https:\/\/www.lourdes-france.org\/nl\/les-pelerinages\/een-bedevaart-organiseren-naar-lourdes\/#primaryimage\"},\"image\":{\"@id\":\"https:\/\/www.lourdes-france.org\/nl\/les-pelerinages\/een-bedevaart-organiseren-naar-lourdes\/#primaryimage\"},\"thumbnailUrl\":\"https:\/\/www.lourdes-france.org\/wp-content\/uploads\/2019\/09\/DIAPORAMA_PHOTO-6_reduit_ROSAIRE-PAGE-1LNEWS_HOSPITALIER_MALADE_56237e896e_o.jpg\",\"datePublished\":\"2022-08-31T12:56:58+00:00\",\"dateModified\":\"2026-01-19T14:15:12+00:00\",\"description\":\"Vous \u00eates directeur de p\u00e8lerinage, responsable de groupe, pr\u00eatre, ... et voulez organiser une p\u00e8lerinage \u00e0 Lourdes. Quelques informations pratiques.\",\"breadcrumb\":{\"@id\":\"https:\/\/www.lourdes-france.org\/nl\/les-pelerinages\/een-bedevaart-organiseren-naar-lourdes\/#breadcrumb\"},\"inLanguage\":\"nl-NL\",\"potentialAction\":[{\"@type\":\"ReadAction\",\"target\":[\"https:\/\/www.lourdes-france.org\/nl\/les-pelerinages\/een-bedevaart-organiseren-naar-lourdes\/\"]}]},{\"@type\":\"ImageObject\",\"inLanguage\":\"nl-NL\",\"@id\":\"https:\/\/www.lourdes-france.org\/nl\/les-pelerinages\/een-bedevaart-organiseren-naar-lourdes\/#primaryimage\",\"url\":\"https:\/\/www.lourdes-france.org\/wp-content\/uploads\/2019\/09\/DIAPORAMA_PHOTO-6_reduit_ROSAIRE-PAGE-1LNEWS_HOSPITALIER_MALADE_56237e896e_o.jpg\",\"contentUrl\":\"https:\/\/www.lourdes-france.org\/wp-content\/uploads\/2019\/09\/DIAPORAMA_PHOTO-6_reduit_ROSAIRE-PAGE-1LNEWS_HOSPITALIER_MALADE_56237e896e_o.jpg\",\"width\":1200,\"height\":800,\"caption\":\"Organiser un p\u00e8lerinage \u00e0 Lourdes\"},{\"@type\":\"BreadcrumbList\",\"@id\":\"https:\/\/www.lourdes-france.org\/nl\/les-pelerinages\/een-bedevaart-organiseren-naar-lourdes\/#breadcrumb\",\"itemListElement\":[{\"@type\":\"ListItem\",\"position\":1,\"name\":\"Accueil\",\"item\":\"https:\/\/www.lourdes-france.org\/\"},{\"@type\":\"ListItem\",\"position\":2,\"name\":\"De bedevaarten van Lourdes\",\"item\":\"https:\/\/www.lourdes-france.org\/nl\/les-pelerinages\/\"},{\"@type\":\"ListItem\",\"position\":3,\"name\":\"Een bedevaart organiseren naar Lourdes\"}]},{\"@type\":\"WebSite\",\"@id\":\"https:\/\/preprod-lourdes.cawita.com\/#website\",\"url\":\"https:\/\/preprod-lourdes.cawita.com\/\",\"name\":\"Soutenir le Sanctuaire Notre-Dame de Lourdes\",\"description\":\"\",\"potentialAction\":[{\"@type\":\"SearchAction\",\"target\":{\"@type\":\"EntryPoint\",\"urlTemplate\":\"https:\/\/preprod-lourdes.cawita.com\/?s={search_term_string}\"},\"query-input\":{\"@type\":\"PropertyValueSpecification\",\"valueRequired\":true,\"valueName\":\"search_term_string\"}}],\"inLanguage\":\"nl-NL\"}]}<\/script>\n<!-- \/ Yoast SEO plugin. -->","yoast_head_json":{"title":"Een bedevaart organiseren naar Lourdes","description":"Vous \u00eates directeur de p\u00e8lerinage, responsable de groupe, pr\u00eatre, ... et voulez organiser une p\u00e8lerinage \u00e0 Lourdes. Quelques informations pratiques.","robots":{"index":"index","follow":"follow","max-snippet":"max-snippet:-1","max-image-preview":"max-image-preview:large","max-video-preview":"max-video-preview:-1"},"canonical":"https:\/\/www.lourdes-france.org\/nl\/les-pelerinages\/een-bedevaart-organiseren-naar-lourdes\/","twitter_misc":{"Geschatte leestijd":"4 minuten"},"schema":{"@context":"https:\/\/schema.org","@graph":[{"@type":"WebPage","@id":"https:\/\/www.lourdes-france.org\/nl\/les-pelerinages\/een-bedevaart-organiseren-naar-lourdes\/","url":"https:\/\/www.lourdes-france.org\/nl\/les-pelerinages\/een-bedevaart-organiseren-naar-lourdes\/","name":"Een bedevaart organiseren naar Lourdes","isPartOf":{"@id":"https:\/\/preprod-lourdes.cawita.com\/#website"},"primaryImageOfPage":{"@id":"https:\/\/www.lourdes-france.org\/nl\/les-pelerinages\/een-bedevaart-organiseren-naar-lourdes\/#primaryimage"},"image":{"@id":"https:\/\/www.lourdes-france.org\/nl\/les-pelerinages\/een-bedevaart-organiseren-naar-lourdes\/#primaryimage"},"thumbnailUrl":"https:\/\/www.lourdes-france.org\/wp-content\/uploads\/2019\/09\/DIAPORAMA_PHOTO-6_reduit_ROSAIRE-PAGE-1LNEWS_HOSPITALIER_MALADE_56237e896e_o.jpg","datePublished":"2022-08-31T12:56:58+00:00","dateModified":"2026-01-19T14:15:12+00:00","description":"Vous \u00eates directeur de p\u00e8lerinage, responsable de groupe, pr\u00eatre, ... et voulez organiser une p\u00e8lerinage \u00e0 Lourdes. Quelques informations pratiques.","breadcrumb":{"@id":"https:\/\/www.lourdes-france.org\/nl\/les-pelerinages\/een-bedevaart-organiseren-naar-lourdes\/#breadcrumb"},"inLanguage":"nl-NL","potentialAction":[{"@type":"ReadAction","target":["https:\/\/www.lourdes-france.org\/nl\/les-pelerinages\/een-bedevaart-organiseren-naar-lourdes\/"]}]},{"@type":"ImageObject","inLanguage":"nl-NL","@id":"https:\/\/www.lourdes-france.org\/nl\/les-pelerinages\/een-bedevaart-organiseren-naar-lourdes\/#primaryimage","url":"https:\/\/www.lourdes-france.org\/wp-content\/uploads\/2019\/09\/DIAPORAMA_PHOTO-6_reduit_ROSAIRE-PAGE-1LNEWS_HOSPITALIER_MALADE_56237e896e_o.jpg","contentUrl":"https:\/\/www.lourdes-france.org\/wp-content\/uploads\/2019\/09\/DIAPORAMA_PHOTO-6_reduit_ROSAIRE-PAGE-1LNEWS_HOSPITALIER_MALADE_56237e896e_o.jpg","width":1200,"height":800,"caption":"Organiser un p\u00e8lerinage \u00e0 Lourdes"},{"@type":"BreadcrumbList","@id":"https:\/\/www.lourdes-france.org\/nl\/les-pelerinages\/een-bedevaart-organiseren-naar-lourdes\/#breadcrumb","itemListElement":[{"@type":"ListItem","position":1,"name":"Accueil","item":"https:\/\/www.lourdes-france.org\/"},{"@type":"ListItem","position":2,"name":"De bedevaarten van Lourdes","item":"https:\/\/www.lourdes-france.org\/nl\/les-pelerinages\/"},{"@type":"ListItem","position":3,"name":"Een bedevaart organiseren naar Lourdes"}]},{"@type":"WebSite","@id":"https:\/\/preprod-lourdes.cawita.com\/#website","url":"https:\/\/preprod-lourdes.cawita.com\/","name":"Soutenir le Sanctuaire Notre-Dame de Lourdes","description":"","potentialAction":[{"@type":"SearchAction","target":{"@type":"EntryPoint","urlTemplate":"https:\/\/preprod-lourdes.cawita.com\/?s={search_term_string}"},"query-input":{"@type":"PropertyValueSpecification","valueRequired":true,"valueName":"search_term_string"}}],"inLanguage":"nl-NL"}]}},"_links":{"self":[{"href":"https:\/\/www.lourdes-france.org\/nl\/wp-json\/wp\/v2\/pages\/1083238","targetHints":{"allow":["GET"]}}],"collection":[{"href":"https:\/\/www.lourdes-france.org\/nl\/wp-json\/wp\/v2\/pages"}],"about":[{"href":"https:\/\/www.lourdes-france.org\/nl\/wp-json\/wp\/v2\/types\/page"}],"author":[{"embeddable":true,"href":"https:\/\/www.lourdes-france.org\/nl\/wp-json\/wp\/v2\/users\/7"}],"replies":[{"embeddable":true,"href":"https:\/\/www.lourdes-france.org\/nl\/wp-json\/wp\/v2\/comments?post=1083238"}],"version-history":[{"count":3,"href":"https:\/\/www.lourdes-france.org\/nl\/wp-json\/wp\/v2\/pages\/1083238\/revisions"}],"predecessor-version":[{"id":1096392,"href":"https:\/\/www.lourdes-france.org\/nl\/wp-json\/wp\/v2\/pages\/1083238\/revisions\/1096392"}],"up":[{"embeddable":true,"href":"https:\/\/www.lourdes-france.org\/nl\/wp-json\/wp\/v2\/pages\/885977"}],"wp:featuredmedia":[{"embeddable":true,"href":"https:\/\/www.lourdes-france.org\/nl\/wp-json\/wp\/v2\/media\/156665"}],"wp:attachment":[{"href":"https:\/\/www.lourdes-france.org\/nl\/wp-json\/wp\/v2\/media?parent=1083238"}],"curies":[{"name":"wp","href":"https:\/\/api.w.org\/{rel}","templated":true}]}}