{"id":12437,"date":"2018-08-05T16:34:19","date_gmt":"2018-08-05T14:34:19","guid":{"rendered":"https:\/\/www.lourdes-france.org\/la-ou-les-saints-passent\/"},"modified":"2021-03-02T16:07:44","modified_gmt":"2021-03-02T15:07:44","slug":"la-ou-les-saints-passent","status":"publish","type":"page","link":"https:\/\/www.lourdes-france.org\/nl\/la-ou-les-saints-passent\/","title":{"rendered":"L\u00e0 o\u00f9 les saints passent"},"content":{"rendered":"\t\t<div data-elementor-type=\"wp-post\" data-elementor-id=\"12437\" class=\"elementor elementor-12437 elementor-3973 elementor-bc-flex-widget\" data-elementor-post-type=\"page\">\n\t\t\t\t\t\t<section class=\"elementor-section elementor-top-section elementor-element elementor-element-680551ca elementor-section-boxed elementor-section-height-default elementor-section-height-default\" data-id=\"680551ca\" data-element_type=\"section\">\n\t\t\t\t\t\t<div class=\"elementor-container elementor-column-gap-no\">\n\t\t\t\t\t<div class=\"elementor-column elementor-col-66 elementor-top-column elementor-element elementor-element-5ce270d5\" data-id=\"5ce270d5\" data-element_type=\"column\">\n\t\t\t<div class=\"elementor-widget-wrap elementor-element-populated\">\n\t\t\t\t\t\t<div class=\"elementor-element elementor-element-1d0f43c elementor-widget elementor-widget-text-editor\" data-id=\"1d0f43c\" data-element_type=\"widget\" data-widget_type=\"text-editor.default\">\n\t\t\t\t<div class=\"elementor-widget-container\">\n\t\t\t\t\t\t\t\t\t<p>De heiligen zijn onze vrienden!<br \/>Het leven van een heilige leren kennen is putten aan een ongelooflijke levenskracht; het is vooral bewust worden dat de heiligen ons aanspreken. <br \/>De \u201cgemeenschap van de heiligen\u201d is dan niet alleen zomaar een spreuk, maar een levende solidariteit over ruimte en tijd heen. <br \/>De heiligen begeleiden ons met tientallen monumentale beelden overal in het Heiligdom van Lourdes, zoals deze bij de Rozenkransbasiliek en haar twee open armen. Op het einde van die weg met deze magnifieke getuigen van het geloof wacht de heilige Bernadette ons op, in de crypte van de basiliek van de Onbevlekte Ontvangenis, waar we haar relikwie vinden.<\/p>\t\t\t\t\t\t\t\t<\/div>\n\t\t\t\t<\/div>\n\t\t\t\t<div class=\"elementor-element elementor-element-950a01f elementor-widget elementor-widget-text-editor\" data-id=\"950a01f\" data-element_type=\"widget\" data-widget_type=\"text-editor.default\">\n\t\t\t\t<div class=\"elementor-widget-container\">\n\t\t\t\t\t\t\t\t\t<h2><span style=\"color: #e8a702;\">Taal :<\/span><\/h2>\t\t\t\t\t\t\t\t<\/div>\n\t\t\t\t<\/div>\n\t\t\t\t<div class=\"elementor-element elementor-element-af5aeea elementor-widget elementor-widget-text-editor\" data-id=\"af5aeea\" data-element_type=\"widget\" data-widget_type=\"text-editor.default\">\n\t\t\t\t<div class=\"elementor-widget-container\">\n\t\t\t\t\t\t\t\t\t<p>Frans<\/p>\t\t\t\t\t\t\t\t<\/div>\n\t\t\t\t<\/div>\n\t\t\t\t<div class=\"elementor-element elementor-element-0203615 elementor-widget elementor-widget-text-editor\" data-id=\"0203615\" data-element_type=\"widget\" data-widget_type=\"text-editor.default\">\n\t\t\t\t<div class=\"elementor-widget-container\">\n\t\t\t\t\t\t\t\t\t<h2><span style=\"color: #e8a702;\">Donation :<\/span><\/h2>\t\t\t\t\t\t\t\t<\/div>\n\t\t\t\t<\/div>\n\t\t\t\t<div class=\"elementor-element elementor-element-129f524 elementor-widget elementor-widget-text-editor\" data-id=\"129f524\" data-element_type=\"widget\" data-widget_type=\"text-editor.default\">\n\t\t\t\t<div class=\"elementor-widget-container\">\n\t\t\t\t\t\t\t\t\t<p><span style=\"color: #666666;\"><strong>5\u20ac<\/strong><\/span><\/p>\t\t\t\t\t\t\t\t<\/div>\n\t\t\t\t<\/div>\n\t\t\t\t<div class=\"elementor-element elementor-element-6f8f2a4c elementor-widget elementor-widget-text-editor\" data-id=\"6f8f2a4c\" data-element_type=\"widget\" data-widget_type=\"text-editor.default\">\n\t\t\t\t<div class=\"elementor-widget-container\">\n\t\t\t\t\t\t\t\t\t<h2>Raad nodig :<\/h2>\t\t\t\t\t\t\t\t<\/div>\n\t\t\t\t<\/div>\n\t\t\t\t<div class=\"elementor-element elementor-element-6de38987 elementor-widget elementor-widget-text-editor\" data-id=\"6de38987\" data-element_type=\"widget\" data-widget_type=\"text-editor.default\">\n\t\t\t\t<div class=\"elementor-widget-container\">\n\t\t\t\t\t\t\t\t\t<p>Informatiecentrum<br \/>+33 (0)5 62 42 20 08 ou <br \/><span style=\"color: #e8a702;\"><a style=\"color: #e8a702;\" href=\"mailto:saccueil@lourdes-france.com\">saccueil@lourdes-france.com<\/a><\/span><\/p>\t\t\t\t\t\t\t\t<\/div>\n\t\t\t\t<\/div>\n\t\t\t\t\t<\/div>\n\t\t<\/div>\n\t\t\t\t<div class=\"elementor-column elementor-col-33 elementor-top-column elementor-element elementor-element-314bb818\" data-id=\"314bb818\" data-element_type=\"column\">\n\t\t\t<div class=\"elementor-widget-wrap elementor-element-populated\">\n\t\t\t\t\t\t<div class=\"elementor-element elementor-element-111fe96b parcours-btninscription-titrepush elementor-widget elementor-widget-text-editor\" data-id=\"111fe96b\" data-element_type=\"widget\" data-widget_type=\"text-editor.default\">\n\t\t\t\t<div class=\"elementor-widget-container\">\n\t\t\t\t\t\t\t\t\t<p>MARCHER AVEC LES SAINTS QUI NOUS ONT PR\u00c9C\u00c9D\u00c9 DANS LA FOI<\/p>\t\t\t\t\t\t\t\t<\/div>\n\t\t\t\t<\/div>\n\t\t\t\t<div class=\"elementor-element elementor-element-6c393036 elementor-widget elementor-widget-image\" data-id=\"6c393036\" data-element_type=\"widget\" data-widget_type=\"image.default\">\n\t\t\t\t<div class=\"elementor-widget-container\">\n\t\t\t\t\t\t\t\t\t\t\t\t\t\t\t<img fetchpriority=\"high\" decoding=\"async\" width=\"383\" height=\"383\" src=\"https:\/\/www.lourdes-france.org\/wp-content\/uploads\/2018\/07\/batisseurs-1.jpg\" class=\"attachment-full size-full wp-image-3133\" alt=\"\" srcset=\"https:\/\/www.lourdes-france.org\/wp-content\/uploads\/2018\/07\/batisseurs-1.jpg 383w, https:\/\/www.lourdes-france.org\/wp-content\/uploads\/2018\/07\/batisseurs-1-150x150.jpg 150w, https:\/\/www.lourdes-france.org\/wp-content\/uploads\/2018\/07\/batisseurs-1-300x300.jpg 300w\" sizes=\"(max-width: 383px) 100vw, 383px\" \/>\t\t\t\t\t\t\t\t\t\t\t\t\t\t\t<\/div>\n\t\t\t\t<\/div>\n\t\t\t\t<section class=\"elementor-section elementor-inner-section elementor-element elementor-element-46c7434f parcours-blocpushinfos-blocsousimage elementor-section-boxed elementor-section-height-default elementor-section-height-default\" data-id=\"46c7434f\" data-element_type=\"section\" data-settings=\"{&quot;background_background&quot;:&quot;classic&quot;}\">\n\t\t\t\t\t\t<div class=\"elementor-container elementor-column-gap-default\">\n\t\t\t\t\t<div class=\"elementor-column elementor-col-50 elementor-inner-column elementor-element elementor-element-69a647a7\" data-id=\"69a647a7\" data-element_type=\"column\">\n\t\t\t<div class=\"elementor-widget-wrap elementor-element-populated\">\n\t\t\t\t\t\t<div class=\"elementor-element elementor-element-170e3015 elementor-widget elementor-widget-image\" data-id=\"170e3015\" data-element_type=\"widget\" data-widget_type=\"image.default\">\n\t\t\t\t<div class=\"elementor-widget-container\">\n\t\t\t\t\t\t\t\t\t\t\t\t\t\t\t<img decoding=\"async\" src=\"https:\/\/www.lourdes-france.org\/wp-content\/uploads\/elementor\/thumbs\/icone-parcours-2-p61bwa9k0x5qrgu8us83vg1joanhq9lvpw0zm7egj4.jpg\" title=\"icone-parcours-2\" alt=\"icone-parcours-2\" loading=\"lazy\" \/>\t\t\t\t\t\t\t\t\t\t\t\t\t\t\t<\/div>\n\t\t\t\t<\/div>\n\t\t\t\t\t<\/div>\n\t\t<\/div>\n\t\t\t\t<div class=\"elementor-column elementor-col-50 elementor-inner-column elementor-element elementor-element-51e019d6\" data-id=\"51e019d6\" data-element_type=\"column\">\n\t\t\t<div class=\"elementor-widget-wrap elementor-element-populated\">\n\t\t\t\t\t\t<div class=\"elementor-element elementor-element-6761278b elementor-widget elementor-widget-text-editor\" data-id=\"6761278b\" data-element_type=\"widget\" data-widget_type=\"text-editor.default\">\n\t\t\t\t<div class=\"elementor-widget-container\">\n\t\t\t\t\t\t\t\t\t<p><span class=\"parcours-blocpushinfos\">Wanneer : <br \/><\/span><span class=\"parcours-blocpushinfos-txt\">23\/09\/2018 et 21\/10\/2018<\/span><br \/><span class=\"parcours-blocpushinfos\">Afspraak : <br \/><\/span><span class=\"parcours-blocpushinfos-txt\">14.00 u in het Informatiecentrum <br \/><\/span><br \/><span class=\"parcours-blocpushinfos\">Duur :<br \/><\/span><span class=\"parcours-blocpushinfos-txt\"> 2.30 u<\/span><br \/><span class=\"parcours-blocpushinfos\">Voor alle publiek<\/span><\/p>\t\t\t\t\t\t\t\t<\/div>\n\t\t\t\t<\/div>\n\t\t\t\t\t<\/div>\n\t\t<\/div>\n\t\t\t\t\t<\/div>\n\t\t<\/section>\n\t\t\t\t<div class=\"elementor-element elementor-element-64f9b86 elementor-widget elementor-widget-spacer\" data-id=\"64f9b86\" data-element_type=\"widget\" data-widget_type=\"spacer.default\">\n\t\t\t\t<div class=\"elementor-widget-container\">\n\t\t\t\t\t\t\t<div class=\"elementor-spacer\">\n\t\t\t<div class=\"elementor-spacer-inner\"><\/div>\n\t\t<\/div>\n\t\t\t\t\t\t<\/div>\n\t\t\t\t<\/div>\n\t\t\t\t\t<\/div>\n\t\t<\/div>\n\t\t\t\t\t<\/div>\n\t\t<\/section>\n\t\t\t\t<section class=\"elementor-section elementor-top-section elementor-element elementor-element-bdc3724 elementor-section-boxed elementor-section-height-default elementor-section-height-default\" data-id=\"bdc3724\" data-element_type=\"section\">\n\t\t\t\t\t\t<div class=\"elementor-container elementor-column-gap-no\">\n\t\t\t\t\t<div class=\"elementor-column elementor-col-100 elementor-top-column elementor-element elementor-element-d08871d\" data-id=\"d08871d\" data-element_type=\"column\">\n\t\t\t<div class=\"elementor-widget-wrap elementor-element-populated\">\n\t\t\t\t\t\t<div class=\"elementor-element elementor-element-311e0e5 elementor-widget elementor-widget-shortcode\" data-id=\"311e0e5\" data-element_type=\"widget\" data-widget_type=\"shortcode.default\">\n\t\t\t\t<div class=\"elementor-widget-container\">\n\t\t\t\t\t\t\t<div class=\"elementor-shortcode\"><script type=\"text\/javascript\">\/\/ <![CDATA[\njQuery(document).ready(function(){\n\tsetInterval( function() { AutoiFrameAdjustiFrameHeight( 'auto-iframe', 50); }, 1000 );\n});\n\/\/ ]]><\/script>\n<iframe id=\"auto-iframe\" name=\"auto-iframe\" src=\"\/sndlphp\/frmpaie\/frmProgrammes.php?p=W&#038;lang=nl&#038;pr=8&#038;t=5&#038;m=5\" width=\"100%\" height=\"auto\" frameborder=\"0\" scrolling=\"no\"onload=\"AutoiFrameAdjustiFrameHeight('auto-iframe',50);\"><\/iframe><\/div>\n\t\t\t\t\t\t<\/div>\n\t\t\t\t<\/div>\n\t\t\t\t\t<\/div>\n\t\t<\/div>\n\t\t\t\t\t<\/div>\n\t\t<\/section>\n\t\t\t\t<\/div>\n\t\t","protected":false},"excerpt":{"rendered":"<p>De heiligen zijn onze vrienden!Het leven van een heilige leren kennen is putten aan een ongelooflijke levenskracht; het is vooral bewust worden dat de heiligen ons aanspreken. De \u201cgemeenschap van de heiligen\u201d is dan niet alleen zomaar een spreuk, maar &hellip; <a href=\"https:\/\/www.lourdes-france.org\/nl\/la-ou-les-saints-passent\/\">Vervolgd<\/a><\/p>\n","protected":false},"author":7,"featured_media":0,"parent":0,"menu_order":0,"comment_status":"closed","ping_status":"closed","template":"page-no-sidebar.php","meta":{"_acf_changed":false,"footnotes":""},"class_list":["post-12437","page","type-page","status-publish","hentry"],"acf":[],"yoast_head":"<!-- This site is optimized with the Yoast SEO plugin v24.7 - https:\/\/yoast.com\/wordpress\/plugins\/seo\/ -->\n<title>L\u00e0 o\u00f9 les saints passent<\/title>\n<meta name=\"robots\" content=\"index, follow, max-snippet:-1, max-image-preview:large, max-video-preview:-1\" \/>\n<link rel=\"canonical\" href=\"https:\/\/www.lourdes-france.org\/nl\/la-ou-les-saints-passent\/\" \/>\n<meta name=\"twitter:label1\" content=\"Geschatte leestijd\" \/>\n\t<meta name=\"twitter:data1\" content=\"1 minuut\" \/>\n<script type=\"application\/ld+json\" class=\"yoast-schema-graph\">{\"@context\":\"https:\/\/schema.org\",\"@graph\":[{\"@type\":\"WebPage\",\"@id\":\"https:\/\/www.lourdes-france.org\/nl\/la-ou-les-saints-passent\/\",\"url\":\"https:\/\/www.lourdes-france.org\/nl\/la-ou-les-saints-passent\/\",\"name\":\"L\u00e0 o\u00f9 les saints passent\",\"isPartOf\":{\"@id\":\"https:\/\/preprod-lourdes.cawita.com\/#website\"},\"primaryImageOfPage\":{\"@id\":\"https:\/\/www.lourdes-france.org\/nl\/la-ou-les-saints-passent\/#primaryimage\"},\"image\":{\"@id\":\"https:\/\/www.lourdes-france.org\/nl\/la-ou-les-saints-passent\/#primaryimage\"},\"thumbnailUrl\":\"https:\/\/preprod.lourdes-france.org\/wp-content\/uploads\/2018\/07\/batisseurs-1.jpg\",\"datePublished\":\"2018-08-05T14:34:19+00:00\",\"dateModified\":\"2021-03-02T15:07:44+00:00\",\"breadcrumb\":{\"@id\":\"https:\/\/www.lourdes-france.org\/nl\/la-ou-les-saints-passent\/#breadcrumb\"},\"inLanguage\":\"nl-NL\",\"potentialAction\":[{\"@type\":\"ReadAction\",\"target\":[\"https:\/\/www.lourdes-france.org\/nl\/la-ou-les-saints-passent\/\"]}]},{\"@type\":\"ImageObject\",\"inLanguage\":\"nl-NL\",\"@id\":\"https:\/\/www.lourdes-france.org\/nl\/la-ou-les-saints-passent\/#primaryimage\",\"url\":\"https:\/\/preprod.lourdes-france.org\/wp-content\/uploads\/2018\/07\/batisseurs-1.jpg\",\"contentUrl\":\"https:\/\/preprod.lourdes-france.org\/wp-content\/uploads\/2018\/07\/batisseurs-1.jpg\"},{\"@type\":\"BreadcrumbList\",\"@id\":\"https:\/\/www.lourdes-france.org\/nl\/la-ou-les-saints-passent\/#breadcrumb\",\"itemListElement\":[{\"@type\":\"ListItem\",\"position\":1,\"name\":\"Accueil\",\"item\":\"https:\/\/www.lourdes-france.org\/\"},{\"@type\":\"ListItem\",\"position\":2,\"name\":\"L\u00e0 o\u00f9 les saints passent\"}]},{\"@type\":\"WebSite\",\"@id\":\"https:\/\/preprod-lourdes.cawita.com\/#website\",\"url\":\"https:\/\/preprod-lourdes.cawita.com\/\",\"name\":\"Soutenir le Sanctuaire Notre-Dame de Lourdes\",\"description\":\"\",\"potentialAction\":[{\"@type\":\"SearchAction\",\"target\":{\"@type\":\"EntryPoint\",\"urlTemplate\":\"https:\/\/preprod-lourdes.cawita.com\/?s={search_term_string}\"},\"query-input\":{\"@type\":\"PropertyValueSpecification\",\"valueRequired\":true,\"valueName\":\"search_term_string\"}}],\"inLanguage\":\"nl-NL\"}]}<\/script>\n<!-- \/ Yoast SEO plugin. -->","yoast_head_json":{"title":"L\u00e0 o\u00f9 les saints passent","robots":{"index":"index","follow":"follow","max-snippet":"max-snippet:-1","max-image-preview":"max-image-preview:large","max-video-preview":"max-video-preview:-1"},"canonical":"https:\/\/www.lourdes-france.org\/nl\/la-ou-les-saints-passent\/","twitter_misc":{"Geschatte leestijd":"1 minuut"},"schema":{"@context":"https:\/\/schema.org","@graph":[{"@type":"WebPage","@id":"https:\/\/www.lourdes-france.org\/nl\/la-ou-les-saints-passent\/","url":"https:\/\/www.lourdes-france.org\/nl\/la-ou-les-saints-passent\/","name":"L\u00e0 o\u00f9 les saints passent","isPartOf":{"@id":"https:\/\/preprod-lourdes.cawita.com\/#website"},"primaryImageOfPage":{"@id":"https:\/\/www.lourdes-france.org\/nl\/la-ou-les-saints-passent\/#primaryimage"},"image":{"@id":"https:\/\/www.lourdes-france.org\/nl\/la-ou-les-saints-passent\/#primaryimage"},"thumbnailUrl":"https:\/\/preprod.lourdes-france.org\/wp-content\/uploads\/2018\/07\/batisseurs-1.jpg","datePublished":"2018-08-05T14:34:19+00:00","dateModified":"2021-03-02T15:07:44+00:00","breadcrumb":{"@id":"https:\/\/www.lourdes-france.org\/nl\/la-ou-les-saints-passent\/#breadcrumb"},"inLanguage":"nl-NL","potentialAction":[{"@type":"ReadAction","target":["https:\/\/www.lourdes-france.org\/nl\/la-ou-les-saints-passent\/"]}]},{"@type":"ImageObject","inLanguage":"nl-NL","@id":"https:\/\/www.lourdes-france.org\/nl\/la-ou-les-saints-passent\/#primaryimage","url":"https:\/\/preprod.lourdes-france.org\/wp-content\/uploads\/2018\/07\/batisseurs-1.jpg","contentUrl":"https:\/\/preprod.lourdes-france.org\/wp-content\/uploads\/2018\/07\/batisseurs-1.jpg"},{"@type":"BreadcrumbList","@id":"https:\/\/www.lourdes-france.org\/nl\/la-ou-les-saints-passent\/#breadcrumb","itemListElement":[{"@type":"ListItem","position":1,"name":"Accueil","item":"https:\/\/www.lourdes-france.org\/"},{"@type":"ListItem","position":2,"name":"L\u00e0 o\u00f9 les saints passent"}]},{"@type":"WebSite","@id":"https:\/\/preprod-lourdes.cawita.com\/#website","url":"https:\/\/preprod-lourdes.cawita.com\/","name":"Soutenir le Sanctuaire Notre-Dame de Lourdes","description":"","potentialAction":[{"@type":"SearchAction","target":{"@type":"EntryPoint","urlTemplate":"https:\/\/preprod-lourdes.cawita.com\/?s={search_term_string}"},"query-input":{"@type":"PropertyValueSpecification","valueRequired":true,"valueName":"search_term_string"}}],"inLanguage":"nl-NL"}]}},"_links":{"self":[{"href":"https:\/\/www.lourdes-france.org\/nl\/wp-json\/wp\/v2\/pages\/12437","targetHints":{"allow":["GET"]}}],"collection":[{"href":"https:\/\/www.lourdes-france.org\/nl\/wp-json\/wp\/v2\/pages"}],"about":[{"href":"https:\/\/www.lourdes-france.org\/nl\/wp-json\/wp\/v2\/types\/page"}],"author":[{"embeddable":true,"href":"https:\/\/www.lourdes-france.org\/nl\/wp-json\/wp\/v2\/users\/7"}],"replies":[{"embeddable":true,"href":"https:\/\/www.lourdes-france.org\/nl\/wp-json\/wp\/v2\/comments?post=12437"}],"version-history":[{"count":4,"href":"https:\/\/www.lourdes-france.org\/nl\/wp-json\/wp\/v2\/pages\/12437\/revisions"}],"predecessor-version":[{"id":21449,"href":"https:\/\/www.lourdes-france.org\/nl\/wp-json\/wp\/v2\/pages\/12437\/revisions\/21449"}],"wp:attachment":[{"href":"https:\/\/www.lourdes-france.org\/nl\/wp-json\/wp\/v2\/media?parent=12437"}],"curies":[{"name":"wp","href":"https:\/\/api.w.org\/{rel}","templated":true}]}}