{"id":14659,"date":"2018-08-07T12:16:36","date_gmt":"2018-08-07T10:16:36","guid":{"rendered":"https:\/\/www.lourdes-france.org\/bureau-constatations-medicales\/"},"modified":"2021-03-02T16:07:19","modified_gmt":"2021-03-02T15:07:19","slug":"het-bureau-van-de-medische-vastellingen","status":"publish","type":"page","link":"https:\/\/www.lourdes-france.org\/nl\/het-bureau-van-de-medische-vastellingen\/","title":{"rendered":"Het Bureau van de medische vaststellingen"},"content":{"rendered":"\t\t<div data-elementor-type=\"wp-post\" data-elementor-id=\"14659\" class=\"elementor elementor-14659 elementor-6067\" data-elementor-post-type=\"page\">\n\t\t\t\t\t\t<section class=\"elementor-section elementor-top-section elementor-element elementor-element-55ba2ce4 elementor-section-boxed elementor-section-height-default elementor-section-height-default\" data-id=\"55ba2ce4\" data-element_type=\"section\">\n\t\t\t\t\t\t<div class=\"elementor-container elementor-column-gap-no\">\n\t\t\t\t\t<div class=\"elementor-column elementor-col-100 elementor-top-column elementor-element elementor-element-d9345ca\" data-id=\"d9345ca\" data-element_type=\"column\">\n\t\t\t<div class=\"elementor-widget-wrap elementor-element-populated\">\n\t\t\t\t\t\t<div class=\"elementor-element elementor-element-7058e68 elementor-widget elementor-widget-text-editor\" data-id=\"7058e68\" data-element_type=\"widget\" data-widget_type=\"text-editor.default\">\n\t\t\t\t<div class=\"elementor-widget-container\">\n\t\t\t\t\t\t\t\t\t<p><strong>CONTACT<\/strong><br \/>Bureau des Constatations m\u00e9dicales<br \/>Sanctuaire Notre-Dame de Lourdes<br \/>65108 Lourdes Cedex France<br \/>T\u00e9l. : +(33) 05 62 42 79 08<br \/><span style=\"color: #e8a702;\"><a style=\"color: #e8a702;\" href=\"\/nl\/contact\/\" target=\"_blank\" rel=\"noopener\">Een e-mail zenden<\/a><\/span><\/p>\t\t\t\t\t\t\t\t<\/div>\n\t\t\t\t<\/div>\n\t\t\t\t<div class=\"elementor-element elementor-element-6fb0787f elementor-widget elementor-widget-text-editor\" data-id=\"6fb0787f\" data-element_type=\"widget\" data-widget_type=\"text-editor.default\">\n\t\t\t\t<div class=\"elementor-widget-container\">\n\t\t\t\t\t\t\t\t\t<h2>De geschiedenis van het\u00a0<span style=\"color: #e8a700;\">Bureau van de medische vaststellingen<br \/><\/span><\/h2>\t\t\t\t\t\t\t\t<\/div>\n\t\t\t\t<\/div>\n\t\t\t\t<div class=\"elementor-element elementor-element-76cc49f1 elementor-widget elementor-widget-text-editor\" data-id=\"76cc49f1\" data-element_type=\"widget\" data-widget_type=\"text-editor.default\">\n\t\t\t\t<div class=\"elementor-widget-container\">\n\t\t\t\t\t\t\t\t\t<p>Mgr. Bertrand-S\u00e9v\u00e8re Laurence, bisschop van Tarbes, heeft bij de ondertekening van zijn Herderlijke Brief van 18 januari 1862 over het oordeel van de verschijningen van Lourdes, drie criteria gebruikt om te oordelen dat de Onbevlekte Ontvangenis echt aan Bernadette Soubirous is verschenen: <br \/>\u2013 de betrouwbaarheid van de zieneres<br \/>\u2013 de spirituele vruchten<br \/>\u2013 de genezingen van lichamen.<br \/>Op dezelfde dag (18 januari 1862) heeft hij bij decreet zeven genezingen, onder de door Professor Henri Vergez honderden onderzochte, erkend als miraculeuze genezingen.<\/p>\t\t\t\t\t\t\t\t<\/div>\n\t\t\t\t<\/div>\n\t\t\t\t<div class=\"elementor-element elementor-element-4ce31cb elementor-widget elementor-widget-text-editor\" data-id=\"4ce31cb\" data-element_type=\"widget\" data-widget_type=\"text-editor.default\">\n\t\t\t\t<div class=\"elementor-widget-container\">\n\t\t\t\t\t\t\t\t\t<p>Op vraag van Pater R\u00e9mi Semp\u00e9, Pater van Garaison, eerste rector van het Heiligdom, sticht dokter Georges-Fernand Dunot de Saint-Maclou in 1883 het Bureau voor de medische vaststellingen, opdat niemand Lourdes zou verlaten en zeggen &#8220;genezen&#8221; te zijn zonder de geschiedenis van zijn genezing te hebben onderworpen aan een rigoureuze en collegiale medische controle. Daarmee maakte hij een activiteit van consultaties permanent, welke hij elke zomer vanaf 1879 op punctuele wijze was begonnen.<\/p>\t\t\t\t\t\t\t\t<\/div>\n\t\t\t\t<\/div>\n\t\t\t\t<div class=\"elementor-element elementor-element-43514c2 elementor-widget elementor-widget-text-editor\" data-id=\"43514c2\" data-element_type=\"widget\" data-widget_type=\"text-editor.default\">\n\t\t\t\t<div class=\"elementor-widget-container\">\n\t\t\t\t\t\t\t\t\t<p>De brief van 3september 1886 van de aartsbisschop van Cagliari, Mgr. Vincenzo Gregorio Berchialla, vanuit Rome gericht aan dokter Dunot de Saint-Maclou, verwijst naar de instemming van paus Leo XIII met de rigoureuze procedures van het Bureau (1).<\/p>\t\t\t\t\t\t\t\t<\/div>\n\t\t\t\t<\/div>\n\t\t\t\t<div class=\"elementor-element elementor-element-7daf3e0 elementor-widget elementor-widget-text-editor\" data-id=\"7daf3e0\" data-element_type=\"widget\" data-widget_type=\"text-editor.default\">\n\t\t\t\t<div class=\"elementor-widget-container\">\n\t\t\t\t\t\t\t\t\t<p>Na de dood van dokter Dunot de Saint-Maclou (1891) is het voortaan de bisschop van Tarbes die de nieuwe permanente arts benoemd en dus de voorzitter van het Bureau van de vaststellingen: in 1892 is dat dokter Gustave Boissarie.<\/p>\t\t\t\t\t\t\t\t<\/div>\n\t\t\t\t<\/div>\n\t\t\t\t<div class=\"elementor-element elementor-element-ca828db elementor-widget elementor-widget-text-editor\" data-id=\"ca828db\" data-element_type=\"widget\" data-widget_type=\"text-editor.default\">\n\t\t\t\t<div class=\"elementor-widget-container\">\n\t\t\t\t\t\t\t\t\t<p>In 1904, ter gelegenheid van de 50e verjaardag van het Dogma van de Onbevlekte Ontvangenis, reist de bisschop van Tarbes, Mgr. Fran\u00e7ois-Xavier Schoepfer, met een offici\u00eble delegatie, waaronder dokter Boissarie, naar Rome. Bij die gelegenheid en met het oog op de 50e verjaardag van de verschijningen worden verschillende pertinente vragen met de Heilige Stoel besproken.<\/p>\t\t\t\t\t\t\t\t<\/div>\n\t\t\t\t<\/div>\n\t\t\t\t<div class=\"elementor-element elementor-element-9fe6c26 elementor-widget elementor-widget-text-editor\" data-id=\"9fe6c26\" data-element_type=\"widget\" data-widget_type=\"text-editor.default\">\n\t\t\t\t<div class=\"elementor-widget-container\">\n\t\t\t\t\t\t\t\t\t<p>In 1905 wordt de bisschop van Tarbes \u2013 als hoeder van de Grot \u2013 bevestigd in het recht de procedures van het Bureau van de medische vaststellingen te gebruiken bij het bestuderen van de aangekondigde genezingen. Dat recht bestaat tot op vandaag.<\/p>\t\t\t\t\t\t\t\t<\/div>\n\t\t\t\t<\/div>\n\t\t\t\t<div class=\"elementor-element elementor-element-fb6de27 elementor-widget elementor-widget-text-editor\" data-id=\"fb6de27\" data-element_type=\"widget\" data-widget_type=\"text-editor.default\">\n\t\t\t\t<div class=\"elementor-widget-container\">\n\t\t\t\t\t\t\t\t\t<p><strong>De uitdrukking &#8220;Bureau van de medische vaststellingen&#8221; heeft twee betekenissen.<\/strong><\/p><p>1) Zij verwijst eerst naar een permanent bureau in het Heiligdom, met een dokter, dat de verklaringen ontvangt en een kritisch onderzoek begint. Dokter Alessandro de Franciscis, Italiaan, is zo de 15e voorzitter van het Bureau. Hij nam in 2009 zijn functie op.<\/p><p>2) Indien het geval serieus lijkt, roept de dokter een &#8220;Bureau&#8221; samen, een bijeenkomst om &#8220;een klinisch feit te bespreken&#8221;, waaraan alle aanwezige dokters en verplegend personeel in Lourdes aanwezig kunnen deelnemen, ongeacht hun religieuze overtuigingen. <br \/>Vandaag zijn het merendeel van de dokters en het professioneel verplegend personeel die naar Lourdes komen lid van de Internationale Medische Vereniging van Onze-Lieve-Vrouw van Lourdes. Op 6 september 1925 kondigde &#8220;Le Journal de la Grotte&#8221;, het offici\u00eble tijdschrift van het Heiligdom en van het &#8220;Bureau van de medische vaststellingen&#8221; de oprichting aan van een &#8220;Medische Vereniging van Onze-Lieve-Vrouw van Lourdes&#8221; aan, bij beslissing door Mgr. Fran\u00e7ois-Xavier Schoepfer en dokter M. Petitpierre, interim voorzitter van het Bureau: onder de titel AML wordt een vereniging gesticht &#8211; van alle katholieke artsen welke deelnemen aan de bedevaarten naar Lourdes of die zich rechtstreeks interesseren aan de genezingen van Lourdes \u2013 met als doel de relaties te verstevigen tussen de confraters en de studie van de feiten van Lourdes te vergemakkelijken. (&#8230;). Het bestaan van deze Vereniging wijzigt geenszins de werking van het Bureau van de Medische Vaststellingen, dat zoals in het verleden toegankelijk blijft voor alle artsen, katholiek of niet&#8221; (2).<\/p>\t\t\t\t\t\t\t\t<\/div>\n\t\t\t\t<\/div>\n\t\t\t\t<div class=\"elementor-element elementor-element-2ec2431 elementor-widget elementor-widget-text-editor\" data-id=\"2ec2431\" data-element_type=\"widget\" data-widget_type=\"text-editor.default\">\n\t\t\t\t<div class=\"elementor-widget-container\">\n\t\t\t\t\t\t\t\t\t<p>Dokter Auguste Vallet, titulair voorzitter van het Bureau (1927-1947), \u00ab nam heel vlug na zijn aankomst het initiatief de Medische Vereniging van Lourdes te &#8220;internationaliseren&#8221;, waardoor deze de Internationale Medische vereniging van Lourdes werd \u2013 beter gekend onder het letterwoord A.M.I.L. &#8211; om alle artsen van alle continenten te verenigen, die met Lourdes willen verbonden willen zijn na hun bezoek aan Lourdes. Deze clausule was vereist en men begrijpt gemakkelijk de redenen: het was (en is ongetwijfeld nog altijd) nodig dat de diploma\u2019s van de kandidaten duidelijk zijn gekend welke zij willen laten gelden en ook om hun uitdrukkelijk verlangen te kennen. Deze stichting vereiste een contactblad, een trimestri\u00eble uitgave, het eerste nummer verscheen in februari 1828 en de verschijning ervan werd sindsdien praktisch nooit meer onderbroken&#8221; (3).<\/p>\t\t\t\t\t\t\t\t<\/div>\n\t\t\t\t<\/div>\n\t\t\t\t<div class=\"elementor-element elementor-element-dd9f09a elementor-widget elementor-widget-text-editor\" data-id=\"dd9f09a\" data-element_type=\"widget\" data-widget_type=\"text-editor.default\">\n\t\t\t\t<div class=\"elementor-widget-container\">\n\t\t\t\t\t\t\t\t\t<p>AMIL groepeert vandaag: APIL (Internationale Vereniging van Notre-Dame de Lourdes voor apothekers, gesticht in 1935); ADIL (Internationale Vereniging van Notre-Dame de Lourdes voor tandartsen, gesticht in 1991); AILACS (Internationale Vereniging van Notre-Dame de Lourdes voor hulppersoneel in de Gezondheidszorg, gesticht in 1993) en AIIL (Internationale Vereniging van Notre-Dame de Lourdes voor verplegend personeel, gesticht in 2014). De voorzitter van het Bureau van de medische vaststellingen is tijdelijk de voorzitter van AMIL. De zetel van AMIL bevindt zich in het Bureau van de medische vaststellingen.<\/p>\t\t\t\t\t\t\t\t<\/div>\n\t\t\t\t<\/div>\n\t\t\t\t<div class=\"elementor-element elementor-element-84ad602 elementor-widget elementor-widget-text-editor\" data-id=\"84ad602\" data-element_type=\"widget\" data-widget_type=\"text-editor.default\">\n\t\t\t\t<div class=\"elementor-widget-container\">\n\t\t\t\t\t\t\t\t\t<p>In 1947 hebben Mgr. Pierre-Marie Th\u00e9as, bisschop van Tarbes en Lourdes, en dokter Fran\u00e7ois Leuret, voorzitter van het Bureau van de vaststellingen, een Medisch Comit\u00e9 van Lourdes opgericht, door het co\u00f6pteren van artsen en professoren, allen uitstekend in hun respectievelijke specialiteiten. De bisschop heeft in 1954 gevraagd dat dit Comit\u00e9 een internationale dimensie kreeg. De leden van het Internationaal Medisch Comit\u00e9 van Lourdes zijn belast met het onderzoeken en eventueel &#8220;bevestigen&#8221; dat de wijze van genezing, door het Bureau van de medische vaststellingen van Lourdes als &#8220;onverklaard&#8221; bekend gemaakt, werkelijk &#8220;onverklaard&#8221; is in de huidige situatie van wetenschappelijke kennis&#8221; (4).<\/p>\t\t\t\t\t\t\t\t<\/div>\n\t\t\t\t<\/div>\n\t\t\t\t<div class=\"elementor-element elementor-element-cb10198 elementor-widget elementor-widget-text-editor\" data-id=\"cb10198\" data-element_type=\"widget\" data-widget_type=\"text-editor.default\">\n\t\t\t\t<div class=\"elementor-widget-container\">\n\t\t\t\t\t\t\t\t\t<p>Het Internationaal Medisch Comit\u00e9 van Lourdes (C.M.I.L.) telt zowat dertig leden. Het wordt tegenwoordig voorgezeten door de bisschop van Tarbes en Lourdes, Mgr. Nicolas Brouwet, en door een van zijn leden, professor Olivier Jonquet, door de bisschop benoemd voor een vernieuwbaar mandaat. De voorzitter van het Bureau van de medische vaststellingen van Lourdes is secretaris van het Comit\u00e9.<\/p>\t\t\t\t\t\t\t\t<\/div>\n\t\t\t\t<\/div>\n\t\t\t\t<div class=\"elementor-element elementor-element-771150c elementor-widget elementor-widget-text-editor\" data-id=\"771150c\" data-element_type=\"widget\" data-widget_type=\"text-editor.default\">\n\t\t\t\t<div class=\"elementor-widget-container\">\n\t\t\t\t\t\t\t\t\t<p class=\"western\" lang=\"zxx\"><i>(1) Brustolon A., Georges-Fernand Dunot de Saint-Maclou \u2013 Il Dottore della Grotta \u00a9 2014 Editrice Velar, Gorle (BG), pages 443-52<br \/>(2) Journal de la Grotte, Lourdes, Dimanche 6 Septembre 1925, pages 1 et 3<br \/>(3) Docteur Th\u00e9odore Mangiapan, Gu\u00e9risons de Lourdes \u2013 \u00c9tude historique et critique depuis l\u2019origine jusqu\u2019en 1990 \u00a9 2010 NDL Editions, Lourdes, (Nouvelle Edition), page 194<br \/>(4) Mgr Jacques Perrier, Expliquez-moi les miracles \u00a9 2011 NDL Editions, Lourdes, page 70<\/i><\/p>\t\t\t\t\t\t\t\t<\/div>\n\t\t\t\t<\/div>\n\t\t\t\t\t<\/div>\n\t\t<\/div>\n\t\t\t\t\t<\/div>\n\t\t<\/section>\n\t\t\t\t<\/div>\n\t\t","protected":false},"excerpt":{"rendered":"<p>CONTACTBureau des Constatations m\u00e9dicalesSanctuaire Notre-Dame de Lourdes65108 Lourdes Cedex FranceT\u00e9l. : +(33) 05 62 42 79 08Een e-mail zenden De geschiedenis van het\u00a0Bureau van de medische vaststellingen Mgr. Bertrand-S\u00e9v\u00e8re Laurence, bisschop van Tarbes, heeft bij de ondertekening van zijn Herderlijke &hellip; <a href=\"https:\/\/www.lourdes-france.org\/nl\/het-bureau-van-de-medische-vastellingen\/\">Vervolgd<\/a><\/p>\n","protected":false},"author":7,"featured_media":0,"parent":0,"menu_order":0,"comment_status":"closed","ping_status":"closed","template":"","meta":{"_acf_changed":false,"footnotes":""},"class_list":["post-14659","page","type-page","status-publish","hentry"],"acf":[],"yoast_head":"<!-- This site is optimized with the Yoast SEO plugin v24.7 - https:\/\/yoast.com\/wordpress\/plugins\/seo\/ -->\n<title>Het Bureau van de medische vaststellingen<\/title>\n<meta name=\"robots\" content=\"index, follow, max-snippet:-1, max-image-preview:large, max-video-preview:-1\" \/>\n<link rel=\"canonical\" href=\"https:\/\/www.lourdes-france.org\/nl\/het-bureau-van-de-medische-vastellingen\/\" \/>\n<meta name=\"twitter:label1\" content=\"Geschatte leestijd\" \/>\n\t<meta name=\"twitter:data1\" content=\"5 minuten\" \/>\n<script type=\"application\/ld+json\" class=\"yoast-schema-graph\">{\"@context\":\"https:\/\/schema.org\",\"@graph\":[{\"@type\":\"WebPage\",\"@id\":\"https:\/\/www.lourdes-france.org\/nl\/het-bureau-van-de-medische-vastellingen\/\",\"url\":\"https:\/\/www.lourdes-france.org\/nl\/het-bureau-van-de-medische-vastellingen\/\",\"name\":\"Het Bureau van de medische vaststellingen\",\"isPartOf\":{\"@id\":\"https:\/\/preprod-lourdes.cawita.com\/#website\"},\"datePublished\":\"2018-08-07T10:16:36+00:00\",\"dateModified\":\"2021-03-02T15:07:19+00:00\",\"breadcrumb\":{\"@id\":\"https:\/\/www.lourdes-france.org\/nl\/het-bureau-van-de-medische-vastellingen\/#breadcrumb\"},\"inLanguage\":\"nl-NL\",\"potentialAction\":[{\"@type\":\"ReadAction\",\"target\":[\"https:\/\/www.lourdes-france.org\/nl\/het-bureau-van-de-medische-vastellingen\/\"]}]},{\"@type\":\"BreadcrumbList\",\"@id\":\"https:\/\/www.lourdes-france.org\/nl\/het-bureau-van-de-medische-vastellingen\/#breadcrumb\",\"itemListElement\":[{\"@type\":\"ListItem\",\"position\":1,\"name\":\"Accueil\",\"item\":\"https:\/\/www.lourdes-france.org\/\"},{\"@type\":\"ListItem\",\"position\":2,\"name\":\"Het Bureau van de medische vaststellingen\"}]},{\"@type\":\"WebSite\",\"@id\":\"https:\/\/preprod-lourdes.cawita.com\/#website\",\"url\":\"https:\/\/preprod-lourdes.cawita.com\/\",\"name\":\"Soutenir le Sanctuaire Notre-Dame de Lourdes\",\"description\":\"\",\"potentialAction\":[{\"@type\":\"SearchAction\",\"target\":{\"@type\":\"EntryPoint\",\"urlTemplate\":\"https:\/\/preprod-lourdes.cawita.com\/?s={search_term_string}\"},\"query-input\":{\"@type\":\"PropertyValueSpecification\",\"valueRequired\":true,\"valueName\":\"search_term_string\"}}],\"inLanguage\":\"nl-NL\"}]}<\/script>\n<!-- \/ Yoast SEO plugin. -->","yoast_head_json":{"title":"Het Bureau van de medische vaststellingen","robots":{"index":"index","follow":"follow","max-snippet":"max-snippet:-1","max-image-preview":"max-image-preview:large","max-video-preview":"max-video-preview:-1"},"canonical":"https:\/\/www.lourdes-france.org\/nl\/het-bureau-van-de-medische-vastellingen\/","twitter_misc":{"Geschatte leestijd":"5 minuten"},"schema":{"@context":"https:\/\/schema.org","@graph":[{"@type":"WebPage","@id":"https:\/\/www.lourdes-france.org\/nl\/het-bureau-van-de-medische-vastellingen\/","url":"https:\/\/www.lourdes-france.org\/nl\/het-bureau-van-de-medische-vastellingen\/","name":"Het Bureau van de medische vaststellingen","isPartOf":{"@id":"https:\/\/preprod-lourdes.cawita.com\/#website"},"datePublished":"2018-08-07T10:16:36+00:00","dateModified":"2021-03-02T15:07:19+00:00","breadcrumb":{"@id":"https:\/\/www.lourdes-france.org\/nl\/het-bureau-van-de-medische-vastellingen\/#breadcrumb"},"inLanguage":"nl-NL","potentialAction":[{"@type":"ReadAction","target":["https:\/\/www.lourdes-france.org\/nl\/het-bureau-van-de-medische-vastellingen\/"]}]},{"@type":"BreadcrumbList","@id":"https:\/\/www.lourdes-france.org\/nl\/het-bureau-van-de-medische-vastellingen\/#breadcrumb","itemListElement":[{"@type":"ListItem","position":1,"name":"Accueil","item":"https:\/\/www.lourdes-france.org\/"},{"@type":"ListItem","position":2,"name":"Het Bureau van de medische vaststellingen"}]},{"@type":"WebSite","@id":"https:\/\/preprod-lourdes.cawita.com\/#website","url":"https:\/\/preprod-lourdes.cawita.com\/","name":"Soutenir le Sanctuaire Notre-Dame de Lourdes","description":"","potentialAction":[{"@type":"SearchAction","target":{"@type":"EntryPoint","urlTemplate":"https:\/\/preprod-lourdes.cawita.com\/?s={search_term_string}"},"query-input":{"@type":"PropertyValueSpecification","valueRequired":true,"valueName":"search_term_string"}}],"inLanguage":"nl-NL"}]}},"_links":{"self":[{"href":"https:\/\/www.lourdes-france.org\/nl\/wp-json\/wp\/v2\/pages\/14659","targetHints":{"allow":["GET"]}}],"collection":[{"href":"https:\/\/www.lourdes-france.org\/nl\/wp-json\/wp\/v2\/pages"}],"about":[{"href":"https:\/\/www.lourdes-france.org\/nl\/wp-json\/wp\/v2\/types\/page"}],"author":[{"embeddable":true,"href":"https:\/\/www.lourdes-france.org\/nl\/wp-json\/wp\/v2\/users\/7"}],"replies":[{"embeddable":true,"href":"https:\/\/www.lourdes-france.org\/nl\/wp-json\/wp\/v2\/comments?post=14659"}],"version-history":[{"count":7,"href":"https:\/\/www.lourdes-france.org\/nl\/wp-json\/wp\/v2\/pages\/14659\/revisions"}],"predecessor-version":[{"id":337246,"href":"https:\/\/www.lourdes-france.org\/nl\/wp-json\/wp\/v2\/pages\/14659\/revisions\/337246"}],"wp:attachment":[{"href":"https:\/\/www.lourdes-france.org\/nl\/wp-json\/wp\/v2\/media?parent=14659"}],"curies":[{"name":"wp","href":"https:\/\/api.w.org\/{rel}","templated":true}]}}