{"id":29393,"date":"2019-02-11T14:53:05","date_gmt":"2019-02-11T13:53:05","guid":{"rendered":"https:\/\/www.lourdes-france.org\/expliquez-moi-les-apparitions\/"},"modified":"2021-03-02T16:09:43","modified_gmt":"2021-03-02T15:09:43","slug":"expliquez-moi-les-apparitions","status":"publish","type":"page","link":"https:\/\/www.lourdes-france.org\/nl\/expliquez-moi-les-apparitions\/","title":{"rendered":"Vrijdag 16 juli 1858  Evocatie van de 18e verschijning"},"content":{"rendered":"\t\t<div data-elementor-type=\"wp-post\" data-elementor-id=\"29393\" class=\"elementor elementor-29393 elementor-29149\" data-elementor-post-type=\"page\">\n\t\t\t\t\t\t<section class=\"elementor-section elementor-top-section elementor-element elementor-element-6d2c02e1 elementor-section-boxed elementor-section-height-default elementor-section-height-default\" data-id=\"6d2c02e1\" data-element_type=\"section\">\n\t\t\t\t\t\t<div class=\"elementor-container elementor-column-gap-no\">\n\t\t\t\t\t<div class=\"elementor-column elementor-col-100 elementor-top-column elementor-element elementor-element-7d9cc9a3\" data-id=\"7d9cc9a3\" data-element_type=\"column\">\n\t\t\t<div class=\"elementor-widget-wrap elementor-element-populated\">\n\t\t\t\t\t\t<div class=\"elementor-element elementor-element-45bd2ed4 elementor-widget elementor-widget-text-editor\" data-id=\"45bd2ed4\" data-element_type=\"widget\" data-widget_type=\"text-editor.default\">\n\t\t\t\t<div class=\"elementor-widget-container\">\n\t\t\t\t\t\t\t\t\t<h2>Vrijdag 16 juli 1858 :<span style=\"color: #e8a702;\"> de allerlaatste verschijning<br \/><\/span><\/h2>\t\t\t\t\t\t\t\t<\/div>\n\t\t\t\t<\/div>\n\t\t\t\t\t<\/div>\n\t\t<\/div>\n\t\t\t\t\t<\/div>\n\t\t<\/section>\n\t\t\t\t<section class=\"elementor-section elementor-top-section elementor-element elementor-element-5c8395 elementor-section-boxed elementor-section-height-default elementor-section-height-default\" data-id=\"5c8395\" data-element_type=\"section\">\n\t\t\t\t\t\t<div class=\"elementor-container elementor-column-gap-no\">\n\t\t\t\t\t<div class=\"elementor-column elementor-col-100 elementor-top-column elementor-element elementor-element-70fc9297\" data-id=\"70fc9297\" data-element_type=\"column\">\n\t\t\t<div class=\"elementor-widget-wrap elementor-element-populated\">\n\t\t\t\t\t\t<section class=\"elementor-section elementor-inner-section elementor-element elementor-element-c70c65a elementor-section-boxed elementor-section-height-default elementor-section-height-default\" data-id=\"c70c65a\" data-element_type=\"section\">\n\t\t\t\t\t\t<div class=\"elementor-container elementor-column-gap-no\">\n\t\t\t\t\t<div class=\"elementor-column elementor-col-50 elementor-inner-column elementor-element elementor-element-db65f3b\" data-id=\"db65f3b\" data-element_type=\"column\">\n\t\t\t<div class=\"elementor-widget-wrap elementor-element-populated\">\n\t\t\t\t\t\t<div class=\"elementor-element elementor-element-48def105 elementor-widget elementor-widget-text-editor\" data-id=\"48def105\" data-element_type=\"widget\" data-widget_type=\"text-editor.default\">\n\t\t\t\t<div class=\"elementor-widget-container\">\n\t\t\t\t\t\t\t\t\t<p>Bernadette heeft al meer dan drie maanden geen verschijning meer gehad, van degene die zich op 25 maart had gepresenteerd en gezegd: \u201cIk ben de Onbevlekte Ontvangenis.\u201d<\/p>\t\t\t\t\t\t\t\t<\/div>\n\t\t\t\t<\/div>\n\t\t\t\t<div class=\"elementor-element elementor-element-29dd5a0 elementor-widget elementor-widget-text-editor\" data-id=\"29dd5a0\" data-element_type=\"widget\" data-widget_type=\"text-editor.default\">\n\t\t\t\t<div class=\"elementor-widget-container\">\n\t\t\t\t\t\t\t\t\t<p>Voor de laatste verschijning moet men al terugkeren tot de woensdag na Pasen, op 7 april 1858. Sindsdien is er bij de grot heel wat gebeurd, echter zonder dat Bernadette van ver of van nabij bij betrokken was. De verwarring die een zekere tijd heerst brengt er de autoriteiten toe om vanaf 15 juni de toegang tot de grot te verbieden. Er worden dus aanplakborden, planken en barricades geplaatst. Een beetje later en omwille van de explosieve situatie beslist op zijn beurt de bisschop de toegang tot de grot voor de katholieken te verbieden. Twee weken later zijn de geesten bedaard en de bisschop heft zijn verbod op. Maria kan dus naar Massabielle terugkeren.<\/p>\t\t\t\t\t\t\t\t<\/div>\n\t\t\t\t<\/div>\n\t\t\t\t\t<\/div>\n\t\t<\/div>\n\t\t\t\t<div class=\"elementor-column elementor-col-50 elementor-inner-column elementor-element elementor-element-fc261fa\" data-id=\"fc261fa\" data-element_type=\"column\">\n\t\t\t<div class=\"elementor-widget-wrap elementor-element-populated\">\n\t\t\t\t\t\t<div class=\"elementor-element elementor-element-e6a27bd elementor-widget elementor-widget-image\" data-id=\"e6a27bd\" data-element_type=\"widget\" data-widget_type=\"image.default\">\n\t\t\t\t<div class=\"elementor-widget-container\">\n\t\t\t\t\t\t\t\t\t\t\t\t<figure class=\"wp-caption\">\n\t\t\t\t\t\t\t\t\t\t<img fetchpriority=\"high\" decoding=\"async\" width=\"800\" height=\"652\" src=\"https:\/\/www.lourdes-france.org\/wp-content\/uploads\/2019\/06\/2K8_APPARITIONS-18.jpg\" class=\"attachment-full size-full wp-image-55763\" alt=\"\" srcset=\"https:\/\/www.lourdes-france.org\/wp-content\/uploads\/2019\/06\/2K8_APPARITIONS-18.jpg 800w, https:\/\/www.lourdes-france.org\/wp-content\/uploads\/2019\/06\/2K8_APPARITIONS-18-300x245.jpg 300w, https:\/\/www.lourdes-france.org\/wp-content\/uploads\/2019\/06\/2K8_APPARITIONS-18-768x626.jpg 768w, https:\/\/www.lourdes-france.org\/wp-content\/uploads\/2019\/06\/2K8_APPARITIONS-18-344x280.jpg 344w\" sizes=\"(max-width: 800px) 100vw, 800px\" \/>\t\t\t\t\t\t\t\t\t\t\t<figcaption class=\"widget-image-caption wp-caption-text\"><p style=\"font-size:12px\">Cr\u00e9ation artistique de Ren\u00e9 Margotton, r\u00e9alis\u00e9s par Germaine et <\/br>Paul Sala-Malherbe<\/br>\u00a9 Sanctuaire Notre-Dame de Lourdes \/ Vincent<\/p><\/figcaption>\n\t\t\t\t\t\t\t\t\t\t<\/figure>\n\t\t\t\t\t\t\t\t\t<\/div>\n\t\t\t\t<\/div>\n\t\t\t\t\t<\/div>\n\t\t<\/div>\n\t\t\t\t\t<\/div>\n\t\t<\/section>\n\t\t\t\t<div class=\"elementor-element elementor-element-80cb1cb elementor-widget elementor-widget-text-editor\" data-id=\"80cb1cb\" data-element_type=\"widget\" data-widget_type=\"text-editor.default\">\n\t\t\t\t<div class=\"elementor-widget-container\">\n\t\t\t\t\t\t\t\t\t<p>In de avond van 16 juli voelt Bernadette opnieuw die onweerstaanbare innerlijke dwang om naar de grot te gaan. Zij kent die aantrekking heel goed, maar had haar al een hele tijd niet meer gehad. Zij vertrekt dus vergezeld door Lucile Cast\u00e9rot, haar jongste tante die nog maar 20 jaar is. Bernadette past zich aan de situatie aan. Enerzijds draagt zij geleende kledij, een beetje te groot voor haar, om zich goed te kunnen verbergen en niet herkend te worden. Anderzijds kiest ze ook een andere weg om niet rechtstreeks naar de grot te gaan, maar wel er tegenover te komen. Zij steken dus de rivier niet over en blijven op de rechteroever. <br \/>Bernadette knielt tegenover de grot neer, maar wel op grote afstand. Het is zowat 22.30 u. Langzaam, zoals de Maagd Maria het haar heeft geleerd, maakt zij een groot kruisteken en begint de rozenkrans te bidden.<\/p>\t\t\t\t\t\t\t\t<\/div>\n\t\t\t\t<\/div>\n\t\t\t\t<div class=\"elementor-element elementor-element-8600e8e elementor-widget elementor-widget-text-editor\" data-id=\"8600e8e\" data-element_type=\"widget\" data-widget_type=\"text-editor.default\">\n\t\t\t\t<div class=\"elementor-widget-container\">\n\t\t\t\t\t\t\t\t\t<p>Tante Lucile zit rechts van haar en links zitten twee jonge meisjes. De twee jonge meisjes houden een brandende kaars in de hand. Het is bijna nacht, maar in het licht van de kaarsen zien ze alle drie hoe het gezicht van Bernadette is veranderd, stralend van een geluk dat niet van deze wereld is.<\/p>\t\t\t\t\t\t\t\t<\/div>\n\t\t\t\t<\/div>\n\t\t\t\t<div class=\"elementor-element elementor-element-01207d9 elementor-widget elementor-widget-text-editor\" data-id=\"01207d9\" data-element_type=\"widget\" data-widget_type=\"text-editor.default\">\n\t\t\t\t<div class=\"elementor-widget-container\">\n\t\t\t\t\t\t\t\t\t<p>De Onbevlekte Maagd is er dus, voor de achttiende keer. Er wordt geen enkel woord uitgewisseld. En toch is de eenheid intens tussen de Moeder van God en het heel jonge meisje van Lourdes. Na deze laatste verschijning zegt Bernadette eenvoudigweg: \u201c<em>Ze was mooier dan ooit<\/em>\u201d. Zij preciseert er bij dat zij de heilige Maagd heeft gezien zoals tijdens de verschijningen, heel dicht bij haar dus.<\/p>\t\t\t\t\t\t\t\t<\/div>\n\t\t\t\t<\/div>\n\t\t\t\t<div class=\"elementor-element elementor-element-f580ec6 elementor-widget elementor-widget-text-editor\" data-id=\"f580ec6\" data-element_type=\"widget\" data-widget_type=\"text-editor.default\">\n\t\t\t\t<div class=\"elementor-widget-container\">\n\t\t\t\t\t\t\t\t\t<p>Bernadette weet dat zij juist op aarde haar laatste ontmoeting had met de Onbevlekte Maagd.<\/p>\t\t\t\t\t\t\t\t<\/div>\n\t\t\t\t<\/div>\n\t\t\t\t\t<\/div>\n\t\t<\/div>\n\t\t\t\t\t<\/div>\n\t\t<\/section>\n\t\t\t\t<section class=\"elementor-section elementor-top-section elementor-element elementor-element-63576ec elementor-section-height-min-height elementor-section-boxed elementor-section-height-default elementor-section-items-middle\" data-id=\"63576ec\" data-element_type=\"section\" data-settings=\"{&quot;background_background&quot;:&quot;classic&quot;}\">\n\t\t\t\t\t\t<div class=\"elementor-container elementor-column-gap-default\">\n\t\t\t\t\t<div class=\"elementor-column elementor-col-100 elementor-top-column elementor-element elementor-element-5a645dc\" data-id=\"5a645dc\" data-element_type=\"column\">\n\t\t\t<div class=\"elementor-widget-wrap elementor-element-populated\">\n\t\t\t\t\t\t<div class=\"elementor-element elementor-element-c5d85dd elementor-align-center elementor-widget elementor-widget-button\" data-id=\"c5d85dd\" data-element_type=\"widget\" data-widget_type=\"button.default\">\n\t\t\t\t<div class=\"elementor-widget-container\">\n\t\t\t\t\t\t\t\t\t<div class=\"elementor-button-wrapper\">\n\t\t\t\t\t<a class=\"elementor-button elementor-button-link elementor-size-sm\" href=\"\/nl\/annee-bernadette-1-apparition-1-cierge\/\">\n\t\t\t\t\t\t<span class=\"elementor-button-content-wrapper\">\n\t\t\t\t\t\t\t\t\t<span class=\"elementor-button-text\">18e verschijning | 1 kaars<\/span>\n\t\t\t\t\t<\/span>\n\t\t\t\t\t<\/a>\n\t\t\t\t<\/div>\n\t\t\t\t\t\t\t\t<\/div>\n\t\t\t\t<\/div>\n\t\t\t\t\t<\/div>\n\t\t<\/div>\n\t\t\t\t\t<\/div>\n\t\t<\/section>\n\t\t\t\t<section class=\"elementor-section elementor-top-section elementor-element elementor-element-9749456 elementor-section-boxed elementor-section-height-default elementor-section-height-default\" data-id=\"9749456\" data-element_type=\"section\">\n\t\t\t\t\t\t<div class=\"elementor-container elementor-column-gap-default\">\n\t\t\t\t\t<div class=\"elementor-column elementor-col-100 elementor-top-column elementor-element elementor-element-4efc5b0\" data-id=\"4efc5b0\" data-element_type=\"column\">\n\t\t\t<div class=\"elementor-widget-wrap elementor-element-populated\">\n\t\t\t\t\t\t<div class=\"elementor-element elementor-element-7fe76d6 elementor-widget elementor-widget-text-editor\" data-id=\"7fe76d6\" data-element_type=\"widget\" data-widget_type=\"text-editor.default\">\n\t\t\t\t<div class=\"elementor-widget-container\">\n\t\t\t\t\t\t\t\t\t<p>In de loop van dit Bernadettejaar stelt het Heiligdom O.L.Vrouw van Lourdes u voor op elke verjaardag van de verschijningen van Maria aan Bernadette een kaars aan te steken.<\/p>\t\t\t\t\t\t\t\t<\/div>\n\t\t\t\t<\/div>\n\t\t\t\t\t<\/div>\n\t\t<\/div>\n\t\t\t\t\t<\/div>\n\t\t<\/section>\n\t\t\t\t<\/div>\n\t\t","protected":false},"excerpt":{"rendered":"<p>Vrijdag 16 juli 1858 : de allerlaatste verschijning Bernadette heeft al meer dan drie maanden geen verschijning meer gehad, van degene die zich op 25 maart had gepresenteerd en gezegd: \u201cIk ben de Onbevlekte Ontvangenis.\u201d Voor de laatste verschijning moet &hellip; <a href=\"https:\/\/www.lourdes-france.org\/nl\/expliquez-moi-les-apparitions\/\">Vervolgd<\/a><\/p>\n","protected":false},"author":7,"featured_media":0,"parent":0,"menu_order":0,"comment_status":"closed","ping_status":"closed","template":"","meta":{"_acf_changed":false,"footnotes":""},"class_list":["post-29393","page","type-page","status-publish","hentry"],"acf":[],"yoast_head":"<!-- This site is optimized with the Yoast SEO plugin v24.7 - https:\/\/yoast.com\/wordpress\/plugins\/seo\/ -->\n<title>Vrijdag 16 juli 1858 Evocatie van de 18e verschijning<\/title>\n<meta name=\"robots\" content=\"index, follow, max-snippet:-1, max-image-preview:large, max-video-preview:-1\" \/>\n<link rel=\"canonical\" href=\"https:\/\/www.lourdes-france.org\/nl\/expliquez-moi-les-apparitions\/\" \/>\n<meta name=\"twitter:label1\" content=\"Geschatte leestijd\" \/>\n\t<meta name=\"twitter:data1\" content=\"2 minuten\" \/>\n<script type=\"application\/ld+json\" class=\"yoast-schema-graph\">{\"@context\":\"https:\/\/schema.org\",\"@graph\":[{\"@type\":\"WebPage\",\"@id\":\"https:\/\/www.lourdes-france.org\/nl\/expliquez-moi-les-apparitions\/\",\"url\":\"https:\/\/www.lourdes-france.org\/nl\/expliquez-moi-les-apparitions\/\",\"name\":\"Vrijdag 16 juli 1858 Evocatie van de 18e verschijning\",\"isPartOf\":{\"@id\":\"https:\/\/preprod-lourdes.cawita.com\/#website\"},\"primaryImageOfPage\":{\"@id\":\"https:\/\/www.lourdes-france.org\/nl\/expliquez-moi-les-apparitions\/#primaryimage\"},\"image\":{\"@id\":\"https:\/\/www.lourdes-france.org\/nl\/expliquez-moi-les-apparitions\/#primaryimage\"},\"thumbnailUrl\":\"http:\/\/www.lourdes-france.org\/wp-content\/uploads\/2019\/06\/2K8_APPARITIONS-18.jpg\",\"datePublished\":\"2019-02-11T13:53:05+00:00\",\"dateModified\":\"2021-03-02T15:09:43+00:00\",\"breadcrumb\":{\"@id\":\"https:\/\/www.lourdes-france.org\/nl\/expliquez-moi-les-apparitions\/#breadcrumb\"},\"inLanguage\":\"nl-NL\",\"potentialAction\":[{\"@type\":\"ReadAction\",\"target\":[\"https:\/\/www.lourdes-france.org\/nl\/expliquez-moi-les-apparitions\/\"]}]},{\"@type\":\"ImageObject\",\"inLanguage\":\"nl-NL\",\"@id\":\"https:\/\/www.lourdes-france.org\/nl\/expliquez-moi-les-apparitions\/#primaryimage\",\"url\":\"http:\/\/www.lourdes-france.org\/wp-content\/uploads\/2019\/06\/2K8_APPARITIONS-18.jpg\",\"contentUrl\":\"http:\/\/www.lourdes-france.org\/wp-content\/uploads\/2019\/06\/2K8_APPARITIONS-18.jpg\"},{\"@type\":\"BreadcrumbList\",\"@id\":\"https:\/\/www.lourdes-france.org\/nl\/expliquez-moi-les-apparitions\/#breadcrumb\",\"itemListElement\":[{\"@type\":\"ListItem\",\"position\":1,\"name\":\"Accueil\",\"item\":\"https:\/\/www.lourdes-france.org\/\"},{\"@type\":\"ListItem\",\"position\":2,\"name\":\"Vrijdag 16 juli 1858 Evocatie van de 18e verschijning\"}]},{\"@type\":\"WebSite\",\"@id\":\"https:\/\/preprod-lourdes.cawita.com\/#website\",\"url\":\"https:\/\/preprod-lourdes.cawita.com\/\",\"name\":\"Soutenir le Sanctuaire Notre-Dame de Lourdes\",\"description\":\"\",\"potentialAction\":[{\"@type\":\"SearchAction\",\"target\":{\"@type\":\"EntryPoint\",\"urlTemplate\":\"https:\/\/preprod-lourdes.cawita.com\/?s={search_term_string}\"},\"query-input\":{\"@type\":\"PropertyValueSpecification\",\"valueRequired\":true,\"valueName\":\"search_term_string\"}}],\"inLanguage\":\"nl-NL\"}]}<\/script>\n<!-- \/ Yoast SEO plugin. -->","yoast_head_json":{"title":"Vrijdag 16 juli 1858 Evocatie van de 18e verschijning","robots":{"index":"index","follow":"follow","max-snippet":"max-snippet:-1","max-image-preview":"max-image-preview:large","max-video-preview":"max-video-preview:-1"},"canonical":"https:\/\/www.lourdes-france.org\/nl\/expliquez-moi-les-apparitions\/","twitter_misc":{"Geschatte leestijd":"2 minuten"},"schema":{"@context":"https:\/\/schema.org","@graph":[{"@type":"WebPage","@id":"https:\/\/www.lourdes-france.org\/nl\/expliquez-moi-les-apparitions\/","url":"https:\/\/www.lourdes-france.org\/nl\/expliquez-moi-les-apparitions\/","name":"Vrijdag 16 juli 1858 Evocatie van de 18e verschijning","isPartOf":{"@id":"https:\/\/preprod-lourdes.cawita.com\/#website"},"primaryImageOfPage":{"@id":"https:\/\/www.lourdes-france.org\/nl\/expliquez-moi-les-apparitions\/#primaryimage"},"image":{"@id":"https:\/\/www.lourdes-france.org\/nl\/expliquez-moi-les-apparitions\/#primaryimage"},"thumbnailUrl":"http:\/\/www.lourdes-france.org\/wp-content\/uploads\/2019\/06\/2K8_APPARITIONS-18.jpg","datePublished":"2019-02-11T13:53:05+00:00","dateModified":"2021-03-02T15:09:43+00:00","breadcrumb":{"@id":"https:\/\/www.lourdes-france.org\/nl\/expliquez-moi-les-apparitions\/#breadcrumb"},"inLanguage":"nl-NL","potentialAction":[{"@type":"ReadAction","target":["https:\/\/www.lourdes-france.org\/nl\/expliquez-moi-les-apparitions\/"]}]},{"@type":"ImageObject","inLanguage":"nl-NL","@id":"https:\/\/www.lourdes-france.org\/nl\/expliquez-moi-les-apparitions\/#primaryimage","url":"http:\/\/www.lourdes-france.org\/wp-content\/uploads\/2019\/06\/2K8_APPARITIONS-18.jpg","contentUrl":"http:\/\/www.lourdes-france.org\/wp-content\/uploads\/2019\/06\/2K8_APPARITIONS-18.jpg"},{"@type":"BreadcrumbList","@id":"https:\/\/www.lourdes-france.org\/nl\/expliquez-moi-les-apparitions\/#breadcrumb","itemListElement":[{"@type":"ListItem","position":1,"name":"Accueil","item":"https:\/\/www.lourdes-france.org\/"},{"@type":"ListItem","position":2,"name":"Vrijdag 16 juli 1858 Evocatie van de 18e verschijning"}]},{"@type":"WebSite","@id":"https:\/\/preprod-lourdes.cawita.com\/#website","url":"https:\/\/preprod-lourdes.cawita.com\/","name":"Soutenir le Sanctuaire Notre-Dame de Lourdes","description":"","potentialAction":[{"@type":"SearchAction","target":{"@type":"EntryPoint","urlTemplate":"https:\/\/preprod-lourdes.cawita.com\/?s={search_term_string}"},"query-input":{"@type":"PropertyValueSpecification","valueRequired":true,"valueName":"search_term_string"}}],"inLanguage":"nl-NL"}]}},"_links":{"self":[{"href":"https:\/\/www.lourdes-france.org\/nl\/wp-json\/wp\/v2\/pages\/29393","targetHints":{"allow":["GET"]}}],"collection":[{"href":"https:\/\/www.lourdes-france.org\/nl\/wp-json\/wp\/v2\/pages"}],"about":[{"href":"https:\/\/www.lourdes-france.org\/nl\/wp-json\/wp\/v2\/types\/page"}],"author":[{"embeddable":true,"href":"https:\/\/www.lourdes-france.org\/nl\/wp-json\/wp\/v2\/users\/7"}],"replies":[{"embeddable":true,"href":"https:\/\/www.lourdes-france.org\/nl\/wp-json\/wp\/v2\/comments?post=29393"}],"version-history":[{"count":38,"href":"https:\/\/www.lourdes-france.org\/nl\/wp-json\/wp\/v2\/pages\/29393\/revisions"}],"predecessor-version":[{"id":55797,"href":"https:\/\/www.lourdes-france.org\/nl\/wp-json\/wp\/v2\/pages\/29393\/revisions\/55797"}],"wp:attachment":[{"href":"https:\/\/www.lourdes-france.org\/nl\/wp-json\/wp\/v2\/media?parent=29393"}],"curies":[{"name":"wp","href":"https:\/\/api.w.org\/{rel}","templated":true}]}}