{"id":648095,"date":"2021-05-27T00:00:15","date_gmt":"2021-05-26T22:00:15","guid":{"rendered":"https:\/\/www.lourdes-france.org\/horaires-ecrans-samedi\/"},"modified":"2022-10-08T16:32:12","modified_gmt":"2022-10-08T14:32:12","slug":"horaires-ecrans-samedi","status":"publish","type":"page","link":"https:\/\/www.lourdes-france.org\/nl\/horaires-ecrans-samedi\/","title":{"rendered":"Horaires \u00e9crans &#8211; Samedi"},"content":{"rendered":"\t\t<div data-elementor-type=\"wp-page\" data-elementor-id=\"648095\" class=\"elementor elementor-648095 elementor-646534\" data-elementor-post-type=\"page\">\n\t\t\t\t\t\t<section class=\"elementor-section elementor-inner-section elementor-element elementor-element-1950df68 elementor-section-height-min-height elementor-section-boxed elementor-section-height-default\" data-id=\"1950df68\" data-element_type=\"section\">\n\t\t\t\t\t\t<div class=\"elementor-container elementor-column-gap-default\">\n\t\t\t\t\t<div class=\"elementor-column elementor-col-33 elementor-inner-column elementor-element elementor-element-ede27e7 special-ecran-signaletique ecran-signaletique-col-1\" data-id=\"ede27e7\" data-element_type=\"column\">\n\t\t\t<div class=\"elementor-widget-wrap elementor-element-populated\">\n\t\t\t\t\t\t<div class=\"elementor-element elementor-element-805ffb7 ecran-signaletique-drapeau actif elementor-widget elementor-widget-image\" data-id=\"805ffb7\" data-element_type=\"widget\" data-widget_type=\"image.default\">\n\t\t\t\t<div class=\"elementor-widget-container\">\n\t\t\t\t\t\t\t\t\t\t\t\t\t\t\t<img decoding=\"async\" src=\"https:\/\/www.lourdes-france.org\/wp-content\/uploads\/elementor\/thumbs\/Drapeau-France-p0ydy49dql35yl0d2wcnrntuwoahchoo37t23rynhw.png\" title=\"Drapeau-France\" alt=\"Drapeau-France\" loading=\"lazy\" \/>\t\t\t\t\t\t\t\t\t\t\t\t\t\t\t<\/div>\n\t\t\t\t<\/div>\n\t\t\t\t<div class=\"elementor-element elementor-element-545ed59 ecran-signaletique-drapeau elementor-widget elementor-widget-image\" data-id=\"545ed59\" data-element_type=\"widget\" data-widget_type=\"image.default\">\n\t\t\t\t<div class=\"elementor-widget-container\">\n\t\t\t\t\t\t\t\t\t\t\t\t\t\t\t<img decoding=\"async\" src=\"https:\/\/www.lourdes-france.org\/wp-content\/uploads\/elementor\/thumbs\/Drapeau-Italie-p0ydy577mgfcdoxkbojht4vq8q3xw8zgyeb91paybe.png\" title=\"Drapeau-Italie\" alt=\"Drapeau-Italie\" loading=\"lazy\" \/>\t\t\t\t\t\t\t\t\t\t\t\t\t\t\t<\/div>\n\t\t\t\t<\/div>\n\t\t\t\t<div class=\"elementor-element elementor-element-11cf175 ecran-signaletique-drapeau elementor-widget elementor-widget-image\" data-id=\"11cf175\" data-element_type=\"widget\" data-widget_type=\"image.default\">\n\t\t\t\t<div class=\"elementor-widget-container\">\n\t\t\t\t\t\t\t\t\t\t\t\t\t\t\t<img decoding=\"async\" src=\"https:\/\/www.lourdes-france.org\/wp-content\/uploads\/elementor\/thumbs\/Drapeau-Royaume-unis-p0ydy72w04hx0wuu0pcqy4enfhuobn6xmnm80985yy.png\" title=\"Drapeau-Royaume-unis\" alt=\"Drapeau-Royaume-unis\" loading=\"lazy\" \/>\t\t\t\t\t\t\t\t\t\t\t\t\t\t\t<\/div>\n\t\t\t\t<\/div>\n\t\t\t\t<div class=\"elementor-element elementor-element-91975a9 ecran-signaletique-drapeau elementor-widget elementor-widget-image\" data-id=\"91975a9\" data-element_type=\"widget\" data-widget_type=\"image.default\">\n\t\t\t\t<div class=\"elementor-widget-container\">\n\t\t\t\t\t\t\t\t\t\t\t\t\t\t\t<img decoding=\"async\" src=\"https:\/\/www.lourdes-france.org\/wp-content\/uploads\/elementor\/thumbs\/Drapeau-Espagne-p0ydy3bj8scrqh0amnq8o5ct1yd7gus0a50a35dqnu.png\" title=\"Drapeau-Espagne\" alt=\"Drapeau-Espagne\" loading=\"lazy\" \/>\t\t\t\t\t\t\t\t\t\t\t\t\t\t\t<\/div>\n\t\t\t\t<\/div>\n\t\t\t\t<div class=\"elementor-element elementor-element-acf4361 ecran-signaletique-drapeau elementor-widget elementor-widget-image\" data-id=\"acf4361\" data-element_type=\"widget\" data-widget_type=\"image.default\">\n\t\t\t\t<div class=\"elementor-widget-container\">\n\t\t\t\t\t\t\t\t\t\t\t\t\t\t\t<img decoding=\"async\" src=\"https:\/\/www.lourdes-france.org\/wp-content\/uploads\/elementor\/thumbs\/Drapeau-Allemagne-p0ydy2dp1ybhev1ns5bm3nlcgkhu95o9y0cslvf4u2.png\" title=\"Drapeau-Allemagne\" alt=\"Drapeau-Allemagne\" loading=\"lazy\" \/>\t\t\t\t\t\t\t\t\t\t\t\t\t\t\t<\/div>\n\t\t\t\t<\/div>\n\t\t\t\t<div class=\"elementor-element elementor-element-2ebfaf6 ecran-signaletique-drapeau elementor-widget elementor-widget-image\" data-id=\"2ebfaf6\" data-element_type=\"widget\" data-widget_type=\"image.default\">\n\t\t\t\t<div class=\"elementor-widget-container\">\n\t\t\t\t\t\t\t\t\t\t\t\t\t\t\t<img decoding=\"async\" src=\"https:\/\/www.lourdes-france.org\/wp-content\/uploads\/elementor\/thumbs\/Drapeau-Pays-bas-p0ydy651tagmpaw766y4dmn6u3zb3y37aiyqiz9k56.png\" title=\"Drapeau-Pays-bas\" alt=\"Drapeau-Pays-bas\" loading=\"lazy\" \/>\t\t\t\t\t\t\t\t\t\t\t\t\t\t\t<\/div>\n\t\t\t\t<\/div>\n\t\t\t\t<div class=\"elementor-element elementor-element-4604e8f ecran-signaletique-drapeau elementor-widget elementor-widget-image\" data-id=\"4604e8f\" data-element_type=\"widget\" data-widget_type=\"image.default\">\n\t\t\t\t<div class=\"elementor-widget-container\">\n\t\t\t\t\t\t\t\t\t\t\t\t\t\t\t<img decoding=\"async\" src=\"https:\/\/www.lourdes-france.org\/wp-content\/uploads\/elementor\/thumbs\/Drapeau-Polonais-p9pxi8zylu2s5msvz0rgcijgcknyrqqjjsiop3sw8q.png\" title=\"Drapeau-Polonais\" alt=\"Drapeau-Polonais\" loading=\"lazy\" \/>\t\t\t\t\t\t\t\t\t\t\t\t\t\t\t<\/div>\n\t\t\t\t<\/div>\n\t\t\t\t\t<\/div>\n\t\t<\/div>\n\t\t\t\t<div class=\"elementor-column elementor-col-33 elementor-inner-column elementor-element elementor-element-1c21aa85 ecran-signaletique-col-2\" data-id=\"1c21aa85\" data-element_type=\"column\">\n\t\t\t<div class=\"elementor-widget-wrap elementor-element-populated\">\n\t\t\t\t\t\t<div class=\"elementor-element elementor-element-1d1bd13b ecran-signaletique-titre elementor-widget elementor-widget-heading\" data-id=\"1d1bd13b\" data-element_type=\"widget\" data-widget_type=\"heading.default\">\n\t\t\t\t<div class=\"elementor-widget-container\">\n\t\t\t\t\t<h1 class=\"elementor-heading-title elementor-size-default\">Horaires de messe<\/h1>\t\t\t\t<\/div>\n\t\t\t\t<\/div>\n\t\t\t\t<div class=\"elementor-element elementor-element-5ee8053 ecran-signaletique-horaires elementor-widget elementor-widget-text-editor\" data-id=\"5ee8053\" data-element_type=\"widget\" data-widget_type=\"text-editor.default\">\n\t\t\t\t<div class=\"elementor-widget-container\">\n\t\t\t\t\t\t\t\t\t<p><strong>07h00<\/strong> &#8211; Crypte<br \/><strong>08h00<\/strong> &#8211; Chapelle de l&#8217;Adoration<br \/><strong>10h00<\/strong> &#8211; Grotte<br \/><strong>10h00 &#8211; <\/strong>Crypte <em>(Chant\u00e9e en Gr\u00e9gorien)<\/em><strong><br \/>11h15<\/strong> &#8211; Basilique ND du Rosaire<br \/><strong>18h30<\/strong> &#8211; Hospitalet <em>(forme extraordinaire)<\/em><br \/><b>18h30<\/b> &#8211; Basilique ND du Rosaire (messe anticip\u00e9e)<br \/><strong>22h30<\/strong> &#8211; Grotte<\/p>\t\t\t\t\t\t\t\t<\/div>\n\t\t\t\t<\/div>\n\t\t\t\t<div class=\"elementor-element elementor-element-73dcf779 ecran-signaletique-titre elementor-widget elementor-widget-heading\" data-id=\"73dcf779\" data-element_type=\"widget\" data-widget_type=\"heading.default\">\n\t\t\t\t<div class=\"elementor-widget-container\">\n\t\t\t\t\t<h1 class=\"elementor-heading-title elementor-size-default\">Autres c\u00e9l\u00e9brations<\/h1>\t\t\t\t<\/div>\n\t\t\t\t<\/div>\n\t\t\t\t<div class=\"elementor-element elementor-element-132f9e7 elementor-widget elementor-widget-text-editor\" data-id=\"132f9e7\" data-element_type=\"widget\" data-widget_type=\"text-editor.default\">\n\t\t\t\t<div class=\"elementor-widget-container\">\n\t\t\t\t\t\t\t\t\t<ul><li>Chapelet \u00e0 la Grotte \u00a0 \u00a0 \u00a0 \u00a0 \u00a0 \u00a0 \u00a0 \u00a0 \u00a0 \u00a0 \u00a0 \u00a0 \u00a0 \u00a0 \u00a0 \u00a0 \u00a0 \u00a0 \u00a0 \u00a0 <b>15h30<\/b><\/li><li>Adoration &#8211; Chapelle de l&#8217;Adoration <b>09h00-17h00<\/b><\/li><li>Confessions \u00a0 \u00a0 \u00a0 \u00a0 \u00a0 \u00a0\u00a0\u00a0\u00a0\u00a0\u00a0\u00a0\u00a0\u00a0\u00a0\u00a0\u00a0\u00a0\u00a0\u00a0\u00a0\u00a0\u00a0\u00a0\u00a0\u00a0\u00a0\u00a0\u00a0 <b>09h00-10h00 &amp; 14h30-18h00<\/b><\/li><li>Chemin de croix<br \/><strong>9h30<\/strong><\/li><li>Procession Eucharistique \u00a0 \u00a0 \u00a0\u00a0\u00a0\u00a0\u00a0\u00a0\u00a0\u00a0\u00a0\u00a0\u00a0\u00a0\u00a0\u00a0\u00a0\u00a0\u00a0\u00a0 <b>17h00<\/b><\/li><li>Procession aux flambeaux \u00a0 \u00a0 \u00a0 \u00a0 \u00a0 \u00a0 \u00a0 \u00a0 \u00a0 \u00a0 \u00a0 \u00a0 \u00a0 \u00a0 \u00a0<b>21h00<br \/><\/b><\/li><\/ul>\t\t\t\t\t\t\t\t<\/div>\n\t\t\t\t<\/div>\n\t\t\t\t<div class=\"elementor-element elementor-element-75bbd4c ecran-signaletique-titre elementor-widget elementor-widget-heading\" data-id=\"75bbd4c\" data-element_type=\"widget\" data-widget_type=\"heading.default\">\n\t\t\t\t<div class=\"elementor-widget-container\">\n\t\t\t\t\t<h1 class=\"elementor-heading-title elementor-size-default\">Geste de l\u2019eau<\/h1>\t\t\t\t<\/div>\n\t\t\t\t<\/div>\n\t\t\t\t<div class=\"elementor-element elementor-element-c6c6726 elementor-widget elementor-widget-text-editor\" data-id=\"c6c6726\" data-element_type=\"widget\" data-widget_type=\"text-editor.default\">\n\t\t\t\t<div class=\"elementor-widget-container\">\n\t\t\t\t\t\t\t\t\t<p>Aux Piscines &nbsp; &nbsp; &nbsp; &nbsp; &nbsp; &nbsp; &nbsp;<b>09h00-11h30 &amp; 14h00-16h30<\/b><span style=\"font-size: 1.25em\">&nbsp;<\/span><\/p>\t\t\t\t\t\t\t\t<\/div>\n\t\t\t\t<\/div>\n\t\t\t\t\t<\/div>\n\t\t<\/div>\n\t\t\t\t<div class=\"elementor-column elementor-col-33 elementor-inner-column elementor-element elementor-element-244bfeb5 special-ecran-signaletique ecran-signaletique-col-3\" data-id=\"244bfeb5\" data-element_type=\"column\" data-settings=\"{&quot;background_background&quot;:&quot;classic&quot;}\">\n\t\t\t<div class=\"elementor-widget-wrap elementor-element-populated\">\n\t\t\t\t\t\t<div class=\"elementor-element elementor-element-b9e1ffe ecran-signaletique-titre elementor-widget elementor-widget-heading\" data-id=\"b9e1ffe\" data-element_type=\"widget\" data-widget_type=\"heading.default\">\n\t\t\t\t<div class=\"elementor-widget-container\">\n\t\t\t\t\t<h1 class=\"elementor-heading-title elementor-size-default\">Aujourd'hui<div>au Centre d'Informations<\/div><\/h1>\t\t\t\t<\/div>\n\t\t\t\t<\/div>\n\t\t\t\t<div class=\"elementor-element elementor-element-880d035 ecran-signaletique-horaires elementor-widget elementor-widget-text-editor\" data-id=\"880d035\" data-element_type=\"widget\" data-widget_type=\"text-editor.default\">\n\t\t\t\t<div class=\"elementor-widget-container\">\n\t\t\t\t\t\t\t\t\t<p><strong>11h00<\/strong> &#8211; Conf\u00e9rence sur le Message de Lourdes<br \/><strong>14h00<\/strong> &#8211; Visite &#8220;Sur Les Pas de Bernadette&#8221;<br \/><strong>16h15<\/strong> &#8211; Conf\u00e9rence mariale<br \/><i><br \/><\/i><\/p>\t\t\t\t\t\t\t\t<\/div>\n\t\t\t\t<\/div>\n\t\t\t\t<div class=\"elementor-element elementor-element-c9c709e ecran-signaletique-slider elementor-widget elementor-widget-image-carousel\" data-id=\"c9c709e\" data-element_type=\"widget\" data-settings=\"{&quot;slides_to_show&quot;:&quot;1&quot;,&quot;navigation&quot;:&quot;none&quot;,&quot;effect&quot;:&quot;fade&quot;,&quot;autoplay&quot;:&quot;yes&quot;,&quot;pause_on_hover&quot;:&quot;yes&quot;,&quot;pause_on_interaction&quot;:&quot;yes&quot;,&quot;autoplay_speed&quot;:5000,&quot;infinite&quot;:&quot;yes&quot;,&quot;speed&quot;:500}\" data-widget_type=\"image-carousel.default\">\n\t\t\t\t<div class=\"elementor-widget-container\">\n\t\t\t\t\t\t\t<div class=\"elementor-image-carousel-wrapper swiper\" role=\"region\" aria-roledescription=\"carousel\" aria-label=\"Afbeelding carrousel\" dir=\"ltr\">\n\t\t\t<div class=\"elementor-image-carousel swiper-wrapper\" aria-live=\"off\">\n\t\t\t\t\t\t\t\t<div class=\"swiper-slide\" role=\"group\" aria-roledescription=\"slide\" aria-label=\"1 van 3\"><figure class=\"swiper-slide-inner\"><img decoding=\"async\" class=\"swiper-slide-image\" src=\"https:\/\/www.lourdes-france.org\/wp-content\/uploads\/elementor\/thumbs\/gestedeleau-2-p61bwd3aihblb3egweg58g5tvsynpnd5mz8n50hns0.jpg\" alt=\"Oc\u00e9ane, stagiaire. Droits OK\" \/><\/figure><\/div><div class=\"swiper-slide\" role=\"group\" aria-roledescription=\"slide\" aria-label=\"2 van 3\"><figure class=\"swiper-slide-inner\"><img decoding=\"async\" class=\"swiper-slide-image\" src=\"https:\/\/www.lourdes-france.org\/wp-content\/uploads\/elementor\/thumbs\/cierge-notre-dame-paris-380-p61bybl6r203huk2gqx5xgdefpb6qy50wo624rl4tc.jpg\" alt=\"cierge-notre-dame-paris-380\" \/><\/figure><\/div><div class=\"swiper-slide\" role=\"group\" aria-roledescription=\"slide\" aria-label=\"3 van 3\"><figure class=\"swiper-slide-inner\"><img decoding=\"async\" class=\"swiper-slide-image\" src=\"https:\/\/www.lourdes-france.org\/wp-content\/uploads\/elementor\/thumbs\/main_chapelet_rocher_grotte-p8r4jjl2bn6in1uzqu6im8yib3yj0f07vh75m543a8.jpg\" alt=\"main_chapelet_rocher_grotte\" \/><\/figure><\/div>\t\t\t<\/div>\n\t\t\t\t\t\t\t\n\t\t\t\t\t\t\t\t\t<\/div>\n\t\t\t\t\t\t<\/div>\n\t\t\t\t<\/div>\n\t\t\t\t\t<\/div>\n\t\t<\/div>\n\t\t\t\t\t<\/div>\n\t\t<\/section>\n\t\t\t\t<\/div>\n\t\t","protected":false},"excerpt":{"rendered":"<p>Horaires de messe 07h00 &#8211; Crypte08h00 &#8211; Chapelle de l&#8217;Adoration10h00 &#8211; Grotte10h00 &#8211; Crypte (Chant\u00e9e en Gr\u00e9gorien)11h15 &#8211; Basilique ND du Rosaire18h30 &#8211; Hospitalet (forme extraordinaire)18h30 &#8211; Basilique ND du Rosaire (messe anticip\u00e9e)22h30 &#8211; Grotte Autres c\u00e9l\u00e9brations Chapelet \u00e0 la &hellip; <a href=\"https:\/\/www.lourdes-france.org\/nl\/horaires-ecrans-samedi\/\">Vervolgd<\/a><\/p>\n","protected":false},"author":22,"featured_media":0,"parent":0,"menu_order":0,"comment_status":"closed","ping_status":"closed","template":"","meta":{"_acf_changed":false,"footnotes":""},"class_list":["post-648095","page","type-page","status-publish","hentry"],"acf":[],"yoast_head":"<!-- This site is optimized with the Yoast SEO plugin v24.7 - https:\/\/yoast.com\/wordpress\/plugins\/seo\/ -->\n<title>Horaires \u00e9crans - Samedi<\/title>\n<meta name=\"robots\" content=\"index, follow, max-snippet:-1, max-image-preview:large, max-video-preview:-1\" \/>\n<link rel=\"canonical\" href=\"https:\/\/www.lourdes-france.org\/nl\/horaires-ecrans-samedi\/\" \/>\n<meta name=\"twitter:label1\" content=\"Geschatte leestijd\" \/>\n\t<meta name=\"twitter:data1\" content=\"7 minuten\" \/>\n<script type=\"application\/ld+json\" class=\"yoast-schema-graph\">{\"@context\":\"https:\/\/schema.org\",\"@graph\":[{\"@type\":\"WebPage\",\"@id\":\"https:\/\/www.lourdes-france.org\/nl\/horaires-ecrans-samedi\/\",\"url\":\"https:\/\/www.lourdes-france.org\/nl\/horaires-ecrans-samedi\/\",\"name\":\"Horaires \u00e9crans - Samedi\",\"isPartOf\":{\"@id\":\"https:\/\/preprod-lourdes.cawita.com\/#website\"},\"primaryImageOfPage\":{\"@id\":\"https:\/\/www.lourdes-france.org\/nl\/horaires-ecrans-samedi\/#primaryimage\"},\"image\":{\"@id\":\"https:\/\/www.lourdes-france.org\/nl\/horaires-ecrans-samedi\/#primaryimage\"},\"thumbnailUrl\":\"https:\/\/www.lourdes-france.org\/wp-content\/uploads\/elementor\/thumbs\/Drapeau-France-p0ydy49dql35yl0d2wcnrntuwoahchoo37t23rynhw.png\",\"datePublished\":\"2021-05-26T22:00:15+00:00\",\"dateModified\":\"2022-10-08T14:32:12+00:00\",\"breadcrumb\":{\"@id\":\"https:\/\/www.lourdes-france.org\/nl\/horaires-ecrans-samedi\/#breadcrumb\"},\"inLanguage\":\"nl-NL\",\"potentialAction\":[{\"@type\":\"ReadAction\",\"target\":[\"https:\/\/www.lourdes-france.org\/nl\/horaires-ecrans-samedi\/\"]}]},{\"@type\":\"ImageObject\",\"inLanguage\":\"nl-NL\",\"@id\":\"https:\/\/www.lourdes-france.org\/nl\/horaires-ecrans-samedi\/#primaryimage\",\"url\":\"https:\/\/www.lourdes-france.org\/wp-content\/uploads\/elementor\/thumbs\/Drapeau-France-p0ydy49dql35yl0d2wcnrntuwoahchoo37t23rynhw.png\",\"contentUrl\":\"https:\/\/www.lourdes-france.org\/wp-content\/uploads\/elementor\/thumbs\/Drapeau-France-p0ydy49dql35yl0d2wcnrntuwoahchoo37t23rynhw.png\"},{\"@type\":\"BreadcrumbList\",\"@id\":\"https:\/\/www.lourdes-france.org\/nl\/horaires-ecrans-samedi\/#breadcrumb\",\"itemListElement\":[{\"@type\":\"ListItem\",\"position\":1,\"name\":\"Accueil\",\"item\":\"https:\/\/www.lourdes-france.org\/\"},{\"@type\":\"ListItem\",\"position\":2,\"name\":\"Horaires \u00e9crans &#8211; Samedi\"}]},{\"@type\":\"WebSite\",\"@id\":\"https:\/\/preprod-lourdes.cawita.com\/#website\",\"url\":\"https:\/\/preprod-lourdes.cawita.com\/\",\"name\":\"Soutenir le Sanctuaire Notre-Dame de Lourdes\",\"description\":\"\",\"potentialAction\":[{\"@type\":\"SearchAction\",\"target\":{\"@type\":\"EntryPoint\",\"urlTemplate\":\"https:\/\/preprod-lourdes.cawita.com\/?s={search_term_string}\"},\"query-input\":{\"@type\":\"PropertyValueSpecification\",\"valueRequired\":true,\"valueName\":\"search_term_string\"}}],\"inLanguage\":\"nl-NL\"}]}<\/script>\n<!-- \/ Yoast SEO plugin. -->","yoast_head_json":{"title":"Horaires \u00e9crans - Samedi","robots":{"index":"index","follow":"follow","max-snippet":"max-snippet:-1","max-image-preview":"max-image-preview:large","max-video-preview":"max-video-preview:-1"},"canonical":"https:\/\/www.lourdes-france.org\/nl\/horaires-ecrans-samedi\/","twitter_misc":{"Geschatte leestijd":"7 minuten"},"schema":{"@context":"https:\/\/schema.org","@graph":[{"@type":"WebPage","@id":"https:\/\/www.lourdes-france.org\/nl\/horaires-ecrans-samedi\/","url":"https:\/\/www.lourdes-france.org\/nl\/horaires-ecrans-samedi\/","name":"Horaires \u00e9crans - Samedi","isPartOf":{"@id":"https:\/\/preprod-lourdes.cawita.com\/#website"},"primaryImageOfPage":{"@id":"https:\/\/www.lourdes-france.org\/nl\/horaires-ecrans-samedi\/#primaryimage"},"image":{"@id":"https:\/\/www.lourdes-france.org\/nl\/horaires-ecrans-samedi\/#primaryimage"},"thumbnailUrl":"https:\/\/www.lourdes-france.org\/wp-content\/uploads\/elementor\/thumbs\/Drapeau-France-p0ydy49dql35yl0d2wcnrntuwoahchoo37t23rynhw.png","datePublished":"2021-05-26T22:00:15+00:00","dateModified":"2022-10-08T14:32:12+00:00","breadcrumb":{"@id":"https:\/\/www.lourdes-france.org\/nl\/horaires-ecrans-samedi\/#breadcrumb"},"inLanguage":"nl-NL","potentialAction":[{"@type":"ReadAction","target":["https:\/\/www.lourdes-france.org\/nl\/horaires-ecrans-samedi\/"]}]},{"@type":"ImageObject","inLanguage":"nl-NL","@id":"https:\/\/www.lourdes-france.org\/nl\/horaires-ecrans-samedi\/#primaryimage","url":"https:\/\/www.lourdes-france.org\/wp-content\/uploads\/elementor\/thumbs\/Drapeau-France-p0ydy49dql35yl0d2wcnrntuwoahchoo37t23rynhw.png","contentUrl":"https:\/\/www.lourdes-france.org\/wp-content\/uploads\/elementor\/thumbs\/Drapeau-France-p0ydy49dql35yl0d2wcnrntuwoahchoo37t23rynhw.png"},{"@type":"BreadcrumbList","@id":"https:\/\/www.lourdes-france.org\/nl\/horaires-ecrans-samedi\/#breadcrumb","itemListElement":[{"@type":"ListItem","position":1,"name":"Accueil","item":"https:\/\/www.lourdes-france.org\/"},{"@type":"ListItem","position":2,"name":"Horaires \u00e9crans &#8211; Samedi"}]},{"@type":"WebSite","@id":"https:\/\/preprod-lourdes.cawita.com\/#website","url":"https:\/\/preprod-lourdes.cawita.com\/","name":"Soutenir le Sanctuaire Notre-Dame de Lourdes","description":"","potentialAction":[{"@type":"SearchAction","target":{"@type":"EntryPoint","urlTemplate":"https:\/\/preprod-lourdes.cawita.com\/?s={search_term_string}"},"query-input":{"@type":"PropertyValueSpecification","valueRequired":true,"valueName":"search_term_string"}}],"inLanguage":"nl-NL"}]}},"_links":{"self":[{"href":"https:\/\/www.lourdes-france.org\/nl\/wp-json\/wp\/v2\/pages\/648095","targetHints":{"allow":["GET"]}}],"collection":[{"href":"https:\/\/www.lourdes-france.org\/nl\/wp-json\/wp\/v2\/pages"}],"about":[{"href":"https:\/\/www.lourdes-france.org\/nl\/wp-json\/wp\/v2\/types\/page"}],"author":[{"embeddable":true,"href":"https:\/\/www.lourdes-france.org\/nl\/wp-json\/wp\/v2\/users\/22"}],"replies":[{"embeddable":true,"href":"https:\/\/www.lourdes-france.org\/nl\/wp-json\/wp\/v2\/comments?post=648095"}],"version-history":[{"count":13,"href":"https:\/\/www.lourdes-france.org\/nl\/wp-json\/wp\/v2\/pages\/648095\/revisions"}],"predecessor-version":[{"id":882342,"href":"https:\/\/www.lourdes-france.org\/nl\/wp-json\/wp\/v2\/pages\/648095\/revisions\/882342"}],"wp:attachment":[{"href":"https:\/\/www.lourdes-france.org\/nl\/wp-json\/wp\/v2\/media?parent=648095"}],"curies":[{"name":"wp","href":"https:\/\/api.w.org\/{rel}","templated":true}]}}