{"id":648122,"date":"2021-05-21T14:47:32","date_gmt":"2021-05-21T12:47:32","guid":{"rendered":"https:\/\/www.lourdes-france.org\/horaires-ecrans-mercredi\/"},"modified":"2022-10-08T16:30:40","modified_gmt":"2022-10-08T14:30:40","slug":"horaires-ecrans-mercredi","status":"publish","type":"page","link":"https:\/\/www.lourdes-france.org\/nl\/horaires-ecrans-mercredi\/","title":{"rendered":"Horaires \u00e9crans &#8211; Mercredi"},"content":{"rendered":"\t\t<div data-elementor-type=\"wp-page\" data-elementor-id=\"648122\" class=\"elementor elementor-648122 elementor-646524\" data-elementor-post-type=\"page\">\n\t\t\t\t\t\t<section class=\"elementor-section elementor-inner-section elementor-element elementor-element-2a0b4014 elementor-section-height-min-height elementor-section-boxed elementor-section-height-default\" data-id=\"2a0b4014\" data-element_type=\"section\">\n\t\t\t\t\t\t<div class=\"elementor-container elementor-column-gap-default\">\n\t\t\t\t\t<div class=\"elementor-column elementor-col-33 elementor-inner-column elementor-element elementor-element-b67f236 special-ecran-signaletique ecran-signaletique-col-1\" data-id=\"b67f236\" data-element_type=\"column\">\n\t\t\t<div class=\"elementor-widget-wrap elementor-element-populated\">\n\t\t\t\t\t\t<div class=\"elementor-element elementor-element-4842593 ecran-signaletique-drapeau actif elementor-widget elementor-widget-image\" data-id=\"4842593\" data-element_type=\"widget\" data-widget_type=\"image.default\">\n\t\t\t\t<div class=\"elementor-widget-container\">\n\t\t\t\t\t\t\t\t\t\t\t\t\t\t\t<img decoding=\"async\" src=\"https:\/\/www.lourdes-france.org\/wp-content\/uploads\/elementor\/thumbs\/Drapeau-France-p0ydy49dql35yl0d2wcnrntuwoahchoo37t23rynhw.png\" title=\"Drapeau-France\" alt=\"Drapeau-France\" loading=\"lazy\" \/>\t\t\t\t\t\t\t\t\t\t\t\t\t\t\t<\/div>\n\t\t\t\t<\/div>\n\t\t\t\t<div class=\"elementor-element elementor-element-5d731eb ecran-signaletique-drapeau elementor-widget elementor-widget-image\" data-id=\"5d731eb\" data-element_type=\"widget\" data-widget_type=\"image.default\">\n\t\t\t\t<div class=\"elementor-widget-container\">\n\t\t\t\t\t\t\t\t\t\t\t\t\t\t\t<img decoding=\"async\" src=\"https:\/\/www.lourdes-france.org\/wp-content\/uploads\/elementor\/thumbs\/Drapeau-Italie-p0ydy577mgfcdoxkbojht4vq8q3xw8zgyeb91paybe.png\" title=\"Drapeau-Italie\" alt=\"Drapeau-Italie\" loading=\"lazy\" \/>\t\t\t\t\t\t\t\t\t\t\t\t\t\t\t<\/div>\n\t\t\t\t<\/div>\n\t\t\t\t<div class=\"elementor-element elementor-element-c18f9ae ecran-signaletique-drapeau elementor-widget elementor-widget-image\" data-id=\"c18f9ae\" data-element_type=\"widget\" data-widget_type=\"image.default\">\n\t\t\t\t<div class=\"elementor-widget-container\">\n\t\t\t\t\t\t\t\t\t\t\t\t\t\t\t<img decoding=\"async\" src=\"https:\/\/www.lourdes-france.org\/wp-content\/uploads\/elementor\/thumbs\/Drapeau-Royaume-unis-p0ydy72w04hx0wuu0pcqy4enfhuobn6xmnm80985yy.png\" title=\"Drapeau-Royaume-unis\" alt=\"Drapeau-Royaume-unis\" loading=\"lazy\" \/>\t\t\t\t\t\t\t\t\t\t\t\t\t\t\t<\/div>\n\t\t\t\t<\/div>\n\t\t\t\t<div class=\"elementor-element elementor-element-0a67e2e ecran-signaletique-drapeau elementor-widget elementor-widget-image\" data-id=\"0a67e2e\" data-element_type=\"widget\" data-widget_type=\"image.default\">\n\t\t\t\t<div class=\"elementor-widget-container\">\n\t\t\t\t\t\t\t\t\t\t\t\t\t\t\t<img decoding=\"async\" src=\"https:\/\/www.lourdes-france.org\/wp-content\/uploads\/elementor\/thumbs\/Drapeau-Espagne-p0ydy3bj8scrqh0amnq8o5ct1yd7gus0a50a35dqnu.png\" title=\"Drapeau-Espagne\" alt=\"Drapeau-Espagne\" loading=\"lazy\" \/>\t\t\t\t\t\t\t\t\t\t\t\t\t\t\t<\/div>\n\t\t\t\t<\/div>\n\t\t\t\t<div class=\"elementor-element elementor-element-458eab4 ecran-signaletique-drapeau elementor-widget elementor-widget-image\" data-id=\"458eab4\" data-element_type=\"widget\" data-widget_type=\"image.default\">\n\t\t\t\t<div class=\"elementor-widget-container\">\n\t\t\t\t\t\t\t\t\t\t\t\t\t\t\t<img decoding=\"async\" src=\"https:\/\/www.lourdes-france.org\/wp-content\/uploads\/elementor\/thumbs\/Drapeau-Allemagne-p0ydy2dp1ybhev1ns5bm3nlcgkhu95o9y0cslvf4u2.png\" title=\"Drapeau-Allemagne\" alt=\"Drapeau-Allemagne\" loading=\"lazy\" \/>\t\t\t\t\t\t\t\t\t\t\t\t\t\t\t<\/div>\n\t\t\t\t<\/div>\n\t\t\t\t<div class=\"elementor-element elementor-element-c34a593 ecran-signaletique-drapeau elementor-widget elementor-widget-image\" data-id=\"c34a593\" data-element_type=\"widget\" data-widget_type=\"image.default\">\n\t\t\t\t<div class=\"elementor-widget-container\">\n\t\t\t\t\t\t\t\t\t\t\t\t\t\t\t<img decoding=\"async\" src=\"https:\/\/www.lourdes-france.org\/wp-content\/uploads\/elementor\/thumbs\/Drapeau-Pays-bas-p0ydy651tagmpaw766y4dmn6u3zb3y37aiyqiz9k56.png\" title=\"Drapeau-Pays-bas\" alt=\"Drapeau-Pays-bas\" loading=\"lazy\" \/>\t\t\t\t\t\t\t\t\t\t\t\t\t\t\t<\/div>\n\t\t\t\t<\/div>\n\t\t\t\t<div class=\"elementor-element elementor-element-6dcc559 ecran-signaletique-drapeau elementor-widget elementor-widget-image\" data-id=\"6dcc559\" data-element_type=\"widget\" data-widget_type=\"image.default\">\n\t\t\t\t<div class=\"elementor-widget-container\">\n\t\t\t\t\t\t\t\t\t\t\t\t\t\t\t<img decoding=\"async\" src=\"https:\/\/www.lourdes-france.org\/wp-content\/uploads\/elementor\/thumbs\/Drapeau-Polonais-p9pxi8zylu2s5msvz0rgcijgcknyrqqjjsiop3sw8q.png\" title=\"Drapeau-Polonais\" alt=\"Drapeau-Polonais\" loading=\"lazy\" \/>\t\t\t\t\t\t\t\t\t\t\t\t\t\t\t<\/div>\n\t\t\t\t<\/div>\n\t\t\t\t\t<\/div>\n\t\t<\/div>\n\t\t\t\t<div class=\"elementor-column elementor-col-33 elementor-inner-column elementor-element elementor-element-6eb250f0 ecran-signaletique-col-2\" data-id=\"6eb250f0\" data-element_type=\"column\">\n\t\t\t<div class=\"elementor-widget-wrap elementor-element-populated\">\n\t\t\t\t\t\t<div class=\"elementor-element elementor-element-37a0f5e7 ecran-signaletique-titre elementor-widget elementor-widget-heading\" data-id=\"37a0f5e7\" data-element_type=\"widget\" data-widget_type=\"heading.default\">\n\t\t\t\t<div class=\"elementor-widget-container\">\n\t\t\t\t\t<h1 class=\"elementor-heading-title elementor-size-default\">Horaires de messe<\/h1>\t\t\t\t<\/div>\n\t\t\t\t<\/div>\n\t\t\t\t<div class=\"elementor-element elementor-element-cbc2271 ecran-signaletique-horaires elementor-widget elementor-widget-text-editor\" data-id=\"cbc2271\" data-element_type=\"widget\" data-widget_type=\"text-editor.default\">\n\t\t\t\t<div class=\"elementor-widget-container\">\n\t\t\t\t\t\t\t\t\t<p><strong>07h00<\/strong> &#8211; Crypte<br \/><strong>08h00<\/strong> &#8211; Chapelle de l&#8217;Adoration<br \/><strong>09h30<\/strong> &#8211;<em> Messe Internationale<\/em>, Basilique Saint Pie X<br \/><strong>10h00<\/strong> &#8211; Grotte<br \/><strong>11h15<\/strong> &#8211; Basilique Notre-Dame du Rosaire<br \/><b>16h15<\/b> &#8211; Basilique Immacul\u00e9e Conception<br \/><strong>18h15<\/strong> &#8211; Hospitalet <em>(forme extraordinaire)<\/em><br \/><strong>22h30<\/strong> &#8211; Grotte<\/p>\t\t\t\t\t\t\t\t<\/div>\n\t\t\t\t<\/div>\n\t\t\t\t<div class=\"elementor-element elementor-element-50045bd1 ecran-signaletique-titre elementor-widget elementor-widget-heading\" data-id=\"50045bd1\" data-element_type=\"widget\" data-widget_type=\"heading.default\">\n\t\t\t\t<div class=\"elementor-widget-container\">\n\t\t\t\t\t<h1 class=\"elementor-heading-title elementor-size-default\">Autres c\u00e9l\u00e9brations<\/h1>\t\t\t\t<\/div>\n\t\t\t\t<\/div>\n\t\t\t\t<div class=\"elementor-element elementor-element-37a03be elementor-widget elementor-widget-text-editor\" data-id=\"37a03be\" data-element_type=\"widget\" data-widget_type=\"text-editor.default\">\n\t\t\t\t<div class=\"elementor-widget-container\">\n\t\t\t\t\t\t\t\t\t<ul><li>Chapelet \u00e0 la Grotte \u00a0 \u00a0 \u00a0 \u00a0 \u00a0 \u00a0 \u00a0 \u00a0 \u00a0 \u00a0 \u00a0 \u00a0 \u00a0 \u00a0 \u00a0 \u00a0 \u00a0 \u00a0 \u00a0 \u00a0 <b>15h30<\/b><\/li><li>Adoration &#8211; Chapelle de l&#8217;Adoration <b>09h00-18h00<\/b><\/li><li>Confessions \u00a0 \u00a0 \u00a0 \u00a0 \u00a0 \u00a0<b>\u00a0\u00a0\u00a0\u00a0\u00a0\u00a0\u00a0\u00a0\u00a0\u00a0\u00a0\u00a0\u00a0\u00a0\u00a0\u00a0\u00a0\u00a0\u00a0\u00a0\u00a0\u00a0\u00a0\u00a0\u00a0\u00a0\u00a0\u00a0 09h00-12h00 &amp; 14h30-18h00<\/b><\/li><li>Chemin de croix<br \/><strong>9h30<\/strong><\/li><li>Procession Eucharistique \u00a0 \u00a0 \u00a0\u00a0\u00a0\u00a0\u00a0\u00a0\u00a0\u00a0\u00a0\u00a0\u00a0\u00a0\u00a0\u00a0\u00a0\u00a0\u00a0\u00a0 <b>17h00<\/b><\/li><li>Procession aux flambeaux \u00a0 \u00a0 \u00a0 \u00a0 \u00a0 \u00a0 \u00a0 \u00a0 \u00a0 \u00a0 \u00a0 \u00a0 \u00a0 \u00a0 \u00a0<b>21h00<\/b>\u00a0<\/li><\/ul>\t\t\t\t\t\t\t\t<\/div>\n\t\t\t\t<\/div>\n\t\t\t\t<div class=\"elementor-element elementor-element-d71d6ab ecran-signaletique-titre elementor-widget elementor-widget-heading\" data-id=\"d71d6ab\" data-element_type=\"widget\" data-widget_type=\"heading.default\">\n\t\t\t\t<div class=\"elementor-widget-container\">\n\t\t\t\t\t<h1 class=\"elementor-heading-title elementor-size-default\">Geste de l\u2019eau<\/h1>\t\t\t\t<\/div>\n\t\t\t\t<\/div>\n\t\t\t\t<div class=\"elementor-element elementor-element-2a242fc elementor-widget elementor-widget-text-editor\" data-id=\"2a242fc\" data-element_type=\"widget\" data-widget_type=\"text-editor.default\">\n\t\t\t\t<div class=\"elementor-widget-container\">\n\t\t\t\t\t\t\t\t\t<p>Aux Piscines \u00a0 \u00a0 \u00a0 \u00a0 \u00a0 \u00a0 \u00a0<b>09h00-11h30 &amp; 14h00-16h30<\/b><span style=\"font-size: 1.25em\">\u00a0<\/span><\/p><p>\u00a0<\/p>\t\t\t\t\t\t\t\t<\/div>\n\t\t\t\t<\/div>\n\t\t\t\t\t<\/div>\n\t\t<\/div>\n\t\t\t\t<div class=\"elementor-column elementor-col-33 elementor-inner-column elementor-element elementor-element-1d3163d9 special-ecran-signaletique ecran-signaletique-col-3\" data-id=\"1d3163d9\" data-element_type=\"column\" data-settings=\"{&quot;background_background&quot;:&quot;classic&quot;}\">\n\t\t\t<div class=\"elementor-widget-wrap elementor-element-populated\">\n\t\t\t\t\t\t<div class=\"elementor-element elementor-element-f8931b9 ecran-signaletique-titre elementor-widget elementor-widget-heading\" data-id=\"f8931b9\" data-element_type=\"widget\" data-widget_type=\"heading.default\">\n\t\t\t\t<div class=\"elementor-widget-container\">\n\t\t\t\t\t<h1 class=\"elementor-heading-title elementor-size-default\">Aujourd'hui<div>au Centre d'Informations<\/div><\/h1>\t\t\t\t<\/div>\n\t\t\t\t<\/div>\n\t\t\t\t<div class=\"elementor-element elementor-element-0e3c865 ecran-signaletique-horaires elementor-widget elementor-widget-text-editor\" data-id=\"0e3c865\" data-element_type=\"widget\" data-widget_type=\"text-editor.default\">\n\t\t\t\t<div class=\"elementor-widget-container\">\n\t\t\t\t\t\t\t\t\t<p><strong>11h00 <\/strong>&#8211; Conf\u00e9rence sur le Message de Lourdes<strong><br>14h00<\/strong> &#8211; Visite &#8220;Sur les Pas de Bernadette&#8221;<br><strong>16h15<\/strong> &#8211; Conf\u00e9rence sur le Th\u00e8me d&#8217;ann\u00e9e<\/p>\t\t\t\t\t\t\t\t<\/div>\n\t\t\t\t<\/div>\n\t\t\t\t<div class=\"elementor-element elementor-element-60d8ef63 ecran-signaletique-spacer elementor-widget elementor-widget-spacer\" data-id=\"60d8ef63\" data-element_type=\"widget\" data-widget_type=\"spacer.default\">\n\t\t\t\t<div class=\"elementor-widget-container\">\n\t\t\t\t\t\t\t<div class=\"elementor-spacer\">\n\t\t\t<div class=\"elementor-spacer-inner\"><\/div>\n\t\t<\/div>\n\t\t\t\t\t\t<\/div>\n\t\t\t\t<\/div>\n\t\t\t\t<div class=\"elementor-element elementor-element-5d75a14 ecran-signaletique-slider elementor-widget elementor-widget-image-carousel\" data-id=\"5d75a14\" data-element_type=\"widget\" data-settings=\"{&quot;slides_to_show&quot;:&quot;1&quot;,&quot;navigation&quot;:&quot;none&quot;,&quot;effect&quot;:&quot;fade&quot;,&quot;autoplay&quot;:&quot;yes&quot;,&quot;pause_on_hover&quot;:&quot;yes&quot;,&quot;pause_on_interaction&quot;:&quot;yes&quot;,&quot;autoplay_speed&quot;:5000,&quot;infinite&quot;:&quot;yes&quot;,&quot;speed&quot;:500}\" data-widget_type=\"image-carousel.default\">\n\t\t\t\t<div class=\"elementor-widget-container\">\n\t\t\t\t\t\t\t<div class=\"elementor-image-carousel-wrapper swiper\" role=\"region\" aria-roledescription=\"carousel\" aria-label=\"Afbeelding carrousel\" dir=\"ltr\">\n\t\t\t<div class=\"elementor-image-carousel swiper-wrapper\" aria-live=\"off\">\n\t\t\t\t\t\t\t\t<div class=\"swiper-slide\" role=\"group\" aria-roledescription=\"slide\" aria-label=\"1 van 3\"><figure class=\"swiper-slide-inner\"><img decoding=\"async\" class=\"swiper-slide-image\" src=\"https:\/\/www.lourdes-france.org\/wp-content\/uploads\/elementor\/thumbs\/gestedeleau-2-p61bwd3aihblb3egweg58g5tvsynpnd5mz8n50hns0.jpg\" alt=\"Oc\u00e9ane, stagiaire. Droits OK\" \/><\/figure><\/div><div class=\"swiper-slide\" role=\"group\" aria-roledescription=\"slide\" aria-label=\"2 van 3\"><figure class=\"swiper-slide-inner\"><img decoding=\"async\" class=\"swiper-slide-image\" src=\"https:\/\/www.lourdes-france.org\/wp-content\/uploads\/elementor\/thumbs\/cierge-notre-dame-paris-380-p61bybl6r203huk2gqx5xgdefpb6qy50wo624rl4tc.jpg\" alt=\"cierge-notre-dame-paris-380\" \/><\/figure><\/div><div class=\"swiper-slide\" role=\"group\" aria-roledescription=\"slide\" aria-label=\"3 van 3\"><figure class=\"swiper-slide-inner\"><img decoding=\"async\" class=\"swiper-slide-image\" src=\"https:\/\/www.lourdes-france.org\/wp-content\/uploads\/elementor\/thumbs\/main_chapelet_rocher_grotte-p8r4jjl2bn6in1uzqu6im8yib3yj0f07vh75m543a8.jpg\" alt=\"main_chapelet_rocher_grotte\" \/><\/figure><\/div>\t\t\t<\/div>\n\t\t\t\t\t\t\t\n\t\t\t\t\t\t\t\t\t<\/div>\n\t\t\t\t\t\t<\/div>\n\t\t\t\t<\/div>\n\t\t\t\t\t<\/div>\n\t\t<\/div>\n\t\t\t\t\t<\/div>\n\t\t<\/section>\n\t\t\t\t<\/div>\n\t\t","protected":false},"excerpt":{"rendered":"<p>Horaires de messe 07h00 &#8211; Crypte08h00 &#8211; Chapelle de l&#8217;Adoration09h30 &#8211; Messe Internationale, Basilique Saint Pie X10h00 &#8211; Grotte11h15 &#8211; Basilique Notre-Dame du Rosaire16h15 &#8211; Basilique Immacul\u00e9e Conception18h15 &#8211; Hospitalet (forme extraordinaire)22h30 &#8211; Grotte Autres c\u00e9l\u00e9brations Chapelet \u00e0 la Grotte &hellip; <a href=\"https:\/\/www.lourdes-france.org\/nl\/horaires-ecrans-mercredi\/\">Vervolgd<\/a><\/p>\n","protected":false},"author":22,"featured_media":0,"parent":0,"menu_order":0,"comment_status":"closed","ping_status":"closed","template":"","meta":{"_acf_changed":false,"footnotes":""},"class_list":["post-648122","page","type-page","status-publish","hentry"],"acf":[],"yoast_head":"<!-- This site is optimized with the Yoast SEO plugin v24.7 - https:\/\/yoast.com\/wordpress\/plugins\/seo\/ -->\n<title>Horaires \u00e9crans - Mercredi<\/title>\n<meta name=\"robots\" content=\"index, follow, max-snippet:-1, max-image-preview:large, max-video-preview:-1\" \/>\n<link rel=\"canonical\" href=\"https:\/\/www.lourdes-france.org\/nl\/horaires-ecrans-mercredi\/\" \/>\n<meta name=\"twitter:label1\" content=\"Geschatte leestijd\" \/>\n\t<meta name=\"twitter:data1\" content=\"4 minuten\" \/>\n<script type=\"application\/ld+json\" class=\"yoast-schema-graph\">{\"@context\":\"https:\/\/schema.org\",\"@graph\":[{\"@type\":\"WebPage\",\"@id\":\"https:\/\/www.lourdes-france.org\/nl\/horaires-ecrans-mercredi\/\",\"url\":\"https:\/\/www.lourdes-france.org\/nl\/horaires-ecrans-mercredi\/\",\"name\":\"Horaires \u00e9crans - Mercredi\",\"isPartOf\":{\"@id\":\"https:\/\/preprod-lourdes.cawita.com\/#website\"},\"primaryImageOfPage\":{\"@id\":\"https:\/\/www.lourdes-france.org\/nl\/horaires-ecrans-mercredi\/#primaryimage\"},\"image\":{\"@id\":\"https:\/\/www.lourdes-france.org\/nl\/horaires-ecrans-mercredi\/#primaryimage\"},\"thumbnailUrl\":\"https:\/\/www.lourdes-france.org\/wp-content\/uploads\/elementor\/thumbs\/Drapeau-France-p0ydy49dql35yl0d2wcnrntuwoahchoo37t23rynhw.png\",\"datePublished\":\"2021-05-21T12:47:32+00:00\",\"dateModified\":\"2022-10-08T14:30:40+00:00\",\"breadcrumb\":{\"@id\":\"https:\/\/www.lourdes-france.org\/nl\/horaires-ecrans-mercredi\/#breadcrumb\"},\"inLanguage\":\"nl-NL\",\"potentialAction\":[{\"@type\":\"ReadAction\",\"target\":[\"https:\/\/www.lourdes-france.org\/nl\/horaires-ecrans-mercredi\/\"]}]},{\"@type\":\"ImageObject\",\"inLanguage\":\"nl-NL\",\"@id\":\"https:\/\/www.lourdes-france.org\/nl\/horaires-ecrans-mercredi\/#primaryimage\",\"url\":\"https:\/\/www.lourdes-france.org\/wp-content\/uploads\/elementor\/thumbs\/Drapeau-France-p0ydy49dql35yl0d2wcnrntuwoahchoo37t23rynhw.png\",\"contentUrl\":\"https:\/\/www.lourdes-france.org\/wp-content\/uploads\/elementor\/thumbs\/Drapeau-France-p0ydy49dql35yl0d2wcnrntuwoahchoo37t23rynhw.png\"},{\"@type\":\"BreadcrumbList\",\"@id\":\"https:\/\/www.lourdes-france.org\/nl\/horaires-ecrans-mercredi\/#breadcrumb\",\"itemListElement\":[{\"@type\":\"ListItem\",\"position\":1,\"name\":\"Accueil\",\"item\":\"https:\/\/www.lourdes-france.org\/\"},{\"@type\":\"ListItem\",\"position\":2,\"name\":\"Horaires \u00e9crans &#8211; Mercredi\"}]},{\"@type\":\"WebSite\",\"@id\":\"https:\/\/preprod-lourdes.cawita.com\/#website\",\"url\":\"https:\/\/preprod-lourdes.cawita.com\/\",\"name\":\"Soutenir le Sanctuaire Notre-Dame de Lourdes\",\"description\":\"\",\"potentialAction\":[{\"@type\":\"SearchAction\",\"target\":{\"@type\":\"EntryPoint\",\"urlTemplate\":\"https:\/\/preprod-lourdes.cawita.com\/?s={search_term_string}\"},\"query-input\":{\"@type\":\"PropertyValueSpecification\",\"valueRequired\":true,\"valueName\":\"search_term_string\"}}],\"inLanguage\":\"nl-NL\"}]}<\/script>\n<!-- \/ Yoast SEO plugin. -->","yoast_head_json":{"title":"Horaires \u00e9crans - Mercredi","robots":{"index":"index","follow":"follow","max-snippet":"max-snippet:-1","max-image-preview":"max-image-preview:large","max-video-preview":"max-video-preview:-1"},"canonical":"https:\/\/www.lourdes-france.org\/nl\/horaires-ecrans-mercredi\/","twitter_misc":{"Geschatte leestijd":"4 minuten"},"schema":{"@context":"https:\/\/schema.org","@graph":[{"@type":"WebPage","@id":"https:\/\/www.lourdes-france.org\/nl\/horaires-ecrans-mercredi\/","url":"https:\/\/www.lourdes-france.org\/nl\/horaires-ecrans-mercredi\/","name":"Horaires \u00e9crans - Mercredi","isPartOf":{"@id":"https:\/\/preprod-lourdes.cawita.com\/#website"},"primaryImageOfPage":{"@id":"https:\/\/www.lourdes-france.org\/nl\/horaires-ecrans-mercredi\/#primaryimage"},"image":{"@id":"https:\/\/www.lourdes-france.org\/nl\/horaires-ecrans-mercredi\/#primaryimage"},"thumbnailUrl":"https:\/\/www.lourdes-france.org\/wp-content\/uploads\/elementor\/thumbs\/Drapeau-France-p0ydy49dql35yl0d2wcnrntuwoahchoo37t23rynhw.png","datePublished":"2021-05-21T12:47:32+00:00","dateModified":"2022-10-08T14:30:40+00:00","breadcrumb":{"@id":"https:\/\/www.lourdes-france.org\/nl\/horaires-ecrans-mercredi\/#breadcrumb"},"inLanguage":"nl-NL","potentialAction":[{"@type":"ReadAction","target":["https:\/\/www.lourdes-france.org\/nl\/horaires-ecrans-mercredi\/"]}]},{"@type":"ImageObject","inLanguage":"nl-NL","@id":"https:\/\/www.lourdes-france.org\/nl\/horaires-ecrans-mercredi\/#primaryimage","url":"https:\/\/www.lourdes-france.org\/wp-content\/uploads\/elementor\/thumbs\/Drapeau-France-p0ydy49dql35yl0d2wcnrntuwoahchoo37t23rynhw.png","contentUrl":"https:\/\/www.lourdes-france.org\/wp-content\/uploads\/elementor\/thumbs\/Drapeau-France-p0ydy49dql35yl0d2wcnrntuwoahchoo37t23rynhw.png"},{"@type":"BreadcrumbList","@id":"https:\/\/www.lourdes-france.org\/nl\/horaires-ecrans-mercredi\/#breadcrumb","itemListElement":[{"@type":"ListItem","position":1,"name":"Accueil","item":"https:\/\/www.lourdes-france.org\/"},{"@type":"ListItem","position":2,"name":"Horaires \u00e9crans &#8211; Mercredi"}]},{"@type":"WebSite","@id":"https:\/\/preprod-lourdes.cawita.com\/#website","url":"https:\/\/preprod-lourdes.cawita.com\/","name":"Soutenir le Sanctuaire Notre-Dame de Lourdes","description":"","potentialAction":[{"@type":"SearchAction","target":{"@type":"EntryPoint","urlTemplate":"https:\/\/preprod-lourdes.cawita.com\/?s={search_term_string}"},"query-input":{"@type":"PropertyValueSpecification","valueRequired":true,"valueName":"search_term_string"}}],"inLanguage":"nl-NL"}]}},"_links":{"self":[{"href":"https:\/\/www.lourdes-france.org\/nl\/wp-json\/wp\/v2\/pages\/648122","targetHints":{"allow":["GET"]}}],"collection":[{"href":"https:\/\/www.lourdes-france.org\/nl\/wp-json\/wp\/v2\/pages"}],"about":[{"href":"https:\/\/www.lourdes-france.org\/nl\/wp-json\/wp\/v2\/types\/page"}],"author":[{"embeddable":true,"href":"https:\/\/www.lourdes-france.org\/nl\/wp-json\/wp\/v2\/users\/22"}],"replies":[{"embeddable":true,"href":"https:\/\/www.lourdes-france.org\/nl\/wp-json\/wp\/v2\/comments?post=648122"}],"version-history":[{"count":23,"href":"https:\/\/www.lourdes-france.org\/nl\/wp-json\/wp\/v2\/pages\/648122\/revisions"}],"predecessor-version":[{"id":882333,"href":"https:\/\/www.lourdes-france.org\/nl\/wp-json\/wp\/v2\/pages\/648122\/revisions\/882333"}],"wp:attachment":[{"href":"https:\/\/www.lourdes-france.org\/nl\/wp-json\/wp\/v2\/media?parent=648122"}],"curies":[{"name":"wp","href":"https:\/\/api.w.org\/{rel}","templated":true}]}}