{"id":8507,"date":"2018-07-30T16:46:06","date_gmt":"2018-07-30T14:46:06","guid":{"rendered":"https:\/\/www.lourdes-france.org\/mentions-legales\/"},"modified":"2024-02-07T16:25:33","modified_gmt":"2024-02-07T15:25:33","slug":"mentions-legales","status":"publish","type":"page","link":"https:\/\/www.lourdes-france.org\/nl\/mentions-legales\/","title":{"rendered":"Wettelijke bepalingen \/ Gebruiksrechten"},"content":{"rendered":"\t\t<div data-elementor-type=\"wp-post\" data-elementor-id=\"8507\" class=\"elementor elementor-8507 elementor-2614\" data-elementor-post-type=\"page\">\n\t\t\t\t\t\t<section class=\"elementor-section elementor-top-section elementor-element elementor-element-dfb2431 elementor-section-boxed elementor-section-height-default elementor-section-height-default\" data-id=\"dfb2431\" data-element_type=\"section\">\n\t\t\t\t\t\t<div class=\"elementor-container elementor-column-gap-no\">\n\t\t\t\t\t<div class=\"elementor-column elementor-col-100 elementor-top-column elementor-element elementor-element-5048eb10\" data-id=\"5048eb10\" data-element_type=\"column\">\n\t\t\t<div class=\"elementor-widget-wrap elementor-element-populated\">\n\t\t\t\t\t\t<div class=\"elementor-element elementor-element-42c4b91f elementor-widget elementor-widget-text-editor\" data-id=\"42c4b91f\" data-element_type=\"widget\" data-widget_type=\"text-editor.default\">\n\t\t\t\t<div class=\"elementor-widget-container\">\n\t\t\t\t\t\t\t\t\t<h2>Uibater van de website<\/h2>\t\t\t\t\t\t\t\t<\/div>\n\t\t\t\t<\/div>\n\t\t\t\t<div class=\"elementor-element elementor-element-3170b365 elementor-widget elementor-widget-text-editor\" data-id=\"3170b365\" data-element_type=\"widget\" data-widget_type=\"text-editor.default\">\n\t\t\t\t<div class=\"elementor-widget-container\">\n\t\t\t\t\t\t\t\t\t<p>De website\u00a0<a href=\"https:\/\/www.lourdes-france.org\/\" target=\"_blank\" rel=\"noopener\">www.lourdes-france.org<\/a>\u00a0is opgezet door EURL Basilique du Rosaire,<br \/>met een kapitaal van 1 134 990 euros<br \/>gelegen 1 avenue Monseigneur Th\u00e9as<br \/>F-65108 Lourdes Cedex France<br \/>Ingeschreven in het handelsregister van TARBES<br \/>onder het nummer 430 034 801<br \/>Verantwoordelijk uitgever: Monsieur Guillaume DE VULPIAN<br \/>Directeur van de uitgave: David TORCHALA<br \/>Redactie: Monsieur Laurent JARNEAU<br \/>Webmaster: Monsieur Jonathan LAUER<br \/>Telefoon: 00.33.5 62 42 78 78<\/p>\t\t\t\t\t\t\t\t<\/div>\n\t\t\t\t<\/div>\n\t\t\t\t<div class=\"elementor-element elementor-element-58076e65 elementor-widget elementor-widget-text-editor\" data-id=\"58076e65\" data-element_type=\"widget\" data-widget_type=\"text-editor.default\">\n\t\t\t\t<div class=\"elementor-widget-container\">\n\t\t\t\t\t\t\t\t\t<h2>Auteursrechten<\/h2>\t\t\t\t\t\t\t\t<\/div>\n\t\t\t\t<\/div>\n\t\t\t\t<div class=\"elementor-element elementor-element-1b4de0c2 elementor-widget elementor-widget-text-editor\" data-id=\"1b4de0c2\" data-element_type=\"widget\" data-widget_type=\"text-editor.default\">\n\t\t\t\t<div class=\"elementor-widget-container\">\n\t\t\t\t\t\t\t\t\t<p>Integrale of gedeeltelijke overname of gebruik van bladzijden, gegevens of andere elementen die een constitutief element vormen van de site, met om het even welk systeem, is verboden en geldt zonder toelating van de uitgever als namaak.<\/p><p>In die hoedanigheid liggen de gebruiksrechten van dit werk, ook gedeeltelijk, bij het Heiligdom van Onze-Lieve-Vrouw van Lourdes.<\/p><p>Deze gebruiksrechten behelzen het recht tot reproductie, voorstelling en aanpassing van alles wat deze website vormt: teksten, foto&#8217;s, tekeningen, logo&#8217;s, geluid, videobeelden, enz.<\/p><p>Elke reproductie, ook gedeeltelijk, op om het even welke manier (etsen, foto&#8217;s, kopie\u00ebn op papier of elektronische overname, microfilms, albums, postkaarten, maquettes, posters of andere eventuele audiovisuele manieren, enz.) nu bestaand of in de toekomst, zijn ten stelligste, verboden zonder voorafgaand en uitdrukkelijk akkoord van het Heiligdom van Onze-Lieve-Vrouw van Lourdes.<\/p><p>Elke voorstelling van heel het werk of een gedeelte er van aan het publiek, met om het even welk nu bestaand of nog te ontwerpen proc\u00e9d\u00e9, onder andere door publieke voorstellingen en projecties en verspreiding met om het even welk proc\u00e9d\u00e9, en uitzending in een openbare of een private plaats is verboden zonder voorafgaand en uitdrukkelijk akkoord van het Heiligdom van Onze-Lieve-Vrouw van Lourdes.<\/p><p>Elke aanpassing, van welke aard ook, van heel of een gedeelte van het werk om vorm te geven of een versiering aan een voorwerp of een dienst is verboden zonder voorafgaand en uitdrukkelijk akkoord van het Heiligdom van Onze-Lieve-Vrouw van Lourdes.<\/p><p>De foto&#8217;s werden gemaakt door: Vincent, Lacaze, Durand, Viron, Laera, Dufour.<\/p>\t\t\t\t\t\t\t\t<\/div>\n\t\t\t\t<\/div>\n\t\t\t\t<div class=\"elementor-element elementor-element-e7743b0 elementor-widget elementor-widget-text-editor\" data-id=\"e7743b0\" data-element_type=\"widget\" data-widget_type=\"text-editor.default\">\n\t\t\t\t<div class=\"elementor-widget-container\">\n\t\t\t\t\t\t\t\t\t<h2>Waarschuwing<\/h2>\t\t\t\t\t\t\t\t<\/div>\n\t\t\t\t<\/div>\n\t\t\t\t<div class=\"elementor-element elementor-element-616764cd elementor-widget elementor-widget-text-editor\" data-id=\"616764cd\" data-element_type=\"widget\" data-widget_type=\"text-editor.default\">\n\t\t\t\t<div class=\"elementor-widget-container\">\n\t\t\t\t\t\t\t\t\t<p>Alle informatie op de website is alleen indicatief en engageert in geen enkele mate de verantwoordelijkheid van de uitgever.<br \/>Deze informatie, die niet beweert exhaustief te zijn, van welke aard ook, kan alleen maar raadgevend zijn.<br \/>Deze informatie kan op elk moment en zonder voorafgaande kennisgeving op elk moment worden gewijzigd.<\/p>\t\t\t\t\t\t\t\t<\/div>\n\t\t\t\t<\/div>\n\t\t\t\t<div class=\"elementor-element elementor-element-39d8be7 elementor-widget elementor-widget-text-editor\" data-id=\"39d8be7\" data-element_type=\"widget\" data-widget_type=\"text-editor.default\">\n\t\t\t\t<div class=\"elementor-widget-container\">\n\t\t\t\t\t\t\t\t\t<h2>Hyperlinks<\/h2>\t\t\t\t\t\t\t\t<\/div>\n\t\t\t\t<\/div>\n\t\t\t\t<div class=\"elementor-element elementor-element-103089eb elementor-widget elementor-widget-text-editor\" data-id=\"103089eb\" data-element_type=\"widget\" data-widget_type=\"text-editor.default\">\n\t\t\t\t<div class=\"elementor-widget-container\">\n\t\t\t\t\t\t\t\t\t<p>Het maken van hyperlinks met de website\u00a0<a href=\"https:\/\/www.lourdes-france.org\/\">www.lourdes-france.org<\/a>\u00a0is onderworpen aan een voorafgaand akkoord van de directeur van de uitgave. De links vanuit de website<a href=\"https:\/\/www.lourdes-france.org\/\">www.lourdes-france.org<\/a>\u00a0naar andere websites engageert in geen enkele mate de verantwoordelijkheid van het Heiligdom.<\/p>\t\t\t\t\t\t\t\t<\/div>\n\t\t\t\t<\/div>\n\t\t\t\t<div class=\"elementor-element elementor-element-41219f4 elementor-widget elementor-widget-text-editor\" data-id=\"41219f4\" data-element_type=\"widget\" data-widget_type=\"text-editor.default\">\n\t\t\t\t<div class=\"elementor-widget-container\">\n\t\t\t\t\t\t\t\t\t<h2>Toepasbare wetgeving<\/h2>\t\t\t\t\t\t\t\t<\/div>\n\t\t\t\t<\/div>\n\t\t\t\t<div class=\"elementor-element elementor-element-47675ba elementor-widget elementor-widget-text-editor\" data-id=\"47675ba\" data-element_type=\"widget\" data-widget_type=\"text-editor.default\">\n\t\t\t\t<div class=\"elementor-widget-container\">\n\t\t\t\t\t\t\t\t\t<p>In geval van inbreuk op deze bepalingen is alleen de Franse jurisdictie competent en zal alleen de Franse wetgeving toepasbaar zijn.<\/p>\t\t\t\t\t\t\t\t<\/div>\n\t\t\t\t<\/div>\n\t\t\t\t\t<\/div>\n\t\t<\/div>\n\t\t\t\t\t<\/div>\n\t\t<\/section>\n\t\t\t\t<\/div>\n\t\t","protected":false},"excerpt":{"rendered":"<p>Uibater van de website De website\u00a0www.lourdes-france.org\u00a0is opgezet door EURL Basilique du Rosaire,met een kapitaal van 1 134 990 eurosgelegen 1 avenue Monseigneur Th\u00e9asF-65108 Lourdes Cedex FranceIngeschreven in het handelsregister van TARBESonder het nummer 430 034 801Verantwoordelijk uitgever: Monsieur Guillaume DE &hellip; <a href=\"https:\/\/www.lourdes-france.org\/nl\/mentions-legales\/\">Vervolgd<\/a><\/p>\n","protected":false},"author":7,"featured_media":0,"parent":0,"menu_order":0,"comment_status":"closed","ping_status":"closed","template":"","meta":{"_acf_changed":false,"footnotes":""},"class_list":["post-8507","page","type-page","status-publish","hentry"],"acf":[],"yoast_head":"<!-- This site is optimized with the Yoast SEO plugin v24.7 - https:\/\/yoast.com\/wordpress\/plugins\/seo\/ -->\n<title>Wettelijke bepalingen \/ Gebruiksrechten<\/title>\n<meta name=\"robots\" content=\"index, follow, max-snippet:-1, max-image-preview:large, max-video-preview:-1\" \/>\n<link rel=\"canonical\" href=\"https:\/\/www.lourdes-france.org\/nl\/mentions-legales\/\" \/>\n<meta name=\"twitter:label1\" content=\"Geschatte leestijd\" \/>\n\t<meta name=\"twitter:data1\" content=\"3 minuten\" \/>\n<script type=\"application\/ld+json\" class=\"yoast-schema-graph\">{\"@context\":\"https:\/\/schema.org\",\"@graph\":[{\"@type\":\"WebPage\",\"@id\":\"https:\/\/www.lourdes-france.org\/nl\/mentions-legales\/\",\"url\":\"https:\/\/www.lourdes-france.org\/nl\/mentions-legales\/\",\"name\":\"Wettelijke bepalingen \/ Gebruiksrechten\",\"isPartOf\":{\"@id\":\"https:\/\/preprod-lourdes.cawita.com\/#website\"},\"datePublished\":\"2018-07-30T14:46:06+00:00\",\"dateModified\":\"2024-02-07T15:25:33+00:00\",\"breadcrumb\":{\"@id\":\"https:\/\/www.lourdes-france.org\/nl\/mentions-legales\/#breadcrumb\"},\"inLanguage\":\"nl-NL\",\"potentialAction\":[{\"@type\":\"ReadAction\",\"target\":[\"https:\/\/www.lourdes-france.org\/nl\/mentions-legales\/\"]}]},{\"@type\":\"BreadcrumbList\",\"@id\":\"https:\/\/www.lourdes-france.org\/nl\/mentions-legales\/#breadcrumb\",\"itemListElement\":[{\"@type\":\"ListItem\",\"position\":1,\"name\":\"Accueil\",\"item\":\"https:\/\/www.lourdes-france.org\/\"},{\"@type\":\"ListItem\",\"position\":2,\"name\":\"Wettelijke bepalingen \/ Gebruiksrechten\"}]},{\"@type\":\"WebSite\",\"@id\":\"https:\/\/preprod-lourdes.cawita.com\/#website\",\"url\":\"https:\/\/preprod-lourdes.cawita.com\/\",\"name\":\"Soutenir le Sanctuaire Notre-Dame de Lourdes\",\"description\":\"\",\"potentialAction\":[{\"@type\":\"SearchAction\",\"target\":{\"@type\":\"EntryPoint\",\"urlTemplate\":\"https:\/\/preprod-lourdes.cawita.com\/?s={search_term_string}\"},\"query-input\":{\"@type\":\"PropertyValueSpecification\",\"valueRequired\":true,\"valueName\":\"search_term_string\"}}],\"inLanguage\":\"nl-NL\"}]}<\/script>\n<!-- \/ Yoast SEO plugin. -->","yoast_head_json":{"title":"Wettelijke bepalingen \/ Gebruiksrechten","robots":{"index":"index","follow":"follow","max-snippet":"max-snippet:-1","max-image-preview":"max-image-preview:large","max-video-preview":"max-video-preview:-1"},"canonical":"https:\/\/www.lourdes-france.org\/nl\/mentions-legales\/","twitter_misc":{"Geschatte leestijd":"3 minuten"},"schema":{"@context":"https:\/\/schema.org","@graph":[{"@type":"WebPage","@id":"https:\/\/www.lourdes-france.org\/nl\/mentions-legales\/","url":"https:\/\/www.lourdes-france.org\/nl\/mentions-legales\/","name":"Wettelijke bepalingen \/ Gebruiksrechten","isPartOf":{"@id":"https:\/\/preprod-lourdes.cawita.com\/#website"},"datePublished":"2018-07-30T14:46:06+00:00","dateModified":"2024-02-07T15:25:33+00:00","breadcrumb":{"@id":"https:\/\/www.lourdes-france.org\/nl\/mentions-legales\/#breadcrumb"},"inLanguage":"nl-NL","potentialAction":[{"@type":"ReadAction","target":["https:\/\/www.lourdes-france.org\/nl\/mentions-legales\/"]}]},{"@type":"BreadcrumbList","@id":"https:\/\/www.lourdes-france.org\/nl\/mentions-legales\/#breadcrumb","itemListElement":[{"@type":"ListItem","position":1,"name":"Accueil","item":"https:\/\/www.lourdes-france.org\/"},{"@type":"ListItem","position":2,"name":"Wettelijke bepalingen \/ Gebruiksrechten"}]},{"@type":"WebSite","@id":"https:\/\/preprod-lourdes.cawita.com\/#website","url":"https:\/\/preprod-lourdes.cawita.com\/","name":"Soutenir le Sanctuaire Notre-Dame de Lourdes","description":"","potentialAction":[{"@type":"SearchAction","target":{"@type":"EntryPoint","urlTemplate":"https:\/\/preprod-lourdes.cawita.com\/?s={search_term_string}"},"query-input":{"@type":"PropertyValueSpecification","valueRequired":true,"valueName":"search_term_string"}}],"inLanguage":"nl-NL"}]}},"_links":{"self":[{"href":"https:\/\/www.lourdes-france.org\/nl\/wp-json\/wp\/v2\/pages\/8507","targetHints":{"allow":["GET"]}}],"collection":[{"href":"https:\/\/www.lourdes-france.org\/nl\/wp-json\/wp\/v2\/pages"}],"about":[{"href":"https:\/\/www.lourdes-france.org\/nl\/wp-json\/wp\/v2\/types\/page"}],"author":[{"embeddable":true,"href":"https:\/\/www.lourdes-france.org\/nl\/wp-json\/wp\/v2\/users\/7"}],"replies":[{"embeddable":true,"href":"https:\/\/www.lourdes-france.org\/nl\/wp-json\/wp\/v2\/comments?post=8507"}],"version-history":[{"count":3,"href":"https:\/\/www.lourdes-france.org\/nl\/wp-json\/wp\/v2\/pages\/8507\/revisions"}],"predecessor-version":[{"id":907105,"href":"https:\/\/www.lourdes-france.org\/nl\/wp-json\/wp\/v2\/pages\/8507\/revisions\/907105"}],"wp:attachment":[{"href":"https:\/\/www.lourdes-france.org\/nl\/wp-json\/wp\/v2\/media?parent=8507"}],"curies":[{"name":"wp","href":"https:\/\/api.w.org\/{rel}","templated":true}]}}