{"id":885940,"date":"2022-03-24T10:45:23","date_gmt":"2022-03-24T09:45:23","guid":{"rendered":"https:\/\/www.lourdes-france.org\/lesperance-des-malades\/"},"modified":"2022-12-06T15:59:29","modified_gmt":"2022-12-06T14:59:29","slug":"lesperance-des-malades","status":"publish","type":"page","link":"https:\/\/www.lourdes-france.org\/nl\/lesperance-des-malades\/","title":{"rendered":"L&#8217;esp\u00e9rance des malades"},"content":{"rendered":"\t\t<div data-elementor-type=\"wp-page\" data-elementor-id=\"885940\" class=\"elementor elementor-885940 elementor-848456\" data-elementor-post-type=\"page\">\n\t\t\t\t\t\t<section class=\"elementor-section elementor-top-section elementor-element elementor-element-3281755e elementor-section-full_width elementor-section-stretched elementor-section-height-default elementor-section-height-default\" data-id=\"3281755e\" data-element_type=\"section\" data-settings=\"{&quot;stretch_section&quot;:&quot;section-stretched&quot;}\">\n\t\t\t\t\t\t<div class=\"elementor-container elementor-column-gap-default\">\n\t\t\t\t\t<div class=\"elementor-column elementor-col-100 elementor-top-column elementor-element elementor-element-6e02220c\" data-id=\"6e02220c\" data-element_type=\"column\">\n\t\t\t<div class=\"elementor-widget-wrap elementor-element-populated\">\n\t\t\t\t\t\t<div class=\"elementor-element elementor-element-5072b9a0 elementor-widget elementor-widget-image\" data-id=\"5072b9a0\" data-element_type=\"widget\" data-widget_type=\"image.default\">\n\t\t\t\t<div class=\"elementor-widget-container\">\n\t\t\t\t\t\t\t\t\t\t\t\t\t\t\t<img fetchpriority=\"high\" decoding=\"async\" width=\"1200\" height=\"800\" src=\"https:\/\/www.lourdes-france.org\/wp-content\/uploads\/2022\/03\/Vignette_Esperance_malades_1200x800px.jpg\" class=\"attachment-2048x2048 size-2048x2048 wp-image-848464\" alt=\"\" srcset=\"https:\/\/www.lourdes-france.org\/wp-content\/uploads\/2022\/03\/Vignette_Esperance_malades_1200x800px.jpg 1200w, https:\/\/www.lourdes-france.org\/wp-content\/uploads\/2022\/03\/Vignette_Esperance_malades_1200x800px-300x200.jpg 300w, https:\/\/www.lourdes-france.org\/wp-content\/uploads\/2022\/03\/Vignette_Esperance_malades_1200x800px-1024x683.jpg 1024w, https:\/\/www.lourdes-france.org\/wp-content\/uploads\/2022\/03\/Vignette_Esperance_malades_1200x800px-768x512.jpg 768w\" sizes=\"(max-width: 1200px) 100vw, 1200px\" \/>\t\t\t\t\t\t\t\t\t\t\t\t\t\t\t<\/div>\n\t\t\t\t<\/div>\n\t\t\t\t\t<\/div>\n\t\t<\/div>\n\t\t\t\t\t<\/div>\n\t\t<\/section>\n\t\t\t\t<section class=\"elementor-section elementor-top-section elementor-element elementor-element-4468ffa4 elementor-section-boxed elementor-section-height-default elementor-section-height-default\" data-id=\"4468ffa4\" data-element_type=\"section\">\n\t\t\t\t\t\t<div class=\"elementor-container elementor-column-gap-default\">\n\t\t\t\t\t<div class=\"elementor-column elementor-col-100 elementor-top-column elementor-element elementor-element-50f7777\" data-id=\"50f7777\" data-element_type=\"column\">\n\t\t\t<div class=\"elementor-widget-wrap elementor-element-populated\">\n\t\t\t\t\t\t<div class=\"elementor-element elementor-element-7b50965a elementor-widget elementor-widget-heading\" data-id=\"7b50965a\" data-element_type=\"widget\" data-widget_type=\"heading.default\">\n\t\t\t\t<div class=\"elementor-widget-container\">\n\t\t\t\t\t<h1 class=\"elementor-heading-title elementor-size-default\">Waarom Lourdes zieke mensen aantrekt<\/h1>\t\t\t\t<\/div>\n\t\t\t\t<\/div>\n\t\t\t\t\t<\/div>\n\t\t<\/div>\n\t\t\t\t\t<\/div>\n\t\t<\/section>\n\t\t\t\t<section class=\"elementor-section elementor-top-section elementor-element elementor-element-e4885c5 elementor-section-boxed elementor-section-height-default elementor-section-height-default\" data-id=\"e4885c5\" data-element_type=\"section\">\n\t\t\t\t\t\t<div class=\"elementor-container elementor-column-gap-default\">\n\t\t\t\t\t<div class=\"elementor-column elementor-col-100 elementor-top-column elementor-element elementor-element-ac94633\" data-id=\"ac94633\" data-element_type=\"column\">\n\t\t\t<div class=\"elementor-widget-wrap elementor-element-populated\">\n\t\t\t\t\t\t<div class=\"elementor-element elementor-element-1d44838 elementor-widget elementor-widget-text-editor\" data-id=\"1d44838\" data-element_type=\"widget\" data-widget_type=\"text-editor.default\">\n\t\t\t\t<div class=\"elementor-widget-container\">\n\t\t\t\t\t\t\t\t\t<h2 style=\"text-align: left;\">Lourdes, wanneer men ziek is : om te kunnen geloven dat het onmogelijke mogelijk is\u2026<\/h2><p style=\"text-align: left;\">Vanaf het terras van het Onthaalcentrum Notre-Dame waar zij verblijft in het Heiligdom, kijkt Sasha, een 26-jarige Amerikaanse die aan terminale hersenkanker lijdt, hulpeloos toe hoe het niveau van de Gave de Pau stijgt tijdens de overstroming die Lourdes en omgeving zal teisteren. De Grot werd inderdaad door twee meter water overspoeld, op die 18de juni 2013. Twee dagen gingen voorbij. Twee dagen van intense verwachting voor Sasha, wier ogen op de Grot zijn gericht: zal zij in staat zijn om in de Grot binnen te gaan en de rots te kussen v\u00f3\u00f3r het einde van haar verblijf? Dat is nog haar enige verlangen, haar laatste wens voordat ze zal sterven: d\u00e1\u00e1rvoor is ze de Atlantische Oceaan overgestoken en heeft ze de weinige kracht opgebracht die ze nog heeft. Het water begint terug te trekken. Met een speciale toestemming wordt Sasha de avond v\u00f3\u00f3r haar vertrek in een rolstoel naar de Grot gereden. Ze kust de rots van de grot en bidt er in stilte. Het duurt maar een paar minuten, maar wat is het intens! Sasha kan Lourdes verlaten met de zekerheid dat haar laatste wens in vervulling is gegaan. \u201cIk ben een wetenschapper\u201d, zegt ze, \u201cik heb altijd meer in de geneeskunde dan in wonderen geloofd. Maar in mijn geval kan de geneeskunde niets meer doen, dus&#8230;&#8221;.<\/p>\t\t\t\t\t\t\t\t<\/div>\n\t\t\t\t<\/div>\n\t\t\t\t\t<\/div>\n\t\t<\/div>\n\t\t\t\t\t<\/div>\n\t\t<\/section>\n\t\t\t\t<section class=\"elementor-section elementor-top-section elementor-element elementor-element-d5ac96e elementor-section-boxed elementor-section-height-default elementor-section-height-default\" data-id=\"d5ac96e\" data-element_type=\"section\">\n\t\t\t\t\t\t<div class=\"elementor-container elementor-column-gap-default\">\n\t\t\t\t\t<div class=\"elementor-column elementor-col-100 elementor-top-column elementor-element elementor-element-4ff7a7e\" data-id=\"4ff7a7e\" data-element_type=\"column\">\n\t\t\t<div class=\"elementor-widget-wrap elementor-element-populated\">\n\t\t\t\t\t\t<div class=\"elementor-element elementor-element-4c6d8ba elementor-widget elementor-widget-image\" data-id=\"4c6d8ba\" data-element_type=\"widget\" data-widget_type=\"image.default\">\n\t\t\t\t<div class=\"elementor-widget-container\">\n\t\t\t\t\t\t\t\t\t\t\t\t\t\t\t<img decoding=\"async\" width=\"500\" height=\"333\" src=\"https:\/\/www.lourdes-france.org\/wp-content\/uploads\/2022\/03\/Vignette_malades_500x333px.jpg\" class=\"attachment-large size-large wp-image-848496\" alt=\"\" srcset=\"https:\/\/www.lourdes-france.org\/wp-content\/uploads\/2022\/03\/Vignette_malades_500x333px.jpg 500w, https:\/\/www.lourdes-france.org\/wp-content\/uploads\/2022\/03\/Vignette_malades_500x333px-300x200.jpg 300w\" sizes=\"(max-width: 500px) 100vw, 500px\" \/>\t\t\t\t\t\t\t\t\t\t\t\t\t\t\t<\/div>\n\t\t\t\t<\/div>\n\t\t\t\t\t<\/div>\n\t\t<\/div>\n\t\t\t\t\t<\/div>\n\t\t<\/section>\n\t\t\t\t<section class=\"elementor-section elementor-top-section elementor-element elementor-element-c781c95 elementor-section-boxed elementor-section-height-default elementor-section-height-default\" data-id=\"c781c95\" data-element_type=\"section\">\n\t\t\t\t\t\t<div class=\"elementor-container elementor-column-gap-default\">\n\t\t\t\t\t<div class=\"elementor-column elementor-col-100 elementor-top-column elementor-element elementor-element-85abe57\" data-id=\"85abe57\" data-element_type=\"column\">\n\t\t\t<div class=\"elementor-widget-wrap elementor-element-populated\">\n\t\t\t\t\t\t<div class=\"elementor-element elementor-element-09608e9 elementor-widget elementor-widget-text-editor\" data-id=\"09608e9\" data-element_type=\"widget\" data-widget_type=\"text-editor.default\">\n\t\t\t\t<div class=\"elementor-widget-container\">\n\t\t\t\t\t\t\t\t\t<h2 style=\"text-align: left;\">Lourdes, wanneer men ziek is : om vrede te vinden\u2026<\/h2><p style=\"text-align: left;\">\u201cIk ben drie keer aan de dood ontsnapt\u201d, getuigt Sylvie Huchet, een 44-jarige Fran\u00e7aise uit de Vend\u00e9e en vaste gast in het Onthaalcentrum Notre-Dame. Eens ben ik naar Lourdes gekomen, gemalen als een graankorrel. Ik werd beademd en lag op een brancard met een morfine pomp. Ik heb maar \u00e9\u00e9n ding gevraagd toen ik bij de Grot aankwam: \u201cMoeder Maria, neem me mee naar de hemel!\u201d Diep van binnen had ik nochtans nog wel het verlangen om te leven, maar ik had niet langer de kracht om het lijden te dragen. Ik wilde vrede vinden&#8230; voor eeuwig\u201d. In 1992 heeft Sylvie na een verkeersongeluk een nosocomiale ziekte opgelopen, de \u2018ziekenhuisziekte\u2019. \u201cIk ben drager van een stafylokok\u201d, legt ze uit. \u201cIk heb 44 chirurgische ingrepen ondergaan. Vandaag ben ik erin geslaagd de ziekte te vergeten&#8230; maar niet de pijn!\u201d Ze gaat verder: \u201cIk heb het nodig om naar Lourdes te kunnen komen, ik heb er vertrouwen in. Elke keer ga ik naar de baden en huil ik. Op een dag heb ik hier een echte genezing ontvangen: ik had een abces in mijn hart en het was doorboord. Ik had vergeving te geven en ik was eindelijk in staat die te geven: ik heb werkelijk de genade van innerlijke vrede ontvangen\u201d.<\/p>\t\t\t\t\t\t\t\t<\/div>\n\t\t\t\t<\/div>\n\t\t\t\t\t<\/div>\n\t\t<\/div>\n\t\t\t\t\t<\/div>\n\t\t<\/section>\n\t\t\t\t<section class=\"elementor-section elementor-top-section elementor-element elementor-element-8d9faad elementor-section-boxed elementor-section-height-default elementor-section-height-default\" data-id=\"8d9faad\" data-element_type=\"section\">\n\t\t\t\t\t\t<div class=\"elementor-container elementor-column-gap-default\">\n\t\t\t\t\t<div class=\"elementor-column elementor-col-100 elementor-top-column elementor-element elementor-element-9663c3c\" data-id=\"9663c3c\" data-element_type=\"column\">\n\t\t\t<div class=\"elementor-widget-wrap elementor-element-populated\">\n\t\t\t\t\t\t<div class=\"elementor-element elementor-element-89380d0 elementor-widget elementor-widget-text-editor\" data-id=\"89380d0\" data-element_type=\"widget\" data-widget_type=\"text-editor.default\">\n\t\t\t\t<div class=\"elementor-widget-container\">\n\t\t\t\t\t\t\t\t\t<h2 style=\"text-align: left;\">Lourdes, wanneer men ziek is : om geestelijk te herademen\u2026<\/h2><p style=\"text-align: left;\">Het Onthaalcentrum Marie Saint-Frai, in de buurt van de Sint-Jozefpoort van het Heiligdom en beheerd door religieuzen, is een andere logeerplaats waar zieke bedevaarders kunnen verblijven. Daar verblijft Claire Abou Karam, een 30-jarige Libanese vrouw. \u201cGetroffen door een neuromusculaire ziekte die lijkt op myopathie, kon ik met een vliegtuig van Beiroet naar Lourdes komen met de Orde van Malta\u201d, vertelt ze. \u201cIk ben niet op zoek naar genezing. Ik ben hier om mijn leven van op een afstand te bekijken, om te mediteren over het Woord van God en om de Maagd Maria te ontmoeten in haar Heiligdom\u201d. Haar levensgeluk haalt ze uit haar geloof en uit haar familie: haar moeder, haar zus en broers, en niet te vergeten haar vader, Edouard, die naar de hemel is gegaan en met wie zij zich in Lourdes, in de gemeenschap van de heiligen, heel nauw verbonden voelt. Ze voegt er met een glimlach aan toe: \u201cLiefde sterft nooit\u201d.<\/p>\t\t\t\t\t\t\t\t<\/div>\n\t\t\t\t<\/div>\n\t\t\t\t\t<\/div>\n\t\t<\/div>\n\t\t\t\t\t<\/div>\n\t\t<\/section>\n\t\t\t\t<section class=\"elementor-section elementor-top-section elementor-element elementor-element-0c7e582 elementor-section-boxed elementor-section-height-default elementor-section-height-default\" data-id=\"0c7e582\" data-element_type=\"section\">\n\t\t\t\t\t\t<div class=\"elementor-container elementor-column-gap-default\">\n\t\t\t\t\t<div class=\"elementor-column elementor-col-100 elementor-top-column elementor-element elementor-element-aa53b2c\" data-id=\"aa53b2c\" data-element_type=\"column\">\n\t\t\t<div class=\"elementor-widget-wrap elementor-element-populated\">\n\t\t\t\t\t\t<div class=\"elementor-element elementor-element-2884072 elementor-widget elementor-widget-image\" data-id=\"2884072\" data-element_type=\"widget\" data-widget_type=\"image.default\">\n\t\t\t\t<div class=\"elementor-widget-container\">\n\t\t\t\t\t\t\t\t\t\t\t\t\t\t\t<img decoding=\"async\" width=\"500\" height=\"333\" src=\"https:\/\/www.lourdes-france.org\/wp-content\/uploads\/2022\/03\/Vignette_malades2_500x333px.jpg\" class=\"attachment-large size-large wp-image-848503\" alt=\"\" srcset=\"https:\/\/www.lourdes-france.org\/wp-content\/uploads\/2022\/03\/Vignette_malades2_500x333px.jpg 500w, https:\/\/www.lourdes-france.org\/wp-content\/uploads\/2022\/03\/Vignette_malades2_500x333px-300x200.jpg 300w\" sizes=\"(max-width: 500px) 100vw, 500px\" \/>\t\t\t\t\t\t\t\t\t\t\t\t\t\t\t<\/div>\n\t\t\t\t<\/div>\n\t\t\t\t\t<\/div>\n\t\t<\/div>\n\t\t\t\t\t<\/div>\n\t\t<\/section>\n\t\t\t\t<section class=\"elementor-section elementor-top-section elementor-element elementor-element-5ea28b6 elementor-section-boxed elementor-section-height-default elementor-section-height-default\" data-id=\"5ea28b6\" data-element_type=\"section\">\n\t\t\t\t\t\t<div class=\"elementor-container elementor-column-gap-default\">\n\t\t\t\t\t<div class=\"elementor-column elementor-col-100 elementor-top-column elementor-element elementor-element-339dae8\" data-id=\"339dae8\" data-element_type=\"column\">\n\t\t\t<div class=\"elementor-widget-wrap elementor-element-populated\">\n\t\t\t\t\t\t<div class=\"elementor-element elementor-element-f1106b3 elementor-widget elementor-widget-text-editor\" data-id=\"f1106b3\" data-element_type=\"widget\" data-widget_type=\"text-editor.default\">\n\t\t\t\t<div class=\"elementor-widget-container\">\n\t\t\t\t\t\t\t\t\t<h2 style=\"text-align: left;\">Lourdes, wanneer men ziek is : om te ontkomen aan de eenzaamheid\u2026<\/h2><p style=\"text-align: left;\">Mensen die ziek zijn plaatsen hun koffers ook in hotels. Dit is bijvoorbeeld het geval met Dominique Gardeil, 65 jaar oud. Deze Fransman, afkomstig uit Grenoble, verblijft dit jaar in het hotel Arcades. Hij is naar Lourdes gekomen in het kader van bedevaart van Parkinson-pati\u00ebnten. \u201cOp een dag wilde ik een cheque ondertekenen maar ik kon het niet\u201d, legt hij uit. Dat was het eerste symptoom van de ziekte. Twee maanden later werd de neurologische diagnose gesteld: Parkinson. Ik heb een diepe-hersenstimulatie-ingreep kunnen ondergaan, nu vier jaar geleden. Het heeft geholpen om het vernietigende proces van de ziekte te vertragen\u201d. Dominique is blij nog steeds \u201cin leven\u201d te zijn en \u201conafhankelijk\u201d te kunnen leven. Hij is de voorzitter geworden van de vereniging die de bedevaart organiseert en ziet Lourdes als een gelegenheid om een sterke tijd te beleven samen met vrienden. Hij preciseert: \u201cDe bedevaart geeft me moed en kracht om het dagelijks leven aan te kunnen. Nu, dankzij de ervaring van Lourdes, weet ik dat ik niet langer alleen ben\u201d.<\/p>\t\t\t\t\t\t\t\t<\/div>\n\t\t\t\t<\/div>\n\t\t\t\t\t<\/div>\n\t\t<\/div>\n\t\t\t\t\t<\/div>\n\t\t<\/section>\n\t\t\t\t<section class=\"elementor-section elementor-top-section elementor-element elementor-element-fa32ba0 elementor-section-boxed elementor-section-height-default elementor-section-height-default\" data-id=\"fa32ba0\" data-element_type=\"section\">\n\t\t\t\t\t\t<div class=\"elementor-container elementor-column-gap-default\">\n\t\t\t\t\t<div class=\"elementor-column elementor-col-100 elementor-top-column elementor-element elementor-element-e4320ca\" data-id=\"e4320ca\" data-element_type=\"column\">\n\t\t\t<div class=\"elementor-widget-wrap elementor-element-populated\">\n\t\t\t\t\t\t<div class=\"elementor-element elementor-element-81025d3 elementor-widget elementor-widget-text-editor\" data-id=\"81025d3\" data-element_type=\"widget\" data-widget_type=\"text-editor.default\">\n\t\t\t\t<div class=\"elementor-widget-container\">\n\t\t\t\t\t\t\t\t\t<h2 style=\"text-align: left;\">\u00ab Wij hebben allemaal nood aan genezing \u00bb<\/h2><p style=\"text-align: left;\"><i>\u201cIn Lourdes is genezing mogelijk op lichamelijk, geestelijk en moreel vlak. Maar wat Christus bovenal verlangt voor ieder van ons, is geestelijke genezing. We zijn allemaal ziek in ons hart. De geestelijke ziekte is de zonde. We hebben allemaal genezing nodig\u201d.<\/i> Zo zei Kardinaal B\u00e9chara Ra\u00ef, Libanese maronitische patriarch, in Lourdes.<\/p>\t\t\t\t\t\t\t\t<\/div>\n\t\t\t\t<\/div>\n\t\t\t\t\t<\/div>\n\t\t<\/div>\n\t\t\t\t\t<\/div>\n\t\t<\/section>\n\t\t\t\t<section class=\"elementor-section elementor-top-section elementor-element elementor-element-453384a elementor-section-boxed elementor-section-height-default elementor-section-height-default\" data-id=\"453384a\" data-element_type=\"section\">\n\t\t\t\t\t\t<div class=\"elementor-container elementor-column-gap-default\">\n\t\t\t\t\t<div class=\"elementor-column elementor-col-33 elementor-top-column elementor-element elementor-element-ef2de77\" data-id=\"ef2de77\" data-element_type=\"column\">\n\t\t\t<div class=\"elementor-widget-wrap elementor-element-populated\">\n\t\t\t\t\t\t<div class=\"elementor-element elementor-element-eb056c8 elementor-align-center elementor-widget elementor-widget-button\" data-id=\"eb056c8\" data-element_type=\"widget\" data-widget_type=\"button.default\">\n\t\t\t\t<div class=\"elementor-widget-container\">\n\t\t\t\t\t\t\t\t\t<div class=\"elementor-button-wrapper\">\n\t\t\t\t\t<a class=\"elementor-button elementor-button-link elementor-size-sm\" href=\"https:\/\/www.lourdes-france.com\/nl\/quest-ce-quun-pelerinage\/\" target=\"_blank\">\n\t\t\t\t\t\t<span class=\"elementor-button-content-wrapper\">\n\t\t\t\t\t\t\t\t\t<span class=\"elementor-button-text\">WAT IS DAT:\u00a0 EEN BEDEVAART?<\/span>\n\t\t\t\t\t<\/span>\n\t\t\t\t\t<\/a>\n\t\t\t\t<\/div>\n\t\t\t\t\t\t\t\t<\/div>\n\t\t\t\t<\/div>\n\t\t\t\t\t<\/div>\n\t\t<\/div>\n\t\t\t\t<div class=\"elementor-column elementor-col-33 elementor-top-column elementor-element elementor-element-89cadd1\" data-id=\"89cadd1\" data-element_type=\"column\">\n\t\t\t<div class=\"elementor-widget-wrap elementor-element-populated\">\n\t\t\t\t\t\t<div class=\"elementor-element elementor-element-04cba2c elementor-align-center elementor-widget elementor-widget-button\" data-id=\"04cba2c\" data-element_type=\"widget\" data-widget_type=\"button.default\">\n\t\t\t\t<div class=\"elementor-widget-container\">\n\t\t\t\t\t\t\t\t\t<div class=\"elementor-button-wrapper\">\n\t\t\t\t\t<a class=\"elementor-button elementor-button-link elementor-size-sm\" href=\"https:\/\/www.lourdes-france.com\/nl\/rejoindre-un-pelerinage\/\" target=\"_blank\">\n\t\t\t\t\t\t<span class=\"elementor-button-content-wrapper\">\n\t\t\t\t\t\t\t\t\t<span class=\"elementor-button-text\">MEEGAAN MET EEN BEDEVAART<\/span>\n\t\t\t\t\t<\/span>\n\t\t\t\t\t<\/a>\n\t\t\t\t<\/div>\n\t\t\t\t\t\t\t\t<\/div>\n\t\t\t\t<\/div>\n\t\t\t\t\t<\/div>\n\t\t<\/div>\n\t\t\t\t<div class=\"elementor-column elementor-col-33 elementor-top-column elementor-element elementor-element-ae41ae4\" data-id=\"ae41ae4\" data-element_type=\"column\">\n\t\t\t<div class=\"elementor-widget-wrap elementor-element-populated\">\n\t\t\t\t\t\t<div class=\"elementor-element elementor-element-ba13602 elementor-align-center elementor-widget elementor-widget-button\" data-id=\"ba13602\" data-element_type=\"widget\" data-widget_type=\"button.default\">\n\t\t\t\t<div class=\"elementor-widget-container\">\n\t\t\t\t\t\t\t\t\t<div class=\"elementor-button-wrapper\">\n\t\t\t\t\t<a class=\"elementor-button elementor-button-link elementor-size-sm\" href=\"https:\/\/www.lourdes-france.com\/nl\/organiser-un-pelerinage\/\" target=\"_blank\">\n\t\t\t\t\t\t<span class=\"elementor-button-content-wrapper\">\n\t\t\t\t\t\t\t\t\t<span class=\"elementor-button-text\">EEN BEDEVAART ORGANISEREN<\/span>\n\t\t\t\t\t<\/span>\n\t\t\t\t\t<\/a>\n\t\t\t\t<\/div>\n\t\t\t\t\t\t\t\t<\/div>\n\t\t\t\t<\/div>\n\t\t\t\t\t<\/div>\n\t\t<\/div>\n\t\t\t\t\t<\/div>\n\t\t<\/section>\n\t\t\t\t<\/div>\n\t\t","protected":false},"excerpt":{"rendered":"<p>Waarom Lourdes zieke mensen aantrekt Lourdes, wanneer men ziek is : om te kunnen geloven dat het onmogelijke mogelijk is\u2026 Vanaf het terras van het Onthaalcentrum Notre-Dame waar zij verblijft in het Heiligdom, kijkt Sasha, een 26-jarige Amerikaanse die aan &hellip; <a href=\"https:\/\/www.lourdes-france.org\/nl\/lesperance-des-malades\/\">Vervolgd<\/a><\/p>\n","protected":false},"author":7,"featured_media":0,"parent":0,"menu_order":0,"comment_status":"closed","ping_status":"closed","template":"","meta":{"_acf_changed":false,"footnotes":""},"class_list":["post-885940","page","type-page","status-publish","hentry"],"acf":[],"yoast_head":"<!-- This site is optimized with the Yoast SEO plugin v24.7 - https:\/\/yoast.com\/wordpress\/plugins\/seo\/ -->\n<title>L&#039;esp\u00e9rance des malades<\/title>\n<meta name=\"robots\" content=\"index, follow, max-snippet:-1, max-image-preview:large, max-video-preview:-1\" \/>\n<link rel=\"canonical\" href=\"https:\/\/www.lourdes-france.org\/nl\/lesperance-des-malades\/\" \/>\n<meta name=\"twitter:label1\" content=\"Geschatte leestijd\" \/>\n\t<meta name=\"twitter:data1\" content=\"5 minuten\" \/>\n<script type=\"application\/ld+json\" class=\"yoast-schema-graph\">{\"@context\":\"https:\/\/schema.org\",\"@graph\":[{\"@type\":\"WebPage\",\"@id\":\"https:\/\/www.lourdes-france.org\/nl\/lesperance-des-malades\/\",\"url\":\"https:\/\/www.lourdes-france.org\/nl\/lesperance-des-malades\/\",\"name\":\"L'esp\u00e9rance des malades\",\"isPartOf\":{\"@id\":\"https:\/\/preprod-lourdes.cawita.com\/#website\"},\"primaryImageOfPage\":{\"@id\":\"https:\/\/www.lourdes-france.org\/nl\/lesperance-des-malades\/#primaryimage\"},\"image\":{\"@id\":\"https:\/\/www.lourdes-france.org\/nl\/lesperance-des-malades\/#primaryimage\"},\"thumbnailUrl\":\"https:\/\/www.lourdes-france.org\/wp-content\/uploads\/2022\/03\/Vignette_Esperance_malades_1200x800px.jpg\",\"datePublished\":\"2022-03-24T09:45:23+00:00\",\"dateModified\":\"2022-12-06T14:59:29+00:00\",\"breadcrumb\":{\"@id\":\"https:\/\/www.lourdes-france.org\/nl\/lesperance-des-malades\/#breadcrumb\"},\"inLanguage\":\"nl-NL\",\"potentialAction\":[{\"@type\":\"ReadAction\",\"target\":[\"https:\/\/www.lourdes-france.org\/nl\/lesperance-des-malades\/\"]}]},{\"@type\":\"ImageObject\",\"inLanguage\":\"nl-NL\",\"@id\":\"https:\/\/www.lourdes-france.org\/nl\/lesperance-des-malades\/#primaryimage\",\"url\":\"https:\/\/www.lourdes-france.org\/wp-content\/uploads\/2022\/03\/Vignette_Esperance_malades_1200x800px.jpg\",\"contentUrl\":\"https:\/\/www.lourdes-france.org\/wp-content\/uploads\/2022\/03\/Vignette_Esperance_malades_1200x800px.jpg\"},{\"@type\":\"BreadcrumbList\",\"@id\":\"https:\/\/www.lourdes-france.org\/nl\/lesperance-des-malades\/#breadcrumb\",\"itemListElement\":[{\"@type\":\"ListItem\",\"position\":1,\"name\":\"Accueil\",\"item\":\"https:\/\/www.lourdes-france.org\/\"},{\"@type\":\"ListItem\",\"position\":2,\"name\":\"L&rsquo;esp\u00e9rance des malades\"}]},{\"@type\":\"WebSite\",\"@id\":\"https:\/\/preprod-lourdes.cawita.com\/#website\",\"url\":\"https:\/\/preprod-lourdes.cawita.com\/\",\"name\":\"Soutenir le Sanctuaire Notre-Dame de Lourdes\",\"description\":\"\",\"potentialAction\":[{\"@type\":\"SearchAction\",\"target\":{\"@type\":\"EntryPoint\",\"urlTemplate\":\"https:\/\/preprod-lourdes.cawita.com\/?s={search_term_string}\"},\"query-input\":{\"@type\":\"PropertyValueSpecification\",\"valueRequired\":true,\"valueName\":\"search_term_string\"}}],\"inLanguage\":\"nl-NL\"}]}<\/script>\n<!-- \/ Yoast SEO plugin. -->","yoast_head_json":{"title":"L'esp\u00e9rance des malades","robots":{"index":"index","follow":"follow","max-snippet":"max-snippet:-1","max-image-preview":"max-image-preview:large","max-video-preview":"max-video-preview:-1"},"canonical":"https:\/\/www.lourdes-france.org\/nl\/lesperance-des-malades\/","twitter_misc":{"Geschatte leestijd":"5 minuten"},"schema":{"@context":"https:\/\/schema.org","@graph":[{"@type":"WebPage","@id":"https:\/\/www.lourdes-france.org\/nl\/lesperance-des-malades\/","url":"https:\/\/www.lourdes-france.org\/nl\/lesperance-des-malades\/","name":"L'esp\u00e9rance des malades","isPartOf":{"@id":"https:\/\/preprod-lourdes.cawita.com\/#website"},"primaryImageOfPage":{"@id":"https:\/\/www.lourdes-france.org\/nl\/lesperance-des-malades\/#primaryimage"},"image":{"@id":"https:\/\/www.lourdes-france.org\/nl\/lesperance-des-malades\/#primaryimage"},"thumbnailUrl":"https:\/\/www.lourdes-france.org\/wp-content\/uploads\/2022\/03\/Vignette_Esperance_malades_1200x800px.jpg","datePublished":"2022-03-24T09:45:23+00:00","dateModified":"2022-12-06T14:59:29+00:00","breadcrumb":{"@id":"https:\/\/www.lourdes-france.org\/nl\/lesperance-des-malades\/#breadcrumb"},"inLanguage":"nl-NL","potentialAction":[{"@type":"ReadAction","target":["https:\/\/www.lourdes-france.org\/nl\/lesperance-des-malades\/"]}]},{"@type":"ImageObject","inLanguage":"nl-NL","@id":"https:\/\/www.lourdes-france.org\/nl\/lesperance-des-malades\/#primaryimage","url":"https:\/\/www.lourdes-france.org\/wp-content\/uploads\/2022\/03\/Vignette_Esperance_malades_1200x800px.jpg","contentUrl":"https:\/\/www.lourdes-france.org\/wp-content\/uploads\/2022\/03\/Vignette_Esperance_malades_1200x800px.jpg"},{"@type":"BreadcrumbList","@id":"https:\/\/www.lourdes-france.org\/nl\/lesperance-des-malades\/#breadcrumb","itemListElement":[{"@type":"ListItem","position":1,"name":"Accueil","item":"https:\/\/www.lourdes-france.org\/"},{"@type":"ListItem","position":2,"name":"L&rsquo;esp\u00e9rance des malades"}]},{"@type":"WebSite","@id":"https:\/\/preprod-lourdes.cawita.com\/#website","url":"https:\/\/preprod-lourdes.cawita.com\/","name":"Soutenir le Sanctuaire Notre-Dame de Lourdes","description":"","potentialAction":[{"@type":"SearchAction","target":{"@type":"EntryPoint","urlTemplate":"https:\/\/preprod-lourdes.cawita.com\/?s={search_term_string}"},"query-input":{"@type":"PropertyValueSpecification","valueRequired":true,"valueName":"search_term_string"}}],"inLanguage":"nl-NL"}]}},"_links":{"self":[{"href":"https:\/\/www.lourdes-france.org\/nl\/wp-json\/wp\/v2\/pages\/885940","targetHints":{"allow":["GET"]}}],"collection":[{"href":"https:\/\/www.lourdes-france.org\/nl\/wp-json\/wp\/v2\/pages"}],"about":[{"href":"https:\/\/www.lourdes-france.org\/nl\/wp-json\/wp\/v2\/types\/page"}],"author":[{"embeddable":true,"href":"https:\/\/www.lourdes-france.org\/nl\/wp-json\/wp\/v2\/users\/7"}],"replies":[{"embeddable":true,"href":"https:\/\/www.lourdes-france.org\/nl\/wp-json\/wp\/v2\/comments?post=885940"}],"version-history":[{"count":6,"href":"https:\/\/www.lourdes-france.org\/nl\/wp-json\/wp\/v2\/pages\/885940\/revisions"}],"predecessor-version":[{"id":885946,"href":"https:\/\/www.lourdes-france.org\/nl\/wp-json\/wp\/v2\/pages\/885940\/revisions\/885946"}],"wp:attachment":[{"href":"https:\/\/www.lourdes-france.org\/nl\/wp-json\/wp\/v2\/media?parent=885940"}],"curies":[{"name":"wp","href":"https:\/\/api.w.org\/{rel}","templated":true}]}}