{"id":885955,"date":"2022-03-24T14:09:09","date_gmt":"2022-03-24T13:09:09","guid":{"rendered":"https:\/\/www.lourdes-france.org\/les-miracles-de-lourdes\/"},"modified":"2024-12-02T11:13:13","modified_gmt":"2024-12-02T10:13:13","slug":"les-miracles-de-lourdes","status":"publish","type":"page","link":"https:\/\/www.lourdes-france.org\/nl\/les-miracles-de-lourdes\/","title":{"rendered":"Les miracles de Lourdes"},"content":{"rendered":"\t\t<div data-elementor-type=\"wp-page\" data-elementor-id=\"885955\" class=\"elementor elementor-885955 elementor-848594\" data-elementor-post-type=\"page\">\n\t\t\t\t\t\t<section class=\"elementor-section elementor-top-section elementor-element elementor-element-b02271f elementor-section-full_width elementor-section-stretched elementor-section-height-default elementor-section-height-default\" data-id=\"b02271f\" data-element_type=\"section\" data-settings=\"{&quot;stretch_section&quot;:&quot;section-stretched&quot;}\">\n\t\t\t\t\t\t<div class=\"elementor-container elementor-column-gap-default\">\n\t\t\t\t\t<div class=\"elementor-column elementor-col-100 elementor-top-column elementor-element elementor-element-181e9395\" data-id=\"181e9395\" data-element_type=\"column\">\n\t\t\t<div class=\"elementor-widget-wrap elementor-element-populated\">\n\t\t\t\t\t\t<div class=\"elementor-element elementor-element-6ad1896e elementor-widget elementor-widget-image\" data-id=\"6ad1896e\" data-element_type=\"widget\" data-widget_type=\"image.default\">\n\t\t\t\t<div class=\"elementor-widget-container\">\n\t\t\t\t\t\t\t\t\t\t\t\t\t\t\t<img fetchpriority=\"high\" decoding=\"async\" width=\"2048\" height=\"1365\" src=\"https:\/\/www.lourdes-france.org\/wp-content\/uploads\/2022\/06\/7-1er_Cas_Louis_Bouriette_recadre-2048x1365.jpg\" class=\"attachment-2048x2048 size-2048x2048 wp-image-860679\" alt=\"\" srcset=\"https:\/\/www.lourdes-france.org\/wp-content\/uploads\/2022\/06\/7-1er_Cas_Louis_Bouriette_recadre-2048x1365.jpg 2048w, https:\/\/www.lourdes-france.org\/wp-content\/uploads\/2022\/06\/7-1er_Cas_Louis_Bouriette_recadre-300x200.jpg 300w, https:\/\/www.lourdes-france.org\/wp-content\/uploads\/2022\/06\/7-1er_Cas_Louis_Bouriette_recadre-1024x683.jpg 1024w, https:\/\/www.lourdes-france.org\/wp-content\/uploads\/2022\/06\/7-1er_Cas_Louis_Bouriette_recadre-768x512.jpg 768w, https:\/\/www.lourdes-france.org\/wp-content\/uploads\/2022\/06\/7-1er_Cas_Louis_Bouriette_recadre-1536x1024.jpg 1536w\" sizes=\"(max-width: 2048px) 100vw, 2048px\" \/>\t\t\t\t\t\t\t\t\t\t\t\t\t\t\t<\/div>\n\t\t\t\t<\/div>\n\t\t\t\t\t<\/div>\n\t\t<\/div>\n\t\t\t\t\t<\/div>\n\t\t<\/section>\n\t\t\t\t<section class=\"elementor-section elementor-top-section elementor-element elementor-element-70565c17 elementor-section-boxed elementor-section-height-default elementor-section-height-default\" data-id=\"70565c17\" data-element_type=\"section\">\n\t\t\t\t\t\t<div class=\"elementor-container elementor-column-gap-default\">\n\t\t\t\t\t<div class=\"elementor-column elementor-col-100 elementor-top-column elementor-element elementor-element-3ef5239b\" data-id=\"3ef5239b\" data-element_type=\"column\">\n\t\t\t<div class=\"elementor-widget-wrap elementor-element-populated\">\n\t\t\t\t\t\t<div class=\"elementor-element elementor-element-2dc243a4 elementor-widget elementor-widget-heading\" data-id=\"2dc243a4\" data-element_type=\"widget\" data-widget_type=\"heading.default\">\n\t\t\t\t<div class=\"elementor-widget-container\">\n\t\t\t\t\t<h1 class=\"elementor-heading-title elementor-size-default\">Les miracles de Lourdes<\/h1>\t\t\t\t<\/div>\n\t\t\t\t<\/div>\n\t\t\t\t\t<\/div>\n\t\t<\/div>\n\t\t\t\t\t<\/div>\n\t\t<\/section>\n\t\t\t\t<section class=\"elementor-section elementor-top-section elementor-element elementor-element-125fbb1 elementor-section-boxed elementor-section-height-default elementor-section-height-default\" data-id=\"125fbb1\" data-element_type=\"section\" data-settings=\"{&quot;background_background&quot;:&quot;classic&quot;}\">\n\t\t\t\t\t\t<div class=\"elementor-container elementor-column-gap-default\">\n\t\t\t\t\t<div class=\"elementor-column elementor-col-100 elementor-top-column elementor-element elementor-element-45a2d7d\" data-id=\"45a2d7d\" data-element_type=\"column\">\n\t\t\t<div class=\"elementor-widget-wrap elementor-element-populated\">\n\t\t\t\t\t\t<div class=\"elementor-element elementor-element-cc2b2d3 elementor-widget elementor-widget-text-editor\" data-id=\"cc2b2d3\" data-element_type=\"widget\" data-widget_type=\"text-editor.default\">\n\t\t\t\t<div class=\"elementor-widget-container\">\n\t\t\t\t\t\t\t\t\t<h5>Les premiers miracles \u00e0 Lourdes ont eu lieu d\u00e8s les apparitions de la Vierge Marie \u00e0 Bernadette en 1858.<br \/>Depuis, ce sont des milliers de d\u00e9clarations de gu\u00e9risons qui ont \u00e9t\u00e9 recueillies au sein d\u2019un organisme unique au monde\u00a0: le Bureau des constations m\u00e9dicales.<\/h5>\t\t\t\t\t\t\t\t<\/div>\n\t\t\t\t<\/div>\n\t\t\t\t\t<\/div>\n\t\t<\/div>\n\t\t\t\t\t<\/div>\n\t\t<\/section>\n\t\t\t\t<section class=\"elementor-section elementor-top-section elementor-element elementor-element-e692140 elementor-section-boxed elementor-section-height-default elementor-section-height-default\" data-id=\"e692140\" data-element_type=\"section\">\n\t\t\t\t\t\t<div class=\"elementor-container elementor-column-gap-default\">\n\t\t\t\t\t<div class=\"elementor-column elementor-col-100 elementor-top-column elementor-element elementor-element-95cb9bd\" data-id=\"95cb9bd\" data-element_type=\"column\">\n\t\t\t<div class=\"elementor-widget-wrap elementor-element-populated\">\n\t\t\t\t\t\t<div class=\"elementor-element elementor-element-4648000 elementor-widget elementor-widget-text-editor\" data-id=\"4648000\" data-element_type=\"widget\" data-widget_type=\"text-editor.default\">\n\t\t\t\t<div class=\"elementor-widget-container\">\n\t\t\t\t\t\t\t\t\t<h2>Un Bureau des Constatations M\u00e9dicales unique au monde<\/h2><p>Fond\u00e9 en 1883, le \u201cBureau des Constatations M\u00e9dicales de Lourdes\u201d fait partie, comme les piscines<sup>1<\/sup> , du patrimoine historique du Sanctuaire de Lourdes. C\u2019est un lieu unique au monde, car aucun autre sanctuaire, toutes religions confondues, ne dispose de la pr\u00e9sence permanente d\u2019un m\u00e9decin en charge de constater, v\u00e9rifier et enqu\u00eater sur des cas de gu\u00e9risons suppos\u00e9es.<br \/>Sur plus de 7 000 dossiers de gu\u00e9risons d\u00e9pos\u00e9s \u00e0 Lourdes depuis les apparitions, 70 cas ont \u00e0 ce jour \u00e9t\u00e9 reconnus miraculeux par l\u2019Eglise<sup>2<\/sup>. Plus de 80% des gu\u00e9risons reconnues miraculeuses concernent des femmes. La plus jeune personne dont la gu\u00e9rison a \u00e9t\u00e9 reconnue miraculeuse avait 2 ans. Les pays d\u2019origine des personnes dont la gu\u00e9rison a \u00e9t\u00e9 reconnue miraculeuse sont la France (56), l\u2019Italie (8), la Belgique (3), l\u2019Allemagne (1), l\u2019Autriche (1) et la Suisse (1). Six personnes affirment avoir \u00e9t\u00e9 gu\u00e9ries par l\u2019intercession de Notre-Dame de Lourdes alors qu\u2019elles n\u2019\u00e9taient pas venues \u00e0 Lourdes. La majorit\u00e9 des personnes a \u00e9t\u00e9 gu\u00e9rie au contact de l\u2019eau de Lourdes (50), la plupart aux piscines du Sanctuaire.<\/p><h2>Historique<\/h2><p>\u00c0 la demande du P\u00e8re R\u00e9mi Semp\u00e9, p\u00e8re de Garaison et premier recteur du Sanctuaire, le Docteur Georges-Fernand Dunot de Saint-Maclou fonde le Bureau des Constatations m\u00e9dicales pour que personne ne reparte de Lourdes en se disant \u00ab gu\u00e9ri \u00bb sans avoir soumis son histoire de gu\u00e9rison \u00e0 une v\u00e9rification m\u00e9dicale rigoureuse et coll\u00e9giale. En 1886, par l\u2019interm\u00e9diaire de l\u2019archev\u00eaque de Cagliari, Mgr Vincenzo Gregorio Berchialla, le Pape L\u00e9on XIII donne son accord sur les proc\u00e9dures rigoureuses du Bureau m\u00e9dical de Lourdes. Et, en 1905, l\u2019Ev\u00eaque de Tarbes se voit confirmer par le Saint Si\u00e8ge le droit d\u2019utiliser les proc\u00e9dures du Bureau des Constatations m\u00e9dicales afin d\u2019\u00e9tudier les gu\u00e9risons d\u00e9clar\u00e9es. Ce droit vaut encore de nos jours.<\/p><h2>D\u00e9claration d&#8217;un miracle : 4 \u00e9tapes d\u00e9terminantes<\/h2><p>Le m\u00e9decin permanent du Bureau des Constatations M\u00e9dicales, mission occup\u00e9e depuis 2009 par le Dr Alessandro de Franciscis, re\u00e7oit les personnes qui souhaitent d\u00e9clarer une gu\u00e9rison. S\u2019il juge le cas s\u00e9rieux et digne d\u2019\u00eatre approfondi, il convoque ses confr\u00e8res m\u00e9decins et soignants pr\u00e9sents \u00e0 Lourdes ce jour-l\u00e0 et qui ont signal\u00e9 leur pr\u00e9sence sur le registre du bureau des constatations m\u00e9dicales de Lourdes. Si les m\u00e9decins d\u00e9cident coll\u00e9gialement de poursuivre l\u2019enqu\u00eate, la gu\u00e9rison est soumise alors \u00e0 un long processus de recherche, pouvant durer plusieurs ann\u00e9es, et au bout duquel les membres du Comit\u00e9 M\u00e9dical International de Lourdes (CMIL) votent le fait que la gu\u00e9rison est \u201cinexpliqu\u00e9e dans l\u2019\u00e9tat actuel de nos connaissances\u201d.<br \/>L\u2019\u00e9v\u00eaque du lieu de r\u00e9sidence de la personne gu\u00e9rie est alors inform\u00e9 du vote du CMIL. C\u2019est ensuite \u00e0 lui, en tant que repr\u00e9sentant de la hi\u00e9rarchie de l\u2019Eglise, que revient la d\u00e9cision de d\u00e9clarer un miracle<sup>3<\/sup>.<\/p><h2>Le travail et le vote des m\u00e9decins doit imp\u00e9rativement respecter une s\u00e9rie de 7 crit\u00e8res<sup>4<\/sup> :<\/h2><ol><li>Le 1<sup>er<\/sup> crit\u00e8re, c\u2019est que la maladie soit grave, de pronostic d\u00e9favorable.<\/li><li>Deuxi\u00e8mement, il faut que la maladie soit connue et r\u00e9pertori\u00e9e par la m\u00e9decine.<\/li><li>Troisi\u00e8mement, il faut que cette maladie soit organique, l\u00e9sionnelle, c\u2019est-\u00e0-dire qu\u2019il y ait des crit\u00e8res objectifs, biologiques, radiologiques, tout ce qui existe actuellement en m\u00e9decine ; ce qui veut dire qu\u2019aujourd\u2019hui encore on ne reconna\u00eetra pas des gu\u00e9risons de pathologies sans crit\u00e8re objectif pr\u00e9cis comme les maladies psychiques, psychiatriques, fonctionnelles, nerveuses, etc. (cela ne veut pas dire que l\u2019on ne peut pas gu\u00e9rir de ces maladies-l\u00e0, mais dans les crit\u00e8res de l\u2019Eglise, ce ne sera pas reconnu comme miracle dans l\u2019\u00e9tat actuel des choses).<\/li><li>Quatri\u00e8mement, il ne faut pas qu\u2019il y ait eu de traitement auquel on pourrait attribuer la gu\u00e9rison.<\/li><li>Le 5<sup>\u00e8me<\/sup> crit\u00e8re concerne le moment de la gu\u00e9rison lui-m\u00eame : la gu\u00e9rison doit \u00eatre subite, soudaine, instantan\u00e9e, imm\u00e9diate et sans convalescence.<\/li><li>Enfin, apr\u00e8s la gu\u00e9rison, il y a <span style=\"color: #000080;\"><strong>encore deux crit\u00e8res<\/strong><\/span> : il faut que ce ne soit pas simplement une r\u00e9gression des sympt\u00f4mes mais bien un retour de toutes les fonctions vitales, et enfin, que ce ne soit pas simplement une r\u00e9mission mais bien une gu\u00e9rison, c\u2019est-\u00e0-dire durable et d\u00e9finitive.<\/li><\/ol><p><sup>1 &#8211; Le rituel du bain aux piscines de Lourdes est inscrit au patrimoine culturel immat\u00e9riel.<br \/>2 &#8211; Galerie de portraits des 70 miracul\u00e9s de Lourdes au 1er \u00e9tage de l\u2019Accueil Jean-Paul II.<br \/><\/sup><sup>3 &#8211; Miracle : \u201cFait extraordinaire et suscitant l\u2019admiration en dehors du cours habituel des choses. Manifestation de la puissance et de l\u2019intervention de Dieu qui apporte une r\u00e9v\u00e9lation de sa pr\u00e9sence et de la libert\u00e9 dont il use pour accomplir ses desseins. Le miracle n\u2019a pas son but en soi, il dirige nos regards plus loin en r\u00e9v\u00e9lant la pr\u00e9sence imm\u00e9diate de Dieu.\u201d (Source : Conf\u00e9rence des \u00e9v\u00eaques de France).<br \/>4 &#8211; Ces crit\u00e8res sont les m\u00eames utilis\u00e9s par la congr\u00e9gation pour les causes des saints, au Vatican, qui les utilise dans le cadre de la reconnaissance des miracles li\u00e9s aux b\u00e9atifications et canonisations. Ils ont \u00e9t\u00e9 d\u00e9finis par le cardinal Lambertini (futur pape Beno\u00eet XIV).<\/sup><\/p>\t\t\t\t\t\t\t\t<\/div>\n\t\t\t\t<\/div>\n\t\t\t\t\t<\/div>\n\t\t<\/div>\n\t\t\t\t\t<\/div>\n\t\t<\/section>\n\t\t\t\t<section class=\"elementor-section elementor-top-section elementor-element elementor-element-b071154 elementor-section-boxed elementor-section-height-default elementor-section-height-default\" data-id=\"b071154\" data-element_type=\"section\">\n\t\t\t\t\t\t<div class=\"elementor-container elementor-column-gap-default\">\n\t\t\t\t\t<div class=\"elementor-column elementor-col-100 elementor-top-column elementor-element elementor-element-5f12d29\" data-id=\"5f12d29\" data-element_type=\"column\">\n\t\t\t<div class=\"elementor-widget-wrap elementor-element-populated\">\n\t\t\t\t\t\t<div class=\"elementor-element elementor-element-8c6c5bb elementor-align-center elementor-widget elementor-widget-button\" data-id=\"8c6c5bb\" data-element_type=\"widget\" data-widget_type=\"button.default\">\n\t\t\t\t<div class=\"elementor-widget-container\">\n\t\t\t\t\t\t\t\t\t<div class=\"elementor-button-wrapper\">\n\t\t\t\t\t<a class=\"elementor-button elementor-button-link elementor-size-sm\" href=\"https:\/\/www.lourdes-france.com\/miracles-et-guerisons\/\" target=\"_blank\">\n\t\t\t\t\t\t<span class=\"elementor-button-content-wrapper\">\n\t\t\t\t\t\t\t\t\t<span class=\"elementor-button-text\">LES 70 GU\u00c9RISONS RECONNUES MIRACULEUSES PAR L'\u00c9GLISE CATHOLIQUE<\/span>\n\t\t\t\t\t<\/span>\n\t\t\t\t\t<\/a>\n\t\t\t\t<\/div>\n\t\t\t\t\t\t\t\t<\/div>\n\t\t\t\t<\/div>\n\t\t\t\t<div class=\"elementor-element elementor-element-bcb616a elementor-align-center elementor-widget elementor-widget-button\" data-id=\"bcb616a\" data-element_type=\"widget\" data-widget_type=\"button.default\">\n\t\t\t\t<div class=\"elementor-widget-container\">\n\t\t\t\t\t\t\t\t\t<div class=\"elementor-button-wrapper\">\n\t\t\t\t\t<a class=\"elementor-button elementor-button-link elementor-size-sm\" href=\"https:\/\/www.amilourdes.com\/\" target=\"_blank\">\n\t\t\t\t\t\t<span class=\"elementor-button-content-wrapper\">\n\t\t\t\t\t\t\t\t\t<span class=\"elementor-button-text\">ASSOCIATION M\u00c9DICALE INTERNATIONALE DE LOURDES (AMIL)<\/span>\n\t\t\t\t\t<\/span>\n\t\t\t\t\t<\/a>\n\t\t\t\t<\/div>\n\t\t\t\t\t\t\t\t<\/div>\n\t\t\t\t<\/div>\n\t\t\t\t\t<\/div>\n\t\t<\/div>\n\t\t\t\t\t<\/div>\n\t\t<\/section>\n\t\t\t\t<\/div>\n\t\t","protected":false},"excerpt":{"rendered":"<p>Les miracles de Lourdes Les premiers miracles \u00e0 Lourdes ont eu lieu d\u00e8s les apparitions de la Vierge Marie \u00e0 Bernadette en 1858.Depuis, ce sont des milliers de d\u00e9clarations de gu\u00e9risons qui ont \u00e9t\u00e9 recueillies au sein d\u2019un organisme unique &hellip; <a href=\"https:\/\/www.lourdes-france.org\/nl\/les-miracles-de-lourdes\/\">Vervolgd<\/a><\/p>\n","protected":false},"author":7,"featured_media":0,"parent":0,"menu_order":0,"comment_status":"closed","ping_status":"closed","template":"","meta":{"_acf_changed":false,"footnotes":""},"class_list":["post-885955","page","type-page","status-publish","hentry"],"acf":[],"yoast_head":"<!-- This site is optimized with the Yoast SEO plugin v24.7 - https:\/\/yoast.com\/wordpress\/plugins\/seo\/ -->\n<title>Les miracles de Lourdes<\/title>\n<meta name=\"description\" content=\"Les premiers miracles de Lourdes ont eu lieu apr\u00e8s les apparitions de la Vierge \u00e0 Bernadette en 1858 recueillies par le Bureau des constatations m\u00e9dicales.\" \/>\n<meta name=\"robots\" content=\"index, follow, max-snippet:-1, max-image-preview:large, max-video-preview:-1\" \/>\n<link rel=\"canonical\" href=\"https:\/\/www.lourdes-france.org\/nl\/les-miracles-de-lourdes\/\" \/>\n<meta name=\"twitter:label1\" content=\"Geschatte leestijd\" \/>\n\t<meta name=\"twitter:data1\" content=\"5 minuten\" \/>\n<script type=\"application\/ld+json\" class=\"yoast-schema-graph\">{\"@context\":\"https:\/\/schema.org\",\"@graph\":[{\"@type\":\"WebPage\",\"@id\":\"https:\/\/www.lourdes-france.org\/nl\/les-miracles-de-lourdes\/\",\"url\":\"https:\/\/www.lourdes-france.org\/nl\/les-miracles-de-lourdes\/\",\"name\":\"Les miracles de Lourdes\",\"isPartOf\":{\"@id\":\"https:\/\/preprod-lourdes.cawita.com\/#website\"},\"primaryImageOfPage\":{\"@id\":\"https:\/\/www.lourdes-france.org\/nl\/les-miracles-de-lourdes\/#primaryimage\"},\"image\":{\"@id\":\"https:\/\/www.lourdes-france.org\/nl\/les-miracles-de-lourdes\/#primaryimage\"},\"thumbnailUrl\":\"https:\/\/www.lourdes-france.org\/wp-content\/uploads\/2022\/06\/7-1er_Cas_Louis_Bouriette_recadre-2048x1365.jpg\",\"datePublished\":\"2022-03-24T13:09:09+00:00\",\"dateModified\":\"2024-12-02T10:13:13+00:00\",\"description\":\"Les premiers miracles de Lourdes ont eu lieu apr\u00e8s les apparitions de la Vierge \u00e0 Bernadette en 1858 recueillies par le Bureau des constatations m\u00e9dicales.\",\"breadcrumb\":{\"@id\":\"https:\/\/www.lourdes-france.org\/nl\/les-miracles-de-lourdes\/#breadcrumb\"},\"inLanguage\":\"nl-NL\",\"potentialAction\":[{\"@type\":\"ReadAction\",\"target\":[\"https:\/\/www.lourdes-france.org\/nl\/les-miracles-de-lourdes\/\"]}]},{\"@type\":\"ImageObject\",\"inLanguage\":\"nl-NL\",\"@id\":\"https:\/\/www.lourdes-france.org\/nl\/les-miracles-de-lourdes\/#primaryimage\",\"url\":\"https:\/\/www.lourdes-france.org\/wp-content\/uploads\/2022\/06\/7-1er_Cas_Louis_Bouriette_recadre-2048x1365.jpg\",\"contentUrl\":\"https:\/\/www.lourdes-france.org\/wp-content\/uploads\/2022\/06\/7-1er_Cas_Louis_Bouriette_recadre-2048x1365.jpg\"},{\"@type\":\"BreadcrumbList\",\"@id\":\"https:\/\/www.lourdes-france.org\/nl\/les-miracles-de-lourdes\/#breadcrumb\",\"itemListElement\":[{\"@type\":\"ListItem\",\"position\":1,\"name\":\"Accueil\",\"item\":\"https:\/\/www.lourdes-france.org\/\"},{\"@type\":\"ListItem\",\"position\":2,\"name\":\"Les miracles de Lourdes\"}]},{\"@type\":\"WebSite\",\"@id\":\"https:\/\/preprod-lourdes.cawita.com\/#website\",\"url\":\"https:\/\/preprod-lourdes.cawita.com\/\",\"name\":\"Soutenir le Sanctuaire Notre-Dame de Lourdes\",\"description\":\"\",\"potentialAction\":[{\"@type\":\"SearchAction\",\"target\":{\"@type\":\"EntryPoint\",\"urlTemplate\":\"https:\/\/preprod-lourdes.cawita.com\/?s={search_term_string}\"},\"query-input\":{\"@type\":\"PropertyValueSpecification\",\"valueRequired\":true,\"valueName\":\"search_term_string\"}}],\"inLanguage\":\"nl-NL\"}]}<\/script>\n<!-- \/ Yoast SEO plugin. -->","yoast_head_json":{"title":"Les miracles de Lourdes","description":"Les premiers miracles de Lourdes ont eu lieu apr\u00e8s les apparitions de la Vierge \u00e0 Bernadette en 1858 recueillies par le Bureau des constatations m\u00e9dicales.","robots":{"index":"index","follow":"follow","max-snippet":"max-snippet:-1","max-image-preview":"max-image-preview:large","max-video-preview":"max-video-preview:-1"},"canonical":"https:\/\/www.lourdes-france.org\/nl\/les-miracles-de-lourdes\/","twitter_misc":{"Geschatte leestijd":"5 minuten"},"schema":{"@context":"https:\/\/schema.org","@graph":[{"@type":"WebPage","@id":"https:\/\/www.lourdes-france.org\/nl\/les-miracles-de-lourdes\/","url":"https:\/\/www.lourdes-france.org\/nl\/les-miracles-de-lourdes\/","name":"Les miracles de Lourdes","isPartOf":{"@id":"https:\/\/preprod-lourdes.cawita.com\/#website"},"primaryImageOfPage":{"@id":"https:\/\/www.lourdes-france.org\/nl\/les-miracles-de-lourdes\/#primaryimage"},"image":{"@id":"https:\/\/www.lourdes-france.org\/nl\/les-miracles-de-lourdes\/#primaryimage"},"thumbnailUrl":"https:\/\/www.lourdes-france.org\/wp-content\/uploads\/2022\/06\/7-1er_Cas_Louis_Bouriette_recadre-2048x1365.jpg","datePublished":"2022-03-24T13:09:09+00:00","dateModified":"2024-12-02T10:13:13+00:00","description":"Les premiers miracles de Lourdes ont eu lieu apr\u00e8s les apparitions de la Vierge \u00e0 Bernadette en 1858 recueillies par le Bureau des constatations m\u00e9dicales.","breadcrumb":{"@id":"https:\/\/www.lourdes-france.org\/nl\/les-miracles-de-lourdes\/#breadcrumb"},"inLanguage":"nl-NL","potentialAction":[{"@type":"ReadAction","target":["https:\/\/www.lourdes-france.org\/nl\/les-miracles-de-lourdes\/"]}]},{"@type":"ImageObject","inLanguage":"nl-NL","@id":"https:\/\/www.lourdes-france.org\/nl\/les-miracles-de-lourdes\/#primaryimage","url":"https:\/\/www.lourdes-france.org\/wp-content\/uploads\/2022\/06\/7-1er_Cas_Louis_Bouriette_recadre-2048x1365.jpg","contentUrl":"https:\/\/www.lourdes-france.org\/wp-content\/uploads\/2022\/06\/7-1er_Cas_Louis_Bouriette_recadre-2048x1365.jpg"},{"@type":"BreadcrumbList","@id":"https:\/\/www.lourdes-france.org\/nl\/les-miracles-de-lourdes\/#breadcrumb","itemListElement":[{"@type":"ListItem","position":1,"name":"Accueil","item":"https:\/\/www.lourdes-france.org\/"},{"@type":"ListItem","position":2,"name":"Les miracles de Lourdes"}]},{"@type":"WebSite","@id":"https:\/\/preprod-lourdes.cawita.com\/#website","url":"https:\/\/preprod-lourdes.cawita.com\/","name":"Soutenir le Sanctuaire Notre-Dame de Lourdes","description":"","potentialAction":[{"@type":"SearchAction","target":{"@type":"EntryPoint","urlTemplate":"https:\/\/preprod-lourdes.cawita.com\/?s={search_term_string}"},"query-input":{"@type":"PropertyValueSpecification","valueRequired":true,"valueName":"search_term_string"}}],"inLanguage":"nl-NL"}]}},"_links":{"self":[{"href":"https:\/\/www.lourdes-france.org\/nl\/wp-json\/wp\/v2\/pages\/885955","targetHints":{"allow":["GET"]}}],"collection":[{"href":"https:\/\/www.lourdes-france.org\/nl\/wp-json\/wp\/v2\/pages"}],"about":[{"href":"https:\/\/www.lourdes-france.org\/nl\/wp-json\/wp\/v2\/types\/page"}],"author":[{"embeddable":true,"href":"https:\/\/www.lourdes-france.org\/nl\/wp-json\/wp\/v2\/users\/7"}],"replies":[{"embeddable":true,"href":"https:\/\/www.lourdes-france.org\/nl\/wp-json\/wp\/v2\/comments?post=885955"}],"version-history":[{"count":3,"href":"https:\/\/www.lourdes-france.org\/nl\/wp-json\/wp\/v2\/pages\/885955\/revisions"}],"predecessor-version":[{"id":976567,"href":"https:\/\/www.lourdes-france.org\/nl\/wp-json\/wp\/v2\/pages\/885955\/revisions\/976567"}],"wp:attachment":[{"href":"https:\/\/www.lourdes-france.org\/nl\/wp-json\/wp\/v2\/media?parent=885955"}],"curies":[{"name":"wp","href":"https:\/\/api.w.org\/{rel}","templated":true}]}}